{"id":243,"date":"2018-03-19T09:18:43","date_gmt":"2018-03-19T07:18:43","guid":{"rendered":"https:\/\/meripelastus.fi\/kemionsaari-vedos\/toiminta\/halytysohje\/"},"modified":"2020-06-16T09:47:29","modified_gmt":"2020-06-16T06:47:29","slug":"alarmanvisning","status":"publish","type":"page","link":"https:\/\/meripelastus.fi\/kemionsaari\/verksamhet\/alarmanvisning\/","title":{"rendered":"Alarmanvisning"},"content":{"rendered":"<p>Sj\u00f6r\u00e4ddningens alarmnummer <strong>0294 1000<\/strong><br \/>\nEller VHF-kanal <strong>16<\/strong> \/ VHF-DSC <strong>70<\/strong><br \/>\nAllm\u00e4nt n\u00f6dnummer <strong>112<\/strong><\/p>\n<p><strong>I en n\u00f6d- eller farosituation, meddela:<\/strong><\/p>\n<ul>\n<li>ditt namn (b\u00e5tens namn) och kontaktm\u00f6jligheterna<\/li>\n<li>platsen f\u00f6r det intr\u00e4ffade s\u00e5 noggrant som m\u00f6jligt<\/li>\n<li>vad som har intr\u00e4ffat<\/li>\n<li>har m\u00e4nniskor skadats eller \u00e4r m\u00e4nniskoliv i fara<\/li>\n<li>hurudan hj\u00e4lp beh\u00f6vs<\/li>\n<li>BRYT INTE F\u00d6RBINDELSEN f\u00f6re du f\u00e5r tillst\u00e5nd<\/li>\n<\/ul>\n<p><strong>Trossen assistans 0800 30 22 30 (1.5.-31.10.)<\/strong><\/p>\n<p>Ring Trossen-tj\u00e4nstnumret exempelvis i f\u00f6ljande problemsituationer:<\/p>\n<ul>\n<li>B\u00e5ten ligger vid kaj eller p\u00e5 annat tryggt st\u00e4lle men startar inte f\u00f6r att:\n<ul>\n<li>br\u00e4nslet \u00e4r slut<\/li>\n<li>batteriet \u00e4r tomt<\/li>\n<li>n\u00e5gon del eller anordning har g\u00e5tt s\u00f6nder<\/li>\n<li>en lina har trasslat in sig i propellern eller ankaret fastnat i bottnen.<\/li>\n<\/ul>\n<\/li>\n<li>B\u00e5ten ligger f\u00f6r ankar p\u00e5 ett tryggt st\u00e4lle och v\u00e4dret \u00e4r gynnsamt men b\u00e5ten startar inte efter \u00f6vernattning eller simpaus.<\/li>\n<li>F\u00e4rden har pl\u00f6tsligt avbrutits pga. att n\u00e5gon anordning g\u00e5tt s\u00f6nder eller br\u00e4nslet tagit slut, men ni har lycktas ankra tryggt och det r\u00e5der igen annan fara heller.<\/li>\n<li>B\u00e5ten r\u00f6r sig men beh\u00f6ver senare, vid \u00f6verenskommen tidpunkt, hj\u00e4lp exempelvis med att l\u00e4gga i land.<\/li>\n<\/ul>\n<ul>\n<li style=\"list-style-type: none\"><\/li>\n<\/ul>\n<p>OBS! Om du \u00e4r os\u00e4ker p\u00e5 om det \u00e4r fr\u00e5ga om ett icke-br\u00e5dskande hj\u00e4lpuppdrag eller en n\u00f6dsituation, ring sj\u00f6r\u00e4ddningens alarmnummer <strong>0294 1000<\/strong> eller det allm\u00e4nna n\u00f6dnumret <strong>112<\/strong>.<\/p>\n","protected":false},"excerpt":{"rendered":"<p>Sj\u00f6r\u00e4ddningens alarmnummer 0294 1000 Eller VHF-kanal 16 \/ VHF-DSC 70 Allm\u00e4nt n\u00f6dnummer 112 I en n\u00f6d- eller farosituation, meddela: ditt namn (b\u00e5tens namn) och kontaktm\u00f6jligheterna platsen f\u00f6r det intr\u00e4ffade s\u00e5 noggrant som m\u00f6jligt vad som har intr\u00e4ffat har m\u00e4nniskor skadats eller \u00e4r m\u00e4nniskoliv i fara hurudan hj\u00e4lp beh\u00f6vs BRYT INTE F\u00d6RBINDELSEN f\u00f6re du f\u00e5r tillst\u00e5nd [&hellip;]<\/p>\n","protected":false},"author":1,"featured_media":0,"parent":233,"menu_order":0,"comment_status":"closed","ping_status":"closed","template":"","meta":{"_acf_changed":false,"inline_featured_image":false,"footnotes":""},"class_list":["post-243","page","type-page","status-publish","hentry"],"acf":[],"yoast_head":"<!-- This site is optimized with the Yoast SEO Premium plugin v27.2 (Yoast SEO v27.2) - https:\/\/yoast.com\/product\/yoast-seo-premium-wordpress\/ -->\n<title>Alarmanvisning - Kemi\u00f6nsaaren Meripelastajat<\/title>\n<meta name=\"robots\" content=\"index, follow, max-snippet:-1, max-image-preview:large, max-video-preview:-1\" \/>\n<link rel=\"canonical\" href=\"https:\/\/meripelastus.fi\/kemionsaari\/verksamhet\/alarmanvisning\/\" \/>\n<meta property=\"og:locale\" content=\"sv_SE\" \/>\n<meta property=\"og:type\" content=\"article\" \/>\n<meta property=\"og:title\" content=\"Alarmanvisning\" \/>\n<meta property=\"og:description\" content=\"Sj\u00f6r\u00e4ddningens alarmnummer 0294 1000 Eller VHF-kanal 16 \/ VHF-DSC 70 Allm\u00e4nt n\u00f6dnummer 112 I en n\u00f6d- eller farosituation, meddela: ditt namn (b\u00e5tens namn) och kontaktm\u00f6jligheterna platsen f\u00f6r det intr\u00e4ffade s\u00e5 noggrant som m\u00f6jligt vad som har intr\u00e4ffat har m\u00e4nniskor skadats eller \u00e4r m\u00e4nniskoliv i fara hurudan hj\u00e4lp beh\u00f6vs BRYT INTE F\u00d6RBINDELSEN f\u00f6re du f\u00e5r tillst\u00e5nd [&hellip;]\" \/>\n<meta property=\"og:url\" content=\"https:\/\/meripelastus.fi\/kemionsaari\/verksamhet\/alarmanvisning\/\" \/>\n<meta property=\"og:site_name\" content=\"Kemi\u00f6nsaaren Meripelastajat\" \/>\n<meta property=\"article:modified_time\" content=\"2020-06-16T06:47:29+00:00\" \/>\n<meta name=\"twitter:card\" content=\"summary_large_image\" \/>\n<meta name=\"twitter:label1\" content=\"Ber\u00e4knad l\u00e4stid\" \/>\n\t<meta name=\"twitter:data1\" content=\"1 minut\" \/>\n<script type=\"application\/ld+json\" class=\"yoast-schema-graph\">{\"@context\":\"https:\/\/schema.org\",\"@graph\":[{\"@type\":\"WebPage\",\"@id\":\"https:\/\/meripelastus.fi\/kemionsaari\/verksamhet\/alarmanvisning\/\",\"url\":\"https:\/\/meripelastus.fi\/kemionsaari\/verksamhet\/alarmanvisning\/\",\"name\":\"Alarmanvisning - Kemi\u00f6nsaaren Meripelastajat\",\"isPartOf\":{\"@id\":\"https:\/\/meripelastus.fi\/kemionsaari\/#website\"},\"datePublished\":\"2018-03-19T07:18:43+00:00\",\"dateModified\":\"2020-06-16T06:47:29+00:00\",\"breadcrumb\":{\"@id\":\"https:\/\/meripelastus.fi\/kemionsaari\/verksamhet\/alarmanvisning\/#breadcrumb\"},\"inLanguage\":\"sv-SE\",\"potentialAction\":[{\"@type\":\"ReadAction\",\"target\":[\"https:\/\/meripelastus.fi\/kemionsaari\/verksamhet\/alarmanvisning\/\"]}]},{\"@type\":\"BreadcrumbList\",\"@id\":\"https:\/\/meripelastus.fi\/kemionsaari\/verksamhet\/alarmanvisning\/#breadcrumb\",\"itemListElement\":[{\"@type\":\"ListItem\",\"position\":1,\"name\":\"Home\",\"item\":\"https:\/\/meripelastus.fi\/kemionsaari\/\"},{\"@type\":\"ListItem\",\"position\":2,\"name\":\"Verksamhet\",\"item\":\"https:\/\/meripelastus.fi\/kemionsaari\/verksamhet\/\"},{\"@type\":\"ListItem\",\"position\":3,\"name\":\"Alarmanvisning\"}]},{\"@type\":\"WebSite\",\"@id\":\"https:\/\/meripelastus.fi\/kemionsaari\/#website\",\"url\":\"https:\/\/meripelastus.fi\/kemionsaari\/\",\"name\":\"Kemi\u00f6nsaaren Meripelastajat\",\"description\":\"Vapaaehtoiset apunasi vesill\u00e4\",\"potentialAction\":[{\"@type\":\"SearchAction\",\"target\":{\"@type\":\"EntryPoint\",\"urlTemplate\":\"https:\/\/meripelastus.fi\/kemionsaari\/?s={search_term_string}\"},\"query-input\":{\"@type\":\"PropertyValueSpecification\",\"valueRequired\":true,\"valueName\":\"search_term_string\"}}],\"inLanguage\":\"sv-SE\"}]}<\/script>\n<!-- \/ Yoast SEO Premium plugin. -->","yoast_head_json":{"title":"Alarmanvisning - Kemi\u00f6nsaaren Meripelastajat","robots":{"index":"index","follow":"follow","max-snippet":"max-snippet:-1","max-image-preview":"max-image-preview:large","max-video-preview":"max-video-preview:-1"},"canonical":"https:\/\/meripelastus.fi\/kemionsaari\/verksamhet\/alarmanvisning\/","og_locale":"sv_SE","og_type":"article","og_title":"Alarmanvisning","og_description":"Sj\u00f6r\u00e4ddningens alarmnummer 0294 1000 Eller VHF-kanal 16 \/ VHF-DSC 70 Allm\u00e4nt n\u00f6dnummer 112 I en n\u00f6d- eller farosituation, meddela: ditt namn (b\u00e5tens namn) och kontaktm\u00f6jligheterna platsen f\u00f6r det intr\u00e4ffade s\u00e5 noggrant som m\u00f6jligt vad som har intr\u00e4ffat har m\u00e4nniskor skadats eller \u00e4r m\u00e4nniskoliv i fara hurudan hj\u00e4lp beh\u00f6vs BRYT INTE F\u00d6RBINDELSEN f\u00f6re du f\u00e5r tillst\u00e5nd [&hellip;]","og_url":"https:\/\/meripelastus.fi\/kemionsaari\/verksamhet\/alarmanvisning\/","og_site_name":"Kemi\u00f6nsaaren Meripelastajat","article_modified_time":"2020-06-16T06:47:29+00:00","twitter_card":"summary_large_image","twitter_misc":{"Ber\u00e4knad l\u00e4stid":"1 minut"},"schema":{"@context":"https:\/\/schema.org","@graph":[{"@type":"WebPage","@id":"https:\/\/meripelastus.fi\/kemionsaari\/verksamhet\/alarmanvisning\/","url":"https:\/\/meripelastus.fi\/kemionsaari\/verksamhet\/alarmanvisning\/","name":"Alarmanvisning - Kemi\u00f6nsaaren Meripelastajat","isPartOf":{"@id":"https:\/\/meripelastus.fi\/kemionsaari\/#website"},"datePublished":"2018-03-19T07:18:43+00:00","dateModified":"2020-06-16T06:47:29+00:00","breadcrumb":{"@id":"https:\/\/meripelastus.fi\/kemionsaari\/verksamhet\/alarmanvisning\/#breadcrumb"},"inLanguage":"sv-SE","potentialAction":[{"@type":"ReadAction","target":["https:\/\/meripelastus.fi\/kemionsaari\/verksamhet\/alarmanvisning\/"]}]},{"@type":"BreadcrumbList","@id":"https:\/\/meripelastus.fi\/kemionsaari\/verksamhet\/alarmanvisning\/#breadcrumb","itemListElement":[{"@type":"ListItem","position":1,"name":"Home","item":"https:\/\/meripelastus.fi\/kemionsaari\/"},{"@type":"ListItem","position":2,"name":"Verksamhet","item":"https:\/\/meripelastus.fi\/kemionsaari\/verksamhet\/"},{"@type":"ListItem","position":3,"name":"Alarmanvisning"}]},{"@type":"WebSite","@id":"https:\/\/meripelastus.fi\/kemionsaari\/#website","url":"https:\/\/meripelastus.fi\/kemionsaari\/","name":"Kemi\u00f6nsaaren Meripelastajat","description":"Vapaaehtoiset apunasi vesill\u00e4","potentialAction":[{"@type":"SearchAction","target":{"@type":"EntryPoint","urlTemplate":"https:\/\/meripelastus.fi\/kemionsaari\/?s={search_term_string}"},"query-input":{"@type":"PropertyValueSpecification","valueRequired":true,"valueName":"search_term_string"}}],"inLanguage":"sv-SE"}]}},"_links":{"self":[{"href":"https:\/\/meripelastus.fi\/kemionsaari\/wp-json\/wp\/v2\/pages\/243","targetHints":{"allow":["GET"]}}],"collection":[{"href":"https:\/\/meripelastus.fi\/kemionsaari\/wp-json\/wp\/v2\/pages"}],"about":[{"href":"https:\/\/meripelastus.fi\/kemionsaari\/wp-json\/wp\/v2\/types\/page"}],"author":[{"embeddable":true,"href":"https:\/\/meripelastus.fi\/kemionsaari\/wp-json\/wp\/v2\/users\/1"}],"replies":[{"embeddable":true,"href":"https:\/\/meripelastus.fi\/kemionsaari\/wp-json\/wp\/v2\/comments?post=243"}],"version-history":[{"count":10,"href":"https:\/\/meripelastus.fi\/kemionsaari\/wp-json\/wp\/v2\/pages\/243\/revisions"}],"predecessor-version":[{"id":480,"href":"https:\/\/meripelastus.fi\/kemionsaari\/wp-json\/wp\/v2\/pages\/243\/revisions\/480"}],"up":[{"embeddable":true,"href":"https:\/\/meripelastus.fi\/kemionsaari\/wp-json\/wp\/v2\/pages\/233"}],"wp:attachment":[{"href":"https:\/\/meripelastus.fi\/kemionsaari\/wp-json\/wp\/v2\/media?parent=243"}],"curies":[{"name":"wp","href":"https:\/\/api.w.org\/{rel}","templated":true}]}}