{"id":237,"date":"2019-12-17T17:01:22","date_gmt":"2019-12-17T15:01:22","guid":{"rendered":"https:\/\/meripelastus.fi\/kemionsaari-vedos\/?page_id=237"},"modified":"2025-01-30T16:37:10","modified_gmt":"2025-01-30T14:37:10","slug":"miehisto","status":"publish","type":"page","link":"https:\/\/meripelastus.fi\/kemionsaari\/verksamhet\/miehisto\/","title":{"rendered":"Bes\u00e4ttning"},"content":{"rendered":"<p>F\u00f6r tillf\u00e4llet best\u00e5r v\u00e5ra bes\u00e4ttningar av ca. 30 aktiva medlemmar. Hela v\u00e5r verksamhet bygger p\u00e5 frivilligt arbete och en vilja att hj\u00e4lpa.<\/p>\n<p><strong>Utbildning<\/strong><\/p>\n<p>Vi utbildar v\u00e5ra bes\u00e4ttningar enligt de krav Finska Sj\u00f6r\u00e4ddningss\u00e4llskapet har lagt fram.<br \/>\nUnder vintern best\u00e5r utbildningen av teori och under den isfria tiden av praktiska \u00f6vningar. St\u00f6rsta delen av utbildningen sker lokalt inom f\u00f6reningen men Sj\u00f6r\u00e4ddningss\u00e4llskapet ordnar \u00e4ven regelbundet nationella utbildningstillf\u00e4llen.<\/p>\n<p><img loading=\"lazy\" decoding=\"async\" class=\"aligncenter wp-image-726 size-large\" src=\"https:\/\/meripelastus.fi\/kemionsaari\/wp-content\/uploads\/sites\/28\/2020\/07\/Alusperehdytys-1024x768.jpg\" alt=\"\" width=\"1024\" height=\"768\" srcset=\"https:\/\/meripelastus.fi\/kemionsaari\/wp-content\/uploads\/sites\/28\/2020\/07\/Alusperehdytys-1024x768.jpg 1024w, https:\/\/meripelastus.fi\/kemionsaari\/wp-content\/uploads\/sites\/28\/2020\/07\/Alusperehdytys-300x225.jpg 300w, https:\/\/meripelastus.fi\/kemionsaari\/wp-content\/uploads\/sites\/28\/2020\/07\/Alusperehdytys-768x576.jpg 768w, https:\/\/meripelastus.fi\/kemionsaari\/wp-content\/uploads\/sites\/28\/2020\/07\/Alusperehdytys-1536x1152.jpg 1536w, https:\/\/meripelastus.fi\/kemionsaari\/wp-content\/uploads\/sites\/28\/2020\/07\/Alusperehdytys-2048x1536.jpg 2048w, https:\/\/meripelastus.fi\/kemionsaari\/wp-content\/uploads\/sites\/28\/2020\/07\/Alusperehdytys-1600x1200.jpg 1600w\" sizes=\"auto, (max-width: 1024px) 100vw, 1024px\" \/><\/p>\n<p><strong>Kom med i v\u00e5r verksamhet!<\/strong><\/p>\n<p>Kom med oss f\u00f6r att s\u00e4kra och hj\u00e4lpa m\u00e4nniskor p\u00e5 sj\u00f6n. Att f\u00e5 hj\u00e4lpa medm\u00e4nniskor, en m\u00f6jlighet att f\u00e5 vara p\u00e5 sj\u00f6n utan egen b\u00e5t samt en m\u00e5ngsidig utbildning i r\u00e4ddning och sj\u00f6vett \u00e4r ett paket som ingen annan hobbyverksamhet erbjuder. Vi f\u00f6ruts\u00e4tter inte tidigare kunskaper och erfarenheter i sj\u00f6livet eller andra specialomr\u00e5den. Vi f\u00f6ruts\u00e4tter gruppsamarbete, normal h\u00e4lsa och simf\u00e4rdighet. Utbildning och underh\u00e5ll av kunskaperna erfordrar ocks\u00e5 intresse och aktivitet.<\/p>\n<p>Om du \u00e4r intresserad att deltaga i den operativa verksamheten, tag kontakt: kemio@messi.meripelastus.fi<\/p>\n","protected":false},"excerpt":{"rendered":"<p>F\u00f6r tillf\u00e4llet best\u00e5r v\u00e5ra bes\u00e4ttningar av ca. 30 aktiva medlemmar. Hela v\u00e5r verksamhet bygger p\u00e5 frivilligt arbete och en vilja att hj\u00e4lpa. Utbildning Vi utbildar v\u00e5ra bes\u00e4ttningar enligt de krav Finska Sj\u00f6r\u00e4ddningss\u00e4llskapet har lagt fram. Under vintern best\u00e5r utbildningen av teori och under den isfria tiden av praktiska \u00f6vningar. St\u00f6rsta delen av utbildningen sker lokalt [&hellip;]<\/p>\n","protected":false},"author":1,"featured_media":0,"parent":233,"menu_order":0,"comment_status":"closed","ping_status":"closed","template":"","meta":{"_acf_changed":false,"inline_featured_image":false,"footnotes":""},"class_list":["post-237","page","type-page","status-publish","hentry"],"acf":[],"yoast_head":"<!-- This site is optimized with the Yoast SEO Premium plugin v27.2 (Yoast SEO v27.2) - https:\/\/yoast.com\/product\/yoast-seo-premium-wordpress\/ -->\n<title>Bes\u00e4ttning - Kemi\u00f6nsaaren Meripelastajat<\/title>\n<meta name=\"robots\" content=\"index, follow, max-snippet:-1, max-image-preview:large, max-video-preview:-1\" \/>\n<link rel=\"canonical\" href=\"https:\/\/meripelastus.fi\/kemionsaari\/verksamhet\/miehisto\/\" \/>\n<meta property=\"og:locale\" content=\"sv_SE\" \/>\n<meta property=\"og:type\" content=\"article\" \/>\n<meta property=\"og:title\" content=\"Bes\u00e4ttning\" \/>\n<meta property=\"og:description\" content=\"F\u00f6r tillf\u00e4llet best\u00e5r v\u00e5ra bes\u00e4ttningar av ca. 30 aktiva medlemmar. Hela v\u00e5r verksamhet bygger p\u00e5 frivilligt arbete och en vilja att hj\u00e4lpa. Utbildning Vi utbildar v\u00e5ra bes\u00e4ttningar enligt de krav Finska Sj\u00f6r\u00e4ddningss\u00e4llskapet har lagt fram. Under vintern best\u00e5r utbildningen av teori och under den isfria tiden av praktiska \u00f6vningar. St\u00f6rsta delen av utbildningen sker lokalt [&hellip;]\" \/>\n<meta property=\"og:url\" content=\"https:\/\/meripelastus.fi\/kemionsaari\/verksamhet\/miehisto\/\" \/>\n<meta property=\"og:site_name\" content=\"Kemi\u00f6nsaaren Meripelastajat\" \/>\n<meta property=\"article:modified_time\" content=\"2025-01-30T14:37:10+00:00\" \/>\n<meta property=\"og:image\" content=\"https:\/\/meripelastus.fi\/kemionsaari\/wp-content\/uploads\/sites\/28\/2020\/07\/Alusperehdytys.jpg\" \/>\n\t<meta property=\"og:image:width\" content=\"2560\" \/>\n\t<meta property=\"og:image:height\" content=\"1920\" \/>\n\t<meta property=\"og:image:type\" content=\"image\/jpeg\" \/>\n<meta name=\"twitter:card\" content=\"summary_large_image\" \/>\n<meta name=\"twitter:label1\" content=\"Ber\u00e4knad l\u00e4stid\" \/>\n\t<meta name=\"twitter:data1\" content=\"1 minut\" \/>\n<script type=\"application\/ld+json\" class=\"yoast-schema-graph\">{\"@context\":\"https:\/\/schema.org\",\"@graph\":[{\"@type\":\"WebPage\",\"@id\":\"https:\/\/meripelastus.fi\/kemionsaari\/verksamhet\/miehisto\/\",\"url\":\"https:\/\/meripelastus.fi\/kemionsaari\/verksamhet\/miehisto\/\",\"name\":\"Bes\u00e4ttning - Kemi\u00f6nsaaren Meripelastajat\",\"isPartOf\":{\"@id\":\"https:\/\/meripelastus.fi\/kemionsaari\/#website\"},\"primaryImageOfPage\":{\"@id\":\"https:\/\/meripelastus.fi\/kemionsaari\/verksamhet\/miehisto\/#primaryimage\"},\"image\":{\"@id\":\"https:\/\/meripelastus.fi\/kemionsaari\/verksamhet\/miehisto\/#primaryimage\"},\"thumbnailUrl\":\"https:\/\/meripelastus.fi\/kemionsaari\/wp-content\/uploads\/sites\/28\/2020\/07\/Alusperehdytys-1024x768.jpg\",\"datePublished\":\"2019-12-17T15:01:22+00:00\",\"dateModified\":\"2025-01-30T14:37:10+00:00\",\"breadcrumb\":{\"@id\":\"https:\/\/meripelastus.fi\/kemionsaari\/verksamhet\/miehisto\/#breadcrumb\"},\"inLanguage\":\"sv-SE\",\"potentialAction\":[{\"@type\":\"ReadAction\",\"target\":[\"https:\/\/meripelastus.fi\/kemionsaari\/verksamhet\/miehisto\/\"]}]},{\"@type\":\"ImageObject\",\"inLanguage\":\"sv-SE\",\"@id\":\"https:\/\/meripelastus.fi\/kemionsaari\/verksamhet\/miehisto\/#primaryimage\",\"url\":\"https:\/\/meripelastus.fi\/kemionsaari\/wp-content\/uploads\/sites\/28\/2020\/07\/Alusperehdytys-scaled.jpg\",\"contentUrl\":\"https:\/\/meripelastus.fi\/kemionsaari\/wp-content\/uploads\/sites\/28\/2020\/07\/Alusperehdytys-scaled.jpg\",\"width\":2560,\"height\":1920},{\"@type\":\"BreadcrumbList\",\"@id\":\"https:\/\/meripelastus.fi\/kemionsaari\/verksamhet\/miehisto\/#breadcrumb\",\"itemListElement\":[{\"@type\":\"ListItem\",\"position\":1,\"name\":\"Home\",\"item\":\"https:\/\/meripelastus.fi\/kemionsaari\/\"},{\"@type\":\"ListItem\",\"position\":2,\"name\":\"Verksamhet\",\"item\":\"https:\/\/meripelastus.fi\/kemionsaari\/verksamhet\/\"},{\"@type\":\"ListItem\",\"position\":3,\"name\":\"Bes\u00e4ttning\"}]},{\"@type\":\"WebSite\",\"@id\":\"https:\/\/meripelastus.fi\/kemionsaari\/#website\",\"url\":\"https:\/\/meripelastus.fi\/kemionsaari\/\",\"name\":\"Kemi\u00f6nsaaren Meripelastajat\",\"description\":\"Vapaaehtoiset apunasi vesill\u00e4\",\"potentialAction\":[{\"@type\":\"SearchAction\",\"target\":{\"@type\":\"EntryPoint\",\"urlTemplate\":\"https:\/\/meripelastus.fi\/kemionsaari\/?s={search_term_string}\"},\"query-input\":{\"@type\":\"PropertyValueSpecification\",\"valueRequired\":true,\"valueName\":\"search_term_string\"}}],\"inLanguage\":\"sv-SE\"}]}<\/script>\n<!-- \/ Yoast SEO Premium plugin. -->","yoast_head_json":{"title":"Bes\u00e4ttning - Kemi\u00f6nsaaren Meripelastajat","robots":{"index":"index","follow":"follow","max-snippet":"max-snippet:-1","max-image-preview":"max-image-preview:large","max-video-preview":"max-video-preview:-1"},"canonical":"https:\/\/meripelastus.fi\/kemionsaari\/verksamhet\/miehisto\/","og_locale":"sv_SE","og_type":"article","og_title":"Bes\u00e4ttning","og_description":"F\u00f6r tillf\u00e4llet best\u00e5r v\u00e5ra bes\u00e4ttningar av ca. 30 aktiva medlemmar. Hela v\u00e5r verksamhet bygger p\u00e5 frivilligt arbete och en vilja att hj\u00e4lpa. Utbildning Vi utbildar v\u00e5ra bes\u00e4ttningar enligt de krav Finska Sj\u00f6r\u00e4ddningss\u00e4llskapet har lagt fram. Under vintern best\u00e5r utbildningen av teori och under den isfria tiden av praktiska \u00f6vningar. St\u00f6rsta delen av utbildningen sker lokalt [&hellip;]","og_url":"https:\/\/meripelastus.fi\/kemionsaari\/verksamhet\/miehisto\/","og_site_name":"Kemi\u00f6nsaaren Meripelastajat","article_modified_time":"2025-01-30T14:37:10+00:00","og_image":[{"width":2560,"height":1920,"url":"https:\/\/meripelastus.fi\/kemionsaari\/wp-content\/uploads\/sites\/28\/2020\/07\/Alusperehdytys.jpg","type":"image\/jpeg"}],"twitter_card":"summary_large_image","twitter_misc":{"Ber\u00e4knad l\u00e4stid":"1 minut"},"schema":{"@context":"https:\/\/schema.org","@graph":[{"@type":"WebPage","@id":"https:\/\/meripelastus.fi\/kemionsaari\/verksamhet\/miehisto\/","url":"https:\/\/meripelastus.fi\/kemionsaari\/verksamhet\/miehisto\/","name":"Bes\u00e4ttning - Kemi\u00f6nsaaren Meripelastajat","isPartOf":{"@id":"https:\/\/meripelastus.fi\/kemionsaari\/#website"},"primaryImageOfPage":{"@id":"https:\/\/meripelastus.fi\/kemionsaari\/verksamhet\/miehisto\/#primaryimage"},"image":{"@id":"https:\/\/meripelastus.fi\/kemionsaari\/verksamhet\/miehisto\/#primaryimage"},"thumbnailUrl":"https:\/\/meripelastus.fi\/kemionsaari\/wp-content\/uploads\/sites\/28\/2020\/07\/Alusperehdytys-1024x768.jpg","datePublished":"2019-12-17T15:01:22+00:00","dateModified":"2025-01-30T14:37:10+00:00","breadcrumb":{"@id":"https:\/\/meripelastus.fi\/kemionsaari\/verksamhet\/miehisto\/#breadcrumb"},"inLanguage":"sv-SE","potentialAction":[{"@type":"ReadAction","target":["https:\/\/meripelastus.fi\/kemionsaari\/verksamhet\/miehisto\/"]}]},{"@type":"ImageObject","inLanguage":"sv-SE","@id":"https:\/\/meripelastus.fi\/kemionsaari\/verksamhet\/miehisto\/#primaryimage","url":"https:\/\/meripelastus.fi\/kemionsaari\/wp-content\/uploads\/sites\/28\/2020\/07\/Alusperehdytys-scaled.jpg","contentUrl":"https:\/\/meripelastus.fi\/kemionsaari\/wp-content\/uploads\/sites\/28\/2020\/07\/Alusperehdytys-scaled.jpg","width":2560,"height":1920},{"@type":"BreadcrumbList","@id":"https:\/\/meripelastus.fi\/kemionsaari\/verksamhet\/miehisto\/#breadcrumb","itemListElement":[{"@type":"ListItem","position":1,"name":"Home","item":"https:\/\/meripelastus.fi\/kemionsaari\/"},{"@type":"ListItem","position":2,"name":"Verksamhet","item":"https:\/\/meripelastus.fi\/kemionsaari\/verksamhet\/"},{"@type":"ListItem","position":3,"name":"Bes\u00e4ttning"}]},{"@type":"WebSite","@id":"https:\/\/meripelastus.fi\/kemionsaari\/#website","url":"https:\/\/meripelastus.fi\/kemionsaari\/","name":"Kemi\u00f6nsaaren Meripelastajat","description":"Vapaaehtoiset apunasi vesill\u00e4","potentialAction":[{"@type":"SearchAction","target":{"@type":"EntryPoint","urlTemplate":"https:\/\/meripelastus.fi\/kemionsaari\/?s={search_term_string}"},"query-input":{"@type":"PropertyValueSpecification","valueRequired":true,"valueName":"search_term_string"}}],"inLanguage":"sv-SE"}]}},"_links":{"self":[{"href":"https:\/\/meripelastus.fi\/kemionsaari\/wp-json\/wp\/v2\/pages\/237","targetHints":{"allow":["GET"]}}],"collection":[{"href":"https:\/\/meripelastus.fi\/kemionsaari\/wp-json\/wp\/v2\/pages"}],"about":[{"href":"https:\/\/meripelastus.fi\/kemionsaari\/wp-json\/wp\/v2\/types\/page"}],"author":[{"embeddable":true,"href":"https:\/\/meripelastus.fi\/kemionsaari\/wp-json\/wp\/v2\/users\/1"}],"replies":[{"embeddable":true,"href":"https:\/\/meripelastus.fi\/kemionsaari\/wp-json\/wp\/v2\/comments?post=237"}],"version-history":[{"count":8,"href":"https:\/\/meripelastus.fi\/kemionsaari\/wp-json\/wp\/v2\/pages\/237\/revisions"}],"predecessor-version":[{"id":979,"href":"https:\/\/meripelastus.fi\/kemionsaari\/wp-json\/wp\/v2\/pages\/237\/revisions\/979"}],"up":[{"embeddable":true,"href":"https:\/\/meripelastus.fi\/kemionsaari\/wp-json\/wp\/v2\/pages\/233"}],"wp:attachment":[{"href":"https:\/\/meripelastus.fi\/kemionsaari\/wp-json\/wp\/v2\/media?parent=237"}],"curies":[{"name":"wp","href":"https:\/\/api.w.org\/{rel}","templated":true}]}}