{"id":230,"date":"2019-12-17T16:59:30","date_gmt":"2019-12-17T14:59:30","guid":{"rendered":"https:\/\/meripelastus.fi\/kemionsaari-vedos\/?page_id=230"},"modified":"2023-05-05T07:39:04","modified_gmt":"2023-05-05T04:39:04","slug":"om-oss","status":"publish","type":"page","link":"https:\/\/meripelastus.fi\/kemionsaari\/kimitoons-sjoraddare\/om-oss\/","title":{"rendered":"Om oss"},"content":{"rendered":"<p><span>Kimito\u00f6ns Sj\u00f6r\u00e4ddare rf \u00e4r en 2015 grundad medlemsf\u00f6rening till <a href=\"https:\/\/meripelastus.fi\/sv\/\" target=\"_blank\" rel=\"noopener noreferrer\">Finska Sj\u00f6r\u00e4ddningss\u00e4llskapet<\/a>.\u00a0<\/span>Vi utf\u00f6r frivilligt sj\u00f6r\u00e4ddningsarbete i sk\u00e4rg\u00e5rdshavet i samarbete med omr\u00e5dets myndigheter.<\/p>\n<p>Till v\u00e5r huvuduppgift h\u00f6r livr\u00e4ddning samt diverse assistans uppgifter. \u00c5r 2022 hade vi totalt 27 uppgifter.<\/p>\n<p>Till v\u00e5r f\u00f6rening h\u00f6r ca. 400 medlemmar varav ca. 40 deltar i operativa verksamheten.<\/p>\n","protected":false},"excerpt":{"rendered":"<p>Kimito\u00f6ns Sj\u00f6r\u00e4ddare rf \u00e4r en 2015 grundad medlemsf\u00f6rening till Finska Sj\u00f6r\u00e4ddningss\u00e4llskapet.\u00a0Vi utf\u00f6r frivilligt sj\u00f6r\u00e4ddningsarbete i sk\u00e4rg\u00e5rdshavet i samarbete med omr\u00e5dets myndigheter. Till v\u00e5r huvuduppgift h\u00f6r livr\u00e4ddning samt diverse assistans uppgifter. \u00c5r 2022 hade vi totalt 27 uppgifter. Till v\u00e5r f\u00f6rening h\u00f6r ca. 400 medlemmar varav ca. 40 deltar i operativa verksamheten.<\/p>\n","protected":false},"author":1,"featured_media":0,"parent":220,"menu_order":0,"comment_status":"closed","ping_status":"closed","template":"","meta":{"_acf_changed":false,"inline_featured_image":false,"footnotes":""},"class_list":["post-230","page","type-page","status-publish","hentry"],"acf":[],"yoast_head":"<!-- This site is optimized with the Yoast SEO Premium plugin v27.2 (Yoast SEO v27.2) - https:\/\/yoast.com\/product\/yoast-seo-premium-wordpress\/ -->\n<title>Om oss - Kemi\u00f6nsaaren Meripelastajat<\/title>\n<meta name=\"robots\" content=\"index, follow, max-snippet:-1, max-image-preview:large, max-video-preview:-1\" \/>\n<link rel=\"canonical\" href=\"https:\/\/meripelastus.fi\/kemionsaari\/kimitoons-sjoraddare\/om-oss\/\" \/>\n<meta property=\"og:locale\" content=\"sv_SE\" \/>\n<meta property=\"og:type\" content=\"article\" \/>\n<meta property=\"og:title\" content=\"Om oss\" \/>\n<meta property=\"og:description\" content=\"Kimito\u00f6ns Sj\u00f6r\u00e4ddare rf \u00e4r en 2015 grundad medlemsf\u00f6rening till Finska Sj\u00f6r\u00e4ddningss\u00e4llskapet.\u00a0Vi utf\u00f6r frivilligt sj\u00f6r\u00e4ddningsarbete i sk\u00e4rg\u00e5rdshavet i samarbete med omr\u00e5dets myndigheter. Till v\u00e5r huvuduppgift h\u00f6r livr\u00e4ddning samt diverse assistans uppgifter. \u00c5r 2022 hade vi totalt 27 uppgifter. Till v\u00e5r f\u00f6rening h\u00f6r ca. 400 medlemmar varav ca. 40 deltar i operativa verksamheten.\" \/>\n<meta property=\"og:url\" content=\"https:\/\/meripelastus.fi\/kemionsaari\/kimitoons-sjoraddare\/om-oss\/\" \/>\n<meta property=\"og:site_name\" content=\"Kemi\u00f6nsaaren Meripelastajat\" \/>\n<meta property=\"article:modified_time\" content=\"2023-05-05T04:39:04+00:00\" \/>\n<meta name=\"twitter:card\" content=\"summary_large_image\" \/>\n<meta name=\"twitter:label1\" content=\"Ber\u00e4knad l\u00e4stid\" \/>\n\t<meta name=\"twitter:data1\" content=\"1 minut\" \/>\n<script type=\"application\/ld+json\" class=\"yoast-schema-graph\">{\"@context\":\"https:\/\/schema.org\",\"@graph\":[{\"@type\":\"WebPage\",\"@id\":\"https:\/\/meripelastus.fi\/kemionsaari\/kimitoons-sjoraddare\/om-oss\/\",\"url\":\"https:\/\/meripelastus.fi\/kemionsaari\/kimitoons-sjoraddare\/om-oss\/\",\"name\":\"Om oss - Kemi\u00f6nsaaren Meripelastajat\",\"isPartOf\":{\"@id\":\"https:\/\/meripelastus.fi\/kemionsaari\/#website\"},\"datePublished\":\"2019-12-17T14:59:30+00:00\",\"dateModified\":\"2023-05-05T04:39:04+00:00\",\"breadcrumb\":{\"@id\":\"https:\/\/meripelastus.fi\/kemionsaari\/kimitoons-sjoraddare\/om-oss\/#breadcrumb\"},\"inLanguage\":\"sv-SE\",\"potentialAction\":[{\"@type\":\"ReadAction\",\"target\":[\"https:\/\/meripelastus.fi\/kemionsaari\/kimitoons-sjoraddare\/om-oss\/\"]}]},{\"@type\":\"BreadcrumbList\",\"@id\":\"https:\/\/meripelastus.fi\/kemionsaari\/kimitoons-sjoraddare\/om-oss\/#breadcrumb\",\"itemListElement\":[{\"@type\":\"ListItem\",\"position\":1,\"name\":\"Home\",\"item\":\"https:\/\/meripelastus.fi\/kemionsaari\/\"},{\"@type\":\"ListItem\",\"position\":2,\"name\":\"Kimito\u00f6ns Sj\u00f6r\u00e4ddare\",\"item\":\"https:\/\/meripelastus.fi\/kemionsaari\/kimitoons-sjoraddare\/\"},{\"@type\":\"ListItem\",\"position\":3,\"name\":\"Om oss\"}]},{\"@type\":\"WebSite\",\"@id\":\"https:\/\/meripelastus.fi\/kemionsaari\/#website\",\"url\":\"https:\/\/meripelastus.fi\/kemionsaari\/\",\"name\":\"Kemi\u00f6nsaaren Meripelastajat\",\"description\":\"Vapaaehtoiset apunasi vesill\u00e4\",\"potentialAction\":[{\"@type\":\"SearchAction\",\"target\":{\"@type\":\"EntryPoint\",\"urlTemplate\":\"https:\/\/meripelastus.fi\/kemionsaari\/?s={search_term_string}\"},\"query-input\":{\"@type\":\"PropertyValueSpecification\",\"valueRequired\":true,\"valueName\":\"search_term_string\"}}],\"inLanguage\":\"sv-SE\"}]}<\/script>\n<!-- \/ Yoast SEO Premium plugin. -->","yoast_head_json":{"title":"Om oss - Kemi\u00f6nsaaren Meripelastajat","robots":{"index":"index","follow":"follow","max-snippet":"max-snippet:-1","max-image-preview":"max-image-preview:large","max-video-preview":"max-video-preview:-1"},"canonical":"https:\/\/meripelastus.fi\/kemionsaari\/kimitoons-sjoraddare\/om-oss\/","og_locale":"sv_SE","og_type":"article","og_title":"Om oss","og_description":"Kimito\u00f6ns Sj\u00f6r\u00e4ddare rf \u00e4r en 2015 grundad medlemsf\u00f6rening till Finska Sj\u00f6r\u00e4ddningss\u00e4llskapet.\u00a0Vi utf\u00f6r frivilligt sj\u00f6r\u00e4ddningsarbete i sk\u00e4rg\u00e5rdshavet i samarbete med omr\u00e5dets myndigheter. Till v\u00e5r huvuduppgift h\u00f6r livr\u00e4ddning samt diverse assistans uppgifter. \u00c5r 2022 hade vi totalt 27 uppgifter. Till v\u00e5r f\u00f6rening h\u00f6r ca. 400 medlemmar varav ca. 40 deltar i operativa verksamheten.","og_url":"https:\/\/meripelastus.fi\/kemionsaari\/kimitoons-sjoraddare\/om-oss\/","og_site_name":"Kemi\u00f6nsaaren Meripelastajat","article_modified_time":"2023-05-05T04:39:04+00:00","twitter_card":"summary_large_image","twitter_misc":{"Ber\u00e4knad l\u00e4stid":"1 minut"},"schema":{"@context":"https:\/\/schema.org","@graph":[{"@type":"WebPage","@id":"https:\/\/meripelastus.fi\/kemionsaari\/kimitoons-sjoraddare\/om-oss\/","url":"https:\/\/meripelastus.fi\/kemionsaari\/kimitoons-sjoraddare\/om-oss\/","name":"Om oss - Kemi\u00f6nsaaren Meripelastajat","isPartOf":{"@id":"https:\/\/meripelastus.fi\/kemionsaari\/#website"},"datePublished":"2019-12-17T14:59:30+00:00","dateModified":"2023-05-05T04:39:04+00:00","breadcrumb":{"@id":"https:\/\/meripelastus.fi\/kemionsaari\/kimitoons-sjoraddare\/om-oss\/#breadcrumb"},"inLanguage":"sv-SE","potentialAction":[{"@type":"ReadAction","target":["https:\/\/meripelastus.fi\/kemionsaari\/kimitoons-sjoraddare\/om-oss\/"]}]},{"@type":"BreadcrumbList","@id":"https:\/\/meripelastus.fi\/kemionsaari\/kimitoons-sjoraddare\/om-oss\/#breadcrumb","itemListElement":[{"@type":"ListItem","position":1,"name":"Home","item":"https:\/\/meripelastus.fi\/kemionsaari\/"},{"@type":"ListItem","position":2,"name":"Kimito\u00f6ns Sj\u00f6r\u00e4ddare","item":"https:\/\/meripelastus.fi\/kemionsaari\/kimitoons-sjoraddare\/"},{"@type":"ListItem","position":3,"name":"Om oss"}]},{"@type":"WebSite","@id":"https:\/\/meripelastus.fi\/kemionsaari\/#website","url":"https:\/\/meripelastus.fi\/kemionsaari\/","name":"Kemi\u00f6nsaaren Meripelastajat","description":"Vapaaehtoiset apunasi vesill\u00e4","potentialAction":[{"@type":"SearchAction","target":{"@type":"EntryPoint","urlTemplate":"https:\/\/meripelastus.fi\/kemionsaari\/?s={search_term_string}"},"query-input":{"@type":"PropertyValueSpecification","valueRequired":true,"valueName":"search_term_string"}}],"inLanguage":"sv-SE"}]}},"_links":{"self":[{"href":"https:\/\/meripelastus.fi\/kemionsaari\/wp-json\/wp\/v2\/pages\/230","targetHints":{"allow":["GET"]}}],"collection":[{"href":"https:\/\/meripelastus.fi\/kemionsaari\/wp-json\/wp\/v2\/pages"}],"about":[{"href":"https:\/\/meripelastus.fi\/kemionsaari\/wp-json\/wp\/v2\/types\/page"}],"author":[{"embeddable":true,"href":"https:\/\/meripelastus.fi\/kemionsaari\/wp-json\/wp\/v2\/users\/1"}],"replies":[{"embeddable":true,"href":"https:\/\/meripelastus.fi\/kemionsaari\/wp-json\/wp\/v2\/comments?post=230"}],"version-history":[{"count":10,"href":"https:\/\/meripelastus.fi\/kemionsaari\/wp-json\/wp\/v2\/pages\/230\/revisions"}],"predecessor-version":[{"id":804,"href":"https:\/\/meripelastus.fi\/kemionsaari\/wp-json\/wp\/v2\/pages\/230\/revisions\/804"}],"up":[{"embeddable":true,"href":"https:\/\/meripelastus.fi\/kemionsaari\/wp-json\/wp\/v2\/pages\/220"}],"wp:attachment":[{"href":"https:\/\/meripelastus.fi\/kemionsaari\/wp-json\/wp\/v2\/media?parent=230"}],"curies":[{"name":"wp","href":"https:\/\/api.w.org\/{rel}","templated":true}]}}