{"id":22,"date":"2018-03-19T09:18:43","date_gmt":"2018-03-19T07:18:43","guid":{"rendered":"http:\/\/basetemplate.smpsyhdistykset.16.testivedos.com\/?page_id=22"},"modified":"2020-04-29T11:27:11","modified_gmt":"2020-04-29T08:27:11","slug":"halytysohje","status":"publish","type":"page","link":"https:\/\/meripelastus.fi\/kemionsaari\/fi\/toiminta\/halytysohje\/","title":{"rendered":"H\u00e4lytysohje"},"content":{"rendered":"<p>Merell\u00e4 meripelastuksen h\u00e4lytysnumero <strong>0294 1000<\/strong><br \/>\nTai VHF-kanava <strong>16<\/strong> \/ VHF-DSC <strong>70<\/strong><br \/>\nSis\u00e4vesill\u00e4 yleinen h\u00e4t\u00e4numero <strong>112<\/strong><\/p>\n<p><strong>H\u00e4t\u00e4- tai vaaratilanteessa ilmoita:<\/strong><\/p>\n<ul>\n<li>nimesi (aluksesi nimi) ja yhteysmahdollisuudet<\/li>\n<li>tapahtumapaikka mahdollisimman tarkasti<\/li>\n<li>mit\u00e4 on tapahtunut<\/li>\n<li>onko loukkaantuneita tai ihmishenki\u00e4 vaarassa<\/li>\n<li>mit\u00e4 apua tarvitaan<\/li>\n<li>\u00c4L\u00c4 KATKAISE YHTEYTT\u00c4 ennen kuin saat luvan.<\/li>\n<\/ul>\n<p><strong>Kiireett\u00f6m\u00e4t Trossi-palvelupyynn\u00f6t numerosta 0800 30 22 30 (1.5.-31.10.).<\/strong><\/p>\n<p>Soita Trossi-numeroon seuraavissa tilanteissa:<\/p>\n<ul>\n<li>Vene on kiinni laiturissa tai muussa turvallisessa paikassa, mutta ei l\u00e4hde k\u00e4yntiin, koska:\n<ul>\n<li>polttoaine on loppu<\/li>\n<li>akussa ei ole virtaa<\/li>\n<li>jokin osa tai laite on hajonnut<\/li>\n<li>k\u00f6ysi on potkurissa tai ankkuri jumissa pohjassa<\/li>\n<\/ul>\n<\/li>\n<li>Vene on ankkurissa turvallisessa paikassa ja s\u00e4\u00e4 on suotuisa, mutta vene ei l\u00e4hde y\u00f6pymisen tai uimatauon j\u00e4lkeen k\u00e4yntiin<\/li>\n<li>Matka on keskeytynyt yll\u00e4tt\u00e4en laiterikon tai polttoaineen loppumisen vuoksi, mutta ankkuroituminen on voitu tehd\u00e4 hallitusti eik\u00e4 tilanteessa ole muitakaan vaaraa aiheuttavia tekij\u00f6it\u00e4<\/li>\n<li>Kulussa oleva alus tarvitsee my\u00f6hemmin, erikseen sovittavana ajankohtana apua esim. rantautumiseen.<\/li>\n<\/ul>\n<p>HUOM! Aina jos olet ep\u00e4varma, onko kyseess\u00e4 kiireet\u00f6n avustus vai h\u00e4t\u00e4tilanne, soita meripelastuksen h\u00e4lytysnumeroon <strong>0294 1000<\/strong> merialueilla tai h\u00e4t\u00e4numeroon <strong>112 <\/strong>sis\u00e4vesill\u00e4.<\/p>\n","protected":false},"excerpt":{"rendered":"<p>Merell\u00e4 meripelastuksen h\u00e4lytysnumero 0294 1000 Tai VHF-kanava 16 \/ VHF-DSC 70 Sis\u00e4vesill\u00e4 yleinen h\u00e4t\u00e4numero 112 H\u00e4t\u00e4- tai vaaratilanteessa ilmoita: nimesi (aluksesi nimi) ja yhteysmahdollisuudet tapahtumapaikka mahdollisimman tarkasti mit\u00e4 on tapahtunut onko loukkaantuneita tai ihmishenki\u00e4 vaarassa mit\u00e4 apua tarvitaan \u00c4L\u00c4 KATKAISE YHTEYTT\u00c4 ennen kuin saat luvan. Kiireett\u00f6m\u00e4t Trossi-palvelupyynn\u00f6t numerosta 0800 30 22 30 (1.5.-31.10.). Soita Trossi-numeroon [&hellip;]<\/p>\n","protected":false},"author":1,"featured_media":0,"parent":20,"menu_order":0,"comment_status":"closed","ping_status":"closed","template":"","meta":{"_acf_changed":false,"inline_featured_image":false,"footnotes":""},"class_list":["post-22","page","type-page","status-publish","hentry"],"acf":[],"yoast_head":"<!-- This site is optimized with the Yoast SEO Premium plugin v27.4 (Yoast SEO v27.4) - https:\/\/yoast.com\/product\/yoast-seo-premium-wordpress\/ -->\n<title>H\u00e4lytysohje - Kemi\u00f6nsaaren Meripelastajat<\/title>\n<meta name=\"robots\" content=\"index, follow, max-snippet:-1, max-image-preview:large, max-video-preview:-1\" \/>\n<link rel=\"canonical\" href=\"https:\/\/meripelastus.fi\/kemionsaari\/fi\/toiminta\/halytysohje\/\" \/>\n<meta property=\"og:locale\" content=\"sv_SE\" \/>\n<meta property=\"og:type\" content=\"article\" \/>\n<meta property=\"og:title\" content=\"H\u00e4lytysohje\" \/>\n<meta property=\"og:description\" content=\"Merell\u00e4 meripelastuksen h\u00e4lytysnumero 0294 1000 Tai VHF-kanava 16 \/ VHF-DSC 70 Sis\u00e4vesill\u00e4 yleinen h\u00e4t\u00e4numero 112 H\u00e4t\u00e4- tai vaaratilanteessa ilmoita: nimesi (aluksesi nimi) ja yhteysmahdollisuudet tapahtumapaikka mahdollisimman tarkasti mit\u00e4 on tapahtunut onko loukkaantuneita tai ihmishenki\u00e4 vaarassa mit\u00e4 apua tarvitaan \u00c4L\u00c4 KATKAISE YHTEYTT\u00c4 ennen kuin saat luvan. Kiireett\u00f6m\u00e4t Trossi-palvelupyynn\u00f6t numerosta 0800 30 22 30 (1.5.-31.10.). Soita Trossi-numeroon [&hellip;]\" \/>\n<meta property=\"og:url\" content=\"https:\/\/meripelastus.fi\/kemionsaari\/fi\/toiminta\/halytysohje\/\" \/>\n<meta property=\"og:site_name\" content=\"Kemi\u00f6nsaaren Meripelastajat\" \/>\n<meta property=\"article:modified_time\" content=\"2020-04-29T08:27:11+00:00\" \/>\n<meta name=\"twitter:card\" content=\"summary_large_image\" \/>\n<meta name=\"twitter:label1\" content=\"Ber\u00e4knad l\u00e4stid\" \/>\n\t<meta name=\"twitter:data1\" content=\"1 minut\" \/>\n<script type=\"application\/ld+json\" class=\"yoast-schema-graph\">{\"@context\":\"https:\\\/\\\/schema.org\",\"@graph\":[{\"@type\":\"WebPage\",\"@id\":\"https:\\\/\\\/meripelastus.fi\\\/kemionsaari\\\/fi\\\/toiminta\\\/halytysohje\\\/\",\"url\":\"https:\\\/\\\/meripelastus.fi\\\/kemionsaari\\\/fi\\\/toiminta\\\/halytysohje\\\/\",\"name\":\"H\u00e4lytysohje - Kemi\u00f6nsaaren Meripelastajat\",\"isPartOf\":{\"@id\":\"https:\\\/\\\/meripelastus.fi\\\/kemionsaari\\\/#website\"},\"datePublished\":\"2018-03-19T07:18:43+00:00\",\"dateModified\":\"2020-04-29T08:27:11+00:00\",\"breadcrumb\":{\"@id\":\"https:\\\/\\\/meripelastus.fi\\\/kemionsaari\\\/fi\\\/toiminta\\\/halytysohje\\\/#breadcrumb\"},\"inLanguage\":\"sv-SE\",\"potentialAction\":[{\"@type\":\"ReadAction\",\"target\":[\"https:\\\/\\\/meripelastus.fi\\\/kemionsaari\\\/fi\\\/toiminta\\\/halytysohje\\\/\"]}]},{\"@type\":\"BreadcrumbList\",\"@id\":\"https:\\\/\\\/meripelastus.fi\\\/kemionsaari\\\/fi\\\/toiminta\\\/halytysohje\\\/#breadcrumb\",\"itemListElement\":[{\"@type\":\"ListItem\",\"position\":1,\"name\":\"Home\",\"item\":\"https:\\\/\\\/meripelastus.fi\\\/kemionsaari\\\/\"},{\"@type\":\"ListItem\",\"position\":2,\"name\":\"Toiminta\",\"item\":\"https:\\\/\\\/meripelastus.fi\\\/kemionsaari\\\/fi\\\/toiminta\\\/\"},{\"@type\":\"ListItem\",\"position\":3,\"name\":\"H\u00e4lytysohje\"}]},{\"@type\":\"WebSite\",\"@id\":\"https:\\\/\\\/meripelastus.fi\\\/kemionsaari\\\/#website\",\"url\":\"https:\\\/\\\/meripelastus.fi\\\/kemionsaari\\\/\",\"name\":\"Kemi\u00f6nsaaren Meripelastajat\",\"description\":\"Vapaaehtoiset apunasi vesill\u00e4\",\"potentialAction\":[{\"@type\":\"SearchAction\",\"target\":{\"@type\":\"EntryPoint\",\"urlTemplate\":\"https:\\\/\\\/meripelastus.fi\\\/kemionsaari\\\/?s={search_term_string}\"},\"query-input\":{\"@type\":\"PropertyValueSpecification\",\"valueRequired\":true,\"valueName\":\"search_term_string\"}}],\"inLanguage\":\"sv-SE\"}]}<\/script>\n<!-- \/ Yoast SEO Premium plugin. -->","yoast_head_json":{"title":"H\u00e4lytysohje - Kemi\u00f6nsaaren Meripelastajat","robots":{"index":"index","follow":"follow","max-snippet":"max-snippet:-1","max-image-preview":"max-image-preview:large","max-video-preview":"max-video-preview:-1"},"canonical":"https:\/\/meripelastus.fi\/kemionsaari\/fi\/toiminta\/halytysohje\/","og_locale":"sv_SE","og_type":"article","og_title":"H\u00e4lytysohje","og_description":"Merell\u00e4 meripelastuksen h\u00e4lytysnumero 0294 1000 Tai VHF-kanava 16 \/ VHF-DSC 70 Sis\u00e4vesill\u00e4 yleinen h\u00e4t\u00e4numero 112 H\u00e4t\u00e4- tai vaaratilanteessa ilmoita: nimesi (aluksesi nimi) ja yhteysmahdollisuudet tapahtumapaikka mahdollisimman tarkasti mit\u00e4 on tapahtunut onko loukkaantuneita tai ihmishenki\u00e4 vaarassa mit\u00e4 apua tarvitaan \u00c4L\u00c4 KATKAISE YHTEYTT\u00c4 ennen kuin saat luvan. Kiireett\u00f6m\u00e4t Trossi-palvelupyynn\u00f6t numerosta 0800 30 22 30 (1.5.-31.10.). Soita Trossi-numeroon [&hellip;]","og_url":"https:\/\/meripelastus.fi\/kemionsaari\/fi\/toiminta\/halytysohje\/","og_site_name":"Kemi\u00f6nsaaren Meripelastajat","article_modified_time":"2020-04-29T08:27:11+00:00","twitter_card":"summary_large_image","twitter_misc":{"Ber\u00e4knad l\u00e4stid":"1 minut"},"schema":{"@context":"https:\/\/schema.org","@graph":[{"@type":"WebPage","@id":"https:\/\/meripelastus.fi\/kemionsaari\/fi\/toiminta\/halytysohje\/","url":"https:\/\/meripelastus.fi\/kemionsaari\/fi\/toiminta\/halytysohje\/","name":"H\u00e4lytysohje - Kemi\u00f6nsaaren Meripelastajat","isPartOf":{"@id":"https:\/\/meripelastus.fi\/kemionsaari\/#website"},"datePublished":"2018-03-19T07:18:43+00:00","dateModified":"2020-04-29T08:27:11+00:00","breadcrumb":{"@id":"https:\/\/meripelastus.fi\/kemionsaari\/fi\/toiminta\/halytysohje\/#breadcrumb"},"inLanguage":"sv-SE","potentialAction":[{"@type":"ReadAction","target":["https:\/\/meripelastus.fi\/kemionsaari\/fi\/toiminta\/halytysohje\/"]}]},{"@type":"BreadcrumbList","@id":"https:\/\/meripelastus.fi\/kemionsaari\/fi\/toiminta\/halytysohje\/#breadcrumb","itemListElement":[{"@type":"ListItem","position":1,"name":"Home","item":"https:\/\/meripelastus.fi\/kemionsaari\/"},{"@type":"ListItem","position":2,"name":"Toiminta","item":"https:\/\/meripelastus.fi\/kemionsaari\/fi\/toiminta\/"},{"@type":"ListItem","position":3,"name":"H\u00e4lytysohje"}]},{"@type":"WebSite","@id":"https:\/\/meripelastus.fi\/kemionsaari\/#website","url":"https:\/\/meripelastus.fi\/kemionsaari\/","name":"Kemi\u00f6nsaaren Meripelastajat","description":"Vapaaehtoiset apunasi vesill\u00e4","potentialAction":[{"@type":"SearchAction","target":{"@type":"EntryPoint","urlTemplate":"https:\/\/meripelastus.fi\/kemionsaari\/?s={search_term_string}"},"query-input":{"@type":"PropertyValueSpecification","valueRequired":true,"valueName":"search_term_string"}}],"inLanguage":"sv-SE"}]}},"_links":{"self":[{"href":"https:\/\/meripelastus.fi\/kemionsaari\/wp-json\/wp\/v2\/pages\/22","targetHints":{"allow":["GET"]}}],"collection":[{"href":"https:\/\/meripelastus.fi\/kemionsaari\/wp-json\/wp\/v2\/pages"}],"about":[{"href":"https:\/\/meripelastus.fi\/kemionsaari\/wp-json\/wp\/v2\/types\/page"}],"author":[{"embeddable":true,"href":"https:\/\/meripelastus.fi\/kemionsaari\/wp-json\/wp\/v2\/users\/1"}],"replies":[{"embeddable":true,"href":"https:\/\/meripelastus.fi\/kemionsaari\/wp-json\/wp\/v2\/comments?post=22"}],"version-history":[{"count":7,"href":"https:\/\/meripelastus.fi\/kemionsaari\/wp-json\/wp\/v2\/pages\/22\/revisions"}],"predecessor-version":[{"id":283,"href":"https:\/\/meripelastus.fi\/kemionsaari\/wp-json\/wp\/v2\/pages\/22\/revisions\/283"}],"up":[{"embeddable":true,"href":"https:\/\/meripelastus.fi\/kemionsaari\/wp-json\/wp\/v2\/pages\/20"}],"wp:attachment":[{"href":"https:\/\/meripelastus.fi\/kemionsaari\/wp-json\/wp\/v2\/media?parent=22"}],"curies":[{"name":"wp","href":"https:\/\/api.w.org\/{rel}","templated":true}]}}