{"id":30,"date":"2024-04-02T14:00:15","date_gmt":"2024-04-02T11:00:15","guid":{"rendered":"https:\/\/meripelastus.fi\/kainuu-vedos\/?page_id=30"},"modified":"2024-09-18T19:23:23","modified_gmt":"2024-09-18T16:23:23","slug":"tule-mukaan","status":"publish","type":"page","link":"https:\/\/meripelastus.fi\/kainuu\/toiminta\/tule-mukaan\/","title":{"rendered":"Tule mukaan"},"content":{"rendered":"\n<p>J\u00e4seneksi voit liitty\u00e4 alla olevan linkin kautta.<\/p>\n\n\n\n<p><a href=\"https:\/\/meripelastus.fi\/jasenyys\/liittymislomakkeet\/\" target=\"_blank\" rel=\"noreferrer noopener\">Liity j\u00e4seneksi t\u00e4st\u00e4<\/a><\/p>\n\n\n\n<p><\/p>\n","protected":false},"excerpt":{"rendered":"<p>J\u00e4seneksi voit liitty\u00e4 alla olevan linkin kautta. Liity j\u00e4seneksi t\u00e4st\u00e4<\/p>\n","protected":false},"author":1,"featured_media":0,"parent":21,"menu_order":0,"comment_status":"closed","ping_status":"closed","template":"","meta":{"_acf_changed":false,"inline_featured_image":false,"footnotes":""},"class_list":["post-30","page","type-page","status-publish","hentry"],"acf":[],"yoast_head":"<!-- This site is optimized with the Yoast SEO Premium plugin v27.2 (Yoast SEO v27.2) - https:\/\/yoast.com\/product\/yoast-seo-premium-wordpress\/ -->\n<title>Tule mukaan - Kainuun j\u00e4rvipelastajat<\/title>\n<meta name=\"robots\" content=\"index, follow, max-snippet:-1, max-image-preview:large, max-video-preview:-1\" \/>\n<link rel=\"canonical\" href=\"https:\/\/meripelastus.fi\/kainuu\/toiminta\/tule-mukaan\/\" \/>\n<meta property=\"og:locale\" content=\"fi_FI\" \/>\n<meta property=\"og:type\" content=\"article\" \/>\n<meta property=\"og:title\" content=\"Tule mukaan\" \/>\n<meta property=\"og:description\" content=\"J\u00e4seneksi voit liitty\u00e4 alla olevan linkin kautta. Liity j\u00e4seneksi t\u00e4st\u00e4\" \/>\n<meta property=\"og:url\" content=\"https:\/\/meripelastus.fi\/kainuu\/toiminta\/tule-mukaan\/\" \/>\n<meta property=\"og:site_name\" content=\"Kainuun j\u00e4rvipelastajat\" \/>\n<meta property=\"article:modified_time\" content=\"2024-09-18T16:23:23+00:00\" \/>\n<meta name=\"twitter:card\" content=\"summary_large_image\" \/>\n<meta name=\"twitter:label1\" content=\"Arvioitu lukuaika\" \/>\n\t<meta name=\"twitter:data1\" content=\"1 minuutti\" \/>\n<script type=\"application\/ld+json\" class=\"yoast-schema-graph\">{\"@context\":\"https:\/\/schema.org\",\"@graph\":[{\"@type\":\"WebPage\",\"@id\":\"https:\/\/meripelastus.fi\/kainuu\/toiminta\/tule-mukaan\/\",\"url\":\"https:\/\/meripelastus.fi\/kainuu\/toiminta\/tule-mukaan\/\",\"name\":\"Tule mukaan - Kainuun j\u00e4rvipelastajat\",\"isPartOf\":{\"@id\":\"https:\/\/meripelastus.fi\/kainuu\/#website\"},\"datePublished\":\"2024-04-02T11:00:15+00:00\",\"dateModified\":\"2024-09-18T16:23:23+00:00\",\"breadcrumb\":{\"@id\":\"https:\/\/meripelastus.fi\/kainuu\/toiminta\/tule-mukaan\/#breadcrumb\"},\"inLanguage\":\"fi\",\"potentialAction\":[{\"@type\":\"ReadAction\",\"target\":[\"https:\/\/meripelastus.fi\/kainuu\/toiminta\/tule-mukaan\/\"]}]},{\"@type\":\"BreadcrumbList\",\"@id\":\"https:\/\/meripelastus.fi\/kainuu\/toiminta\/tule-mukaan\/#breadcrumb\",\"itemListElement\":[{\"@type\":\"ListItem\",\"position\":1,\"name\":\"Etusivu\",\"item\":\"https:\/\/meripelastus.fi\/kainuu\/\"},{\"@type\":\"ListItem\",\"position\":2,\"name\":\"Toiminta\",\"item\":\"https:\/\/meripelastus.fi\/kainuu\/toiminta\/\"},{\"@type\":\"ListItem\",\"position\":3,\"name\":\"Tule mukaan\"}]},{\"@type\":\"WebSite\",\"@id\":\"https:\/\/meripelastus.fi\/kainuu\/#website\",\"url\":\"https:\/\/meripelastus.fi\/kainuu\/\",\"name\":\"Kainuun j\u00e4rvipelastajat\",\"description\":\"Vapaaehtoiset apunasi vesill\u00e4\",\"potentialAction\":[{\"@type\":\"SearchAction\",\"target\":{\"@type\":\"EntryPoint\",\"urlTemplate\":\"https:\/\/meripelastus.fi\/kainuu\/?s={search_term_string}\"},\"query-input\":{\"@type\":\"PropertyValueSpecification\",\"valueRequired\":true,\"valueName\":\"search_term_string\"}}],\"inLanguage\":\"fi\"}]}<\/script>\n<!-- \/ Yoast SEO Premium plugin. -->","yoast_head_json":{"title":"Tule mukaan - Kainuun j\u00e4rvipelastajat","robots":{"index":"index","follow":"follow","max-snippet":"max-snippet:-1","max-image-preview":"max-image-preview:large","max-video-preview":"max-video-preview:-1"},"canonical":"https:\/\/meripelastus.fi\/kainuu\/toiminta\/tule-mukaan\/","og_locale":"fi_FI","og_type":"article","og_title":"Tule mukaan","og_description":"J\u00e4seneksi voit liitty\u00e4 alla olevan linkin kautta. Liity j\u00e4seneksi t\u00e4st\u00e4","og_url":"https:\/\/meripelastus.fi\/kainuu\/toiminta\/tule-mukaan\/","og_site_name":"Kainuun j\u00e4rvipelastajat","article_modified_time":"2024-09-18T16:23:23+00:00","twitter_card":"summary_large_image","twitter_misc":{"Arvioitu lukuaika":"1 minuutti"},"schema":{"@context":"https:\/\/schema.org","@graph":[{"@type":"WebPage","@id":"https:\/\/meripelastus.fi\/kainuu\/toiminta\/tule-mukaan\/","url":"https:\/\/meripelastus.fi\/kainuu\/toiminta\/tule-mukaan\/","name":"Tule mukaan - Kainuun j\u00e4rvipelastajat","isPartOf":{"@id":"https:\/\/meripelastus.fi\/kainuu\/#website"},"datePublished":"2024-04-02T11:00:15+00:00","dateModified":"2024-09-18T16:23:23+00:00","breadcrumb":{"@id":"https:\/\/meripelastus.fi\/kainuu\/toiminta\/tule-mukaan\/#breadcrumb"},"inLanguage":"fi","potentialAction":[{"@type":"ReadAction","target":["https:\/\/meripelastus.fi\/kainuu\/toiminta\/tule-mukaan\/"]}]},{"@type":"BreadcrumbList","@id":"https:\/\/meripelastus.fi\/kainuu\/toiminta\/tule-mukaan\/#breadcrumb","itemListElement":[{"@type":"ListItem","position":1,"name":"Etusivu","item":"https:\/\/meripelastus.fi\/kainuu\/"},{"@type":"ListItem","position":2,"name":"Toiminta","item":"https:\/\/meripelastus.fi\/kainuu\/toiminta\/"},{"@type":"ListItem","position":3,"name":"Tule mukaan"}]},{"@type":"WebSite","@id":"https:\/\/meripelastus.fi\/kainuu\/#website","url":"https:\/\/meripelastus.fi\/kainuu\/","name":"Kainuun j\u00e4rvipelastajat","description":"Vapaaehtoiset apunasi vesill\u00e4","potentialAction":[{"@type":"SearchAction","target":{"@type":"EntryPoint","urlTemplate":"https:\/\/meripelastus.fi\/kainuu\/?s={search_term_string}"},"query-input":{"@type":"PropertyValueSpecification","valueRequired":true,"valueName":"search_term_string"}}],"inLanguage":"fi"}]}},"_links":{"self":[{"href":"https:\/\/meripelastus.fi\/kainuu\/wp-json\/wp\/v2\/pages\/30","targetHints":{"allow":["GET"]}}],"collection":[{"href":"https:\/\/meripelastus.fi\/kainuu\/wp-json\/wp\/v2\/pages"}],"about":[{"href":"https:\/\/meripelastus.fi\/kainuu\/wp-json\/wp\/v2\/types\/page"}],"author":[{"embeddable":true,"href":"https:\/\/meripelastus.fi\/kainuu\/wp-json\/wp\/v2\/users\/1"}],"replies":[{"embeddable":true,"href":"https:\/\/meripelastus.fi\/kainuu\/wp-json\/wp\/v2\/comments?post=30"}],"version-history":[{"count":5,"href":"https:\/\/meripelastus.fi\/kainuu\/wp-json\/wp\/v2\/pages\/30\/revisions"}],"predecessor-version":[{"id":138,"href":"https:\/\/meripelastus.fi\/kainuu\/wp-json\/wp\/v2\/pages\/30\/revisions\/138"}],"up":[{"embeddable":true,"href":"https:\/\/meripelastus.fi\/kainuu\/wp-json\/wp\/v2\/pages\/21"}],"wp:attachment":[{"href":"https:\/\/meripelastus.fi\/kainuu\/wp-json\/wp\/v2\/media?parent=30"}],"curies":[{"name":"wp","href":"https:\/\/api.w.org\/{rel}","templated":true}]}}