{"id":26,"date":"2024-04-02T13:59:36","date_gmt":"2024-04-02T10:59:36","guid":{"rendered":"https:\/\/meripelastus.fi\/kainuu-vedos\/?page_id=26"},"modified":"2024-09-19T09:19:19","modified_gmt":"2024-09-19T06:19:19","slug":"tehtavat","status":"publish","type":"page","link":"https:\/\/meripelastus.fi\/kainuu\/toiminta\/tehtavat\/","title":{"rendered":"Teht\u00e4v\u00e4t"},"content":{"rendered":"\n<ul class=\"list-unstyled\" id=\"tehtavatrss\" data-amount=\"20\" data-city=\"21\">\n<template>\n<li>\n<time><\/time> <strong><place><\/place><\/strong>\n<span><\/span>\n<\/li>\n<\/template>\n<\/ul>\n\n\n\n<p><\/p>\n","protected":false},"excerpt":{"rendered":"","protected":false},"author":1,"featured_media":0,"parent":21,"menu_order":0,"comment_status":"closed","ping_status":"closed","template":"","meta":{"_acf_changed":false,"inline_featured_image":false,"footnotes":""},"class_list":["post-26","page","type-page","status-publish","hentry"],"acf":[],"yoast_head":"<!-- This site is optimized with the Yoast SEO Premium plugin v27.4 (Yoast SEO v27.4) - https:\/\/yoast.com\/product\/yoast-seo-premium-wordpress\/ -->\n<title>Teht\u00e4v\u00e4t - Kainuun j\u00e4rvipelastajat<\/title>\n<meta name=\"robots\" content=\"index, follow, max-snippet:-1, max-image-preview:large, max-video-preview:-1\" \/>\n<link rel=\"canonical\" href=\"https:\/\/meripelastus.fi\/kainuu\/toiminta\/tehtavat\/\" \/>\n<meta property=\"og:locale\" content=\"fi_FI\" \/>\n<meta property=\"og:type\" content=\"article\" \/>\n<meta property=\"og:title\" content=\"Teht\u00e4v\u00e4t\" \/>\n<meta property=\"og:url\" content=\"https:\/\/meripelastus.fi\/kainuu\/toiminta\/tehtavat\/\" \/>\n<meta property=\"og:site_name\" content=\"Kainuun j\u00e4rvipelastajat\" \/>\n<meta property=\"article:modified_time\" content=\"2024-09-19T06:19:19+00:00\" \/>\n<meta name=\"twitter:card\" content=\"summary_large_image\" \/>\n<script type=\"application\/ld+json\" class=\"yoast-schema-graph\">{\"@context\":\"https:\\\/\\\/schema.org\",\"@graph\":[{\"@type\":\"WebPage\",\"@id\":\"https:\\\/\\\/meripelastus.fi\\\/kainuu\\\/toiminta\\\/tehtavat\\\/\",\"url\":\"https:\\\/\\\/meripelastus.fi\\\/kainuu\\\/toiminta\\\/tehtavat\\\/\",\"name\":\"Teht\u00e4v\u00e4t - Kainuun j\u00e4rvipelastajat\",\"isPartOf\":{\"@id\":\"https:\\\/\\\/meripelastus.fi\\\/kainuu\\\/#website\"},\"datePublished\":\"2024-04-02T10:59:36+00:00\",\"dateModified\":\"2024-09-19T06:19:19+00:00\",\"breadcrumb\":{\"@id\":\"https:\\\/\\\/meripelastus.fi\\\/kainuu\\\/toiminta\\\/tehtavat\\\/#breadcrumb\"},\"inLanguage\":\"fi\",\"potentialAction\":[{\"@type\":\"ReadAction\",\"target\":[\"https:\\\/\\\/meripelastus.fi\\\/kainuu\\\/toiminta\\\/tehtavat\\\/\"]}]},{\"@type\":\"BreadcrumbList\",\"@id\":\"https:\\\/\\\/meripelastus.fi\\\/kainuu\\\/toiminta\\\/tehtavat\\\/#breadcrumb\",\"itemListElement\":[{\"@type\":\"ListItem\",\"position\":1,\"name\":\"Etusivu\",\"item\":\"https:\\\/\\\/meripelastus.fi\\\/kainuu\\\/\"},{\"@type\":\"ListItem\",\"position\":2,\"name\":\"Toiminta\",\"item\":\"https:\\\/\\\/meripelastus.fi\\\/kainuu\\\/toiminta\\\/\"},{\"@type\":\"ListItem\",\"position\":3,\"name\":\"Teht\u00e4v\u00e4t\"}]},{\"@type\":\"WebSite\",\"@id\":\"https:\\\/\\\/meripelastus.fi\\\/kainuu\\\/#website\",\"url\":\"https:\\\/\\\/meripelastus.fi\\\/kainuu\\\/\",\"name\":\"Kainuun j\u00e4rvipelastajat\",\"description\":\"Vapaaehtoiset apunasi vesill\u00e4\",\"potentialAction\":[{\"@type\":\"SearchAction\",\"target\":{\"@type\":\"EntryPoint\",\"urlTemplate\":\"https:\\\/\\\/meripelastus.fi\\\/kainuu\\\/?s={search_term_string}\"},\"query-input\":{\"@type\":\"PropertyValueSpecification\",\"valueRequired\":true,\"valueName\":\"search_term_string\"}}],\"inLanguage\":\"fi\"}]}<\/script>\n<!-- \/ Yoast SEO Premium plugin. -->","yoast_head_json":{"title":"Teht\u00e4v\u00e4t - Kainuun j\u00e4rvipelastajat","robots":{"index":"index","follow":"follow","max-snippet":"max-snippet:-1","max-image-preview":"max-image-preview:large","max-video-preview":"max-video-preview:-1"},"canonical":"https:\/\/meripelastus.fi\/kainuu\/toiminta\/tehtavat\/","og_locale":"fi_FI","og_type":"article","og_title":"Teht\u00e4v\u00e4t","og_url":"https:\/\/meripelastus.fi\/kainuu\/toiminta\/tehtavat\/","og_site_name":"Kainuun j\u00e4rvipelastajat","article_modified_time":"2024-09-19T06:19:19+00:00","twitter_card":"summary_large_image","schema":{"@context":"https:\/\/schema.org","@graph":[{"@type":"WebPage","@id":"https:\/\/meripelastus.fi\/kainuu\/toiminta\/tehtavat\/","url":"https:\/\/meripelastus.fi\/kainuu\/toiminta\/tehtavat\/","name":"Teht\u00e4v\u00e4t - Kainuun j\u00e4rvipelastajat","isPartOf":{"@id":"https:\/\/meripelastus.fi\/kainuu\/#website"},"datePublished":"2024-04-02T10:59:36+00:00","dateModified":"2024-09-19T06:19:19+00:00","breadcrumb":{"@id":"https:\/\/meripelastus.fi\/kainuu\/toiminta\/tehtavat\/#breadcrumb"},"inLanguage":"fi","potentialAction":[{"@type":"ReadAction","target":["https:\/\/meripelastus.fi\/kainuu\/toiminta\/tehtavat\/"]}]},{"@type":"BreadcrumbList","@id":"https:\/\/meripelastus.fi\/kainuu\/toiminta\/tehtavat\/#breadcrumb","itemListElement":[{"@type":"ListItem","position":1,"name":"Etusivu","item":"https:\/\/meripelastus.fi\/kainuu\/"},{"@type":"ListItem","position":2,"name":"Toiminta","item":"https:\/\/meripelastus.fi\/kainuu\/toiminta\/"},{"@type":"ListItem","position":3,"name":"Teht\u00e4v\u00e4t"}]},{"@type":"WebSite","@id":"https:\/\/meripelastus.fi\/kainuu\/#website","url":"https:\/\/meripelastus.fi\/kainuu\/","name":"Kainuun j\u00e4rvipelastajat","description":"Vapaaehtoiset apunasi vesill\u00e4","potentialAction":[{"@type":"SearchAction","target":{"@type":"EntryPoint","urlTemplate":"https:\/\/meripelastus.fi\/kainuu\/?s={search_term_string}"},"query-input":{"@type":"PropertyValueSpecification","valueRequired":true,"valueName":"search_term_string"}}],"inLanguage":"fi"}]}},"_links":{"self":[{"href":"https:\/\/meripelastus.fi\/kainuu\/wp-json\/wp\/v2\/pages\/26","targetHints":{"allow":["GET"]}}],"collection":[{"href":"https:\/\/meripelastus.fi\/kainuu\/wp-json\/wp\/v2\/pages"}],"about":[{"href":"https:\/\/meripelastus.fi\/kainuu\/wp-json\/wp\/v2\/types\/page"}],"author":[{"embeddable":true,"href":"https:\/\/meripelastus.fi\/kainuu\/wp-json\/wp\/v2\/users\/1"}],"replies":[{"embeddable":true,"href":"https:\/\/meripelastus.fi\/kainuu\/wp-json\/wp\/v2\/comments?post=26"}],"version-history":[{"count":9,"href":"https:\/\/meripelastus.fi\/kainuu\/wp-json\/wp\/v2\/pages\/26\/revisions"}],"predecessor-version":[{"id":148,"href":"https:\/\/meripelastus.fi\/kainuu\/wp-json\/wp\/v2\/pages\/26\/revisions\/148"}],"up":[{"embeddable":true,"href":"https:\/\/meripelastus.fi\/kainuu\/wp-json\/wp\/v2\/pages\/21"}],"wp:attachment":[{"href":"https:\/\/meripelastus.fi\/kainuu\/wp-json\/wp\/v2\/media?parent=26"}],"curies":[{"name":"wp","href":"https:\/\/api.w.org\/{rel}","templated":true}]}}