{"id":24,"date":"2024-04-02T13:59:16","date_gmt":"2024-04-02T10:59:16","guid":{"rendered":"https:\/\/meripelastus.fi\/kainuu-vedos\/?page_id=24"},"modified":"2024-04-10T19:03:10","modified_gmt":"2024-04-10T16:03:10","slug":"halytysohje","status":"publish","type":"page","link":"https:\/\/meripelastus.fi\/kainuu\/toiminta\/halytysohje\/","title":{"rendered":"H\u00e4lytysohje"},"content":{"rendered":"\n<p>Merell\u00e4 meripelastuksen h\u00e4lytysnumero&nbsp;<strong>0204 1000<\/strong><br>Tai VHF-kanava&nbsp;<strong>16 \/ VHF-DSC 70<\/strong><\/p>\n\n\n\n<p><br>Sis\u00e4vesill\u00e4 yleinen h\u00e4t\u00e4numero&nbsp;<strong>112<\/strong><\/p>\n\n\n\n<ol class=\"wp-block-list\">\n<li>Kerro (aluksesi) nimi ja yhteystiedot<\/li>\n\n\n\n<li>Kerro tarkka tapahtumapaikka<\/li>\n\n\n\n<li>Kerro mit\u00e4 on tapahtunut<\/li>\n\n\n\n<li>Montako ihmist\u00e4 on vaarassa, onko loukkaantuneita?<\/li>\n\n\n\n<li>Kerro mit\u00e4 apua tarvitaan<\/li>\n\n\n\n<li>\u00c4l\u00e4 katkaise yhteytt\u00e4 ennen kuin saat luvan<\/li>\n<\/ol>\n\n\n\n<h2 class=\"wp-block-heading\">Alarmanvisning<\/h2>\n\n\n\n<p>Sj\u00f6r\u00e4ddningens alarmnummer&nbsp;<strong>0204 1000<\/strong><br>Eller VHF-kanal&nbsp;<strong>16 \/ VHF-DSC 70<\/strong><br>Allm\u00e4nt n\u00f6dnummer&nbsp;<strong>112<\/strong><\/p>\n\n\n\n<ol class=\"wp-block-list\">\n<li>Ber\u00e4tta (fartygets) namn och kontaktuppgifter<\/li>\n\n\n\n<li>Ber\u00e4tta exakt var olyckan skett<\/li>\n\n\n\n<li>Ber\u00e4tta vad som har h\u00e4nt<\/li>\n\n\n\n<li>Hur m\u00e5nga m\u00e4nniskor \u00e4r i fara, finns det skadade?<\/li>\n\n\n\n<li>Ber\u00e4tta hurudan hj\u00e4lp det beh\u00f6vs<\/li>\n\n\n\n<li>Avbryt inte kontakten f\u00f6rr\u00e4n du f\u00e5tt lov<\/li>\n<\/ol>\n\n\n\n<h2 class=\"wp-block-heading\">Emergency instructions<\/h2>\n\n\n\n<p>Distress calls to the Maritime Rescue Centre via VHF ch&nbsp;<strong>16 \/ VHF-DSC 70<\/strong><br>or by telephone&nbsp;<strong>+358-204 1000<\/strong>&nbsp;(international)&nbsp;<strong>0204 1000<\/strong>&nbsp;(national)<\/p>\n\n\n\n<ol class=\"wp-block-list\">\n<li>Tell your (ships) name and contact information<\/li>\n\n\n\n<li>Tell your position<\/li>\n\n\n\n<li>Tell what has happened<\/li>\n\n\n\n<li>How many people are in danger, how many are injured ?<\/li>\n\n\n\n<li>Tell what kind of help is needed<\/li>\n\n\n\n<li>Do not hang up before you get premission to do so<\/li>\n<\/ol>\n","protected":false},"excerpt":{"rendered":"<p>Merell\u00e4 meripelastuksen h\u00e4lytysnumero&nbsp;0204 1000Tai VHF-kanava&nbsp;16 \/ VHF-DSC 70 Sis\u00e4vesill\u00e4 yleinen h\u00e4t\u00e4numero&nbsp;112 Alarmanvisning Sj\u00f6r\u00e4ddningens alarmnummer&nbsp;0204 1000Eller VHF-kanal&nbsp;16 \/ VHF-DSC 70Allm\u00e4nt n\u00f6dnummer&nbsp;112 Emergency instructions Distress calls to the Maritime Rescue Centre via VHF ch&nbsp;16 \/ VHF-DSC 70or by telephone&nbsp;+358-204 1000&nbsp;(international)&nbsp;0204 1000&nbsp;(national)<\/p>\n","protected":false},"author":1,"featured_media":0,"parent":21,"menu_order":0,"comment_status":"closed","ping_status":"closed","template":"","meta":{"_acf_changed":false,"inline_featured_image":false,"footnotes":""},"class_list":["post-24","page","type-page","status-publish","hentry"],"acf":[],"yoast_head":"<!-- This site is optimized with the Yoast SEO Premium plugin v27.4 (Yoast SEO v27.4) - https:\/\/yoast.com\/product\/yoast-seo-premium-wordpress\/ -->\n<title>H\u00e4lytysohje - Kainuun j\u00e4rvipelastajat<\/title>\n<meta name=\"robots\" content=\"index, follow, max-snippet:-1, max-image-preview:large, max-video-preview:-1\" \/>\n<link rel=\"canonical\" href=\"https:\/\/meripelastus.fi\/kainuu\/toiminta\/halytysohje\/\" \/>\n<meta property=\"og:locale\" content=\"fi_FI\" \/>\n<meta property=\"og:type\" content=\"article\" \/>\n<meta property=\"og:title\" content=\"H\u00e4lytysohje\" \/>\n<meta property=\"og:description\" content=\"Merell\u00e4 meripelastuksen h\u00e4lytysnumero&nbsp;0204 1000Tai VHF-kanava&nbsp;16 \/ VHF-DSC 70 Sis\u00e4vesill\u00e4 yleinen h\u00e4t\u00e4numero&nbsp;112 Alarmanvisning Sj\u00f6r\u00e4ddningens alarmnummer&nbsp;0204 1000Eller VHF-kanal&nbsp;16 \/ VHF-DSC 70Allm\u00e4nt n\u00f6dnummer&nbsp;112 Emergency instructions Distress calls to the Maritime Rescue Centre via VHF ch&nbsp;16 \/ VHF-DSC 70or by telephone&nbsp;+358-204 1000&nbsp;(international)&nbsp;0204 1000&nbsp;(national)\" \/>\n<meta property=\"og:url\" content=\"https:\/\/meripelastus.fi\/kainuu\/toiminta\/halytysohje\/\" \/>\n<meta property=\"og:site_name\" content=\"Kainuun j\u00e4rvipelastajat\" \/>\n<meta property=\"article:modified_time\" content=\"2024-04-10T16:03:10+00:00\" \/>\n<meta name=\"twitter:card\" content=\"summary_large_image\" \/>\n<meta name=\"twitter:label1\" content=\"Arvioitu lukuaika\" \/>\n\t<meta name=\"twitter:data1\" content=\"1 minuutti\" \/>\n<script type=\"application\/ld+json\" class=\"yoast-schema-graph\">{\"@context\":\"https:\\\/\\\/schema.org\",\"@graph\":[{\"@type\":\"WebPage\",\"@id\":\"https:\\\/\\\/meripelastus.fi\\\/kainuu\\\/toiminta\\\/halytysohje\\\/\",\"url\":\"https:\\\/\\\/meripelastus.fi\\\/kainuu\\\/toiminta\\\/halytysohje\\\/\",\"name\":\"H\u00e4lytysohje - Kainuun j\u00e4rvipelastajat\",\"isPartOf\":{\"@id\":\"https:\\\/\\\/meripelastus.fi\\\/kainuu\\\/#website\"},\"datePublished\":\"2024-04-02T10:59:16+00:00\",\"dateModified\":\"2024-04-10T16:03:10+00:00\",\"breadcrumb\":{\"@id\":\"https:\\\/\\\/meripelastus.fi\\\/kainuu\\\/toiminta\\\/halytysohje\\\/#breadcrumb\"},\"inLanguage\":\"fi\",\"potentialAction\":[{\"@type\":\"ReadAction\",\"target\":[\"https:\\\/\\\/meripelastus.fi\\\/kainuu\\\/toiminta\\\/halytysohje\\\/\"]}]},{\"@type\":\"BreadcrumbList\",\"@id\":\"https:\\\/\\\/meripelastus.fi\\\/kainuu\\\/toiminta\\\/halytysohje\\\/#breadcrumb\",\"itemListElement\":[{\"@type\":\"ListItem\",\"position\":1,\"name\":\"Etusivu\",\"item\":\"https:\\\/\\\/meripelastus.fi\\\/kainuu\\\/\"},{\"@type\":\"ListItem\",\"position\":2,\"name\":\"Toiminta\",\"item\":\"https:\\\/\\\/meripelastus.fi\\\/kainuu\\\/toiminta\\\/\"},{\"@type\":\"ListItem\",\"position\":3,\"name\":\"H\u00e4lytysohje\"}]},{\"@type\":\"WebSite\",\"@id\":\"https:\\\/\\\/meripelastus.fi\\\/kainuu\\\/#website\",\"url\":\"https:\\\/\\\/meripelastus.fi\\\/kainuu\\\/\",\"name\":\"Kainuun j\u00e4rvipelastajat\",\"description\":\"Vapaaehtoiset apunasi vesill\u00e4\",\"potentialAction\":[{\"@type\":\"SearchAction\",\"target\":{\"@type\":\"EntryPoint\",\"urlTemplate\":\"https:\\\/\\\/meripelastus.fi\\\/kainuu\\\/?s={search_term_string}\"},\"query-input\":{\"@type\":\"PropertyValueSpecification\",\"valueRequired\":true,\"valueName\":\"search_term_string\"}}],\"inLanguage\":\"fi\"}]}<\/script>\n<!-- \/ Yoast SEO Premium plugin. -->","yoast_head_json":{"title":"H\u00e4lytysohje - Kainuun j\u00e4rvipelastajat","robots":{"index":"index","follow":"follow","max-snippet":"max-snippet:-1","max-image-preview":"max-image-preview:large","max-video-preview":"max-video-preview:-1"},"canonical":"https:\/\/meripelastus.fi\/kainuu\/toiminta\/halytysohje\/","og_locale":"fi_FI","og_type":"article","og_title":"H\u00e4lytysohje","og_description":"Merell\u00e4 meripelastuksen h\u00e4lytysnumero&nbsp;0204 1000Tai VHF-kanava&nbsp;16 \/ VHF-DSC 70 Sis\u00e4vesill\u00e4 yleinen h\u00e4t\u00e4numero&nbsp;112 Alarmanvisning Sj\u00f6r\u00e4ddningens alarmnummer&nbsp;0204 1000Eller VHF-kanal&nbsp;16 \/ VHF-DSC 70Allm\u00e4nt n\u00f6dnummer&nbsp;112 Emergency instructions Distress calls to the Maritime Rescue Centre via VHF ch&nbsp;16 \/ VHF-DSC 70or by telephone&nbsp;+358-204 1000&nbsp;(international)&nbsp;0204 1000&nbsp;(national)","og_url":"https:\/\/meripelastus.fi\/kainuu\/toiminta\/halytysohje\/","og_site_name":"Kainuun j\u00e4rvipelastajat","article_modified_time":"2024-04-10T16:03:10+00:00","twitter_card":"summary_large_image","twitter_misc":{"Arvioitu lukuaika":"1 minuutti"},"schema":{"@context":"https:\/\/schema.org","@graph":[{"@type":"WebPage","@id":"https:\/\/meripelastus.fi\/kainuu\/toiminta\/halytysohje\/","url":"https:\/\/meripelastus.fi\/kainuu\/toiminta\/halytysohje\/","name":"H\u00e4lytysohje - Kainuun j\u00e4rvipelastajat","isPartOf":{"@id":"https:\/\/meripelastus.fi\/kainuu\/#website"},"datePublished":"2024-04-02T10:59:16+00:00","dateModified":"2024-04-10T16:03:10+00:00","breadcrumb":{"@id":"https:\/\/meripelastus.fi\/kainuu\/toiminta\/halytysohje\/#breadcrumb"},"inLanguage":"fi","potentialAction":[{"@type":"ReadAction","target":["https:\/\/meripelastus.fi\/kainuu\/toiminta\/halytysohje\/"]}]},{"@type":"BreadcrumbList","@id":"https:\/\/meripelastus.fi\/kainuu\/toiminta\/halytysohje\/#breadcrumb","itemListElement":[{"@type":"ListItem","position":1,"name":"Etusivu","item":"https:\/\/meripelastus.fi\/kainuu\/"},{"@type":"ListItem","position":2,"name":"Toiminta","item":"https:\/\/meripelastus.fi\/kainuu\/toiminta\/"},{"@type":"ListItem","position":3,"name":"H\u00e4lytysohje"}]},{"@type":"WebSite","@id":"https:\/\/meripelastus.fi\/kainuu\/#website","url":"https:\/\/meripelastus.fi\/kainuu\/","name":"Kainuun j\u00e4rvipelastajat","description":"Vapaaehtoiset apunasi vesill\u00e4","potentialAction":[{"@type":"SearchAction","target":{"@type":"EntryPoint","urlTemplate":"https:\/\/meripelastus.fi\/kainuu\/?s={search_term_string}"},"query-input":{"@type":"PropertyValueSpecification","valueRequired":true,"valueName":"search_term_string"}}],"inLanguage":"fi"}]}},"_links":{"self":[{"href":"https:\/\/meripelastus.fi\/kainuu\/wp-json\/wp\/v2\/pages\/24","targetHints":{"allow":["GET"]}}],"collection":[{"href":"https:\/\/meripelastus.fi\/kainuu\/wp-json\/wp\/v2\/pages"}],"about":[{"href":"https:\/\/meripelastus.fi\/kainuu\/wp-json\/wp\/v2\/types\/page"}],"author":[{"embeddable":true,"href":"https:\/\/meripelastus.fi\/kainuu\/wp-json\/wp\/v2\/users\/1"}],"replies":[{"embeddable":true,"href":"https:\/\/meripelastus.fi\/kainuu\/wp-json\/wp\/v2\/comments?post=24"}],"version-history":[{"count":2,"href":"https:\/\/meripelastus.fi\/kainuu\/wp-json\/wp\/v2\/pages\/24\/revisions"}],"predecessor-version":[{"id":114,"href":"https:\/\/meripelastus.fi\/kainuu\/wp-json\/wp\/v2\/pages\/24\/revisions\/114"}],"up":[{"embeddable":true,"href":"https:\/\/meripelastus.fi\/kainuu\/wp-json\/wp\/v2\/pages\/21"}],"wp:attachment":[{"href":"https:\/\/meripelastus.fi\/kainuu\/wp-json\/wp\/v2\/media?parent=24"}],"curies":[{"name":"wp","href":"https:\/\/api.w.org\/{rel}","templated":true}]}}