{"id":16,"date":"2024-04-02T13:57:54","date_gmt":"2024-04-02T10:57:54","guid":{"rendered":"https:\/\/meripelastus.fi\/kainuu-vedos\/?page_id=16"},"modified":"2026-03-27T08:23:29","modified_gmt":"2026-03-27T06:23:29","slug":"yhteystiedot","status":"publish","type":"page","link":"https:\/\/meripelastus.fi\/kainuu\/yhteystiedot\/","title":{"rendered":"Yhteystiedot"},"content":{"rendered":"\n<h2 class=\"wp-block-heading\" id=\"h-kainuun-jarvipelastajat-ry-hallitus-2026\">Kainuun J\u00e4rvipelastajat ry<br><br>Hallitus 2026<\/h2>\n\n\n\n<p>Seppo Salomaa<br>Puheenjohtaja<br>+358 44 544 4156<\/p>\n\n\n\n<p><\/p>\n\n\n\n<p>Jukka Hoskio<br>Varapuheenjohtaja<br>+358 44 516 6815<\/p>\n\n\n\n<p>Lea Ker\u00e4nen<br>Sihteeri<br>+358 44 565 6370<\/p>\n\n\n\n<p>Veijo Sutinen<br>+358 44 353 3633<br><br>Jukka Leinonen<br>+358 44 589 2936<\/p>\n\n\n\n<p>Rauno Ketom\u00e4ki<br>+358 45 678 8012<br><br><\/p>\n\n\n\n<p><\/p>\n\n\n\n<p>Kainuun j\u00e4rvipelastajat p\u00e4ivystyspuhelin:<br> +358 40 022 0770<\/p>\n\n\n\n<p>S\u00e4hk\u00f6posti:  <a href=\"mailto:kainuu@messi.meripelastus.fi\">kainuu@messi.meripelastus.fi<\/a><br><br>Facebook: <a href=\"https:\/\/www.facebook.com\/kainuunjarvipelastajat\">https:\/\/www.facebook.com\/kainuunjarvipelastajat<\/a><br><\/p>\n\n\n\n<p><\/p>\n","protected":false},"excerpt":{"rendered":"<p>Kainuun J\u00e4rvipelastajat ry Hallitus 2026 Seppo SalomaaPuheenjohtaja+358 44 544 4156 Jukka HoskioVarapuheenjohtaja+358 44 516 6815 Lea Ker\u00e4nenSihteeri+358 44 565 6370 Veijo Sutinen+358 44 353 3633 Jukka Leinonen+358 44 589 2936 Rauno Ketom\u00e4ki+358 45 678 8012 Kainuun j\u00e4rvipelastajat p\u00e4ivystyspuhelin: +358 40 022 0770 S\u00e4hk\u00f6posti: kainuu@messi.meripelastus.fi Facebook: https:\/\/www.facebook.com\/kainuunjarvipelastajat<\/p>\n","protected":false},"author":1,"featured_media":0,"parent":0,"menu_order":0,"comment_status":"closed","ping_status":"closed","template":"","meta":{"_acf_changed":false,"inline_featured_image":false,"footnotes":""},"class_list":["post-16","page","type-page","status-publish","hentry"],"acf":[],"yoast_head":"<!-- This site is optimized with the Yoast SEO Premium plugin v27.2 (Yoast SEO v27.2) - https:\/\/yoast.com\/product\/yoast-seo-premium-wordpress\/ -->\n<title>Yhteystiedot - Kainuun j\u00e4rvipelastajat<\/title>\n<meta name=\"robots\" content=\"index, follow, max-snippet:-1, max-image-preview:large, max-video-preview:-1\" \/>\n<link rel=\"canonical\" href=\"https:\/\/meripelastus.fi\/kainuu\/yhteystiedot\/\" \/>\n<meta property=\"og:locale\" content=\"fi_FI\" \/>\n<meta property=\"og:type\" content=\"article\" \/>\n<meta property=\"og:title\" content=\"Yhteystiedot\" \/>\n<meta property=\"og:description\" content=\"Kainuun J\u00e4rvipelastajat ry Hallitus 2026 Seppo SalomaaPuheenjohtaja+358 44 544 4156 Jukka HoskioVarapuheenjohtaja+358 44 516 6815 Lea Ker\u00e4nenSihteeri+358 44 565 6370 Veijo Sutinen+358 44 353 3633 Jukka Leinonen+358 44 589 2936 Rauno Ketom\u00e4ki+358 45 678 8012 Kainuun j\u00e4rvipelastajat p\u00e4ivystyspuhelin: +358 40 022 0770 S\u00e4hk\u00f6posti: kainuu@messi.meripelastus.fi Facebook: https:\/\/www.facebook.com\/kainuunjarvipelastajat\" \/>\n<meta property=\"og:url\" content=\"https:\/\/meripelastus.fi\/kainuu\/yhteystiedot\/\" \/>\n<meta property=\"og:site_name\" content=\"Kainuun j\u00e4rvipelastajat\" \/>\n<meta property=\"article:modified_time\" content=\"2026-03-27T06:23:29+00:00\" \/>\n<meta name=\"twitter:card\" content=\"summary_large_image\" \/>\n<meta name=\"twitter:label1\" content=\"Arvioitu lukuaika\" \/>\n\t<meta name=\"twitter:data1\" content=\"1 minuutti\" \/>\n<script type=\"application\/ld+json\" class=\"yoast-schema-graph\">{\"@context\":\"https:\/\/schema.org\",\"@graph\":[{\"@type\":\"WebPage\",\"@id\":\"https:\/\/meripelastus.fi\/kainuu\/yhteystiedot\/\",\"url\":\"https:\/\/meripelastus.fi\/kainuu\/yhteystiedot\/\",\"name\":\"Yhteystiedot - Kainuun j\u00e4rvipelastajat\",\"isPartOf\":{\"@id\":\"https:\/\/meripelastus.fi\/kainuu\/#website\"},\"datePublished\":\"2024-04-02T10:57:54+00:00\",\"dateModified\":\"2026-03-27T06:23:29+00:00\",\"breadcrumb\":{\"@id\":\"https:\/\/meripelastus.fi\/kainuu\/yhteystiedot\/#breadcrumb\"},\"inLanguage\":\"fi\",\"potentialAction\":[{\"@type\":\"ReadAction\",\"target\":[\"https:\/\/meripelastus.fi\/kainuu\/yhteystiedot\/\"]}]},{\"@type\":\"BreadcrumbList\",\"@id\":\"https:\/\/meripelastus.fi\/kainuu\/yhteystiedot\/#breadcrumb\",\"itemListElement\":[{\"@type\":\"ListItem\",\"position\":1,\"name\":\"Etusivu\",\"item\":\"https:\/\/meripelastus.fi\/kainuu\/\"},{\"@type\":\"ListItem\",\"position\":2,\"name\":\"Yhteystiedot\"}]},{\"@type\":\"WebSite\",\"@id\":\"https:\/\/meripelastus.fi\/kainuu\/#website\",\"url\":\"https:\/\/meripelastus.fi\/kainuu\/\",\"name\":\"Kainuun j\u00e4rvipelastajat\",\"description\":\"Vapaaehtoiset apunasi vesill\u00e4\",\"potentialAction\":[{\"@type\":\"SearchAction\",\"target\":{\"@type\":\"EntryPoint\",\"urlTemplate\":\"https:\/\/meripelastus.fi\/kainuu\/?s={search_term_string}\"},\"query-input\":{\"@type\":\"PropertyValueSpecification\",\"valueRequired\":true,\"valueName\":\"search_term_string\"}}],\"inLanguage\":\"fi\"}]}<\/script>\n<!-- \/ Yoast SEO Premium plugin. -->","yoast_head_json":{"title":"Yhteystiedot - Kainuun j\u00e4rvipelastajat","robots":{"index":"index","follow":"follow","max-snippet":"max-snippet:-1","max-image-preview":"max-image-preview:large","max-video-preview":"max-video-preview:-1"},"canonical":"https:\/\/meripelastus.fi\/kainuu\/yhteystiedot\/","og_locale":"fi_FI","og_type":"article","og_title":"Yhteystiedot","og_description":"Kainuun J\u00e4rvipelastajat ry Hallitus 2026 Seppo SalomaaPuheenjohtaja+358 44 544 4156 Jukka HoskioVarapuheenjohtaja+358 44 516 6815 Lea Ker\u00e4nenSihteeri+358 44 565 6370 Veijo Sutinen+358 44 353 3633 Jukka Leinonen+358 44 589 2936 Rauno Ketom\u00e4ki+358 45 678 8012 Kainuun j\u00e4rvipelastajat p\u00e4ivystyspuhelin: +358 40 022 0770 S\u00e4hk\u00f6posti: kainuu@messi.meripelastus.fi Facebook: https:\/\/www.facebook.com\/kainuunjarvipelastajat","og_url":"https:\/\/meripelastus.fi\/kainuu\/yhteystiedot\/","og_site_name":"Kainuun j\u00e4rvipelastajat","article_modified_time":"2026-03-27T06:23:29+00:00","twitter_card":"summary_large_image","twitter_misc":{"Arvioitu lukuaika":"1 minuutti"},"schema":{"@context":"https:\/\/schema.org","@graph":[{"@type":"WebPage","@id":"https:\/\/meripelastus.fi\/kainuu\/yhteystiedot\/","url":"https:\/\/meripelastus.fi\/kainuu\/yhteystiedot\/","name":"Yhteystiedot - Kainuun j\u00e4rvipelastajat","isPartOf":{"@id":"https:\/\/meripelastus.fi\/kainuu\/#website"},"datePublished":"2024-04-02T10:57:54+00:00","dateModified":"2026-03-27T06:23:29+00:00","breadcrumb":{"@id":"https:\/\/meripelastus.fi\/kainuu\/yhteystiedot\/#breadcrumb"},"inLanguage":"fi","potentialAction":[{"@type":"ReadAction","target":["https:\/\/meripelastus.fi\/kainuu\/yhteystiedot\/"]}]},{"@type":"BreadcrumbList","@id":"https:\/\/meripelastus.fi\/kainuu\/yhteystiedot\/#breadcrumb","itemListElement":[{"@type":"ListItem","position":1,"name":"Etusivu","item":"https:\/\/meripelastus.fi\/kainuu\/"},{"@type":"ListItem","position":2,"name":"Yhteystiedot"}]},{"@type":"WebSite","@id":"https:\/\/meripelastus.fi\/kainuu\/#website","url":"https:\/\/meripelastus.fi\/kainuu\/","name":"Kainuun j\u00e4rvipelastajat","description":"Vapaaehtoiset apunasi vesill\u00e4","potentialAction":[{"@type":"SearchAction","target":{"@type":"EntryPoint","urlTemplate":"https:\/\/meripelastus.fi\/kainuu\/?s={search_term_string}"},"query-input":{"@type":"PropertyValueSpecification","valueRequired":true,"valueName":"search_term_string"}}],"inLanguage":"fi"}]}},"_links":{"self":[{"href":"https:\/\/meripelastus.fi\/kainuu\/wp-json\/wp\/v2\/pages\/16","targetHints":{"allow":["GET"]}}],"collection":[{"href":"https:\/\/meripelastus.fi\/kainuu\/wp-json\/wp\/v2\/pages"}],"about":[{"href":"https:\/\/meripelastus.fi\/kainuu\/wp-json\/wp\/v2\/types\/page"}],"author":[{"embeddable":true,"href":"https:\/\/meripelastus.fi\/kainuu\/wp-json\/wp\/v2\/users\/1"}],"replies":[{"embeddable":true,"href":"https:\/\/meripelastus.fi\/kainuu\/wp-json\/wp\/v2\/comments?post=16"}],"version-history":[{"count":17,"href":"https:\/\/meripelastus.fi\/kainuu\/wp-json\/wp\/v2\/pages\/16\/revisions"}],"predecessor-version":[{"id":193,"href":"https:\/\/meripelastus.fi\/kainuu\/wp-json\/wp\/v2\/pages\/16\/revisions\/193"}],"wp:attachment":[{"href":"https:\/\/meripelastus.fi\/kainuu\/wp-json\/wp\/v2\/media?parent=16"}],"curies":[{"name":"wp","href":"https:\/\/api.w.org\/{rel}","templated":true}]}}