{"id":14,"date":"2024-04-02T13:57:32","date_gmt":"2024-04-02T10:57:32","guid":{"rendered":"https:\/\/meripelastus.fi\/kainuu-vedos\/?page_id=14"},"modified":"2026-03-27T15:54:25","modified_gmt":"2026-03-27T13:54:25","slug":"tietoa-meista","status":"publish","type":"page","link":"https:\/\/meripelastus.fi\/kainuu\/kainuun-jarvipelastajat\/tietoa-meista\/","title":{"rendered":"Tietoa meist\u00e4"},"content":{"rendered":"\n<p><strong>Kainuun J\u00e4rvipelastajat&nbsp;<\/strong>on perustettu Kajaanissa 14.4.1986. Yhdistys on Suomen Meripelastusseuran j\u00e4senyhdistys. Suomen meripelastusseura on valtakunnallinen vapaaehtoisten meri- ja j\u00e4rvipelastuyhdistysten keskusj\u00e4rjest\u00f6. Pelastamme ja avustamme merih\u00e4t\u00e4\u00e4n joutuneita ihmisi\u00e4 merialueilla ja sis\u00e4vesill\u00e4.<\/p>\n\n\n\n<p>Yhdistys toimii Oulu- ja Nuasj\u00e4rvell\u00e4. Ouluj\u00e4rvi on noin 900 neli\u00f6kilometri\u00e4. Palta-, \u00c4rj\u00e4n- ja Niskanselk\u00e4 ovat maamme suurimpia sis\u00e4vesiselki\u00e4.<\/p>\n\n\n\n<p>Toimintamme k\u00e4sitt\u00e4\u00e4 pelastus- ja avustustoiminnan lis\u00e4ksi koulutus- ja valistustoimintaa.<\/p>\n\n\n\n<p>Yhdistyksell\u00e4 on k\u00e4yt\u00f6ss\u00e4 kaksi venett\u00e4,&nbsp;<strong>PV KAINARI<\/strong>&nbsp;ja&nbsp;<strong>AV MATTI<\/strong>. Veneet ovat nykyaikaisesti varustettuja ja avustamiseen kehitettyj\u00e4.<\/p>\n\n\n\n<p><strong>Jos tarvitset apua vesill\u00e4, tavoitat meid\u00e4t soittamalla yleiseen h\u00e4t\u00e4numeroon 112.<\/strong><br><\/p>\n\n\n\n<p>Mik\u00e4li tunnet kiinnostusta toimintaamme, tule mukaan! Kainuun J\u00e4rvipelastajiin voit liitty\u00e4 milloin tahansa, mihin vuodenaikaan tahansa. Uudet j\u00e4senet ovat aina tervetulleita. <br><br>&#8211; <a href=\"https:\/\/meripelastus.fi\/kainuu\/yhteystiedot\/\">Yhteystiedot<\/a><br>&#8211; <a href=\"https:\/\/meripelastus.fi\/jasenyys\/liittymislomakkeet\/\">Liity j\u00e4seneksi<\/a><\/p>\n\n\n\n<p><\/p>\n","protected":false},"excerpt":{"rendered":"<p>Kainuun J\u00e4rvipelastajat&nbsp;on perustettu Kajaanissa 14.4.1986. Yhdistys on Suomen Meripelastusseuran j\u00e4senyhdistys. Suomen meripelastusseura on valtakunnallinen vapaaehtoisten meri- ja j\u00e4rvipelastuyhdistysten keskusj\u00e4rjest\u00f6. Pelastamme ja avustamme merih\u00e4t\u00e4\u00e4n joutuneita ihmisi\u00e4 merialueilla ja sis\u00e4vesill\u00e4. Yhdistys toimii Oulu- ja Nuasj\u00e4rvell\u00e4. Ouluj\u00e4rvi on noin 900 neli\u00f6kilometri\u00e4. Palta-, \u00c4rj\u00e4n- ja Niskanselk\u00e4 ovat maamme suurimpia sis\u00e4vesiselki\u00e4. Toimintamme k\u00e4sitt\u00e4\u00e4 pelastus- ja avustustoiminnan lis\u00e4ksi koulutus- ja valistustoimintaa. [&hellip;]<\/p>\n","protected":false},"author":1,"featured_media":0,"parent":11,"menu_order":0,"comment_status":"closed","ping_status":"closed","template":"","meta":{"_acf_changed":false,"inline_featured_image":false,"footnotes":""},"class_list":["post-14","page","type-page","status-publish","hentry"],"acf":[],"yoast_head":"<!-- This site is optimized with the Yoast SEO Premium plugin v27.2 (Yoast SEO v27.2) - https:\/\/yoast.com\/product\/yoast-seo-premium-wordpress\/ -->\n<title>Tietoa meist\u00e4 - Kainuun j\u00e4rvipelastajat<\/title>\n<meta name=\"description\" content=\"Kainuun J\u00e4rvipelastajat on perustettu Kajaanissa 14.4.1986. Yhdistys on Suomen Meripelastusseuran j\u00e4senyhdistys. Suomen meripelastusseura on valtakunnallinen vapaaehtoisten meri- ja j\u00e4rvipelastusyhdistysten keskusj\u00e4rjest\u00f6. Pelastamme ja avustamme merih\u00e4t\u00e4\u00e4n joutuneita ihmisi\u00e4 merialueilla ja sis\u00e4vesill\u00e4. Yhdistys toimii Oulu- ja Nuasj\u00e4rvell\u00e4. Toimintamme k\u00e4sitt\u00e4\u00e4 pelastus- ja avustustoiminnan lis\u00e4ksi koulutus- ja valistustoimintaa. Jos tarvitset apua vesill\u00e4, tavoitat meid\u00e4t soittamalla yleiseen h\u00e4t\u00e4numeroon 112.\" \/>\n<meta name=\"robots\" content=\"index, follow, max-snippet:-1, max-image-preview:large, max-video-preview:-1\" \/>\n<link rel=\"canonical\" href=\"https:\/\/meripelastus.fi\/kainuu\/kainuun-jarvipelastajat\/tietoa-meista\/\" \/>\n<meta property=\"og:locale\" content=\"fi_FI\" \/>\n<meta property=\"og:type\" content=\"article\" \/>\n<meta property=\"og:title\" content=\"Tietoa meist\u00e4\" \/>\n<meta property=\"og:description\" content=\"Kainuun J\u00e4rvipelastajat on perustettu Kajaanissa 14.4.1986. Yhdistys on Suomen Meripelastusseuran j\u00e4senyhdistys. Suomen meripelastusseura on valtakunnallinen vapaaehtoisten meri- ja j\u00e4rvipelastusyhdistysten keskusj\u00e4rjest\u00f6. Pelastamme ja avustamme merih\u00e4t\u00e4\u00e4n joutuneita ihmisi\u00e4 merialueilla ja sis\u00e4vesill\u00e4. Yhdistys toimii Oulu- ja Nuasj\u00e4rvell\u00e4. Toimintamme k\u00e4sitt\u00e4\u00e4 pelastus- ja avustustoiminnan lis\u00e4ksi koulutus- ja valistustoimintaa. Jos tarvitset apua vesill\u00e4, tavoitat meid\u00e4t soittamalla yleiseen h\u00e4t\u00e4numeroon 112.\" \/>\n<meta property=\"og:url\" content=\"https:\/\/meripelastus.fi\/kainuu\/kainuun-jarvipelastajat\/tietoa-meista\/\" \/>\n<meta property=\"og:site_name\" content=\"Kainuun j\u00e4rvipelastajat\" \/>\n<meta property=\"article:modified_time\" content=\"2026-03-27T13:54:25+00:00\" \/>\n<meta name=\"twitter:card\" content=\"summary_large_image\" \/>\n<meta name=\"twitter:label1\" content=\"Arvioitu lukuaika\" \/>\n\t<meta name=\"twitter:data1\" content=\"1 minuutti\" \/>\n<script type=\"application\/ld+json\" class=\"yoast-schema-graph\">{\"@context\":\"https:\/\/schema.org\",\"@graph\":[{\"@type\":\"WebPage\",\"@id\":\"https:\/\/meripelastus.fi\/kainuu\/kainuun-jarvipelastajat\/tietoa-meista\/\",\"url\":\"https:\/\/meripelastus.fi\/kainuu\/kainuun-jarvipelastajat\/tietoa-meista\/\",\"name\":\"Tietoa meist\u00e4 - Kainuun j\u00e4rvipelastajat\",\"isPartOf\":{\"@id\":\"https:\/\/meripelastus.fi\/kainuu\/#website\"},\"datePublished\":\"2024-04-02T10:57:32+00:00\",\"dateModified\":\"2026-03-27T13:54:25+00:00\",\"description\":\"Kainuun J\u00e4rvipelastajat on perustettu Kajaanissa 14.4.1986. Yhdistys on Suomen Meripelastusseuran j\u00e4senyhdistys. Suomen meripelastusseura on valtakunnallinen vapaaehtoisten meri- ja j\u00e4rvipelastusyhdistysten keskusj\u00e4rjest\u00f6. Pelastamme ja avustamme merih\u00e4t\u00e4\u00e4n joutuneita ihmisi\u00e4 merialueilla ja sis\u00e4vesill\u00e4. Yhdistys toimii Oulu- ja Nuasj\u00e4rvell\u00e4. Toimintamme k\u00e4sitt\u00e4\u00e4 pelastus- ja avustustoiminnan lis\u00e4ksi koulutus- ja valistustoimintaa. Jos tarvitset apua vesill\u00e4, tavoitat meid\u00e4t soittamalla yleiseen h\u00e4t\u00e4numeroon 112.\",\"breadcrumb\":{\"@id\":\"https:\/\/meripelastus.fi\/kainuu\/kainuun-jarvipelastajat\/tietoa-meista\/#breadcrumb\"},\"inLanguage\":\"fi\",\"potentialAction\":[{\"@type\":\"ReadAction\",\"target\":[\"https:\/\/meripelastus.fi\/kainuu\/kainuun-jarvipelastajat\/tietoa-meista\/\"]}]},{\"@type\":\"BreadcrumbList\",\"@id\":\"https:\/\/meripelastus.fi\/kainuu\/kainuun-jarvipelastajat\/tietoa-meista\/#breadcrumb\",\"itemListElement\":[{\"@type\":\"ListItem\",\"position\":1,\"name\":\"Etusivu\",\"item\":\"https:\/\/meripelastus.fi\/kainuu\/\"},{\"@type\":\"ListItem\",\"position\":2,\"name\":\"Kainuun J\u00e4rvipelastajat\",\"item\":\"https:\/\/meripelastus.fi\/kainuu\/kainuun-jarvipelastajat\/\"},{\"@type\":\"ListItem\",\"position\":3,\"name\":\"Tietoa meist\u00e4\"}]},{\"@type\":\"WebSite\",\"@id\":\"https:\/\/meripelastus.fi\/kainuu\/#website\",\"url\":\"https:\/\/meripelastus.fi\/kainuu\/\",\"name\":\"Kainuun j\u00e4rvipelastajat\",\"description\":\"Vapaaehtoiset apunasi vesill\u00e4\",\"potentialAction\":[{\"@type\":\"SearchAction\",\"target\":{\"@type\":\"EntryPoint\",\"urlTemplate\":\"https:\/\/meripelastus.fi\/kainuu\/?s={search_term_string}\"},\"query-input\":{\"@type\":\"PropertyValueSpecification\",\"valueRequired\":true,\"valueName\":\"search_term_string\"}}],\"inLanguage\":\"fi\"}]}<\/script>\n<!-- \/ Yoast SEO Premium plugin. -->","yoast_head_json":{"title":"Tietoa meist\u00e4 - Kainuun j\u00e4rvipelastajat","description":"Kainuun J\u00e4rvipelastajat on perustettu Kajaanissa 14.4.1986. Yhdistys on Suomen Meripelastusseuran j\u00e4senyhdistys. Suomen meripelastusseura on valtakunnallinen vapaaehtoisten meri- ja j\u00e4rvipelastusyhdistysten keskusj\u00e4rjest\u00f6. Pelastamme ja avustamme merih\u00e4t\u00e4\u00e4n joutuneita ihmisi\u00e4 merialueilla ja sis\u00e4vesill\u00e4. Yhdistys toimii Oulu- ja Nuasj\u00e4rvell\u00e4. Toimintamme k\u00e4sitt\u00e4\u00e4 pelastus- ja avustustoiminnan lis\u00e4ksi koulutus- ja valistustoimintaa. Jos tarvitset apua vesill\u00e4, tavoitat meid\u00e4t soittamalla yleiseen h\u00e4t\u00e4numeroon 112.","robots":{"index":"index","follow":"follow","max-snippet":"max-snippet:-1","max-image-preview":"max-image-preview:large","max-video-preview":"max-video-preview:-1"},"canonical":"https:\/\/meripelastus.fi\/kainuu\/kainuun-jarvipelastajat\/tietoa-meista\/","og_locale":"fi_FI","og_type":"article","og_title":"Tietoa meist\u00e4","og_description":"Kainuun J\u00e4rvipelastajat on perustettu Kajaanissa 14.4.1986. Yhdistys on Suomen Meripelastusseuran j\u00e4senyhdistys. Suomen meripelastusseura on valtakunnallinen vapaaehtoisten meri- ja j\u00e4rvipelastusyhdistysten keskusj\u00e4rjest\u00f6. Pelastamme ja avustamme merih\u00e4t\u00e4\u00e4n joutuneita ihmisi\u00e4 merialueilla ja sis\u00e4vesill\u00e4. Yhdistys toimii Oulu- ja Nuasj\u00e4rvell\u00e4. Toimintamme k\u00e4sitt\u00e4\u00e4 pelastus- ja avustustoiminnan lis\u00e4ksi koulutus- ja valistustoimintaa. Jos tarvitset apua vesill\u00e4, tavoitat meid\u00e4t soittamalla yleiseen h\u00e4t\u00e4numeroon 112.","og_url":"https:\/\/meripelastus.fi\/kainuu\/kainuun-jarvipelastajat\/tietoa-meista\/","og_site_name":"Kainuun j\u00e4rvipelastajat","article_modified_time":"2026-03-27T13:54:25+00:00","twitter_card":"summary_large_image","twitter_misc":{"Arvioitu lukuaika":"1 minuutti"},"schema":{"@context":"https:\/\/schema.org","@graph":[{"@type":"WebPage","@id":"https:\/\/meripelastus.fi\/kainuu\/kainuun-jarvipelastajat\/tietoa-meista\/","url":"https:\/\/meripelastus.fi\/kainuu\/kainuun-jarvipelastajat\/tietoa-meista\/","name":"Tietoa meist\u00e4 - Kainuun j\u00e4rvipelastajat","isPartOf":{"@id":"https:\/\/meripelastus.fi\/kainuu\/#website"},"datePublished":"2024-04-02T10:57:32+00:00","dateModified":"2026-03-27T13:54:25+00:00","description":"Kainuun J\u00e4rvipelastajat on perustettu Kajaanissa 14.4.1986. Yhdistys on Suomen Meripelastusseuran j\u00e4senyhdistys. Suomen meripelastusseura on valtakunnallinen vapaaehtoisten meri- ja j\u00e4rvipelastusyhdistysten keskusj\u00e4rjest\u00f6. Pelastamme ja avustamme merih\u00e4t\u00e4\u00e4n joutuneita ihmisi\u00e4 merialueilla ja sis\u00e4vesill\u00e4. Yhdistys toimii Oulu- ja Nuasj\u00e4rvell\u00e4. Toimintamme k\u00e4sitt\u00e4\u00e4 pelastus- ja avustustoiminnan lis\u00e4ksi koulutus- ja valistustoimintaa. Jos tarvitset apua vesill\u00e4, tavoitat meid\u00e4t soittamalla yleiseen h\u00e4t\u00e4numeroon 112.","breadcrumb":{"@id":"https:\/\/meripelastus.fi\/kainuu\/kainuun-jarvipelastajat\/tietoa-meista\/#breadcrumb"},"inLanguage":"fi","potentialAction":[{"@type":"ReadAction","target":["https:\/\/meripelastus.fi\/kainuu\/kainuun-jarvipelastajat\/tietoa-meista\/"]}]},{"@type":"BreadcrumbList","@id":"https:\/\/meripelastus.fi\/kainuu\/kainuun-jarvipelastajat\/tietoa-meista\/#breadcrumb","itemListElement":[{"@type":"ListItem","position":1,"name":"Etusivu","item":"https:\/\/meripelastus.fi\/kainuu\/"},{"@type":"ListItem","position":2,"name":"Kainuun J\u00e4rvipelastajat","item":"https:\/\/meripelastus.fi\/kainuu\/kainuun-jarvipelastajat\/"},{"@type":"ListItem","position":3,"name":"Tietoa meist\u00e4"}]},{"@type":"WebSite","@id":"https:\/\/meripelastus.fi\/kainuu\/#website","url":"https:\/\/meripelastus.fi\/kainuu\/","name":"Kainuun j\u00e4rvipelastajat","description":"Vapaaehtoiset apunasi vesill\u00e4","potentialAction":[{"@type":"SearchAction","target":{"@type":"EntryPoint","urlTemplate":"https:\/\/meripelastus.fi\/kainuu\/?s={search_term_string}"},"query-input":{"@type":"PropertyValueSpecification","valueRequired":true,"valueName":"search_term_string"}}],"inLanguage":"fi"}]}},"_links":{"self":[{"href":"https:\/\/meripelastus.fi\/kainuu\/wp-json\/wp\/v2\/pages\/14","targetHints":{"allow":["GET"]}}],"collection":[{"href":"https:\/\/meripelastus.fi\/kainuu\/wp-json\/wp\/v2\/pages"}],"about":[{"href":"https:\/\/meripelastus.fi\/kainuu\/wp-json\/wp\/v2\/types\/page"}],"author":[{"embeddable":true,"href":"https:\/\/meripelastus.fi\/kainuu\/wp-json\/wp\/v2\/users\/1"}],"replies":[{"embeddable":true,"href":"https:\/\/meripelastus.fi\/kainuu\/wp-json\/wp\/v2\/comments?post=14"}],"version-history":[{"count":8,"href":"https:\/\/meripelastus.fi\/kainuu\/wp-json\/wp\/v2\/pages\/14\/revisions"}],"predecessor-version":[{"id":198,"href":"https:\/\/meripelastus.fi\/kainuu\/wp-json\/wp\/v2\/pages\/14\/revisions\/198"}],"up":[{"embeddable":true,"href":"https:\/\/meripelastus.fi\/kainuu\/wp-json\/wp\/v2\/pages\/11"}],"wp:attachment":[{"href":"https:\/\/meripelastus.fi\/kainuu\/wp-json\/wp\/v2\/media?parent=14"}],"curies":[{"name":"wp","href":"https:\/\/api.w.org\/{rel}","templated":true}]}}