{"id":8,"date":"2018-03-19T09:16:29","date_gmt":"2018-03-19T07:16:29","guid":{"rendered":"https:\/\/meripelastus.fi\/jyvaskyla\/?page_id=8"},"modified":"2025-03-01T14:06:34","modified_gmt":"2025-03-01T12:06:34","slug":"tietoa-meista","status":"publish","type":"page","link":"https:\/\/meripelastus.fi\/jyvaskyla\/jyvaskylan-jarvipelastajat\/tietoa-meista\/","title":{"rendered":"Tietoa meist\u00e4"},"content":{"rendered":"<h3>Me tulemme apuun!<\/h3>\n<p>Jyv\u00e4skyl\u00e4n j\u00e4rvipelastajat on Suomen Meripelastusseuran j\u00e4senyhdistys. Meripelastusseuran miehist\u00f6t auttavat Suomen vesialueilla vuosittain yli kolmeatuhatta ihmist\u00e4, joista parikymment\u00e4 pelastetaan todenn\u00e4k\u00f6iselt\u00e4 menehtymiselt\u00e4. Valtaosa kaikista avuntarvitsijoista on huviveneilij\u00f6it\u00e4, jotka yll\u00e4tt\u00e4\u00e4 esimerkiksi tekninen vika tai polttoaineen loppuminen.<\/p>\n<p><img loading=\"lazy\" decoding=\"async\" class=\"alignright wp-image-1026 size-medium\" src=\"https:\/\/meripelastus.fi\/jyvaskyla\/wp-content\/uploads\/sites\/2\/2025\/03\/Nayttokuva-2025-03-01-kello-12.49.14-e1740826279274-214x300.png\" alt=\"\" width=\"214\" height=\"300\" srcset=\"https:\/\/meripelastus.fi\/jyvaskyla\/wp-content\/uploads\/sites\/2\/2025\/03\/Nayttokuva-2025-03-01-kello-12.49.14-e1740826279274-214x300.png 214w, https:\/\/meripelastus.fi\/jyvaskyla\/wp-content\/uploads\/sites\/2\/2025\/03\/Nayttokuva-2025-03-01-kello-12.49.14-e1740826279274-732x1024.png 732w, https:\/\/meripelastus.fi\/jyvaskyla\/wp-content\/uploads\/sites\/2\/2025\/03\/Nayttokuva-2025-03-01-kello-12.49.14-e1740826279274-768x1075.png 768w, https:\/\/meripelastus.fi\/jyvaskyla\/wp-content\/uploads\/sites\/2\/2025\/03\/Nayttokuva-2025-03-01-kello-12.49.14-e1740826279274.png 893w\" sizes=\"auto, (max-width: 214px) 100vw, 214px\" \/>Jyv\u00e4skyl\u00e4n j\u00e4rvipelastajien p\u00e4\u00e4teht\u00e4v\u00e4n\u00e4 on suorittaa pelastus- ja avustusteht\u00e4vi\u00e4 Pohjois-P\u00e4ij\u00e4nteen sek\u00e4 Lepp\u00e4veden vesialueella yhteisty\u00f6ss\u00e4 alueen viranomaisten kanssa. Yhdistyksen toiminta perustuu t\u00e4ysin vapaaehtoisty\u00f6lle.<\/p>\n<p>Avovesikaudella miehist\u00f6mme on l\u00e4ht\u00f6valmiudessa ymp\u00e4ri vuorokauden. Meid\u00e4t h\u00e4lytet\u00e4\u00e4n teht\u00e4ville joko Trossi-palvelun kautta, suoraan kansalaisen yhteydenoton perusteella tai h\u00e4t\u00e4keskuksen h\u00e4lytt\u00e4m\u00e4n\u00e4.<\/p>\n<p>Jyv\u00e4skyl\u00e4n ja Korpilahden j\u00e4rvipelastajat yhdistyiv\u00e4t vuoden 2025 alussa. Yhdistyksen nimi on Jyv\u00e4skyl\u00e4n j\u00e4rvipelastajat ja sen alla toimii kaksi asemaa, Jyv\u00e4skyl\u00e4 ja Korpilahti. Yhdistyksen tukikohdat sijaitsevat Jyv\u00e4skyl\u00e4n Konjakkisaaressa sek\u00e4 Korpilahden Kalliosaaressa, keskell\u00e4 p\u00e4ivystysaluetta. Tukikohtien sijainnit mahdollistavat lyhyet vasteajat kaikkialle alueelle. Alusten asemapaikkoina toimivat Haapaniemess\u00e4 sijaitseva koti- ja vierasvenesatama Noukanniemi sek\u00e4 Korpilahden satama.<\/p>\n","protected":false},"excerpt":{"rendered":"<p>Me tulemme apuun! Jyv\u00e4skyl\u00e4n j\u00e4rvipelastajat on Suomen Meripelastusseuran j\u00e4senyhdistys. Meripelastusseuran miehist\u00f6t auttavat Suomen vesialueilla vuosittain yli kolmeatuhatta ihmist\u00e4, joista parikymment\u00e4 pelastetaan todenn\u00e4k\u00f6iselt\u00e4 menehtymiselt\u00e4. Valtaosa kaikista avuntarvitsijoista on huviveneilij\u00f6it\u00e4, jotka yll\u00e4tt\u00e4\u00e4 esimerkiksi tekninen vika tai polttoaineen loppuminen. Jyv\u00e4skyl\u00e4n j\u00e4rvipelastajien p\u00e4\u00e4teht\u00e4v\u00e4n\u00e4 on suorittaa pelastus- ja avustusteht\u00e4vi\u00e4 Pohjois-P\u00e4ij\u00e4nteen sek\u00e4 Lepp\u00e4veden vesialueella yhteisty\u00f6ss\u00e4 alueen viranomaisten kanssa. Yhdistyksen toiminta perustuu [&hellip;]<\/p>\n","protected":false},"author":4,"featured_media":0,"parent":6,"menu_order":1,"comment_status":"closed","ping_status":"closed","template":"","meta":{"_acf_changed":false,"inline_featured_image":false,"footnotes":""},"class_list":["post-8","page","type-page","status-publish","hentry"],"acf":[],"yoast_head":"<!-- This site is optimized with the Yoast SEO Premium plugin v27.2 (Yoast SEO v27.2) - https:\/\/yoast.com\/product\/yoast-seo-premium-wordpress\/ -->\n<title>Tietoa meist\u00e4 - Jyv\u00e4skyl\u00e4n j\u00e4rvipelastajat<\/title>\n<meta name=\"robots\" content=\"index, follow, max-snippet:-1, max-image-preview:large, max-video-preview:-1\" \/>\n<link rel=\"canonical\" href=\"https:\/\/meripelastus.fi\/jyvaskyla\/jyvaskylan-jarvipelastajat\/tietoa-meista\/\" \/>\n<meta property=\"og:locale\" content=\"fi_FI\" \/>\n<meta property=\"og:type\" content=\"article\" \/>\n<meta property=\"og:title\" content=\"Tietoa meist\u00e4\" \/>\n<meta property=\"og:description\" content=\"Me tulemme apuun! Jyv\u00e4skyl\u00e4n j\u00e4rvipelastajat on Suomen Meripelastusseuran j\u00e4senyhdistys. Meripelastusseuran miehist\u00f6t auttavat Suomen vesialueilla vuosittain yli kolmeatuhatta ihmist\u00e4, joista parikymment\u00e4 pelastetaan todenn\u00e4k\u00f6iselt\u00e4 menehtymiselt\u00e4. Valtaosa kaikista avuntarvitsijoista on huviveneilij\u00f6it\u00e4, jotka yll\u00e4tt\u00e4\u00e4 esimerkiksi tekninen vika tai polttoaineen loppuminen. Jyv\u00e4skyl\u00e4n j\u00e4rvipelastajien p\u00e4\u00e4teht\u00e4v\u00e4n\u00e4 on suorittaa pelastus- ja avustusteht\u00e4vi\u00e4 Pohjois-P\u00e4ij\u00e4nteen sek\u00e4 Lepp\u00e4veden vesialueella yhteisty\u00f6ss\u00e4 alueen viranomaisten kanssa. Yhdistyksen toiminta perustuu [&hellip;]\" \/>\n<meta property=\"og:url\" content=\"https:\/\/meripelastus.fi\/jyvaskyla\/jyvaskylan-jarvipelastajat\/tietoa-meista\/\" \/>\n<meta property=\"og:site_name\" content=\"Jyv\u00e4skyl\u00e4n j\u00e4rvipelastajat\" \/>\n<meta property=\"article:modified_time\" content=\"2025-03-01T12:06:34+00:00\" \/>\n<meta property=\"og:image\" content=\"https:\/\/meripelastus.fi\/jyvaskyla\/wp-content\/uploads\/sites\/2\/2025\/03\/Nayttokuva-2025-03-01-kello-12.49.14-e1740826279274.png\" \/>\n\t<meta property=\"og:image:width\" content=\"893\" \/>\n\t<meta property=\"og:image:height\" content=\"1250\" \/>\n\t<meta property=\"og:image:type\" content=\"image\/png\" \/>\n<meta name=\"twitter:card\" content=\"summary_large_image\" \/>\n<script type=\"application\/ld+json\" class=\"yoast-schema-graph\">{\"@context\":\"https:\/\/schema.org\",\"@graph\":[{\"@type\":\"WebPage\",\"@id\":\"https:\/\/meripelastus.fi\/jyvaskyla\/jyvaskylan-jarvipelastajat\/tietoa-meista\/\",\"url\":\"https:\/\/meripelastus.fi\/jyvaskyla\/jyvaskylan-jarvipelastajat\/tietoa-meista\/\",\"name\":\"Tietoa meist\u00e4 - Jyv\u00e4skyl\u00e4n j\u00e4rvipelastajat\",\"isPartOf\":{\"@id\":\"https:\/\/meripelastus.fi\/jyvaskyla\/#website\"},\"primaryImageOfPage\":{\"@id\":\"https:\/\/meripelastus.fi\/jyvaskyla\/jyvaskylan-jarvipelastajat\/tietoa-meista\/#primaryimage\"},\"image\":{\"@id\":\"https:\/\/meripelastus.fi\/jyvaskyla\/jyvaskylan-jarvipelastajat\/tietoa-meista\/#primaryimage\"},\"thumbnailUrl\":\"https:\/\/meripelastus.fi\/jyvaskyla\/wp-content\/uploads\/sites\/2\/2025\/03\/Nayttokuva-2025-03-01-kello-12.49.14-e1740826279274-214x300.png\",\"datePublished\":\"2018-03-19T07:16:29+00:00\",\"dateModified\":\"2025-03-01T12:06:34+00:00\",\"breadcrumb\":{\"@id\":\"https:\/\/meripelastus.fi\/jyvaskyla\/jyvaskylan-jarvipelastajat\/tietoa-meista\/#breadcrumb\"},\"inLanguage\":\"fi\",\"potentialAction\":[{\"@type\":\"ReadAction\",\"target\":[\"https:\/\/meripelastus.fi\/jyvaskyla\/jyvaskylan-jarvipelastajat\/tietoa-meista\/\"]}]},{\"@type\":\"ImageObject\",\"inLanguage\":\"fi\",\"@id\":\"https:\/\/meripelastus.fi\/jyvaskyla\/jyvaskylan-jarvipelastajat\/tietoa-meista\/#primaryimage\",\"url\":\"https:\/\/meripelastus.fi\/jyvaskyla\/wp-content\/uploads\/sites\/2\/2025\/03\/Nayttokuva-2025-03-01-kello-12.49.14-e1740826279274.png\",\"contentUrl\":\"https:\/\/meripelastus.fi\/jyvaskyla\/wp-content\/uploads\/sites\/2\/2025\/03\/Nayttokuva-2025-03-01-kello-12.49.14-e1740826279274.png\",\"width\":893,\"height\":1250},{\"@type\":\"BreadcrumbList\",\"@id\":\"https:\/\/meripelastus.fi\/jyvaskyla\/jyvaskylan-jarvipelastajat\/tietoa-meista\/#breadcrumb\",\"itemListElement\":[{\"@type\":\"ListItem\",\"position\":1,\"name\":\"Etusivu\",\"item\":\"https:\/\/meripelastus.fi\/jyvaskyla\/\"},{\"@type\":\"ListItem\",\"position\":2,\"name\":\"Jyv\u00e4skyl\u00e4n j\u00e4rvipelastajat\",\"item\":\"https:\/\/meripelastus.fi\/jyvaskyla\/jyvaskylan-jarvipelastajat\/\"},{\"@type\":\"ListItem\",\"position\":3,\"name\":\"Tietoa meist\u00e4\"}]},{\"@type\":\"WebSite\",\"@id\":\"https:\/\/meripelastus.fi\/jyvaskyla\/#website\",\"url\":\"https:\/\/meripelastus.fi\/jyvaskyla\/\",\"name\":\"Jyv\u00e4skyl\u00e4n j\u00e4rvipelastajat\",\"description\":\"Vapaaehtoiset apunasi vesill\u00e4\",\"potentialAction\":[{\"@type\":\"SearchAction\",\"target\":{\"@type\":\"EntryPoint\",\"urlTemplate\":\"https:\/\/meripelastus.fi\/jyvaskyla\/?s={search_term_string}\"},\"query-input\":{\"@type\":\"PropertyValueSpecification\",\"valueRequired\":true,\"valueName\":\"search_term_string\"}}],\"inLanguage\":\"fi\"}]}<\/script>\n<!-- \/ Yoast SEO Premium plugin. -->","yoast_head_json":{"title":"Tietoa meist\u00e4 - Jyv\u00e4skyl\u00e4n j\u00e4rvipelastajat","robots":{"index":"index","follow":"follow","max-snippet":"max-snippet:-1","max-image-preview":"max-image-preview:large","max-video-preview":"max-video-preview:-1"},"canonical":"https:\/\/meripelastus.fi\/jyvaskyla\/jyvaskylan-jarvipelastajat\/tietoa-meista\/","og_locale":"fi_FI","og_type":"article","og_title":"Tietoa meist\u00e4","og_description":"Me tulemme apuun! Jyv\u00e4skyl\u00e4n j\u00e4rvipelastajat on Suomen Meripelastusseuran j\u00e4senyhdistys. Meripelastusseuran miehist\u00f6t auttavat Suomen vesialueilla vuosittain yli kolmeatuhatta ihmist\u00e4, joista parikymment\u00e4 pelastetaan todenn\u00e4k\u00f6iselt\u00e4 menehtymiselt\u00e4. Valtaosa kaikista avuntarvitsijoista on huviveneilij\u00f6it\u00e4, jotka yll\u00e4tt\u00e4\u00e4 esimerkiksi tekninen vika tai polttoaineen loppuminen. Jyv\u00e4skyl\u00e4n j\u00e4rvipelastajien p\u00e4\u00e4teht\u00e4v\u00e4n\u00e4 on suorittaa pelastus- ja avustusteht\u00e4vi\u00e4 Pohjois-P\u00e4ij\u00e4nteen sek\u00e4 Lepp\u00e4veden vesialueella yhteisty\u00f6ss\u00e4 alueen viranomaisten kanssa. Yhdistyksen toiminta perustuu [&hellip;]","og_url":"https:\/\/meripelastus.fi\/jyvaskyla\/jyvaskylan-jarvipelastajat\/tietoa-meista\/","og_site_name":"Jyv\u00e4skyl\u00e4n j\u00e4rvipelastajat","article_modified_time":"2025-03-01T12:06:34+00:00","og_image":[{"width":893,"height":1250,"url":"https:\/\/meripelastus.fi\/jyvaskyla\/wp-content\/uploads\/sites\/2\/2025\/03\/Nayttokuva-2025-03-01-kello-12.49.14-e1740826279274.png","type":"image\/png"}],"twitter_card":"summary_large_image","schema":{"@context":"https:\/\/schema.org","@graph":[{"@type":"WebPage","@id":"https:\/\/meripelastus.fi\/jyvaskyla\/jyvaskylan-jarvipelastajat\/tietoa-meista\/","url":"https:\/\/meripelastus.fi\/jyvaskyla\/jyvaskylan-jarvipelastajat\/tietoa-meista\/","name":"Tietoa meist\u00e4 - Jyv\u00e4skyl\u00e4n j\u00e4rvipelastajat","isPartOf":{"@id":"https:\/\/meripelastus.fi\/jyvaskyla\/#website"},"primaryImageOfPage":{"@id":"https:\/\/meripelastus.fi\/jyvaskyla\/jyvaskylan-jarvipelastajat\/tietoa-meista\/#primaryimage"},"image":{"@id":"https:\/\/meripelastus.fi\/jyvaskyla\/jyvaskylan-jarvipelastajat\/tietoa-meista\/#primaryimage"},"thumbnailUrl":"https:\/\/meripelastus.fi\/jyvaskyla\/wp-content\/uploads\/sites\/2\/2025\/03\/Nayttokuva-2025-03-01-kello-12.49.14-e1740826279274-214x300.png","datePublished":"2018-03-19T07:16:29+00:00","dateModified":"2025-03-01T12:06:34+00:00","breadcrumb":{"@id":"https:\/\/meripelastus.fi\/jyvaskyla\/jyvaskylan-jarvipelastajat\/tietoa-meista\/#breadcrumb"},"inLanguage":"fi","potentialAction":[{"@type":"ReadAction","target":["https:\/\/meripelastus.fi\/jyvaskyla\/jyvaskylan-jarvipelastajat\/tietoa-meista\/"]}]},{"@type":"ImageObject","inLanguage":"fi","@id":"https:\/\/meripelastus.fi\/jyvaskyla\/jyvaskylan-jarvipelastajat\/tietoa-meista\/#primaryimage","url":"https:\/\/meripelastus.fi\/jyvaskyla\/wp-content\/uploads\/sites\/2\/2025\/03\/Nayttokuva-2025-03-01-kello-12.49.14-e1740826279274.png","contentUrl":"https:\/\/meripelastus.fi\/jyvaskyla\/wp-content\/uploads\/sites\/2\/2025\/03\/Nayttokuva-2025-03-01-kello-12.49.14-e1740826279274.png","width":893,"height":1250},{"@type":"BreadcrumbList","@id":"https:\/\/meripelastus.fi\/jyvaskyla\/jyvaskylan-jarvipelastajat\/tietoa-meista\/#breadcrumb","itemListElement":[{"@type":"ListItem","position":1,"name":"Etusivu","item":"https:\/\/meripelastus.fi\/jyvaskyla\/"},{"@type":"ListItem","position":2,"name":"Jyv\u00e4skyl\u00e4n j\u00e4rvipelastajat","item":"https:\/\/meripelastus.fi\/jyvaskyla\/jyvaskylan-jarvipelastajat\/"},{"@type":"ListItem","position":3,"name":"Tietoa meist\u00e4"}]},{"@type":"WebSite","@id":"https:\/\/meripelastus.fi\/jyvaskyla\/#website","url":"https:\/\/meripelastus.fi\/jyvaskyla\/","name":"Jyv\u00e4skyl\u00e4n j\u00e4rvipelastajat","description":"Vapaaehtoiset apunasi vesill\u00e4","potentialAction":[{"@type":"SearchAction","target":{"@type":"EntryPoint","urlTemplate":"https:\/\/meripelastus.fi\/jyvaskyla\/?s={search_term_string}"},"query-input":{"@type":"PropertyValueSpecification","valueRequired":true,"valueName":"search_term_string"}}],"inLanguage":"fi"}]}},"_links":{"self":[{"href":"https:\/\/meripelastus.fi\/jyvaskyla\/wp-json\/wp\/v2\/pages\/8","targetHints":{"allow":["GET"]}}],"collection":[{"href":"https:\/\/meripelastus.fi\/jyvaskyla\/wp-json\/wp\/v2\/pages"}],"about":[{"href":"https:\/\/meripelastus.fi\/jyvaskyla\/wp-json\/wp\/v2\/types\/page"}],"author":[{"embeddable":true,"href":"https:\/\/meripelastus.fi\/jyvaskyla\/wp-json\/wp\/v2\/users\/4"}],"replies":[{"embeddable":true,"href":"https:\/\/meripelastus.fi\/jyvaskyla\/wp-json\/wp\/v2\/comments?post=8"}],"version-history":[{"count":14,"href":"https:\/\/meripelastus.fi\/jyvaskyla\/wp-json\/wp\/v2\/pages\/8\/revisions"}],"predecessor-version":[{"id":1102,"href":"https:\/\/meripelastus.fi\/jyvaskyla\/wp-json\/wp\/v2\/pages\/8\/revisions\/1102"}],"up":[{"embeddable":true,"href":"https:\/\/meripelastus.fi\/jyvaskyla\/wp-json\/wp\/v2\/pages\/6"}],"wp:attachment":[{"href":"https:\/\/meripelastus.fi\/jyvaskyla\/wp-json\/wp\/v2\/media?parent=8"}],"curies":[{"name":"wp","href":"https:\/\/api.w.org\/{rel}","templated":true}]}}