{"id":49,"date":"2018-03-19T09:24:22","date_gmt":"2018-03-19T07:24:22","guid":{"rendered":"https:\/\/meripelastus.fi\/jyvaskyla\/?page_id=49"},"modified":"2025-03-01T14:03:06","modified_gmt":"2025-03-01T12:03:06","slug":"tee-lahjoitus","status":"publish","type":"page","link":"https:\/\/meripelastus.fi\/jyvaskyla\/tue-toimintaa\/tee-lahjoitus\/","title":{"rendered":"Tue j\u00e4rvipelastusta"},"content":{"rendered":"<p>Voit tukea vapaaehtoisten j\u00e4rvipelastajien toimintaa liittym\u00e4ll\u00e4 j\u00e4seneksi. Vuosittainen j\u00e4senmaksu on 35 euroa. Maksamalla j\u00e4senmaksun saat my\u00f6s ajankohtaista tietoa toiminnastamme sek\u00e4 nelj\u00e4 kertaa vuodessa ilmestyv\u00e4n Meripelastaja- lehden. Suoraan j\u00e4seneksi voit liitty\u00e4 alla olevan linkin kautta.<br \/>\n<a href=\"https:\/\/meripelastus.fi\/jasenyys\/liittymislomakkeet\/\" target=\"_blank\" rel=\"noopener\">Liity j\u00e4seneksi t\u00e4st\u00e4<\/a><\/p>\n<p>Jos omistat veneen voit hankkia Trossin. Samalla tuet vapaaehtoista j\u00e4rvipelastusty\u00f6t\u00e4. Meripelastusseuran Trossi-j\u00e4senyys takaa veneellesi avun kiireett\u00f6miss\u00e4 tilanteissa kes\u00e4kaudella 1.5.\u201331.10. Trossi maksaa 98 euroa vuodessa. Liity Trossi-j\u00e4seneksi alla olevasta linkist\u00e4 jo t\u00e4n\u00e4\u00e4n!<br \/>\n<a href=\"https:\/\/trossi.fi\" target=\"_blank\" rel=\"noopener\">Trossi-j\u00e4senpalvelu<\/a><\/p>\n","protected":false},"excerpt":{"rendered":"<p>Voit tukea vapaaehtoisten j\u00e4rvipelastajien toimintaa liittym\u00e4ll\u00e4 j\u00e4seneksi. Vuosittainen j\u00e4senmaksu on 35 euroa. Maksamalla j\u00e4senmaksun saat my\u00f6s ajankohtaista tietoa toiminnastamme sek\u00e4 nelj\u00e4 kertaa vuodessa ilmestyv\u00e4n Meripelastaja- lehden. Suoraan j\u00e4seneksi voit liitty\u00e4 alla olevan linkin kautta. Liity j\u00e4seneksi t\u00e4st\u00e4 Jos omistat veneen voit hankkia Trossin. Samalla tuet vapaaehtoista j\u00e4rvipelastusty\u00f6t\u00e4. Meripelastusseuran Trossi-j\u00e4senyys takaa veneellesi avun kiireett\u00f6miss\u00e4 tilanteissa kes\u00e4kaudella [&hellip;]<\/p>\n","protected":false},"author":1,"featured_media":898,"parent":47,"menu_order":0,"comment_status":"closed","ping_status":"closed","template":"","meta":{"_acf_changed":false,"inline_featured_image":false,"footnotes":""},"class_list":["post-49","page","type-page","status-publish","has-post-thumbnail","hentry"],"acf":[],"yoast_head":"<!-- This site is optimized with the Yoast SEO Premium plugin v27.2 (Yoast SEO v27.2) - https:\/\/yoast.com\/product\/yoast-seo-premium-wordpress\/ -->\n<title>Tue j\u00e4rvipelastusta - Jyv\u00e4skyl\u00e4n j\u00e4rvipelastajat<\/title>\n<meta name=\"robots\" content=\"index, follow, max-snippet:-1, max-image-preview:large, max-video-preview:-1\" \/>\n<link rel=\"canonical\" href=\"https:\/\/meripelastus.fi\/jyvaskyla\/tue-toimintaa\/tee-lahjoitus\/\" \/>\n<meta property=\"og:locale\" content=\"fi_FI\" \/>\n<meta property=\"og:type\" content=\"article\" \/>\n<meta property=\"og:title\" content=\"Tue j\u00e4rvipelastusta\" \/>\n<meta property=\"og:description\" content=\"Voit tukea vapaaehtoisten j\u00e4rvipelastajien toimintaa liittym\u00e4ll\u00e4 j\u00e4seneksi. Vuosittainen j\u00e4senmaksu on 35 euroa. Maksamalla j\u00e4senmaksun saat my\u00f6s ajankohtaista tietoa toiminnastamme sek\u00e4 nelj\u00e4 kertaa vuodessa ilmestyv\u00e4n Meripelastaja- lehden. Suoraan j\u00e4seneksi voit liitty\u00e4 alla olevan linkin kautta. Liity j\u00e4seneksi t\u00e4st\u00e4 Jos omistat veneen voit hankkia Trossin. Samalla tuet vapaaehtoista j\u00e4rvipelastusty\u00f6t\u00e4. Meripelastusseuran Trossi-j\u00e4senyys takaa veneellesi avun kiireett\u00f6miss\u00e4 tilanteissa kes\u00e4kaudella [&hellip;]\" \/>\n<meta property=\"og:url\" content=\"https:\/\/meripelastus.fi\/jyvaskyla\/tue-toimintaa\/tee-lahjoitus\/\" \/>\n<meta property=\"og:site_name\" content=\"Jyv\u00e4skyl\u00e4n j\u00e4rvipelastajat\" \/>\n<meta property=\"article:modified_time\" content=\"2025-03-01T12:03:06+00:00\" \/>\n<meta property=\"og:image\" content=\"https:\/\/meripelastus.fi\/jyvaskyla\/wp-content\/uploads\/sites\/2\/2019\/06\/Pelastusliivip\u00e4iv\u00e4-kotisivukoko-e1740830580993.jpg\" \/>\n\t<meta property=\"og:image:width\" content=\"1200\" \/>\n\t<meta property=\"og:image:height\" content=\"518\" \/>\n\t<meta property=\"og:image:type\" content=\"image\/jpeg\" \/>\n<meta name=\"twitter:card\" content=\"summary_large_image\" \/>\n<meta name=\"twitter:label1\" content=\"Arvioitu lukuaika\" \/>\n\t<meta name=\"twitter:data1\" content=\"1 minuutti\" \/>\n<script type=\"application\/ld+json\" class=\"yoast-schema-graph\">{\"@context\":\"https:\/\/schema.org\",\"@graph\":[{\"@type\":\"WebPage\",\"@id\":\"https:\/\/meripelastus.fi\/jyvaskyla\/tue-toimintaa\/tee-lahjoitus\/\",\"url\":\"https:\/\/meripelastus.fi\/jyvaskyla\/tue-toimintaa\/tee-lahjoitus\/\",\"name\":\"Tue j\u00e4rvipelastusta - Jyv\u00e4skyl\u00e4n j\u00e4rvipelastajat\",\"isPartOf\":{\"@id\":\"https:\/\/meripelastus.fi\/jyvaskyla\/#website\"},\"primaryImageOfPage\":{\"@id\":\"https:\/\/meripelastus.fi\/jyvaskyla\/tue-toimintaa\/tee-lahjoitus\/#primaryimage\"},\"image\":{\"@id\":\"https:\/\/meripelastus.fi\/jyvaskyla\/tue-toimintaa\/tee-lahjoitus\/#primaryimage\"},\"thumbnailUrl\":\"https:\/\/meripelastus.fi\/jyvaskyla\/wp-content\/uploads\/sites\/2\/2019\/06\/Pelastusliivip\u00e4iv\u00e4-kotisivukoko-e1740830580993.jpg\",\"datePublished\":\"2018-03-19T07:24:22+00:00\",\"dateModified\":\"2025-03-01T12:03:06+00:00\",\"breadcrumb\":{\"@id\":\"https:\/\/meripelastus.fi\/jyvaskyla\/tue-toimintaa\/tee-lahjoitus\/#breadcrumb\"},\"inLanguage\":\"fi\",\"potentialAction\":[{\"@type\":\"ReadAction\",\"target\":[\"https:\/\/meripelastus.fi\/jyvaskyla\/tue-toimintaa\/tee-lahjoitus\/\"]}]},{\"@type\":\"ImageObject\",\"inLanguage\":\"fi\",\"@id\":\"https:\/\/meripelastus.fi\/jyvaskyla\/tue-toimintaa\/tee-lahjoitus\/#primaryimage\",\"url\":\"https:\/\/meripelastus.fi\/jyvaskyla\/wp-content\/uploads\/sites\/2\/2019\/06\/Pelastusliivip\u00e4iv\u00e4-kotisivukoko-e1740830580993.jpg\",\"contentUrl\":\"https:\/\/meripelastus.fi\/jyvaskyla\/wp-content\/uploads\/sites\/2\/2019\/06\/Pelastusliivip\u00e4iv\u00e4-kotisivukoko-e1740830580993.jpg\",\"width\":1200,\"height\":518},{\"@type\":\"BreadcrumbList\",\"@id\":\"https:\/\/meripelastus.fi\/jyvaskyla\/tue-toimintaa\/tee-lahjoitus\/#breadcrumb\",\"itemListElement\":[{\"@type\":\"ListItem\",\"position\":1,\"name\":\"Etusivu\",\"item\":\"https:\/\/meripelastus.fi\/jyvaskyla\/\"},{\"@type\":\"ListItem\",\"position\":2,\"name\":\"Tue toimintaa\",\"item\":\"https:\/\/meripelastus.fi\/jyvaskyla\/tue-toimintaa\/\"},{\"@type\":\"ListItem\",\"position\":3,\"name\":\"Tue j\u00e4rvipelastusta\"}]},{\"@type\":\"WebSite\",\"@id\":\"https:\/\/meripelastus.fi\/jyvaskyla\/#website\",\"url\":\"https:\/\/meripelastus.fi\/jyvaskyla\/\",\"name\":\"Jyv\u00e4skyl\u00e4n j\u00e4rvipelastajat\",\"description\":\"Vapaaehtoiset apunasi vesill\u00e4\",\"potentialAction\":[{\"@type\":\"SearchAction\",\"target\":{\"@type\":\"EntryPoint\",\"urlTemplate\":\"https:\/\/meripelastus.fi\/jyvaskyla\/?s={search_term_string}\"},\"query-input\":{\"@type\":\"PropertyValueSpecification\",\"valueRequired\":true,\"valueName\":\"search_term_string\"}}],\"inLanguage\":\"fi\"}]}<\/script>\n<!-- \/ Yoast SEO Premium plugin. -->","yoast_head_json":{"title":"Tue j\u00e4rvipelastusta - Jyv\u00e4skyl\u00e4n j\u00e4rvipelastajat","robots":{"index":"index","follow":"follow","max-snippet":"max-snippet:-1","max-image-preview":"max-image-preview:large","max-video-preview":"max-video-preview:-1"},"canonical":"https:\/\/meripelastus.fi\/jyvaskyla\/tue-toimintaa\/tee-lahjoitus\/","og_locale":"fi_FI","og_type":"article","og_title":"Tue j\u00e4rvipelastusta","og_description":"Voit tukea vapaaehtoisten j\u00e4rvipelastajien toimintaa liittym\u00e4ll\u00e4 j\u00e4seneksi. Vuosittainen j\u00e4senmaksu on 35 euroa. Maksamalla j\u00e4senmaksun saat my\u00f6s ajankohtaista tietoa toiminnastamme sek\u00e4 nelj\u00e4 kertaa vuodessa ilmestyv\u00e4n Meripelastaja- lehden. Suoraan j\u00e4seneksi voit liitty\u00e4 alla olevan linkin kautta. Liity j\u00e4seneksi t\u00e4st\u00e4 Jos omistat veneen voit hankkia Trossin. Samalla tuet vapaaehtoista j\u00e4rvipelastusty\u00f6t\u00e4. Meripelastusseuran Trossi-j\u00e4senyys takaa veneellesi avun kiireett\u00f6miss\u00e4 tilanteissa kes\u00e4kaudella [&hellip;]","og_url":"https:\/\/meripelastus.fi\/jyvaskyla\/tue-toimintaa\/tee-lahjoitus\/","og_site_name":"Jyv\u00e4skyl\u00e4n j\u00e4rvipelastajat","article_modified_time":"2025-03-01T12:03:06+00:00","og_image":[{"width":1200,"height":518,"url":"https:\/\/meripelastus.fi\/jyvaskyla\/wp-content\/uploads\/sites\/2\/2019\/06\/Pelastusliivip\u00e4iv\u00e4-kotisivukoko-e1740830580993.jpg","type":"image\/jpeg"}],"twitter_card":"summary_large_image","twitter_misc":{"Arvioitu lukuaika":"1 minuutti"},"schema":{"@context":"https:\/\/schema.org","@graph":[{"@type":"WebPage","@id":"https:\/\/meripelastus.fi\/jyvaskyla\/tue-toimintaa\/tee-lahjoitus\/","url":"https:\/\/meripelastus.fi\/jyvaskyla\/tue-toimintaa\/tee-lahjoitus\/","name":"Tue j\u00e4rvipelastusta - Jyv\u00e4skyl\u00e4n j\u00e4rvipelastajat","isPartOf":{"@id":"https:\/\/meripelastus.fi\/jyvaskyla\/#website"},"primaryImageOfPage":{"@id":"https:\/\/meripelastus.fi\/jyvaskyla\/tue-toimintaa\/tee-lahjoitus\/#primaryimage"},"image":{"@id":"https:\/\/meripelastus.fi\/jyvaskyla\/tue-toimintaa\/tee-lahjoitus\/#primaryimage"},"thumbnailUrl":"https:\/\/meripelastus.fi\/jyvaskyla\/wp-content\/uploads\/sites\/2\/2019\/06\/Pelastusliivip\u00e4iv\u00e4-kotisivukoko-e1740830580993.jpg","datePublished":"2018-03-19T07:24:22+00:00","dateModified":"2025-03-01T12:03:06+00:00","breadcrumb":{"@id":"https:\/\/meripelastus.fi\/jyvaskyla\/tue-toimintaa\/tee-lahjoitus\/#breadcrumb"},"inLanguage":"fi","potentialAction":[{"@type":"ReadAction","target":["https:\/\/meripelastus.fi\/jyvaskyla\/tue-toimintaa\/tee-lahjoitus\/"]}]},{"@type":"ImageObject","inLanguage":"fi","@id":"https:\/\/meripelastus.fi\/jyvaskyla\/tue-toimintaa\/tee-lahjoitus\/#primaryimage","url":"https:\/\/meripelastus.fi\/jyvaskyla\/wp-content\/uploads\/sites\/2\/2019\/06\/Pelastusliivip\u00e4iv\u00e4-kotisivukoko-e1740830580993.jpg","contentUrl":"https:\/\/meripelastus.fi\/jyvaskyla\/wp-content\/uploads\/sites\/2\/2019\/06\/Pelastusliivip\u00e4iv\u00e4-kotisivukoko-e1740830580993.jpg","width":1200,"height":518},{"@type":"BreadcrumbList","@id":"https:\/\/meripelastus.fi\/jyvaskyla\/tue-toimintaa\/tee-lahjoitus\/#breadcrumb","itemListElement":[{"@type":"ListItem","position":1,"name":"Etusivu","item":"https:\/\/meripelastus.fi\/jyvaskyla\/"},{"@type":"ListItem","position":2,"name":"Tue toimintaa","item":"https:\/\/meripelastus.fi\/jyvaskyla\/tue-toimintaa\/"},{"@type":"ListItem","position":3,"name":"Tue j\u00e4rvipelastusta"}]},{"@type":"WebSite","@id":"https:\/\/meripelastus.fi\/jyvaskyla\/#website","url":"https:\/\/meripelastus.fi\/jyvaskyla\/","name":"Jyv\u00e4skyl\u00e4n j\u00e4rvipelastajat","description":"Vapaaehtoiset apunasi vesill\u00e4","potentialAction":[{"@type":"SearchAction","target":{"@type":"EntryPoint","urlTemplate":"https:\/\/meripelastus.fi\/jyvaskyla\/?s={search_term_string}"},"query-input":{"@type":"PropertyValueSpecification","valueRequired":true,"valueName":"search_term_string"}}],"inLanguage":"fi"}]}},"_links":{"self":[{"href":"https:\/\/meripelastus.fi\/jyvaskyla\/wp-json\/wp\/v2\/pages\/49","targetHints":{"allow":["GET"]}}],"collection":[{"href":"https:\/\/meripelastus.fi\/jyvaskyla\/wp-json\/wp\/v2\/pages"}],"about":[{"href":"https:\/\/meripelastus.fi\/jyvaskyla\/wp-json\/wp\/v2\/types\/page"}],"author":[{"embeddable":true,"href":"https:\/\/meripelastus.fi\/jyvaskyla\/wp-json\/wp\/v2\/users\/1"}],"replies":[{"embeddable":true,"href":"https:\/\/meripelastus.fi\/jyvaskyla\/wp-json\/wp\/v2\/comments?post=49"}],"version-history":[{"count":9,"href":"https:\/\/meripelastus.fi\/jyvaskyla\/wp-json\/wp\/v2\/pages\/49\/revisions"}],"predecessor-version":[{"id":1097,"href":"https:\/\/meripelastus.fi\/jyvaskyla\/wp-json\/wp\/v2\/pages\/49\/revisions\/1097"}],"up":[{"embeddable":true,"href":"https:\/\/meripelastus.fi\/jyvaskyla\/wp-json\/wp\/v2\/pages\/47"}],"wp:featuredmedia":[{"embeddable":true,"href":"https:\/\/meripelastus.fi\/jyvaskyla\/wp-json\/wp\/v2\/media\/898"}],"wp:attachment":[{"href":"https:\/\/meripelastus.fi\/jyvaskyla\/wp-json\/wp\/v2\/media?parent=49"}],"curies":[{"name":"wp","href":"https:\/\/api.w.org\/{rel}","templated":true}]}}