{"id":30,"date":"2018-03-19T09:19:44","date_gmt":"2018-03-19T07:19:44","guid":{"rendered":"https:\/\/meripelastus.fi\/jyvaskyla\/?page_id=30"},"modified":"2025-03-01T13:54:46","modified_gmt":"2025-03-01T11:54:46","slug":"koulutus","status":"publish","type":"page","link":"https:\/\/meripelastus.fi\/jyvaskyla\/toiminta\/koulutus\/","title":{"rendered":"Koulutus"},"content":{"rendered":"<p>Jyv\u00e4skyl\u00e4n j\u00e4rvipelastajien koulutustoimintaa ohjaa Suomen Meripelastusseuran koulutusj\u00e4rjestelm\u00e4. Koulutusj\u00e4rjestelm\u00e4n tavoitteena on taata vapaaehtoiselle meripelastajalle taidot, joiden avulla meripelastusaluksella toimiminen on turvallista ja tehokasta. Kaupallisen liikenteen p\u00e4tevyyskirjoja ei toiminnassa tarvita, sill\u00e4 oma koulutusj\u00e4rjestelm\u00e4 toimii alusturvallisuuslains\u00e4\u00e4d\u00e4nn\u00f6n mukaan miehist\u00f6n osaamisen pohjana.<\/p>\n<p><img loading=\"lazy\" decoding=\"async\" class=\"wp-image-270 alignleft\" src=\"https:\/\/meripelastus.fi\/jyvaskyla\/wp-content\/uploads\/sites\/2\/2018\/04\/21433183_833235450177289_2782244325879407841_n-300x225.jpg\" alt=\"\" width=\"367\" height=\"275\" srcset=\"https:\/\/meripelastus.fi\/jyvaskyla\/wp-content\/uploads\/sites\/2\/2018\/04\/21433183_833235450177289_2782244325879407841_n-300x225.jpg 300w, https:\/\/meripelastus.fi\/jyvaskyla\/wp-content\/uploads\/sites\/2\/2018\/04\/21433183_833235450177289_2782244325879407841_n-768x576.jpg 768w, https:\/\/meripelastus.fi\/jyvaskyla\/wp-content\/uploads\/sites\/2\/2018\/04\/21433183_833235450177289_2782244325879407841_n.jpg 960w\" sizes=\"auto, (max-width: 367px) 100vw, 367px\" \/><\/p>\n<p>Meripelastusseuran koulutusj\u00e4rjestelm\u00e4 jakautuu miehist\u00f6n ja p\u00e4\u00e4llyst\u00f6n koulutussuunnitelmaan. Uudesta meripelastajasta koulutetaan ensin harjoittelija, ja yhden tai kahden aktiivisen harjoittelijakauden j\u00e4lkeen on mahdollisuus saavuttaa itselleen kansimiehen koulutustaso. Mik\u00e4li p\u00e4\u00e4llyst\u00f6ss\u00e4 toimiminen kiinnostaa, voi kouluttautumista jatkaa oman aktiivisuuden sek\u00e4 henkil\u00f6kohtaisten ominaisuuksien mukaan per\u00e4mieheksi tai aina meripelastusaluksen p\u00e4\u00e4llik\u00f6ksi asti. My\u00f6s konepuolen osaajia tarvitaan, ja heill\u00e4 on mahdollisuus kehitt\u00e4\u00e4 osaamistaan kansity\u00f6n lis\u00e4ksi teknisen puolen teht\u00e4viss\u00e4.<\/p>\n<p>Vapaaehtoisessa meripelastustoiminnassa tarvittavat tiedot ja taidot on jaettu kahteentoista osaamisalueeseen. Harrastuksesta tekee eritt\u00e4in monipuolisen juuri osaamisen kehitt\u00e4minen kaikissa n\u00e4iss\u00e4 alueissa, jotka kaikki liittyv\u00e4t kiinte\u00e4sti operatiiviseen toimintaan. Osaamisalueet ovat:<\/p>\n<p>1. Turvallisuus ja h\u00e4t\u00e4tilanteet meripelastusaluksella<br \/>\n2. Meripelastusj\u00e4rjestelm\u00e4 ja johtaminen<br \/>\n3. Merimiestaito<br \/>\n4. Navigointi ja aluksen ohjailu<br \/>\n5. Viestint\u00e4<br \/>\n6. Etsint\u00e4teht\u00e4v\u00e4t<br \/>\n7. Pelastusteht\u00e4v\u00e4t<br \/>\n8. Sammutusteht\u00e4v\u00e4t<br \/>\n9. Ensiaputeht\u00e4v\u00e4t<br \/>\n10. Avustusteht\u00e4v\u00e4t<br \/>\n11. Meripelastusaluksen tekniikka<br \/>\n12. Meripelastusaluksen huolto ja kunnossapito<\/p>\n<p><img loading=\"lazy\" decoding=\"async\" class=\"wp-image-285 alignright\" src=\"https:\/\/meripelastus.fi\/jyvaskyla\/wp-content\/uploads\/sites\/2\/2018\/04\/13227079_585485714952265_4046075939615928042_n-200x300.jpg\" alt=\"\" width=\"247\" height=\"371\" srcset=\"https:\/\/meripelastus.fi\/jyvaskyla\/wp-content\/uploads\/sites\/2\/2018\/04\/13227079_585485714952265_4046075939615928042_n-200x300.jpg 200w, https:\/\/meripelastus.fi\/jyvaskyla\/wp-content\/uploads\/sites\/2\/2018\/04\/13227079_585485714952265_4046075939615928042_n.jpg 640w\" sizes=\"auto, (max-width: 247px) 100vw, 247px\" \/><\/p>\n<p>Koulutusta j\u00e4rjestet\u00e4\u00e4n omassa paikallisyhdistyksess\u00e4, yhteisty\u00f6ss\u00e4 alueen yhdistysten kanssa sek\u00e4 valtakunnallisesti Meripelastusseuran kursseilla. Jyv\u00e4skyl\u00e4n j\u00e4rvipelastajat harjoittelevat avovesikaudella p\u00e4\u00e4s\u00e4\u00e4nt\u00f6isesti kerran viikossa arki-iltana. Lis\u00e4ksi mukaan mahtuu huoltoiltoja sek\u00e4 viikonloppupartioihin liittyv\u00e4\u00e4 koulutusta. Talvella on toisinaan j\u00e4rjestetty teoriakoulutusta, jolla luodaan pohjaa avovesikauden toiminnalle.<\/p>\n<p><a href=\"https:\/\/view.24mags.com\/mobilev\/fa2d67ed5e49d76a3a3dde8d5872d7#\/page=1\" target=\"_blank\" rel=\"noopener\">Koulutusj\u00e4rjestelm\u00e4n kuvaus<\/a><br \/>\n<a href=\"https:\/\/view.24mags.com\/mobilev\/d259ffb696ed449c575ff1480eae86#\/page=1\" target=\"_blank\" rel=\"noopener\">Miehist\u00f6n koulutussuunnitelma<br \/>\n<\/a><a href=\"https:\/\/view.24mags.com\/mobilev\/dfed6354f8ffa73f02531bdf4241ed#\/page=1\" target=\"_blank\" rel=\"noopener\">P\u00e4\u00e4llyst\u00f6n koulutussuunnitelma<\/a><\/p>\n","protected":false},"excerpt":{"rendered":"<p>Jyv\u00e4skyl\u00e4n j\u00e4rvipelastajien koulutustoimintaa ohjaa Suomen Meripelastusseuran koulutusj\u00e4rjestelm\u00e4. Koulutusj\u00e4rjestelm\u00e4n tavoitteena on taata vapaaehtoiselle meripelastajalle taidot, joiden avulla meripelastusaluksella toimiminen on turvallista ja tehokasta. Kaupallisen liikenteen p\u00e4tevyyskirjoja ei toiminnassa tarvita, sill\u00e4 oma koulutusj\u00e4rjestelm\u00e4 toimii alusturvallisuuslains\u00e4\u00e4d\u00e4nn\u00f6n mukaan miehist\u00f6n osaamisen pohjana. Meripelastusseuran koulutusj\u00e4rjestelm\u00e4 jakautuu miehist\u00f6n ja p\u00e4\u00e4llyst\u00f6n koulutussuunnitelmaan. Uudesta meripelastajasta koulutetaan ensin harjoittelija, ja yhden tai kahden aktiivisen harjoittelijakauden [&hellip;]<\/p>\n","protected":false},"author":4,"featured_media":871,"parent":20,"menu_order":0,"comment_status":"closed","ping_status":"closed","template":"","meta":{"_acf_changed":false,"inline_featured_image":false,"footnotes":""},"class_list":["post-30","page","type-page","status-publish","has-post-thumbnail","hentry"],"acf":[],"yoast_head":"<!-- This site is optimized with the Yoast SEO Premium plugin v27.2 (Yoast SEO v27.2) - https:\/\/yoast.com\/product\/yoast-seo-premium-wordpress\/ -->\n<title>Koulutus - Jyv\u00e4skyl\u00e4n j\u00e4rvipelastajat<\/title>\n<meta name=\"robots\" content=\"index, follow, max-snippet:-1, max-image-preview:large, max-video-preview:-1\" \/>\n<link rel=\"canonical\" href=\"https:\/\/meripelastus.fi\/jyvaskyla\/toiminta\/koulutus\/\" \/>\n<meta property=\"og:locale\" content=\"fi_FI\" \/>\n<meta property=\"og:type\" content=\"article\" \/>\n<meta property=\"og:title\" content=\"Koulutus\" \/>\n<meta property=\"og:description\" content=\"Jyv\u00e4skyl\u00e4n j\u00e4rvipelastajien koulutustoimintaa ohjaa Suomen Meripelastusseuran koulutusj\u00e4rjestelm\u00e4. Koulutusj\u00e4rjestelm\u00e4n tavoitteena on taata vapaaehtoiselle meripelastajalle taidot, joiden avulla meripelastusaluksella toimiminen on turvallista ja tehokasta. Kaupallisen liikenteen p\u00e4tevyyskirjoja ei toiminnassa tarvita, sill\u00e4 oma koulutusj\u00e4rjestelm\u00e4 toimii alusturvallisuuslains\u00e4\u00e4d\u00e4nn\u00f6n mukaan miehist\u00f6n osaamisen pohjana. Meripelastusseuran koulutusj\u00e4rjestelm\u00e4 jakautuu miehist\u00f6n ja p\u00e4\u00e4llyst\u00f6n koulutussuunnitelmaan. Uudesta meripelastajasta koulutetaan ensin harjoittelija, ja yhden tai kahden aktiivisen harjoittelijakauden [&hellip;]\" \/>\n<meta property=\"og:url\" content=\"https:\/\/meripelastus.fi\/jyvaskyla\/toiminta\/koulutus\/\" \/>\n<meta property=\"og:site_name\" content=\"Jyv\u00e4skyl\u00e4n j\u00e4rvipelastajat\" \/>\n<meta property=\"article:modified_time\" content=\"2025-03-01T11:54:46+00:00\" \/>\n<meta property=\"og:image\" content=\"https:\/\/meripelastus.fi\/jyvaskyla\/wp-content\/uploads\/sites\/2\/2018\/05\/Sukellusnaytos2018-e1740830076692.jpg\" \/>\n\t<meta property=\"og:image:width\" content=\"3888\" \/>\n\t<meta property=\"og:image:height\" content=\"1827\" \/>\n\t<meta property=\"og:image:type\" content=\"image\/jpeg\" \/>\n<meta name=\"twitter:card\" content=\"summary_large_image\" \/>\n<meta name=\"twitter:label1\" content=\"Arvioitu lukuaika\" \/>\n\t<meta name=\"twitter:data1\" content=\"2 minuuttia\" \/>\n<script type=\"application\/ld+json\" class=\"yoast-schema-graph\">{\"@context\":\"https:\/\/schema.org\",\"@graph\":[{\"@type\":\"WebPage\",\"@id\":\"https:\/\/meripelastus.fi\/jyvaskyla\/toiminta\/koulutus\/\",\"url\":\"https:\/\/meripelastus.fi\/jyvaskyla\/toiminta\/koulutus\/\",\"name\":\"Koulutus - Jyv\u00e4skyl\u00e4n j\u00e4rvipelastajat\",\"isPartOf\":{\"@id\":\"https:\/\/meripelastus.fi\/jyvaskyla\/#website\"},\"primaryImageOfPage\":{\"@id\":\"https:\/\/meripelastus.fi\/jyvaskyla\/toiminta\/koulutus\/#primaryimage\"},\"image\":{\"@id\":\"https:\/\/meripelastus.fi\/jyvaskyla\/toiminta\/koulutus\/#primaryimage\"},\"thumbnailUrl\":\"https:\/\/meripelastus.fi\/jyvaskyla\/wp-content\/uploads\/sites\/2\/2018\/05\/Sukellusnaytos2018-e1740830076692.jpg\",\"datePublished\":\"2018-03-19T07:19:44+00:00\",\"dateModified\":\"2025-03-01T11:54:46+00:00\",\"breadcrumb\":{\"@id\":\"https:\/\/meripelastus.fi\/jyvaskyla\/toiminta\/koulutus\/#breadcrumb\"},\"inLanguage\":\"fi\",\"potentialAction\":[{\"@type\":\"ReadAction\",\"target\":[\"https:\/\/meripelastus.fi\/jyvaskyla\/toiminta\/koulutus\/\"]}]},{\"@type\":\"ImageObject\",\"inLanguage\":\"fi\",\"@id\":\"https:\/\/meripelastus.fi\/jyvaskyla\/toiminta\/koulutus\/#primaryimage\",\"url\":\"https:\/\/meripelastus.fi\/jyvaskyla\/wp-content\/uploads\/sites\/2\/2018\/05\/Sukellusnaytos2018-e1740830076692.jpg\",\"contentUrl\":\"https:\/\/meripelastus.fi\/jyvaskyla\/wp-content\/uploads\/sites\/2\/2018\/05\/Sukellusnaytos2018-e1740830076692.jpg\",\"width\":3888,\"height\":1827},{\"@type\":\"BreadcrumbList\",\"@id\":\"https:\/\/meripelastus.fi\/jyvaskyla\/toiminta\/koulutus\/#breadcrumb\",\"itemListElement\":[{\"@type\":\"ListItem\",\"position\":1,\"name\":\"Etusivu\",\"item\":\"https:\/\/meripelastus.fi\/jyvaskyla\/\"},{\"@type\":\"ListItem\",\"position\":2,\"name\":\"Toiminta\",\"item\":\"https:\/\/meripelastus.fi\/jyvaskyla\/toiminta\/\"},{\"@type\":\"ListItem\",\"position\":3,\"name\":\"Koulutus\"}]},{\"@type\":\"WebSite\",\"@id\":\"https:\/\/meripelastus.fi\/jyvaskyla\/#website\",\"url\":\"https:\/\/meripelastus.fi\/jyvaskyla\/\",\"name\":\"Jyv\u00e4skyl\u00e4n j\u00e4rvipelastajat\",\"description\":\"Vapaaehtoiset apunasi vesill\u00e4\",\"potentialAction\":[{\"@type\":\"SearchAction\",\"target\":{\"@type\":\"EntryPoint\",\"urlTemplate\":\"https:\/\/meripelastus.fi\/jyvaskyla\/?s={search_term_string}\"},\"query-input\":{\"@type\":\"PropertyValueSpecification\",\"valueRequired\":true,\"valueName\":\"search_term_string\"}}],\"inLanguage\":\"fi\"}]}<\/script>\n<!-- \/ Yoast SEO Premium plugin. -->","yoast_head_json":{"title":"Koulutus - Jyv\u00e4skyl\u00e4n j\u00e4rvipelastajat","robots":{"index":"index","follow":"follow","max-snippet":"max-snippet:-1","max-image-preview":"max-image-preview:large","max-video-preview":"max-video-preview:-1"},"canonical":"https:\/\/meripelastus.fi\/jyvaskyla\/toiminta\/koulutus\/","og_locale":"fi_FI","og_type":"article","og_title":"Koulutus","og_description":"Jyv\u00e4skyl\u00e4n j\u00e4rvipelastajien koulutustoimintaa ohjaa Suomen Meripelastusseuran koulutusj\u00e4rjestelm\u00e4. Koulutusj\u00e4rjestelm\u00e4n tavoitteena on taata vapaaehtoiselle meripelastajalle taidot, joiden avulla meripelastusaluksella toimiminen on turvallista ja tehokasta. Kaupallisen liikenteen p\u00e4tevyyskirjoja ei toiminnassa tarvita, sill\u00e4 oma koulutusj\u00e4rjestelm\u00e4 toimii alusturvallisuuslains\u00e4\u00e4d\u00e4nn\u00f6n mukaan miehist\u00f6n osaamisen pohjana. Meripelastusseuran koulutusj\u00e4rjestelm\u00e4 jakautuu miehist\u00f6n ja p\u00e4\u00e4llyst\u00f6n koulutussuunnitelmaan. Uudesta meripelastajasta koulutetaan ensin harjoittelija, ja yhden tai kahden aktiivisen harjoittelijakauden [&hellip;]","og_url":"https:\/\/meripelastus.fi\/jyvaskyla\/toiminta\/koulutus\/","og_site_name":"Jyv\u00e4skyl\u00e4n j\u00e4rvipelastajat","article_modified_time":"2025-03-01T11:54:46+00:00","og_image":[{"width":3888,"height":1827,"url":"https:\/\/meripelastus.fi\/jyvaskyla\/wp-content\/uploads\/sites\/2\/2018\/05\/Sukellusnaytos2018-e1740830076692.jpg","type":"image\/jpeg"}],"twitter_card":"summary_large_image","twitter_misc":{"Arvioitu lukuaika":"2 minuuttia"},"schema":{"@context":"https:\/\/schema.org","@graph":[{"@type":"WebPage","@id":"https:\/\/meripelastus.fi\/jyvaskyla\/toiminta\/koulutus\/","url":"https:\/\/meripelastus.fi\/jyvaskyla\/toiminta\/koulutus\/","name":"Koulutus - Jyv\u00e4skyl\u00e4n j\u00e4rvipelastajat","isPartOf":{"@id":"https:\/\/meripelastus.fi\/jyvaskyla\/#website"},"primaryImageOfPage":{"@id":"https:\/\/meripelastus.fi\/jyvaskyla\/toiminta\/koulutus\/#primaryimage"},"image":{"@id":"https:\/\/meripelastus.fi\/jyvaskyla\/toiminta\/koulutus\/#primaryimage"},"thumbnailUrl":"https:\/\/meripelastus.fi\/jyvaskyla\/wp-content\/uploads\/sites\/2\/2018\/05\/Sukellusnaytos2018-e1740830076692.jpg","datePublished":"2018-03-19T07:19:44+00:00","dateModified":"2025-03-01T11:54:46+00:00","breadcrumb":{"@id":"https:\/\/meripelastus.fi\/jyvaskyla\/toiminta\/koulutus\/#breadcrumb"},"inLanguage":"fi","potentialAction":[{"@type":"ReadAction","target":["https:\/\/meripelastus.fi\/jyvaskyla\/toiminta\/koulutus\/"]}]},{"@type":"ImageObject","inLanguage":"fi","@id":"https:\/\/meripelastus.fi\/jyvaskyla\/toiminta\/koulutus\/#primaryimage","url":"https:\/\/meripelastus.fi\/jyvaskyla\/wp-content\/uploads\/sites\/2\/2018\/05\/Sukellusnaytos2018-e1740830076692.jpg","contentUrl":"https:\/\/meripelastus.fi\/jyvaskyla\/wp-content\/uploads\/sites\/2\/2018\/05\/Sukellusnaytos2018-e1740830076692.jpg","width":3888,"height":1827},{"@type":"BreadcrumbList","@id":"https:\/\/meripelastus.fi\/jyvaskyla\/toiminta\/koulutus\/#breadcrumb","itemListElement":[{"@type":"ListItem","position":1,"name":"Etusivu","item":"https:\/\/meripelastus.fi\/jyvaskyla\/"},{"@type":"ListItem","position":2,"name":"Toiminta","item":"https:\/\/meripelastus.fi\/jyvaskyla\/toiminta\/"},{"@type":"ListItem","position":3,"name":"Koulutus"}]},{"@type":"WebSite","@id":"https:\/\/meripelastus.fi\/jyvaskyla\/#website","url":"https:\/\/meripelastus.fi\/jyvaskyla\/","name":"Jyv\u00e4skyl\u00e4n j\u00e4rvipelastajat","description":"Vapaaehtoiset apunasi vesill\u00e4","potentialAction":[{"@type":"SearchAction","target":{"@type":"EntryPoint","urlTemplate":"https:\/\/meripelastus.fi\/jyvaskyla\/?s={search_term_string}"},"query-input":{"@type":"PropertyValueSpecification","valueRequired":true,"valueName":"search_term_string"}}],"inLanguage":"fi"}]}},"_links":{"self":[{"href":"https:\/\/meripelastus.fi\/jyvaskyla\/wp-json\/wp\/v2\/pages\/30","targetHints":{"allow":["GET"]}}],"collection":[{"href":"https:\/\/meripelastus.fi\/jyvaskyla\/wp-json\/wp\/v2\/pages"}],"about":[{"href":"https:\/\/meripelastus.fi\/jyvaskyla\/wp-json\/wp\/v2\/types\/page"}],"author":[{"embeddable":true,"href":"https:\/\/meripelastus.fi\/jyvaskyla\/wp-json\/wp\/v2\/users\/4"}],"replies":[{"embeddable":true,"href":"https:\/\/meripelastus.fi\/jyvaskyla\/wp-json\/wp\/v2\/comments?post=30"}],"version-history":[{"count":31,"href":"https:\/\/meripelastus.fi\/jyvaskyla\/wp-json\/wp\/v2\/pages\/30\/revisions"}],"predecessor-version":[{"id":1031,"href":"https:\/\/meripelastus.fi\/jyvaskyla\/wp-json\/wp\/v2\/pages\/30\/revisions\/1031"}],"up":[{"embeddable":true,"href":"https:\/\/meripelastus.fi\/jyvaskyla\/wp-json\/wp\/v2\/pages\/20"}],"wp:featuredmedia":[{"embeddable":true,"href":"https:\/\/meripelastus.fi\/jyvaskyla\/wp-json\/wp\/v2\/media\/871"}],"wp:attachment":[{"href":"https:\/\/meripelastus.fi\/jyvaskyla\/wp-json\/wp\/v2\/media?parent=30"}],"curies":[{"name":"wp","href":"https:\/\/api.w.org\/{rel}","templated":true}]}}