{"id":28,"date":"2018-03-19T09:19:27","date_gmt":"2018-03-19T07:19:27","guid":{"rendered":"https:\/\/meripelastus.fi\/jyvaskyla\/?page_id=28"},"modified":"2025-03-01T14:04:51","modified_gmt":"2025-03-01T12:04:51","slug":"miehisto","status":"publish","type":"page","link":"https:\/\/meripelastus.fi\/jyvaskyla\/toiminta\/miehisto\/","title":{"rendered":"Miehist\u00f6"},"content":{"rendered":"<p>Miehist\u00f6mme koostuu eri ik\u00e4isist\u00e4 ja vaihtelevista koulutustaustoista tulevista vapaaehtoisista. Mukaan toimintaamme mahtuvat erilaiset ihmiset sukupuolesta ja muista seikoista riippumatta. Aikaisempaa veneilykokemusta ei tarvita, vaan t\u00e4rkeint\u00e4 on innostus ja halu oppia uutta sek\u00e4 sitoutua toimintaan.<\/p>\n\n\n<p><\/p>\n","protected":false},"excerpt":{"rendered":"<p>Miehist\u00f6mme koostuu eri ik\u00e4isist\u00e4 ja vaihtelevista koulutustaustoista tulevista vapaaehtoisista. Mukaan toimintaamme mahtuvat erilaiset ihmiset sukupuolesta ja muista seikoista riippumatta. Aikaisempaa veneilykokemusta ei tarvita, vaan t\u00e4rkeint\u00e4 on innostus ja halu oppia uutta sek\u00e4 sitoutua toimintaan.<\/p>\n","protected":false},"author":4,"featured_media":882,"parent":20,"menu_order":0,"comment_status":"closed","ping_status":"closed","template":"","meta":{"_acf_changed":false,"inline_featured_image":false,"footnotes":""},"class_list":["post-28","page","type-page","status-publish","has-post-thumbnail","hentry"],"acf":[],"yoast_head":"<!-- This site is optimized with the Yoast SEO Premium plugin v27.2 (Yoast SEO v27.2) - https:\/\/yoast.com\/product\/yoast-seo-premium-wordpress\/ -->\n<title>Miehist\u00f6 - Jyv\u00e4skyl\u00e4n j\u00e4rvipelastajat<\/title>\n<meta name=\"robots\" content=\"index, follow, max-snippet:-1, max-image-preview:large, max-video-preview:-1\" \/>\n<link rel=\"canonical\" href=\"https:\/\/meripelastus.fi\/jyvaskyla\/toiminta\/miehisto\/\" \/>\n<meta property=\"og:locale\" content=\"fi_FI\" \/>\n<meta property=\"og:type\" content=\"article\" \/>\n<meta property=\"og:title\" content=\"Miehist\u00f6\" \/>\n<meta property=\"og:description\" content=\"Miehist\u00f6mme koostuu eri ik\u00e4isist\u00e4 ja vaihtelevista koulutustaustoista tulevista vapaaehtoisista. Mukaan toimintaamme mahtuvat erilaiset ihmiset sukupuolesta ja muista seikoista riippumatta. Aikaisempaa veneilykokemusta ei tarvita, vaan t\u00e4rkeint\u00e4 on innostus ja halu oppia uutta sek\u00e4 sitoutua toimintaan.\" \/>\n<meta property=\"og:url\" content=\"https:\/\/meripelastus.fi\/jyvaskyla\/toiminta\/miehisto\/\" \/>\n<meta property=\"og:site_name\" content=\"Jyv\u00e4skyl\u00e4n j\u00e4rvipelastajat\" \/>\n<meta property=\"article:modified_time\" content=\"2025-03-01T12:04:51+00:00\" \/>\n<meta property=\"og:image\" content=\"https:\/\/meripelastus.fi\/jyvaskyla\/wp-content\/uploads\/sites\/2\/2018\/08\/Miehisto2018uusi.jpg\" \/>\n\t<meta property=\"og:image:width\" content=\"960\" \/>\n\t<meta property=\"og:image:height\" content=\"540\" \/>\n\t<meta property=\"og:image:type\" content=\"image\/jpeg\" \/>\n<meta name=\"twitter:card\" content=\"summary_large_image\" \/>\n<meta name=\"twitter:label1\" content=\"Arvioitu lukuaika\" \/>\n\t<meta name=\"twitter:data1\" content=\"1 minuutti\" \/>\n<script type=\"application\/ld+json\" class=\"yoast-schema-graph\">{\"@context\":\"https:\/\/schema.org\",\"@graph\":[{\"@type\":\"WebPage\",\"@id\":\"https:\/\/meripelastus.fi\/jyvaskyla\/toiminta\/miehisto\/\",\"url\":\"https:\/\/meripelastus.fi\/jyvaskyla\/toiminta\/miehisto\/\",\"name\":\"Miehist\u00f6 - Jyv\u00e4skyl\u00e4n j\u00e4rvipelastajat\",\"isPartOf\":{\"@id\":\"https:\/\/meripelastus.fi\/jyvaskyla\/#website\"},\"primaryImageOfPage\":{\"@id\":\"https:\/\/meripelastus.fi\/jyvaskyla\/toiminta\/miehisto\/#primaryimage\"},\"image\":{\"@id\":\"https:\/\/meripelastus.fi\/jyvaskyla\/toiminta\/miehisto\/#primaryimage\"},\"thumbnailUrl\":\"https:\/\/meripelastus.fi\/jyvaskyla\/wp-content\/uploads\/sites\/2\/2018\/08\/Miehisto2018uusi.jpg\",\"datePublished\":\"2018-03-19T07:19:27+00:00\",\"dateModified\":\"2025-03-01T12:04:51+00:00\",\"breadcrumb\":{\"@id\":\"https:\/\/meripelastus.fi\/jyvaskyla\/toiminta\/miehisto\/#breadcrumb\"},\"inLanguage\":\"fi\",\"potentialAction\":[{\"@type\":\"ReadAction\",\"target\":[\"https:\/\/meripelastus.fi\/jyvaskyla\/toiminta\/miehisto\/\"]}]},{\"@type\":\"ImageObject\",\"inLanguage\":\"fi\",\"@id\":\"https:\/\/meripelastus.fi\/jyvaskyla\/toiminta\/miehisto\/#primaryimage\",\"url\":\"https:\/\/meripelastus.fi\/jyvaskyla\/wp-content\/uploads\/sites\/2\/2018\/08\/Miehisto2018uusi.jpg\",\"contentUrl\":\"https:\/\/meripelastus.fi\/jyvaskyla\/wp-content\/uploads\/sites\/2\/2018\/08\/Miehisto2018uusi.jpg\",\"width\":960,\"height\":540},{\"@type\":\"BreadcrumbList\",\"@id\":\"https:\/\/meripelastus.fi\/jyvaskyla\/toiminta\/miehisto\/#breadcrumb\",\"itemListElement\":[{\"@type\":\"ListItem\",\"position\":1,\"name\":\"Etusivu\",\"item\":\"https:\/\/meripelastus.fi\/jyvaskyla\/\"},{\"@type\":\"ListItem\",\"position\":2,\"name\":\"Toiminta\",\"item\":\"https:\/\/meripelastus.fi\/jyvaskyla\/toiminta\/\"},{\"@type\":\"ListItem\",\"position\":3,\"name\":\"Miehist\u00f6\"}]},{\"@type\":\"WebSite\",\"@id\":\"https:\/\/meripelastus.fi\/jyvaskyla\/#website\",\"url\":\"https:\/\/meripelastus.fi\/jyvaskyla\/\",\"name\":\"Jyv\u00e4skyl\u00e4n j\u00e4rvipelastajat\",\"description\":\"Vapaaehtoiset apunasi vesill\u00e4\",\"potentialAction\":[{\"@type\":\"SearchAction\",\"target\":{\"@type\":\"EntryPoint\",\"urlTemplate\":\"https:\/\/meripelastus.fi\/jyvaskyla\/?s={search_term_string}\"},\"query-input\":{\"@type\":\"PropertyValueSpecification\",\"valueRequired\":true,\"valueName\":\"search_term_string\"}}],\"inLanguage\":\"fi\"}]}<\/script>\n<!-- \/ Yoast SEO Premium plugin. -->","yoast_head_json":{"title":"Miehist\u00f6 - Jyv\u00e4skyl\u00e4n j\u00e4rvipelastajat","robots":{"index":"index","follow":"follow","max-snippet":"max-snippet:-1","max-image-preview":"max-image-preview:large","max-video-preview":"max-video-preview:-1"},"canonical":"https:\/\/meripelastus.fi\/jyvaskyla\/toiminta\/miehisto\/","og_locale":"fi_FI","og_type":"article","og_title":"Miehist\u00f6","og_description":"Miehist\u00f6mme koostuu eri ik\u00e4isist\u00e4 ja vaihtelevista koulutustaustoista tulevista vapaaehtoisista. Mukaan toimintaamme mahtuvat erilaiset ihmiset sukupuolesta ja muista seikoista riippumatta. Aikaisempaa veneilykokemusta ei tarvita, vaan t\u00e4rkeint\u00e4 on innostus ja halu oppia uutta sek\u00e4 sitoutua toimintaan.","og_url":"https:\/\/meripelastus.fi\/jyvaskyla\/toiminta\/miehisto\/","og_site_name":"Jyv\u00e4skyl\u00e4n j\u00e4rvipelastajat","article_modified_time":"2025-03-01T12:04:51+00:00","og_image":[{"width":960,"height":540,"url":"https:\/\/meripelastus.fi\/jyvaskyla\/wp-content\/uploads\/sites\/2\/2018\/08\/Miehisto2018uusi.jpg","type":"image\/jpeg"}],"twitter_card":"summary_large_image","twitter_misc":{"Arvioitu lukuaika":"1 minuutti"},"schema":{"@context":"https:\/\/schema.org","@graph":[{"@type":"WebPage","@id":"https:\/\/meripelastus.fi\/jyvaskyla\/toiminta\/miehisto\/","url":"https:\/\/meripelastus.fi\/jyvaskyla\/toiminta\/miehisto\/","name":"Miehist\u00f6 - Jyv\u00e4skyl\u00e4n j\u00e4rvipelastajat","isPartOf":{"@id":"https:\/\/meripelastus.fi\/jyvaskyla\/#website"},"primaryImageOfPage":{"@id":"https:\/\/meripelastus.fi\/jyvaskyla\/toiminta\/miehisto\/#primaryimage"},"image":{"@id":"https:\/\/meripelastus.fi\/jyvaskyla\/toiminta\/miehisto\/#primaryimage"},"thumbnailUrl":"https:\/\/meripelastus.fi\/jyvaskyla\/wp-content\/uploads\/sites\/2\/2018\/08\/Miehisto2018uusi.jpg","datePublished":"2018-03-19T07:19:27+00:00","dateModified":"2025-03-01T12:04:51+00:00","breadcrumb":{"@id":"https:\/\/meripelastus.fi\/jyvaskyla\/toiminta\/miehisto\/#breadcrumb"},"inLanguage":"fi","potentialAction":[{"@type":"ReadAction","target":["https:\/\/meripelastus.fi\/jyvaskyla\/toiminta\/miehisto\/"]}]},{"@type":"ImageObject","inLanguage":"fi","@id":"https:\/\/meripelastus.fi\/jyvaskyla\/toiminta\/miehisto\/#primaryimage","url":"https:\/\/meripelastus.fi\/jyvaskyla\/wp-content\/uploads\/sites\/2\/2018\/08\/Miehisto2018uusi.jpg","contentUrl":"https:\/\/meripelastus.fi\/jyvaskyla\/wp-content\/uploads\/sites\/2\/2018\/08\/Miehisto2018uusi.jpg","width":960,"height":540},{"@type":"BreadcrumbList","@id":"https:\/\/meripelastus.fi\/jyvaskyla\/toiminta\/miehisto\/#breadcrumb","itemListElement":[{"@type":"ListItem","position":1,"name":"Etusivu","item":"https:\/\/meripelastus.fi\/jyvaskyla\/"},{"@type":"ListItem","position":2,"name":"Toiminta","item":"https:\/\/meripelastus.fi\/jyvaskyla\/toiminta\/"},{"@type":"ListItem","position":3,"name":"Miehist\u00f6"}]},{"@type":"WebSite","@id":"https:\/\/meripelastus.fi\/jyvaskyla\/#website","url":"https:\/\/meripelastus.fi\/jyvaskyla\/","name":"Jyv\u00e4skyl\u00e4n j\u00e4rvipelastajat","description":"Vapaaehtoiset apunasi vesill\u00e4","potentialAction":[{"@type":"SearchAction","target":{"@type":"EntryPoint","urlTemplate":"https:\/\/meripelastus.fi\/jyvaskyla\/?s={search_term_string}"},"query-input":{"@type":"PropertyValueSpecification","valueRequired":true,"valueName":"search_term_string"}}],"inLanguage":"fi"}]}},"_links":{"self":[{"href":"https:\/\/meripelastus.fi\/jyvaskyla\/wp-json\/wp\/v2\/pages\/28","targetHints":{"allow":["GET"]}}],"collection":[{"href":"https:\/\/meripelastus.fi\/jyvaskyla\/wp-json\/wp\/v2\/pages"}],"about":[{"href":"https:\/\/meripelastus.fi\/jyvaskyla\/wp-json\/wp\/v2\/types\/page"}],"author":[{"embeddable":true,"href":"https:\/\/meripelastus.fi\/jyvaskyla\/wp-json\/wp\/v2\/users\/4"}],"replies":[{"embeddable":true,"href":"https:\/\/meripelastus.fi\/jyvaskyla\/wp-json\/wp\/v2\/comments?post=28"}],"version-history":[{"count":15,"href":"https:\/\/meripelastus.fi\/jyvaskyla\/wp-json\/wp\/v2\/pages\/28\/revisions"}],"predecessor-version":[{"id":1101,"href":"https:\/\/meripelastus.fi\/jyvaskyla\/wp-json\/wp\/v2\/pages\/28\/revisions\/1101"}],"up":[{"embeddable":true,"href":"https:\/\/meripelastus.fi\/jyvaskyla\/wp-json\/wp\/v2\/pages\/20"}],"wp:featuredmedia":[{"embeddable":true,"href":"https:\/\/meripelastus.fi\/jyvaskyla\/wp-json\/wp\/v2\/media\/882"}],"wp:attachment":[{"href":"https:\/\/meripelastus.fi\/jyvaskyla\/wp-json\/wp\/v2\/media?parent=28"}],"curies":[{"name":"wp","href":"https:\/\/api.w.org\/{rel}","templated":true}]}}