{"id":26,"date":"2018-03-19T09:19:10","date_gmt":"2018-03-19T07:19:10","guid":{"rendered":"https:\/\/meripelastus.fi\/jyvaskyla\/?page_id=26"},"modified":"2025-03-22T16:51:34","modified_gmt":"2025-03-22T14:51:34","slug":"alukset","status":"publish","type":"page","link":"https:\/\/meripelastus.fi\/jyvaskyla\/toiminta\/alukset\/","title":{"rendered":"Alukset"},"content":{"rendered":"<p><strong><a href=\"https:\/\/meripelastus.fi\/jyvaskyla\/toiminta\/alukset\/ankka2\/\" rel=\"attachment wp-att-559\"><img loading=\"lazy\" decoding=\"async\" class=\"alignnone size-large wp-image-559\" src=\"https:\/\/meripelastus.fi\/jyvaskyla\/wp-content\/uploads\/sites\/2\/2018\/05\/Ankka2-1024x502.jpg\" alt=\"\" width=\"1024\" height=\"502\" srcset=\"https:\/\/meripelastus.fi\/jyvaskyla\/wp-content\/uploads\/sites\/2\/2018\/05\/Ankka2-1024x502.jpg 1024w, https:\/\/meripelastus.fi\/jyvaskyla\/wp-content\/uploads\/sites\/2\/2018\/05\/Ankka2-300x147.jpg 300w, https:\/\/meripelastus.fi\/jyvaskyla\/wp-content\/uploads\/sites\/2\/2018\/05\/Ankka2-768x376.jpg 768w\" sizes=\"auto, (max-width: 1024px) 100vw, 1024px\" \/><\/a><\/strong><\/p>\n<p><strong>PV307 L\u00e4hitapiola<\/strong><\/p>\n<p>Asemapaikka: Noukanniemi<br \/>\nRakennettu: 2004<br \/>\nKoneteho: 368 kW<br \/>\nMateriaali: RIB<br \/>\nPropulsio: Per\u00e4moottori<br \/>\nNopeus: 40 kn<br \/>\nPituus: 10,4 m<br \/>\nLeveys: 3,5 m<br \/>\nPaino: 4,0 tn<br \/>\nMiehist\u00f6: 2<\/p>\n<p>____________________________________________________________________________________<\/p>\n<p><img loading=\"lazy\" decoding=\"async\" class=\"alignnone wp-image-1071 \" src=\"https:\/\/meripelastus.fi\/jyvaskyla\/wp-content\/uploads\/sites\/2\/2025\/03\/Unknown-e1740828242957-300x149.jpeg\" alt=\"\" width=\"932\" height=\"463\" srcset=\"https:\/\/meripelastus.fi\/jyvaskyla\/wp-content\/uploads\/sites\/2\/2025\/03\/Unknown-e1740828242957-300x149.jpeg 300w, https:\/\/meripelastus.fi\/jyvaskyla\/wp-content\/uploads\/sites\/2\/2025\/03\/Unknown-e1740828242957-1024x509.jpeg 1024w, https:\/\/meripelastus.fi\/jyvaskyla\/wp-content\/uploads\/sites\/2\/2025\/03\/Unknown-e1740828242957-768x382.jpeg 768w, https:\/\/meripelastus.fi\/jyvaskyla\/wp-content\/uploads\/sites\/2\/2025\/03\/Unknown-e1740828242957-1536x763.jpeg 1536w, https:\/\/meripelastus.fi\/jyvaskyla\/wp-content\/uploads\/sites\/2\/2025\/03\/Unknown-e1740828242957.jpeg 1600w\" sizes=\"auto, (max-width: 932px) 100vw, 932px\" \/><\/p>\n<p><strong>PV310 Korpilahti<br \/>\n<\/strong><\/p>\n<p>Asemapaikka: Korpilahden satama<br \/>\nRakennettu: 2005<br \/>\nKoneteho: 354 kW<br \/>\nMateriaali: RIB<br \/>\nPropulsio: Vesisuihku<br \/>\nNopeus: 30 kn<br \/>\nPituus: 10,9 m<br \/>\nLeveys: 3,6 m<br \/>\nPaino: 4,5 tn<br \/>\nMiehist\u00f6: 2<\/p>\n<p>____________________________________________________________________________________<\/p>\n<p><img loading=\"lazy\" decoding=\"async\" class=\"alignnone  wp-image-1171\" src=\"https:\/\/meripelastus.fi\/jyvaskyla\/wp-content\/uploads\/sites\/2\/2025\/03\/WhatsApp-Image-2025-03-01-at-2.18.54-PM-e1742655061798-300x149.jpeg\" alt=\"\" width=\"880\" height=\"437\" srcset=\"https:\/\/meripelastus.fi\/jyvaskyla\/wp-content\/uploads\/sites\/2\/2025\/03\/WhatsApp-Image-2025-03-01-at-2.18.54-PM-e1742655061798-300x149.jpeg 300w, https:\/\/meripelastus.fi\/jyvaskyla\/wp-content\/uploads\/sites\/2\/2025\/03\/WhatsApp-Image-2025-03-01-at-2.18.54-PM-e1742655061798-1024x510.jpeg 1024w, https:\/\/meripelastus.fi\/jyvaskyla\/wp-content\/uploads\/sites\/2\/2025\/03\/WhatsApp-Image-2025-03-01-at-2.18.54-PM-e1742655061798-768x382.jpeg 768w, https:\/\/meripelastus.fi\/jyvaskyla\/wp-content\/uploads\/sites\/2\/2025\/03\/WhatsApp-Image-2025-03-01-at-2.18.54-PM-e1742655061798.jpeg 1237w\" sizes=\"auto, (max-width: 880px) 100vw, 880px\" \/><\/p>\n<p><strong>PV136 K\u00e4tkytsaari<\/strong><\/p>\n<p>Asemapaikka: Kuokkalan pienvenesatama<br \/>\nRakennettu: 2011<br \/>\nValmistaja: HT Engineering Oy<br \/>\nKoneteho: 217 kW<br \/>\nMateriaali: Alumiini<br \/>\nPropulsio: Vesisuihku<br \/>\nNopeus: 29 kn<br \/>\nPituus: 7.95 m<br \/>\nLeveys: 2,85 m<br \/>\nMiehist\u00f6: 2<\/p>\n","protected":false},"excerpt":{"rendered":"<p>PV307 L\u00e4hitapiola Asemapaikka: Noukanniemi Rakennettu: 2004 Koneteho: 368 kW Materiaali: RIB Propulsio: Per\u00e4moottori Nopeus: 40 kn Pituus: 10,4 m Leveys: 3,5 m Paino: 4,0 tn Miehist\u00f6: 2 ____________________________________________________________________________________ PV310 Korpilahti Asemapaikka: Korpilahden satama Rakennettu: 2005 Koneteho: 354 kW Materiaali: RIB Propulsio: Vesisuihku Nopeus: 30 kn Pituus: 10,9 m Leveys: 3,6 m Paino: 4,5 tn Miehist\u00f6: [&hellip;]<\/p>\n","protected":false},"author":4,"featured_media":0,"parent":20,"menu_order":0,"comment_status":"closed","ping_status":"closed","template":"","meta":{"_acf_changed":false,"inline_featured_image":false,"footnotes":""},"class_list":["post-26","page","type-page","status-publish","hentry"],"acf":[],"yoast_head":"<!-- This site is optimized with the Yoast SEO Premium plugin v27.2 (Yoast SEO v27.2) - https:\/\/yoast.com\/product\/yoast-seo-premium-wordpress\/ -->\n<title>Alukset - Jyv\u00e4skyl\u00e4n j\u00e4rvipelastajat<\/title>\n<meta name=\"robots\" content=\"index, follow, max-snippet:-1, max-image-preview:large, max-video-preview:-1\" \/>\n<link rel=\"canonical\" href=\"https:\/\/meripelastus.fi\/jyvaskyla\/toiminta\/alukset\/\" \/>\n<meta property=\"og:locale\" content=\"fi_FI\" \/>\n<meta property=\"og:type\" content=\"article\" \/>\n<meta property=\"og:title\" content=\"Alukset\" \/>\n<meta property=\"og:description\" content=\"PV307 L\u00e4hitapiola Asemapaikka: Noukanniemi Rakennettu: 2004 Koneteho: 368 kW Materiaali: RIB Propulsio: Per\u00e4moottori Nopeus: 40 kn Pituus: 10,4 m Leveys: 3,5 m Paino: 4,0 tn Miehist\u00f6: 2 ____________________________________________________________________________________ PV310 Korpilahti Asemapaikka: Korpilahden satama Rakennettu: 2005 Koneteho: 354 kW Materiaali: RIB Propulsio: Vesisuihku Nopeus: 30 kn Pituus: 10,9 m Leveys: 3,6 m Paino: 4,5 tn Miehist\u00f6: [&hellip;]\" \/>\n<meta property=\"og:url\" content=\"https:\/\/meripelastus.fi\/jyvaskyla\/toiminta\/alukset\/\" \/>\n<meta property=\"og:site_name\" content=\"Jyv\u00e4skyl\u00e4n j\u00e4rvipelastajat\" \/>\n<meta property=\"article:modified_time\" content=\"2025-03-22T14:51:34+00:00\" \/>\n<meta property=\"og:image\" content=\"https:\/\/meripelastus.fi\/jyvaskyla\/wp-content\/uploads\/sites\/2\/2018\/05\/Ankka2.jpg\" \/>\n\t<meta property=\"og:image:width\" content=\"2746\" \/>\n\t<meta property=\"og:image:height\" content=\"1345\" \/>\n\t<meta property=\"og:image:type\" content=\"image\/jpeg\" \/>\n<meta name=\"twitter:card\" content=\"summary_large_image\" \/>\n<meta name=\"twitter:label1\" content=\"Arvioitu lukuaika\" \/>\n\t<meta name=\"twitter:data1\" content=\"2 minuuttia\" \/>\n<script type=\"application\/ld+json\" class=\"yoast-schema-graph\">{\"@context\":\"https:\/\/schema.org\",\"@graph\":[{\"@type\":\"WebPage\",\"@id\":\"https:\/\/meripelastus.fi\/jyvaskyla\/toiminta\/alukset\/\",\"url\":\"https:\/\/meripelastus.fi\/jyvaskyla\/toiminta\/alukset\/\",\"name\":\"Alukset - Jyv\u00e4skyl\u00e4n j\u00e4rvipelastajat\",\"isPartOf\":{\"@id\":\"https:\/\/meripelastus.fi\/jyvaskyla\/#website\"},\"primaryImageOfPage\":{\"@id\":\"https:\/\/meripelastus.fi\/jyvaskyla\/toiminta\/alukset\/#primaryimage\"},\"image\":{\"@id\":\"https:\/\/meripelastus.fi\/jyvaskyla\/toiminta\/alukset\/#primaryimage\"},\"thumbnailUrl\":\"https:\/\/meripelastus.fi\/jyvaskyla\/wp-content\/uploads\/sites\/2\/2018\/05\/Ankka2-1024x502.jpg\",\"datePublished\":\"2018-03-19T07:19:10+00:00\",\"dateModified\":\"2025-03-22T14:51:34+00:00\",\"breadcrumb\":{\"@id\":\"https:\/\/meripelastus.fi\/jyvaskyla\/toiminta\/alukset\/#breadcrumb\"},\"inLanguage\":\"fi\",\"potentialAction\":[{\"@type\":\"ReadAction\",\"target\":[\"https:\/\/meripelastus.fi\/jyvaskyla\/toiminta\/alukset\/\"]}]},{\"@type\":\"ImageObject\",\"inLanguage\":\"fi\",\"@id\":\"https:\/\/meripelastus.fi\/jyvaskyla\/toiminta\/alukset\/#primaryimage\",\"url\":\"https:\/\/meripelastus.fi\/jyvaskyla\/wp-content\/uploads\/sites\/2\/2018\/05\/Ankka2.jpg\",\"contentUrl\":\"https:\/\/meripelastus.fi\/jyvaskyla\/wp-content\/uploads\/sites\/2\/2018\/05\/Ankka2.jpg\",\"width\":2746,\"height\":1345},{\"@type\":\"BreadcrumbList\",\"@id\":\"https:\/\/meripelastus.fi\/jyvaskyla\/toiminta\/alukset\/#breadcrumb\",\"itemListElement\":[{\"@type\":\"ListItem\",\"position\":1,\"name\":\"Etusivu\",\"item\":\"https:\/\/meripelastus.fi\/jyvaskyla\/\"},{\"@type\":\"ListItem\",\"position\":2,\"name\":\"Toiminta\",\"item\":\"https:\/\/meripelastus.fi\/jyvaskyla\/toiminta\/\"},{\"@type\":\"ListItem\",\"position\":3,\"name\":\"Alukset\"}]},{\"@type\":\"WebSite\",\"@id\":\"https:\/\/meripelastus.fi\/jyvaskyla\/#website\",\"url\":\"https:\/\/meripelastus.fi\/jyvaskyla\/\",\"name\":\"Jyv\u00e4skyl\u00e4n j\u00e4rvipelastajat\",\"description\":\"Vapaaehtoiset apunasi vesill\u00e4\",\"potentialAction\":[{\"@type\":\"SearchAction\",\"target\":{\"@type\":\"EntryPoint\",\"urlTemplate\":\"https:\/\/meripelastus.fi\/jyvaskyla\/?s={search_term_string}\"},\"query-input\":{\"@type\":\"PropertyValueSpecification\",\"valueRequired\":true,\"valueName\":\"search_term_string\"}}],\"inLanguage\":\"fi\"}]}<\/script>\n<!-- \/ Yoast SEO Premium plugin. -->","yoast_head_json":{"title":"Alukset - Jyv\u00e4skyl\u00e4n j\u00e4rvipelastajat","robots":{"index":"index","follow":"follow","max-snippet":"max-snippet:-1","max-image-preview":"max-image-preview:large","max-video-preview":"max-video-preview:-1"},"canonical":"https:\/\/meripelastus.fi\/jyvaskyla\/toiminta\/alukset\/","og_locale":"fi_FI","og_type":"article","og_title":"Alukset","og_description":"PV307 L\u00e4hitapiola Asemapaikka: Noukanniemi Rakennettu: 2004 Koneteho: 368 kW Materiaali: RIB Propulsio: Per\u00e4moottori Nopeus: 40 kn Pituus: 10,4 m Leveys: 3,5 m Paino: 4,0 tn Miehist\u00f6: 2 ____________________________________________________________________________________ PV310 Korpilahti Asemapaikka: Korpilahden satama Rakennettu: 2005 Koneteho: 354 kW Materiaali: RIB Propulsio: Vesisuihku Nopeus: 30 kn Pituus: 10,9 m Leveys: 3,6 m Paino: 4,5 tn Miehist\u00f6: [&hellip;]","og_url":"https:\/\/meripelastus.fi\/jyvaskyla\/toiminta\/alukset\/","og_site_name":"Jyv\u00e4skyl\u00e4n j\u00e4rvipelastajat","article_modified_time":"2025-03-22T14:51:34+00:00","og_image":[{"width":2746,"height":1345,"url":"https:\/\/meripelastus.fi\/jyvaskyla\/wp-content\/uploads\/sites\/2\/2018\/05\/Ankka2.jpg","type":"image\/jpeg"}],"twitter_card":"summary_large_image","twitter_misc":{"Arvioitu lukuaika":"2 minuuttia"},"schema":{"@context":"https:\/\/schema.org","@graph":[{"@type":"WebPage","@id":"https:\/\/meripelastus.fi\/jyvaskyla\/toiminta\/alukset\/","url":"https:\/\/meripelastus.fi\/jyvaskyla\/toiminta\/alukset\/","name":"Alukset - Jyv\u00e4skyl\u00e4n j\u00e4rvipelastajat","isPartOf":{"@id":"https:\/\/meripelastus.fi\/jyvaskyla\/#website"},"primaryImageOfPage":{"@id":"https:\/\/meripelastus.fi\/jyvaskyla\/toiminta\/alukset\/#primaryimage"},"image":{"@id":"https:\/\/meripelastus.fi\/jyvaskyla\/toiminta\/alukset\/#primaryimage"},"thumbnailUrl":"https:\/\/meripelastus.fi\/jyvaskyla\/wp-content\/uploads\/sites\/2\/2018\/05\/Ankka2-1024x502.jpg","datePublished":"2018-03-19T07:19:10+00:00","dateModified":"2025-03-22T14:51:34+00:00","breadcrumb":{"@id":"https:\/\/meripelastus.fi\/jyvaskyla\/toiminta\/alukset\/#breadcrumb"},"inLanguage":"fi","potentialAction":[{"@type":"ReadAction","target":["https:\/\/meripelastus.fi\/jyvaskyla\/toiminta\/alukset\/"]}]},{"@type":"ImageObject","inLanguage":"fi","@id":"https:\/\/meripelastus.fi\/jyvaskyla\/toiminta\/alukset\/#primaryimage","url":"https:\/\/meripelastus.fi\/jyvaskyla\/wp-content\/uploads\/sites\/2\/2018\/05\/Ankka2.jpg","contentUrl":"https:\/\/meripelastus.fi\/jyvaskyla\/wp-content\/uploads\/sites\/2\/2018\/05\/Ankka2.jpg","width":2746,"height":1345},{"@type":"BreadcrumbList","@id":"https:\/\/meripelastus.fi\/jyvaskyla\/toiminta\/alukset\/#breadcrumb","itemListElement":[{"@type":"ListItem","position":1,"name":"Etusivu","item":"https:\/\/meripelastus.fi\/jyvaskyla\/"},{"@type":"ListItem","position":2,"name":"Toiminta","item":"https:\/\/meripelastus.fi\/jyvaskyla\/toiminta\/"},{"@type":"ListItem","position":3,"name":"Alukset"}]},{"@type":"WebSite","@id":"https:\/\/meripelastus.fi\/jyvaskyla\/#website","url":"https:\/\/meripelastus.fi\/jyvaskyla\/","name":"Jyv\u00e4skyl\u00e4n j\u00e4rvipelastajat","description":"Vapaaehtoiset apunasi vesill\u00e4","potentialAction":[{"@type":"SearchAction","target":{"@type":"EntryPoint","urlTemplate":"https:\/\/meripelastus.fi\/jyvaskyla\/?s={search_term_string}"},"query-input":{"@type":"PropertyValueSpecification","valueRequired":true,"valueName":"search_term_string"}}],"inLanguage":"fi"}]}},"_links":{"self":[{"href":"https:\/\/meripelastus.fi\/jyvaskyla\/wp-json\/wp\/v2\/pages\/26","targetHints":{"allow":["GET"]}}],"collection":[{"href":"https:\/\/meripelastus.fi\/jyvaskyla\/wp-json\/wp\/v2\/pages"}],"about":[{"href":"https:\/\/meripelastus.fi\/jyvaskyla\/wp-json\/wp\/v2\/types\/page"}],"author":[{"embeddable":true,"href":"https:\/\/meripelastus.fi\/jyvaskyla\/wp-json\/wp\/v2\/users\/4"}],"replies":[{"embeddable":true,"href":"https:\/\/meripelastus.fi\/jyvaskyla\/wp-json\/wp\/v2\/comments?post=26"}],"version-history":[{"count":22,"href":"https:\/\/meripelastus.fi\/jyvaskyla\/wp-json\/wp\/v2\/pages\/26\/revisions"}],"predecessor-version":[{"id":1174,"href":"https:\/\/meripelastus.fi\/jyvaskyla\/wp-json\/wp\/v2\/pages\/26\/revisions\/1174"}],"up":[{"embeddable":true,"href":"https:\/\/meripelastus.fi\/jyvaskyla\/wp-json\/wp\/v2\/pages\/20"}],"wp:attachment":[{"href":"https:\/\/meripelastus.fi\/jyvaskyla\/wp-json\/wp\/v2\/media?parent=26"}],"curies":[{"name":"wp","href":"https:\/\/api.w.org\/{rel}","templated":true}]}}