{"id":18,"date":"2018-04-11T09:18:06","date_gmt":"2018-04-11T06:18:06","guid":{"rendered":"https:\/\/meripelastus.fi\/jyvaskyla\/?page_id=18"},"modified":"2026-01-02T02:10:12","modified_gmt":"2026-01-02T00:10:12","slug":"tukijat","status":"publish","type":"page","link":"https:\/\/meripelastus.fi\/jyvaskyla\/jyvaskylan-jarvipelastajat\/tukijat\/","title":{"rendered":"Tukijamme"},"content":{"rendered":"\n<p>Monet yritykset tukevat toimintaamme. Lis\u00e4ksi toimintaamme ovat tukeneet yksityishenkil\u00f6t lahjoituksilla.<br>Syd\u00e4mellinen kiitos kaikille tukijoillemme!<\/p>\n\n\n\n<p>&nbsp;<\/p>\n\n\n\n<p>&nbsp;&nbsp;&nbsp;<\/p>\n\n\n\n<div class=\"wp-block-columns is-layout-flex wp-container-core-columns-is-layout-9d6595d7 wp-block-columns-is-layout-flex\">\n<div class=\"wp-block-column is-vertically-aligned-center is-layout-flow wp-block-column-is-layout-flow\">\n<figure class=\"wp-block-image size-full is-resized is-style-default\"><a href=\"https:\/\/www.saynatsatama.com\/\" target=\"_blank\" rel=\" noreferrer noopener\"><img loading=\"lazy\" decoding=\"async\" width=\"577\" height=\"206\" src=\"https:\/\/meripelastus.fi\/jyvaskyla\/wp-content\/uploads\/sites\/2\/2025\/12\/SaynatsatamaVenealanAmmattilainen_logo.png\" alt=\"\" class=\"wp-image-1202\" style=\"width:auto;height:150px\" srcset=\"https:\/\/meripelastus.fi\/jyvaskyla\/wp-content\/uploads\/sites\/2\/2025\/12\/SaynatsatamaVenealanAmmattilainen_logo.png 577w, https:\/\/meripelastus.fi\/jyvaskyla\/wp-content\/uploads\/sites\/2\/2025\/12\/SaynatsatamaVenealanAmmattilainen_logo-300x107.png 300w\" sizes=\"auto, (max-width: 577px) 100vw, 577px\" \/><\/a><\/figure>\n<\/div>\n\n\n\n<div class=\"wp-block-column is-vertically-aligned-center is-layout-flow wp-block-column-is-layout-flow\"><div class=\"wp-block-image\">\n<figure class=\"alignright size-full is-resized\"><a href=\"https:\/\/www.laattaleevi.fi\" target=\"_blank\" rel=\" noreferrer noopener\"><img loading=\"lazy\" decoding=\"async\" width=\"200\" height=\"108\" src=\"https:\/\/meripelastus.fi\/jyvaskyla\/wp-content\/uploads\/sites\/2\/2025\/12\/logo-laattaleevi-sivu001_3.avif\" alt=\"\" class=\"wp-image-1201\" style=\"width:auto;height:150px\" \/><\/a><\/figure>\n<\/div><\/div>\n<\/div>\n\n\n\n<div class=\"wp-block-columns is-layout-flex wp-container-core-columns-is-layout-9d6595d7 wp-block-columns-is-layout-flex\">\n<div class=\"wp-block-column is-vertically-aligned-center is-layout-flow wp-block-column-is-layout-flow\">\n<figure class=\"wp-block-image size-full is-resized\"><a href=\"https:\/\/www.ahosen.fi\/\" target=\"_blank\" rel=\" noreferrer noopener\"><img loading=\"lazy\" decoding=\"async\" width=\"600\" height=\"190\" src=\"https:\/\/meripelastus.fi\/jyvaskyla\/wp-content\/uploads\/sites\/2\/2025\/12\/ahosen-logo2022.png\" alt=\"\" class=\"wp-image-1200\" style=\"width:auto;height:150px\" srcset=\"https:\/\/meripelastus.fi\/jyvaskyla\/wp-content\/uploads\/sites\/2\/2025\/12\/ahosen-logo2022.png 600w, https:\/\/meripelastus.fi\/jyvaskyla\/wp-content\/uploads\/sites\/2\/2025\/12\/ahosen-logo2022-300x95.png 300w\" sizes=\"auto, (max-width: 600px) 100vw, 600px\" \/><\/a><\/figure>\n<\/div>\n\n\n\n<div class=\"wp-block-column is-vertically-aligned-center is-layout-flow wp-block-column-is-layout-flow\"><div class=\"wp-block-image\">\n<figure class=\"alignright size-full is-resized\"><a href=\"https:\/\/www.palokanputkipalvelu.fi\/\" target=\"_blank\" rel=\" noreferrer noopener\"><img loading=\"lazy\" decoding=\"async\" width=\"768\" height=\"631\" src=\"https:\/\/meripelastus.fi\/jyvaskyla\/wp-content\/uploads\/sites\/2\/2025\/12\/Palokan-Putkipalvelu-Oy.png\" alt=\"\" class=\"wp-image-1199\" style=\"width:auto;height:150px\" srcset=\"https:\/\/meripelastus.fi\/jyvaskyla\/wp-content\/uploads\/sites\/2\/2025\/12\/Palokan-Putkipalvelu-Oy.png 768w, https:\/\/meripelastus.fi\/jyvaskyla\/wp-content\/uploads\/sites\/2\/2025\/12\/Palokan-Putkipalvelu-Oy-300x246.png 300w\" sizes=\"auto, (max-width: 768px) 100vw, 768px\" \/><\/a><\/figure>\n<\/div><\/div>\n<\/div>\n\n\n\n<div class=\"wp-block-columns is-layout-flex wp-container-core-columns-is-layout-9d6595d7 wp-block-columns-is-layout-flex\">\n<div class=\"wp-block-column is-vertically-aligned-center is-layout-flow wp-block-column-is-layout-flow\">\n<p><\/p>\n\n\n\n<p class=\"has-black-color has-text-color has-link-color has-large-font-size wp-elements-ee6dee2e4f4bfabe73e03b980dddb433\"><a href=\"https:\/\/www.kavaljeeri.fi\/\" target=\"_blank\" rel=\"noreferrer noopener\">Ravintolalaiva Kavaljeeri<\/a><\/p>\n<\/div>\n\n\n\n<div class=\"wp-block-column is-vertically-aligned-center is-layout-flow wp-block-column-is-layout-flow\">\n<p><\/p>\n\n\n\n<p class=\"has-text-align-right has-black-color has-text-color has-link-color has-large-font-size wp-elements-6b9518555e93ce363af328e1653e0ad9\"><a href=\"http:\/\/www.vaajakoskensahkopalvelu.fi\" target=\"_blank\" rel=\"noreferrer noopener\">Vaajakosken S\u00e4hk\u00f6palvelu Oy<\/a><\/p>\n<\/div>\n<\/div>\n\n\n\n<div class=\"wp-block-columns is-layout-flex wp-container-core-columns-is-layout-9d6595d7 wp-block-columns-is-layout-flex\">\n<div class=\"wp-block-column is-layout-flow wp-block-column-is-layout-flow\"><\/div>\n\n\n\n<div class=\"wp-block-column is-layout-flow wp-block-column-is-layout-flow\"><\/div>\n<\/div>\n\n\n\n<div class=\"wp-block-columns is-layout-flex wp-container-core-columns-is-layout-9d6595d7 wp-block-columns-is-layout-flex\">\n<div class=\"wp-block-column is-vertically-aligned-center is-layout-flow wp-block-column-is-layout-flow\">\n<figure class=\"wp-block-image size-full is-resized\"><a href=\"https:\/\/www.trio-keittiot.fi\/\" target=\"_blank\" rel=\" noreferrer noopener\"><img loading=\"lazy\" decoding=\"async\" width=\"955\" height=\"354\" src=\"https:\/\/meripelastus.fi\/jyvaskyla\/wp-content\/uploads\/sites\/2\/2025\/12\/trio-keittiot-logo.png\" alt=\"\" class=\"wp-image-1209\" style=\"width:auto;height:150px\" srcset=\"https:\/\/meripelastus.fi\/jyvaskyla\/wp-content\/uploads\/sites\/2\/2025\/12\/trio-keittiot-logo.png 955w, https:\/\/meripelastus.fi\/jyvaskyla\/wp-content\/uploads\/sites\/2\/2025\/12\/trio-keittiot-logo-300x111.png 300w, https:\/\/meripelastus.fi\/jyvaskyla\/wp-content\/uploads\/sites\/2\/2025\/12\/trio-keittiot-logo-768x285.png 768w\" sizes=\"auto, (max-width: 955px) 100vw, 955px\" \/><\/a><\/figure>\n<\/div>\n\n\n\n<div class=\"wp-block-column is-layout-flow wp-block-column-is-layout-flow\"><\/div>\n<\/div>\n","protected":false},"excerpt":{"rendered":"<p>Monet yritykset tukevat toimintaamme. Lis\u00e4ksi toimintaamme ovat tukeneet yksityishenkil\u00f6t lahjoituksilla.Syd\u00e4mellinen kiitos kaikille tukijoillemme! &nbsp; &nbsp;&nbsp;&nbsp; Ravintolalaiva Kavaljeeri Vaajakosken S\u00e4hk\u00f6palvelu Oy<\/p>\n","protected":false},"author":4,"featured_media":559,"parent":6,"menu_order":0,"comment_status":"closed","ping_status":"closed","template":"","meta":{"_acf_changed":false,"inline_featured_image":false,"footnotes":""},"class_list":["post-18","page","type-page","status-publish","has-post-thumbnail","hentry"],"acf":[],"yoast_head":"<!-- This site is optimized with the Yoast SEO Premium plugin v27.4 (Yoast SEO v27.4) - https:\/\/yoast.com\/product\/yoast-seo-premium-wordpress\/ -->\n<title>Tukijamme - Jyv\u00e4skyl\u00e4n j\u00e4rvipelastajat<\/title>\n<meta name=\"robots\" content=\"index, follow, max-snippet:-1, max-image-preview:large, max-video-preview:-1\" \/>\n<link rel=\"canonical\" href=\"https:\/\/meripelastus.fi\/jyvaskyla\/jyvaskylan-jarvipelastajat\/tukijat\/\" \/>\n<meta property=\"og:locale\" content=\"fi_FI\" \/>\n<meta property=\"og:type\" content=\"article\" \/>\n<meta property=\"og:title\" content=\"Tukijamme\" \/>\n<meta property=\"og:description\" content=\"Monet yritykset tukevat toimintaamme. Lis\u00e4ksi toimintaamme ovat tukeneet yksityishenkil\u00f6t lahjoituksilla.Syd\u00e4mellinen kiitos kaikille tukijoillemme! &nbsp; &nbsp;&nbsp;&nbsp; Ravintolalaiva Kavaljeeri Vaajakosken S\u00e4hk\u00f6palvelu Oy\" \/>\n<meta property=\"og:url\" content=\"https:\/\/meripelastus.fi\/jyvaskyla\/jyvaskylan-jarvipelastajat\/tukijat\/\" \/>\n<meta property=\"og:site_name\" content=\"Jyv\u00e4skyl\u00e4n j\u00e4rvipelastajat\" \/>\n<meta property=\"article:modified_time\" content=\"2026-01-02T00:10:12+00:00\" \/>\n<meta property=\"og:image\" content=\"https:\/\/meripelastus.fi\/jyvaskyla\/wp-content\/uploads\/sites\/2\/2018\/05\/Ankka2.jpg\" \/>\n\t<meta property=\"og:image:width\" content=\"2746\" \/>\n\t<meta property=\"og:image:height\" content=\"1345\" \/>\n\t<meta property=\"og:image:type\" content=\"image\/jpeg\" \/>\n<meta name=\"twitter:card\" content=\"summary_large_image\" \/>\n<meta name=\"twitter:label1\" content=\"Arvioitu lukuaika\" \/>\n\t<meta name=\"twitter:data1\" content=\"2 minuuttia\" \/>\n<script type=\"application\/ld+json\" class=\"yoast-schema-graph\">{\"@context\":\"https:\\\/\\\/schema.org\",\"@graph\":[{\"@type\":\"WebPage\",\"@id\":\"https:\\\/\\\/meripelastus.fi\\\/jyvaskyla\\\/jyvaskylan-jarvipelastajat\\\/tukijat\\\/\",\"url\":\"https:\\\/\\\/meripelastus.fi\\\/jyvaskyla\\\/jyvaskylan-jarvipelastajat\\\/tukijat\\\/\",\"name\":\"Tukijamme - Jyv\u00e4skyl\u00e4n j\u00e4rvipelastajat\",\"isPartOf\":{\"@id\":\"https:\\\/\\\/meripelastus.fi\\\/jyvaskyla\\\/#website\"},\"primaryImageOfPage\":{\"@id\":\"https:\\\/\\\/meripelastus.fi\\\/jyvaskyla\\\/jyvaskylan-jarvipelastajat\\\/tukijat\\\/#primaryimage\"},\"image\":{\"@id\":\"https:\\\/\\\/meripelastus.fi\\\/jyvaskyla\\\/jyvaskylan-jarvipelastajat\\\/tukijat\\\/#primaryimage\"},\"thumbnailUrl\":\"https:\\\/\\\/meripelastus.fi\\\/jyvaskyla\\\/wp-content\\\/uploads\\\/sites\\\/2\\\/2018\\\/05\\\/Ankka2.jpg\",\"datePublished\":\"2018-04-11T06:18:06+00:00\",\"dateModified\":\"2026-01-02T00:10:12+00:00\",\"breadcrumb\":{\"@id\":\"https:\\\/\\\/meripelastus.fi\\\/jyvaskyla\\\/jyvaskylan-jarvipelastajat\\\/tukijat\\\/#breadcrumb\"},\"inLanguage\":\"fi\",\"potentialAction\":[{\"@type\":\"ReadAction\",\"target\":[\"https:\\\/\\\/meripelastus.fi\\\/jyvaskyla\\\/jyvaskylan-jarvipelastajat\\\/tukijat\\\/\"]}]},{\"@type\":\"ImageObject\",\"inLanguage\":\"fi\",\"@id\":\"https:\\\/\\\/meripelastus.fi\\\/jyvaskyla\\\/jyvaskylan-jarvipelastajat\\\/tukijat\\\/#primaryimage\",\"url\":\"https:\\\/\\\/meripelastus.fi\\\/jyvaskyla\\\/wp-content\\\/uploads\\\/sites\\\/2\\\/2018\\\/05\\\/Ankka2.jpg\",\"contentUrl\":\"https:\\\/\\\/meripelastus.fi\\\/jyvaskyla\\\/wp-content\\\/uploads\\\/sites\\\/2\\\/2018\\\/05\\\/Ankka2.jpg\",\"width\":2746,\"height\":1345},{\"@type\":\"BreadcrumbList\",\"@id\":\"https:\\\/\\\/meripelastus.fi\\\/jyvaskyla\\\/jyvaskylan-jarvipelastajat\\\/tukijat\\\/#breadcrumb\",\"itemListElement\":[{\"@type\":\"ListItem\",\"position\":1,\"name\":\"Etusivu\",\"item\":\"https:\\\/\\\/meripelastus.fi\\\/jyvaskyla\\\/\"},{\"@type\":\"ListItem\",\"position\":2,\"name\":\"Jyv\u00e4skyl\u00e4n j\u00e4rvipelastajat\",\"item\":\"https:\\\/\\\/meripelastus.fi\\\/jyvaskyla\\\/jyvaskylan-jarvipelastajat\\\/\"},{\"@type\":\"ListItem\",\"position\":3,\"name\":\"Tukijamme\"}]},{\"@type\":\"WebSite\",\"@id\":\"https:\\\/\\\/meripelastus.fi\\\/jyvaskyla\\\/#website\",\"url\":\"https:\\\/\\\/meripelastus.fi\\\/jyvaskyla\\\/\",\"name\":\"Jyv\u00e4skyl\u00e4n j\u00e4rvipelastajat\",\"description\":\"Vapaaehtoiset apunasi vesill\u00e4\",\"potentialAction\":[{\"@type\":\"SearchAction\",\"target\":{\"@type\":\"EntryPoint\",\"urlTemplate\":\"https:\\\/\\\/meripelastus.fi\\\/jyvaskyla\\\/?s={search_term_string}\"},\"query-input\":{\"@type\":\"PropertyValueSpecification\",\"valueRequired\":true,\"valueName\":\"search_term_string\"}}],\"inLanguage\":\"fi\"}]}<\/script>\n<!-- \/ Yoast SEO Premium plugin. -->","yoast_head_json":{"title":"Tukijamme - Jyv\u00e4skyl\u00e4n j\u00e4rvipelastajat","robots":{"index":"index","follow":"follow","max-snippet":"max-snippet:-1","max-image-preview":"max-image-preview:large","max-video-preview":"max-video-preview:-1"},"canonical":"https:\/\/meripelastus.fi\/jyvaskyla\/jyvaskylan-jarvipelastajat\/tukijat\/","og_locale":"fi_FI","og_type":"article","og_title":"Tukijamme","og_description":"Monet yritykset tukevat toimintaamme. Lis\u00e4ksi toimintaamme ovat tukeneet yksityishenkil\u00f6t lahjoituksilla.Syd\u00e4mellinen kiitos kaikille tukijoillemme! &nbsp; &nbsp;&nbsp;&nbsp; Ravintolalaiva Kavaljeeri Vaajakosken S\u00e4hk\u00f6palvelu Oy","og_url":"https:\/\/meripelastus.fi\/jyvaskyla\/jyvaskylan-jarvipelastajat\/tukijat\/","og_site_name":"Jyv\u00e4skyl\u00e4n j\u00e4rvipelastajat","article_modified_time":"2026-01-02T00:10:12+00:00","og_image":[{"width":2746,"height":1345,"url":"https:\/\/meripelastus.fi\/jyvaskyla\/wp-content\/uploads\/sites\/2\/2018\/05\/Ankka2.jpg","type":"image\/jpeg"}],"twitter_card":"summary_large_image","twitter_misc":{"Arvioitu lukuaika":"2 minuuttia"},"schema":{"@context":"https:\/\/schema.org","@graph":[{"@type":"WebPage","@id":"https:\/\/meripelastus.fi\/jyvaskyla\/jyvaskylan-jarvipelastajat\/tukijat\/","url":"https:\/\/meripelastus.fi\/jyvaskyla\/jyvaskylan-jarvipelastajat\/tukijat\/","name":"Tukijamme - Jyv\u00e4skyl\u00e4n j\u00e4rvipelastajat","isPartOf":{"@id":"https:\/\/meripelastus.fi\/jyvaskyla\/#website"},"primaryImageOfPage":{"@id":"https:\/\/meripelastus.fi\/jyvaskyla\/jyvaskylan-jarvipelastajat\/tukijat\/#primaryimage"},"image":{"@id":"https:\/\/meripelastus.fi\/jyvaskyla\/jyvaskylan-jarvipelastajat\/tukijat\/#primaryimage"},"thumbnailUrl":"https:\/\/meripelastus.fi\/jyvaskyla\/wp-content\/uploads\/sites\/2\/2018\/05\/Ankka2.jpg","datePublished":"2018-04-11T06:18:06+00:00","dateModified":"2026-01-02T00:10:12+00:00","breadcrumb":{"@id":"https:\/\/meripelastus.fi\/jyvaskyla\/jyvaskylan-jarvipelastajat\/tukijat\/#breadcrumb"},"inLanguage":"fi","potentialAction":[{"@type":"ReadAction","target":["https:\/\/meripelastus.fi\/jyvaskyla\/jyvaskylan-jarvipelastajat\/tukijat\/"]}]},{"@type":"ImageObject","inLanguage":"fi","@id":"https:\/\/meripelastus.fi\/jyvaskyla\/jyvaskylan-jarvipelastajat\/tukijat\/#primaryimage","url":"https:\/\/meripelastus.fi\/jyvaskyla\/wp-content\/uploads\/sites\/2\/2018\/05\/Ankka2.jpg","contentUrl":"https:\/\/meripelastus.fi\/jyvaskyla\/wp-content\/uploads\/sites\/2\/2018\/05\/Ankka2.jpg","width":2746,"height":1345},{"@type":"BreadcrumbList","@id":"https:\/\/meripelastus.fi\/jyvaskyla\/jyvaskylan-jarvipelastajat\/tukijat\/#breadcrumb","itemListElement":[{"@type":"ListItem","position":1,"name":"Etusivu","item":"https:\/\/meripelastus.fi\/jyvaskyla\/"},{"@type":"ListItem","position":2,"name":"Jyv\u00e4skyl\u00e4n j\u00e4rvipelastajat","item":"https:\/\/meripelastus.fi\/jyvaskyla\/jyvaskylan-jarvipelastajat\/"},{"@type":"ListItem","position":3,"name":"Tukijamme"}]},{"@type":"WebSite","@id":"https:\/\/meripelastus.fi\/jyvaskyla\/#website","url":"https:\/\/meripelastus.fi\/jyvaskyla\/","name":"Jyv\u00e4skyl\u00e4n j\u00e4rvipelastajat","description":"Vapaaehtoiset apunasi vesill\u00e4","potentialAction":[{"@type":"SearchAction","target":{"@type":"EntryPoint","urlTemplate":"https:\/\/meripelastus.fi\/jyvaskyla\/?s={search_term_string}"},"query-input":{"@type":"PropertyValueSpecification","valueRequired":true,"valueName":"search_term_string"}}],"inLanguage":"fi"}]}},"_links":{"self":[{"href":"https:\/\/meripelastus.fi\/jyvaskyla\/wp-json\/wp\/v2\/pages\/18","targetHints":{"allow":["GET"]}}],"collection":[{"href":"https:\/\/meripelastus.fi\/jyvaskyla\/wp-json\/wp\/v2\/pages"}],"about":[{"href":"https:\/\/meripelastus.fi\/jyvaskyla\/wp-json\/wp\/v2\/types\/page"}],"author":[{"embeddable":true,"href":"https:\/\/meripelastus.fi\/jyvaskyla\/wp-json\/wp\/v2\/users\/4"}],"replies":[{"embeddable":true,"href":"https:\/\/meripelastus.fi\/jyvaskyla\/wp-json\/wp\/v2\/comments?post=18"}],"version-history":[{"count":59,"href":"https:\/\/meripelastus.fi\/jyvaskyla\/wp-json\/wp\/v2\/pages\/18\/revisions"}],"predecessor-version":[{"id":1252,"href":"https:\/\/meripelastus.fi\/jyvaskyla\/wp-json\/wp\/v2\/pages\/18\/revisions\/1252"}],"up":[{"embeddable":true,"href":"https:\/\/meripelastus.fi\/jyvaskyla\/wp-json\/wp\/v2\/pages\/6"}],"wp:featuredmedia":[{"embeddable":true,"href":"https:\/\/meripelastus.fi\/jyvaskyla\/wp-json\/wp\/v2\/media\/559"}],"wp:attachment":[{"href":"https:\/\/meripelastus.fi\/jyvaskyla\/wp-json\/wp\/v2\/media?parent=18"}],"curies":[{"name":"wp","href":"https:\/\/api.w.org\/{rel}","templated":true}]}}