{"id":16,"date":"2018-04-12T09:17:54","date_gmt":"2018-04-12T06:17:54","guid":{"rendered":"https:\/\/meripelastus.fi\/jyvaskyla\/?page_id=16"},"modified":"2025-03-01T13:49:38","modified_gmt":"2025-03-01T11:49:38","slug":"tukikohta","status":"publish","type":"page","link":"https:\/\/meripelastus.fi\/jyvaskyla\/jyvaskylan-jarvipelastajat\/tukikohta\/","title":{"rendered":"Tukikohdat"},"content":{"rendered":"<p>Jyv\u00e4skyl\u00e4n j\u00e4rvipelastajien alusten asemapaikkoina toimivat Haapaniemess\u00e4 sijaitseva Noukanniemen koti- ja vierasvenesatama sek\u00e4 Korpilahden satama.<\/p>\n<p>Avovesikaudella viikonloppuisin p\u00e4ivystysmiehist\u00f6n kulku suuntautuu mahdollisuuksien mukaan p\u00e4ivyst\u00e4m\u00e4\u00e4n Konjakin ja Kalliosaaren saaritukikohtiin. Tukikohtien keskeiset sijainnit Jyv\u00e4skyl\u00e4ss\u00e4 ja Korpilahdella mahdollistavat lyhyet vasteajat toiminta-alueella, joten autettavat tavoitetaan nopeasti. M\u00f6keiss\u00e4 on ruoanlaitto-, y\u00f6pymis- ja peseytymismahdollisuudet miehist\u00f6lle.<\/p>\n<p><img loading=\"lazy\" decoding=\"async\" class=\"wp-image-399 alignnone\" src=\"https:\/\/meripelastus.fi\/jyvaskyla\/wp-content\/uploads\/sites\/2\/2018\/04\/Konjakki.jpg\" alt=\"\" width=\"563\" height=\"389\" srcset=\"https:\/\/meripelastus.fi\/jyvaskyla\/wp-content\/uploads\/sites\/2\/2018\/04\/Konjakki.jpg 681w, https:\/\/meripelastus.fi\/jyvaskyla\/wp-content\/uploads\/sites\/2\/2018\/04\/Konjakki-300x207.jpg 300w\" sizes=\"auto, (max-width: 563px) 100vw, 563px\" \/><br \/><em>Konjakkisaari<br \/><br \/><\/em><\/p>\n<p><img loading=\"lazy\" decoding=\"async\" class=\"wp-image-1033  alignnone\" src=\"https:\/\/meripelastus.fi\/jyvaskyla\/wp-content\/uploads\/sites\/2\/2025\/03\/WhatsApp-Image-2025-03-01-at-1.02.07-PM-e1740827214507-300x234.jpeg\" alt=\"\" width=\"563\" height=\"438\" srcset=\"https:\/\/meripelastus.fi\/jyvaskyla\/wp-content\/uploads\/sites\/2\/2025\/03\/WhatsApp-Image-2025-03-01-at-1.02.07-PM-e1740827214507-300x234.jpeg 300w, https:\/\/meripelastus.fi\/jyvaskyla\/wp-content\/uploads\/sites\/2\/2025\/03\/WhatsApp-Image-2025-03-01-at-1.02.07-PM-e1740827214507-1024x799.jpeg 1024w, https:\/\/meripelastus.fi\/jyvaskyla\/wp-content\/uploads\/sites\/2\/2025\/03\/WhatsApp-Image-2025-03-01-at-1.02.07-PM-e1740827214507-768x599.jpeg 768w, https:\/\/meripelastus.fi\/jyvaskyla\/wp-content\/uploads\/sites\/2\/2025\/03\/WhatsApp-Image-2025-03-01-at-1.02.07-PM-e1740827214507.jpeg 1150w\" sizes=\"auto, (max-width: 563px) 100vw, 563px\" \/><br \/><em>Kalliosaari<\/em><\/p>\n<p style=\"text-align: left\">\u00a0<\/p>\n\n\n<p><\/p>\n","protected":false},"excerpt":{"rendered":"<p>Jyv\u00e4skyl\u00e4n j\u00e4rvipelastajien alusten asemapaikkoina toimivat Haapaniemess\u00e4 sijaitseva Noukanniemen koti- ja vierasvenesatama sek\u00e4 Korpilahden satama. Avovesikaudella viikonloppuisin p\u00e4ivystysmiehist\u00f6n kulku suuntautuu mahdollisuuksien mukaan p\u00e4ivyst\u00e4m\u00e4\u00e4n Konjakin ja Kalliosaaren saaritukikohtiin. Tukikohtien keskeiset sijainnit Jyv\u00e4skyl\u00e4ss\u00e4 ja Korpilahdella mahdollistavat lyhyet vasteajat toiminta-alueella, joten autettavat tavoitetaan nopeasti. M\u00f6keiss\u00e4 on ruoanlaitto-, y\u00f6pymis- ja peseytymismahdollisuudet miehist\u00f6lle. Konjakkisaari Kalliosaari \u00a0<\/p>\n","protected":false},"author":4,"featured_media":559,"parent":6,"menu_order":0,"comment_status":"closed","ping_status":"closed","template":"","meta":{"_acf_changed":false,"inline_featured_image":false,"footnotes":""},"class_list":["post-16","page","type-page","status-publish","has-post-thumbnail","hentry"],"acf":[],"yoast_head":"<!-- This site is optimized with the Yoast SEO Premium plugin v27.2 (Yoast SEO v27.2) - https:\/\/yoast.com\/product\/yoast-seo-premium-wordpress\/ -->\n<title>Tukikohdat - Jyv\u00e4skyl\u00e4n j\u00e4rvipelastajat<\/title>\n<meta name=\"robots\" content=\"index, follow, max-snippet:-1, max-image-preview:large, max-video-preview:-1\" \/>\n<link rel=\"canonical\" href=\"https:\/\/meripelastus.fi\/jyvaskyla\/jyvaskylan-jarvipelastajat\/tukikohta\/\" \/>\n<meta property=\"og:locale\" content=\"fi_FI\" \/>\n<meta property=\"og:type\" content=\"article\" \/>\n<meta property=\"og:title\" content=\"Tukikohdat\" \/>\n<meta property=\"og:description\" content=\"Jyv\u00e4skyl\u00e4n j\u00e4rvipelastajien alusten asemapaikkoina toimivat Haapaniemess\u00e4 sijaitseva Noukanniemen koti- ja vierasvenesatama sek\u00e4 Korpilahden satama. Avovesikaudella viikonloppuisin p\u00e4ivystysmiehist\u00f6n kulku suuntautuu mahdollisuuksien mukaan p\u00e4ivyst\u00e4m\u00e4\u00e4n Konjakin ja Kalliosaaren saaritukikohtiin. Tukikohtien keskeiset sijainnit Jyv\u00e4skyl\u00e4ss\u00e4 ja Korpilahdella mahdollistavat lyhyet vasteajat toiminta-alueella, joten autettavat tavoitetaan nopeasti. M\u00f6keiss\u00e4 on ruoanlaitto-, y\u00f6pymis- ja peseytymismahdollisuudet miehist\u00f6lle. Konjakkisaari Kalliosaari \u00a0\" \/>\n<meta property=\"og:url\" content=\"https:\/\/meripelastus.fi\/jyvaskyla\/jyvaskylan-jarvipelastajat\/tukikohta\/\" \/>\n<meta property=\"og:site_name\" content=\"Jyv\u00e4skyl\u00e4n j\u00e4rvipelastajat\" \/>\n<meta property=\"article:modified_time\" content=\"2025-03-01T11:49:38+00:00\" \/>\n<meta property=\"og:image\" content=\"https:\/\/meripelastus.fi\/jyvaskyla\/wp-content\/uploads\/sites\/2\/2018\/05\/Ankka2.jpg\" \/>\n\t<meta property=\"og:image:width\" content=\"2746\" \/>\n\t<meta property=\"og:image:height\" content=\"1345\" \/>\n\t<meta property=\"og:image:type\" content=\"image\/jpeg\" \/>\n<meta name=\"twitter:card\" content=\"summary_large_image\" \/>\n<meta name=\"twitter:label1\" content=\"Arvioitu lukuaika\" \/>\n\t<meta name=\"twitter:data1\" content=\"1 minuutti\" \/>\n<script type=\"application\/ld+json\" class=\"yoast-schema-graph\">{\"@context\":\"https:\/\/schema.org\",\"@graph\":[{\"@type\":\"WebPage\",\"@id\":\"https:\/\/meripelastus.fi\/jyvaskyla\/jyvaskylan-jarvipelastajat\/tukikohta\/\",\"url\":\"https:\/\/meripelastus.fi\/jyvaskyla\/jyvaskylan-jarvipelastajat\/tukikohta\/\",\"name\":\"Tukikohdat - Jyv\u00e4skyl\u00e4n j\u00e4rvipelastajat\",\"isPartOf\":{\"@id\":\"https:\/\/meripelastus.fi\/jyvaskyla\/#website\"},\"primaryImageOfPage\":{\"@id\":\"https:\/\/meripelastus.fi\/jyvaskyla\/jyvaskylan-jarvipelastajat\/tukikohta\/#primaryimage\"},\"image\":{\"@id\":\"https:\/\/meripelastus.fi\/jyvaskyla\/jyvaskylan-jarvipelastajat\/tukikohta\/#primaryimage\"},\"thumbnailUrl\":\"https:\/\/meripelastus.fi\/jyvaskyla\/wp-content\/uploads\/sites\/2\/2018\/05\/Ankka2.jpg\",\"datePublished\":\"2018-04-12T06:17:54+00:00\",\"dateModified\":\"2025-03-01T11:49:38+00:00\",\"breadcrumb\":{\"@id\":\"https:\/\/meripelastus.fi\/jyvaskyla\/jyvaskylan-jarvipelastajat\/tukikohta\/#breadcrumb\"},\"inLanguage\":\"fi\",\"potentialAction\":[{\"@type\":\"ReadAction\",\"target\":[\"https:\/\/meripelastus.fi\/jyvaskyla\/jyvaskylan-jarvipelastajat\/tukikohta\/\"]}]},{\"@type\":\"ImageObject\",\"inLanguage\":\"fi\",\"@id\":\"https:\/\/meripelastus.fi\/jyvaskyla\/jyvaskylan-jarvipelastajat\/tukikohta\/#primaryimage\",\"url\":\"https:\/\/meripelastus.fi\/jyvaskyla\/wp-content\/uploads\/sites\/2\/2018\/05\/Ankka2.jpg\",\"contentUrl\":\"https:\/\/meripelastus.fi\/jyvaskyla\/wp-content\/uploads\/sites\/2\/2018\/05\/Ankka2.jpg\",\"width\":2746,\"height\":1345},{\"@type\":\"BreadcrumbList\",\"@id\":\"https:\/\/meripelastus.fi\/jyvaskyla\/jyvaskylan-jarvipelastajat\/tukikohta\/#breadcrumb\",\"itemListElement\":[{\"@type\":\"ListItem\",\"position\":1,\"name\":\"Etusivu\",\"item\":\"https:\/\/meripelastus.fi\/jyvaskyla\/\"},{\"@type\":\"ListItem\",\"position\":2,\"name\":\"Jyv\u00e4skyl\u00e4n j\u00e4rvipelastajat\",\"item\":\"https:\/\/meripelastus.fi\/jyvaskyla\/jyvaskylan-jarvipelastajat\/\"},{\"@type\":\"ListItem\",\"position\":3,\"name\":\"Tukikohdat\"}]},{\"@type\":\"WebSite\",\"@id\":\"https:\/\/meripelastus.fi\/jyvaskyla\/#website\",\"url\":\"https:\/\/meripelastus.fi\/jyvaskyla\/\",\"name\":\"Jyv\u00e4skyl\u00e4n j\u00e4rvipelastajat\",\"description\":\"Vapaaehtoiset apunasi vesill\u00e4\",\"potentialAction\":[{\"@type\":\"SearchAction\",\"target\":{\"@type\":\"EntryPoint\",\"urlTemplate\":\"https:\/\/meripelastus.fi\/jyvaskyla\/?s={search_term_string}\"},\"query-input\":{\"@type\":\"PropertyValueSpecification\",\"valueRequired\":true,\"valueName\":\"search_term_string\"}}],\"inLanguage\":\"fi\"}]}<\/script>\n<!-- \/ Yoast SEO Premium plugin. -->","yoast_head_json":{"title":"Tukikohdat - Jyv\u00e4skyl\u00e4n j\u00e4rvipelastajat","robots":{"index":"index","follow":"follow","max-snippet":"max-snippet:-1","max-image-preview":"max-image-preview:large","max-video-preview":"max-video-preview:-1"},"canonical":"https:\/\/meripelastus.fi\/jyvaskyla\/jyvaskylan-jarvipelastajat\/tukikohta\/","og_locale":"fi_FI","og_type":"article","og_title":"Tukikohdat","og_description":"Jyv\u00e4skyl\u00e4n j\u00e4rvipelastajien alusten asemapaikkoina toimivat Haapaniemess\u00e4 sijaitseva Noukanniemen koti- ja vierasvenesatama sek\u00e4 Korpilahden satama. Avovesikaudella viikonloppuisin p\u00e4ivystysmiehist\u00f6n kulku suuntautuu mahdollisuuksien mukaan p\u00e4ivyst\u00e4m\u00e4\u00e4n Konjakin ja Kalliosaaren saaritukikohtiin. Tukikohtien keskeiset sijainnit Jyv\u00e4skyl\u00e4ss\u00e4 ja Korpilahdella mahdollistavat lyhyet vasteajat toiminta-alueella, joten autettavat tavoitetaan nopeasti. M\u00f6keiss\u00e4 on ruoanlaitto-, y\u00f6pymis- ja peseytymismahdollisuudet miehist\u00f6lle. Konjakkisaari Kalliosaari \u00a0","og_url":"https:\/\/meripelastus.fi\/jyvaskyla\/jyvaskylan-jarvipelastajat\/tukikohta\/","og_site_name":"Jyv\u00e4skyl\u00e4n j\u00e4rvipelastajat","article_modified_time":"2025-03-01T11:49:38+00:00","og_image":[{"width":2746,"height":1345,"url":"https:\/\/meripelastus.fi\/jyvaskyla\/wp-content\/uploads\/sites\/2\/2018\/05\/Ankka2.jpg","type":"image\/jpeg"}],"twitter_card":"summary_large_image","twitter_misc":{"Arvioitu lukuaika":"1 minuutti"},"schema":{"@context":"https:\/\/schema.org","@graph":[{"@type":"WebPage","@id":"https:\/\/meripelastus.fi\/jyvaskyla\/jyvaskylan-jarvipelastajat\/tukikohta\/","url":"https:\/\/meripelastus.fi\/jyvaskyla\/jyvaskylan-jarvipelastajat\/tukikohta\/","name":"Tukikohdat - Jyv\u00e4skyl\u00e4n j\u00e4rvipelastajat","isPartOf":{"@id":"https:\/\/meripelastus.fi\/jyvaskyla\/#website"},"primaryImageOfPage":{"@id":"https:\/\/meripelastus.fi\/jyvaskyla\/jyvaskylan-jarvipelastajat\/tukikohta\/#primaryimage"},"image":{"@id":"https:\/\/meripelastus.fi\/jyvaskyla\/jyvaskylan-jarvipelastajat\/tukikohta\/#primaryimage"},"thumbnailUrl":"https:\/\/meripelastus.fi\/jyvaskyla\/wp-content\/uploads\/sites\/2\/2018\/05\/Ankka2.jpg","datePublished":"2018-04-12T06:17:54+00:00","dateModified":"2025-03-01T11:49:38+00:00","breadcrumb":{"@id":"https:\/\/meripelastus.fi\/jyvaskyla\/jyvaskylan-jarvipelastajat\/tukikohta\/#breadcrumb"},"inLanguage":"fi","potentialAction":[{"@type":"ReadAction","target":["https:\/\/meripelastus.fi\/jyvaskyla\/jyvaskylan-jarvipelastajat\/tukikohta\/"]}]},{"@type":"ImageObject","inLanguage":"fi","@id":"https:\/\/meripelastus.fi\/jyvaskyla\/jyvaskylan-jarvipelastajat\/tukikohta\/#primaryimage","url":"https:\/\/meripelastus.fi\/jyvaskyla\/wp-content\/uploads\/sites\/2\/2018\/05\/Ankka2.jpg","contentUrl":"https:\/\/meripelastus.fi\/jyvaskyla\/wp-content\/uploads\/sites\/2\/2018\/05\/Ankka2.jpg","width":2746,"height":1345},{"@type":"BreadcrumbList","@id":"https:\/\/meripelastus.fi\/jyvaskyla\/jyvaskylan-jarvipelastajat\/tukikohta\/#breadcrumb","itemListElement":[{"@type":"ListItem","position":1,"name":"Etusivu","item":"https:\/\/meripelastus.fi\/jyvaskyla\/"},{"@type":"ListItem","position":2,"name":"Jyv\u00e4skyl\u00e4n j\u00e4rvipelastajat","item":"https:\/\/meripelastus.fi\/jyvaskyla\/jyvaskylan-jarvipelastajat\/"},{"@type":"ListItem","position":3,"name":"Tukikohdat"}]},{"@type":"WebSite","@id":"https:\/\/meripelastus.fi\/jyvaskyla\/#website","url":"https:\/\/meripelastus.fi\/jyvaskyla\/","name":"Jyv\u00e4skyl\u00e4n j\u00e4rvipelastajat","description":"Vapaaehtoiset apunasi vesill\u00e4","potentialAction":[{"@type":"SearchAction","target":{"@type":"EntryPoint","urlTemplate":"https:\/\/meripelastus.fi\/jyvaskyla\/?s={search_term_string}"},"query-input":{"@type":"PropertyValueSpecification","valueRequired":true,"valueName":"search_term_string"}}],"inLanguage":"fi"}]}},"_links":{"self":[{"href":"https:\/\/meripelastus.fi\/jyvaskyla\/wp-json\/wp\/v2\/pages\/16","targetHints":{"allow":["GET"]}}],"collection":[{"href":"https:\/\/meripelastus.fi\/jyvaskyla\/wp-json\/wp\/v2\/pages"}],"about":[{"href":"https:\/\/meripelastus.fi\/jyvaskyla\/wp-json\/wp\/v2\/types\/page"}],"author":[{"embeddable":true,"href":"https:\/\/meripelastus.fi\/jyvaskyla\/wp-json\/wp\/v2\/users\/4"}],"replies":[{"embeddable":true,"href":"https:\/\/meripelastus.fi\/jyvaskyla\/wp-json\/wp\/v2\/comments?post=16"}],"version-history":[{"count":64,"href":"https:\/\/meripelastus.fi\/jyvaskyla\/wp-json\/wp\/v2\/pages\/16\/revisions"}],"predecessor-version":[{"id":1093,"href":"https:\/\/meripelastus.fi\/jyvaskyla\/wp-json\/wp\/v2\/pages\/16\/revisions\/1093"}],"up":[{"embeddable":true,"href":"https:\/\/meripelastus.fi\/jyvaskyla\/wp-json\/wp\/v2\/pages\/6"}],"wp:featuredmedia":[{"embeddable":true,"href":"https:\/\/meripelastus.fi\/jyvaskyla\/wp-json\/wp\/v2\/media\/559"}],"wp:attachment":[{"href":"https:\/\/meripelastus.fi\/jyvaskyla\/wp-json\/wp\/v2\/media?parent=16"}],"curies":[{"name":"wp","href":"https:\/\/api.w.org\/{rel}","templated":true}]}}