{"id":12,"date":"2018-03-19T09:17:27","date_gmt":"2018-03-19T07:17:27","guid":{"rendered":"https:\/\/meripelastus.fi\/jyvaskyla\/?page_id=12"},"modified":"2025-03-01T13:49:12","modified_gmt":"2025-03-01T11:49:12","slug":"kuvapankki","status":"publish","type":"page","link":"https:\/\/meripelastus.fi\/jyvaskyla\/jyvaskylan-jarvipelastajat\/kuvapankki\/","title":{"rendered":"Kuvapankki"},"content":{"rendered":"<p>Laitamme t\u00e4nne kuvia toiminnastamme. Kuvaajana Nina Matilainen , jollei toisin ilmoiteta.<\/p>\n<p>&nbsp;<\/p>\n<p><a href=\"https:\/\/meripelastus.fi\/jyvaskyla\/jyvaskylan-jarvipelastajat\/kuvapankki\/maxjajake-2\/\" rel=\"attachment wp-att-537\"><img loading=\"lazy\" decoding=\"async\" class=\"alignnone size-large wp-image-537\" src=\"https:\/\/meripelastus.fi\/jyvaskyla\/wp-content\/uploads\/sites\/2\/2018\/05\/MaxjaJake-1-1024x683.jpg\" alt=\"\" width=\"1024\" height=\"683\" srcset=\"https:\/\/meripelastus.fi\/jyvaskyla\/wp-content\/uploads\/sites\/2\/2018\/05\/MaxjaJake-1-1024x683.jpg 1024w, https:\/\/meripelastus.fi\/jyvaskyla\/wp-content\/uploads\/sites\/2\/2018\/05\/MaxjaJake-1-300x200.jpg 300w, https:\/\/meripelastus.fi\/jyvaskyla\/wp-content\/uploads\/sites\/2\/2018\/05\/MaxjaJake-1-768x512.jpg 768w\" sizes=\"auto, (max-width: 1024px) 100vw, 1024px\" \/><\/a><br \/>\nYhdistyksen Konemestari Jarkko Joensuu (oik.) ja p\u00e4\u00e4llikk\u00f6 Max Holm tekem\u00e4ss\u00e4 kev\u00e4thuoltoa PV L\u00e4hitapiolan per\u00e4moottoreille kev\u00e4\u00e4ll\u00e4 2018. Per\u00e4moottoreissa on yhteens\u00e4 500 hv, joten n\u00e4ill\u00e4 p\u00e4\u00e4see tarvittaessa nopeastikin liikkumaan.<\/p>\n<p>&nbsp;<\/p>\n<p><a href=\"https:\/\/meripelastus.fi\/jyvaskyla\/jyvaskylan-jarvipelastajat\/kuvapankki\/vesisto17lokakuu\/\" rel=\"attachment wp-att-467\"><img loading=\"lazy\" decoding=\"async\" class=\"alignnone size-large wp-image-467\" src=\"https:\/\/meripelastus.fi\/jyvaskyla\/wp-content\/uploads\/sites\/2\/2018\/05\/Vesist\u00f617lokakuu-1024x683.jpg\" alt=\"\" width=\"1024\" height=\"683\" srcset=\"https:\/\/meripelastus.fi\/jyvaskyla\/wp-content\/uploads\/sites\/2\/2018\/05\/Vesist\u00f617lokakuu-1024x683.jpg 1024w, https:\/\/meripelastus.fi\/jyvaskyla\/wp-content\/uploads\/sites\/2\/2018\/05\/Vesist\u00f617lokakuu-300x200.jpg 300w, https:\/\/meripelastus.fi\/jyvaskyla\/wp-content\/uploads\/sites\/2\/2018\/05\/Vesist\u00f617lokakuu-768x512.jpg 768w, https:\/\/meripelastus.fi\/jyvaskyla\/wp-content\/uploads\/sites\/2\/2018\/05\/Vesist\u00f617lokakuu.jpg 1944w\" sizes=\"auto, (max-width: 1024px) 100vw, 1024px\" \/><\/a><br \/>\nTikkakosken Ilmasotakoulun j\u00e4rjest\u00e4m\u00e4 yhteistoimintaharjoitus Vesist\u00f6-17. Harjoitus oli 6-9.11 Korpilahti-J\u00e4ms\u00e4-vesist\u00f6alueella.<\/p>\n<p>&nbsp;<\/p>\n<p><a href=\"https:\/\/meripelastus.fi\/jyvaskyla\/jyvaskylan-jarvipelastajat\/kuvapankki\/vornepeltek3-4-6-17\/\" rel=\"attachment wp-att-542\"><img loading=\"lazy\" decoding=\"async\" class=\"alignnone size-large wp-image-542\" src=\"https:\/\/meripelastus.fi\/jyvaskyla\/wp-content\/uploads\/sites\/2\/2018\/05\/VornePeltek3-4.6.17-1024x683.jpg\" alt=\"\" width=\"1024\" height=\"683\" srcset=\"https:\/\/meripelastus.fi\/jyvaskyla\/wp-content\/uploads\/sites\/2\/2018\/05\/VornePeltek3-4.6.17-1024x683.jpg 1024w, https:\/\/meripelastus.fi\/jyvaskyla\/wp-content\/uploads\/sites\/2\/2018\/05\/VornePeltek3-4.6.17-300x200.jpg 300w, https:\/\/meripelastus.fi\/jyvaskyla\/wp-content\/uploads\/sites\/2\/2018\/05\/VornePeltek3-4.6.17-768x512.jpg 768w\" sizes=\"auto, (max-width: 1024px) 100vw, 1024px\" \/><\/a>Pelastustekniikkakurssi Jyv\u00e4skyl\u00e4ss\u00e4 Noukanniemess\u00e4 3-4.6.2017. Kuvassa etualalla Jyv\u00e4skyl\u00e4n j\u00e4rvipelastajien kouluttaja Timo Vorne.<\/p>\n<p>&nbsp;<\/p>\n<p><a href=\"https:\/\/meripelastus.fi\/jyvaskyla\/jyvaskylan-jarvipelastajat\/kuvapankki\/jaista3-17-2\/\" rel=\"attachment wp-att-540\"><img loading=\"lazy\" decoding=\"async\" class=\"alignnone size-large wp-image-540\" src=\"https:\/\/meripelastus.fi\/jyvaskyla\/wp-content\/uploads\/sites\/2\/2018\/05\/Jaista3.17-1-1024x683.jpg\" alt=\"\" width=\"1024\" height=\"683\" srcset=\"https:\/\/meripelastus.fi\/jyvaskyla\/wp-content\/uploads\/sites\/2\/2018\/05\/Jaista3.17-1-1024x683.jpg 1024w, https:\/\/meripelastus.fi\/jyvaskyla\/wp-content\/uploads\/sites\/2\/2018\/05\/Jaista3.17-1-300x200.jpg 300w, https:\/\/meripelastus.fi\/jyvaskyla\/wp-content\/uploads\/sites\/2\/2018\/05\/Jaista3.17-1-768x512.jpg 768w\" sizes=\"auto, (max-width: 1024px) 100vw, 1024px\" \/><\/a><br \/>\nJ\u00e4ist\u00e4 pelastautumisharjoitus maaliskuussa 2017 Noukanniemen edustalla. Kuvassa vasemmalta Tiina Laine, Oula Heikkil\u00e4, Matti Vuorinen ja Maria Hyttinen.<\/p>\n","protected":false},"excerpt":{"rendered":"<p>Laitamme t\u00e4nne kuvia toiminnastamme. Kuvaajana Nina Matilainen , jollei toisin ilmoiteta. &nbsp; Yhdistyksen Konemestari Jarkko Joensuu (oik.) ja p\u00e4\u00e4llikk\u00f6 Max Holm tekem\u00e4ss\u00e4 kev\u00e4thuoltoa PV L\u00e4hitapiolan per\u00e4moottoreille kev\u00e4\u00e4ll\u00e4 2018. Per\u00e4moottoreissa on yhteens\u00e4 500 hv, joten n\u00e4ill\u00e4 p\u00e4\u00e4see tarvittaessa nopeastikin liikkumaan. &nbsp; Tikkakosken Ilmasotakoulun j\u00e4rjest\u00e4m\u00e4 yhteistoimintaharjoitus Vesist\u00f6-17. Harjoitus oli 6-9.11 Korpilahti-J\u00e4ms\u00e4-vesist\u00f6alueella. &nbsp; Pelastustekniikkakurssi Jyv\u00e4skyl\u00e4ss\u00e4 Noukanniemess\u00e4 3-4.6.2017. Kuvassa [&hellip;]<\/p>\n","protected":false},"author":4,"featured_media":865,"parent":6,"menu_order":0,"comment_status":"closed","ping_status":"closed","template":"","meta":{"_acf_changed":false,"inline_featured_image":false,"footnotes":""},"class_list":["post-12","page","type-page","status-publish","has-post-thumbnail","hentry"],"acf":[],"yoast_head":"<!-- This site is optimized with the Yoast SEO Premium plugin v27.2 (Yoast SEO v27.2) - https:\/\/yoast.com\/product\/yoast-seo-premium-wordpress\/ -->\n<title>Kuvapankki - Jyv\u00e4skyl\u00e4n j\u00e4rvipelastajat<\/title>\n<meta name=\"robots\" content=\"index, follow, max-snippet:-1, max-image-preview:large, max-video-preview:-1\" \/>\n<link rel=\"canonical\" href=\"https:\/\/meripelastus.fi\/jyvaskyla\/jyvaskylan-jarvipelastajat\/kuvapankki\/\" \/>\n<meta property=\"og:locale\" content=\"fi_FI\" \/>\n<meta property=\"og:type\" content=\"article\" \/>\n<meta property=\"og:title\" content=\"Kuvapankki\" \/>\n<meta property=\"og:description\" content=\"Laitamme t\u00e4nne kuvia toiminnastamme. Kuvaajana Nina Matilainen , jollei toisin ilmoiteta. &nbsp; Yhdistyksen Konemestari Jarkko Joensuu (oik.) ja p\u00e4\u00e4llikk\u00f6 Max Holm tekem\u00e4ss\u00e4 kev\u00e4thuoltoa PV L\u00e4hitapiolan per\u00e4moottoreille kev\u00e4\u00e4ll\u00e4 2018. Per\u00e4moottoreissa on yhteens\u00e4 500 hv, joten n\u00e4ill\u00e4 p\u00e4\u00e4see tarvittaessa nopeastikin liikkumaan. &nbsp; Tikkakosken Ilmasotakoulun j\u00e4rjest\u00e4m\u00e4 yhteistoimintaharjoitus Vesist\u00f6-17. Harjoitus oli 6-9.11 Korpilahti-J\u00e4ms\u00e4-vesist\u00f6alueella. &nbsp; Pelastustekniikkakurssi Jyv\u00e4skyl\u00e4ss\u00e4 Noukanniemess\u00e4 3-4.6.2017. Kuvassa [&hellip;]\" \/>\n<meta property=\"og:url\" content=\"https:\/\/meripelastus.fi\/jyvaskyla\/jyvaskylan-jarvipelastajat\/kuvapankki\/\" \/>\n<meta property=\"og:site_name\" content=\"Jyv\u00e4skyl\u00e4n j\u00e4rvipelastajat\" \/>\n<meta property=\"article:modified_time\" content=\"2025-03-01T11:49:12+00:00\" \/>\n<meta property=\"og:image\" content=\"https:\/\/meripelastus.fi\/jyvaskyla\/wp-content\/uploads\/sites\/2\/2018\/05\/Ankka2.jpg\" \/>\n\t<meta property=\"og:image:width\" content=\"2746\" \/>\n\t<meta property=\"og:image:height\" content=\"1345\" \/>\n\t<meta property=\"og:image:type\" content=\"image\/jpeg\" \/>\n<meta name=\"twitter:card\" content=\"summary_large_image\" \/>\n<meta name=\"twitter:label1\" content=\"Arvioitu lukuaika\" \/>\n\t<meta name=\"twitter:data1\" content=\"2 minuuttia\" \/>\n<script type=\"application\/ld+json\" class=\"yoast-schema-graph\">{\"@context\":\"https:\/\/schema.org\",\"@graph\":[{\"@type\":\"WebPage\",\"@id\":\"https:\/\/meripelastus.fi\/jyvaskyla\/jyvaskylan-jarvipelastajat\/kuvapankki\/\",\"url\":\"https:\/\/meripelastus.fi\/jyvaskyla\/jyvaskylan-jarvipelastajat\/kuvapankki\/\",\"name\":\"Kuvapankki - Jyv\u00e4skyl\u00e4n j\u00e4rvipelastajat\",\"isPartOf\":{\"@id\":\"https:\/\/meripelastus.fi\/jyvaskyla\/#website\"},\"primaryImageOfPage\":{\"@id\":\"https:\/\/meripelastus.fi\/jyvaskyla\/jyvaskylan-jarvipelastajat\/kuvapankki\/#primaryimage\"},\"image\":{\"@id\":\"https:\/\/meripelastus.fi\/jyvaskyla\/jyvaskylan-jarvipelastajat\/kuvapankki\/#primaryimage\"},\"thumbnailUrl\":\"https:\/\/meripelastus.fi\/jyvaskyla\/wp-content\/uploads\/sites\/2\/2018\/05\/Ankka2.jpg\",\"datePublished\":\"2018-03-19T07:17:27+00:00\",\"dateModified\":\"2025-03-01T11:49:12+00:00\",\"breadcrumb\":{\"@id\":\"https:\/\/meripelastus.fi\/jyvaskyla\/jyvaskylan-jarvipelastajat\/kuvapankki\/#breadcrumb\"},\"inLanguage\":\"fi\",\"potentialAction\":[{\"@type\":\"ReadAction\",\"target\":[\"https:\/\/meripelastus.fi\/jyvaskyla\/jyvaskylan-jarvipelastajat\/kuvapankki\/\"]}]},{\"@type\":\"ImageObject\",\"inLanguage\":\"fi\",\"@id\":\"https:\/\/meripelastus.fi\/jyvaskyla\/jyvaskylan-jarvipelastajat\/kuvapankki\/#primaryimage\",\"url\":\"https:\/\/meripelastus.fi\/jyvaskyla\/wp-content\/uploads\/sites\/2\/2018\/05\/Ankka2.jpg\",\"contentUrl\":\"https:\/\/meripelastus.fi\/jyvaskyla\/wp-content\/uploads\/sites\/2\/2018\/05\/Ankka2.jpg\",\"width\":2746,\"height\":1345},{\"@type\":\"BreadcrumbList\",\"@id\":\"https:\/\/meripelastus.fi\/jyvaskyla\/jyvaskylan-jarvipelastajat\/kuvapankki\/#breadcrumb\",\"itemListElement\":[{\"@type\":\"ListItem\",\"position\":1,\"name\":\"Etusivu\",\"item\":\"https:\/\/meripelastus.fi\/jyvaskyla\/\"},{\"@type\":\"ListItem\",\"position\":2,\"name\":\"Jyv\u00e4skyl\u00e4n j\u00e4rvipelastajat\",\"item\":\"https:\/\/meripelastus.fi\/jyvaskyla\/jyvaskylan-jarvipelastajat\/\"},{\"@type\":\"ListItem\",\"position\":3,\"name\":\"Kuvapankki\"}]},{\"@type\":\"WebSite\",\"@id\":\"https:\/\/meripelastus.fi\/jyvaskyla\/#website\",\"url\":\"https:\/\/meripelastus.fi\/jyvaskyla\/\",\"name\":\"Jyv\u00e4skyl\u00e4n j\u00e4rvipelastajat\",\"description\":\"Vapaaehtoiset apunasi vesill\u00e4\",\"potentialAction\":[{\"@type\":\"SearchAction\",\"target\":{\"@type\":\"EntryPoint\",\"urlTemplate\":\"https:\/\/meripelastus.fi\/jyvaskyla\/?s={search_term_string}\"},\"query-input\":{\"@type\":\"PropertyValueSpecification\",\"valueRequired\":true,\"valueName\":\"search_term_string\"}}],\"inLanguage\":\"fi\"}]}<\/script>\n<!-- \/ Yoast SEO Premium plugin. -->","yoast_head_json":{"title":"Kuvapankki - Jyv\u00e4skyl\u00e4n j\u00e4rvipelastajat","robots":{"index":"index","follow":"follow","max-snippet":"max-snippet:-1","max-image-preview":"max-image-preview:large","max-video-preview":"max-video-preview:-1"},"canonical":"https:\/\/meripelastus.fi\/jyvaskyla\/jyvaskylan-jarvipelastajat\/kuvapankki\/","og_locale":"fi_FI","og_type":"article","og_title":"Kuvapankki","og_description":"Laitamme t\u00e4nne kuvia toiminnastamme. Kuvaajana Nina Matilainen , jollei toisin ilmoiteta. &nbsp; Yhdistyksen Konemestari Jarkko Joensuu (oik.) ja p\u00e4\u00e4llikk\u00f6 Max Holm tekem\u00e4ss\u00e4 kev\u00e4thuoltoa PV L\u00e4hitapiolan per\u00e4moottoreille kev\u00e4\u00e4ll\u00e4 2018. Per\u00e4moottoreissa on yhteens\u00e4 500 hv, joten n\u00e4ill\u00e4 p\u00e4\u00e4see tarvittaessa nopeastikin liikkumaan. &nbsp; Tikkakosken Ilmasotakoulun j\u00e4rjest\u00e4m\u00e4 yhteistoimintaharjoitus Vesist\u00f6-17. Harjoitus oli 6-9.11 Korpilahti-J\u00e4ms\u00e4-vesist\u00f6alueella. &nbsp; Pelastustekniikkakurssi Jyv\u00e4skyl\u00e4ss\u00e4 Noukanniemess\u00e4 3-4.6.2017. Kuvassa [&hellip;]","og_url":"https:\/\/meripelastus.fi\/jyvaskyla\/jyvaskylan-jarvipelastajat\/kuvapankki\/","og_site_name":"Jyv\u00e4skyl\u00e4n j\u00e4rvipelastajat","article_modified_time":"2025-03-01T11:49:12+00:00","og_image":[{"width":2746,"height":1345,"url":"https:\/\/meripelastus.fi\/jyvaskyla\/wp-content\/uploads\/sites\/2\/2018\/05\/Ankka2.jpg","type":"image\/jpeg"}],"twitter_card":"summary_large_image","twitter_misc":{"Arvioitu lukuaika":"2 minuuttia"},"schema":{"@context":"https:\/\/schema.org","@graph":[{"@type":"WebPage","@id":"https:\/\/meripelastus.fi\/jyvaskyla\/jyvaskylan-jarvipelastajat\/kuvapankki\/","url":"https:\/\/meripelastus.fi\/jyvaskyla\/jyvaskylan-jarvipelastajat\/kuvapankki\/","name":"Kuvapankki - Jyv\u00e4skyl\u00e4n j\u00e4rvipelastajat","isPartOf":{"@id":"https:\/\/meripelastus.fi\/jyvaskyla\/#website"},"primaryImageOfPage":{"@id":"https:\/\/meripelastus.fi\/jyvaskyla\/jyvaskylan-jarvipelastajat\/kuvapankki\/#primaryimage"},"image":{"@id":"https:\/\/meripelastus.fi\/jyvaskyla\/jyvaskylan-jarvipelastajat\/kuvapankki\/#primaryimage"},"thumbnailUrl":"https:\/\/meripelastus.fi\/jyvaskyla\/wp-content\/uploads\/sites\/2\/2018\/05\/Ankka2.jpg","datePublished":"2018-03-19T07:17:27+00:00","dateModified":"2025-03-01T11:49:12+00:00","breadcrumb":{"@id":"https:\/\/meripelastus.fi\/jyvaskyla\/jyvaskylan-jarvipelastajat\/kuvapankki\/#breadcrumb"},"inLanguage":"fi","potentialAction":[{"@type":"ReadAction","target":["https:\/\/meripelastus.fi\/jyvaskyla\/jyvaskylan-jarvipelastajat\/kuvapankki\/"]}]},{"@type":"ImageObject","inLanguage":"fi","@id":"https:\/\/meripelastus.fi\/jyvaskyla\/jyvaskylan-jarvipelastajat\/kuvapankki\/#primaryimage","url":"https:\/\/meripelastus.fi\/jyvaskyla\/wp-content\/uploads\/sites\/2\/2018\/05\/Ankka2.jpg","contentUrl":"https:\/\/meripelastus.fi\/jyvaskyla\/wp-content\/uploads\/sites\/2\/2018\/05\/Ankka2.jpg","width":2746,"height":1345},{"@type":"BreadcrumbList","@id":"https:\/\/meripelastus.fi\/jyvaskyla\/jyvaskylan-jarvipelastajat\/kuvapankki\/#breadcrumb","itemListElement":[{"@type":"ListItem","position":1,"name":"Etusivu","item":"https:\/\/meripelastus.fi\/jyvaskyla\/"},{"@type":"ListItem","position":2,"name":"Jyv\u00e4skyl\u00e4n j\u00e4rvipelastajat","item":"https:\/\/meripelastus.fi\/jyvaskyla\/jyvaskylan-jarvipelastajat\/"},{"@type":"ListItem","position":3,"name":"Kuvapankki"}]},{"@type":"WebSite","@id":"https:\/\/meripelastus.fi\/jyvaskyla\/#website","url":"https:\/\/meripelastus.fi\/jyvaskyla\/","name":"Jyv\u00e4skyl\u00e4n j\u00e4rvipelastajat","description":"Vapaaehtoiset apunasi vesill\u00e4","potentialAction":[{"@type":"SearchAction","target":{"@type":"EntryPoint","urlTemplate":"https:\/\/meripelastus.fi\/jyvaskyla\/?s={search_term_string}"},"query-input":{"@type":"PropertyValueSpecification","valueRequired":true,"valueName":"search_term_string"}}],"inLanguage":"fi"}]}},"_links":{"self":[{"href":"https:\/\/meripelastus.fi\/jyvaskyla\/wp-json\/wp\/v2\/pages\/12","targetHints":{"allow":["GET"]}}],"collection":[{"href":"https:\/\/meripelastus.fi\/jyvaskyla\/wp-json\/wp\/v2\/pages"}],"about":[{"href":"https:\/\/meripelastus.fi\/jyvaskyla\/wp-json\/wp\/v2\/types\/page"}],"author":[{"embeddable":true,"href":"https:\/\/meripelastus.fi\/jyvaskyla\/wp-json\/wp\/v2\/users\/4"}],"replies":[{"embeddable":true,"href":"https:\/\/meripelastus.fi\/jyvaskyla\/wp-json\/wp\/v2\/comments?post=12"}],"version-history":[{"count":26,"href":"https:\/\/meripelastus.fi\/jyvaskyla\/wp-json\/wp\/v2\/pages\/12\/revisions"}],"predecessor-version":[{"id":803,"href":"https:\/\/meripelastus.fi\/jyvaskyla\/wp-json\/wp\/v2\/pages\/12\/revisions\/803"}],"up":[{"embeddable":true,"href":"https:\/\/meripelastus.fi\/jyvaskyla\/wp-json\/wp\/v2\/pages\/6"}],"wp:featuredmedia":[{"embeddable":true,"href":"https:\/\/meripelastus.fi\/jyvaskyla\/wp-json\/wp\/v2\/media\/865"}],"wp:attachment":[{"href":"https:\/\/meripelastus.fi\/jyvaskyla\/wp-json\/wp\/v2\/media?parent=12"}],"curies":[{"name":"wp","href":"https:\/\/api.w.org\/{rel}","templated":true}]}}