{"id":54,"date":"2024-10-18T12:00:15","date_gmt":"2024-10-18T09:00:15","guid":{"rendered":"https:\/\/meripelastus.fi\/isojarvi-vedos\/?page_id=54"},"modified":"2024-11-28T17:55:14","modified_gmt":"2024-11-28T15:55:14","slug":"yhteystiedot","status":"publish","type":"page","link":"https:\/\/meripelastus.fi\/isojarvi\/yhteystiedot\/","title":{"rendered":"Yhteystiedot"},"content":{"rendered":"\n<h2 class=\"wp-block-heading\" id=\"h-isojarven-jarvipelastusyhdistys-ry\">Isoj\u00e4rven j\u00e4rvipelastusyhdistys ry<\/h2>\n\n\n\n<p class=\"has-medium-font-size\"><strong>K\u00e4yntiosoite<\/strong><\/p>\n\n\n\n<p>Ranta-Kiilholman venesatama<\/p>\n\n\n\n<p>29630 Pomarkku<\/p>\n\n\n\n<p><strong>Postiosoite<\/strong><\/p>\n\n\n\n<p>Suomen Meripelastusseura Isoj\u00e4rven j\u00e4rvipelastusyhdistys ry<\/p>\n\n\n\n<p>C\/O Mika L\u00e4hteenm\u00e4ki<\/p>\n\n\n\n<p>Torpankuja 2<\/p>\n\n\n\n<p>29600 Noormarkku<\/p>\n","protected":false},"excerpt":{"rendered":"<p>Isoj\u00e4rven j\u00e4rvipelastusyhdistys ry K\u00e4yntiosoite Ranta-Kiilholman venesatama 29630 Pomarkku Postiosoite Suomen Meripelastusseura Isoj\u00e4rven j\u00e4rvipelastusyhdistys ry C\/O Mika L\u00e4hteenm\u00e4ki Torpankuja 2 29600 Noormarkku<\/p>\n","protected":false},"author":1,"featured_media":84,"parent":0,"menu_order":0,"comment_status":"closed","ping_status":"closed","template":"","meta":{"_acf_changed":false,"inline_featured_image":false,"footnotes":""},"class_list":["post-54","page","type-page","status-publish","has-post-thumbnail","hentry"],"acf":[],"yoast_head":"<!-- This site is optimized with the Yoast SEO Premium plugin v27.2 (Yoast SEO v27.2) - https:\/\/yoast.com\/product\/yoast-seo-premium-wordpress\/ -->\n<title>Yhteystiedot - Isoj\u00e4rven j\u00e4rvipelastusyhdistys<\/title>\n<meta name=\"robots\" content=\"noindex, follow, max-snippet:-1, max-image-preview:large, max-video-preview:-1\" \/>\n<meta property=\"og:locale\" content=\"fi_FI\" \/>\n<meta property=\"og:type\" content=\"article\" \/>\n<meta property=\"og:title\" content=\"Yhteystiedot\" \/>\n<meta property=\"og:description\" content=\"Isoj\u00e4rven j\u00e4rvipelastusyhdistys ry K\u00e4yntiosoite Ranta-Kiilholman venesatama 29630 Pomarkku Postiosoite Suomen Meripelastusseura Isoj\u00e4rven j\u00e4rvipelastusyhdistys ry C\/O Mika L\u00e4hteenm\u00e4ki Torpankuja 2 29600 Noormarkku\" \/>\n<meta property=\"og:url\" content=\"https:\/\/meripelastus.fi\/isojarvi\/yhteystiedot\/\" \/>\n<meta property=\"og:site_name\" content=\"Isoj\u00e4rven j\u00e4rvipelastusyhdistys\" \/>\n<meta property=\"article:modified_time\" content=\"2024-11-28T15:55:14+00:00\" \/>\n<meta property=\"og:image\" content=\"https:\/\/meripelastus.fi\/isojarvi\/wp-content\/uploads\/sites\/45\/2024\/10\/isojarvenjarvipelastajat-alasivu.jpg\" \/>\n\t<meta property=\"og:image:width\" content=\"2000\" \/>\n\t<meta property=\"og:image:height\" content=\"900\" \/>\n\t<meta property=\"og:image:type\" content=\"image\/jpeg\" \/>\n<meta name=\"twitter:card\" content=\"summary_large_image\" \/>\n<meta name=\"twitter:label1\" content=\"Arvioitu lukuaika\" \/>\n\t<meta name=\"twitter:data1\" content=\"1 minuutti\" \/>\n<script type=\"application\/ld+json\" class=\"yoast-schema-graph\">{\"@context\":\"https:\/\/schema.org\",\"@graph\":[{\"@type\":\"WebPage\",\"@id\":\"https:\/\/meripelastus.fi\/isojarvi\/yhteystiedot\/\",\"url\":\"https:\/\/meripelastus.fi\/isojarvi\/yhteystiedot\/\",\"name\":\"Yhteystiedot - Isoj\u00e4rven j\u00e4rvipelastusyhdistys\",\"isPartOf\":{\"@id\":\"https:\/\/meripelastus.fi\/isojarvi\/#website\"},\"primaryImageOfPage\":{\"@id\":\"https:\/\/meripelastus.fi\/isojarvi\/yhteystiedot\/#primaryimage\"},\"image\":{\"@id\":\"https:\/\/meripelastus.fi\/isojarvi\/yhteystiedot\/#primaryimage\"},\"thumbnailUrl\":\"https:\/\/meripelastus.fi\/isojarvi\/wp-content\/uploads\/sites\/45\/2024\/10\/isojarvenjarvipelastajat-alasivu.jpg\",\"datePublished\":\"2024-10-18T09:00:15+00:00\",\"dateModified\":\"2024-11-28T15:55:14+00:00\",\"breadcrumb\":{\"@id\":\"https:\/\/meripelastus.fi\/isojarvi\/yhteystiedot\/#breadcrumb\"},\"inLanguage\":\"fi\",\"potentialAction\":[{\"@type\":\"ReadAction\",\"target\":[\"https:\/\/meripelastus.fi\/isojarvi\/yhteystiedot\/\"]}]},{\"@type\":\"ImageObject\",\"inLanguage\":\"fi\",\"@id\":\"https:\/\/meripelastus.fi\/isojarvi\/yhteystiedot\/#primaryimage\",\"url\":\"https:\/\/meripelastus.fi\/isojarvi\/wp-content\/uploads\/sites\/45\/2024\/10\/isojarvenjarvipelastajat-alasivu.jpg\",\"contentUrl\":\"https:\/\/meripelastus.fi\/isojarvi\/wp-content\/uploads\/sites\/45\/2024\/10\/isojarvenjarvipelastajat-alasivu.jpg\",\"width\":2000,\"height\":900,\"caption\":\"Miehist\u00f6\"},{\"@type\":\"BreadcrumbList\",\"@id\":\"https:\/\/meripelastus.fi\/isojarvi\/yhteystiedot\/#breadcrumb\",\"itemListElement\":[{\"@type\":\"ListItem\",\"position\":1,\"name\":\"Etusivu\",\"item\":\"https:\/\/meripelastus.fi\/isojarvi\/\"},{\"@type\":\"ListItem\",\"position\":2,\"name\":\"Yhteystiedot\"}]},{\"@type\":\"WebSite\",\"@id\":\"https:\/\/meripelastus.fi\/isojarvi\/#website\",\"url\":\"https:\/\/meripelastus.fi\/isojarvi\/\",\"name\":\"Isoj\u00e4rven j\u00e4rvipelastusyhdistys\",\"description\":\"Vapaaehtoiset apunasi vesill\u00e4\",\"potentialAction\":[{\"@type\":\"SearchAction\",\"target\":{\"@type\":\"EntryPoint\",\"urlTemplate\":\"https:\/\/meripelastus.fi\/isojarvi\/?s={search_term_string}\"},\"query-input\":{\"@type\":\"PropertyValueSpecification\",\"valueRequired\":true,\"valueName\":\"search_term_string\"}}],\"inLanguage\":\"fi\"}]}<\/script>\n<!-- \/ Yoast SEO Premium plugin. -->","yoast_head_json":{"title":"Yhteystiedot - Isoj\u00e4rven j\u00e4rvipelastusyhdistys","robots":{"index":"noindex","follow":"follow","max-snippet":"max-snippet:-1","max-image-preview":"max-image-preview:large","max-video-preview":"max-video-preview:-1"},"og_locale":"fi_FI","og_type":"article","og_title":"Yhteystiedot","og_description":"Isoj\u00e4rven j\u00e4rvipelastusyhdistys ry K\u00e4yntiosoite Ranta-Kiilholman venesatama 29630 Pomarkku Postiosoite Suomen Meripelastusseura Isoj\u00e4rven j\u00e4rvipelastusyhdistys ry C\/O Mika L\u00e4hteenm\u00e4ki Torpankuja 2 29600 Noormarkku","og_url":"https:\/\/meripelastus.fi\/isojarvi\/yhteystiedot\/","og_site_name":"Isoj\u00e4rven j\u00e4rvipelastusyhdistys","article_modified_time":"2024-11-28T15:55:14+00:00","og_image":[{"width":2000,"height":900,"url":"https:\/\/meripelastus.fi\/isojarvi\/wp-content\/uploads\/sites\/45\/2024\/10\/isojarvenjarvipelastajat-alasivu.jpg","type":"image\/jpeg"}],"twitter_card":"summary_large_image","twitter_misc":{"Arvioitu lukuaika":"1 minuutti"},"schema":{"@context":"https:\/\/schema.org","@graph":[{"@type":"WebPage","@id":"https:\/\/meripelastus.fi\/isojarvi\/yhteystiedot\/","url":"https:\/\/meripelastus.fi\/isojarvi\/yhteystiedot\/","name":"Yhteystiedot - Isoj\u00e4rven j\u00e4rvipelastusyhdistys","isPartOf":{"@id":"https:\/\/meripelastus.fi\/isojarvi\/#website"},"primaryImageOfPage":{"@id":"https:\/\/meripelastus.fi\/isojarvi\/yhteystiedot\/#primaryimage"},"image":{"@id":"https:\/\/meripelastus.fi\/isojarvi\/yhteystiedot\/#primaryimage"},"thumbnailUrl":"https:\/\/meripelastus.fi\/isojarvi\/wp-content\/uploads\/sites\/45\/2024\/10\/isojarvenjarvipelastajat-alasivu.jpg","datePublished":"2024-10-18T09:00:15+00:00","dateModified":"2024-11-28T15:55:14+00:00","breadcrumb":{"@id":"https:\/\/meripelastus.fi\/isojarvi\/yhteystiedot\/#breadcrumb"},"inLanguage":"fi","potentialAction":[{"@type":"ReadAction","target":["https:\/\/meripelastus.fi\/isojarvi\/yhteystiedot\/"]}]},{"@type":"ImageObject","inLanguage":"fi","@id":"https:\/\/meripelastus.fi\/isojarvi\/yhteystiedot\/#primaryimage","url":"https:\/\/meripelastus.fi\/isojarvi\/wp-content\/uploads\/sites\/45\/2024\/10\/isojarvenjarvipelastajat-alasivu.jpg","contentUrl":"https:\/\/meripelastus.fi\/isojarvi\/wp-content\/uploads\/sites\/45\/2024\/10\/isojarvenjarvipelastajat-alasivu.jpg","width":2000,"height":900,"caption":"Miehist\u00f6"},{"@type":"BreadcrumbList","@id":"https:\/\/meripelastus.fi\/isojarvi\/yhteystiedot\/#breadcrumb","itemListElement":[{"@type":"ListItem","position":1,"name":"Etusivu","item":"https:\/\/meripelastus.fi\/isojarvi\/"},{"@type":"ListItem","position":2,"name":"Yhteystiedot"}]},{"@type":"WebSite","@id":"https:\/\/meripelastus.fi\/isojarvi\/#website","url":"https:\/\/meripelastus.fi\/isojarvi\/","name":"Isoj\u00e4rven j\u00e4rvipelastusyhdistys","description":"Vapaaehtoiset apunasi vesill\u00e4","potentialAction":[{"@type":"SearchAction","target":{"@type":"EntryPoint","urlTemplate":"https:\/\/meripelastus.fi\/isojarvi\/?s={search_term_string}"},"query-input":{"@type":"PropertyValueSpecification","valueRequired":true,"valueName":"search_term_string"}}],"inLanguage":"fi"}]}},"_links":{"self":[{"href":"https:\/\/meripelastus.fi\/isojarvi\/wp-json\/wp\/v2\/pages\/54","targetHints":{"allow":["GET"]}}],"collection":[{"href":"https:\/\/meripelastus.fi\/isojarvi\/wp-json\/wp\/v2\/pages"}],"about":[{"href":"https:\/\/meripelastus.fi\/isojarvi\/wp-json\/wp\/v2\/types\/page"}],"author":[{"embeddable":true,"href":"https:\/\/meripelastus.fi\/isojarvi\/wp-json\/wp\/v2\/users\/1"}],"replies":[{"embeddable":true,"href":"https:\/\/meripelastus.fi\/isojarvi\/wp-json\/wp\/v2\/comments?post=54"}],"version-history":[{"count":6,"href":"https:\/\/meripelastus.fi\/isojarvi\/wp-json\/wp\/v2\/pages\/54\/revisions"}],"predecessor-version":[{"id":142,"href":"https:\/\/meripelastus.fi\/isojarvi\/wp-json\/wp\/v2\/pages\/54\/revisions\/142"}],"wp:featuredmedia":[{"embeddable":true,"href":"https:\/\/meripelastus.fi\/isojarvi\/wp-json\/wp\/v2\/media\/84"}],"wp:attachment":[{"href":"https:\/\/meripelastus.fi\/isojarvi\/wp-json\/wp\/v2\/media?parent=54"}],"curies":[{"name":"wp","href":"https:\/\/api.w.org\/{rel}","templated":true}]}}