{"id":52,"date":"2024-10-18T12:00:02","date_gmt":"2024-10-18T09:00:02","guid":{"rendered":"https:\/\/meripelastus.fi\/isojarvi-vedos\/?page_id=52"},"modified":"2024-11-28T00:15:20","modified_gmt":"2024-11-27T22:15:20","slug":"tietoa-meista","status":"publish","type":"page","link":"https:\/\/meripelastus.fi\/isojarvi\/isojarven-jarvipelastusyhdistys\/tietoa-meista\/","title":{"rendered":"Tietoa meist\u00e4"},"content":{"rendered":"\n<p><strong>Isoj\u00e4rven j\u00e4rvipelastusyhdistys kuuluu Suomen Meripelastusseuraan. Yhdistys on perustettu vuonna 2011 ja se toimii Isoj\u00e4rvell\u00e4, joka on l\u00e4ntisen Suomen toiseksi suurin j\u00e4rvi. J\u00e4rven rannoilla ja saarissa on l\u00e4hes 1000 vapaa-ajanasuntoa. Isoj\u00e4rvi on tunnettu hyvist\u00e4 kalansaaliistaan ja siksi my\u00f6s kalastus on j\u00e4rvell\u00e4 suosittu harrastus.<\/strong><\/p>\n","protected":false},"excerpt":{"rendered":"<p>Isoj\u00e4rven j\u00e4rvipelastusyhdistys kuuluu Suomen Meripelastusseuraan. Yhdistys on perustettu vuonna 2011 ja se toimii Isoj\u00e4rvell\u00e4, joka on l\u00e4ntisen Suomen toiseksi suurin j\u00e4rvi. J\u00e4rven rannoilla ja saarissa on l\u00e4hes 1000 vapaa-ajanasuntoa. Isoj\u00e4rvi on tunnettu hyvist\u00e4 kalansaaliistaan ja siksi my\u00f6s kalastus on j\u00e4rvell\u00e4 suosittu harrastus.<\/p>\n","protected":false},"author":1,"featured_media":84,"parent":50,"menu_order":0,"comment_status":"closed","ping_status":"closed","template":"","meta":{"_acf_changed":false,"inline_featured_image":false,"footnotes":""},"class_list":["post-52","page","type-page","status-publish","has-post-thumbnail","hentry"],"acf":[],"yoast_head":"<!-- This site is optimized with the Yoast SEO Premium plugin v27.2 (Yoast SEO v27.2) - https:\/\/yoast.com\/product\/yoast-seo-premium-wordpress\/ -->\n<title>Tietoa meist\u00e4 - Isoj\u00e4rven j\u00e4rvipelastusyhdistys<\/title>\n<meta name=\"robots\" content=\"noindex, follow, max-snippet:-1, max-image-preview:large, max-video-preview:-1\" \/>\n<meta property=\"og:locale\" content=\"fi_FI\" \/>\n<meta property=\"og:type\" content=\"article\" \/>\n<meta property=\"og:title\" content=\"Tietoa meist\u00e4\" \/>\n<meta property=\"og:description\" content=\"Isoj\u00e4rven j\u00e4rvipelastusyhdistys kuuluu Suomen Meripelastusseuraan. Yhdistys on perustettu vuonna 2011 ja se toimii Isoj\u00e4rvell\u00e4, joka on l\u00e4ntisen Suomen toiseksi suurin j\u00e4rvi. J\u00e4rven rannoilla ja saarissa on l\u00e4hes 1000 vapaa-ajanasuntoa. Isoj\u00e4rvi on tunnettu hyvist\u00e4 kalansaaliistaan ja siksi my\u00f6s kalastus on j\u00e4rvell\u00e4 suosittu harrastus.\" \/>\n<meta property=\"og:url\" content=\"https:\/\/meripelastus.fi\/isojarvi\/isojarven-jarvipelastusyhdistys\/tietoa-meista\/\" \/>\n<meta property=\"og:site_name\" content=\"Isoj\u00e4rven j\u00e4rvipelastusyhdistys\" \/>\n<meta property=\"article:modified_time\" content=\"2024-11-27T22:15:20+00:00\" \/>\n<meta property=\"og:image\" content=\"https:\/\/meripelastus.fi\/isojarvi\/wp-content\/uploads\/sites\/45\/2024\/10\/isojarvenjarvipelastajat-alasivu.jpg\" \/>\n\t<meta property=\"og:image:width\" content=\"2000\" \/>\n\t<meta property=\"og:image:height\" content=\"900\" \/>\n\t<meta property=\"og:image:type\" content=\"image\/jpeg\" \/>\n<meta name=\"twitter:card\" content=\"summary_large_image\" \/>\n<meta name=\"twitter:label1\" content=\"Arvioitu lukuaika\" \/>\n\t<meta name=\"twitter:data1\" content=\"1 minuutti\" \/>\n<script type=\"application\/ld+json\" class=\"yoast-schema-graph\">{\"@context\":\"https:\/\/schema.org\",\"@graph\":[{\"@type\":\"WebPage\",\"@id\":\"https:\/\/meripelastus.fi\/isojarvi\/isojarven-jarvipelastusyhdistys\/tietoa-meista\/\",\"url\":\"https:\/\/meripelastus.fi\/isojarvi\/isojarven-jarvipelastusyhdistys\/tietoa-meista\/\",\"name\":\"Tietoa meist\u00e4 - Isoj\u00e4rven j\u00e4rvipelastusyhdistys\",\"isPartOf\":{\"@id\":\"https:\/\/meripelastus.fi\/isojarvi\/#website\"},\"primaryImageOfPage\":{\"@id\":\"https:\/\/meripelastus.fi\/isojarvi\/isojarven-jarvipelastusyhdistys\/tietoa-meista\/#primaryimage\"},\"image\":{\"@id\":\"https:\/\/meripelastus.fi\/isojarvi\/isojarven-jarvipelastusyhdistys\/tietoa-meista\/#primaryimage\"},\"thumbnailUrl\":\"https:\/\/meripelastus.fi\/isojarvi\/wp-content\/uploads\/sites\/45\/2024\/10\/isojarvenjarvipelastajat-alasivu.jpg\",\"datePublished\":\"2024-10-18T09:00:02+00:00\",\"dateModified\":\"2024-11-27T22:15:20+00:00\",\"breadcrumb\":{\"@id\":\"https:\/\/meripelastus.fi\/isojarvi\/isojarven-jarvipelastusyhdistys\/tietoa-meista\/#breadcrumb\"},\"inLanguage\":\"fi\",\"potentialAction\":[{\"@type\":\"ReadAction\",\"target\":[\"https:\/\/meripelastus.fi\/isojarvi\/isojarven-jarvipelastusyhdistys\/tietoa-meista\/\"]}]},{\"@type\":\"ImageObject\",\"inLanguage\":\"fi\",\"@id\":\"https:\/\/meripelastus.fi\/isojarvi\/isojarven-jarvipelastusyhdistys\/tietoa-meista\/#primaryimage\",\"url\":\"https:\/\/meripelastus.fi\/isojarvi\/wp-content\/uploads\/sites\/45\/2024\/10\/isojarvenjarvipelastajat-alasivu.jpg\",\"contentUrl\":\"https:\/\/meripelastus.fi\/isojarvi\/wp-content\/uploads\/sites\/45\/2024\/10\/isojarvenjarvipelastajat-alasivu.jpg\",\"width\":2000,\"height\":900,\"caption\":\"Miehist\u00f6\"},{\"@type\":\"BreadcrumbList\",\"@id\":\"https:\/\/meripelastus.fi\/isojarvi\/isojarven-jarvipelastusyhdistys\/tietoa-meista\/#breadcrumb\",\"itemListElement\":[{\"@type\":\"ListItem\",\"position\":1,\"name\":\"Etusivu\",\"item\":\"https:\/\/meripelastus.fi\/isojarvi\/\"},{\"@type\":\"ListItem\",\"position\":2,\"name\":\"Isoj\u00e4rven j\u00e4rvipelastusyhdistys\",\"item\":\"https:\/\/meripelastus.fi\/isojarvi\/isojarven-jarvipelastusyhdistys\/\"},{\"@type\":\"ListItem\",\"position\":3,\"name\":\"Tietoa meist\u00e4\"}]},{\"@type\":\"WebSite\",\"@id\":\"https:\/\/meripelastus.fi\/isojarvi\/#website\",\"url\":\"https:\/\/meripelastus.fi\/isojarvi\/\",\"name\":\"Isoj\u00e4rven j\u00e4rvipelastusyhdistys\",\"description\":\"Vapaaehtoiset apunasi vesill\u00e4\",\"potentialAction\":[{\"@type\":\"SearchAction\",\"target\":{\"@type\":\"EntryPoint\",\"urlTemplate\":\"https:\/\/meripelastus.fi\/isojarvi\/?s={search_term_string}\"},\"query-input\":{\"@type\":\"PropertyValueSpecification\",\"valueRequired\":true,\"valueName\":\"search_term_string\"}}],\"inLanguage\":\"fi\"}]}<\/script>\n<!-- \/ Yoast SEO Premium plugin. -->","yoast_head_json":{"title":"Tietoa meist\u00e4 - Isoj\u00e4rven j\u00e4rvipelastusyhdistys","robots":{"index":"noindex","follow":"follow","max-snippet":"max-snippet:-1","max-image-preview":"max-image-preview:large","max-video-preview":"max-video-preview:-1"},"og_locale":"fi_FI","og_type":"article","og_title":"Tietoa meist\u00e4","og_description":"Isoj\u00e4rven j\u00e4rvipelastusyhdistys kuuluu Suomen Meripelastusseuraan. Yhdistys on perustettu vuonna 2011 ja se toimii Isoj\u00e4rvell\u00e4, joka on l\u00e4ntisen Suomen toiseksi suurin j\u00e4rvi. J\u00e4rven rannoilla ja saarissa on l\u00e4hes 1000 vapaa-ajanasuntoa. Isoj\u00e4rvi on tunnettu hyvist\u00e4 kalansaaliistaan ja siksi my\u00f6s kalastus on j\u00e4rvell\u00e4 suosittu harrastus.","og_url":"https:\/\/meripelastus.fi\/isojarvi\/isojarven-jarvipelastusyhdistys\/tietoa-meista\/","og_site_name":"Isoj\u00e4rven j\u00e4rvipelastusyhdistys","article_modified_time":"2024-11-27T22:15:20+00:00","og_image":[{"width":2000,"height":900,"url":"https:\/\/meripelastus.fi\/isojarvi\/wp-content\/uploads\/sites\/45\/2024\/10\/isojarvenjarvipelastajat-alasivu.jpg","type":"image\/jpeg"}],"twitter_card":"summary_large_image","twitter_misc":{"Arvioitu lukuaika":"1 minuutti"},"schema":{"@context":"https:\/\/schema.org","@graph":[{"@type":"WebPage","@id":"https:\/\/meripelastus.fi\/isojarvi\/isojarven-jarvipelastusyhdistys\/tietoa-meista\/","url":"https:\/\/meripelastus.fi\/isojarvi\/isojarven-jarvipelastusyhdistys\/tietoa-meista\/","name":"Tietoa meist\u00e4 - Isoj\u00e4rven j\u00e4rvipelastusyhdistys","isPartOf":{"@id":"https:\/\/meripelastus.fi\/isojarvi\/#website"},"primaryImageOfPage":{"@id":"https:\/\/meripelastus.fi\/isojarvi\/isojarven-jarvipelastusyhdistys\/tietoa-meista\/#primaryimage"},"image":{"@id":"https:\/\/meripelastus.fi\/isojarvi\/isojarven-jarvipelastusyhdistys\/tietoa-meista\/#primaryimage"},"thumbnailUrl":"https:\/\/meripelastus.fi\/isojarvi\/wp-content\/uploads\/sites\/45\/2024\/10\/isojarvenjarvipelastajat-alasivu.jpg","datePublished":"2024-10-18T09:00:02+00:00","dateModified":"2024-11-27T22:15:20+00:00","breadcrumb":{"@id":"https:\/\/meripelastus.fi\/isojarvi\/isojarven-jarvipelastusyhdistys\/tietoa-meista\/#breadcrumb"},"inLanguage":"fi","potentialAction":[{"@type":"ReadAction","target":["https:\/\/meripelastus.fi\/isojarvi\/isojarven-jarvipelastusyhdistys\/tietoa-meista\/"]}]},{"@type":"ImageObject","inLanguage":"fi","@id":"https:\/\/meripelastus.fi\/isojarvi\/isojarven-jarvipelastusyhdistys\/tietoa-meista\/#primaryimage","url":"https:\/\/meripelastus.fi\/isojarvi\/wp-content\/uploads\/sites\/45\/2024\/10\/isojarvenjarvipelastajat-alasivu.jpg","contentUrl":"https:\/\/meripelastus.fi\/isojarvi\/wp-content\/uploads\/sites\/45\/2024\/10\/isojarvenjarvipelastajat-alasivu.jpg","width":2000,"height":900,"caption":"Miehist\u00f6"},{"@type":"BreadcrumbList","@id":"https:\/\/meripelastus.fi\/isojarvi\/isojarven-jarvipelastusyhdistys\/tietoa-meista\/#breadcrumb","itemListElement":[{"@type":"ListItem","position":1,"name":"Etusivu","item":"https:\/\/meripelastus.fi\/isojarvi\/"},{"@type":"ListItem","position":2,"name":"Isoj\u00e4rven j\u00e4rvipelastusyhdistys","item":"https:\/\/meripelastus.fi\/isojarvi\/isojarven-jarvipelastusyhdistys\/"},{"@type":"ListItem","position":3,"name":"Tietoa meist\u00e4"}]},{"@type":"WebSite","@id":"https:\/\/meripelastus.fi\/isojarvi\/#website","url":"https:\/\/meripelastus.fi\/isojarvi\/","name":"Isoj\u00e4rven j\u00e4rvipelastusyhdistys","description":"Vapaaehtoiset apunasi vesill\u00e4","potentialAction":[{"@type":"SearchAction","target":{"@type":"EntryPoint","urlTemplate":"https:\/\/meripelastus.fi\/isojarvi\/?s={search_term_string}"},"query-input":{"@type":"PropertyValueSpecification","valueRequired":true,"valueName":"search_term_string"}}],"inLanguage":"fi"}]}},"_links":{"self":[{"href":"https:\/\/meripelastus.fi\/isojarvi\/wp-json\/wp\/v2\/pages\/52","targetHints":{"allow":["GET"]}}],"collection":[{"href":"https:\/\/meripelastus.fi\/isojarvi\/wp-json\/wp\/v2\/pages"}],"about":[{"href":"https:\/\/meripelastus.fi\/isojarvi\/wp-json\/wp\/v2\/types\/page"}],"author":[{"embeddable":true,"href":"https:\/\/meripelastus.fi\/isojarvi\/wp-json\/wp\/v2\/users\/1"}],"replies":[{"embeddable":true,"href":"https:\/\/meripelastus.fi\/isojarvi\/wp-json\/wp\/v2\/comments?post=52"}],"version-history":[{"count":3,"href":"https:\/\/meripelastus.fi\/isojarvi\/wp-json\/wp\/v2\/pages\/52\/revisions"}],"predecessor-version":[{"id":128,"href":"https:\/\/meripelastus.fi\/isojarvi\/wp-json\/wp\/v2\/pages\/52\/revisions\/128"}],"up":[{"embeddable":true,"href":"https:\/\/meripelastus.fi\/isojarvi\/wp-json\/wp\/v2\/pages\/50"}],"wp:featuredmedia":[{"embeddable":true,"href":"https:\/\/meripelastus.fi\/isojarvi\/wp-json\/wp\/v2\/media\/84"}],"wp:attachment":[{"href":"https:\/\/meripelastus.fi\/isojarvi\/wp-json\/wp\/v2\/media?parent=52"}],"curies":[{"name":"wp","href":"https:\/\/api.w.org\/{rel}","templated":true}]}}