{"id":46,"date":"2024-10-18T11:58:10","date_gmt":"2024-10-18T08:58:10","guid":{"rendered":"https:\/\/meripelastus.fi\/isojarvi-vedos\/?page_id=46"},"modified":"2024-10-18T12:57:04","modified_gmt":"2024-10-18T09:57:04","slug":"tehtavat","status":"publish","type":"page","link":"https:\/\/meripelastus.fi\/isojarvi\/toiminta\/tehtavat\/","title":{"rendered":"Teht\u00e4v\u00e4t"},"content":{"rendered":"\n<ul class=\"list-unstyled\" id=\"tehtavatrss\" data-amount=\"20\" data-city=\"106\">\n<template>\n<li>\n<time><\/time> <strong><place><\/place><\/strong>\n<span><\/span>\n<\/li>\n<\/template>\n<\/ul>\n","protected":false},"excerpt":{"rendered":"","protected":false},"author":1,"featured_media":84,"parent":44,"menu_order":0,"comment_status":"closed","ping_status":"closed","template":"","meta":{"_acf_changed":false,"inline_featured_image":false,"footnotes":""},"class_list":["post-46","page","type-page","status-publish","has-post-thumbnail","hentry"],"acf":[],"yoast_head":"<!-- This site is optimized with the Yoast SEO Premium plugin v27.2 (Yoast SEO v27.2) - https:\/\/yoast.com\/product\/yoast-seo-premium-wordpress\/ -->\n<title>Teht\u00e4v\u00e4t - Isoj\u00e4rven j\u00e4rvipelastusyhdistys<\/title>\n<meta name=\"robots\" content=\"noindex, follow, max-snippet:-1, max-image-preview:large, max-video-preview:-1\" \/>\n<meta property=\"og:locale\" content=\"fi_FI\" \/>\n<meta property=\"og:type\" content=\"article\" \/>\n<meta property=\"og:title\" content=\"Teht\u00e4v\u00e4t\" \/>\n<meta property=\"og:url\" content=\"https:\/\/meripelastus.fi\/isojarvi\/toiminta\/tehtavat\/\" \/>\n<meta property=\"og:site_name\" content=\"Isoj\u00e4rven j\u00e4rvipelastusyhdistys\" \/>\n<meta property=\"article:modified_time\" content=\"2024-10-18T09:57:04+00:00\" \/>\n<meta property=\"og:image\" content=\"https:\/\/meripelastus.fi\/isojarvi\/wp-content\/uploads\/sites\/45\/2024\/10\/isojarvenjarvipelastajat-alasivu.jpg\" \/>\n\t<meta property=\"og:image:width\" content=\"2000\" \/>\n\t<meta property=\"og:image:height\" content=\"900\" \/>\n\t<meta property=\"og:image:type\" content=\"image\/jpeg\" \/>\n<meta name=\"twitter:card\" content=\"summary_large_image\" \/>\n<script type=\"application\/ld+json\" class=\"yoast-schema-graph\">{\"@context\":\"https:\/\/schema.org\",\"@graph\":[{\"@type\":\"WebPage\",\"@id\":\"https:\/\/meripelastus.fi\/isojarvi\/toiminta\/tehtavat\/\",\"url\":\"https:\/\/meripelastus.fi\/isojarvi\/toiminta\/tehtavat\/\",\"name\":\"Teht\u00e4v\u00e4t - Isoj\u00e4rven j\u00e4rvipelastusyhdistys\",\"isPartOf\":{\"@id\":\"https:\/\/meripelastus.fi\/isojarvi\/#website\"},\"primaryImageOfPage\":{\"@id\":\"https:\/\/meripelastus.fi\/isojarvi\/toiminta\/tehtavat\/#primaryimage\"},\"image\":{\"@id\":\"https:\/\/meripelastus.fi\/isojarvi\/toiminta\/tehtavat\/#primaryimage\"},\"thumbnailUrl\":\"https:\/\/meripelastus.fi\/isojarvi\/wp-content\/uploads\/sites\/45\/2024\/10\/isojarvenjarvipelastajat-alasivu.jpg\",\"datePublished\":\"2024-10-18T08:58:10+00:00\",\"dateModified\":\"2024-10-18T09:57:04+00:00\",\"breadcrumb\":{\"@id\":\"https:\/\/meripelastus.fi\/isojarvi\/toiminta\/tehtavat\/#breadcrumb\"},\"inLanguage\":\"fi\",\"potentialAction\":[{\"@type\":\"ReadAction\",\"target\":[\"https:\/\/meripelastus.fi\/isojarvi\/toiminta\/tehtavat\/\"]}]},{\"@type\":\"ImageObject\",\"inLanguage\":\"fi\",\"@id\":\"https:\/\/meripelastus.fi\/isojarvi\/toiminta\/tehtavat\/#primaryimage\",\"url\":\"https:\/\/meripelastus.fi\/isojarvi\/wp-content\/uploads\/sites\/45\/2024\/10\/isojarvenjarvipelastajat-alasivu.jpg\",\"contentUrl\":\"https:\/\/meripelastus.fi\/isojarvi\/wp-content\/uploads\/sites\/45\/2024\/10\/isojarvenjarvipelastajat-alasivu.jpg\",\"width\":2000,\"height\":900,\"caption\":\"Miehist\u00f6\"},{\"@type\":\"BreadcrumbList\",\"@id\":\"https:\/\/meripelastus.fi\/isojarvi\/toiminta\/tehtavat\/#breadcrumb\",\"itemListElement\":[{\"@type\":\"ListItem\",\"position\":1,\"name\":\"Etusivu\",\"item\":\"https:\/\/meripelastus.fi\/isojarvi\/\"},{\"@type\":\"ListItem\",\"position\":2,\"name\":\"Toiminta\",\"item\":\"https:\/\/meripelastus.fi\/isojarvi\/toiminta\/\"},{\"@type\":\"ListItem\",\"position\":3,\"name\":\"Teht\u00e4v\u00e4t\"}]},{\"@type\":\"WebSite\",\"@id\":\"https:\/\/meripelastus.fi\/isojarvi\/#website\",\"url\":\"https:\/\/meripelastus.fi\/isojarvi\/\",\"name\":\"Isoj\u00e4rven j\u00e4rvipelastusyhdistys\",\"description\":\"Vapaaehtoiset apunasi vesill\u00e4\",\"potentialAction\":[{\"@type\":\"SearchAction\",\"target\":{\"@type\":\"EntryPoint\",\"urlTemplate\":\"https:\/\/meripelastus.fi\/isojarvi\/?s={search_term_string}\"},\"query-input\":{\"@type\":\"PropertyValueSpecification\",\"valueRequired\":true,\"valueName\":\"search_term_string\"}}],\"inLanguage\":\"fi\"}]}<\/script>\n<!-- \/ Yoast SEO Premium plugin. -->","yoast_head_json":{"title":"Teht\u00e4v\u00e4t - Isoj\u00e4rven j\u00e4rvipelastusyhdistys","robots":{"index":"noindex","follow":"follow","max-snippet":"max-snippet:-1","max-image-preview":"max-image-preview:large","max-video-preview":"max-video-preview:-1"},"og_locale":"fi_FI","og_type":"article","og_title":"Teht\u00e4v\u00e4t","og_url":"https:\/\/meripelastus.fi\/isojarvi\/toiminta\/tehtavat\/","og_site_name":"Isoj\u00e4rven j\u00e4rvipelastusyhdistys","article_modified_time":"2024-10-18T09:57:04+00:00","og_image":[{"width":2000,"height":900,"url":"https:\/\/meripelastus.fi\/isojarvi\/wp-content\/uploads\/sites\/45\/2024\/10\/isojarvenjarvipelastajat-alasivu.jpg","type":"image\/jpeg"}],"twitter_card":"summary_large_image","schema":{"@context":"https:\/\/schema.org","@graph":[{"@type":"WebPage","@id":"https:\/\/meripelastus.fi\/isojarvi\/toiminta\/tehtavat\/","url":"https:\/\/meripelastus.fi\/isojarvi\/toiminta\/tehtavat\/","name":"Teht\u00e4v\u00e4t - Isoj\u00e4rven j\u00e4rvipelastusyhdistys","isPartOf":{"@id":"https:\/\/meripelastus.fi\/isojarvi\/#website"},"primaryImageOfPage":{"@id":"https:\/\/meripelastus.fi\/isojarvi\/toiminta\/tehtavat\/#primaryimage"},"image":{"@id":"https:\/\/meripelastus.fi\/isojarvi\/toiminta\/tehtavat\/#primaryimage"},"thumbnailUrl":"https:\/\/meripelastus.fi\/isojarvi\/wp-content\/uploads\/sites\/45\/2024\/10\/isojarvenjarvipelastajat-alasivu.jpg","datePublished":"2024-10-18T08:58:10+00:00","dateModified":"2024-10-18T09:57:04+00:00","breadcrumb":{"@id":"https:\/\/meripelastus.fi\/isojarvi\/toiminta\/tehtavat\/#breadcrumb"},"inLanguage":"fi","potentialAction":[{"@type":"ReadAction","target":["https:\/\/meripelastus.fi\/isojarvi\/toiminta\/tehtavat\/"]}]},{"@type":"ImageObject","inLanguage":"fi","@id":"https:\/\/meripelastus.fi\/isojarvi\/toiminta\/tehtavat\/#primaryimage","url":"https:\/\/meripelastus.fi\/isojarvi\/wp-content\/uploads\/sites\/45\/2024\/10\/isojarvenjarvipelastajat-alasivu.jpg","contentUrl":"https:\/\/meripelastus.fi\/isojarvi\/wp-content\/uploads\/sites\/45\/2024\/10\/isojarvenjarvipelastajat-alasivu.jpg","width":2000,"height":900,"caption":"Miehist\u00f6"},{"@type":"BreadcrumbList","@id":"https:\/\/meripelastus.fi\/isojarvi\/toiminta\/tehtavat\/#breadcrumb","itemListElement":[{"@type":"ListItem","position":1,"name":"Etusivu","item":"https:\/\/meripelastus.fi\/isojarvi\/"},{"@type":"ListItem","position":2,"name":"Toiminta","item":"https:\/\/meripelastus.fi\/isojarvi\/toiminta\/"},{"@type":"ListItem","position":3,"name":"Teht\u00e4v\u00e4t"}]},{"@type":"WebSite","@id":"https:\/\/meripelastus.fi\/isojarvi\/#website","url":"https:\/\/meripelastus.fi\/isojarvi\/","name":"Isoj\u00e4rven j\u00e4rvipelastusyhdistys","description":"Vapaaehtoiset apunasi vesill\u00e4","potentialAction":[{"@type":"SearchAction","target":{"@type":"EntryPoint","urlTemplate":"https:\/\/meripelastus.fi\/isojarvi\/?s={search_term_string}"},"query-input":{"@type":"PropertyValueSpecification","valueRequired":true,"valueName":"search_term_string"}}],"inLanguage":"fi"}]}},"_links":{"self":[{"href":"https:\/\/meripelastus.fi\/isojarvi\/wp-json\/wp\/v2\/pages\/46","targetHints":{"allow":["GET"]}}],"collection":[{"href":"https:\/\/meripelastus.fi\/isojarvi\/wp-json\/wp\/v2\/pages"}],"about":[{"href":"https:\/\/meripelastus.fi\/isojarvi\/wp-json\/wp\/v2\/types\/page"}],"author":[{"embeddable":true,"href":"https:\/\/meripelastus.fi\/isojarvi\/wp-json\/wp\/v2\/users\/1"}],"replies":[{"embeddable":true,"href":"https:\/\/meripelastus.fi\/isojarvi\/wp-json\/wp\/v2\/comments?post=46"}],"version-history":[{"count":3,"href":"https:\/\/meripelastus.fi\/isojarvi\/wp-json\/wp\/v2\/pages\/46\/revisions"}],"predecessor-version":[{"id":94,"href":"https:\/\/meripelastus.fi\/isojarvi\/wp-json\/wp\/v2\/pages\/46\/revisions\/94"}],"up":[{"embeddable":true,"href":"https:\/\/meripelastus.fi\/isojarvi\/wp-json\/wp\/v2\/pages\/44"}],"wp:featuredmedia":[{"embeddable":true,"href":"https:\/\/meripelastus.fi\/isojarvi\/wp-json\/wp\/v2\/media\/84"}],"wp:attachment":[{"href":"https:\/\/meripelastus.fi\/isojarvi\/wp-json\/wp\/v2\/media?parent=46"}],"curies":[{"name":"wp","href":"https:\/\/api.w.org\/{rel}","templated":true}]}}