{"id":39,"date":"2024-10-18T11:56:52","date_gmt":"2024-10-18T08:56:52","guid":{"rendered":"https:\/\/meripelastus.fi\/isojarvi-vedos\/?page_id=39"},"modified":"2025-12-05T10:37:58","modified_gmt":"2025-12-05T08:37:58","slug":"etusivu","status":"publish","type":"page","link":"https:\/\/meripelastus.fi\/isojarvi\/","title":{"rendered":"Vapaaehtoiset apunasi vesill\u00e4"},"content":{"rendered":"\n<h2 class=\"wp-block-heading\" id=\"h-ajankohtaista\">Ajankohtaista<\/h2>\n\n\n\t\n<div class=\"container home-container\"> \n  <div class=\"row gridparent post-lists\">\n            <figure class=\"gridchild d-flex align-items-stretch\">\n            <div class=\"post-item relative\">\n                    <a href=\"https:\/\/meripelastus.fi\/isojarvi\/isojarven-jarvipelastusyhdistyksen-syyskokous-18-11-2025\/\" title=\"Isoj\u00e4rven j\u00e4rvipelastusyhdistyksen syyskokous 18.11.2025\">\n                        <img loading=\"lazy\" decoding=\"async\" src=\"https:\/\/meripelastus.fi\/isojarvi\/wp-content\/themes\/jarjestot\/img\/news-big.jpg\" alt=\"Isoj\u00e4rven j\u00e4rvipelastusyhdistyksen syyskokous 18.11.2025\" width=\"730\" height=\"460\" \/>\n                        <div class=\"postgradient\"><\/div><!--postgradient-->\n                    <\/a>\n                    <figcaption class=\"post-list-content\">\n                        <p class=\"article-meta has-white-color\">\n                            18.10.2025 \n                                                                                                <a href=\"https:\/\/meripelastus.fi\/isojarvi\/category\/uutiset\/\">Uutiset<\/a>\n                                                                                    <\/p>\n                        <a href=\"https:\/\/meripelastus.fi\/isojarvi\/isojarven-jarvipelastusyhdistyksen-syyskokous-18-11-2025\/\" title=\"Isoj\u00e4rven j\u00e4rvipelastusyhdistyksen syyskokous 18.11.2025\">\n                            <h4 class=\"has-white-color my-0\">Isoj\u00e4rven j\u00e4rvipelastusyhdistyksen syyskokous 18.11.2025<\/h4>\n                        <\/a>\n                    <\/figcaption>\t\n            <\/div>\n        <\/figure>\n            <figure class=\"gridchild d-flex align-items-stretch\">\n            <div class=\"post-item relative\">\n                    <a href=\"https:\/\/meripelastus.fi\/isojarvi\/rauhallista-joulua-ja-onnellista-uutta-vuotta-2025\/\" title=\"rauhallista joulua ja onnellista uutta vuotta 2025!\">\n                        <img loading=\"lazy\" decoding=\"async\" src=\"https:\/\/meripelastus.fi\/isojarvi\/wp-content\/uploads\/sites\/45\/2024\/10\/cropped-ms-icon-310x310-1-350x225.png\" alt=\"rauhallista joulua ja onnellista uutta vuotta 2025!\" width=\"730\" height=\"460\" \/>\n                        <div class=\"postgradient\"><\/div><!--postgradient-->\n                    <\/a>\n                    <figcaption class=\"post-list-content\">\n                        <p class=\"article-meta has-white-color\">\n                            28.11.2024 \n                                                                                                <a href=\"https:\/\/meripelastus.fi\/isojarvi\/category\/uutiset\/\">Uutiset<\/a>\n                                                                                    <\/p>\n                        <a href=\"https:\/\/meripelastus.fi\/isojarvi\/rauhallista-joulua-ja-onnellista-uutta-vuotta-2025\/\" title=\"rauhallista joulua ja onnellista uutta vuotta 2025!\">\n                            <h4 class=\"has-white-color my-0\">rauhallista joulua ja onnellista uutta&#8230;<\/h4>\n                        <\/a>\n                    <\/figcaption>\t\n            <\/div>\n        <\/figure>\n            <figure class=\"gridchild d-flex align-items-stretch\">\n            <div class=\"post-item relative\">\n                    <a href=\"https:\/\/meripelastus.fi\/isojarvi\/yhdistyksen-uudistuneet-verkkosivut-on-avattu\/\" title=\"yhdistyksen uudistuneet verkkosivut on avattu!\">\n                        <img loading=\"lazy\" decoding=\"async\" src=\"https:\/\/meripelastus.fi\/isojarvi\/wp-content\/themes\/jarjestot\/img\/news-big.jpg\" alt=\"yhdistyksen uudistuneet verkkosivut on avattu!\" width=\"730\" height=\"460\" \/>\n                        <div class=\"postgradient\"><\/div><!--postgradient-->\n                    <\/a>\n                    <figcaption class=\"post-list-content\">\n                        <p class=\"article-meta has-white-color\">\n                            27.11.2024 \n                                                                                                <a href=\"https:\/\/meripelastus.fi\/isojarvi\/category\/uutiset\/\">Uutiset<\/a>\n                                                                                    <\/p>\n                        <a href=\"https:\/\/meripelastus.fi\/isojarvi\/yhdistyksen-uudistuneet-verkkosivut-on-avattu\/\" title=\"yhdistyksen uudistuneet verkkosivut on avattu!\">\n                            <h4 class=\"has-white-color my-0\">yhdistyksen uudistuneet verkkosivut on&#8230;<\/h4>\n                        <\/a>\n                    <\/figcaption>\t\n            <\/div>\n        <\/figure>\n      <\/div>\n\n    \t\n\n    <div class=\"row\">\n      <div class=\"d-none d-sm-block col-2 col-md-3 col-xl-4\"><hr class=\"has-primary-background-color\"><\/div>\n      <div class=\"col-12 col-sm-8 col-md-6 col-xl-4\">\n      <div class=\"d-flex justify-content-center\">\t\n        <a href=\"https:\/\/meripelastus.fi\/isojarvi\/isojarven-jarvipelastusyhdistys\/uutiset\/\" target=\"_self\" class=\"btn btn-primary mt-0 mb-3 my-sm-0\">Uutiset<\/a>\t\t\t\t\t\t\t\t\t\t\n      <\/div>\n      <\/div>\n      <div class=\"col-12 col-sm-2 col-md-3 col-xl-4\"><hr class=\"has-primary-background-color\"><\/div>\n    <\/div>\n  \n<\/div>\n\n\n<div style=\"height:6rem\" aria-hidden=\"true\" class=\"wp-block-spacer\"><\/div>\n\n\n \n\t\n<div class=\"container home-container\"> \n    <div class=\"row home-img-lifts py-0 d-flex justify-content-center\">\n\n            \t\t\t\t \n\t\t\t\t\t\t<div class=\"col-10 offset-1 offset-md-0 col-md-6 col-lg-3 col-xxl-4 has-secondary-background-color d-flex flex-column align-items-stretch justify-content-between text-white text-center homelifts homelifts-lahjoita\">\n                            <div class=\"homelifts-lahjoita-img\"><img loading=\"lazy\" decoding=\"async\" src=\"https:\/\/meripelastus.fi\/isojarvi\/wp-content\/uploads\/sites\/45\/2024\/10\/svg-huutomerkki-white.svg\" alt=\"Huutomerkki\" width=\"300\" height=\"273\" \/><\/div> \n                            <div class=\"homelifts-lahjoita-content\">\n                                <h3 class=\"h2 text-white mt-0 mb-0\">H\u00e4t\u00e4tilanne! Mihin soitan?<\/h3>                                                                <div class=\"homelifts-lahjoita-content-otsikkoryhma\">\n                                    <h4 class=\"text-white mt-0\"><span>Sis\u00e4vesill\u00e4<\/span><\/h4>\n                                    <p><a href=\"tel:112\">112<\/a><\/p>\n                                <\/div>\n                                                                <div class=\"homelifts-lahjoita-content-otsikkoryhma\">\n                                    <h4 class=\"text-white mt-0\"><span>Merell\u00e4<\/span><\/h4>\n                                    <p><a href=\"tel:02941000\">02 94 1000<\/a><\/p>\n                                <\/div>\n                                                                                            <\/div>\n                            <a href=\"https:\/\/meripelastus.fi\/isojarvi\/toiminta\/halytysohje\/\" class=\"btn btn-default my-0 mx-auto\" target=\"_self\">H\u00e4lytysohjeet<\/a>                             \n                        <\/div>\n\t\t\t\t\t\t\t\n            \t\t\t\t \n\t\t\t\t\t\t\t<div class=\"col-10 offset-1 offset-md-0 col-md-6 col-lg-3 col-xxl-4 has-white-background-color d-flex flex-column align-items-stretch justify-content-between text-center homelifts homelifts-trossi\">\n                                <div class=\"homelifts-trossi-img\"><img loading=\"lazy\" decoding=\"async\" src=\"https:\/\/meripelastus.fi\/isojarvi\/wp-content\/uploads\/sites\/45\/2024\/10\/svg-alus.svg\" alt=\"Alus\" width=\"300\" height=\"300\" \/><\/div>                          \n                                <div class=\"homelifts-trossi-content\">\n                                    <h3 class=\"h2 mt-0\">Suoritetut teht\u00e4v\u00e4t<\/h3>                                                                                                                <ul class=\"list-unstyled\" id=\"tehtavatrss\" data-amount=\"2\" data-city=\"106\">\n                                            <template>\n                                                <li>\n                                                    <time><\/time>\n                                                    <strong><\/strong>\n                                                    <br \/>\n                                                    <span><\/span>\n                                                <\/li>\n                                            <\/template>\n                                        <\/ul>\n                                                                    <\/div>\n                                <a href=\"https:\/\/meripelastus.fi\/isojarvi\/toiminta\/tehtavat\/\" class=\"btn btn-primary mb-0 mx-auto\" target=\"_self\">Selaa teht\u00e4vi\u00e4<\/a>                             \n                            <\/div>\n\t\t\t\t\t\t\t           \n\n            \t\t\t\t \n\t\t\t\t\t\t<div class=\"col-10 offset-1 offset-md-0 col-md-6 col-lg-3 col-xxl-4 has-secondary-background-color d-flex flex-column align-items-stretch justify-content-between text-white text-center homelifts homelifts-liity\">\n                            <div class=\"homelifts-liity-img\"><img loading=\"lazy\" decoding=\"async\" src=\"https:\/\/meripelastus.fi\/isojarvi\/wp-content\/uploads\/sites\/45\/2025\/12\/smps-plus-jasenpalvelu-300x300.png\" alt=\"J\u00e4senpalvelu\" width=\"300\" height=\"300\" \/><\/div>  \n                            <div class=\"homelifts-liity-content\">\n                                <h3 class=\"h2 text-white mt-0\">J\u00e4senpalvelu veneesi turvaksi<\/h3>                                <hr class=\"homelift-border\">\n                                <p>Hankkimalla j\u00e4senpalvelun varmistat my\u00f6s veneellesi maksuttoman avun.<\/p>\n                            <\/div>\n                            <a href=\"https:\/\/meripelastus.fi\/jaseneksi\/\" class=\"btn btn-default mb-0 mx-auto\" target=\"_blank\">Lue lis\u00e4\u00e4<\/a>                             \n                        <\/div>\n\t\t\t\t\t\t\t    <\/div>\n<\/div>\n\n\n<div style=\"height:3rem\" aria-hidden=\"true\" class=\"wp-block-spacer\"><\/div>\n\n\n\n<div class=\"wp-block-group alignfull border-top has-white-background-color has-background\"><div class=\"wp-block-group__inner-container is-layout-constrained wp-block-group-is-layout-constrained\">\n<div style=\"height:3rem\" aria-hidden=\"true\" class=\"wp-block-spacer\"><\/div>\n\n\n\n<h4 class=\"wp-block-heading has-text-align-center has-x-large-font-size\" id=\"h-vapaaehtoiset-apunasi-vesilla\" style=\"text-transform:uppercase\">Vapaaehtoiset apunasi vesill\u00e4<\/h4>\n\n\n\n<div class=\"wp-block-columns is-layout-flex wp-container-core-columns-is-layout-9d6595d7 wp-block-columns-is-layout-flex\">\n<div class=\"wp-block-column is-layout-flow wp-block-column-is-layout-flow\" style=\"flex-basis:10%\"><\/div>\n\n\n\n<div class=\"wp-block-column is-layout-flow wp-block-column-is-layout-flow\" style=\"flex-basis:80%\">\n<p class=\"has-text-align-center has-medium-font-size\"><strong>Isoj\u00e4rven j\u00e4rvipelastusyhdistys kuuluu Suomen Meripelastusseuraan. Yhdistys on perustettu vuonna 2011 ja se toimii Isoj\u00e4rvell\u00e4, joka on l\u00e4ntisen Suomen toiseksi suurin j\u00e4rvi. J\u00e4rven rannoilla ja saarissa on l\u00e4hes 1000 vapaa-ajanasuntoa. Isoj\u00e4rvi on tunnettu hyvist\u00e4 kalansaaliistaan ja siksi my\u00f6s kalastus on j\u00e4rvell\u00e4 suosittu harrastus.<\/strong><\/p>\n\n\n\n<div class=\"wp-block-buttons is-content-justification-center is-layout-flex wp-container-core-buttons-is-layout-16018d1d wp-block-buttons-is-layout-flex\">\n<div class=\"wp-block-button\"><a class=\"wp-block-button__link wp-element-button\" href=\"https:\/\/meripelastus.fi\/isojarvi\/isojarven-jarvipelastusyhdistys\/tietoa-meista\/\">Tutustu toimintaamme<\/a><\/div>\n<\/div>\n<\/div>\n\n\n\n<div class=\"wp-block-column is-layout-flow wp-block-column-is-layout-flow\" style=\"flex-basis:10%\"><\/div>\n<\/div>\n\n\n\t\n   <div class=\"compass-wrapper\"><img loading=\"lazy\" decoding=\"async\" src=\"https:\/\/meripelastus.fi\/isojarvi\/wp-content\/themes\/jarjestot\/img\/smps-kompassi-sininen.png\" width=\"1083\" height=\"110\" class=\"kompassi-block\" aria-hidden=\"true\"\/><\/div><\/div><\/div>\n","protected":false},"excerpt":{"rendered":"<p>Ajankohtaista Vapaaehtoiset apunasi vesill\u00e4 Isoj\u00e4rven j\u00e4rvipelastusyhdistys kuuluu Suomen Meripelastusseuraan. Yhdistys on perustettu vuonna 2011 ja se toimii Isoj\u00e4rvell\u00e4, joka on l\u00e4ntisen Suomen toiseksi suurin j\u00e4rvi. J\u00e4rven rannoilla ja saarissa on l\u00e4hes 1000 vapaa-ajanasuntoa. Isoj\u00e4rvi on tunnettu hyvist\u00e4 kalansaaliistaan ja siksi my\u00f6s kalastus on j\u00e4rvell\u00e4 suosittu harrastus.<\/p>\n","protected":false},"author":1,"featured_media":113,"parent":0,"menu_order":0,"comment_status":"closed","ping_status":"closed","template":"templates\/frontpage.php","meta":{"_acf_changed":false,"inline_featured_image":false,"footnotes":""},"class_list":["post-39","page","type-page","status-publish","has-post-thumbnail","hentry"],"acf":[],"yoast_head":"<!-- This site is optimized with the Yoast SEO Premium plugin v27.2 (Yoast SEO v27.2) - https:\/\/yoast.com\/product\/yoast-seo-premium-wordpress\/ -->\n<title>Vapaaehtoiset apunasi vesill\u00e4 - Isoj\u00e4rven j\u00e4rvipelastusyhdistys<\/title>\n<meta name=\"robots\" content=\"noindex, follow, max-snippet:-1, max-image-preview:large, max-video-preview:-1\" \/>\n<meta property=\"og:locale\" content=\"fi_FI\" \/>\n<meta property=\"og:type\" content=\"article\" \/>\n<meta property=\"og:title\" content=\"Vapaaehtoiset apunasi vesill\u00e4\" \/>\n<meta property=\"og:description\" content=\"Ajankohtaista Vapaaehtoiset apunasi vesill\u00e4 Isoj\u00e4rven j\u00e4rvipelastusyhdistys kuuluu Suomen Meripelastusseuraan. Yhdistys on perustettu vuonna 2011 ja se toimii Isoj\u00e4rvell\u00e4, joka on l\u00e4ntisen Suomen toiseksi suurin j\u00e4rvi. J\u00e4rven rannoilla ja saarissa on l\u00e4hes 1000 vapaa-ajanasuntoa. Isoj\u00e4rvi on tunnettu hyvist\u00e4 kalansaaliistaan ja siksi my\u00f6s kalastus on j\u00e4rvell\u00e4 suosittu harrastus.\" \/>\n<meta property=\"og:url\" content=\"https:\/\/meripelastus.fi\/isojarvi\/\" \/>\n<meta property=\"og:site_name\" content=\"Isoj\u00e4rven j\u00e4rvipelastusyhdistys\" \/>\n<meta property=\"article:modified_time\" content=\"2025-12-05T08:37:58+00:00\" \/>\n<meta property=\"og:image\" content=\"https:\/\/meripelastus.fi\/isojarvi\/wp-content\/uploads\/sites\/45\/2024\/11\/PV-154.jpg\" \/>\n\t<meta property=\"og:image:width\" content=\"1600\" \/>\n\t<meta property=\"og:image:height\" content=\"1200\" \/>\n\t<meta property=\"og:image:type\" content=\"image\/jpeg\" \/>\n<meta name=\"twitter:card\" content=\"summary_large_image\" \/>\n<meta name=\"twitter:label1\" content=\"Arvioitu lukuaika\" \/>\n\t<meta name=\"twitter:data1\" content=\"1 minuutti\" \/>\n<script type=\"application\/ld+json\" class=\"yoast-schema-graph\">{\"@context\":\"https:\/\/schema.org\",\"@graph\":[{\"@type\":\"WebPage\",\"@id\":\"https:\/\/meripelastus.fi\/isojarvi\/\",\"url\":\"https:\/\/meripelastus.fi\/isojarvi\/\",\"name\":\"Vapaaehtoiset apunasi vesill\u00e4 - Isoj\u00e4rven j\u00e4rvipelastusyhdistys\",\"isPartOf\":{\"@id\":\"https:\/\/meripelastus.fi\/isojarvi\/#website\"},\"primaryImageOfPage\":{\"@id\":\"https:\/\/meripelastus.fi\/isojarvi\/#primaryimage\"},\"image\":{\"@id\":\"https:\/\/meripelastus.fi\/isojarvi\/#primaryimage\"},\"thumbnailUrl\":\"https:\/\/meripelastus.fi\/isojarvi\/wp-content\/uploads\/sites\/45\/2024\/11\/PV-154.jpg\",\"datePublished\":\"2024-10-18T08:56:52+00:00\",\"dateModified\":\"2025-12-05T08:37:58+00:00\",\"breadcrumb\":{\"@id\":\"https:\/\/meripelastus.fi\/isojarvi\/#breadcrumb\"},\"inLanguage\":\"fi\",\"potentialAction\":[{\"@type\":\"ReadAction\",\"target\":[\"https:\/\/meripelastus.fi\/isojarvi\/\"]}]},{\"@type\":\"ImageObject\",\"inLanguage\":\"fi\",\"@id\":\"https:\/\/meripelastus.fi\/isojarvi\/#primaryimage\",\"url\":\"https:\/\/meripelastus.fi\/isojarvi\/wp-content\/uploads\/sites\/45\/2024\/11\/PV-154.jpg\",\"contentUrl\":\"https:\/\/meripelastus.fi\/isojarvi\/wp-content\/uploads\/sites\/45\/2024\/11\/PV-154.jpg\",\"width\":1600,\"height\":1200},{\"@type\":\"BreadcrumbList\",\"@id\":\"https:\/\/meripelastus.fi\/isojarvi\/#breadcrumb\",\"itemListElement\":[{\"@type\":\"ListItem\",\"position\":1,\"name\":\"Etusivu\",\"item\":\"https:\/\/meripelastus.fi\/isojarvi\/\"},{\"@type\":\"ListItem\",\"position\":2,\"name\":\"Vapaaehtoiset apunasi vesill\u00e4\"}]},{\"@type\":\"WebSite\",\"@id\":\"https:\/\/meripelastus.fi\/isojarvi\/#website\",\"url\":\"https:\/\/meripelastus.fi\/isojarvi\/\",\"name\":\"Isoj\u00e4rven j\u00e4rvipelastusyhdistys\",\"description\":\"Vapaaehtoiset apunasi vesill\u00e4\",\"potentialAction\":[{\"@type\":\"SearchAction\",\"target\":{\"@type\":\"EntryPoint\",\"urlTemplate\":\"https:\/\/meripelastus.fi\/isojarvi\/?s={search_term_string}\"},\"query-input\":{\"@type\":\"PropertyValueSpecification\",\"valueRequired\":true,\"valueName\":\"search_term_string\"}}],\"inLanguage\":\"fi\"}]}<\/script>\n<!-- \/ Yoast SEO Premium plugin. -->","yoast_head_json":{"title":"Vapaaehtoiset apunasi vesill\u00e4 - Isoj\u00e4rven j\u00e4rvipelastusyhdistys","robots":{"index":"noindex","follow":"follow","max-snippet":"max-snippet:-1","max-image-preview":"max-image-preview:large","max-video-preview":"max-video-preview:-1"},"og_locale":"fi_FI","og_type":"article","og_title":"Vapaaehtoiset apunasi vesill\u00e4","og_description":"Ajankohtaista Vapaaehtoiset apunasi vesill\u00e4 Isoj\u00e4rven j\u00e4rvipelastusyhdistys kuuluu Suomen Meripelastusseuraan. Yhdistys on perustettu vuonna 2011 ja se toimii Isoj\u00e4rvell\u00e4, joka on l\u00e4ntisen Suomen toiseksi suurin j\u00e4rvi. J\u00e4rven rannoilla ja saarissa on l\u00e4hes 1000 vapaa-ajanasuntoa. Isoj\u00e4rvi on tunnettu hyvist\u00e4 kalansaaliistaan ja siksi my\u00f6s kalastus on j\u00e4rvell\u00e4 suosittu harrastus.","og_url":"https:\/\/meripelastus.fi\/isojarvi\/","og_site_name":"Isoj\u00e4rven j\u00e4rvipelastusyhdistys","article_modified_time":"2025-12-05T08:37:58+00:00","og_image":[{"width":1600,"height":1200,"url":"https:\/\/meripelastus.fi\/isojarvi\/wp-content\/uploads\/sites\/45\/2024\/11\/PV-154.jpg","type":"image\/jpeg"}],"twitter_card":"summary_large_image","twitter_misc":{"Arvioitu lukuaika":"1 minuutti"},"schema":{"@context":"https:\/\/schema.org","@graph":[{"@type":"WebPage","@id":"https:\/\/meripelastus.fi\/isojarvi\/","url":"https:\/\/meripelastus.fi\/isojarvi\/","name":"Vapaaehtoiset apunasi vesill\u00e4 - Isoj\u00e4rven j\u00e4rvipelastusyhdistys","isPartOf":{"@id":"https:\/\/meripelastus.fi\/isojarvi\/#website"},"primaryImageOfPage":{"@id":"https:\/\/meripelastus.fi\/isojarvi\/#primaryimage"},"image":{"@id":"https:\/\/meripelastus.fi\/isojarvi\/#primaryimage"},"thumbnailUrl":"https:\/\/meripelastus.fi\/isojarvi\/wp-content\/uploads\/sites\/45\/2024\/11\/PV-154.jpg","datePublished":"2024-10-18T08:56:52+00:00","dateModified":"2025-12-05T08:37:58+00:00","breadcrumb":{"@id":"https:\/\/meripelastus.fi\/isojarvi\/#breadcrumb"},"inLanguage":"fi","potentialAction":[{"@type":"ReadAction","target":["https:\/\/meripelastus.fi\/isojarvi\/"]}]},{"@type":"ImageObject","inLanguage":"fi","@id":"https:\/\/meripelastus.fi\/isojarvi\/#primaryimage","url":"https:\/\/meripelastus.fi\/isojarvi\/wp-content\/uploads\/sites\/45\/2024\/11\/PV-154.jpg","contentUrl":"https:\/\/meripelastus.fi\/isojarvi\/wp-content\/uploads\/sites\/45\/2024\/11\/PV-154.jpg","width":1600,"height":1200},{"@type":"BreadcrumbList","@id":"https:\/\/meripelastus.fi\/isojarvi\/#breadcrumb","itemListElement":[{"@type":"ListItem","position":1,"name":"Etusivu","item":"https:\/\/meripelastus.fi\/isojarvi\/"},{"@type":"ListItem","position":2,"name":"Vapaaehtoiset apunasi vesill\u00e4"}]},{"@type":"WebSite","@id":"https:\/\/meripelastus.fi\/isojarvi\/#website","url":"https:\/\/meripelastus.fi\/isojarvi\/","name":"Isoj\u00e4rven j\u00e4rvipelastusyhdistys","description":"Vapaaehtoiset apunasi vesill\u00e4","potentialAction":[{"@type":"SearchAction","target":{"@type":"EntryPoint","urlTemplate":"https:\/\/meripelastus.fi\/isojarvi\/?s={search_term_string}"},"query-input":{"@type":"PropertyValueSpecification","valueRequired":true,"valueName":"search_term_string"}}],"inLanguage":"fi"}]}},"_links":{"self":[{"href":"https:\/\/meripelastus.fi\/isojarvi\/wp-json\/wp\/v2\/pages\/39","targetHints":{"allow":["GET"]}}],"collection":[{"href":"https:\/\/meripelastus.fi\/isojarvi\/wp-json\/wp\/v2\/pages"}],"about":[{"href":"https:\/\/meripelastus.fi\/isojarvi\/wp-json\/wp\/v2\/types\/page"}],"author":[{"embeddable":true,"href":"https:\/\/meripelastus.fi\/isojarvi\/wp-json\/wp\/v2\/users\/1"}],"replies":[{"embeddable":true,"href":"https:\/\/meripelastus.fi\/isojarvi\/wp-json\/wp\/v2\/comments?post=39"}],"version-history":[{"count":12,"href":"https:\/\/meripelastus.fi\/isojarvi\/wp-json\/wp\/v2\/pages\/39\/revisions"}],"predecessor-version":[{"id":238,"href":"https:\/\/meripelastus.fi\/isojarvi\/wp-json\/wp\/v2\/pages\/39\/revisions\/238"}],"wp:featuredmedia":[{"embeddable":true,"href":"https:\/\/meripelastus.fi\/isojarvi\/wp-json\/wp\/v2\/media\/113"}],"wp:attachment":[{"href":"https:\/\/meripelastus.fi\/isojarvi\/wp-json\/wp\/v2\/media?parent=39"}],"curies":[{"name":"wp","href":"https:\/\/api.w.org\/{rel}","templated":true}]}}