{"id":209,"date":"2025-10-28T20:35:21","date_gmt":"2025-10-28T18:35:21","guid":{"rendered":"https:\/\/meripelastus.fi\/isojarvi\/?page_id=209"},"modified":"2025-11-18T18:21:16","modified_gmt":"2025-11-18T16:21:16","slug":"yhdistyksen-toimintaa-tukevat","status":"publish","type":"page","link":"https:\/\/meripelastus.fi\/isojarvi\/yhdistyksen-toimintaa-tukevat\/","title":{"rendered":"Toimintaamme tukemassa"},"content":{"rendered":"\n<div style=\"height:100px\" aria-hidden=\"true\" class=\"wp-block-spacer\"><\/div>\n\n\n<div class=\"wp-block-image\">\n<figure class=\"aligncenter size-large\"><a href=\"https:\/\/www.facebook.com\/p\/Mets%C3%A4konepalvelu-Yli-Anttila-100063701662517\/?locale=fi_FI\" target=\"_blank\" rel=\" noreferrer noopener\"><img loading=\"lazy\" decoding=\"async\" width=\"1024\" height=\"178\" src=\"https:\/\/meripelastus.fi\/isojarvi\/wp-content\/uploads\/sites\/45\/2025\/10\/Metsakonepalvelu-Yli-Anttila-2-1024x178.jpg\" alt=\"\" class=\"wp-image-220\" srcset=\"https:\/\/meripelastus.fi\/isojarvi\/wp-content\/uploads\/sites\/45\/2025\/10\/Metsakonepalvelu-Yli-Anttila-2-1024x178.jpg 1024w, https:\/\/meripelastus.fi\/isojarvi\/wp-content\/uploads\/sites\/45\/2025\/10\/Metsakonepalvelu-Yli-Anttila-2-300x52.jpg 300w, https:\/\/meripelastus.fi\/isojarvi\/wp-content\/uploads\/sites\/45\/2025\/10\/Metsakonepalvelu-Yli-Anttila-2-768x134.jpg 768w, https:\/\/meripelastus.fi\/isojarvi\/wp-content\/uploads\/sites\/45\/2025\/10\/Metsakonepalvelu-Yli-Anttila-2.jpg 1228w\" sizes=\"auto, (max-width: 1024px) 100vw, 1024px\" \/><\/a><\/figure>\n<\/div>\n\n\n<div style=\"height:100px\" aria-hidden=\"true\" class=\"wp-block-spacer\"><\/div>\n\n\n\n<p class=\"has-text-align-center\"><a href=\"https:\/\/www.maanrakennusviitanen.fi\/\">Maanrakennus Oy Viitanen &amp; Viitanen<\/a><\/p>\n\n\n\n<p class=\"has-text-align-center\">[kuva tulossa]<\/p>\n\n\n\n<div style=\"height:100px\" aria-hidden=\"true\" class=\"wp-block-spacer\"><\/div>\n\n\n\n<p class=\"has-text-align-center\"><a href=\"https:\/\/rp-lindholm.fi\/\">Rakennuspalvelu Lindholm Oy<\/a><\/p>\n\n\n\n<p class=\"has-text-align-center\">[kuva tulossa]<\/p>\n\n\n\n<div style=\"height:100px\" aria-hidden=\"true\" class=\"wp-block-spacer\"><\/div>\n\n\n\n<p class=\"has-text-align-center\"><a href=\"https:\/\/www.facebook.com\/people\/Ranta-Kiilholman-Tila\/100070007684121\/?locale=fi_FI#\">Ranta-Kiilholman tila<\/a><\/p>\n\n\n\n<p class=\"has-text-align-center\">[kuva tulossa]<\/p>\n\n\n\n<div style=\"height:100px\" aria-hidden=\"true\" class=\"wp-block-spacer\"><\/div>\n\n\n\n<p class=\"has-text-align-center\">Veljekset Peltomaa Oy<\/p>\n\n\n\n<p class=\"has-text-align-center\">[kuva tulossa]<\/p>\n\n\n\n<div style=\"height:100px\" aria-hidden=\"true\" class=\"wp-block-spacer\"><\/div>\n\n\n\n<p class=\"has-text-align-center\">Vesa M\u00e4ensivu Oy<\/p>\n\n\n\n<p class=\"has-text-align-center\">[kuva tulossa]<\/p>\n","protected":false},"excerpt":{"rendered":"<p>Maanrakennus Oy Viitanen &amp; Viitanen [kuva tulossa] Rakennuspalvelu Lindholm Oy [kuva tulossa] Ranta-Kiilholman tila [kuva tulossa] Veljekset Peltomaa Oy [kuva tulossa] Vesa M\u00e4ensivu Oy [kuva tulossa]<\/p>\n","protected":false},"author":128,"featured_media":0,"parent":0,"menu_order":0,"comment_status":"closed","ping_status":"closed","template":"","meta":{"_acf_changed":false,"inline_featured_image":false,"footnotes":""},"class_list":["post-209","page","type-page","status-publish","hentry"],"acf":[],"yoast_head":"<!-- This site is optimized with the Yoast SEO Premium plugin v27.2 (Yoast SEO v27.2) - https:\/\/yoast.com\/product\/yoast-seo-premium-wordpress\/ -->\n<title>Toimintaamme tukemassa - Isoj\u00e4rven j\u00e4rvipelastusyhdistys<\/title>\n<meta name=\"robots\" content=\"noindex, follow, max-snippet:-1, max-image-preview:large, max-video-preview:-1\" \/>\n<meta property=\"og:locale\" content=\"fi_FI\" \/>\n<meta property=\"og:type\" content=\"article\" \/>\n<meta property=\"og:title\" content=\"Toimintaamme tukemassa\" \/>\n<meta property=\"og:description\" content=\"Maanrakennus Oy Viitanen &amp; Viitanen [kuva tulossa] Rakennuspalvelu Lindholm Oy [kuva tulossa] Ranta-Kiilholman tila [kuva tulossa] Veljekset Peltomaa Oy [kuva tulossa] Vesa M\u00e4ensivu Oy [kuva tulossa]\" \/>\n<meta property=\"og:url\" content=\"https:\/\/meripelastus.fi\/isojarvi\/yhdistyksen-toimintaa-tukevat\/\" \/>\n<meta property=\"og:site_name\" content=\"Isoj\u00e4rven j\u00e4rvipelastusyhdistys\" \/>\n<meta property=\"article:modified_time\" content=\"2025-11-18T16:21:16+00:00\" \/>\n<meta property=\"og:image\" content=\"https:\/\/meripelastus.fi\/isojarvi\/wp-content\/uploads\/sites\/45\/2025\/10\/Metsakonepalvelu-Yli-Anttila-2.jpg\" \/>\n\t<meta property=\"og:image:width\" content=\"1228\" \/>\n\t<meta property=\"og:image:height\" content=\"214\" \/>\n\t<meta property=\"og:image:type\" content=\"image\/jpeg\" \/>\n<meta name=\"twitter:card\" content=\"summary_large_image\" \/>\n<meta name=\"twitter:label1\" content=\"Arvioitu lukuaika\" \/>\n\t<meta name=\"twitter:data1\" content=\"1 minuutti\" \/>\n<script type=\"application\/ld+json\" class=\"yoast-schema-graph\">{\"@context\":\"https:\/\/schema.org\",\"@graph\":[{\"@type\":\"WebPage\",\"@id\":\"https:\/\/meripelastus.fi\/isojarvi\/yhdistyksen-toimintaa-tukevat\/\",\"url\":\"https:\/\/meripelastus.fi\/isojarvi\/yhdistyksen-toimintaa-tukevat\/\",\"name\":\"Toimintaamme tukemassa - Isoj\u00e4rven j\u00e4rvipelastusyhdistys\",\"isPartOf\":{\"@id\":\"https:\/\/meripelastus.fi\/isojarvi\/#website\"},\"primaryImageOfPage\":{\"@id\":\"https:\/\/meripelastus.fi\/isojarvi\/yhdistyksen-toimintaa-tukevat\/#primaryimage\"},\"image\":{\"@id\":\"https:\/\/meripelastus.fi\/isojarvi\/yhdistyksen-toimintaa-tukevat\/#primaryimage\"},\"thumbnailUrl\":\"https:\/\/meripelastus.fi\/isojarvi\/wp-content\/uploads\/sites\/45\/2025\/10\/Metsakonepalvelu-Yli-Anttila-2-1024x178.jpg\",\"datePublished\":\"2025-10-28T18:35:21+00:00\",\"dateModified\":\"2025-11-18T16:21:16+00:00\",\"breadcrumb\":{\"@id\":\"https:\/\/meripelastus.fi\/isojarvi\/yhdistyksen-toimintaa-tukevat\/#breadcrumb\"},\"inLanguage\":\"fi\",\"potentialAction\":[{\"@type\":\"ReadAction\",\"target\":[\"https:\/\/meripelastus.fi\/isojarvi\/yhdistyksen-toimintaa-tukevat\/\"]}]},{\"@type\":\"ImageObject\",\"inLanguage\":\"fi\",\"@id\":\"https:\/\/meripelastus.fi\/isojarvi\/yhdistyksen-toimintaa-tukevat\/#primaryimage\",\"url\":\"https:\/\/meripelastus.fi\/isojarvi\/wp-content\/uploads\/sites\/45\/2025\/10\/Metsakonepalvelu-Yli-Anttila-2.jpg\",\"contentUrl\":\"https:\/\/meripelastus.fi\/isojarvi\/wp-content\/uploads\/sites\/45\/2025\/10\/Metsakonepalvelu-Yli-Anttila-2.jpg\",\"width\":1228,\"height\":214},{\"@type\":\"BreadcrumbList\",\"@id\":\"https:\/\/meripelastus.fi\/isojarvi\/yhdistyksen-toimintaa-tukevat\/#breadcrumb\",\"itemListElement\":[{\"@type\":\"ListItem\",\"position\":1,\"name\":\"Etusivu\",\"item\":\"https:\/\/meripelastus.fi\/isojarvi\/\"},{\"@type\":\"ListItem\",\"position\":2,\"name\":\"Toimintaamme tukemassa\"}]},{\"@type\":\"WebSite\",\"@id\":\"https:\/\/meripelastus.fi\/isojarvi\/#website\",\"url\":\"https:\/\/meripelastus.fi\/isojarvi\/\",\"name\":\"Isoj\u00e4rven j\u00e4rvipelastusyhdistys\",\"description\":\"Vapaaehtoiset apunasi vesill\u00e4\",\"potentialAction\":[{\"@type\":\"SearchAction\",\"target\":{\"@type\":\"EntryPoint\",\"urlTemplate\":\"https:\/\/meripelastus.fi\/isojarvi\/?s={search_term_string}\"},\"query-input\":{\"@type\":\"PropertyValueSpecification\",\"valueRequired\":true,\"valueName\":\"search_term_string\"}}],\"inLanguage\":\"fi\"}]}<\/script>\n<!-- \/ Yoast SEO Premium plugin. -->","yoast_head_json":{"title":"Toimintaamme tukemassa - Isoj\u00e4rven j\u00e4rvipelastusyhdistys","robots":{"index":"noindex","follow":"follow","max-snippet":"max-snippet:-1","max-image-preview":"max-image-preview:large","max-video-preview":"max-video-preview:-1"},"og_locale":"fi_FI","og_type":"article","og_title":"Toimintaamme tukemassa","og_description":"Maanrakennus Oy Viitanen &amp; Viitanen [kuva tulossa] Rakennuspalvelu Lindholm Oy [kuva tulossa] Ranta-Kiilholman tila [kuva tulossa] Veljekset Peltomaa Oy [kuva tulossa] Vesa M\u00e4ensivu Oy [kuva tulossa]","og_url":"https:\/\/meripelastus.fi\/isojarvi\/yhdistyksen-toimintaa-tukevat\/","og_site_name":"Isoj\u00e4rven j\u00e4rvipelastusyhdistys","article_modified_time":"2025-11-18T16:21:16+00:00","og_image":[{"width":1228,"height":214,"url":"https:\/\/meripelastus.fi\/isojarvi\/wp-content\/uploads\/sites\/45\/2025\/10\/Metsakonepalvelu-Yli-Anttila-2.jpg","type":"image\/jpeg"}],"twitter_card":"summary_large_image","twitter_misc":{"Arvioitu lukuaika":"1 minuutti"},"schema":{"@context":"https:\/\/schema.org","@graph":[{"@type":"WebPage","@id":"https:\/\/meripelastus.fi\/isojarvi\/yhdistyksen-toimintaa-tukevat\/","url":"https:\/\/meripelastus.fi\/isojarvi\/yhdistyksen-toimintaa-tukevat\/","name":"Toimintaamme tukemassa - Isoj\u00e4rven j\u00e4rvipelastusyhdistys","isPartOf":{"@id":"https:\/\/meripelastus.fi\/isojarvi\/#website"},"primaryImageOfPage":{"@id":"https:\/\/meripelastus.fi\/isojarvi\/yhdistyksen-toimintaa-tukevat\/#primaryimage"},"image":{"@id":"https:\/\/meripelastus.fi\/isojarvi\/yhdistyksen-toimintaa-tukevat\/#primaryimage"},"thumbnailUrl":"https:\/\/meripelastus.fi\/isojarvi\/wp-content\/uploads\/sites\/45\/2025\/10\/Metsakonepalvelu-Yli-Anttila-2-1024x178.jpg","datePublished":"2025-10-28T18:35:21+00:00","dateModified":"2025-11-18T16:21:16+00:00","breadcrumb":{"@id":"https:\/\/meripelastus.fi\/isojarvi\/yhdistyksen-toimintaa-tukevat\/#breadcrumb"},"inLanguage":"fi","potentialAction":[{"@type":"ReadAction","target":["https:\/\/meripelastus.fi\/isojarvi\/yhdistyksen-toimintaa-tukevat\/"]}]},{"@type":"ImageObject","inLanguage":"fi","@id":"https:\/\/meripelastus.fi\/isojarvi\/yhdistyksen-toimintaa-tukevat\/#primaryimage","url":"https:\/\/meripelastus.fi\/isojarvi\/wp-content\/uploads\/sites\/45\/2025\/10\/Metsakonepalvelu-Yli-Anttila-2.jpg","contentUrl":"https:\/\/meripelastus.fi\/isojarvi\/wp-content\/uploads\/sites\/45\/2025\/10\/Metsakonepalvelu-Yli-Anttila-2.jpg","width":1228,"height":214},{"@type":"BreadcrumbList","@id":"https:\/\/meripelastus.fi\/isojarvi\/yhdistyksen-toimintaa-tukevat\/#breadcrumb","itemListElement":[{"@type":"ListItem","position":1,"name":"Etusivu","item":"https:\/\/meripelastus.fi\/isojarvi\/"},{"@type":"ListItem","position":2,"name":"Toimintaamme tukemassa"}]},{"@type":"WebSite","@id":"https:\/\/meripelastus.fi\/isojarvi\/#website","url":"https:\/\/meripelastus.fi\/isojarvi\/","name":"Isoj\u00e4rven j\u00e4rvipelastusyhdistys","description":"Vapaaehtoiset apunasi vesill\u00e4","potentialAction":[{"@type":"SearchAction","target":{"@type":"EntryPoint","urlTemplate":"https:\/\/meripelastus.fi\/isojarvi\/?s={search_term_string}"},"query-input":{"@type":"PropertyValueSpecification","valueRequired":true,"valueName":"search_term_string"}}],"inLanguage":"fi"}]}},"_links":{"self":[{"href":"https:\/\/meripelastus.fi\/isojarvi\/wp-json\/wp\/v2\/pages\/209","targetHints":{"allow":["GET"]}}],"collection":[{"href":"https:\/\/meripelastus.fi\/isojarvi\/wp-json\/wp\/v2\/pages"}],"about":[{"href":"https:\/\/meripelastus.fi\/isojarvi\/wp-json\/wp\/v2\/types\/page"}],"author":[{"embeddable":true,"href":"https:\/\/meripelastus.fi\/isojarvi\/wp-json\/wp\/v2\/users\/128"}],"replies":[{"embeddable":true,"href":"https:\/\/meripelastus.fi\/isojarvi\/wp-json\/wp\/v2\/comments?post=209"}],"version-history":[{"count":12,"href":"https:\/\/meripelastus.fi\/isojarvi\/wp-json\/wp\/v2\/pages\/209\/revisions"}],"predecessor-version":[{"id":231,"href":"https:\/\/meripelastus.fi\/isojarvi\/wp-json\/wp\/v2\/pages\/209\/revisions\/231"}],"wp:attachment":[{"href":"https:\/\/meripelastus.fi\/isojarvi\/wp-json\/wp\/v2\/media?parent=209"}],"curies":[{"name":"wp","href":"https:\/\/api.w.org\/{rel}","templated":true}]}}