{"id":164,"date":"2025-10-12T11:39:15","date_gmt":"2025-10-12T08:39:15","guid":{"rendered":"https:\/\/meripelastus.fi\/isojarvi\/?page_id=164"},"modified":"2025-10-12T12:40:55","modified_gmt":"2025-10-12T09:40:55","slug":"polttoainekarry-hanke","status":"publish","type":"page","link":"https:\/\/meripelastus.fi\/isojarvi\/polttoainekarry-hanke\/","title":{"rendered":"polttoaineper\u00e4vaunu-hanke"},"content":{"rendered":"\n<p>SMPS Isoj\u00e4rven J\u00e4rvipelastusyhdistys ry tuottaa turvallisuuspalveluita ensisijaisesti Siikaisten-Pomarkun Isoj\u00e4rven alueelle. Yhdistyksen k\u00e4yt\u00f6ss\u00e4 on yksi pelastusalus, joka on siirrett\u00e4viss\u00e4 my\u00f6s muille vesialueille Satakunnan alueella.<\/p>\n\n\n\n<p>Hankkeella parannetaan yhdistyksen pelastusaluksen toimintavarmuutta parantamalla aluksen polttoainehuoltoa. Hankkeen avulla on tarkoitus hankkia polttoaineen kuljetukseen soveltuva per\u00e4vaunu ja per\u00e4vaunuun bensiinin kuljetukseen tarkoitettu ja hyv\u00e4ksytty kuljetusastia sek\u00e4 tankkauslaitteisto. Hankinnalla parannetaan ymp\u00e4rist\u00f6turvallisuutta mahdollistamalla veneen turvallinen tankkaus laiturissa sek\u00e4 minimoimalla ymp\u00e4rist\u00f6\u00f6n tankkauksen yhteydess\u00e4 joutuva polttoaine.<\/p>\n\n\n\n<p>Hankinta vaikuttaa my\u00f6s alueelliseen huoltovarmuuteen, sill\u00e4 tarvittaessa polttoaineper\u00e4vaunua voidaan k\u00e4ytt\u00e4\u00e4 bensiinin kuljetuksiin aggregaateille esimerkiksi s\u00e4hk\u00f6katkojen aikana.  Hankinta parantaa merkitt\u00e4v\u00e4sti tieliikenneturvallisuutta, kun polttoaine kuljetetaan nykyisten kanistereiden sijaan hyv\u00e4ksytyss\u00e4 polttoaineen kuljetukseen tarkoitetussa s\u00e4ili\u00f6ss\u00e4. Uudistus voidaan huomioida kyvykkyyten\u00e4 vapaaehtoisen pelastuspalvelun h\u00e4lytyskortissa.<\/p>\n\n\n\n<div class=\"wp-block-group is-content-justification-center is-nowrap is-layout-flex wp-container-core-group-is-layout-94bc23d7 wp-block-group-is-layout-flex\">\n<figure class=\"wp-block-image size-large is-resized is-style-rounded\"><img loading=\"lazy\" decoding=\"async\" width=\"1024\" height=\"733\" src=\"https:\/\/meripelastus.fi\/isojarvi\/wp-content\/uploads\/sites\/45\/2025\/10\/Karry_muokattu-1-1024x733.jpg\" alt=\"\" class=\"wp-image-175\" style=\"width:300px\" srcset=\"https:\/\/meripelastus.fi\/isojarvi\/wp-content\/uploads\/sites\/45\/2025\/10\/Karry_muokattu-1-1024x733.jpg 1024w, https:\/\/meripelastus.fi\/isojarvi\/wp-content\/uploads\/sites\/45\/2025\/10\/Karry_muokattu-1-300x215.jpg 300w, https:\/\/meripelastus.fi\/isojarvi\/wp-content\/uploads\/sites\/45\/2025\/10\/Karry_muokattu-1-768x550.jpg 768w, https:\/\/meripelastus.fi\/isojarvi\/wp-content\/uploads\/sites\/45\/2025\/10\/Karry_muokattu-1-1536x1100.jpg 1536w, https:\/\/meripelastus.fi\/isojarvi\/wp-content\/uploads\/sites\/45\/2025\/10\/Karry_muokattu-1-2048x1466.jpg 2048w\" sizes=\"auto, (max-width: 1024px) 100vw, 1024px\" \/><\/figure>\n\n\n\n<figure class=\"wp-block-image size-large is-resized is-style-rounded\"><img loading=\"lazy\" decoding=\"async\" width=\"1024\" height=\"768\" src=\"https:\/\/meripelastus.fi\/isojarvi\/wp-content\/uploads\/sites\/45\/2025\/10\/Sailio_2_muokattu-1024x768.jpg\" alt=\"\" class=\"wp-image-176\" style=\"width:300px\" srcset=\"https:\/\/meripelastus.fi\/isojarvi\/wp-content\/uploads\/sites\/45\/2025\/10\/Sailio_2_muokattu-1024x768.jpg 1024w, https:\/\/meripelastus.fi\/isojarvi\/wp-content\/uploads\/sites\/45\/2025\/10\/Sailio_2_muokattu-300x225.jpg 300w, https:\/\/meripelastus.fi\/isojarvi\/wp-content\/uploads\/sites\/45\/2025\/10\/Sailio_2_muokattu-768x576.jpg 768w, https:\/\/meripelastus.fi\/isojarvi\/wp-content\/uploads\/sites\/45\/2025\/10\/Sailio_2_muokattu-1536x1152.jpg 1536w, https:\/\/meripelastus.fi\/isojarvi\/wp-content\/uploads\/sites\/45\/2025\/10\/Sailio_2_muokattu-2048x1536.jpg 2048w\" sizes=\"auto, (max-width: 1024px) 100vw, 1024px\" \/><\/figure>\n<\/div>\n\n\n\n<p><\/p>\n\n\n\n<div class=\"wp-block-group is-nowrap is-layout-flex wp-container-core-group-is-layout-ad2f72ca wp-block-group-is-layout-flex\">\n<figure class=\"wp-block-image size-large is-resized\"><img loading=\"lazy\" decoding=\"async\" width=\"1024\" height=\"363\" src=\"https:\/\/meripelastus.fi\/isojarvi\/wp-content\/uploads\/sites\/45\/2025\/10\/Leader_Logo_Ryhmakohtaiset_RGB_Green_Pohjois-Satakunta-1-1024x363.png\" alt=\"\" class=\"wp-image-171\" style=\"width:300px\" srcset=\"https:\/\/meripelastus.fi\/isojarvi\/wp-content\/uploads\/sites\/45\/2025\/10\/Leader_Logo_Ryhmakohtaiset_RGB_Green_Pohjois-Satakunta-1-1024x363.png 1024w, https:\/\/meripelastus.fi\/isojarvi\/wp-content\/uploads\/sites\/45\/2025\/10\/Leader_Logo_Ryhmakohtaiset_RGB_Green_Pohjois-Satakunta-1-300x106.png 300w, https:\/\/meripelastus.fi\/isojarvi\/wp-content\/uploads\/sites\/45\/2025\/10\/Leader_Logo_Ryhmakohtaiset_RGB_Green_Pohjois-Satakunta-1-768x272.png 768w, https:\/\/meripelastus.fi\/isojarvi\/wp-content\/uploads\/sites\/45\/2025\/10\/Leader_Logo_Ryhmakohtaiset_RGB_Green_Pohjois-Satakunta-1-1536x544.png 1536w, https:\/\/meripelastus.fi\/isojarvi\/wp-content\/uploads\/sites\/45\/2025\/10\/Leader_Logo_Ryhmakohtaiset_RGB_Green_Pohjois-Satakunta-1-2048x726.png 2048w\" sizes=\"auto, (max-width: 1024px) 100vw, 1024px\" \/><\/figure>\n\n\n\n<figure class=\"wp-block-image size-large is-resized\"><img loading=\"lazy\" decoding=\"async\" width=\"1024\" height=\"215\" src=\"https:\/\/meripelastus.fi\/isojarvi\/wp-content\/uploads\/sites\/45\/2025\/10\/FI-Euroopan-unionin-osarahoittama-2-1-1024x215.jpg\" alt=\"\" class=\"wp-image-170\" style=\"width:300px\" srcset=\"https:\/\/meripelastus.fi\/isojarvi\/wp-content\/uploads\/sites\/45\/2025\/10\/FI-Euroopan-unionin-osarahoittama-2-1-1024x215.jpg 1024w, https:\/\/meripelastus.fi\/isojarvi\/wp-content\/uploads\/sites\/45\/2025\/10\/FI-Euroopan-unionin-osarahoittama-2-1-300x63.jpg 300w, https:\/\/meripelastus.fi\/isojarvi\/wp-content\/uploads\/sites\/45\/2025\/10\/FI-Euroopan-unionin-osarahoittama-2-1-768x161.jpg 768w, https:\/\/meripelastus.fi\/isojarvi\/wp-content\/uploads\/sites\/45\/2025\/10\/FI-Euroopan-unionin-osarahoittama-2-1-1536x322.jpg 1536w, https:\/\/meripelastus.fi\/isojarvi\/wp-content\/uploads\/sites\/45\/2025\/10\/FI-Euroopan-unionin-osarahoittama-2-1-2048x430.jpg 2048w\" sizes=\"auto, (max-width: 1024px) 100vw, 1024px\" \/><\/figure>\n<\/div>\n","protected":false},"excerpt":{"rendered":"<p>SMPS Isoj\u00e4rven J\u00e4rvipelastusyhdistys ry tuottaa turvallisuuspalveluita ensisijaisesti Siikaisten-Pomarkun Isoj\u00e4rven alueelle. Yhdistyksen k\u00e4yt\u00f6ss\u00e4 on yksi pelastusalus, joka on siirrett\u00e4viss\u00e4 my\u00f6s muille vesialueille Satakunnan alueella. Hankkeella parannetaan yhdistyksen pelastusaluksen toimintavarmuutta parantamalla aluksen polttoainehuoltoa. Hankkeen avulla on tarkoitus hankkia polttoaineen kuljetukseen soveltuva per\u00e4vaunu ja per\u00e4vaunuun bensiinin kuljetukseen tarkoitettu ja hyv\u00e4ksytty kuljetusastia sek\u00e4 tankkauslaitteisto. Hankinnalla parannetaan ymp\u00e4rist\u00f6turvallisuutta mahdollistamalla veneen [&hellip;]<\/p>\n","protected":false},"author":128,"featured_media":0,"parent":0,"menu_order":0,"comment_status":"closed","ping_status":"closed","template":"","meta":{"_acf_changed":false,"inline_featured_image":false,"footnotes":""},"class_list":["post-164","page","type-page","status-publish","hentry"],"acf":[],"yoast_head":"<!-- This site is optimized with the Yoast SEO Premium plugin v27.2 (Yoast SEO v27.2) - https:\/\/yoast.com\/product\/yoast-seo-premium-wordpress\/ -->\n<title>polttoaineper\u00e4vaunu-hanke - Isoj\u00e4rven j\u00e4rvipelastusyhdistys<\/title>\n<meta name=\"robots\" content=\"noindex, follow, max-snippet:-1, max-image-preview:large, max-video-preview:-1\" \/>\n<meta property=\"og:locale\" content=\"fi_FI\" \/>\n<meta property=\"og:type\" content=\"article\" \/>\n<meta property=\"og:title\" content=\"polttoaineper\u00e4vaunu-hanke\" \/>\n<meta property=\"og:description\" content=\"SMPS Isoj\u00e4rven J\u00e4rvipelastusyhdistys ry tuottaa turvallisuuspalveluita ensisijaisesti Siikaisten-Pomarkun Isoj\u00e4rven alueelle. Yhdistyksen k\u00e4yt\u00f6ss\u00e4 on yksi pelastusalus, joka on siirrett\u00e4viss\u00e4 my\u00f6s muille vesialueille Satakunnan alueella. Hankkeella parannetaan yhdistyksen pelastusaluksen toimintavarmuutta parantamalla aluksen polttoainehuoltoa. Hankkeen avulla on tarkoitus hankkia polttoaineen kuljetukseen soveltuva per\u00e4vaunu ja per\u00e4vaunuun bensiinin kuljetukseen tarkoitettu ja hyv\u00e4ksytty kuljetusastia sek\u00e4 tankkauslaitteisto. Hankinnalla parannetaan ymp\u00e4rist\u00f6turvallisuutta mahdollistamalla veneen [&hellip;]\" \/>\n<meta property=\"og:url\" content=\"https:\/\/meripelastus.fi\/isojarvi\/polttoainekarry-hanke\/\" \/>\n<meta property=\"og:site_name\" content=\"Isoj\u00e4rven j\u00e4rvipelastusyhdistys\" \/>\n<meta property=\"article:modified_time\" content=\"2025-10-12T09:40:55+00:00\" \/>\n<meta property=\"og:image\" content=\"https:\/\/meripelastus.fi\/isojarvi\/wp-content\/uploads\/sites\/45\/2025\/10\/Karry_muokattu-1-scaled.jpg\" \/>\n\t<meta property=\"og:image:width\" content=\"2560\" \/>\n\t<meta property=\"og:image:height\" content=\"1833\" \/>\n\t<meta property=\"og:image:type\" content=\"image\/jpeg\" \/>\n<meta name=\"twitter:card\" content=\"summary_large_image\" \/>\n<meta name=\"twitter:label1\" content=\"Arvioitu lukuaika\" \/>\n\t<meta name=\"twitter:data1\" content=\"2 minuuttia\" \/>\n<script type=\"application\/ld+json\" class=\"yoast-schema-graph\">{\"@context\":\"https:\/\/schema.org\",\"@graph\":[{\"@type\":\"WebPage\",\"@id\":\"https:\/\/meripelastus.fi\/isojarvi\/polttoainekarry-hanke\/\",\"url\":\"https:\/\/meripelastus.fi\/isojarvi\/polttoainekarry-hanke\/\",\"name\":\"polttoaineper\u00e4vaunu-hanke - Isoj\u00e4rven j\u00e4rvipelastusyhdistys\",\"isPartOf\":{\"@id\":\"https:\/\/meripelastus.fi\/isojarvi\/#website\"},\"primaryImageOfPage\":{\"@id\":\"https:\/\/meripelastus.fi\/isojarvi\/polttoainekarry-hanke\/#primaryimage\"},\"image\":{\"@id\":\"https:\/\/meripelastus.fi\/isojarvi\/polttoainekarry-hanke\/#primaryimage\"},\"thumbnailUrl\":\"https:\/\/meripelastus.fi\/isojarvi\/wp-content\/uploads\/sites\/45\/2025\/10\/Karry_muokattu-1-1024x733.jpg\",\"datePublished\":\"2025-10-12T08:39:15+00:00\",\"dateModified\":\"2025-10-12T09:40:55+00:00\",\"breadcrumb\":{\"@id\":\"https:\/\/meripelastus.fi\/isojarvi\/polttoainekarry-hanke\/#breadcrumb\"},\"inLanguage\":\"fi\",\"potentialAction\":[{\"@type\":\"ReadAction\",\"target\":[\"https:\/\/meripelastus.fi\/isojarvi\/polttoainekarry-hanke\/\"]}]},{\"@type\":\"ImageObject\",\"inLanguage\":\"fi\",\"@id\":\"https:\/\/meripelastus.fi\/isojarvi\/polttoainekarry-hanke\/#primaryimage\",\"url\":\"https:\/\/meripelastus.fi\/isojarvi\/wp-content\/uploads\/sites\/45\/2025\/10\/Karry_muokattu-1-scaled.jpg\",\"contentUrl\":\"https:\/\/meripelastus.fi\/isojarvi\/wp-content\/uploads\/sites\/45\/2025\/10\/Karry_muokattu-1-scaled.jpg\",\"width\":2560,\"height\":1833},{\"@type\":\"BreadcrumbList\",\"@id\":\"https:\/\/meripelastus.fi\/isojarvi\/polttoainekarry-hanke\/#breadcrumb\",\"itemListElement\":[{\"@type\":\"ListItem\",\"position\":1,\"name\":\"Etusivu\",\"item\":\"https:\/\/meripelastus.fi\/isojarvi\/\"},{\"@type\":\"ListItem\",\"position\":2,\"name\":\"polttoaineper\u00e4vaunu-hanke\"}]},{\"@type\":\"WebSite\",\"@id\":\"https:\/\/meripelastus.fi\/isojarvi\/#website\",\"url\":\"https:\/\/meripelastus.fi\/isojarvi\/\",\"name\":\"Isoj\u00e4rven j\u00e4rvipelastusyhdistys\",\"description\":\"Vapaaehtoiset apunasi vesill\u00e4\",\"potentialAction\":[{\"@type\":\"SearchAction\",\"target\":{\"@type\":\"EntryPoint\",\"urlTemplate\":\"https:\/\/meripelastus.fi\/isojarvi\/?s={search_term_string}\"},\"query-input\":{\"@type\":\"PropertyValueSpecification\",\"valueRequired\":true,\"valueName\":\"search_term_string\"}}],\"inLanguage\":\"fi\"}]}<\/script>\n<!-- \/ Yoast SEO Premium plugin. -->","yoast_head_json":{"title":"polttoaineper\u00e4vaunu-hanke - Isoj\u00e4rven j\u00e4rvipelastusyhdistys","robots":{"index":"noindex","follow":"follow","max-snippet":"max-snippet:-1","max-image-preview":"max-image-preview:large","max-video-preview":"max-video-preview:-1"},"og_locale":"fi_FI","og_type":"article","og_title":"polttoaineper\u00e4vaunu-hanke","og_description":"SMPS Isoj\u00e4rven J\u00e4rvipelastusyhdistys ry tuottaa turvallisuuspalveluita ensisijaisesti Siikaisten-Pomarkun Isoj\u00e4rven alueelle. Yhdistyksen k\u00e4yt\u00f6ss\u00e4 on yksi pelastusalus, joka on siirrett\u00e4viss\u00e4 my\u00f6s muille vesialueille Satakunnan alueella. Hankkeella parannetaan yhdistyksen pelastusaluksen toimintavarmuutta parantamalla aluksen polttoainehuoltoa. Hankkeen avulla on tarkoitus hankkia polttoaineen kuljetukseen soveltuva per\u00e4vaunu ja per\u00e4vaunuun bensiinin kuljetukseen tarkoitettu ja hyv\u00e4ksytty kuljetusastia sek\u00e4 tankkauslaitteisto. Hankinnalla parannetaan ymp\u00e4rist\u00f6turvallisuutta mahdollistamalla veneen [&hellip;]","og_url":"https:\/\/meripelastus.fi\/isojarvi\/polttoainekarry-hanke\/","og_site_name":"Isoj\u00e4rven j\u00e4rvipelastusyhdistys","article_modified_time":"2025-10-12T09:40:55+00:00","og_image":[{"width":2560,"height":1833,"url":"https:\/\/meripelastus.fi\/isojarvi\/wp-content\/uploads\/sites\/45\/2025\/10\/Karry_muokattu-1-scaled.jpg","type":"image\/jpeg"}],"twitter_card":"summary_large_image","twitter_misc":{"Arvioitu lukuaika":"2 minuuttia"},"schema":{"@context":"https:\/\/schema.org","@graph":[{"@type":"WebPage","@id":"https:\/\/meripelastus.fi\/isojarvi\/polttoainekarry-hanke\/","url":"https:\/\/meripelastus.fi\/isojarvi\/polttoainekarry-hanke\/","name":"polttoaineper\u00e4vaunu-hanke - Isoj\u00e4rven j\u00e4rvipelastusyhdistys","isPartOf":{"@id":"https:\/\/meripelastus.fi\/isojarvi\/#website"},"primaryImageOfPage":{"@id":"https:\/\/meripelastus.fi\/isojarvi\/polttoainekarry-hanke\/#primaryimage"},"image":{"@id":"https:\/\/meripelastus.fi\/isojarvi\/polttoainekarry-hanke\/#primaryimage"},"thumbnailUrl":"https:\/\/meripelastus.fi\/isojarvi\/wp-content\/uploads\/sites\/45\/2025\/10\/Karry_muokattu-1-1024x733.jpg","datePublished":"2025-10-12T08:39:15+00:00","dateModified":"2025-10-12T09:40:55+00:00","breadcrumb":{"@id":"https:\/\/meripelastus.fi\/isojarvi\/polttoainekarry-hanke\/#breadcrumb"},"inLanguage":"fi","potentialAction":[{"@type":"ReadAction","target":["https:\/\/meripelastus.fi\/isojarvi\/polttoainekarry-hanke\/"]}]},{"@type":"ImageObject","inLanguage":"fi","@id":"https:\/\/meripelastus.fi\/isojarvi\/polttoainekarry-hanke\/#primaryimage","url":"https:\/\/meripelastus.fi\/isojarvi\/wp-content\/uploads\/sites\/45\/2025\/10\/Karry_muokattu-1-scaled.jpg","contentUrl":"https:\/\/meripelastus.fi\/isojarvi\/wp-content\/uploads\/sites\/45\/2025\/10\/Karry_muokattu-1-scaled.jpg","width":2560,"height":1833},{"@type":"BreadcrumbList","@id":"https:\/\/meripelastus.fi\/isojarvi\/polttoainekarry-hanke\/#breadcrumb","itemListElement":[{"@type":"ListItem","position":1,"name":"Etusivu","item":"https:\/\/meripelastus.fi\/isojarvi\/"},{"@type":"ListItem","position":2,"name":"polttoaineper\u00e4vaunu-hanke"}]},{"@type":"WebSite","@id":"https:\/\/meripelastus.fi\/isojarvi\/#website","url":"https:\/\/meripelastus.fi\/isojarvi\/","name":"Isoj\u00e4rven j\u00e4rvipelastusyhdistys","description":"Vapaaehtoiset apunasi vesill\u00e4","potentialAction":[{"@type":"SearchAction","target":{"@type":"EntryPoint","urlTemplate":"https:\/\/meripelastus.fi\/isojarvi\/?s={search_term_string}"},"query-input":{"@type":"PropertyValueSpecification","valueRequired":true,"valueName":"search_term_string"}}],"inLanguage":"fi"}]}},"_links":{"self":[{"href":"https:\/\/meripelastus.fi\/isojarvi\/wp-json\/wp\/v2\/pages\/164","targetHints":{"allow":["GET"]}}],"collection":[{"href":"https:\/\/meripelastus.fi\/isojarvi\/wp-json\/wp\/v2\/pages"}],"about":[{"href":"https:\/\/meripelastus.fi\/isojarvi\/wp-json\/wp\/v2\/types\/page"}],"author":[{"embeddable":true,"href":"https:\/\/meripelastus.fi\/isojarvi\/wp-json\/wp\/v2\/users\/128"}],"replies":[{"embeddable":true,"href":"https:\/\/meripelastus.fi\/isojarvi\/wp-json\/wp\/v2\/comments?post=164"}],"version-history":[{"count":7,"href":"https:\/\/meripelastus.fi\/isojarvi\/wp-json\/wp\/v2\/pages\/164\/revisions"}],"predecessor-version":[{"id":182,"href":"https:\/\/meripelastus.fi\/isojarvi\/wp-json\/wp\/v2\/pages\/164\/revisions\/182"}],"wp:attachment":[{"href":"https:\/\/meripelastus.fi\/isojarvi\/wp-json\/wp\/v2\/media?parent=164"}],"curies":[{"name":"wp","href":"https:\/\/api.w.org\/{rel}","templated":true}]}}