{"id":8,"date":"2018-03-19T09:16:29","date_gmt":"2018-03-19T07:16:29","guid":{"rendered":"http:\/\/basetemplate.smpsyhdistykset.16.testivedos.com\/?page_id=8"},"modified":"2023-11-08T16:56:32","modified_gmt":"2023-11-08T14:56:32","slug":"tietoa-meista","status":"publish","type":"page","link":"https:\/\/meripelastus.fi\/inkoo\/fi\/inkoon-meripelastajat\/tietoa-meista\/","title":{"rendered":"Tietoa meist\u00e4"},"content":{"rendered":"\n<div class=\"wp-block-columns is-layout-flex wp-container-core-columns-is-layout-9d6595d7 wp-block-columns-is-layout-flex\">\n<div class=\"wp-block-column is-layout-flow wp-block-column-is-layout-flow\">\n<h2 class=\"wp-block-heading\">Historia<\/h2>\n\n\n\n<p>Inkoon Meripelastajien historia alkaa vuodesta 1986 jolloin Porkkalan Meripelastusyhdistys sai lahjoituksena uuden NPV-4 meripelastusveneen voidakseen t\u00e4ll\u00e4 kattaa my\u00f6s Porkkalan l\u00e4nsipuoliset merialueet. Samalla perustettiin yhdess\u00e4 Inkoon venekerhon kanssa Porkkalan Meripelastusyhdistys \/ Inkoon etsint\u00e4laivue. NPV-4 veneen kotisatamaksi tuli Inkoo ja nimeksi PV Fager\u00f6.<\/p>\n<\/div>\n\n\n\n<div class=\"wp-block-column is-layout-flow wp-block-column-is-layout-flow\">\n<figure class=\"wp-block-image size-large\"><img loading=\"lazy\" decoding=\"async\" width=\"1024\" height=\"670\" src=\"https:\/\/meripelastus.fi\/inkoo\/wp-content\/uploads\/sites\/29\/2022\/06\/PV-Fagero--1024x670.jpg\" alt=\"\" class=\"wp-image-424\" srcset=\"https:\/\/meripelastus.fi\/inkoo\/wp-content\/uploads\/sites\/29\/2022\/06\/PV-Fagero--1024x670.jpg 1024w, https:\/\/meripelastus.fi\/inkoo\/wp-content\/uploads\/sites\/29\/2022\/06\/PV-Fagero--300x196.jpg 300w, https:\/\/meripelastus.fi\/inkoo\/wp-content\/uploads\/sites\/29\/2022\/06\/PV-Fagero--768x502.jpg 768w, https:\/\/meripelastus.fi\/inkoo\/wp-content\/uploads\/sites\/29\/2022\/06\/PV-Fagero--1536x1005.jpg 1536w, https:\/\/meripelastus.fi\/inkoo\/wp-content\/uploads\/sites\/29\/2022\/06\/PV-Fagero-.jpg 1761w\" sizes=\"auto, (max-width: 1024px) 100vw, 1024px\" \/><figcaption class=\"wp-element-caption\">NPV-4, PV Fager\u00f6<\/figcaption><\/figure>\n<\/div>\n<\/div>\n\n\n\n<p>Inkoon etsint\u00e4laivue perusti 14.8.1990 oman meripelastusyhdistyksen jolle saatiin samalla Suomen Meripelastusseuran j\u00e4senyys. Meripelastusvene PV Fager\u00f6 siirtyi uuden Inkoon Meripelastusyhdistys \u2013 Ing\u00e5 Sj\u00f6r\u00e4ddningsf\u00f6rening rf hallintaan. Uusi yhdistys jatkaa Inkoon etsint\u00e4laivueen toimintaa osana Inkoon kunnan palo- ja pelastustoimintaa. Inkoon Meripelastusyhdistyksen toiminta-alue ulottuu Porkkalansel\u00e4lt\u00e4 G\u00e4stansiin.<\/p>\n\n\n\n<p>Vuonna 1997 saa Inkoon Meripelastusyhdistys k\u00e4ytt\u00f6\u00f6ns\u00e4 uuden Rankki-luokan meripelastusaluksen. Uusi vene saa pit\u00e4\u00e4 saman nimen, mutta on muuten aivan eri luokkaa ja omaa erinomaiset meriominaisuudet. Uusi PV Fager\u00f6 palvelee yhdistyst\u00e4 25 vuoden ajan ja matkan varella alus my\u00f6s peruskorjataan perusteellisesti. Peruskorjauksessa alus saa uudet moottorit ja navigointielektroniikka p\u00e4ivitet\u00e4\u00e4n. Kev\u00e4\u00e4ll\u00e4 2022 PV Fager\u00f6 siirret\u00e4\u00e4n Naantaliin ja Inkoo Meripelastajat saavat k\u00e4ytt\u00f6\u00f6ns\u00e4 t\u00e4ysin uuden ja modernin PV3 meripelastusveneen per\u00e4moottoreilla. Vene on Suomessa huolella suunniteltu ja rakennettu soveltumaan juuri meripelastus ja hinausk\u00e4ytt\u00f6\u00f6n ja tulee mahdollistamaan Inkoon Meripelastajille entist\u00e4 paremmat valmiusmahdollisuudet.<\/p>\n\n\n\n<figure class=\"wp-block-image size-large\"><img loading=\"lazy\" decoding=\"async\" width=\"1024\" height=\"444\" src=\"https:\/\/meripelastus.fi\/inkoo\/wp-content\/uploads\/sites\/29\/2020\/05\/\u00e5n-2-1024x444.jpg\" alt=\"\" class=\"wp-image-320\" srcset=\"https:\/\/meripelastus.fi\/inkoo\/wp-content\/uploads\/sites\/29\/2020\/05\/\u00e5n-2-1024x444.jpg 1024w, https:\/\/meripelastus.fi\/inkoo\/wp-content\/uploads\/sites\/29\/2020\/05\/\u00e5n-2-300x130.jpg 300w, https:\/\/meripelastus.fi\/inkoo\/wp-content\/uploads\/sites\/29\/2020\/05\/\u00e5n-2-768x333.jpg 768w, https:\/\/meripelastus.fi\/inkoo\/wp-content\/uploads\/sites\/29\/2020\/05\/\u00e5n-2-1536x666.jpg 1536w, https:\/\/meripelastus.fi\/inkoo\/wp-content\/uploads\/sites\/29\/2020\/05\/\u00e5n-2-2048x888.jpg 2048w\" sizes=\"auto, (max-width: 1024px) 100vw, 1024px\" \/><\/figure>\n\n\n\n<h2 class=\"wp-block-heading\">Inkoon Meripelastajat t\u00e4n\u00e4\u00e4n<\/h2>\n\n\n\n<p>Inkoon meripelastajat koostuu t\u00e4n\u00e4\u00e4n pienest\u00e4 ryhm\u00e4st\u00e4 aktiivisia vapaaehtoisia ja porukassa vallitsee hyv\u00e4 yhteis\u00f6llisyys. Uudella PV324 meripelastusveneell\u00e4 hoidamme partioinnin Inkoon vesialueilla niin usein kuin vain p\u00e4\u00e4semme auttaaksemme veneilij\u00f6it\u00e4 ja saaristossa liikkuvia kun avun tarve yll\u00e4tt\u00e4\u00e4.<\/p>\n\n\n\n<p>Partioinnin ja kahvitaukojen ohella kauniissa Inkoon saaristomaisemissa, yll\u00e4pid\u00e4mme my\u00f6s meripelastustaitoja harjoittelemalla esim. pintapelastusta ja ensiapua. Meripelastusseuralla on oma koulutusj\u00e4rjestelm\u00e4 ja jatko-opintoja varten l\u00f6ytyy seuran koulutuskeskus k\u00e4tev\u00e4n l\u00e4helt\u00e4 B\u00e5gask\u00e4rist\u00e4.<\/p>\n\n\n\n<figure class=\"wp-block-gallery has-nested-images columns-default is-cropped wp-block-gallery-1 is-layout-flex wp-block-gallery-is-layout-flex\">\n<figure class=\"wp-block-image size-large\"><a href=\"https:\/\/meripelastus.fi\/inkoo\/wp-content\/uploads\/sites\/29\/2022\/06\/IMG_2181-scaled.jpg\"><img loading=\"lazy\" decoding=\"async\" width=\"1024\" height=\"768\" data-id=\"394\" src=\"https:\/\/meripelastus.fi\/inkoo\/wp-content\/uploads\/sites\/29\/2022\/06\/IMG_2181-1024x768.jpg\" alt=\"\" class=\"wp-image-394\" srcset=\"https:\/\/meripelastus.fi\/inkoo\/wp-content\/uploads\/sites\/29\/2022\/06\/IMG_2181-1024x768.jpg 1024w, https:\/\/meripelastus.fi\/inkoo\/wp-content\/uploads\/sites\/29\/2022\/06\/IMG_2181-300x225.jpg 300w, https:\/\/meripelastus.fi\/inkoo\/wp-content\/uploads\/sites\/29\/2022\/06\/IMG_2181-768x576.jpg 768w, https:\/\/meripelastus.fi\/inkoo\/wp-content\/uploads\/sites\/29\/2022\/06\/IMG_2181-1536x1152.jpg 1536w, https:\/\/meripelastus.fi\/inkoo\/wp-content\/uploads\/sites\/29\/2022\/06\/IMG_2181-2048x1536.jpg 2048w, https:\/\/meripelastus.fi\/inkoo\/wp-content\/uploads\/sites\/29\/2022\/06\/IMG_2181-1600x1200.jpg 1600w\" sizes=\"auto, (max-width: 1024px) 100vw, 1024px\" \/><\/a><figcaption class=\"wp-element-caption\">PV324 matkalla Inkooseen<\/figcaption><\/figure>\n\n\n\n<figure class=\"wp-block-image size-large\"><a href=\"https:\/\/meripelastus.fi\/inkoo\/wp-content\/uploads\/sites\/29\/2022\/06\/IMG_0684.jpg\"><img loading=\"lazy\" decoding=\"async\" width=\"1024\" height=\"768\" data-id=\"434\" src=\"https:\/\/meripelastus.fi\/inkoo\/wp-content\/uploads\/sites\/29\/2022\/06\/IMG_0684-1024x768.jpg\" alt=\"\" class=\"wp-image-434\" srcset=\"https:\/\/meripelastus.fi\/inkoo\/wp-content\/uploads\/sites\/29\/2022\/06\/IMG_0684-1024x768.jpg 1024w, https:\/\/meripelastus.fi\/inkoo\/wp-content\/uploads\/sites\/29\/2022\/06\/IMG_0684-300x225.jpg 300w, https:\/\/meripelastus.fi\/inkoo\/wp-content\/uploads\/sites\/29\/2022\/06\/IMG_0684-768x576.jpg 768w, https:\/\/meripelastus.fi\/inkoo\/wp-content\/uploads\/sites\/29\/2022\/06\/IMG_0684.jpg 1412w\" sizes=\"auto, (max-width: 1024px) 100vw, 1024px\" \/><\/a><figcaption class=\"wp-element-caption\">Harjoittelua B\u00e5gask\u00e4riss\u00e4<\/figcaption><\/figure>\n<\/figure>\n\n\n\n<p>Meripelastusvene PV324 on saanut uuden venepaikan Inkoon joesta. N\u00e4in vene on entist\u00e4 paremmin esill\u00e4 keskeisell\u00e4 paikalla. Huoltorakennusta venepaikan l\u00e4heisyyteen suunnitellaan yhteisty\u00f6ss\u00e4 Inkoon kunnan kanssa mahdollistamaan ja tukemaan meripelastusotoimintaa Inkoossa.<\/p>\n\n\n\n<p>Mik\u00e4li olisit kiinnostunut aloittamaan mahtavan uuden harrastuksen jossa saat liikkua kauneimmissa maisemissa ja tehd\u00e4 t\u00e4rke\u00e4t\u00e4 ty\u00f6t\u00e4 veneilij\u00f6iden turvaksi, niin ole yhteydess\u00e4 meihin. Etsimme jatkuvasti uusia miehist\u00f6n j\u00e4seni\u00e4 ja voit hyvin tulla katsomaan mik\u00e4li t\u00e4m\u00e4 voisi olla sinulle sopiva harrastus. L\u00e4het\u00e4 meille ilmoitus kiinnostuksesta osoitteeseen\u00a0<a href=\"mailto:inkoonmeripelastajat@gmail.com\">inkoonmeripelastajat@gmail.com<\/a><\/p>\n\n\n\n<div class=\"wp-block-media-text has-media-on-the-right is-stacked-on-mobile\"><div class=\"wp-block-media-text__content\">\n<p>Lis\u00e4tietoa meripelastuksesta harrastuksena voit lukea oheisesta esitteest\u00e4: \u2019Mukaan vapaaehtoisten pelastusveneiden miehist\u00f6\u00f6n\u2019.<\/p>\n<\/div><figure class=\"wp-block-media-text__media\"><img loading=\"lazy\" decoding=\"async\" width=\"793\" height=\"793\" src=\"https:\/\/meripelastus.fi\/inkoo\/wp-content\/uploads\/sites\/29\/2022\/06\/Screenshot-2022-06-15-at-09-28-41-Mukaan-meripelastustoimintaan-v2-1-pieni.pdf.png\" alt=\"\" class=\"wp-image-415 size-full\" srcset=\"https:\/\/meripelastus.fi\/inkoo\/wp-content\/uploads\/sites\/29\/2022\/06\/Screenshot-2022-06-15-at-09-28-41-Mukaan-meripelastustoimintaan-v2-1-pieni.pdf.png 793w, https:\/\/meripelastus.fi\/inkoo\/wp-content\/uploads\/sites\/29\/2022\/06\/Screenshot-2022-06-15-at-09-28-41-Mukaan-meripelastustoimintaan-v2-1-pieni.pdf-300x300.png 300w, https:\/\/meripelastus.fi\/inkoo\/wp-content\/uploads\/sites\/29\/2022\/06\/Screenshot-2022-06-15-at-09-28-41-Mukaan-meripelastustoimintaan-v2-1-pieni.pdf-150x150.png 150w, https:\/\/meripelastus.fi\/inkoo\/wp-content\/uploads\/sites\/29\/2022\/06\/Screenshot-2022-06-15-at-09-28-41-Mukaan-meripelastustoimintaan-v2-1-pieni.pdf-768x768.png 768w\" sizes=\"auto, (max-width: 793px) 100vw, 793px\" \/><\/figure><\/div>\n","protected":false},"excerpt":{"rendered":"<p>Historia Inkoon Meripelastajien historia alkaa vuodesta 1986 jolloin Porkkalan Meripelastusyhdistys sai lahjoituksena uuden NPV-4 meripelastusveneen voidakseen t\u00e4ll\u00e4 kattaa my\u00f6s Porkkalan l\u00e4nsipuoliset merialueet. Samalla perustettiin yhdess\u00e4 Inkoon venekerhon kanssa Porkkalan Meripelastusyhdistys \/ Inkoon etsint\u00e4laivue. NPV-4 veneen kotisatamaksi tuli Inkoo ja nimeksi PV Fager\u00f6. Inkoon etsint\u00e4laivue perusti 14.8.1990 oman meripelastusyhdistyksen jolle saatiin samalla Suomen Meripelastusseuran j\u00e4senyys. Meripelastusvene [&hellip;]<\/p>\n","protected":false},"author":1,"featured_media":399,"parent":6,"menu_order":0,"comment_status":"closed","ping_status":"closed","template":"","meta":{"_acf_changed":false,"inline_featured_image":false,"footnotes":""},"class_list":["post-8","page","type-page","status-publish","has-post-thumbnail","hentry"],"acf":[],"yoast_head":"<!-- This site is optimized with the Yoast SEO Premium plugin v27.2 (Yoast SEO v27.2) - https:\/\/yoast.com\/product\/yoast-seo-premium-wordpress\/ -->\n<title>Tietoa meist\u00e4 - Ing\u00e5 Sj\u00f6r\u00e4ddare<\/title>\n<meta name=\"robots\" content=\"index, follow, max-snippet:-1, max-image-preview:large, max-video-preview:-1\" \/>\n<link rel=\"canonical\" href=\"https:\/\/meripelastus.fi\/inkoo\/fi\/inkoon-meripelastajat\/tietoa-meista\/\" \/>\n<meta property=\"og:locale\" content=\"sv_SE\" \/>\n<meta property=\"og:type\" content=\"article\" \/>\n<meta property=\"og:title\" content=\"Tietoa meist\u00e4\" \/>\n<meta property=\"og:description\" content=\"Historia Inkoon Meripelastajien historia alkaa vuodesta 1986 jolloin Porkkalan Meripelastusyhdistys sai lahjoituksena uuden NPV-4 meripelastusveneen voidakseen t\u00e4ll\u00e4 kattaa my\u00f6s Porkkalan l\u00e4nsipuoliset merialueet. Samalla perustettiin yhdess\u00e4 Inkoon venekerhon kanssa Porkkalan Meripelastusyhdistys \/ Inkoon etsint\u00e4laivue. NPV-4 veneen kotisatamaksi tuli Inkoo ja nimeksi PV Fager\u00f6. Inkoon etsint\u00e4laivue perusti 14.8.1990 oman meripelastusyhdistyksen jolle saatiin samalla Suomen Meripelastusseuran j\u00e4senyys. Meripelastusvene [&hellip;]\" \/>\n<meta property=\"og:url\" content=\"https:\/\/meripelastus.fi\/inkoo\/fi\/inkoon-meripelastajat\/tietoa-meista\/\" \/>\n<meta property=\"og:site_name\" content=\"Ing\u00e5 Sj\u00f6r\u00e4ddare\" \/>\n<meta property=\"article:modified_time\" content=\"2023-11-08T14:56:32+00:00\" \/>\n<meta property=\"og:image\" content=\"https:\/\/meripelastus.fi\/inkoo\/wp-content\/uploads\/sites\/29\/2022\/06\/IMG_9982-scaled.jpg\" \/>\n\t<meta property=\"og:image:width\" content=\"2560\" \/>\n\t<meta property=\"og:image:height\" content=\"1557\" \/>\n\t<meta property=\"og:image:type\" content=\"image\/jpeg\" \/>\n<meta name=\"twitter:card\" content=\"summary_large_image\" \/>\n<meta name=\"twitter:label1\" content=\"Ber\u00e4knad l\u00e4stid\" \/>\n\t<meta name=\"twitter:data1\" content=\"4 minuter\" \/>\n<script type=\"application\/ld+json\" class=\"yoast-schema-graph\">{\"@context\":\"https:\/\/schema.org\",\"@graph\":[{\"@type\":\"WebPage\",\"@id\":\"https:\/\/meripelastus.fi\/inkoo\/fi\/inkoon-meripelastajat\/tietoa-meista\/\",\"url\":\"https:\/\/meripelastus.fi\/inkoo\/fi\/inkoon-meripelastajat\/tietoa-meista\/\",\"name\":\"Tietoa meist\u00e4 - Ing\u00e5 Sj\u00f6r\u00e4ddare\",\"isPartOf\":{\"@id\":\"https:\/\/meripelastus.fi\/inkoo\/#website\"},\"primaryImageOfPage\":{\"@id\":\"https:\/\/meripelastus.fi\/inkoo\/fi\/inkoon-meripelastajat\/tietoa-meista\/#primaryimage\"},\"image\":{\"@id\":\"https:\/\/meripelastus.fi\/inkoo\/fi\/inkoon-meripelastajat\/tietoa-meista\/#primaryimage\"},\"thumbnailUrl\":\"https:\/\/meripelastus.fi\/inkoo\/wp-content\/uploads\/sites\/29\/2022\/06\/IMG_9982-scaled.jpg\",\"datePublished\":\"2018-03-19T07:16:29+00:00\",\"dateModified\":\"2023-11-08T14:56:32+00:00\",\"breadcrumb\":{\"@id\":\"https:\/\/meripelastus.fi\/inkoo\/fi\/inkoon-meripelastajat\/tietoa-meista\/#breadcrumb\"},\"inLanguage\":\"sv-SE\",\"potentialAction\":[{\"@type\":\"ReadAction\",\"target\":[\"https:\/\/meripelastus.fi\/inkoo\/fi\/inkoon-meripelastajat\/tietoa-meista\/\"]}]},{\"@type\":\"ImageObject\",\"inLanguage\":\"sv-SE\",\"@id\":\"https:\/\/meripelastus.fi\/inkoo\/fi\/inkoon-meripelastajat\/tietoa-meista\/#primaryimage\",\"url\":\"https:\/\/meripelastus.fi\/inkoo\/wp-content\/uploads\/sites\/29\/2022\/06\/IMG_9982-scaled.jpg\",\"contentUrl\":\"https:\/\/meripelastus.fi\/inkoo\/wp-content\/uploads\/sites\/29\/2022\/06\/IMG_9982-scaled.jpg\",\"width\":2560,\"height\":1557},{\"@type\":\"BreadcrumbList\",\"@id\":\"https:\/\/meripelastus.fi\/inkoo\/fi\/inkoon-meripelastajat\/tietoa-meista\/#breadcrumb\",\"itemListElement\":[{\"@type\":\"ListItem\",\"position\":1,\"name\":\"Etusivu\",\"item\":\"https:\/\/meripelastus.fi\/inkoo\/\"},{\"@type\":\"ListItem\",\"position\":2,\"name\":\"Inkoon Meripelastajat\",\"item\":\"https:\/\/meripelastus.fi\/inkoo\/fi\/inkoon-meripelastajat\/\"},{\"@type\":\"ListItem\",\"position\":3,\"name\":\"Tietoa meist\u00e4\"}]},{\"@type\":\"WebSite\",\"@id\":\"https:\/\/meripelastus.fi\/inkoo\/#website\",\"url\":\"https:\/\/meripelastus.fi\/inkoo\/\",\"name\":\"Ing\u00e5 Sj\u00f6r\u00e4ddare\",\"description\":\"Vapaaehtoiset apunasi vesill\u00e4\",\"potentialAction\":[{\"@type\":\"SearchAction\",\"target\":{\"@type\":\"EntryPoint\",\"urlTemplate\":\"https:\/\/meripelastus.fi\/inkoo\/?s={search_term_string}\"},\"query-input\":{\"@type\":\"PropertyValueSpecification\",\"valueRequired\":true,\"valueName\":\"search_term_string\"}}],\"inLanguage\":\"sv-SE\"}]}<\/script>\n<!-- \/ Yoast SEO Premium plugin. -->","yoast_head_json":{"title":"Tietoa meist\u00e4 - Ing\u00e5 Sj\u00f6r\u00e4ddare","robots":{"index":"index","follow":"follow","max-snippet":"max-snippet:-1","max-image-preview":"max-image-preview:large","max-video-preview":"max-video-preview:-1"},"canonical":"https:\/\/meripelastus.fi\/inkoo\/fi\/inkoon-meripelastajat\/tietoa-meista\/","og_locale":"sv_SE","og_type":"article","og_title":"Tietoa meist\u00e4","og_description":"Historia Inkoon Meripelastajien historia alkaa vuodesta 1986 jolloin Porkkalan Meripelastusyhdistys sai lahjoituksena uuden NPV-4 meripelastusveneen voidakseen t\u00e4ll\u00e4 kattaa my\u00f6s Porkkalan l\u00e4nsipuoliset merialueet. Samalla perustettiin yhdess\u00e4 Inkoon venekerhon kanssa Porkkalan Meripelastusyhdistys \/ Inkoon etsint\u00e4laivue. NPV-4 veneen kotisatamaksi tuli Inkoo ja nimeksi PV Fager\u00f6. Inkoon etsint\u00e4laivue perusti 14.8.1990 oman meripelastusyhdistyksen jolle saatiin samalla Suomen Meripelastusseuran j\u00e4senyys. Meripelastusvene [&hellip;]","og_url":"https:\/\/meripelastus.fi\/inkoo\/fi\/inkoon-meripelastajat\/tietoa-meista\/","og_site_name":"Ing\u00e5 Sj\u00f6r\u00e4ddare","article_modified_time":"2023-11-08T14:56:32+00:00","og_image":[{"width":2560,"height":1557,"url":"https:\/\/meripelastus.fi\/inkoo\/wp-content\/uploads\/sites\/29\/2022\/06\/IMG_9982-scaled.jpg","type":"image\/jpeg"}],"twitter_card":"summary_large_image","twitter_misc":{"Ber\u00e4knad l\u00e4stid":"4 minuter"},"schema":{"@context":"https:\/\/schema.org","@graph":[{"@type":"WebPage","@id":"https:\/\/meripelastus.fi\/inkoo\/fi\/inkoon-meripelastajat\/tietoa-meista\/","url":"https:\/\/meripelastus.fi\/inkoo\/fi\/inkoon-meripelastajat\/tietoa-meista\/","name":"Tietoa meist\u00e4 - Ing\u00e5 Sj\u00f6r\u00e4ddare","isPartOf":{"@id":"https:\/\/meripelastus.fi\/inkoo\/#website"},"primaryImageOfPage":{"@id":"https:\/\/meripelastus.fi\/inkoo\/fi\/inkoon-meripelastajat\/tietoa-meista\/#primaryimage"},"image":{"@id":"https:\/\/meripelastus.fi\/inkoo\/fi\/inkoon-meripelastajat\/tietoa-meista\/#primaryimage"},"thumbnailUrl":"https:\/\/meripelastus.fi\/inkoo\/wp-content\/uploads\/sites\/29\/2022\/06\/IMG_9982-scaled.jpg","datePublished":"2018-03-19T07:16:29+00:00","dateModified":"2023-11-08T14:56:32+00:00","breadcrumb":{"@id":"https:\/\/meripelastus.fi\/inkoo\/fi\/inkoon-meripelastajat\/tietoa-meista\/#breadcrumb"},"inLanguage":"sv-SE","potentialAction":[{"@type":"ReadAction","target":["https:\/\/meripelastus.fi\/inkoo\/fi\/inkoon-meripelastajat\/tietoa-meista\/"]}]},{"@type":"ImageObject","inLanguage":"sv-SE","@id":"https:\/\/meripelastus.fi\/inkoo\/fi\/inkoon-meripelastajat\/tietoa-meista\/#primaryimage","url":"https:\/\/meripelastus.fi\/inkoo\/wp-content\/uploads\/sites\/29\/2022\/06\/IMG_9982-scaled.jpg","contentUrl":"https:\/\/meripelastus.fi\/inkoo\/wp-content\/uploads\/sites\/29\/2022\/06\/IMG_9982-scaled.jpg","width":2560,"height":1557},{"@type":"BreadcrumbList","@id":"https:\/\/meripelastus.fi\/inkoo\/fi\/inkoon-meripelastajat\/tietoa-meista\/#breadcrumb","itemListElement":[{"@type":"ListItem","position":1,"name":"Etusivu","item":"https:\/\/meripelastus.fi\/inkoo\/"},{"@type":"ListItem","position":2,"name":"Inkoon Meripelastajat","item":"https:\/\/meripelastus.fi\/inkoo\/fi\/inkoon-meripelastajat\/"},{"@type":"ListItem","position":3,"name":"Tietoa meist\u00e4"}]},{"@type":"WebSite","@id":"https:\/\/meripelastus.fi\/inkoo\/#website","url":"https:\/\/meripelastus.fi\/inkoo\/","name":"Ing\u00e5 Sj\u00f6r\u00e4ddare","description":"Vapaaehtoiset apunasi vesill\u00e4","potentialAction":[{"@type":"SearchAction","target":{"@type":"EntryPoint","urlTemplate":"https:\/\/meripelastus.fi\/inkoo\/?s={search_term_string}"},"query-input":{"@type":"PropertyValueSpecification","valueRequired":true,"valueName":"search_term_string"}}],"inLanguage":"sv-SE"}]}},"_links":{"self":[{"href":"https:\/\/meripelastus.fi\/inkoo\/wp-json\/wp\/v2\/pages\/8","targetHints":{"allow":["GET"]}}],"collection":[{"href":"https:\/\/meripelastus.fi\/inkoo\/wp-json\/wp\/v2\/pages"}],"about":[{"href":"https:\/\/meripelastus.fi\/inkoo\/wp-json\/wp\/v2\/types\/page"}],"author":[{"embeddable":true,"href":"https:\/\/meripelastus.fi\/inkoo\/wp-json\/wp\/v2\/users\/1"}],"replies":[{"embeddable":true,"href":"https:\/\/meripelastus.fi\/inkoo\/wp-json\/wp\/v2\/comments?post=8"}],"version-history":[{"count":17,"href":"https:\/\/meripelastus.fi\/inkoo\/wp-json\/wp\/v2\/pages\/8\/revisions"}],"predecessor-version":[{"id":730,"href":"https:\/\/meripelastus.fi\/inkoo\/wp-json\/wp\/v2\/pages\/8\/revisions\/730"}],"up":[{"embeddable":true,"href":"https:\/\/meripelastus.fi\/inkoo\/wp-json\/wp\/v2\/pages\/6"}],"wp:featuredmedia":[{"embeddable":true,"href":"https:\/\/meripelastus.fi\/inkoo\/wp-json\/wp\/v2\/media\/399"}],"wp:attachment":[{"href":"https:\/\/meripelastus.fi\/inkoo\/wp-json\/wp\/v2\/media?parent=8"}],"curies":[{"name":"wp","href":"https:\/\/api.w.org\/{rel}","templated":true}]}}