{"id":482,"date":"2022-06-21T07:59:23","date_gmt":"2022-06-21T04:59:23","guid":{"rendered":"https:\/\/meripelastus.fi\/inkoo-vedos\/?page_id=482"},"modified":"2026-03-12T09:45:36","modified_gmt":"2026-03-12T07:45:36","slug":"tue-toimintaamme","status":"publish","type":"page","link":"https:\/\/meripelastus.fi\/inkoo\/fi\/toiminta\/tue-toimintaamme\/","title":{"rendered":"Liity j\u00e4seneksi"},"content":{"rendered":"\n<p>Meripelastusveneemme p\u00e4ivyst\u00e4\u00e4 avovesikautena, valmiina l\u00e4htem\u00e4\u00e4n merelle onnettomuuden sattuessa.<\/p>\n\n\n\n<p>Veneen miehist\u00f6 on vapaaehtoinen, eik\u00e4 saa palkkaa ty\u00f6st\u00e4\u00e4n. Pelastustoiminnan kustannukset ovat kuitenkin tuhansia euroja vuodessa. J\u00e4senmaksut ja lahjoitukset ovat suurin yksitt\u00e4inen tulonl\u00e4hteemme.<\/p>\n\n\n\n<p>Pid\u00e4 pelastusveneemme valmiudessa \u2013 Liity j\u00e4seneksi!<\/p>\n\n\n\n<p><strong>Henkil\u00f6j\u00e4senyys<\/strong> 32 \u20ac vuodessa<br>Sinulle, joka haluat pit\u00e4\u00e4 pelastusveneet liikkeell\u00e4 vuotuisella maksulla<br><a href=\"https:\/\/meripelastus.fi\/jasenyys\/liittymislomakkeet\/\" target=\"_blank\" rel=\"noopener\">Liity henkil\u00f6j\u00e4seneksi<\/a><\/p>\n\n\n\n<p><strong>Trossij\u00e4senyys<\/strong> 98 \u20ac vuodessa<br>Henkil\u00f6j\u00e4senyys veneilij\u00e4lle joka t\u00e4ysim\u00e4\u00e4r\u00e4isesti haluaa hy\u00f6dynt\u00e4\u00e4 Meripelastusseuran palveluita Suomessa, Ruotsissa ja Norjassa.<br><a href=\"https:\/\/meripelastus.fi\/jasenyys\/liittymislomakkeet\/\" target=\"_blank\" rel=\"noopener\">Liity trossij\u00e4seneksi<\/a><\/p>\n\n\n\n<p><strong>Yhteis\u00f6j\u00e4senyys<\/strong> 150 \u20ac vuodessa<br>Esimerkiksi yrityksille, venekerhoille ja veneily-yhdistyksille, jotka haluavat olla mukana mahdollistamassa vapaaehtoista meripelastusta Inkoossa.<br>Ole yhteydess\u00e4 meihin osoitteella <a href=\"mailto:inkoonmeripelastajat@gmail.com\">inkoonmeripelastajat@gmail.com<\/a><\/p>\n\n\n\n<p><strong>Pelastusveneiden miehist\u00f6<\/strong><br>Sinulle, joka haluat osallistua toimintaan itse!<br><a href=\"https:\/\/meripelastus.fi\/inkoo\/fi\/toiminta\/miehisto\/\" target=\"_blank\" rel=\"noreferrer noopener\">Lue lis\u00e4\u00e4<\/a><\/p>\n\n\n\n<p><strong>Tietojen p\u00e4ivitys<\/strong><br>Oletko muuttanut tai hankkinut uuden veneen?<br><a href=\"https:\/\/meripelastus.fi\/jasenyys\/jasentietojen-paivityslomake\/\" target=\"_blank\" rel=\"noopener\">P\u00e4ivit\u00e4 tietosi t\u00e4\u00e4lt\u00e4<\/a> tai ilmoita muutoksista osoitteeseen <a href=\"mailto:inkoonmeripelastajat@gmail.com\">inkoonmeripelastajat@gmail.com<\/a>.<br>T\u00e4t\u00e4 kautta voi my\u00f6s tarvittaessa irtisanoa Trossi-palvelu.<\/p>\n","protected":false},"excerpt":{"rendered":"<p>Meripelastusveneemme p\u00e4ivyst\u00e4\u00e4 avovesikautena, valmiina l\u00e4htem\u00e4\u00e4n merelle onnettomuuden sattuessa. Veneen miehist\u00f6 on vapaaehtoinen, eik\u00e4 saa palkkaa ty\u00f6st\u00e4\u00e4n. Pelastustoiminnan kustannukset ovat kuitenkin tuhansia euroja vuodessa. J\u00e4senmaksut ja lahjoitukset ovat suurin yksitt\u00e4inen tulonl\u00e4hteemme. Pid\u00e4 pelastusveneemme valmiudessa \u2013 Liity j\u00e4seneksi! Henkil\u00f6j\u00e4senyys 32 \u20ac vuodessaSinulle, joka haluat pit\u00e4\u00e4 pelastusveneet liikkeell\u00e4 vuotuisella maksullaLiity henkil\u00f6j\u00e4seneksi Trossij\u00e4senyys 98 \u20ac vuodessaHenkil\u00f6j\u00e4senyys veneilij\u00e4lle joka t\u00e4ysim\u00e4\u00e4r\u00e4isesti [&hellip;]<\/p>\n","protected":false},"author":69,"featured_media":646,"parent":20,"menu_order":0,"comment_status":"closed","ping_status":"closed","template":"","meta":{"_acf_changed":false,"inline_featured_image":false,"footnotes":""},"class_list":["post-482","page","type-page","status-publish","has-post-thumbnail","hentry"],"acf":[],"yoast_head":"<!-- This site is optimized with the Yoast SEO Premium plugin v27.2 (Yoast SEO v27.2) - https:\/\/yoast.com\/product\/yoast-seo-premium-wordpress\/ -->\n<title>Liity j\u00e4seneksi - Ing\u00e5 Sj\u00f6r\u00e4ddare<\/title>\n<meta name=\"robots\" content=\"index, follow, max-snippet:-1, max-image-preview:large, max-video-preview:-1\" \/>\n<link rel=\"canonical\" href=\"https:\/\/meripelastus.fi\/inkoo\/fi\/toiminta\/tue-toimintaamme\/\" \/>\n<meta property=\"og:locale\" content=\"sv_SE\" \/>\n<meta property=\"og:type\" content=\"article\" \/>\n<meta property=\"og:title\" content=\"Liity j\u00e4seneksi\" \/>\n<meta property=\"og:description\" content=\"Meripelastusveneemme p\u00e4ivyst\u00e4\u00e4 avovesikautena, valmiina l\u00e4htem\u00e4\u00e4n merelle onnettomuuden sattuessa. Veneen miehist\u00f6 on vapaaehtoinen, eik\u00e4 saa palkkaa ty\u00f6st\u00e4\u00e4n. Pelastustoiminnan kustannukset ovat kuitenkin tuhansia euroja vuodessa. J\u00e4senmaksut ja lahjoitukset ovat suurin yksitt\u00e4inen tulonl\u00e4hteemme. Pid\u00e4 pelastusveneemme valmiudessa \u2013 Liity j\u00e4seneksi! Henkil\u00f6j\u00e4senyys 32 \u20ac vuodessaSinulle, joka haluat pit\u00e4\u00e4 pelastusveneet liikkeell\u00e4 vuotuisella maksullaLiity henkil\u00f6j\u00e4seneksi Trossij\u00e4senyys 98 \u20ac vuodessaHenkil\u00f6j\u00e4senyys veneilij\u00e4lle joka t\u00e4ysim\u00e4\u00e4r\u00e4isesti [&hellip;]\" \/>\n<meta property=\"og:url\" content=\"https:\/\/meripelastus.fi\/inkoo\/fi\/toiminta\/tue-toimintaamme\/\" \/>\n<meta property=\"og:site_name\" content=\"Ing\u00e5 Sj\u00f6r\u00e4ddare\" \/>\n<meta property=\"article:modified_time\" content=\"2026-03-12T07:45:36+00:00\" \/>\n<meta property=\"og:image\" content=\"https:\/\/meripelastus.fi\/inkoo\/wp-content\/uploads\/sites\/29\/2022\/06\/IMG_2239_2-1-scaled.jpg\" \/>\n\t<meta property=\"og:image:width\" content=\"2560\" \/>\n\t<meta property=\"og:image:height\" content=\"905\" \/>\n\t<meta property=\"og:image:type\" content=\"image\/jpeg\" \/>\n<meta name=\"twitter:card\" content=\"summary_large_image\" \/>\n<meta name=\"twitter:label1\" content=\"Ber\u00e4knad l\u00e4stid\" \/>\n\t<meta name=\"twitter:data1\" content=\"1 minut\" \/>\n<script type=\"application\/ld+json\" class=\"yoast-schema-graph\">{\"@context\":\"https:\/\/schema.org\",\"@graph\":[{\"@type\":\"WebPage\",\"@id\":\"https:\/\/meripelastus.fi\/inkoo\/fi\/toiminta\/tue-toimintaamme\/\",\"url\":\"https:\/\/meripelastus.fi\/inkoo\/fi\/toiminta\/tue-toimintaamme\/\",\"name\":\"Liity j\u00e4seneksi - Ing\u00e5 Sj\u00f6r\u00e4ddare\",\"isPartOf\":{\"@id\":\"https:\/\/meripelastus.fi\/inkoo\/#website\"},\"primaryImageOfPage\":{\"@id\":\"https:\/\/meripelastus.fi\/inkoo\/fi\/toiminta\/tue-toimintaamme\/#primaryimage\"},\"image\":{\"@id\":\"https:\/\/meripelastus.fi\/inkoo\/fi\/toiminta\/tue-toimintaamme\/#primaryimage\"},\"thumbnailUrl\":\"https:\/\/meripelastus.fi\/inkoo\/wp-content\/uploads\/sites\/29\/2022\/06\/IMG_2239_2-1-scaled.jpg\",\"datePublished\":\"2022-06-21T04:59:23+00:00\",\"dateModified\":\"2026-03-12T07:45:36+00:00\",\"breadcrumb\":{\"@id\":\"https:\/\/meripelastus.fi\/inkoo\/fi\/toiminta\/tue-toimintaamme\/#breadcrumb\"},\"inLanguage\":\"sv-SE\",\"potentialAction\":[{\"@type\":\"ReadAction\",\"target\":[\"https:\/\/meripelastus.fi\/inkoo\/fi\/toiminta\/tue-toimintaamme\/\"]}]},{\"@type\":\"ImageObject\",\"inLanguage\":\"sv-SE\",\"@id\":\"https:\/\/meripelastus.fi\/inkoo\/fi\/toiminta\/tue-toimintaamme\/#primaryimage\",\"url\":\"https:\/\/meripelastus.fi\/inkoo\/wp-content\/uploads\/sites\/29\/2022\/06\/IMG_2239_2-1-scaled.jpg\",\"contentUrl\":\"https:\/\/meripelastus.fi\/inkoo\/wp-content\/uploads\/sites\/29\/2022\/06\/IMG_2239_2-1-scaled.jpg\",\"width\":2560,\"height\":905},{\"@type\":\"BreadcrumbList\",\"@id\":\"https:\/\/meripelastus.fi\/inkoo\/fi\/toiminta\/tue-toimintaamme\/#breadcrumb\",\"itemListElement\":[{\"@type\":\"ListItem\",\"position\":1,\"name\":\"Etusivu\",\"item\":\"https:\/\/meripelastus.fi\/inkoo\/\"},{\"@type\":\"ListItem\",\"position\":2,\"name\":\"Toiminta\",\"item\":\"https:\/\/meripelastus.fi\/inkoo\/fi\/toiminta\/\"},{\"@type\":\"ListItem\",\"position\":3,\"name\":\"Liity j\u00e4seneksi\"}]},{\"@type\":\"WebSite\",\"@id\":\"https:\/\/meripelastus.fi\/inkoo\/#website\",\"url\":\"https:\/\/meripelastus.fi\/inkoo\/\",\"name\":\"Ing\u00e5 Sj\u00f6r\u00e4ddare\",\"description\":\"Vapaaehtoiset apunasi vesill\u00e4\",\"potentialAction\":[{\"@type\":\"SearchAction\",\"target\":{\"@type\":\"EntryPoint\",\"urlTemplate\":\"https:\/\/meripelastus.fi\/inkoo\/?s={search_term_string}\"},\"query-input\":{\"@type\":\"PropertyValueSpecification\",\"valueRequired\":true,\"valueName\":\"search_term_string\"}}],\"inLanguage\":\"sv-SE\"}]}<\/script>\n<!-- \/ Yoast SEO Premium plugin. -->","yoast_head_json":{"title":"Liity j\u00e4seneksi - Ing\u00e5 Sj\u00f6r\u00e4ddare","robots":{"index":"index","follow":"follow","max-snippet":"max-snippet:-1","max-image-preview":"max-image-preview:large","max-video-preview":"max-video-preview:-1"},"canonical":"https:\/\/meripelastus.fi\/inkoo\/fi\/toiminta\/tue-toimintaamme\/","og_locale":"sv_SE","og_type":"article","og_title":"Liity j\u00e4seneksi","og_description":"Meripelastusveneemme p\u00e4ivyst\u00e4\u00e4 avovesikautena, valmiina l\u00e4htem\u00e4\u00e4n merelle onnettomuuden sattuessa. Veneen miehist\u00f6 on vapaaehtoinen, eik\u00e4 saa palkkaa ty\u00f6st\u00e4\u00e4n. Pelastustoiminnan kustannukset ovat kuitenkin tuhansia euroja vuodessa. J\u00e4senmaksut ja lahjoitukset ovat suurin yksitt\u00e4inen tulonl\u00e4hteemme. Pid\u00e4 pelastusveneemme valmiudessa \u2013 Liity j\u00e4seneksi! Henkil\u00f6j\u00e4senyys 32 \u20ac vuodessaSinulle, joka haluat pit\u00e4\u00e4 pelastusveneet liikkeell\u00e4 vuotuisella maksullaLiity henkil\u00f6j\u00e4seneksi Trossij\u00e4senyys 98 \u20ac vuodessaHenkil\u00f6j\u00e4senyys veneilij\u00e4lle joka t\u00e4ysim\u00e4\u00e4r\u00e4isesti [&hellip;]","og_url":"https:\/\/meripelastus.fi\/inkoo\/fi\/toiminta\/tue-toimintaamme\/","og_site_name":"Ing\u00e5 Sj\u00f6r\u00e4ddare","article_modified_time":"2026-03-12T07:45:36+00:00","og_image":[{"width":2560,"height":905,"url":"https:\/\/meripelastus.fi\/inkoo\/wp-content\/uploads\/sites\/29\/2022\/06\/IMG_2239_2-1-scaled.jpg","type":"image\/jpeg"}],"twitter_card":"summary_large_image","twitter_misc":{"Ber\u00e4knad l\u00e4stid":"1 minut"},"schema":{"@context":"https:\/\/schema.org","@graph":[{"@type":"WebPage","@id":"https:\/\/meripelastus.fi\/inkoo\/fi\/toiminta\/tue-toimintaamme\/","url":"https:\/\/meripelastus.fi\/inkoo\/fi\/toiminta\/tue-toimintaamme\/","name":"Liity j\u00e4seneksi - Ing\u00e5 Sj\u00f6r\u00e4ddare","isPartOf":{"@id":"https:\/\/meripelastus.fi\/inkoo\/#website"},"primaryImageOfPage":{"@id":"https:\/\/meripelastus.fi\/inkoo\/fi\/toiminta\/tue-toimintaamme\/#primaryimage"},"image":{"@id":"https:\/\/meripelastus.fi\/inkoo\/fi\/toiminta\/tue-toimintaamme\/#primaryimage"},"thumbnailUrl":"https:\/\/meripelastus.fi\/inkoo\/wp-content\/uploads\/sites\/29\/2022\/06\/IMG_2239_2-1-scaled.jpg","datePublished":"2022-06-21T04:59:23+00:00","dateModified":"2026-03-12T07:45:36+00:00","breadcrumb":{"@id":"https:\/\/meripelastus.fi\/inkoo\/fi\/toiminta\/tue-toimintaamme\/#breadcrumb"},"inLanguage":"sv-SE","potentialAction":[{"@type":"ReadAction","target":["https:\/\/meripelastus.fi\/inkoo\/fi\/toiminta\/tue-toimintaamme\/"]}]},{"@type":"ImageObject","inLanguage":"sv-SE","@id":"https:\/\/meripelastus.fi\/inkoo\/fi\/toiminta\/tue-toimintaamme\/#primaryimage","url":"https:\/\/meripelastus.fi\/inkoo\/wp-content\/uploads\/sites\/29\/2022\/06\/IMG_2239_2-1-scaled.jpg","contentUrl":"https:\/\/meripelastus.fi\/inkoo\/wp-content\/uploads\/sites\/29\/2022\/06\/IMG_2239_2-1-scaled.jpg","width":2560,"height":905},{"@type":"BreadcrumbList","@id":"https:\/\/meripelastus.fi\/inkoo\/fi\/toiminta\/tue-toimintaamme\/#breadcrumb","itemListElement":[{"@type":"ListItem","position":1,"name":"Etusivu","item":"https:\/\/meripelastus.fi\/inkoo\/"},{"@type":"ListItem","position":2,"name":"Toiminta","item":"https:\/\/meripelastus.fi\/inkoo\/fi\/toiminta\/"},{"@type":"ListItem","position":3,"name":"Liity j\u00e4seneksi"}]},{"@type":"WebSite","@id":"https:\/\/meripelastus.fi\/inkoo\/#website","url":"https:\/\/meripelastus.fi\/inkoo\/","name":"Ing\u00e5 Sj\u00f6r\u00e4ddare","description":"Vapaaehtoiset apunasi vesill\u00e4","potentialAction":[{"@type":"SearchAction","target":{"@type":"EntryPoint","urlTemplate":"https:\/\/meripelastus.fi\/inkoo\/?s={search_term_string}"},"query-input":{"@type":"PropertyValueSpecification","valueRequired":true,"valueName":"search_term_string"}}],"inLanguage":"sv-SE"}]}},"_links":{"self":[{"href":"https:\/\/meripelastus.fi\/inkoo\/wp-json\/wp\/v2\/pages\/482","targetHints":{"allow":["GET"]}}],"collection":[{"href":"https:\/\/meripelastus.fi\/inkoo\/wp-json\/wp\/v2\/pages"}],"about":[{"href":"https:\/\/meripelastus.fi\/inkoo\/wp-json\/wp\/v2\/types\/page"}],"author":[{"embeddable":true,"href":"https:\/\/meripelastus.fi\/inkoo\/wp-json\/wp\/v2\/users\/69"}],"replies":[{"embeddable":true,"href":"https:\/\/meripelastus.fi\/inkoo\/wp-json\/wp\/v2\/comments?post=482"}],"version-history":[{"count":10,"href":"https:\/\/meripelastus.fi\/inkoo\/wp-json\/wp\/v2\/pages\/482\/revisions"}],"predecessor-version":[{"id":926,"href":"https:\/\/meripelastus.fi\/inkoo\/wp-json\/wp\/v2\/pages\/482\/revisions\/926"}],"up":[{"embeddable":true,"href":"https:\/\/meripelastus.fi\/inkoo\/wp-json\/wp\/v2\/pages\/20"}],"wp:featuredmedia":[{"embeddable":true,"href":"https:\/\/meripelastus.fi\/inkoo\/wp-json\/wp\/v2\/media\/646"}],"wp:attachment":[{"href":"https:\/\/meripelastus.fi\/inkoo\/wp-json\/wp\/v2\/media?parent=482"}],"curies":[{"name":"wp","href":"https:\/\/api.w.org\/{rel}","templated":true}]}}