{"id":480,"date":"2022-06-21T07:57:36","date_gmt":"2022-06-21T04:57:36","guid":{"rendered":"https:\/\/meripelastus.fi\/inkoo-vedos\/?page_id=480"},"modified":"2024-02-09T14:51:52","modified_gmt":"2024-02-09T12:51:52","slug":"stod-var-verksamhet","status":"publish","type":"page","link":"https:\/\/meripelastus.fi\/inkoo\/verksamhet\/stod-var-verksamhet\/","title":{"rendered":"Bli medlem"},"content":{"rendered":"\n<p>V\u00e5r sj\u00f6r\u00e4ddningsb\u00e5t dejourerar under sommarhalv\u00e5ret, redo att rycka ut d\u00e5 en olycka skett.<\/p>\n\n\n\n<p>B\u00e5tens bes\u00e4ttning best\u00e5r av frivilliga sj\u00f6r\u00e4ddare som inte f\u00e5r l\u00f6n f\u00f6r arbetet. Sj\u00f6r\u00e4ddningsverksamheten har \u00e4nd\u00e5 kostnader p\u00e5 tusentals euro per \u00e5r. F\u00f6reningens inkomstk\u00e4llor best\u00e5r till st\u00f6rsta delen av medlemsavgifter och bidrag.<\/p>\n\n\n\n<p>H\u00e5ll v\u00e5r r\u00e4ddningsb\u00e5t i beredskap \u2013 Bli medlem!<\/p>\n\n\n\n<p><strong>Personmedlemskap<\/strong> 32 \u20ac per \u00e5r<br>F\u00f6r dig som vill underst\u00f6da verksamheten och h\u00e5lla b\u00e5ten ig\u00e5ng med en \u00e5rlig avgift.<br><a href=\"https:\/\/meripelastus.fi\/sv\/medlemskap\/bli-medlem\/\" target=\"_blank\" rel=\"noopener\">Bli medlem<\/a><\/p>\n\n\n\n<p><strong>Trossen medlemskap<\/strong> 98 \u20ac per \u00e5r<br>Medlemskap f\u00f6r b\u00e5tfarare som vill ta vara p\u00e5 alla Sj\u00f6r\u00e4ddningss\u00e4llskapets tj\u00e4nster i Finland, Sverige och Norge.<br><a href=\"https:\/\/meripelastus.fi\/sv\/medlemskap\/bli-medlem\/\" target=\"_blank\" rel=\"noopener\">Bli medlem och skaffa Trossen<\/a><\/p>\n\n\n\n<p><strong>Organisationsmedlemskap<\/strong> 150 \u20ac per \u00e5r<br>T.ex. f\u00f6retag, f\u00f6reningar och b\u00e5tklubbar, som vill underst\u00f6da den frivilliga sj\u00f6r\u00e4ddningen i Ing\u00e5.<br>Skicka meddelande till <a href=\"mailto:inkoonmeripelastajat@gmail.com\">inkoonmeripelastajat@gmail.com<\/a>.<\/p>\n\n\n\n<p><strong>Bes\u00e4ttning p\u00e5 sj\u00f6r\u00e4ddningsb\u00e5ten<\/strong><br>F\u00f6r dig som vill delta sj\u00e4lv i verksamheten!<br><a href=\"https:\/\/meripelastus.fi\/inkoo-vedos\/verksamhet\/var-besattning\/\" target=\"_blank\" rel=\"noopener\">L\u00e4s mera<\/a><\/p>\n\n\n\n<p><strong>\u00c4ndring i uppgifter<\/strong><br>Har du flyttat eller har du ny b\u00e5t? \u00c4ndringar kan g\u00f6ras h\u00e4r. H\u00e4r meddelar du ocks\u00e5 om du vill avsluta Trossen medlemskapet.<br><a href=\"https:\/\/meripelastus.fi\/sv\/trossen\/uppdatera-din-medlemsinfo\/\" target=\"_blank\" rel=\"noopener\">Meddela om \u00e4ndring<\/a><\/p>\n","protected":false},"excerpt":{"rendered":"<p>V\u00e5r sj\u00f6r\u00e4ddningsb\u00e5t dejourerar under sommarhalv\u00e5ret, redo att rycka ut d\u00e5 en olycka skett. B\u00e5tens bes\u00e4ttning best\u00e5r av frivilliga sj\u00f6r\u00e4ddare som inte f\u00e5r l\u00f6n f\u00f6r arbetet. Sj\u00f6r\u00e4ddningsverksamheten har \u00e4nd\u00e5 kostnader p\u00e5 tusentals euro per \u00e5r. F\u00f6reningens inkomstk\u00e4llor best\u00e5r till st\u00f6rsta delen av medlemsavgifter och bidrag. H\u00e5ll v\u00e5r r\u00e4ddningsb\u00e5t i beredskap \u2013 Bli medlem! Personmedlemskap 32 \u20ac [&hellip;]<\/p>\n","protected":false},"author":69,"featured_media":645,"parent":198,"menu_order":0,"comment_status":"closed","ping_status":"closed","template":"","meta":{"_acf_changed":false,"inline_featured_image":false,"footnotes":""},"class_list":["post-480","page","type-page","status-publish","has-post-thumbnail","hentry"],"acf":[],"yoast_head":"<!-- This site is optimized with the Yoast SEO Premium plugin v27.2 (Yoast SEO v27.2) - https:\/\/yoast.com\/product\/yoast-seo-premium-wordpress\/ -->\n<title>Bli medlem - Ing\u00e5 Sj\u00f6r\u00e4ddare<\/title>\n<meta name=\"robots\" content=\"index, follow, max-snippet:-1, max-image-preview:large, max-video-preview:-1\" \/>\n<link rel=\"canonical\" href=\"https:\/\/meripelastus.fi\/inkoo\/verksamhet\/stod-var-verksamhet\/\" \/>\n<meta property=\"og:locale\" content=\"sv_SE\" \/>\n<meta property=\"og:type\" content=\"article\" \/>\n<meta property=\"og:title\" content=\"Bli medlem\" \/>\n<meta property=\"og:description\" content=\"V\u00e5r sj\u00f6r\u00e4ddningsb\u00e5t dejourerar under sommarhalv\u00e5ret, redo att rycka ut d\u00e5 en olycka skett. B\u00e5tens bes\u00e4ttning best\u00e5r av frivilliga sj\u00f6r\u00e4ddare som inte f\u00e5r l\u00f6n f\u00f6r arbetet. Sj\u00f6r\u00e4ddningsverksamheten har \u00e4nd\u00e5 kostnader p\u00e5 tusentals euro per \u00e5r. F\u00f6reningens inkomstk\u00e4llor best\u00e5r till st\u00f6rsta delen av medlemsavgifter och bidrag. H\u00e5ll v\u00e5r r\u00e4ddningsb\u00e5t i beredskap \u2013 Bli medlem! Personmedlemskap 32 \u20ac [&hellip;]\" \/>\n<meta property=\"og:url\" content=\"https:\/\/meripelastus.fi\/inkoo\/verksamhet\/stod-var-verksamhet\/\" \/>\n<meta property=\"og:site_name\" content=\"Ing\u00e5 Sj\u00f6r\u00e4ddare\" \/>\n<meta property=\"article:modified_time\" content=\"2024-02-09T12:51:52+00:00\" \/>\n<meta property=\"og:image\" content=\"https:\/\/meripelastus.fi\/inkoo\/wp-content\/uploads\/sites\/29\/2022\/06\/IMG_2239_2-1-scaled.jpg\" \/>\n\t<meta property=\"og:image:width\" content=\"2560\" \/>\n\t<meta property=\"og:image:height\" content=\"905\" \/>\n\t<meta property=\"og:image:type\" content=\"image\/jpeg\" \/>\n<meta name=\"twitter:card\" content=\"summary_large_image\" \/>\n<meta name=\"twitter:label1\" content=\"Ber\u00e4knad l\u00e4stid\" \/>\n\t<meta name=\"twitter:data1\" content=\"2 minuter\" \/>\n<script type=\"application\/ld+json\" class=\"yoast-schema-graph\">{\"@context\":\"https:\/\/schema.org\",\"@graph\":[{\"@type\":\"WebPage\",\"@id\":\"https:\/\/meripelastus.fi\/inkoo\/verksamhet\/stod-var-verksamhet\/\",\"url\":\"https:\/\/meripelastus.fi\/inkoo\/verksamhet\/stod-var-verksamhet\/\",\"name\":\"Bli medlem - Ing\u00e5 Sj\u00f6r\u00e4ddare\",\"isPartOf\":{\"@id\":\"https:\/\/meripelastus.fi\/inkoo\/#website\"},\"primaryImageOfPage\":{\"@id\":\"https:\/\/meripelastus.fi\/inkoo\/verksamhet\/stod-var-verksamhet\/#primaryimage\"},\"image\":{\"@id\":\"https:\/\/meripelastus.fi\/inkoo\/verksamhet\/stod-var-verksamhet\/#primaryimage\"},\"thumbnailUrl\":\"https:\/\/meripelastus.fi\/inkoo\/wp-content\/uploads\/sites\/29\/2022\/06\/IMG_2239_2-1-scaled.jpg\",\"datePublished\":\"2022-06-21T04:57:36+00:00\",\"dateModified\":\"2024-02-09T12:51:52+00:00\",\"breadcrumb\":{\"@id\":\"https:\/\/meripelastus.fi\/inkoo\/verksamhet\/stod-var-verksamhet\/#breadcrumb\"},\"inLanguage\":\"sv-SE\",\"potentialAction\":[{\"@type\":\"ReadAction\",\"target\":[\"https:\/\/meripelastus.fi\/inkoo\/verksamhet\/stod-var-verksamhet\/\"]}]},{\"@type\":\"ImageObject\",\"inLanguage\":\"sv-SE\",\"@id\":\"https:\/\/meripelastus.fi\/inkoo\/verksamhet\/stod-var-verksamhet\/#primaryimage\",\"url\":\"https:\/\/meripelastus.fi\/inkoo\/wp-content\/uploads\/sites\/29\/2022\/06\/IMG_2239_2-1-scaled.jpg\",\"contentUrl\":\"https:\/\/meripelastus.fi\/inkoo\/wp-content\/uploads\/sites\/29\/2022\/06\/IMG_2239_2-1-scaled.jpg\",\"width\":2560,\"height\":905},{\"@type\":\"BreadcrumbList\",\"@id\":\"https:\/\/meripelastus.fi\/inkoo\/verksamhet\/stod-var-verksamhet\/#breadcrumb\",\"itemListElement\":[{\"@type\":\"ListItem\",\"position\":1,\"name\":\"Etusivu\",\"item\":\"https:\/\/meripelastus.fi\/inkoo\/\"},{\"@type\":\"ListItem\",\"position\":2,\"name\":\"Verksamhet\",\"item\":\"https:\/\/meripelastus.fi\/inkoo\/verksamhet\/\"},{\"@type\":\"ListItem\",\"position\":3,\"name\":\"Bli medlem\"}]},{\"@type\":\"WebSite\",\"@id\":\"https:\/\/meripelastus.fi\/inkoo\/#website\",\"url\":\"https:\/\/meripelastus.fi\/inkoo\/\",\"name\":\"Ing\u00e5 Sj\u00f6r\u00e4ddare\",\"description\":\"Vapaaehtoiset apunasi vesill\u00e4\",\"potentialAction\":[{\"@type\":\"SearchAction\",\"target\":{\"@type\":\"EntryPoint\",\"urlTemplate\":\"https:\/\/meripelastus.fi\/inkoo\/?s={search_term_string}\"},\"query-input\":{\"@type\":\"PropertyValueSpecification\",\"valueRequired\":true,\"valueName\":\"search_term_string\"}}],\"inLanguage\":\"sv-SE\"}]}<\/script>\n<!-- \/ Yoast SEO Premium plugin. -->","yoast_head_json":{"title":"Bli medlem - Ing\u00e5 Sj\u00f6r\u00e4ddare","robots":{"index":"index","follow":"follow","max-snippet":"max-snippet:-1","max-image-preview":"max-image-preview:large","max-video-preview":"max-video-preview:-1"},"canonical":"https:\/\/meripelastus.fi\/inkoo\/verksamhet\/stod-var-verksamhet\/","og_locale":"sv_SE","og_type":"article","og_title":"Bli medlem","og_description":"V\u00e5r sj\u00f6r\u00e4ddningsb\u00e5t dejourerar under sommarhalv\u00e5ret, redo att rycka ut d\u00e5 en olycka skett. B\u00e5tens bes\u00e4ttning best\u00e5r av frivilliga sj\u00f6r\u00e4ddare som inte f\u00e5r l\u00f6n f\u00f6r arbetet. Sj\u00f6r\u00e4ddningsverksamheten har \u00e4nd\u00e5 kostnader p\u00e5 tusentals euro per \u00e5r. F\u00f6reningens inkomstk\u00e4llor best\u00e5r till st\u00f6rsta delen av medlemsavgifter och bidrag. H\u00e5ll v\u00e5r r\u00e4ddningsb\u00e5t i beredskap \u2013 Bli medlem! Personmedlemskap 32 \u20ac [&hellip;]","og_url":"https:\/\/meripelastus.fi\/inkoo\/verksamhet\/stod-var-verksamhet\/","og_site_name":"Ing\u00e5 Sj\u00f6r\u00e4ddare","article_modified_time":"2024-02-09T12:51:52+00:00","og_image":[{"width":2560,"height":905,"url":"https:\/\/meripelastus.fi\/inkoo\/wp-content\/uploads\/sites\/29\/2022\/06\/IMG_2239_2-1-scaled.jpg","type":"image\/jpeg"}],"twitter_card":"summary_large_image","twitter_misc":{"Ber\u00e4knad l\u00e4stid":"2 minuter"},"schema":{"@context":"https:\/\/schema.org","@graph":[{"@type":"WebPage","@id":"https:\/\/meripelastus.fi\/inkoo\/verksamhet\/stod-var-verksamhet\/","url":"https:\/\/meripelastus.fi\/inkoo\/verksamhet\/stod-var-verksamhet\/","name":"Bli medlem - Ing\u00e5 Sj\u00f6r\u00e4ddare","isPartOf":{"@id":"https:\/\/meripelastus.fi\/inkoo\/#website"},"primaryImageOfPage":{"@id":"https:\/\/meripelastus.fi\/inkoo\/verksamhet\/stod-var-verksamhet\/#primaryimage"},"image":{"@id":"https:\/\/meripelastus.fi\/inkoo\/verksamhet\/stod-var-verksamhet\/#primaryimage"},"thumbnailUrl":"https:\/\/meripelastus.fi\/inkoo\/wp-content\/uploads\/sites\/29\/2022\/06\/IMG_2239_2-1-scaled.jpg","datePublished":"2022-06-21T04:57:36+00:00","dateModified":"2024-02-09T12:51:52+00:00","breadcrumb":{"@id":"https:\/\/meripelastus.fi\/inkoo\/verksamhet\/stod-var-verksamhet\/#breadcrumb"},"inLanguage":"sv-SE","potentialAction":[{"@type":"ReadAction","target":["https:\/\/meripelastus.fi\/inkoo\/verksamhet\/stod-var-verksamhet\/"]}]},{"@type":"ImageObject","inLanguage":"sv-SE","@id":"https:\/\/meripelastus.fi\/inkoo\/verksamhet\/stod-var-verksamhet\/#primaryimage","url":"https:\/\/meripelastus.fi\/inkoo\/wp-content\/uploads\/sites\/29\/2022\/06\/IMG_2239_2-1-scaled.jpg","contentUrl":"https:\/\/meripelastus.fi\/inkoo\/wp-content\/uploads\/sites\/29\/2022\/06\/IMG_2239_2-1-scaled.jpg","width":2560,"height":905},{"@type":"BreadcrumbList","@id":"https:\/\/meripelastus.fi\/inkoo\/verksamhet\/stod-var-verksamhet\/#breadcrumb","itemListElement":[{"@type":"ListItem","position":1,"name":"Etusivu","item":"https:\/\/meripelastus.fi\/inkoo\/"},{"@type":"ListItem","position":2,"name":"Verksamhet","item":"https:\/\/meripelastus.fi\/inkoo\/verksamhet\/"},{"@type":"ListItem","position":3,"name":"Bli medlem"}]},{"@type":"WebSite","@id":"https:\/\/meripelastus.fi\/inkoo\/#website","url":"https:\/\/meripelastus.fi\/inkoo\/","name":"Ing\u00e5 Sj\u00f6r\u00e4ddare","description":"Vapaaehtoiset apunasi vesill\u00e4","potentialAction":[{"@type":"SearchAction","target":{"@type":"EntryPoint","urlTemplate":"https:\/\/meripelastus.fi\/inkoo\/?s={search_term_string}"},"query-input":{"@type":"PropertyValueSpecification","valueRequired":true,"valueName":"search_term_string"}}],"inLanguage":"sv-SE"}]}},"_links":{"self":[{"href":"https:\/\/meripelastus.fi\/inkoo\/wp-json\/wp\/v2\/pages\/480","targetHints":{"allow":["GET"]}}],"collection":[{"href":"https:\/\/meripelastus.fi\/inkoo\/wp-json\/wp\/v2\/pages"}],"about":[{"href":"https:\/\/meripelastus.fi\/inkoo\/wp-json\/wp\/v2\/types\/page"}],"author":[{"embeddable":true,"href":"https:\/\/meripelastus.fi\/inkoo\/wp-json\/wp\/v2\/users\/69"}],"replies":[{"embeddable":true,"href":"https:\/\/meripelastus.fi\/inkoo\/wp-json\/wp\/v2\/comments?post=480"}],"version-history":[{"count":6,"href":"https:\/\/meripelastus.fi\/inkoo\/wp-json\/wp\/v2\/pages\/480\/revisions"}],"predecessor-version":[{"id":882,"href":"https:\/\/meripelastus.fi\/inkoo\/wp-json\/wp\/v2\/pages\/480\/revisions\/882"}],"up":[{"embeddable":true,"href":"https:\/\/meripelastus.fi\/inkoo\/wp-json\/wp\/v2\/pages\/198"}],"wp:featuredmedia":[{"embeddable":true,"href":"https:\/\/meripelastus.fi\/inkoo\/wp-json\/wp\/v2\/media\/645"}],"wp:attachment":[{"href":"https:\/\/meripelastus.fi\/inkoo\/wp-json\/wp\/v2\/media?parent=480"}],"curies":[{"name":"wp","href":"https:\/\/api.w.org\/{rel}","templated":true}]}}