{"id":4,"date":"2018-03-19T09:15:43","date_gmt":"2018-03-19T07:15:43","guid":{"rendered":"http:\/\/basetemplate.smpsyhdistykset.16.testivedos.com\/?page_id=4"},"modified":"2025-12-05T10:23:51","modified_gmt":"2025-12-05T08:23:51","slug":"etusivu-3","status":"publish","type":"page","link":"https:\/\/meripelastus.fi\/inkoo\/fi\/","title":{"rendered":"Inkoon Meripelastajat"},"content":{"rendered":"\n<div style=\"height:3rem\" aria-hidden=\"true\" class=\"wp-block-spacer\"><\/div>\n\n\n\n<h2 class=\"wp-block-heading\" id=\"h-ajankohtaista\">Ajankohtaista<\/h2>\n\n\n\t\n<div class=\"container home-container\"> \n  <div class=\"row gridparent post-lists\">\n            <figure class=\"gridchild d-flex align-items-stretch\">\n            <div class=\"post-item relative\">\n                    <a href=\"https:\/\/meripelastus.fi\/inkoo\/frivilliga-sjoraddningsbatarnas-parad-pa-alla-helgons-dag-2\/\" title=\"Frivilliga sj\u00f6r\u00e4ddningsb\u00e5tarnas parad p\u00e5 alla helgons dag\">\n                        <img loading=\"lazy\" decoding=\"async\" src=\"https:\/\/meripelastus.fi\/inkoo\/wp-content\/uploads\/sites\/29\/2022\/11\/SAR1-0565.jpg\" alt=\"Frivilliga sj\u00f6r\u00e4ddningsb\u00e5tarnas parad p\u00e5 alla helgons dag\" width=\"730\" height=\"460\" \/>\n                        <div class=\"postgradient\"><\/div><!--postgradient-->\n                    <\/a>\n                    <figcaption class=\"post-list-content\">\n                        <p class=\"article-meta has-white-color\">\n                            28.10.2024 \n                                                                                                <a href=\"https:\/\/meripelastus.fi\/inkoo\/category\/okategoriserad\/\">Okategoriserad<\/a>\n                                                                                    <\/p>\n                        <a href=\"https:\/\/meripelastus.fi\/inkoo\/frivilliga-sjoraddningsbatarnas-parad-pa-alla-helgons-dag-2\/\" title=\"Frivilliga sj\u00f6r\u00e4ddningsb\u00e5tarnas parad p\u00e5 alla helgons dag\">\n                            <h4 class=\"has-white-color my-0\">Frivilliga sj\u00f6r\u00e4ddningsb\u00e5tarnas parad p\u00e5 alla helgons dag<\/h4>\n                        <\/a>\n                    <\/figcaption>\t\n            <\/div>\n        <\/figure>\n            <figure class=\"gridchild d-flex align-items-stretch\">\n            <div class=\"post-item relative\">\n                    <a href=\"https:\/\/meripelastus.fi\/inkoo\/fi\/pyhainpaivan-alusparaati\/\" title=\"Pyh\u00e4inp\u00e4iv\u00e4n alusparaati\">\n                        <img loading=\"lazy\" decoding=\"async\" src=\"https:\/\/meripelastus.fi\/inkoo\/wp-content\/uploads\/sites\/29\/2022\/11\/SAR1-0565.jpg\" alt=\"Pyh\u00e4inp\u00e4iv\u00e4n alusparaati\" width=\"730\" height=\"460\" \/>\n                        <div class=\"postgradient\"><\/div><!--postgradient-->\n                    <\/a>\n                    <figcaption class=\"post-list-content\">\n                        <p class=\"article-meta has-white-color\">\n                            28.10.2024 \n                                                                                                <a href=\"https:\/\/meripelastus.fi\/inkoo\/fi\/category\/uutiset\/\">Uutiset<\/a>\n                                                                                    <\/p>\n                        <a href=\"https:\/\/meripelastus.fi\/inkoo\/fi\/pyhainpaivan-alusparaati\/\" title=\"Pyh\u00e4inp\u00e4iv\u00e4n alusparaati\">\n                            <h4 class=\"has-white-color my-0\">Pyh\u00e4inp\u00e4iv\u00e4n alusparaati<\/h4>\n                        <\/a>\n                    <\/figcaption>\t\n            <\/div>\n        <\/figure>\n            <figure class=\"gridchild d-flex align-items-stretch\">\n            <div class=\"post-item relative\">\n                    <a href=\"https:\/\/meripelastus.fi\/inkoo\/frivilliga-sjoraddningsbatarnas-parad-pa-alla-helgons-dag\/\" title=\"Frivilliga sj\u00f6r\u00e4ddningsb\u00e5tarnas parad p\u00e5 alla helgons dag\">\n                        <img loading=\"lazy\" decoding=\"async\" src=\"https:\/\/meripelastus.fi\/inkoo\/wp-content\/uploads\/sites\/29\/2022\/11\/SAR1-0565.jpg\" alt=\"Frivilliga sj\u00f6r\u00e4ddningsb\u00e5tarnas parad p\u00e5 alla helgons dag\" width=\"730\" height=\"460\" \/>\n                        <div class=\"postgradient\"><\/div><!--postgradient-->\n                    <\/a>\n                    <figcaption class=\"post-list-content\">\n                        <p class=\"article-meta has-white-color\">\n                            02.11.2022 \n                                                                                                <a href=\"https:\/\/meripelastus.fi\/inkoo\/category\/okategoriserad\/\">Okategoriserad<\/a>\n                                                                                    <\/p>\n                        <a href=\"https:\/\/meripelastus.fi\/inkoo\/frivilliga-sjoraddningsbatarnas-parad-pa-alla-helgons-dag\/\" title=\"Frivilliga sj\u00f6r\u00e4ddningsb\u00e5tarnas parad p\u00e5 alla helgons dag\">\n                            <h4 class=\"has-white-color my-0\">Frivilliga sj\u00f6r\u00e4ddningsb\u00e5tarnas parad &#8230;<\/h4>\n                        <\/a>\n                    <\/figcaption>\t\n            <\/div>\n        <\/figure>\n      <\/div>\n\n    \t\n\n    <div class=\"row\">\n      <div class=\"d-none d-sm-block col-2 col-md-3 col-xl-4\"><hr class=\"has-primary-background-color\"><\/div>\n      <div class=\"col-12 col-sm-8 col-md-6 col-xl-4\">\n      <div class=\"d-flex justify-content-center\">\t\n        <a href=\"https:\/\/meripelastus.fi\/inkoo\/fi\/inkoon-meripelastajat\/uutiset\/\" target=\"_self\" class=\"btn btn-primary mt-0 mb-3 my-sm-0\">Lis\u00e4\u00e4 kuulumisia<\/a>\t\t\t\t\t\t\t\t\t\t\n      <\/div>\n      <\/div>\n      <div class=\"col-12 col-sm-2 col-md-3 col-xl-4\"><hr class=\"has-primary-background-color\"><\/div>\n    <\/div>\n  \n<\/div>\n\n\n<div style=\"height:6rem\" aria-hidden=\"true\" class=\"wp-block-spacer\"><\/div>\n\n\n \n\t\n<div class=\"container home-container\"> \n    <div class=\"row home-img-lifts py-0 d-flex justify-content-center\">\n\n            \t\t\t\t \n\t\t\t\t\t\t<div class=\"col-10 offset-1 offset-md-0 col-md-6 col-lg-3 col-xxl-4 has-secondary-background-color d-flex flex-column align-items-stretch justify-content-between text-white text-center homelifts homelifts-lahjoita\">\n                            <div class=\"homelifts-lahjoita-img\"><img loading=\"lazy\" decoding=\"async\" src=\"https:\/\/meripelastus.fi\/inkoo\/wp-content\/uploads\/sites\/29\/2024\/01\/svg-huutomerkki-white.svg\" alt=\"\" width=\"300\" height=\"273\" \/><\/div> \n                            <div class=\"homelifts-lahjoita-content\">\n                                <h3 class=\"h2 text-white mt-0 mb-0\">H\u00e4t\u00e4tilanne! Mihin soitan?<\/h3>                                                                <div class=\"homelifts-lahjoita-content-otsikkoryhma\">\n                                    <h4 class=\"text-white mt-0\"><span>Sis\u00e4vesill\u00e4<\/span><\/h4>\n                                    <p>112<\/p>\n                                <\/div>\n                                                                <div class=\"homelifts-lahjoita-content-otsikkoryhma\">\n                                    <h4 class=\"text-white mt-0\"><span>Merell\u00e4<\/span><\/h4>\n                                    <p>02 94 1000<\/p>\n                                <\/div>\n                                                                                            <\/div>\n                            <a href=\"https:\/\/meripelastus.fi\/inkoo\/fi\/toiminta\/halytysohje\/\" class=\"btn btn-default my-0 mx-auto\" target=\"_self\">H\u00e4lytysohjeet<\/a>                             \n                        <\/div>\n\t\t\t\t\t\t\t\n            \t\t\t\t \n\t\t\t\t\t\t\t<div class=\"col-10 offset-1 offset-md-0 col-md-6 col-lg-3 col-xxl-4 has-white-background-color d-flex flex-column align-items-stretch justify-content-between text-center homelifts homelifts-trossi\">\n                                <div class=\"homelifts-trossi-img\"><img loading=\"lazy\" decoding=\"async\" src=\"https:\/\/meripelastus.fi\/inkoo\/wp-content\/uploads\/sites\/29\/2024\/01\/svg-alus.svg\" alt=\"\" width=\"300\" height=\"300\" \/><\/div>                          \n                                <div class=\"homelifts-trossi-content\">\n                                    <h3 class=\"h2 mt-0\">Suoritetut teht\u00e4v\u00e4t<\/h3>                                                                                                                <ul class=\"list-unstyled\" id=\"tehtavatrss\" data-amount=\"2\" data-city=\"16\">\n                                            <template>\n                                                <li>\n                                                    <time><\/time>\n                                                    <strong><\/strong>\n                                                    <br \/>\n                                                    <span><\/span>\n                                                <\/li>\n                                            <\/template>\n                                        <\/ul>\n                                                                    <\/div>\n                                <a href=\"https:\/\/meripelastus.fi\/inkoo\/fi\/toiminta\/tehtavat\/\" class=\"btn btn-primary mb-0 mx-auto\" target=\"_self\">Selaa teht\u00e4vi\u00e4<\/a>                             \n                            <\/div>\n\t\t\t\t\t\t\t           \n\n            \t\t\t\t \n\t\t\t\t\t\t<div class=\"col-10 offset-1 offset-md-0 col-md-6 col-lg-3 col-xxl-4 has-secondary-background-color d-flex flex-column align-items-stretch justify-content-between text-white text-center homelifts homelifts-liity\">\n                            <div class=\"homelifts-liity-img\"><img loading=\"lazy\" decoding=\"async\" src=\"https:\/\/meripelastus.fi\/inkoo\/wp-content\/uploads\/sites\/29\/2025\/12\/smps-plus-jasenpalvelu-1-300x300.png\" alt=\"Ympyr\u00e4ikoni\" width=\"300\" height=\"300\" \/><\/div>  \n                            <div class=\"homelifts-liity-content\">\n                                <h3 class=\"h2 text-white mt-0\">J\u00e4senpalvelu<\/h3>                                <hr class=\"homelift-border\">\n                                <p>Hankkimalla j\u00e4senpalvelun varmistat my\u00f6s veneellesi maksuttoman avun.<\/p>\n                            <\/div>\n                            <a href=\"https:\/\/meripelastus.fi\/jaseneksi\/\" class=\"btn btn-default mb-0 mx-auto\" target=\"_blank\">Liity j\u00e4seneksi<\/a>                             \n                        <\/div>\n\t\t\t\t\t\t\t    <\/div>\n<\/div>\n\n\n<div style=\"height:3rem\" aria-hidden=\"true\" class=\"wp-block-spacer\"><\/div>\n\n\n\n<div class=\"wp-block-group alignfull border-top has-white-background-color has-background\"><div class=\"wp-block-group__inner-container is-layout-constrained wp-block-group-is-layout-constrained\">\n<div style=\"height:3rem\" aria-hidden=\"true\" class=\"wp-block-spacer\"><\/div>\n\n\n\n<h4 class=\"wp-block-heading has-text-align-center has-x-large-font-size\" id=\"h-vapaaehtoiset-apunasi-vesilla\" style=\"text-transform:uppercase\">Vapaaehtoiset apunasi vesill\u00e4<\/h4>\n\n\n\n<p class=\"has-text-align-center has-medium-font-size\"><strong>Toimimme Inkoon Meripelastajissa vapaaehtoisvoimin pelastaaksemme ja auttaaksemme merih\u00e4t\u00e4\u00e4n ja avun tarpeeseen joutuneita Inkoon ja Bar\u00f6sundin merialueilla.<\/strong><\/p>\n\n\n\n<p class=\"has-text-align-center has-medium-font-size\"><strong>Inkoon Meripelastajat on <a href=\"https:\/\/meripelastus.fi\/\" target=\"_blank\" rel=\"noopener\">Suomen Meripelastusseuran<\/a> j\u00e4senyhdistys ja teemme yhteisty\u00f6t\u00e4 <a href=\"https:\/\/www.raja.fi\/meriturvallisuus\" target=\"_blank\" rel=\"noopener noreferrer\">Rajavartiolaitoksen<\/a> kanssa joka johtaa meripelastustoimintaa Suomessa.<\/strong><\/p>\n\n\n\n<div class=\"wp-block-buttons is-content-justification-center is-layout-flex wp-container-core-buttons-is-layout-16018d1d wp-block-buttons-is-layout-flex\">\n<div class=\"wp-block-button\"><a class=\"wp-block-button__link wp-element-button\" href=\"\/inkoo\/fi\/tietoa-meista\">Tutustu toimintaamme<\/a><\/div>\n<\/div>\n\n\n\t\n   <div class=\"compass-wrapper\"><img loading=\"lazy\" decoding=\"async\" src=\"https:\/\/meripelastus.fi\/inkoo\/wp-content\/themes\/jarjestot\/img\/smps-kompassi-sininen.png\" width=\"1083\" height=\"110\" class=\"kompassi-block\" aria-hidden=\"true\"\/><\/div><\/div><\/div>\n","protected":false},"excerpt":{"rendered":"<p>Ajankohtaista Vapaaehtoiset apunasi vesill\u00e4 Toimimme Inkoon Meripelastajissa vapaaehtoisvoimin pelastaaksemme ja auttaaksemme merih\u00e4t\u00e4\u00e4n ja avun tarpeeseen joutuneita Inkoon ja Bar\u00f6sundin merialueilla. Inkoon Meripelastajat on Suomen Meripelastusseuran j\u00e4senyhdistys ja teemme yhteisty\u00f6t\u00e4 Rajavartiolaitoksen kanssa joka johtaa meripelastustoimintaa Suomessa.<\/p>\n","protected":false},"author":1,"featured_media":386,"parent":0,"menu_order":1,"comment_status":"closed","ping_status":"closed","template":"templates\/frontpage.php","meta":{"_acf_changed":false,"inline_featured_image":false,"footnotes":""},"class_list":["post-4","page","type-page","status-publish","has-post-thumbnail","hentry"],"acf":[],"yoast_head":"<!-- This site is optimized with the Yoast SEO Premium plugin v27.2 (Yoast SEO v27.2) - https:\/\/yoast.com\/product\/yoast-seo-premium-wordpress\/ -->\n<title>Inkoon Meripelastajat - Ing\u00e5 Sj\u00f6r\u00e4ddare<\/title>\n<meta name=\"robots\" content=\"index, follow, max-snippet:-1, max-image-preview:large, max-video-preview:-1\" \/>\n<link rel=\"canonical\" href=\"https:\/\/meripelastus.fi\/inkoo\/fi\/\" \/>\n<meta property=\"og:locale\" content=\"sv_SE\" \/>\n<meta property=\"og:type\" content=\"article\" \/>\n<meta property=\"og:title\" content=\"Inkoon Meripelastajat\" \/>\n<meta property=\"og:description\" content=\"Ajankohtaista Vapaaehtoiset apunasi vesill\u00e4 Toimimme Inkoon Meripelastajissa vapaaehtoisvoimin pelastaaksemme ja auttaaksemme merih\u00e4t\u00e4\u00e4n ja avun tarpeeseen joutuneita Inkoon ja Bar\u00f6sundin merialueilla. Inkoon Meripelastajat on Suomen Meripelastusseuran j\u00e4senyhdistys ja teemme yhteisty\u00f6t\u00e4 Rajavartiolaitoksen kanssa joka johtaa meripelastustoimintaa Suomessa.\" \/>\n<meta property=\"og:url\" content=\"https:\/\/meripelastus.fi\/inkoo\/fi\/\" \/>\n<meta property=\"og:site_name\" content=\"Ing\u00e5 Sj\u00f6r\u00e4ddare\" \/>\n<meta property=\"article:modified_time\" content=\"2025-12-05T08:23:51+00:00\" \/>\n<meta property=\"og:image\" content=\"https:\/\/meripelastus.fi\/inkoo\/wp-content\/uploads\/sites\/29\/2022\/06\/IMG_2197-1-scaled.jpg\" \/>\n\t<meta property=\"og:image:width\" content=\"2560\" \/>\n\t<meta property=\"og:image:height\" content=\"1920\" \/>\n\t<meta property=\"og:image:type\" content=\"image\/jpeg\" \/>\n<meta name=\"twitter:card\" content=\"summary_large_image\" \/>\n<meta name=\"twitter:label1\" content=\"Ber\u00e4knad l\u00e4stid\" \/>\n\t<meta name=\"twitter:data1\" content=\"1 minut\" \/>\n<script type=\"application\/ld+json\" class=\"yoast-schema-graph\">{\"@context\":\"https:\/\/schema.org\",\"@graph\":[{\"@type\":\"WebPage\",\"@id\":\"https:\/\/meripelastus.fi\/inkoo\/fi\/\",\"url\":\"https:\/\/meripelastus.fi\/inkoo\/fi\/\",\"name\":\"Inkoon Meripelastajat - Ing\u00e5 Sj\u00f6r\u00e4ddare\",\"isPartOf\":{\"@id\":\"https:\/\/meripelastus.fi\/inkoo\/#website\"},\"primaryImageOfPage\":{\"@id\":\"https:\/\/meripelastus.fi\/inkoo\/fi\/#primaryimage\"},\"image\":{\"@id\":\"https:\/\/meripelastus.fi\/inkoo\/fi\/#primaryimage\"},\"thumbnailUrl\":\"https:\/\/meripelastus.fi\/inkoo\/wp-content\/uploads\/sites\/29\/2022\/06\/IMG_2197-1-scaled.jpg\",\"datePublished\":\"2018-03-19T07:15:43+00:00\",\"dateModified\":\"2025-12-05T08:23:51+00:00\",\"breadcrumb\":{\"@id\":\"https:\/\/meripelastus.fi\/inkoo\/fi\/#breadcrumb\"},\"inLanguage\":\"sv-SE\",\"potentialAction\":[{\"@type\":\"ReadAction\",\"target\":[\"https:\/\/meripelastus.fi\/inkoo\/fi\/\"]}]},{\"@type\":\"ImageObject\",\"inLanguage\":\"sv-SE\",\"@id\":\"https:\/\/meripelastus.fi\/inkoo\/fi\/#primaryimage\",\"url\":\"https:\/\/meripelastus.fi\/inkoo\/wp-content\/uploads\/sites\/29\/2022\/06\/IMG_2197-1-scaled.jpg\",\"contentUrl\":\"https:\/\/meripelastus.fi\/inkoo\/wp-content\/uploads\/sites\/29\/2022\/06\/IMG_2197-1-scaled.jpg\",\"width\":2560,\"height\":1920},{\"@type\":\"BreadcrumbList\",\"@id\":\"https:\/\/meripelastus.fi\/inkoo\/fi\/#breadcrumb\",\"itemListElement\":[{\"@type\":\"ListItem\",\"position\":1,\"name\":\"Etusivu\",\"item\":\"https:\/\/meripelastus.fi\/inkoo\/\"},{\"@type\":\"ListItem\",\"position\":2,\"name\":\"Inkoon Meripelastajat\"}]},{\"@type\":\"WebSite\",\"@id\":\"https:\/\/meripelastus.fi\/inkoo\/#website\",\"url\":\"https:\/\/meripelastus.fi\/inkoo\/\",\"name\":\"Ing\u00e5 Sj\u00f6r\u00e4ddare\",\"description\":\"Vapaaehtoiset apunasi vesill\u00e4\",\"potentialAction\":[{\"@type\":\"SearchAction\",\"target\":{\"@type\":\"EntryPoint\",\"urlTemplate\":\"https:\/\/meripelastus.fi\/inkoo\/?s={search_term_string}\"},\"query-input\":{\"@type\":\"PropertyValueSpecification\",\"valueRequired\":true,\"valueName\":\"search_term_string\"}}],\"inLanguage\":\"sv-SE\"}]}<\/script>\n<!-- \/ Yoast SEO Premium plugin. -->","yoast_head_json":{"title":"Inkoon Meripelastajat - Ing\u00e5 Sj\u00f6r\u00e4ddare","robots":{"index":"index","follow":"follow","max-snippet":"max-snippet:-1","max-image-preview":"max-image-preview:large","max-video-preview":"max-video-preview:-1"},"canonical":"https:\/\/meripelastus.fi\/inkoo\/fi\/","og_locale":"sv_SE","og_type":"article","og_title":"Inkoon Meripelastajat","og_description":"Ajankohtaista Vapaaehtoiset apunasi vesill\u00e4 Toimimme Inkoon Meripelastajissa vapaaehtoisvoimin pelastaaksemme ja auttaaksemme merih\u00e4t\u00e4\u00e4n ja avun tarpeeseen joutuneita Inkoon ja Bar\u00f6sundin merialueilla. Inkoon Meripelastajat on Suomen Meripelastusseuran j\u00e4senyhdistys ja teemme yhteisty\u00f6t\u00e4 Rajavartiolaitoksen kanssa joka johtaa meripelastustoimintaa Suomessa.","og_url":"https:\/\/meripelastus.fi\/inkoo\/fi\/","og_site_name":"Ing\u00e5 Sj\u00f6r\u00e4ddare","article_modified_time":"2025-12-05T08:23:51+00:00","og_image":[{"width":2560,"height":1920,"url":"https:\/\/meripelastus.fi\/inkoo\/wp-content\/uploads\/sites\/29\/2022\/06\/IMG_2197-1-scaled.jpg","type":"image\/jpeg"}],"twitter_card":"summary_large_image","twitter_misc":{"Ber\u00e4knad l\u00e4stid":"1 minut"},"schema":{"@context":"https:\/\/schema.org","@graph":[{"@type":"WebPage","@id":"https:\/\/meripelastus.fi\/inkoo\/fi\/","url":"https:\/\/meripelastus.fi\/inkoo\/fi\/","name":"Inkoon Meripelastajat - Ing\u00e5 Sj\u00f6r\u00e4ddare","isPartOf":{"@id":"https:\/\/meripelastus.fi\/inkoo\/#website"},"primaryImageOfPage":{"@id":"https:\/\/meripelastus.fi\/inkoo\/fi\/#primaryimage"},"image":{"@id":"https:\/\/meripelastus.fi\/inkoo\/fi\/#primaryimage"},"thumbnailUrl":"https:\/\/meripelastus.fi\/inkoo\/wp-content\/uploads\/sites\/29\/2022\/06\/IMG_2197-1-scaled.jpg","datePublished":"2018-03-19T07:15:43+00:00","dateModified":"2025-12-05T08:23:51+00:00","breadcrumb":{"@id":"https:\/\/meripelastus.fi\/inkoo\/fi\/#breadcrumb"},"inLanguage":"sv-SE","potentialAction":[{"@type":"ReadAction","target":["https:\/\/meripelastus.fi\/inkoo\/fi\/"]}]},{"@type":"ImageObject","inLanguage":"sv-SE","@id":"https:\/\/meripelastus.fi\/inkoo\/fi\/#primaryimage","url":"https:\/\/meripelastus.fi\/inkoo\/wp-content\/uploads\/sites\/29\/2022\/06\/IMG_2197-1-scaled.jpg","contentUrl":"https:\/\/meripelastus.fi\/inkoo\/wp-content\/uploads\/sites\/29\/2022\/06\/IMG_2197-1-scaled.jpg","width":2560,"height":1920},{"@type":"BreadcrumbList","@id":"https:\/\/meripelastus.fi\/inkoo\/fi\/#breadcrumb","itemListElement":[{"@type":"ListItem","position":1,"name":"Etusivu","item":"https:\/\/meripelastus.fi\/inkoo\/"},{"@type":"ListItem","position":2,"name":"Inkoon Meripelastajat"}]},{"@type":"WebSite","@id":"https:\/\/meripelastus.fi\/inkoo\/#website","url":"https:\/\/meripelastus.fi\/inkoo\/","name":"Ing\u00e5 Sj\u00f6r\u00e4ddare","description":"Vapaaehtoiset apunasi vesill\u00e4","potentialAction":[{"@type":"SearchAction","target":{"@type":"EntryPoint","urlTemplate":"https:\/\/meripelastus.fi\/inkoo\/?s={search_term_string}"},"query-input":{"@type":"PropertyValueSpecification","valueRequired":true,"valueName":"search_term_string"}}],"inLanguage":"sv-SE"}]}},"_links":{"self":[{"href":"https:\/\/meripelastus.fi\/inkoo\/wp-json\/wp\/v2\/pages\/4","targetHints":{"allow":["GET"]}}],"collection":[{"href":"https:\/\/meripelastus.fi\/inkoo\/wp-json\/wp\/v2\/pages"}],"about":[{"href":"https:\/\/meripelastus.fi\/inkoo\/wp-json\/wp\/v2\/types\/page"}],"author":[{"embeddable":true,"href":"https:\/\/meripelastus.fi\/inkoo\/wp-json\/wp\/v2\/users\/1"}],"replies":[{"embeddable":true,"href":"https:\/\/meripelastus.fi\/inkoo\/wp-json\/wp\/v2\/comments?post=4"}],"version-history":[{"count":31,"href":"https:\/\/meripelastus.fi\/inkoo\/wp-json\/wp\/v2\/pages\/4\/revisions"}],"predecessor-version":[{"id":924,"href":"https:\/\/meripelastus.fi\/inkoo\/wp-json\/wp\/v2\/pages\/4\/revisions\/924"}],"wp:featuredmedia":[{"embeddable":true,"href":"https:\/\/meripelastus.fi\/inkoo\/wp-json\/wp\/v2\/media\/386"}],"wp:attachment":[{"href":"https:\/\/meripelastus.fi\/inkoo\/wp-json\/wp\/v2\/media?parent=4"}],"curies":[{"name":"wp","href":"https:\/\/api.w.org\/{rel}","templated":true}]}}