{"id":26,"date":"2018-03-19T09:19:10","date_gmt":"2018-03-19T07:19:10","guid":{"rendered":"http:\/\/basetemplate.smpsyhdistykset.16.testivedos.com\/?page_id=26"},"modified":"2024-03-01T17:33:34","modified_gmt":"2024-03-01T15:33:34","slug":"alukseemme","status":"publish","type":"page","link":"https:\/\/meripelastus.fi\/inkoo\/fi\/toiminta\/alukseemme\/","title":{"rendered":"Aluksemme"},"content":{"rendered":"\n<div class=\"wp-block-columns is-layout-flex wp-container-core-columns-is-layout-9d6595d7 wp-block-columns-is-layout-flex\">\n<div class=\"wp-block-column is-layout-flow wp-block-column-is-layout-flow\">\n<h2 class=\"wp-block-heading\">PV Thure Gall\u00e9n<\/h2>\n\n\n\n<p>Malli: Kewatec Patrol 1000 OB<br>Valmistaja: Oy Kewatec Aluboat Ab<br>Rakennusvuosi: 2022<br>Materiaali: alumiini<br>Pituus: 10.01 m<br>Leveys: 3.21 m<br>Korkeus: 3.5 m<br>Syv\u00e4ys: 0.9 m<br>Paino: 5.85 t<br>Koneet: 2 kpl Mercury SeaPro 300<br>Koneiden yhteisteho: 442 kW \u2013 600 hv<br>Propulsio: per\u00e4moottori<br>Matkanopeus: 32 solmua<br>Huippunopeus: 41 solmua<br>Miehist\u00f6: 2 henk.<\/p>\n<\/div>\n\n\n\n<div class=\"wp-block-column is-layout-flow wp-block-column-is-layout-flow\">\n<figure class=\"wp-block-image\"><a href=\"https:\/\/meripelastus.fi\/inkoo\/wp-content\/uploads\/sites\/29\/2024\/03\/web-15.jpg\"><img loading=\"lazy\" decoding=\"async\" width=\"1024\" height=\"683\" src=\"https:\/\/meripelastus.fi\/inkoo\/wp-content\/uploads\/sites\/29\/2024\/03\/web-15-1024x683.jpg\" alt=\"\" class=\"wp-image-898\" srcset=\"https:\/\/meripelastus.fi\/inkoo\/wp-content\/uploads\/sites\/29\/2024\/03\/web-15-1024x683.jpg 1024w, https:\/\/meripelastus.fi\/inkoo\/wp-content\/uploads\/sites\/29\/2024\/03\/web-15-300x200.jpg 300w, https:\/\/meripelastus.fi\/inkoo\/wp-content\/uploads\/sites\/29\/2024\/03\/web-15-768x512.jpg 768w, https:\/\/meripelastus.fi\/inkoo\/wp-content\/uploads\/sites\/29\/2024\/03\/web-15-1536x1024.jpg 1536w, https:\/\/meripelastus.fi\/inkoo\/wp-content\/uploads\/sites\/29\/2024\/03\/web-15.jpg 1600w\" sizes=\"auto, (max-width: 1024px) 100vw, 1024px\" \/><\/a><\/figure>\n<\/div>\n<\/div>\n\n\n\n<h2 class=\"wp-block-heading\">Aikaisemmat alukset<\/h2>\n\n\n\n<div class=\"wp-block-columns is-layout-flex wp-container-core-columns-is-layout-9d6595d7 wp-block-columns-is-layout-flex\">\n<div class=\"wp-block-column is-layout-flow wp-block-column-is-layout-flow\">\n<h2 class=\"wp-block-heading\">PV Fager\u00f6<\/h2>\n\n\n\n<p>Malli: Watercat 1100 Patrol<br>Valmistaja: Marine Alutech Oy Ab<br>Rakennusvuosi: 1997<br>Materiaali: alumiini<br>Pituus: 12.1 m<br>Leveys: 3.5 m<br>Korkeus: 5 m<br>Syv\u00e4ys: 0.7 m<br>Paino: 9 t<br>Koneet: 2 kpl Cummins QSB6.7<br>Koneiden yhteisteho: 808 kW \u2013 1100 hv<br>Propulsio: vesisuihku<br>Nopeus: 44 solmua<br>Miehist\u00f6: 3 henk.<\/p>\n<\/div>\n\n\n\n<div class=\"wp-block-column is-layout-flow wp-block-column-is-layout-flow\">\n<figure class=\"wp-block-image size-large\"><img loading=\"lazy\" decoding=\"async\" width=\"1024\" height=\"968\" src=\"https:\/\/meripelastus.fi\/inkoo\/wp-content\/uploads\/sites\/29\/2020\/05\/kuf-2-1024x968.jpg\" alt=\"\" class=\"wp-image-326\" srcset=\"https:\/\/meripelastus.fi\/inkoo\/wp-content\/uploads\/sites\/29\/2020\/05\/kuf-2-1024x968.jpg 1024w, https:\/\/meripelastus.fi\/inkoo\/wp-content\/uploads\/sites\/29\/2020\/05\/kuf-2-300x284.jpg 300w, https:\/\/meripelastus.fi\/inkoo\/wp-content\/uploads\/sites\/29\/2020\/05\/kuf-2-768x726.jpg 768w, https:\/\/meripelastus.fi\/inkoo\/wp-content\/uploads\/sites\/29\/2020\/05\/kuf-2.jpg 1500w\" sizes=\"auto, (max-width: 1024px) 100vw, 1024px\" \/><\/figure>\n<\/div>\n<\/div>\n\n\n\n<div class=\"wp-block-columns is-layout-flex wp-container-core-columns-is-layout-9d6595d7 wp-block-columns-is-layout-flex\">\n<div class=\"wp-block-column is-layout-flow wp-block-column-is-layout-flow\">\n<h2 class=\"wp-block-heading\">PV Fager\u00f6<\/h2>\n\n\n\n<p>Malli: NPV-4<br>Valmistaja: Kone-Jyr\u00e4 Ab<br>Rakennusvuosi: 1986<br>Materiaali: alumiini<br>Pituus: ? m<br>Leveys: ? m<br>Korkeus: ? m<br>Syv\u00e4ys: ? m<br>Paino: ? t<br>Koneet: 1 kpl Diesel<br>Koneiden yhteisteho: 220 kW \u2013 300 hv<br>Propulsio: vesisuihku<br>Nopeus: 32 solmua<br>Miehist\u00f6: ? henk.<\/p>\n<\/div>\n\n\n\n<div class=\"wp-block-column is-layout-flow wp-block-column-is-layout-flow\">\n<figure class=\"wp-block-image size-large\"><img loading=\"lazy\" decoding=\"async\" width=\"1024\" height=\"670\" src=\"https:\/\/meripelastus.fi\/inkoo\/wp-content\/uploads\/sites\/29\/2022\/06\/PV-Fagero--1024x670.jpg\" alt=\"\" class=\"wp-image-424\" srcset=\"https:\/\/meripelastus.fi\/inkoo\/wp-content\/uploads\/sites\/29\/2022\/06\/PV-Fagero--1024x670.jpg 1024w, https:\/\/meripelastus.fi\/inkoo\/wp-content\/uploads\/sites\/29\/2022\/06\/PV-Fagero--300x196.jpg 300w, https:\/\/meripelastus.fi\/inkoo\/wp-content\/uploads\/sites\/29\/2022\/06\/PV-Fagero--768x502.jpg 768w, https:\/\/meripelastus.fi\/inkoo\/wp-content\/uploads\/sites\/29\/2022\/06\/PV-Fagero--1536x1005.jpg 1536w, https:\/\/meripelastus.fi\/inkoo\/wp-content\/uploads\/sites\/29\/2022\/06\/PV-Fagero-.jpg 1761w\" sizes=\"auto, (max-width: 1024px) 100vw, 1024px\" \/><\/figure>\n<\/div>\n<\/div>\n","protected":false},"excerpt":{"rendered":"<p>PV Thure Gall\u00e9n Malli: Kewatec Patrol 1000 OBValmistaja: Oy Kewatec Aluboat AbRakennusvuosi: 2022Materiaali: alumiiniPituus: 10.01 mLeveys: 3.21 mKorkeus: 3.5 mSyv\u00e4ys: 0.9 mPaino: 5.85 tKoneet: 2 kpl Mercury SeaPro 300Koneiden yhteisteho: 442 kW \u2013 600 hvPropulsio: per\u00e4moottoriMatkanopeus: 32 solmuaHuippunopeus: 41 solmuaMiehist\u00f6: 2 henk. Aikaisemmat alukset PV Fager\u00f6 Malli: Watercat 1100 PatrolValmistaja: Marine Alutech Oy AbRakennusvuosi: 1997Materiaali: [&hellip;]<\/p>\n","protected":false},"author":1,"featured_media":668,"parent":20,"menu_order":0,"comment_status":"closed","ping_status":"closed","template":"","meta":{"_acf_changed":false,"inline_featured_image":false,"footnotes":""},"class_list":["post-26","page","type-page","status-publish","has-post-thumbnail","hentry"],"acf":[],"yoast_head":"<!-- This site is optimized with the Yoast SEO Premium plugin v27.4 (Yoast SEO v27.4) - https:\/\/yoast.com\/product\/yoast-seo-premium-wordpress\/ -->\n<title>Aluksemme - Ing\u00e5 Sj\u00f6r\u00e4ddare<\/title>\n<meta name=\"robots\" content=\"index, follow, max-snippet:-1, max-image-preview:large, max-video-preview:-1\" \/>\n<link rel=\"canonical\" href=\"https:\/\/meripelastus.fi\/inkoo\/fi\/toiminta\/alukseemme\/\" \/>\n<meta property=\"og:locale\" content=\"sv_SE\" \/>\n<meta property=\"og:type\" content=\"article\" \/>\n<meta property=\"og:title\" content=\"Aluksemme\" \/>\n<meta property=\"og:description\" content=\"PV Thure Gall\u00e9n Malli: Kewatec Patrol 1000 OBValmistaja: Oy Kewatec Aluboat AbRakennusvuosi: 2022Materiaali: alumiiniPituus: 10.01 mLeveys: 3.21 mKorkeus: 3.5 mSyv\u00e4ys: 0.9 mPaino: 5.85 tKoneet: 2 kpl Mercury SeaPro 300Koneiden yhteisteho: 442 kW \u2013 600 hvPropulsio: per\u00e4moottoriMatkanopeus: 32 solmuaHuippunopeus: 41 solmuaMiehist\u00f6: 2 henk. Aikaisemmat alukset PV Fager\u00f6 Malli: Watercat 1100 PatrolValmistaja: Marine Alutech Oy AbRakennusvuosi: 1997Materiaali: [&hellip;]\" \/>\n<meta property=\"og:url\" content=\"https:\/\/meripelastus.fi\/inkoo\/fi\/toiminta\/alukseemme\/\" \/>\n<meta property=\"og:site_name\" content=\"Ing\u00e5 Sj\u00f6r\u00e4ddare\" \/>\n<meta property=\"article:modified_time\" content=\"2024-03-01T15:33:34+00:00\" \/>\n<meta property=\"og:image\" content=\"https:\/\/meripelastus.fi\/inkoo\/wp-content\/uploads\/sites\/29\/2022\/06\/22-06-26-09-04-27-3209-scaled.jpg\" \/>\n\t<meta property=\"og:image:width\" content=\"2560\" \/>\n\t<meta property=\"og:image:height\" content=\"1920\" \/>\n\t<meta property=\"og:image:type\" content=\"image\/jpeg\" \/>\n<meta name=\"twitter:card\" content=\"summary_large_image\" \/>\n<meta name=\"twitter:label1\" content=\"Ber\u00e4knad l\u00e4stid\" \/>\n\t<meta name=\"twitter:data1\" content=\"2 minuter\" \/>\n<script type=\"application\/ld+json\" class=\"yoast-schema-graph\">{\"@context\":\"https:\\\/\\\/schema.org\",\"@graph\":[{\"@type\":\"WebPage\",\"@id\":\"https:\\\/\\\/meripelastus.fi\\\/inkoo\\\/fi\\\/toiminta\\\/alukseemme\\\/\",\"url\":\"https:\\\/\\\/meripelastus.fi\\\/inkoo\\\/fi\\\/toiminta\\\/alukseemme\\\/\",\"name\":\"Aluksemme - Ing\u00e5 Sj\u00f6r\u00e4ddare\",\"isPartOf\":{\"@id\":\"https:\\\/\\\/meripelastus.fi\\\/inkoo\\\/#website\"},\"primaryImageOfPage\":{\"@id\":\"https:\\\/\\\/meripelastus.fi\\\/inkoo\\\/fi\\\/toiminta\\\/alukseemme\\\/#primaryimage\"},\"image\":{\"@id\":\"https:\\\/\\\/meripelastus.fi\\\/inkoo\\\/fi\\\/toiminta\\\/alukseemme\\\/#primaryimage\"},\"thumbnailUrl\":\"https:\\\/\\\/meripelastus.fi\\\/inkoo\\\/wp-content\\\/uploads\\\/sites\\\/29\\\/2022\\\/06\\\/22-06-26-09-04-27-3209-scaled.jpg\",\"datePublished\":\"2018-03-19T07:19:10+00:00\",\"dateModified\":\"2024-03-01T15:33:34+00:00\",\"breadcrumb\":{\"@id\":\"https:\\\/\\\/meripelastus.fi\\\/inkoo\\\/fi\\\/toiminta\\\/alukseemme\\\/#breadcrumb\"},\"inLanguage\":\"sv-SE\",\"potentialAction\":[{\"@type\":\"ReadAction\",\"target\":[\"https:\\\/\\\/meripelastus.fi\\\/inkoo\\\/fi\\\/toiminta\\\/alukseemme\\\/\"]}]},{\"@type\":\"ImageObject\",\"inLanguage\":\"sv-SE\",\"@id\":\"https:\\\/\\\/meripelastus.fi\\\/inkoo\\\/fi\\\/toiminta\\\/alukseemme\\\/#primaryimage\",\"url\":\"https:\\\/\\\/meripelastus.fi\\\/inkoo\\\/wp-content\\\/uploads\\\/sites\\\/29\\\/2022\\\/06\\\/22-06-26-09-04-27-3209-scaled.jpg\",\"contentUrl\":\"https:\\\/\\\/meripelastus.fi\\\/inkoo\\\/wp-content\\\/uploads\\\/sites\\\/29\\\/2022\\\/06\\\/22-06-26-09-04-27-3209-scaled.jpg\",\"width\":2560,\"height\":1920},{\"@type\":\"BreadcrumbList\",\"@id\":\"https:\\\/\\\/meripelastus.fi\\\/inkoo\\\/fi\\\/toiminta\\\/alukseemme\\\/#breadcrumb\",\"itemListElement\":[{\"@type\":\"ListItem\",\"position\":1,\"name\":\"Etusivu\",\"item\":\"https:\\\/\\\/meripelastus.fi\\\/inkoo\\\/\"},{\"@type\":\"ListItem\",\"position\":2,\"name\":\"Toiminta\",\"item\":\"https:\\\/\\\/meripelastus.fi\\\/inkoo\\\/fi\\\/toiminta\\\/\"},{\"@type\":\"ListItem\",\"position\":3,\"name\":\"Aluksemme\"}]},{\"@type\":\"WebSite\",\"@id\":\"https:\\\/\\\/meripelastus.fi\\\/inkoo\\\/#website\",\"url\":\"https:\\\/\\\/meripelastus.fi\\\/inkoo\\\/\",\"name\":\"Ing\u00e5 Sj\u00f6r\u00e4ddare\",\"description\":\"Vapaaehtoiset apunasi vesill\u00e4\",\"potentialAction\":[{\"@type\":\"SearchAction\",\"target\":{\"@type\":\"EntryPoint\",\"urlTemplate\":\"https:\\\/\\\/meripelastus.fi\\\/inkoo\\\/?s={search_term_string}\"},\"query-input\":{\"@type\":\"PropertyValueSpecification\",\"valueRequired\":true,\"valueName\":\"search_term_string\"}}],\"inLanguage\":\"sv-SE\"}]}<\/script>\n<!-- \/ Yoast SEO Premium plugin. -->","yoast_head_json":{"title":"Aluksemme - Ing\u00e5 Sj\u00f6r\u00e4ddare","robots":{"index":"index","follow":"follow","max-snippet":"max-snippet:-1","max-image-preview":"max-image-preview:large","max-video-preview":"max-video-preview:-1"},"canonical":"https:\/\/meripelastus.fi\/inkoo\/fi\/toiminta\/alukseemme\/","og_locale":"sv_SE","og_type":"article","og_title":"Aluksemme","og_description":"PV Thure Gall\u00e9n Malli: Kewatec Patrol 1000 OBValmistaja: Oy Kewatec Aluboat AbRakennusvuosi: 2022Materiaali: alumiiniPituus: 10.01 mLeveys: 3.21 mKorkeus: 3.5 mSyv\u00e4ys: 0.9 mPaino: 5.85 tKoneet: 2 kpl Mercury SeaPro 300Koneiden yhteisteho: 442 kW \u2013 600 hvPropulsio: per\u00e4moottoriMatkanopeus: 32 solmuaHuippunopeus: 41 solmuaMiehist\u00f6: 2 henk. Aikaisemmat alukset PV Fager\u00f6 Malli: Watercat 1100 PatrolValmistaja: Marine Alutech Oy AbRakennusvuosi: 1997Materiaali: [&hellip;]","og_url":"https:\/\/meripelastus.fi\/inkoo\/fi\/toiminta\/alukseemme\/","og_site_name":"Ing\u00e5 Sj\u00f6r\u00e4ddare","article_modified_time":"2024-03-01T15:33:34+00:00","og_image":[{"width":2560,"height":1920,"url":"https:\/\/meripelastus.fi\/inkoo\/wp-content\/uploads\/sites\/29\/2022\/06\/22-06-26-09-04-27-3209-scaled.jpg","type":"image\/jpeg"}],"twitter_card":"summary_large_image","twitter_misc":{"Ber\u00e4knad l\u00e4stid":"2 minuter"},"schema":{"@context":"https:\/\/schema.org","@graph":[{"@type":"WebPage","@id":"https:\/\/meripelastus.fi\/inkoo\/fi\/toiminta\/alukseemme\/","url":"https:\/\/meripelastus.fi\/inkoo\/fi\/toiminta\/alukseemme\/","name":"Aluksemme - Ing\u00e5 Sj\u00f6r\u00e4ddare","isPartOf":{"@id":"https:\/\/meripelastus.fi\/inkoo\/#website"},"primaryImageOfPage":{"@id":"https:\/\/meripelastus.fi\/inkoo\/fi\/toiminta\/alukseemme\/#primaryimage"},"image":{"@id":"https:\/\/meripelastus.fi\/inkoo\/fi\/toiminta\/alukseemme\/#primaryimage"},"thumbnailUrl":"https:\/\/meripelastus.fi\/inkoo\/wp-content\/uploads\/sites\/29\/2022\/06\/22-06-26-09-04-27-3209-scaled.jpg","datePublished":"2018-03-19T07:19:10+00:00","dateModified":"2024-03-01T15:33:34+00:00","breadcrumb":{"@id":"https:\/\/meripelastus.fi\/inkoo\/fi\/toiminta\/alukseemme\/#breadcrumb"},"inLanguage":"sv-SE","potentialAction":[{"@type":"ReadAction","target":["https:\/\/meripelastus.fi\/inkoo\/fi\/toiminta\/alukseemme\/"]}]},{"@type":"ImageObject","inLanguage":"sv-SE","@id":"https:\/\/meripelastus.fi\/inkoo\/fi\/toiminta\/alukseemme\/#primaryimage","url":"https:\/\/meripelastus.fi\/inkoo\/wp-content\/uploads\/sites\/29\/2022\/06\/22-06-26-09-04-27-3209-scaled.jpg","contentUrl":"https:\/\/meripelastus.fi\/inkoo\/wp-content\/uploads\/sites\/29\/2022\/06\/22-06-26-09-04-27-3209-scaled.jpg","width":2560,"height":1920},{"@type":"BreadcrumbList","@id":"https:\/\/meripelastus.fi\/inkoo\/fi\/toiminta\/alukseemme\/#breadcrumb","itemListElement":[{"@type":"ListItem","position":1,"name":"Etusivu","item":"https:\/\/meripelastus.fi\/inkoo\/"},{"@type":"ListItem","position":2,"name":"Toiminta","item":"https:\/\/meripelastus.fi\/inkoo\/fi\/toiminta\/"},{"@type":"ListItem","position":3,"name":"Aluksemme"}]},{"@type":"WebSite","@id":"https:\/\/meripelastus.fi\/inkoo\/#website","url":"https:\/\/meripelastus.fi\/inkoo\/","name":"Ing\u00e5 Sj\u00f6r\u00e4ddare","description":"Vapaaehtoiset apunasi vesill\u00e4","potentialAction":[{"@type":"SearchAction","target":{"@type":"EntryPoint","urlTemplate":"https:\/\/meripelastus.fi\/inkoo\/?s={search_term_string}"},"query-input":{"@type":"PropertyValueSpecification","valueRequired":true,"valueName":"search_term_string"}}],"inLanguage":"sv-SE"}]}},"_links":{"self":[{"href":"https:\/\/meripelastus.fi\/inkoo\/wp-json\/wp\/v2\/pages\/26","targetHints":{"allow":["GET"]}}],"collection":[{"href":"https:\/\/meripelastus.fi\/inkoo\/wp-json\/wp\/v2\/pages"}],"about":[{"href":"https:\/\/meripelastus.fi\/inkoo\/wp-json\/wp\/v2\/types\/page"}],"author":[{"embeddable":true,"href":"https:\/\/meripelastus.fi\/inkoo\/wp-json\/wp\/v2\/users\/1"}],"replies":[{"embeddable":true,"href":"https:\/\/meripelastus.fi\/inkoo\/wp-json\/wp\/v2\/comments?post=26"}],"version-history":[{"count":22,"href":"https:\/\/meripelastus.fi\/inkoo\/wp-json\/wp\/v2\/pages\/26\/revisions"}],"predecessor-version":[{"id":905,"href":"https:\/\/meripelastus.fi\/inkoo\/wp-json\/wp\/v2\/pages\/26\/revisions\/905"}],"up":[{"embeddable":true,"href":"https:\/\/meripelastus.fi\/inkoo\/wp-json\/wp\/v2\/pages\/20"}],"wp:featuredmedia":[{"embeddable":true,"href":"https:\/\/meripelastus.fi\/inkoo\/wp-json\/wp\/v2\/media\/668"}],"wp:attachment":[{"href":"https:\/\/meripelastus.fi\/inkoo\/wp-json\/wp\/v2\/media?parent=26"}],"curies":[{"name":"wp","href":"https:\/\/api.w.org\/{rel}","templated":true}]}}