{"id":24,"date":"2018-03-19T09:18:57","date_gmt":"2018-03-19T07:18:57","guid":{"rendered":"http:\/\/basetemplate.smpsyhdistykset.16.testivedos.com\/?page_id=24"},"modified":"2024-01-25T10:27:25","modified_gmt":"2024-01-25T08:27:25","slug":"tehtavat","status":"publish","type":"page","link":"https:\/\/meripelastus.fi\/inkoo\/fi\/toiminta\/tehtavat\/","title":{"rendered":"Teht\u00e4v\u00e4t"},"content":{"rendered":"<ul class=\"list-unstyled\" id=\"tehtavatrss\" data-amount=\"20\" data-city=\"16\">\n                <template><\/p>\n<li style=\"list-style-type: none\">\n                        <time><\/time> <strong><place><\/place><\/strong><br \/>\n                        <span><\/span>\n                    <\/li>\n<p>                <\/template>\n            <\/ul>\n","protected":false},"excerpt":{"rendered":"","protected":false},"author":1,"featured_media":392,"parent":20,"menu_order":0,"comment_status":"closed","ping_status":"closed","template":"","meta":{"_acf_changed":false,"inline_featured_image":false,"footnotes":""},"class_list":["post-24","page","type-page","status-publish","has-post-thumbnail","hentry"],"acf":[],"yoast_head":"<!-- This site is optimized with the Yoast SEO Premium plugin v27.2 (Yoast SEO v27.2) - https:\/\/yoast.com\/product\/yoast-seo-premium-wordpress\/ -->\n<title>Teht\u00e4v\u00e4t - Ing\u00e5 Sj\u00f6r\u00e4ddare<\/title>\n<meta name=\"robots\" content=\"index, follow, max-snippet:-1, max-image-preview:large, max-video-preview:-1\" \/>\n<link rel=\"canonical\" href=\"https:\/\/meripelastus.fi\/inkoo\/fi\/toiminta\/tehtavat\/\" \/>\n<meta property=\"og:locale\" content=\"sv_SE\" \/>\n<meta property=\"og:type\" content=\"article\" \/>\n<meta property=\"og:title\" content=\"Teht\u00e4v\u00e4t\" \/>\n<meta property=\"og:url\" content=\"https:\/\/meripelastus.fi\/inkoo\/fi\/toiminta\/tehtavat\/\" \/>\n<meta property=\"og:site_name\" content=\"Ing\u00e5 Sj\u00f6r\u00e4ddare\" \/>\n<meta property=\"article:modified_time\" content=\"2024-01-25T08:27:25+00:00\" \/>\n<meta property=\"og:image\" content=\"https:\/\/meripelastus.fi\/inkoo\/wp-content\/uploads\/sites\/29\/2022\/06\/IMG_0736-scaled.jpg\" \/>\n\t<meta property=\"og:image:width\" content=\"2560\" \/>\n\t<meta property=\"og:image:height\" content=\"1920\" \/>\n\t<meta property=\"og:image:type\" content=\"image\/jpeg\" \/>\n<meta name=\"twitter:card\" content=\"summary_large_image\" \/>\n<meta name=\"twitter:label1\" content=\"Ber\u00e4knad l\u00e4stid\" \/>\n\t<meta name=\"twitter:data1\" content=\"1 minut\" \/>\n<script type=\"application\/ld+json\" class=\"yoast-schema-graph\">{\"@context\":\"https:\/\/schema.org\",\"@graph\":[{\"@type\":\"WebPage\",\"@id\":\"https:\/\/meripelastus.fi\/inkoo\/fi\/toiminta\/tehtavat\/\",\"url\":\"https:\/\/meripelastus.fi\/inkoo\/fi\/toiminta\/tehtavat\/\",\"name\":\"Teht\u00e4v\u00e4t - Ing\u00e5 Sj\u00f6r\u00e4ddare\",\"isPartOf\":{\"@id\":\"https:\/\/meripelastus.fi\/inkoo\/#website\"},\"primaryImageOfPage\":{\"@id\":\"https:\/\/meripelastus.fi\/inkoo\/fi\/toiminta\/tehtavat\/#primaryimage\"},\"image\":{\"@id\":\"https:\/\/meripelastus.fi\/inkoo\/fi\/toiminta\/tehtavat\/#primaryimage\"},\"thumbnailUrl\":\"https:\/\/meripelastus.fi\/inkoo\/wp-content\/uploads\/sites\/29\/2022\/06\/IMG_0736-scaled.jpg\",\"datePublished\":\"2018-03-19T07:18:57+00:00\",\"dateModified\":\"2024-01-25T08:27:25+00:00\",\"breadcrumb\":{\"@id\":\"https:\/\/meripelastus.fi\/inkoo\/fi\/toiminta\/tehtavat\/#breadcrumb\"},\"inLanguage\":\"sv-SE\",\"potentialAction\":[{\"@type\":\"ReadAction\",\"target\":[\"https:\/\/meripelastus.fi\/inkoo\/fi\/toiminta\/tehtavat\/\"]}]},{\"@type\":\"ImageObject\",\"inLanguage\":\"sv-SE\",\"@id\":\"https:\/\/meripelastus.fi\/inkoo\/fi\/toiminta\/tehtavat\/#primaryimage\",\"url\":\"https:\/\/meripelastus.fi\/inkoo\/wp-content\/uploads\/sites\/29\/2022\/06\/IMG_0736-scaled.jpg\",\"contentUrl\":\"https:\/\/meripelastus.fi\/inkoo\/wp-content\/uploads\/sites\/29\/2022\/06\/IMG_0736-scaled.jpg\",\"width\":2560,\"height\":1920},{\"@type\":\"BreadcrumbList\",\"@id\":\"https:\/\/meripelastus.fi\/inkoo\/fi\/toiminta\/tehtavat\/#breadcrumb\",\"itemListElement\":[{\"@type\":\"ListItem\",\"position\":1,\"name\":\"Etusivu\",\"item\":\"https:\/\/meripelastus.fi\/inkoo\/\"},{\"@type\":\"ListItem\",\"position\":2,\"name\":\"Toiminta\",\"item\":\"https:\/\/meripelastus.fi\/inkoo\/fi\/toiminta\/\"},{\"@type\":\"ListItem\",\"position\":3,\"name\":\"Teht\u00e4v\u00e4t\"}]},{\"@type\":\"WebSite\",\"@id\":\"https:\/\/meripelastus.fi\/inkoo\/#website\",\"url\":\"https:\/\/meripelastus.fi\/inkoo\/\",\"name\":\"Ing\u00e5 Sj\u00f6r\u00e4ddare\",\"description\":\"Vapaaehtoiset apunasi vesill\u00e4\",\"potentialAction\":[{\"@type\":\"SearchAction\",\"target\":{\"@type\":\"EntryPoint\",\"urlTemplate\":\"https:\/\/meripelastus.fi\/inkoo\/?s={search_term_string}\"},\"query-input\":{\"@type\":\"PropertyValueSpecification\",\"valueRequired\":true,\"valueName\":\"search_term_string\"}}],\"inLanguage\":\"sv-SE\"}]}<\/script>\n<!-- \/ Yoast SEO Premium plugin. -->","yoast_head_json":{"title":"Teht\u00e4v\u00e4t - Ing\u00e5 Sj\u00f6r\u00e4ddare","robots":{"index":"index","follow":"follow","max-snippet":"max-snippet:-1","max-image-preview":"max-image-preview:large","max-video-preview":"max-video-preview:-1"},"canonical":"https:\/\/meripelastus.fi\/inkoo\/fi\/toiminta\/tehtavat\/","og_locale":"sv_SE","og_type":"article","og_title":"Teht\u00e4v\u00e4t","og_url":"https:\/\/meripelastus.fi\/inkoo\/fi\/toiminta\/tehtavat\/","og_site_name":"Ing\u00e5 Sj\u00f6r\u00e4ddare","article_modified_time":"2024-01-25T08:27:25+00:00","og_image":[{"width":2560,"height":1920,"url":"https:\/\/meripelastus.fi\/inkoo\/wp-content\/uploads\/sites\/29\/2022\/06\/IMG_0736-scaled.jpg","type":"image\/jpeg"}],"twitter_card":"summary_large_image","twitter_misc":{"Ber\u00e4knad l\u00e4stid":"1 minut"},"schema":{"@context":"https:\/\/schema.org","@graph":[{"@type":"WebPage","@id":"https:\/\/meripelastus.fi\/inkoo\/fi\/toiminta\/tehtavat\/","url":"https:\/\/meripelastus.fi\/inkoo\/fi\/toiminta\/tehtavat\/","name":"Teht\u00e4v\u00e4t - Ing\u00e5 Sj\u00f6r\u00e4ddare","isPartOf":{"@id":"https:\/\/meripelastus.fi\/inkoo\/#website"},"primaryImageOfPage":{"@id":"https:\/\/meripelastus.fi\/inkoo\/fi\/toiminta\/tehtavat\/#primaryimage"},"image":{"@id":"https:\/\/meripelastus.fi\/inkoo\/fi\/toiminta\/tehtavat\/#primaryimage"},"thumbnailUrl":"https:\/\/meripelastus.fi\/inkoo\/wp-content\/uploads\/sites\/29\/2022\/06\/IMG_0736-scaled.jpg","datePublished":"2018-03-19T07:18:57+00:00","dateModified":"2024-01-25T08:27:25+00:00","breadcrumb":{"@id":"https:\/\/meripelastus.fi\/inkoo\/fi\/toiminta\/tehtavat\/#breadcrumb"},"inLanguage":"sv-SE","potentialAction":[{"@type":"ReadAction","target":["https:\/\/meripelastus.fi\/inkoo\/fi\/toiminta\/tehtavat\/"]}]},{"@type":"ImageObject","inLanguage":"sv-SE","@id":"https:\/\/meripelastus.fi\/inkoo\/fi\/toiminta\/tehtavat\/#primaryimage","url":"https:\/\/meripelastus.fi\/inkoo\/wp-content\/uploads\/sites\/29\/2022\/06\/IMG_0736-scaled.jpg","contentUrl":"https:\/\/meripelastus.fi\/inkoo\/wp-content\/uploads\/sites\/29\/2022\/06\/IMG_0736-scaled.jpg","width":2560,"height":1920},{"@type":"BreadcrumbList","@id":"https:\/\/meripelastus.fi\/inkoo\/fi\/toiminta\/tehtavat\/#breadcrumb","itemListElement":[{"@type":"ListItem","position":1,"name":"Etusivu","item":"https:\/\/meripelastus.fi\/inkoo\/"},{"@type":"ListItem","position":2,"name":"Toiminta","item":"https:\/\/meripelastus.fi\/inkoo\/fi\/toiminta\/"},{"@type":"ListItem","position":3,"name":"Teht\u00e4v\u00e4t"}]},{"@type":"WebSite","@id":"https:\/\/meripelastus.fi\/inkoo\/#website","url":"https:\/\/meripelastus.fi\/inkoo\/","name":"Ing\u00e5 Sj\u00f6r\u00e4ddare","description":"Vapaaehtoiset apunasi vesill\u00e4","potentialAction":[{"@type":"SearchAction","target":{"@type":"EntryPoint","urlTemplate":"https:\/\/meripelastus.fi\/inkoo\/?s={search_term_string}"},"query-input":{"@type":"PropertyValueSpecification","valueRequired":true,"valueName":"search_term_string"}}],"inLanguage":"sv-SE"}]}},"_links":{"self":[{"href":"https:\/\/meripelastus.fi\/inkoo\/wp-json\/wp\/v2\/pages\/24","targetHints":{"allow":["GET"]}}],"collection":[{"href":"https:\/\/meripelastus.fi\/inkoo\/wp-json\/wp\/v2\/pages"}],"about":[{"href":"https:\/\/meripelastus.fi\/inkoo\/wp-json\/wp\/v2\/types\/page"}],"author":[{"embeddable":true,"href":"https:\/\/meripelastus.fi\/inkoo\/wp-json\/wp\/v2\/users\/1"}],"replies":[{"embeddable":true,"href":"https:\/\/meripelastus.fi\/inkoo\/wp-json\/wp\/v2\/comments?post=24"}],"version-history":[{"count":13,"href":"https:\/\/meripelastus.fi\/inkoo\/wp-json\/wp\/v2\/pages\/24\/revisions"}],"predecessor-version":[{"id":878,"href":"https:\/\/meripelastus.fi\/inkoo\/wp-json\/wp\/v2\/pages\/24\/revisions\/878"}],"up":[{"embeddable":true,"href":"https:\/\/meripelastus.fi\/inkoo\/wp-json\/wp\/v2\/pages\/20"}],"wp:featuredmedia":[{"embeddable":true,"href":"https:\/\/meripelastus.fi\/inkoo\/wp-json\/wp\/v2\/media\/392"}],"wp:attachment":[{"href":"https:\/\/meripelastus.fi\/inkoo\/wp-json\/wp\/v2\/media?parent=24"}],"curies":[{"name":"wp","href":"https:\/\/api.w.org\/{rel}","templated":true}]}}