{"id":221,"date":"2020-01-30T11:04:16","date_gmt":"2020-01-30T09:04:16","guid":{"rendered":"https:\/\/meripelastus.fi\/inkoo-vedos\/?page_id=221"},"modified":"2023-11-08T16:48:43","modified_gmt":"2023-11-08T14:48:43","slug":"alarmanvisning","status":"publish","type":"page","link":"https:\/\/meripelastus.fi\/inkoo\/verksamhet\/alarmanvisning\/","title":{"rendered":"Alarmanvisning"},"content":{"rendered":"\n<p>Sj\u00f6r\u00e4ddningens alarmnummer \u00e4r <strong>0294 1000<\/strong>,<br>eller VHF-kanal 16 \/ VHF-DSC 70.<br>Allm\u00e4nt n\u00f6dnummer \u00e4r <strong>112 <\/strong>i insj\u00f6omr\u00e5den.<\/p>\n\n\n\n<ul class=\"wp-block-list\">\n<li>Ber\u00e4tta (fartygets) namn och kontaktuppgifter.<\/li>\n\n\n\n<li>Ber\u00e4tta exakt var olyckan skett.<\/li>\n\n\n\n<li>Ber\u00e4tta vad som har h\u00e4nt.<\/li>\n\n\n\n<li>Hur m\u00e5nga m\u00e4nniskor \u00e4r i fara, finns det skadade?<\/li>\n\n\n\n<li>Ber\u00e4tta hurudan hj\u00e4lp det beh\u00f6vs<\/li>\n\n\n\n<li>Avbryt inte kontakten f\u00f6rr\u00e4n du f\u00e5tt lov.<\/li>\n<\/ul>\n\n\n\n<p><strong>Trossen assistans 0800 30 22 30 (1.5.-31.10.)<\/strong><\/p>\n\n\n\n<p>Ring Trossen-tj\u00e4nstnumret exempelvis i f\u00f6ljande problemsituationer:<\/p>\n\n\n\n<ul class=\"wp-block-list\">\n<li>B\u00e5ten ligger vid kaj eller p\u00e5 annat tryggt st\u00e4lle men startar inte f\u00f6r att:\n<ul class=\"wp-block-list\">\n<li>br\u00e4nslet \u00e4r slut<\/li>\n\n\n\n<li>batteriet \u00e4r tomt<\/li>\n\n\n\n<li>n\u00e5gon del eller anordning har g\u00e5tt s\u00f6nder<\/li>\n\n\n\n<li>en lina har trasslat in sig i propellern eller ankaret fastnat i bottnen.<\/li>\n<\/ul>\n<\/li>\n\n\n\n<li>B\u00e5ten ligger f\u00f6r ankar p\u00e5 ett tryggt st\u00e4lle och v\u00e4dret \u00e4r gynnsamt men b\u00e5ten startar inte efter \u00f6vernattning eller simpaus.<\/li>\n\n\n\n<li>F\u00e4rden har pl\u00f6tsligt avbrutits p.g.a. att n\u00e5gon anordning g\u00e5tt s\u00f6nder eller br\u00e4nslet tagit slut, men ni har lyckats ankra tryggt och det r\u00e5der igen annan fara heller.<\/li>\n\n\n\n<li>B\u00e5ten r\u00f6r sig men beh\u00f6ver senare, vid \u00f6verenskommen tidpunkt, hj\u00e4lp exempelvis med att l\u00e4gga i land.<\/li>\n<\/ul>\n\n\n\n<p>OBS! Om du \u00e4r os\u00e4ker p\u00e5 om det \u00e4r fr\u00e5ga om ett icke-br\u00e5dskande hj\u00e4lpuppdrag eller en n\u00f6dsituation, ring sj\u00f6r\u00e4ddningens alarmnummer 0294 1000 eller det allm\u00e4nna n\u00f6dnumret 112.<\/p>\n\n\n\n<p>Dejourerande bef\u00e4lhavare p\u00e5 r\u00e4ddningb\u00e5ten Thure Gall\u00e9n n\u00e5s via <strong>050 310 2000<\/strong>.<\/p>\n","protected":false},"excerpt":{"rendered":"<p>Sj\u00f6r\u00e4ddningens alarmnummer \u00e4r 0294 1000,eller VHF-kanal 16 \/ VHF-DSC 70.Allm\u00e4nt n\u00f6dnummer \u00e4r 112 i insj\u00f6omr\u00e5den. Trossen assistans 0800 30 22 30 (1.5.-31.10.) Ring Trossen-tj\u00e4nstnumret exempelvis i f\u00f6ljande problemsituationer: OBS! Om du \u00e4r os\u00e4ker p\u00e5 om det \u00e4r fr\u00e5ga om ett icke-br\u00e5dskande hj\u00e4lpuppdrag eller en n\u00f6dsituation, ring sj\u00f6r\u00e4ddningens alarmnummer 0294 1000 eller det allm\u00e4nna n\u00f6dnumret 112. [&hellip;]<\/p>\n","protected":false},"author":1,"featured_media":627,"parent":198,"menu_order":0,"comment_status":"closed","ping_status":"closed","template":"","meta":{"_acf_changed":false,"inline_featured_image":false,"footnotes":""},"class_list":["post-221","page","type-page","status-publish","has-post-thumbnail","hentry"],"acf":[],"yoast_head":"<!-- This site is optimized with the Yoast SEO Premium plugin v27.2 (Yoast SEO v27.2) - https:\/\/yoast.com\/product\/yoast-seo-premium-wordpress\/ -->\n<title>Alarmanvisning - Ing\u00e5 Sj\u00f6r\u00e4ddare<\/title>\n<meta name=\"robots\" content=\"index, follow, max-snippet:-1, max-image-preview:large, max-video-preview:-1\" \/>\n<link rel=\"canonical\" href=\"https:\/\/meripelastus.fi\/inkoo\/verksamhet\/alarmanvisning\/\" \/>\n<meta property=\"og:locale\" content=\"sv_SE\" \/>\n<meta property=\"og:type\" content=\"article\" \/>\n<meta property=\"og:title\" content=\"Alarmanvisning\" \/>\n<meta property=\"og:description\" content=\"Sj\u00f6r\u00e4ddningens alarmnummer \u00e4r 0294 1000,eller VHF-kanal 16 \/ VHF-DSC 70.Allm\u00e4nt n\u00f6dnummer \u00e4r 112 i insj\u00f6omr\u00e5den. Trossen assistans 0800 30 22 30 (1.5.-31.10.) Ring Trossen-tj\u00e4nstnumret exempelvis i f\u00f6ljande problemsituationer: OBS! Om du \u00e4r os\u00e4ker p\u00e5 om det \u00e4r fr\u00e5ga om ett icke-br\u00e5dskande hj\u00e4lpuppdrag eller en n\u00f6dsituation, ring sj\u00f6r\u00e4ddningens alarmnummer 0294 1000 eller det allm\u00e4nna n\u00f6dnumret 112. [&hellip;]\" \/>\n<meta property=\"og:url\" content=\"https:\/\/meripelastus.fi\/inkoo\/verksamhet\/alarmanvisning\/\" \/>\n<meta property=\"og:site_name\" content=\"Ing\u00e5 Sj\u00f6r\u00e4ddare\" \/>\n<meta property=\"article:modified_time\" content=\"2023-11-08T14:48:43+00:00\" \/>\n<meta property=\"og:image\" content=\"https:\/\/meripelastus.fi\/inkoo\/wp-content\/uploads\/sites\/29\/2022\/06\/Avunpyynnot_2.png\" \/>\n\t<meta property=\"og:image:width\" content=\"1900\" \/>\n\t<meta property=\"og:image:height\" content=\"544\" \/>\n\t<meta property=\"og:image:type\" content=\"image\/png\" \/>\n<meta name=\"twitter:card\" content=\"summary_large_image\" \/>\n<meta name=\"twitter:label1\" content=\"Ber\u00e4knad l\u00e4stid\" \/>\n\t<meta name=\"twitter:data1\" content=\"2 minuter\" \/>\n<script type=\"application\/ld+json\" class=\"yoast-schema-graph\">{\"@context\":\"https:\/\/schema.org\",\"@graph\":[{\"@type\":\"WebPage\",\"@id\":\"https:\/\/meripelastus.fi\/inkoo\/verksamhet\/alarmanvisning\/\",\"url\":\"https:\/\/meripelastus.fi\/inkoo\/verksamhet\/alarmanvisning\/\",\"name\":\"Alarmanvisning - Ing\u00e5 Sj\u00f6r\u00e4ddare\",\"isPartOf\":{\"@id\":\"https:\/\/meripelastus.fi\/inkoo\/#website\"},\"primaryImageOfPage\":{\"@id\":\"https:\/\/meripelastus.fi\/inkoo\/verksamhet\/alarmanvisning\/#primaryimage\"},\"image\":{\"@id\":\"https:\/\/meripelastus.fi\/inkoo\/verksamhet\/alarmanvisning\/#primaryimage\"},\"thumbnailUrl\":\"https:\/\/meripelastus.fi\/inkoo\/wp-content\/uploads\/sites\/29\/2022\/06\/Avunpyynnot_2.png\",\"datePublished\":\"2020-01-30T09:04:16+00:00\",\"dateModified\":\"2023-11-08T14:48:43+00:00\",\"breadcrumb\":{\"@id\":\"https:\/\/meripelastus.fi\/inkoo\/verksamhet\/alarmanvisning\/#breadcrumb\"},\"inLanguage\":\"sv-SE\",\"potentialAction\":[{\"@type\":\"ReadAction\",\"target\":[\"https:\/\/meripelastus.fi\/inkoo\/verksamhet\/alarmanvisning\/\"]}]},{\"@type\":\"ImageObject\",\"inLanguage\":\"sv-SE\",\"@id\":\"https:\/\/meripelastus.fi\/inkoo\/verksamhet\/alarmanvisning\/#primaryimage\",\"url\":\"https:\/\/meripelastus.fi\/inkoo\/wp-content\/uploads\/sites\/29\/2022\/06\/Avunpyynnot_2.png\",\"contentUrl\":\"https:\/\/meripelastus.fi\/inkoo\/wp-content\/uploads\/sites\/29\/2022\/06\/Avunpyynnot_2.png\",\"width\":1900,\"height\":544},{\"@type\":\"BreadcrumbList\",\"@id\":\"https:\/\/meripelastus.fi\/inkoo\/verksamhet\/alarmanvisning\/#breadcrumb\",\"itemListElement\":[{\"@type\":\"ListItem\",\"position\":1,\"name\":\"Etusivu\",\"item\":\"https:\/\/meripelastus.fi\/inkoo\/\"},{\"@type\":\"ListItem\",\"position\":2,\"name\":\"Verksamhet\",\"item\":\"https:\/\/meripelastus.fi\/inkoo\/verksamhet\/\"},{\"@type\":\"ListItem\",\"position\":3,\"name\":\"Alarmanvisning\"}]},{\"@type\":\"WebSite\",\"@id\":\"https:\/\/meripelastus.fi\/inkoo\/#website\",\"url\":\"https:\/\/meripelastus.fi\/inkoo\/\",\"name\":\"Ing\u00e5 Sj\u00f6r\u00e4ddare\",\"description\":\"Vapaaehtoiset apunasi vesill\u00e4\",\"potentialAction\":[{\"@type\":\"SearchAction\",\"target\":{\"@type\":\"EntryPoint\",\"urlTemplate\":\"https:\/\/meripelastus.fi\/inkoo\/?s={search_term_string}\"},\"query-input\":{\"@type\":\"PropertyValueSpecification\",\"valueRequired\":true,\"valueName\":\"search_term_string\"}}],\"inLanguage\":\"sv-SE\"}]}<\/script>\n<!-- \/ Yoast SEO Premium plugin. -->","yoast_head_json":{"title":"Alarmanvisning - Ing\u00e5 Sj\u00f6r\u00e4ddare","robots":{"index":"index","follow":"follow","max-snippet":"max-snippet:-1","max-image-preview":"max-image-preview:large","max-video-preview":"max-video-preview:-1"},"canonical":"https:\/\/meripelastus.fi\/inkoo\/verksamhet\/alarmanvisning\/","og_locale":"sv_SE","og_type":"article","og_title":"Alarmanvisning","og_description":"Sj\u00f6r\u00e4ddningens alarmnummer \u00e4r 0294 1000,eller VHF-kanal 16 \/ VHF-DSC 70.Allm\u00e4nt n\u00f6dnummer \u00e4r 112 i insj\u00f6omr\u00e5den. Trossen assistans 0800 30 22 30 (1.5.-31.10.) Ring Trossen-tj\u00e4nstnumret exempelvis i f\u00f6ljande problemsituationer: OBS! Om du \u00e4r os\u00e4ker p\u00e5 om det \u00e4r fr\u00e5ga om ett icke-br\u00e5dskande hj\u00e4lpuppdrag eller en n\u00f6dsituation, ring sj\u00f6r\u00e4ddningens alarmnummer 0294 1000 eller det allm\u00e4nna n\u00f6dnumret 112. [&hellip;]","og_url":"https:\/\/meripelastus.fi\/inkoo\/verksamhet\/alarmanvisning\/","og_site_name":"Ing\u00e5 Sj\u00f6r\u00e4ddare","article_modified_time":"2023-11-08T14:48:43+00:00","og_image":[{"width":1900,"height":544,"url":"https:\/\/meripelastus.fi\/inkoo\/wp-content\/uploads\/sites\/29\/2022\/06\/Avunpyynnot_2.png","type":"image\/png"}],"twitter_card":"summary_large_image","twitter_misc":{"Ber\u00e4knad l\u00e4stid":"2 minuter"},"schema":{"@context":"https:\/\/schema.org","@graph":[{"@type":"WebPage","@id":"https:\/\/meripelastus.fi\/inkoo\/verksamhet\/alarmanvisning\/","url":"https:\/\/meripelastus.fi\/inkoo\/verksamhet\/alarmanvisning\/","name":"Alarmanvisning - Ing\u00e5 Sj\u00f6r\u00e4ddare","isPartOf":{"@id":"https:\/\/meripelastus.fi\/inkoo\/#website"},"primaryImageOfPage":{"@id":"https:\/\/meripelastus.fi\/inkoo\/verksamhet\/alarmanvisning\/#primaryimage"},"image":{"@id":"https:\/\/meripelastus.fi\/inkoo\/verksamhet\/alarmanvisning\/#primaryimage"},"thumbnailUrl":"https:\/\/meripelastus.fi\/inkoo\/wp-content\/uploads\/sites\/29\/2022\/06\/Avunpyynnot_2.png","datePublished":"2020-01-30T09:04:16+00:00","dateModified":"2023-11-08T14:48:43+00:00","breadcrumb":{"@id":"https:\/\/meripelastus.fi\/inkoo\/verksamhet\/alarmanvisning\/#breadcrumb"},"inLanguage":"sv-SE","potentialAction":[{"@type":"ReadAction","target":["https:\/\/meripelastus.fi\/inkoo\/verksamhet\/alarmanvisning\/"]}]},{"@type":"ImageObject","inLanguage":"sv-SE","@id":"https:\/\/meripelastus.fi\/inkoo\/verksamhet\/alarmanvisning\/#primaryimage","url":"https:\/\/meripelastus.fi\/inkoo\/wp-content\/uploads\/sites\/29\/2022\/06\/Avunpyynnot_2.png","contentUrl":"https:\/\/meripelastus.fi\/inkoo\/wp-content\/uploads\/sites\/29\/2022\/06\/Avunpyynnot_2.png","width":1900,"height":544},{"@type":"BreadcrumbList","@id":"https:\/\/meripelastus.fi\/inkoo\/verksamhet\/alarmanvisning\/#breadcrumb","itemListElement":[{"@type":"ListItem","position":1,"name":"Etusivu","item":"https:\/\/meripelastus.fi\/inkoo\/"},{"@type":"ListItem","position":2,"name":"Verksamhet","item":"https:\/\/meripelastus.fi\/inkoo\/verksamhet\/"},{"@type":"ListItem","position":3,"name":"Alarmanvisning"}]},{"@type":"WebSite","@id":"https:\/\/meripelastus.fi\/inkoo\/#website","url":"https:\/\/meripelastus.fi\/inkoo\/","name":"Ing\u00e5 Sj\u00f6r\u00e4ddare","description":"Vapaaehtoiset apunasi vesill\u00e4","potentialAction":[{"@type":"SearchAction","target":{"@type":"EntryPoint","urlTemplate":"https:\/\/meripelastus.fi\/inkoo\/?s={search_term_string}"},"query-input":{"@type":"PropertyValueSpecification","valueRequired":true,"valueName":"search_term_string"}}],"inLanguage":"sv-SE"}]}},"_links":{"self":[{"href":"https:\/\/meripelastus.fi\/inkoo\/wp-json\/wp\/v2\/pages\/221","targetHints":{"allow":["GET"]}}],"collection":[{"href":"https:\/\/meripelastus.fi\/inkoo\/wp-json\/wp\/v2\/pages"}],"about":[{"href":"https:\/\/meripelastus.fi\/inkoo\/wp-json\/wp\/v2\/types\/page"}],"author":[{"embeddable":true,"href":"https:\/\/meripelastus.fi\/inkoo\/wp-json\/wp\/v2\/users\/1"}],"replies":[{"embeddable":true,"href":"https:\/\/meripelastus.fi\/inkoo\/wp-json\/wp\/v2\/comments?post=221"}],"version-history":[{"count":9,"href":"https:\/\/meripelastus.fi\/inkoo\/wp-json\/wp\/v2\/pages\/221\/revisions"}],"predecessor-version":[{"id":718,"href":"https:\/\/meripelastus.fi\/inkoo\/wp-json\/wp\/v2\/pages\/221\/revisions\/718"}],"up":[{"embeddable":true,"href":"https:\/\/meripelastus.fi\/inkoo\/wp-json\/wp\/v2\/pages\/198"}],"wp:featuredmedia":[{"embeddable":true,"href":"https:\/\/meripelastus.fi\/inkoo\/wp-json\/wp\/v2\/media\/627"}],"wp:attachment":[{"href":"https:\/\/meripelastus.fi\/inkoo\/wp-json\/wp\/v2\/media?parent=221"}],"curies":[{"name":"wp","href":"https:\/\/api.w.org\/{rel}","templated":true}]}}