{"id":22,"date":"2018-03-19T09:18:43","date_gmt":"2018-03-19T07:18:43","guid":{"rendered":"http:\/\/basetemplate.smpsyhdistykset.16.testivedos.com\/?page_id=22"},"modified":"2023-11-08T17:02:32","modified_gmt":"2023-11-08T15:02:32","slug":"halytysohje","status":"publish","type":"page","link":"https:\/\/meripelastus.fi\/inkoo\/fi\/toiminta\/halytysohje\/","title":{"rendered":"H\u00e4lytysohje &#8211; N\u00e4in h\u00e4lytat apua"},"content":{"rendered":"\n<p>Merell\u00e4 meripelastuksen h\u00e4lytysnumero on <strong>0294 1000<\/strong>,<br>tai VHF-kanava 16 \/ VHF-DSC 70.<br>Sis\u00e4vesill\u00e4 yleinen h\u00e4t\u00e4numero on <strong>112<\/strong>.<\/p>\n\n\n\n<p><strong>H\u00e4t\u00e4- tai vaaratilanteessa ilmoita:<\/strong><\/p>\n\n\n\n<ul class=\"wp-block-list\">\n<li>nimesi (aluksesi nimi) ja yhteysmahdollisuudet<\/li>\n\n\n\n<li>tapahtumapaikka mahdollisimman tarkasti<\/li>\n\n\n\n<li>mit\u00e4 on tapahtunut<\/li>\n\n\n\n<li>onko loukkaantuneita tai ihmishenki\u00e4 vaarassa<\/li>\n\n\n\n<li>mit\u00e4 apua tarvitaan<\/li>\n\n\n\n<li>\u00c4L\u00c4 KATKAISE YHTEYTT\u00c4 ennen kuin saat luvan.<\/li>\n<\/ul>\n\n\n\n<p>Kiireett\u00f6m\u00e4t Trossi-palvelupyynn\u00f6t numerosta <strong>0800 30 22 30<\/strong> (1.5.-31.10.).<\/p>\n\n\n\n<p>Inkoon pelastusveneen Thure Gall\u00e9nin p\u00e4ivyst\u00e4v\u00e4n p\u00e4\u00e4llik\u00f6n tavoittaa numerosta <strong>050 310 2000<\/strong>.<\/p>\n","protected":false},"excerpt":{"rendered":"<p>Merell\u00e4 meripelastuksen h\u00e4lytysnumero on 0294 1000,tai VHF-kanava 16 \/ VHF-DSC 70.Sis\u00e4vesill\u00e4 yleinen h\u00e4t\u00e4numero on 112. H\u00e4t\u00e4- tai vaaratilanteessa ilmoita: Kiireett\u00f6m\u00e4t Trossi-palvelupyynn\u00f6t numerosta 0800 30 22 30 (1.5.-31.10.). Inkoon pelastusveneen Thure Gall\u00e9nin p\u00e4ivyst\u00e4v\u00e4n p\u00e4\u00e4llik\u00f6n tavoittaa numerosta 050 310 2000.<\/p>\n","protected":false},"author":1,"featured_media":626,"parent":20,"menu_order":0,"comment_status":"closed","ping_status":"closed","template":"","meta":{"_acf_changed":false,"inline_featured_image":false,"footnotes":""},"class_list":["post-22","page","type-page","status-publish","has-post-thumbnail","hentry"],"acf":[],"yoast_head":"<!-- This site is optimized with the Yoast SEO Premium plugin v27.2 (Yoast SEO v27.2) - https:\/\/yoast.com\/product\/yoast-seo-premium-wordpress\/ -->\n<title>H\u00e4lytysohje - N\u00e4in h\u00e4lytat apua - Ing\u00e5 Sj\u00f6r\u00e4ddare<\/title>\n<meta name=\"robots\" content=\"index, follow, max-snippet:-1, max-image-preview:large, max-video-preview:-1\" \/>\n<link rel=\"canonical\" href=\"https:\/\/meripelastus.fi\/inkoo\/fi\/toiminta\/halytysohje\/\" \/>\n<meta property=\"og:locale\" content=\"sv_SE\" \/>\n<meta property=\"og:type\" content=\"article\" \/>\n<meta property=\"og:title\" content=\"H\u00e4lytysohje - N\u00e4in h\u00e4lytat apua\" \/>\n<meta property=\"og:description\" content=\"Merell\u00e4 meripelastuksen h\u00e4lytysnumero on 0294 1000,tai VHF-kanava 16 \/ VHF-DSC 70.Sis\u00e4vesill\u00e4 yleinen h\u00e4t\u00e4numero on 112. H\u00e4t\u00e4- tai vaaratilanteessa ilmoita: Kiireett\u00f6m\u00e4t Trossi-palvelupyynn\u00f6t numerosta 0800 30 22 30 (1.5.-31.10.). Inkoon pelastusveneen Thure Gall\u00e9nin p\u00e4ivyst\u00e4v\u00e4n p\u00e4\u00e4llik\u00f6n tavoittaa numerosta 050 310 2000.\" \/>\n<meta property=\"og:url\" content=\"https:\/\/meripelastus.fi\/inkoo\/fi\/toiminta\/halytysohje\/\" \/>\n<meta property=\"og:site_name\" content=\"Ing\u00e5 Sj\u00f6r\u00e4ddare\" \/>\n<meta property=\"article:modified_time\" content=\"2023-11-08T15:02:32+00:00\" \/>\n<meta property=\"og:image\" content=\"https:\/\/meripelastus.fi\/inkoo\/wp-content\/uploads\/sites\/29\/2022\/06\/Avunpyynnot_2.png\" \/>\n\t<meta property=\"og:image:width\" content=\"1900\" \/>\n\t<meta property=\"og:image:height\" content=\"544\" \/>\n\t<meta property=\"og:image:type\" content=\"image\/png\" \/>\n<meta name=\"twitter:card\" content=\"summary_large_image\" \/>\n<meta name=\"twitter:label1\" content=\"Ber\u00e4knad l\u00e4stid\" \/>\n\t<meta name=\"twitter:data1\" content=\"1 minut\" \/>\n<script type=\"application\/ld+json\" class=\"yoast-schema-graph\">{\"@context\":\"https:\/\/schema.org\",\"@graph\":[{\"@type\":\"WebPage\",\"@id\":\"https:\/\/meripelastus.fi\/inkoo\/fi\/toiminta\/halytysohje\/\",\"url\":\"https:\/\/meripelastus.fi\/inkoo\/fi\/toiminta\/halytysohje\/\",\"name\":\"H\u00e4lytysohje - N\u00e4in h\u00e4lytat apua - Ing\u00e5 Sj\u00f6r\u00e4ddare\",\"isPartOf\":{\"@id\":\"https:\/\/meripelastus.fi\/inkoo\/#website\"},\"primaryImageOfPage\":{\"@id\":\"https:\/\/meripelastus.fi\/inkoo\/fi\/toiminta\/halytysohje\/#primaryimage\"},\"image\":{\"@id\":\"https:\/\/meripelastus.fi\/inkoo\/fi\/toiminta\/halytysohje\/#primaryimage\"},\"thumbnailUrl\":\"https:\/\/meripelastus.fi\/inkoo\/wp-content\/uploads\/sites\/29\/2022\/06\/Avunpyynnot_2.png\",\"datePublished\":\"2018-03-19T07:18:43+00:00\",\"dateModified\":\"2023-11-08T15:02:32+00:00\",\"breadcrumb\":{\"@id\":\"https:\/\/meripelastus.fi\/inkoo\/fi\/toiminta\/halytysohje\/#breadcrumb\"},\"inLanguage\":\"sv-SE\",\"potentialAction\":[{\"@type\":\"ReadAction\",\"target\":[\"https:\/\/meripelastus.fi\/inkoo\/fi\/toiminta\/halytysohje\/\"]}]},{\"@type\":\"ImageObject\",\"inLanguage\":\"sv-SE\",\"@id\":\"https:\/\/meripelastus.fi\/inkoo\/fi\/toiminta\/halytysohje\/#primaryimage\",\"url\":\"https:\/\/meripelastus.fi\/inkoo\/wp-content\/uploads\/sites\/29\/2022\/06\/Avunpyynnot_2.png\",\"contentUrl\":\"https:\/\/meripelastus.fi\/inkoo\/wp-content\/uploads\/sites\/29\/2022\/06\/Avunpyynnot_2.png\",\"width\":1900,\"height\":544},{\"@type\":\"BreadcrumbList\",\"@id\":\"https:\/\/meripelastus.fi\/inkoo\/fi\/toiminta\/halytysohje\/#breadcrumb\",\"itemListElement\":[{\"@type\":\"ListItem\",\"position\":1,\"name\":\"Etusivu\",\"item\":\"https:\/\/meripelastus.fi\/inkoo\/\"},{\"@type\":\"ListItem\",\"position\":2,\"name\":\"Toiminta\",\"item\":\"https:\/\/meripelastus.fi\/inkoo\/fi\/toiminta\/\"},{\"@type\":\"ListItem\",\"position\":3,\"name\":\"H\u00e4lytysohje &#8211; N\u00e4in h\u00e4lytat apua\"}]},{\"@type\":\"WebSite\",\"@id\":\"https:\/\/meripelastus.fi\/inkoo\/#website\",\"url\":\"https:\/\/meripelastus.fi\/inkoo\/\",\"name\":\"Ing\u00e5 Sj\u00f6r\u00e4ddare\",\"description\":\"Vapaaehtoiset apunasi vesill\u00e4\",\"potentialAction\":[{\"@type\":\"SearchAction\",\"target\":{\"@type\":\"EntryPoint\",\"urlTemplate\":\"https:\/\/meripelastus.fi\/inkoo\/?s={search_term_string}\"},\"query-input\":{\"@type\":\"PropertyValueSpecification\",\"valueRequired\":true,\"valueName\":\"search_term_string\"}}],\"inLanguage\":\"sv-SE\"}]}<\/script>\n<!-- \/ Yoast SEO Premium plugin. -->","yoast_head_json":{"title":"H\u00e4lytysohje - N\u00e4in h\u00e4lytat apua - Ing\u00e5 Sj\u00f6r\u00e4ddare","robots":{"index":"index","follow":"follow","max-snippet":"max-snippet:-1","max-image-preview":"max-image-preview:large","max-video-preview":"max-video-preview:-1"},"canonical":"https:\/\/meripelastus.fi\/inkoo\/fi\/toiminta\/halytysohje\/","og_locale":"sv_SE","og_type":"article","og_title":"H\u00e4lytysohje - N\u00e4in h\u00e4lytat apua","og_description":"Merell\u00e4 meripelastuksen h\u00e4lytysnumero on 0294 1000,tai VHF-kanava 16 \/ VHF-DSC 70.Sis\u00e4vesill\u00e4 yleinen h\u00e4t\u00e4numero on 112. H\u00e4t\u00e4- tai vaaratilanteessa ilmoita: Kiireett\u00f6m\u00e4t Trossi-palvelupyynn\u00f6t numerosta 0800 30 22 30 (1.5.-31.10.). Inkoon pelastusveneen Thure Gall\u00e9nin p\u00e4ivyst\u00e4v\u00e4n p\u00e4\u00e4llik\u00f6n tavoittaa numerosta 050 310 2000.","og_url":"https:\/\/meripelastus.fi\/inkoo\/fi\/toiminta\/halytysohje\/","og_site_name":"Ing\u00e5 Sj\u00f6r\u00e4ddare","article_modified_time":"2023-11-08T15:02:32+00:00","og_image":[{"width":1900,"height":544,"url":"https:\/\/meripelastus.fi\/inkoo\/wp-content\/uploads\/sites\/29\/2022\/06\/Avunpyynnot_2.png","type":"image\/png"}],"twitter_card":"summary_large_image","twitter_misc":{"Ber\u00e4knad l\u00e4stid":"1 minut"},"schema":{"@context":"https:\/\/schema.org","@graph":[{"@type":"WebPage","@id":"https:\/\/meripelastus.fi\/inkoo\/fi\/toiminta\/halytysohje\/","url":"https:\/\/meripelastus.fi\/inkoo\/fi\/toiminta\/halytysohje\/","name":"H\u00e4lytysohje - N\u00e4in h\u00e4lytat apua - Ing\u00e5 Sj\u00f6r\u00e4ddare","isPartOf":{"@id":"https:\/\/meripelastus.fi\/inkoo\/#website"},"primaryImageOfPage":{"@id":"https:\/\/meripelastus.fi\/inkoo\/fi\/toiminta\/halytysohje\/#primaryimage"},"image":{"@id":"https:\/\/meripelastus.fi\/inkoo\/fi\/toiminta\/halytysohje\/#primaryimage"},"thumbnailUrl":"https:\/\/meripelastus.fi\/inkoo\/wp-content\/uploads\/sites\/29\/2022\/06\/Avunpyynnot_2.png","datePublished":"2018-03-19T07:18:43+00:00","dateModified":"2023-11-08T15:02:32+00:00","breadcrumb":{"@id":"https:\/\/meripelastus.fi\/inkoo\/fi\/toiminta\/halytysohje\/#breadcrumb"},"inLanguage":"sv-SE","potentialAction":[{"@type":"ReadAction","target":["https:\/\/meripelastus.fi\/inkoo\/fi\/toiminta\/halytysohje\/"]}]},{"@type":"ImageObject","inLanguage":"sv-SE","@id":"https:\/\/meripelastus.fi\/inkoo\/fi\/toiminta\/halytysohje\/#primaryimage","url":"https:\/\/meripelastus.fi\/inkoo\/wp-content\/uploads\/sites\/29\/2022\/06\/Avunpyynnot_2.png","contentUrl":"https:\/\/meripelastus.fi\/inkoo\/wp-content\/uploads\/sites\/29\/2022\/06\/Avunpyynnot_2.png","width":1900,"height":544},{"@type":"BreadcrumbList","@id":"https:\/\/meripelastus.fi\/inkoo\/fi\/toiminta\/halytysohje\/#breadcrumb","itemListElement":[{"@type":"ListItem","position":1,"name":"Etusivu","item":"https:\/\/meripelastus.fi\/inkoo\/"},{"@type":"ListItem","position":2,"name":"Toiminta","item":"https:\/\/meripelastus.fi\/inkoo\/fi\/toiminta\/"},{"@type":"ListItem","position":3,"name":"H\u00e4lytysohje &#8211; N\u00e4in h\u00e4lytat apua"}]},{"@type":"WebSite","@id":"https:\/\/meripelastus.fi\/inkoo\/#website","url":"https:\/\/meripelastus.fi\/inkoo\/","name":"Ing\u00e5 Sj\u00f6r\u00e4ddare","description":"Vapaaehtoiset apunasi vesill\u00e4","potentialAction":[{"@type":"SearchAction","target":{"@type":"EntryPoint","urlTemplate":"https:\/\/meripelastus.fi\/inkoo\/?s={search_term_string}"},"query-input":{"@type":"PropertyValueSpecification","valueRequired":true,"valueName":"search_term_string"}}],"inLanguage":"sv-SE"}]}},"_links":{"self":[{"href":"https:\/\/meripelastus.fi\/inkoo\/wp-json\/wp\/v2\/pages\/22","targetHints":{"allow":["GET"]}}],"collection":[{"href":"https:\/\/meripelastus.fi\/inkoo\/wp-json\/wp\/v2\/pages"}],"about":[{"href":"https:\/\/meripelastus.fi\/inkoo\/wp-json\/wp\/v2\/types\/page"}],"author":[{"embeddable":true,"href":"https:\/\/meripelastus.fi\/inkoo\/wp-json\/wp\/v2\/users\/1"}],"replies":[{"embeddable":true,"href":"https:\/\/meripelastus.fi\/inkoo\/wp-json\/wp\/v2\/comments?post=22"}],"version-history":[{"count":8,"href":"https:\/\/meripelastus.fi\/inkoo\/wp-json\/wp\/v2\/pages\/22\/revisions"}],"predecessor-version":[{"id":740,"href":"https:\/\/meripelastus.fi\/inkoo\/wp-json\/wp\/v2\/pages\/22\/revisions\/740"}],"up":[{"embeddable":true,"href":"https:\/\/meripelastus.fi\/inkoo\/wp-json\/wp\/v2\/pages\/20"}],"wp:featuredmedia":[{"embeddable":true,"href":"https:\/\/meripelastus.fi\/inkoo\/wp-json\/wp\/v2\/media\/626"}],"wp:attachment":[{"href":"https:\/\/meripelastus.fi\/inkoo\/wp-json\/wp\/v2\/media?parent=22"}],"curies":[{"name":"wp","href":"https:\/\/api.w.org\/{rel}","templated":true}]}}