{"id":204,"date":"2020-01-30T10:49:32","date_gmt":"2020-01-30T08:49:32","guid":{"rendered":"https:\/\/meripelastus.fi\/inkoo-vedos\/?page_id=204"},"modified":"2024-03-01T17:34:18","modified_gmt":"2024-03-01T15:34:18","slug":"sjoraddningsbaten","status":"publish","type":"page","link":"https:\/\/meripelastus.fi\/inkoo\/verksamhet\/sjoraddningsbaten\/","title":{"rendered":"Sj\u00f6r\u00e4ddningsb\u00e5ten"},"content":{"rendered":"\n<div class=\"wp-block-columns is-layout-flex wp-container-core-columns-is-layout-9d6595d7 wp-block-columns-is-layout-flex\">\n<div class=\"wp-block-column is-layout-flow wp-block-column-is-layout-flow\">\n<h2 class=\"wp-block-heading\">PV Thure Gall\u00e9n<\/h2>\n\n\n\n<ul class=\"wp-block-list\">\n<li>Modell: Kewatec Patrol 1000 OB<\/li>\n\n\n\n<li>B\u00e5tvarv: Oy Kewatec Aluboat Ab<\/li>\n\n\n\n<li>Bygg\u00e5r: 2022<\/li>\n\n\n\n<li>Material: aluminium<\/li>\n\n\n\n<li>L\u00e4ngd:&nbsp; 10.01 m<\/li>\n\n\n\n<li>Bredd:&nbsp; 3.21 m<\/li>\n\n\n\n<li>H\u00f6jd \u00f6ver vattenlinje:&nbsp; 3.5 m<\/li>\n\n\n\n<li>Djupg\u00e5ende: 0.9 m<\/li>\n\n\n\n<li>Vikt:&nbsp; 5.85t<\/li>\n\n\n\n<li>Maskiner: Mercury Sea Pro 300<\/li>\n\n\n\n<li>Effekt: 442 kW &#8211; 600 hk<\/li>\n\n\n\n<li>Kraftlinje: utombordare<\/li>\n\n\n\n<li>Toppfart: 41 kn<\/li>\n\n\n\n<li>Marschfart: 32 kn<\/li>\n\n\n\n<li>Bes\u00e4ttning: 2 pers.<\/li>\n<\/ul>\n<\/div>\n\n\n\n<div class=\"wp-block-column is-layout-flow wp-block-column-is-layout-flow\">\n<figure class=\"wp-block-image size-large\"><a href=\"https:\/\/meripelastus.fi\/inkoo\/wp-content\/uploads\/sites\/29\/2024\/03\/web-15-1.jpg\"><img loading=\"lazy\" decoding=\"async\" width=\"1024\" height=\"683\" src=\"https:\/\/meripelastus.fi\/inkoo\/wp-content\/uploads\/sites\/29\/2024\/03\/web-15-1-1024x683.jpg\" alt=\"\" class=\"wp-image-902\" srcset=\"https:\/\/meripelastus.fi\/inkoo\/wp-content\/uploads\/sites\/29\/2024\/03\/web-15-1-1024x683.jpg 1024w, https:\/\/meripelastus.fi\/inkoo\/wp-content\/uploads\/sites\/29\/2024\/03\/web-15-1-300x200.jpg 300w, https:\/\/meripelastus.fi\/inkoo\/wp-content\/uploads\/sites\/29\/2024\/03\/web-15-1-768x512.jpg 768w, https:\/\/meripelastus.fi\/inkoo\/wp-content\/uploads\/sites\/29\/2024\/03\/web-15-1-1536x1024.jpg 1536w, https:\/\/meripelastus.fi\/inkoo\/wp-content\/uploads\/sites\/29\/2024\/03\/web-15-1.jpg 1600w\" sizes=\"auto, (max-width: 1024px) 100vw, 1024px\" \/><\/a><\/figure>\n<\/div>\n<\/div>\n\n\n\n<h2 class=\"wp-block-heading\">Tidigare B\u00e5tar<\/h2>\n\n\n\n<div class=\"wp-block-columns is-layout-flex wp-container-core-columns-is-layout-9d6595d7 wp-block-columns-is-layout-flex\">\n<div class=\"wp-block-column is-layout-flow wp-block-column-is-layout-flow\">\n<h2 class=\"wp-block-heading\">PV Fager\u00f6<\/h2>\n\n\n\n<ul class=\"wp-block-list\">\n<li>Modell: Watercat 1100 Patrol<\/li>\n\n\n\n<li>B\u00e5tvarv: Marine Alutech Oy Ab<\/li>\n\n\n\n<li>Bygg\u00e5r: 1997<\/li>\n\n\n\n<li>Material: aluminium<\/li>\n\n\n\n<li>L\u00e4ngd: 12.1 m<\/li>\n\n\n\n<li>Bredd: 3.5 m<\/li>\n\n\n\n<li>H\u00f6jd \u00f6ver vattenlinje: 5 m<\/li>\n\n\n\n<li>Djupg\u00e5ende: 0.7 m<\/li>\n\n\n\n<li>Vikt: 9 t<\/li>\n\n\n\n<li>Maskiner: 2 st Cummins QSB6.7<\/li>\n\n\n\n<li>Sammanlagda effekt: 808 kW \u2013 1100 hk<\/li>\n\n\n\n<li>Kraftlinje: vattenjet<\/li>\n\n\n\n<li>Fart: 44 knop<\/li>\n\n\n\n<li>Bes\u00e4ttning: 3 pers.<\/li>\n<\/ul>\n<\/div>\n\n\n\n<div class=\"wp-block-column is-layout-flow wp-block-column-is-layout-flow\">\n<figure class=\"wp-block-image size-large\"><img loading=\"lazy\" decoding=\"async\" width=\"1024\" height=\"968\" src=\"https:\/\/meripelastus.fi\/inkoo\/wp-content\/uploads\/sites\/29\/2020\/05\/kuf-2-1024x968.jpg\" alt=\"\" class=\"wp-image-327\" srcset=\"https:\/\/meripelastus.fi\/inkoo\/wp-content\/uploads\/sites\/29\/2020\/05\/kuf-2-1024x968.jpg 1024w, https:\/\/meripelastus.fi\/inkoo\/wp-content\/uploads\/sites\/29\/2020\/05\/kuf-2-300x284.jpg 300w, https:\/\/meripelastus.fi\/inkoo\/wp-content\/uploads\/sites\/29\/2020\/05\/kuf-2-768x726.jpg 768w, https:\/\/meripelastus.fi\/inkoo\/wp-content\/uploads\/sites\/29\/2020\/05\/kuf-2.jpg 1500w\" sizes=\"auto, (max-width: 1024px) 100vw, 1024px\" \/><\/figure>\n<\/div>\n<\/div>\n\n\n\n<div class=\"wp-block-columns is-layout-flex wp-container-core-columns-is-layout-9d6595d7 wp-block-columns-is-layout-flex\">\n<div class=\"wp-block-column is-layout-flow wp-block-column-is-layout-flow\">\n<h2 class=\"wp-block-heading\">PV Fager\u00f6<\/h2>\n\n\n\n<ul class=\"wp-block-list\">\n<li>Modell: NPV-4<\/li>\n\n\n\n<li>B\u00e5tvarv: Kone-Jyr\u00e4 Oy<\/li>\n\n\n\n<li>Bygg\u00e5r: 1986<\/li>\n\n\n\n<li>Material: aluminium<\/li>\n\n\n\n<li>L\u00e4ngd: m<\/li>\n\n\n\n<li>Bredd: m<\/li>\n\n\n\n<li>H\u00f6jd \u00f6ver vattenlinje: m<\/li>\n\n\n\n<li>Djupg\u00e5ende: m<\/li>\n\n\n\n<li>Vikt: t<\/li>\n\n\n\n<li>Maskiner: 1 st Diesel<\/li>\n\n\n\n<li>Sammanlagda effekt: 220 kW \u2013 300 hk<\/li>\n\n\n\n<li>Kraftlinje: vattenjet<\/li>\n\n\n\n<li>Fart: 32 knop<\/li>\n\n\n\n<li>Bes\u00e4ttning: pers.<\/li>\n<\/ul>\n<\/div>\n\n\n\n<div class=\"wp-block-column is-layout-flow wp-block-column-is-layout-flow\">\n<figure class=\"wp-block-image size-large\"><img loading=\"lazy\" decoding=\"async\" width=\"1024\" height=\"670\" src=\"https:\/\/meripelastus.fi\/inkoo\/wp-content\/uploads\/sites\/29\/2022\/06\/PV-Fagero--1024x670.jpg\" alt=\"\" class=\"wp-image-423\" srcset=\"https:\/\/meripelastus.fi\/inkoo\/wp-content\/uploads\/sites\/29\/2022\/06\/PV-Fagero--1024x670.jpg 1024w, https:\/\/meripelastus.fi\/inkoo\/wp-content\/uploads\/sites\/29\/2022\/06\/PV-Fagero--300x196.jpg 300w, https:\/\/meripelastus.fi\/inkoo\/wp-content\/uploads\/sites\/29\/2022\/06\/PV-Fagero--768x502.jpg 768w, https:\/\/meripelastus.fi\/inkoo\/wp-content\/uploads\/sites\/29\/2022\/06\/PV-Fagero--1536x1005.jpg 1536w, https:\/\/meripelastus.fi\/inkoo\/wp-content\/uploads\/sites\/29\/2022\/06\/PV-Fagero-.jpg 1761w\" sizes=\"auto, (max-width: 1024px) 100vw, 1024px\" \/><\/figure>\n<\/div>\n<\/div>\n","protected":false},"excerpt":{"rendered":"<p>PV Thure Gall\u00e9n Tidigare B\u00e5tar PV Fager\u00f6 PV Fager\u00f6<\/p>\n","protected":false},"author":1,"featured_media":667,"parent":198,"menu_order":0,"comment_status":"closed","ping_status":"closed","template":"","meta":{"_acf_changed":false,"inline_featured_image":false,"footnotes":""},"class_list":["post-204","page","type-page","status-publish","has-post-thumbnail","hentry"],"acf":[],"yoast_head":"<!-- This site is optimized with the Yoast SEO Premium plugin v27.4 (Yoast SEO v27.4) - https:\/\/yoast.com\/product\/yoast-seo-premium-wordpress\/ -->\n<title>Sj\u00f6r\u00e4ddningsb\u00e5ten - Ing\u00e5 Sj\u00f6r\u00e4ddare<\/title>\n<meta name=\"robots\" content=\"index, follow, max-snippet:-1, max-image-preview:large, max-video-preview:-1\" \/>\n<link rel=\"canonical\" href=\"https:\/\/meripelastus.fi\/inkoo\/verksamhet\/sjoraddningsbaten\/\" \/>\n<meta property=\"og:locale\" content=\"sv_SE\" \/>\n<meta property=\"og:type\" content=\"article\" \/>\n<meta property=\"og:title\" content=\"Sj\u00f6r\u00e4ddningsb\u00e5ten\" \/>\n<meta property=\"og:description\" content=\"PV Thure Gall\u00e9n Tidigare B\u00e5tar PV Fager\u00f6 PV Fager\u00f6\" \/>\n<meta property=\"og:url\" content=\"https:\/\/meripelastus.fi\/inkoo\/verksamhet\/sjoraddningsbaten\/\" \/>\n<meta property=\"og:site_name\" content=\"Ing\u00e5 Sj\u00f6r\u00e4ddare\" \/>\n<meta property=\"article:modified_time\" content=\"2024-03-01T15:34:18+00:00\" \/>\n<meta property=\"og:image\" content=\"https:\/\/meripelastus.fi\/inkoo\/wp-content\/uploads\/sites\/29\/2022\/06\/22-06-26-09-04-27-3209-scaled.jpg\" \/>\n\t<meta property=\"og:image:width\" content=\"2560\" \/>\n\t<meta property=\"og:image:height\" content=\"1920\" \/>\n\t<meta property=\"og:image:type\" content=\"image\/jpeg\" \/>\n<meta name=\"twitter:card\" content=\"summary_large_image\" \/>\n<meta name=\"twitter:label1\" content=\"Ber\u00e4knad l\u00e4stid\" \/>\n\t<meta name=\"twitter:data1\" content=\"2 minuter\" \/>\n<script type=\"application\/ld+json\" class=\"yoast-schema-graph\">{\"@context\":\"https:\\\/\\\/schema.org\",\"@graph\":[{\"@type\":\"WebPage\",\"@id\":\"https:\\\/\\\/meripelastus.fi\\\/inkoo\\\/verksamhet\\\/sjoraddningsbaten\\\/\",\"url\":\"https:\\\/\\\/meripelastus.fi\\\/inkoo\\\/verksamhet\\\/sjoraddningsbaten\\\/\",\"name\":\"Sj\u00f6r\u00e4ddningsb\u00e5ten - Ing\u00e5 Sj\u00f6r\u00e4ddare\",\"isPartOf\":{\"@id\":\"https:\\\/\\\/meripelastus.fi\\\/inkoo\\\/#website\"},\"primaryImageOfPage\":{\"@id\":\"https:\\\/\\\/meripelastus.fi\\\/inkoo\\\/verksamhet\\\/sjoraddningsbaten\\\/#primaryimage\"},\"image\":{\"@id\":\"https:\\\/\\\/meripelastus.fi\\\/inkoo\\\/verksamhet\\\/sjoraddningsbaten\\\/#primaryimage\"},\"thumbnailUrl\":\"https:\\\/\\\/meripelastus.fi\\\/inkoo\\\/wp-content\\\/uploads\\\/sites\\\/29\\\/2022\\\/06\\\/22-06-26-09-04-27-3209-scaled.jpg\",\"datePublished\":\"2020-01-30T08:49:32+00:00\",\"dateModified\":\"2024-03-01T15:34:18+00:00\",\"breadcrumb\":{\"@id\":\"https:\\\/\\\/meripelastus.fi\\\/inkoo\\\/verksamhet\\\/sjoraddningsbaten\\\/#breadcrumb\"},\"inLanguage\":\"sv-SE\",\"potentialAction\":[{\"@type\":\"ReadAction\",\"target\":[\"https:\\\/\\\/meripelastus.fi\\\/inkoo\\\/verksamhet\\\/sjoraddningsbaten\\\/\"]}]},{\"@type\":\"ImageObject\",\"inLanguage\":\"sv-SE\",\"@id\":\"https:\\\/\\\/meripelastus.fi\\\/inkoo\\\/verksamhet\\\/sjoraddningsbaten\\\/#primaryimage\",\"url\":\"https:\\\/\\\/meripelastus.fi\\\/inkoo\\\/wp-content\\\/uploads\\\/sites\\\/29\\\/2022\\\/06\\\/22-06-26-09-04-27-3209-scaled.jpg\",\"contentUrl\":\"https:\\\/\\\/meripelastus.fi\\\/inkoo\\\/wp-content\\\/uploads\\\/sites\\\/29\\\/2022\\\/06\\\/22-06-26-09-04-27-3209-scaled.jpg\",\"width\":2560,\"height\":1920},{\"@type\":\"BreadcrumbList\",\"@id\":\"https:\\\/\\\/meripelastus.fi\\\/inkoo\\\/verksamhet\\\/sjoraddningsbaten\\\/#breadcrumb\",\"itemListElement\":[{\"@type\":\"ListItem\",\"position\":1,\"name\":\"Etusivu\",\"item\":\"https:\\\/\\\/meripelastus.fi\\\/inkoo\\\/\"},{\"@type\":\"ListItem\",\"position\":2,\"name\":\"Verksamhet\",\"item\":\"https:\\\/\\\/meripelastus.fi\\\/inkoo\\\/verksamhet\\\/\"},{\"@type\":\"ListItem\",\"position\":3,\"name\":\"Sj\u00f6r\u00e4ddningsb\u00e5ten\"}]},{\"@type\":\"WebSite\",\"@id\":\"https:\\\/\\\/meripelastus.fi\\\/inkoo\\\/#website\",\"url\":\"https:\\\/\\\/meripelastus.fi\\\/inkoo\\\/\",\"name\":\"Ing\u00e5 Sj\u00f6r\u00e4ddare\",\"description\":\"Vapaaehtoiset apunasi vesill\u00e4\",\"potentialAction\":[{\"@type\":\"SearchAction\",\"target\":{\"@type\":\"EntryPoint\",\"urlTemplate\":\"https:\\\/\\\/meripelastus.fi\\\/inkoo\\\/?s={search_term_string}\"},\"query-input\":{\"@type\":\"PropertyValueSpecification\",\"valueRequired\":true,\"valueName\":\"search_term_string\"}}],\"inLanguage\":\"sv-SE\"}]}<\/script>\n<!-- \/ Yoast SEO Premium plugin. -->","yoast_head_json":{"title":"Sj\u00f6r\u00e4ddningsb\u00e5ten - Ing\u00e5 Sj\u00f6r\u00e4ddare","robots":{"index":"index","follow":"follow","max-snippet":"max-snippet:-1","max-image-preview":"max-image-preview:large","max-video-preview":"max-video-preview:-1"},"canonical":"https:\/\/meripelastus.fi\/inkoo\/verksamhet\/sjoraddningsbaten\/","og_locale":"sv_SE","og_type":"article","og_title":"Sj\u00f6r\u00e4ddningsb\u00e5ten","og_description":"PV Thure Gall\u00e9n Tidigare B\u00e5tar PV Fager\u00f6 PV Fager\u00f6","og_url":"https:\/\/meripelastus.fi\/inkoo\/verksamhet\/sjoraddningsbaten\/","og_site_name":"Ing\u00e5 Sj\u00f6r\u00e4ddare","article_modified_time":"2024-03-01T15:34:18+00:00","og_image":[{"width":2560,"height":1920,"url":"https:\/\/meripelastus.fi\/inkoo\/wp-content\/uploads\/sites\/29\/2022\/06\/22-06-26-09-04-27-3209-scaled.jpg","type":"image\/jpeg"}],"twitter_card":"summary_large_image","twitter_misc":{"Ber\u00e4knad l\u00e4stid":"2 minuter"},"schema":{"@context":"https:\/\/schema.org","@graph":[{"@type":"WebPage","@id":"https:\/\/meripelastus.fi\/inkoo\/verksamhet\/sjoraddningsbaten\/","url":"https:\/\/meripelastus.fi\/inkoo\/verksamhet\/sjoraddningsbaten\/","name":"Sj\u00f6r\u00e4ddningsb\u00e5ten - Ing\u00e5 Sj\u00f6r\u00e4ddare","isPartOf":{"@id":"https:\/\/meripelastus.fi\/inkoo\/#website"},"primaryImageOfPage":{"@id":"https:\/\/meripelastus.fi\/inkoo\/verksamhet\/sjoraddningsbaten\/#primaryimage"},"image":{"@id":"https:\/\/meripelastus.fi\/inkoo\/verksamhet\/sjoraddningsbaten\/#primaryimage"},"thumbnailUrl":"https:\/\/meripelastus.fi\/inkoo\/wp-content\/uploads\/sites\/29\/2022\/06\/22-06-26-09-04-27-3209-scaled.jpg","datePublished":"2020-01-30T08:49:32+00:00","dateModified":"2024-03-01T15:34:18+00:00","breadcrumb":{"@id":"https:\/\/meripelastus.fi\/inkoo\/verksamhet\/sjoraddningsbaten\/#breadcrumb"},"inLanguage":"sv-SE","potentialAction":[{"@type":"ReadAction","target":["https:\/\/meripelastus.fi\/inkoo\/verksamhet\/sjoraddningsbaten\/"]}]},{"@type":"ImageObject","inLanguage":"sv-SE","@id":"https:\/\/meripelastus.fi\/inkoo\/verksamhet\/sjoraddningsbaten\/#primaryimage","url":"https:\/\/meripelastus.fi\/inkoo\/wp-content\/uploads\/sites\/29\/2022\/06\/22-06-26-09-04-27-3209-scaled.jpg","contentUrl":"https:\/\/meripelastus.fi\/inkoo\/wp-content\/uploads\/sites\/29\/2022\/06\/22-06-26-09-04-27-3209-scaled.jpg","width":2560,"height":1920},{"@type":"BreadcrumbList","@id":"https:\/\/meripelastus.fi\/inkoo\/verksamhet\/sjoraddningsbaten\/#breadcrumb","itemListElement":[{"@type":"ListItem","position":1,"name":"Etusivu","item":"https:\/\/meripelastus.fi\/inkoo\/"},{"@type":"ListItem","position":2,"name":"Verksamhet","item":"https:\/\/meripelastus.fi\/inkoo\/verksamhet\/"},{"@type":"ListItem","position":3,"name":"Sj\u00f6r\u00e4ddningsb\u00e5ten"}]},{"@type":"WebSite","@id":"https:\/\/meripelastus.fi\/inkoo\/#website","url":"https:\/\/meripelastus.fi\/inkoo\/","name":"Ing\u00e5 Sj\u00f6r\u00e4ddare","description":"Vapaaehtoiset apunasi vesill\u00e4","potentialAction":[{"@type":"SearchAction","target":{"@type":"EntryPoint","urlTemplate":"https:\/\/meripelastus.fi\/inkoo\/?s={search_term_string}"},"query-input":{"@type":"PropertyValueSpecification","valueRequired":true,"valueName":"search_term_string"}}],"inLanguage":"sv-SE"}]}},"_links":{"self":[{"href":"https:\/\/meripelastus.fi\/inkoo\/wp-json\/wp\/v2\/pages\/204","targetHints":{"allow":["GET"]}}],"collection":[{"href":"https:\/\/meripelastus.fi\/inkoo\/wp-json\/wp\/v2\/pages"}],"about":[{"href":"https:\/\/meripelastus.fi\/inkoo\/wp-json\/wp\/v2\/types\/page"}],"author":[{"embeddable":true,"href":"https:\/\/meripelastus.fi\/inkoo\/wp-json\/wp\/v2\/users\/1"}],"replies":[{"embeddable":true,"href":"https:\/\/meripelastus.fi\/inkoo\/wp-json\/wp\/v2\/comments?post=204"}],"version-history":[{"count":22,"href":"https:\/\/meripelastus.fi\/inkoo\/wp-json\/wp\/v2\/pages\/204\/revisions"}],"predecessor-version":[{"id":906,"href":"https:\/\/meripelastus.fi\/inkoo\/wp-json\/wp\/v2\/pages\/204\/revisions\/906"}],"up":[{"embeddable":true,"href":"https:\/\/meripelastus.fi\/inkoo\/wp-json\/wp\/v2\/pages\/198"}],"wp:featuredmedia":[{"embeddable":true,"href":"https:\/\/meripelastus.fi\/inkoo\/wp-json\/wp\/v2\/media\/667"}],"wp:attachment":[{"href":"https:\/\/meripelastus.fi\/inkoo\/wp-json\/wp\/v2\/media?parent=204"}],"curies":[{"name":"wp","href":"https:\/\/api.w.org\/{rel}","templated":true}]}}