{"id":195,"date":"2020-01-30T10:45:58","date_gmt":"2020-01-30T08:45:58","guid":{"rendered":"https:\/\/meripelastus.fi\/inkoo-vedos\/?page_id=195"},"modified":"2023-11-08T16:47:52","modified_gmt":"2023-11-08T14:47:52","slug":"om-oss","status":"publish","type":"page","link":"https:\/\/meripelastus.fi\/inkoo\/inga-sjoraddare\/om-oss\/","title":{"rendered":"Om oss"},"content":{"rendered":"\n<h2 class=\"wp-block-heading\">Historia<\/h2>\n\n\n\n<div class=\"wp-block-columns is-layout-flex wp-container-core-columns-is-layout-9d6595d7 wp-block-columns-is-layout-flex\">\n<div class=\"wp-block-column is-layout-flow wp-block-column-is-layout-flow\">\n<p>Ing\u00e5 sj\u00f6r\u00e4ddningsf\u00f6rening fick sin b\u00f6rjan 1986 d\u00e5 Porkala Sj\u00f6r\u00e4ddningsf\u00f6rening fick i donation en NPV-4 r\u00e4ddningsb\u00e5t f\u00f6r att b\u00e4ttre kunna t\u00e4cka kusten v\u00e4ster om f\u00f6reningens omr\u00e5de. I samband med detta grundades Porkala Sj\u00f6r\u00e4ddningsf\u00f6rening \/ Ing\u00e5 spaningsflottilj i sammarbete med Ing\u00e5 B\u00e5tklubb och NPV-4 r\u00e4ddningsb\u00e5ten fick sin hemmahamn i Ing\u00e5 och namnet PV Fager\u00f6.<\/p>\n<\/div>\n\n\n\n<div class=\"wp-block-column is-layout-flow wp-block-column-is-layout-flow\">\n<figure class=\"wp-block-image size-large\"><img loading=\"lazy\" decoding=\"async\" width=\"1024\" height=\"670\" src=\"https:\/\/meripelastus.fi\/inkoo\/wp-content\/uploads\/sites\/29\/2022\/06\/PV-Fagero--1024x670.jpg\" alt=\"\" class=\"wp-image-423\" srcset=\"https:\/\/meripelastus.fi\/inkoo\/wp-content\/uploads\/sites\/29\/2022\/06\/PV-Fagero--1024x670.jpg 1024w, https:\/\/meripelastus.fi\/inkoo\/wp-content\/uploads\/sites\/29\/2022\/06\/PV-Fagero--300x196.jpg 300w, https:\/\/meripelastus.fi\/inkoo\/wp-content\/uploads\/sites\/29\/2022\/06\/PV-Fagero--768x502.jpg 768w, https:\/\/meripelastus.fi\/inkoo\/wp-content\/uploads\/sites\/29\/2022\/06\/PV-Fagero--1536x1005.jpg 1536w, https:\/\/meripelastus.fi\/inkoo\/wp-content\/uploads\/sites\/29\/2022\/06\/PV-Fagero-.jpg 1761w\" sizes=\"auto, (max-width: 1024px) 100vw, 1024px\" \/><\/figure>\n<\/div>\n<\/div>\n\n\n\n<p>Den 14.8.1990 grundade medlemmarna i Ing\u00e5 spaningsflottilj en egen sj\u00f6r\u00e4ddningsf\u00f6rening och fick medlemskap i Sj\u00f6r\u00e4ddnings\u00e4llskapet. R\u00e4ddningsb\u00e5ten PV Fager\u00f6 blev kvar hos det nygrundade Inkoon Meripelastusyhdistys &#8211; Ing\u00e5 Sj\u00f6r\u00e4ddningsf\u00f6rening rf som forts\u00e4tter Ing\u00e5 spaningsflottiljs verksamhet som en del av Ing\u00e5 kommuns brand- och r\u00e4ddningsverksamhet. Ing\u00e5 Sj\u00f6r\u00e4ddningsf\u00f6reningens omr\u00e5de str\u00e4cker sig fr\u00e5n Porkalafj\u00e4rden till G\u00e4stans.<\/p>\n\n\n\n<p>1997 f\u00e5r Ing\u00e5 Sj\u00f6r\u00e4ddningsf\u00f6rening en ny r\u00e4ddningsb\u00e5t i Rankki-klassen. B\u00e5ten f\u00e5r b\u00e4ra samma namn som den tidigare b\u00e5ten, men ut\u00f6ver detta \u00e4r b\u00e5ten i en helt annan klass och har exeptionella sj\u00f6egenskaper. Nya PV Fager\u00f6 tj\u00e4nar f\u00f6reningen i 25 \u00e5r och f\u00e5r under tiden en massiv uppgradering med nya motorer och ny navigationsutrustning. \u00c5r 2022 f\u00f6rflyttas PV Fager\u00f6 till N\u00e5dendal och Ing\u00e5 sj\u00f6r\u00e4ddningsf\u00f6rening f\u00e5r ist\u00e4llet till sitt bruk en helt ny och modern PV3 r\u00e4ddningsb\u00e5t med utombordsmotorer. B\u00e5ten har utvecklats med omsorg f\u00f6r \u00e4ndam\u00e5let och kommer att m\u00f6jlig\u00f6ra \u00e4nnu b\u00e4ttre beredskap f\u00f6r Ing\u00e5 Sj\u00f6r\u00e4ddare.<\/p>\n\n\n\n<figure class=\"wp-block-image size-large\"><img loading=\"lazy\" decoding=\"async\" width=\"1024\" height=\"444\" src=\"https:\/\/meripelastus.fi\/inkoo\/wp-content\/uploads\/sites\/29\/2020\/05\/\u00e5n-2-1024x444.jpg\" alt=\"\" class=\"wp-image-321\" srcset=\"https:\/\/meripelastus.fi\/inkoo\/wp-content\/uploads\/sites\/29\/2020\/05\/\u00e5n-2-1024x444.jpg 1024w, https:\/\/meripelastus.fi\/inkoo\/wp-content\/uploads\/sites\/29\/2020\/05\/\u00e5n-2-300x130.jpg 300w, https:\/\/meripelastus.fi\/inkoo\/wp-content\/uploads\/sites\/29\/2020\/05\/\u00e5n-2-768x333.jpg 768w, https:\/\/meripelastus.fi\/inkoo\/wp-content\/uploads\/sites\/29\/2020\/05\/\u00e5n-2-1536x666.jpg 1536w, https:\/\/meripelastus.fi\/inkoo\/wp-content\/uploads\/sites\/29\/2020\/05\/\u00e5n-2-2048x888.jpg 2048w\" sizes=\"auto, (max-width: 1024px) 100vw, 1024px\" \/><\/figure>\n\n\n\n<h2 class=\"wp-block-heading\">Ing\u00e5 Sj\u00f6r\u00e4ddare idag<\/h2>\n\n\n\n<p>Ing\u00e5 sj\u00f6r\u00e4ddare best\u00e5r idag av en liten grupp aktiva frivillga med god gemenskap. Med den nya PV324 r\u00e4ddnignsb\u00e5ten sk\u00f6ter vi patrullerandet i Ing\u00e5 vattenomr\u00e5den s\u00e5 ofta vi bara hinner ut f\u00f6r att kunna ge en hj\u00e4lpande hand till b\u00e5tfarare och folk ute i sk\u00e4rg\u00e5rden n\u00e4r det beh\u00f6vs som mest.<\/p>\n\n\n\n<p>F\u00f6rutom patrullerandet och kaffepauserna i den vackra Ing\u00e5 sk\u00e4rg\u00e5rden, tr\u00e4nar vi ocks\u00e5 f\u00f6r att uppr\u00e4tth\u00e5lla v\u00e5ra f\u00e4rdigheter. F\u00f6r vidareutbildning finns Sj\u00f6r\u00e4ddnings\u00e4llskapets skolningscenter n\u00e4ra till hands p\u00e5 B\u00e5gask\u00e4r.<\/p>\n\n\n\n<figure class=\"wp-block-gallery has-nested-images columns-default is-cropped wp-block-gallery-1 is-layout-flex wp-block-gallery-is-layout-flex\">\n<figure class=\"wp-block-image size-large\"><a href=\"https:\/\/meripelastus.fi\/inkoo\/wp-content\/uploads\/sites\/29\/2022\/06\/IMG_2181-scaled.jpg\"><img loading=\"lazy\" decoding=\"async\" width=\"1024\" height=\"768\" data-id=\"393\" src=\"https:\/\/meripelastus.fi\/inkoo\/wp-content\/uploads\/sites\/29\/2022\/06\/IMG_2181-1024x768.jpg\" alt=\"\" class=\"wp-image-393\" srcset=\"https:\/\/meripelastus.fi\/inkoo\/wp-content\/uploads\/sites\/29\/2022\/06\/IMG_2181-1024x768.jpg 1024w, https:\/\/meripelastus.fi\/inkoo\/wp-content\/uploads\/sites\/29\/2022\/06\/IMG_2181-300x225.jpg 300w, https:\/\/meripelastus.fi\/inkoo\/wp-content\/uploads\/sites\/29\/2022\/06\/IMG_2181-768x576.jpg 768w, https:\/\/meripelastus.fi\/inkoo\/wp-content\/uploads\/sites\/29\/2022\/06\/IMG_2181-1536x1152.jpg 1536w, https:\/\/meripelastus.fi\/inkoo\/wp-content\/uploads\/sites\/29\/2022\/06\/IMG_2181-2048x1536.jpg 2048w, https:\/\/meripelastus.fi\/inkoo\/wp-content\/uploads\/sites\/29\/2022\/06\/IMG_2181-1600x1200.jpg 1600w\" sizes=\"auto, (max-width: 1024px) 100vw, 1024px\" \/><\/a><\/figure>\n\n\n\n<figure class=\"wp-block-image size-large\"><a href=\"https:\/\/meripelastus.fi\/inkoo\/wp-content\/uploads\/sites\/29\/2022\/06\/IMG_0684.jpg\"><img loading=\"lazy\" decoding=\"async\" width=\"1024\" height=\"768\" data-id=\"433\" src=\"https:\/\/meripelastus.fi\/inkoo\/wp-content\/uploads\/sites\/29\/2022\/06\/IMG_0684-1024x768.jpg\" alt=\"\" class=\"wp-image-433\" srcset=\"https:\/\/meripelastus.fi\/inkoo\/wp-content\/uploads\/sites\/29\/2022\/06\/IMG_0684-1024x768.jpg 1024w, https:\/\/meripelastus.fi\/inkoo\/wp-content\/uploads\/sites\/29\/2022\/06\/IMG_0684-300x225.jpg 300w, https:\/\/meripelastus.fi\/inkoo\/wp-content\/uploads\/sites\/29\/2022\/06\/IMG_0684-768x576.jpg 768w, https:\/\/meripelastus.fi\/inkoo\/wp-content\/uploads\/sites\/29\/2022\/06\/IMG_0684.jpg 1412w\" sizes=\"auto, (max-width: 1024px) 100vw, 1024px\" \/><\/a><\/figure>\n<\/figure>\n\n\n\n<p>Sj\u00f6r\u00e4ddningsb\u00e5ten PV324 har f\u00e5tt ny b\u00e5tplats i \u00e5n med mera synlighet och planer \u00e4r under arbete med Ing\u00e5 kommun f\u00f6r att f\u00e5 placera en servicebyggnad intill b\u00e5ten f\u00f6r att ytterligare m\u00f6jligg\u00f6ra och f\u00f6rst\u00e4rka v\u00e5r verksamhet.<\/p>\n\n\n\n<h2 class=\"wp-block-heading\">Bli en av oss<\/h2>\n\n\n\n<p>Om du \u00e4r intresserad av att b\u00f6rja en ny fantastisk hobby d\u00e4r du f\u00e5r r\u00f6ra dig i de vackraste av landskapen och g\u00f6ra ett viktigt arbete f\u00f6r b\u00e5tfararnas s\u00e4kerhet, tag kontakt med oss f\u00f6r att komma med och se om det skulle vara ngt f\u00f6r dig. Skicka din intresseanm\u00e4lan till\u00a0<a href=\"mailto:inkoonmeripelastajat@gmail.com\">inkoonmeripelastajat@gmail.com<\/a>.<\/p>\n\n\n\n<div class=\"wp-block-media-text has-media-on-the-right is-stacked-on-mobile\"><div class=\"wp-block-media-text__content\">\n<p>Mera information om sj\u00f6r\u00e4ddning som hobby kan du l\u00e4sa i broschyren \u2019Mukaan vapaaehtoisten pelastusveneiden miehist\u00f6\u00f6n\u2019.<\/p>\n<\/div><figure class=\"wp-block-media-text__media\"><img loading=\"lazy\" decoding=\"async\" width=\"793\" height=\"793\" src=\"https:\/\/meripelastus.fi\/inkoo\/wp-content\/uploads\/sites\/29\/2022\/06\/Screenshot-2022-06-15-at-09-28-41-Mukaan-meripelastustoimintaan-v2-1-pieni.pdf.png\" alt=\"\" class=\"wp-image-414 size-full\" srcset=\"https:\/\/meripelastus.fi\/inkoo\/wp-content\/uploads\/sites\/29\/2022\/06\/Screenshot-2022-06-15-at-09-28-41-Mukaan-meripelastustoimintaan-v2-1-pieni.pdf.png 793w, https:\/\/meripelastus.fi\/inkoo\/wp-content\/uploads\/sites\/29\/2022\/06\/Screenshot-2022-06-15-at-09-28-41-Mukaan-meripelastustoimintaan-v2-1-pieni.pdf-300x300.png 300w, https:\/\/meripelastus.fi\/inkoo\/wp-content\/uploads\/sites\/29\/2022\/06\/Screenshot-2022-06-15-at-09-28-41-Mukaan-meripelastustoimintaan-v2-1-pieni.pdf-150x150.png 150w, https:\/\/meripelastus.fi\/inkoo\/wp-content\/uploads\/sites\/29\/2022\/06\/Screenshot-2022-06-15-at-09-28-41-Mukaan-meripelastustoimintaan-v2-1-pieni.pdf-768x768.png 768w\" sizes=\"auto, (max-width: 793px) 100vw, 793px\" \/><\/figure><\/div>\n","protected":false},"excerpt":{"rendered":"<p>Historia Ing\u00e5 sj\u00f6r\u00e4ddningsf\u00f6rening fick sin b\u00f6rjan 1986 d\u00e5 Porkala Sj\u00f6r\u00e4ddningsf\u00f6rening fick i donation en NPV-4 r\u00e4ddningsb\u00e5t f\u00f6r att b\u00e4ttre kunna t\u00e4cka kusten v\u00e4ster om f\u00f6reningens omr\u00e5de. I samband med detta grundades Porkala Sj\u00f6r\u00e4ddningsf\u00f6rening \/ Ing\u00e5 spaningsflottilj i sammarbete med Ing\u00e5 B\u00e5tklubb och NPV-4 r\u00e4ddningsb\u00e5ten fick sin hemmahamn i Ing\u00e5 och namnet PV Fager\u00f6. Den 14.8.1990 [&hellip;]<\/p>\n","protected":false},"author":1,"featured_media":398,"parent":182,"menu_order":0,"comment_status":"closed","ping_status":"closed","template":"","meta":{"_acf_changed":false,"inline_featured_image":false,"footnotes":""},"class_list":["post-195","page","type-page","status-publish","has-post-thumbnail","hentry"],"acf":[],"yoast_head":"<!-- This site is optimized with the Yoast SEO Premium plugin v27.2 (Yoast SEO v27.2) - https:\/\/yoast.com\/product\/yoast-seo-premium-wordpress\/ -->\n<title>Om oss - Ing\u00e5 Sj\u00f6r\u00e4ddare<\/title>\n<meta name=\"robots\" content=\"index, follow, max-snippet:-1, max-image-preview:large, max-video-preview:-1\" \/>\n<link rel=\"canonical\" href=\"https:\/\/meripelastus.fi\/inkoo\/inga-sjoraddare\/om-oss\/\" \/>\n<meta property=\"og:locale\" content=\"sv_SE\" \/>\n<meta property=\"og:type\" content=\"article\" \/>\n<meta property=\"og:title\" content=\"Om oss\" \/>\n<meta property=\"og:description\" content=\"Historia Ing\u00e5 sj\u00f6r\u00e4ddningsf\u00f6rening fick sin b\u00f6rjan 1986 d\u00e5 Porkala Sj\u00f6r\u00e4ddningsf\u00f6rening fick i donation en NPV-4 r\u00e4ddningsb\u00e5t f\u00f6r att b\u00e4ttre kunna t\u00e4cka kusten v\u00e4ster om f\u00f6reningens omr\u00e5de. I samband med detta grundades Porkala Sj\u00f6r\u00e4ddningsf\u00f6rening \/ Ing\u00e5 spaningsflottilj i sammarbete med Ing\u00e5 B\u00e5tklubb och NPV-4 r\u00e4ddningsb\u00e5ten fick sin hemmahamn i Ing\u00e5 och namnet PV Fager\u00f6. Den 14.8.1990 [&hellip;]\" \/>\n<meta property=\"og:url\" content=\"https:\/\/meripelastus.fi\/inkoo\/inga-sjoraddare\/om-oss\/\" \/>\n<meta property=\"og:site_name\" content=\"Ing\u00e5 Sj\u00f6r\u00e4ddare\" \/>\n<meta property=\"article:modified_time\" content=\"2023-11-08T14:47:52+00:00\" \/>\n<meta property=\"og:image\" content=\"https:\/\/meripelastus.fi\/inkoo\/wp-content\/uploads\/sites\/29\/2022\/06\/IMG_9982-scaled.jpg\" \/>\n\t<meta property=\"og:image:width\" content=\"2560\" \/>\n\t<meta property=\"og:image:height\" content=\"1557\" \/>\n\t<meta property=\"og:image:type\" content=\"image\/jpeg\" \/>\n<meta name=\"twitter:card\" content=\"summary_large_image\" \/>\n<meta name=\"twitter:label1\" content=\"Ber\u00e4knad l\u00e4stid\" \/>\n\t<meta name=\"twitter:data1\" content=\"4 minuter\" \/>\n<script type=\"application\/ld+json\" class=\"yoast-schema-graph\">{\"@context\":\"https:\/\/schema.org\",\"@graph\":[{\"@type\":\"WebPage\",\"@id\":\"https:\/\/meripelastus.fi\/inkoo\/inga-sjoraddare\/om-oss\/\",\"url\":\"https:\/\/meripelastus.fi\/inkoo\/inga-sjoraddare\/om-oss\/\",\"name\":\"Om oss - Ing\u00e5 Sj\u00f6r\u00e4ddare\",\"isPartOf\":{\"@id\":\"https:\/\/meripelastus.fi\/inkoo\/#website\"},\"primaryImageOfPage\":{\"@id\":\"https:\/\/meripelastus.fi\/inkoo\/inga-sjoraddare\/om-oss\/#primaryimage\"},\"image\":{\"@id\":\"https:\/\/meripelastus.fi\/inkoo\/inga-sjoraddare\/om-oss\/#primaryimage\"},\"thumbnailUrl\":\"https:\/\/meripelastus.fi\/inkoo\/wp-content\/uploads\/sites\/29\/2022\/06\/IMG_9982-scaled.jpg\",\"datePublished\":\"2020-01-30T08:45:58+00:00\",\"dateModified\":\"2023-11-08T14:47:52+00:00\",\"breadcrumb\":{\"@id\":\"https:\/\/meripelastus.fi\/inkoo\/inga-sjoraddare\/om-oss\/#breadcrumb\"},\"inLanguage\":\"sv-SE\",\"potentialAction\":[{\"@type\":\"ReadAction\",\"target\":[\"https:\/\/meripelastus.fi\/inkoo\/inga-sjoraddare\/om-oss\/\"]}]},{\"@type\":\"ImageObject\",\"inLanguage\":\"sv-SE\",\"@id\":\"https:\/\/meripelastus.fi\/inkoo\/inga-sjoraddare\/om-oss\/#primaryimage\",\"url\":\"https:\/\/meripelastus.fi\/inkoo\/wp-content\/uploads\/sites\/29\/2022\/06\/IMG_9982-scaled.jpg\",\"contentUrl\":\"https:\/\/meripelastus.fi\/inkoo\/wp-content\/uploads\/sites\/29\/2022\/06\/IMG_9982-scaled.jpg\",\"width\":2560,\"height\":1557},{\"@type\":\"BreadcrumbList\",\"@id\":\"https:\/\/meripelastus.fi\/inkoo\/inga-sjoraddare\/om-oss\/#breadcrumb\",\"itemListElement\":[{\"@type\":\"ListItem\",\"position\":1,\"name\":\"Etusivu\",\"item\":\"https:\/\/meripelastus.fi\/inkoo\/\"},{\"@type\":\"ListItem\",\"position\":2,\"name\":\"Ing\u00e5 Sj\u00f6r\u00e4ddare\",\"item\":\"https:\/\/meripelastus.fi\/inkoo\/inga-sjoraddare\/\"},{\"@type\":\"ListItem\",\"position\":3,\"name\":\"Om oss\"}]},{\"@type\":\"WebSite\",\"@id\":\"https:\/\/meripelastus.fi\/inkoo\/#website\",\"url\":\"https:\/\/meripelastus.fi\/inkoo\/\",\"name\":\"Ing\u00e5 Sj\u00f6r\u00e4ddare\",\"description\":\"Vapaaehtoiset apunasi vesill\u00e4\",\"potentialAction\":[{\"@type\":\"SearchAction\",\"target\":{\"@type\":\"EntryPoint\",\"urlTemplate\":\"https:\/\/meripelastus.fi\/inkoo\/?s={search_term_string}\"},\"query-input\":{\"@type\":\"PropertyValueSpecification\",\"valueRequired\":true,\"valueName\":\"search_term_string\"}}],\"inLanguage\":\"sv-SE\"}]}<\/script>\n<!-- \/ Yoast SEO Premium plugin. -->","yoast_head_json":{"title":"Om oss - Ing\u00e5 Sj\u00f6r\u00e4ddare","robots":{"index":"index","follow":"follow","max-snippet":"max-snippet:-1","max-image-preview":"max-image-preview:large","max-video-preview":"max-video-preview:-1"},"canonical":"https:\/\/meripelastus.fi\/inkoo\/inga-sjoraddare\/om-oss\/","og_locale":"sv_SE","og_type":"article","og_title":"Om oss","og_description":"Historia Ing\u00e5 sj\u00f6r\u00e4ddningsf\u00f6rening fick sin b\u00f6rjan 1986 d\u00e5 Porkala Sj\u00f6r\u00e4ddningsf\u00f6rening fick i donation en NPV-4 r\u00e4ddningsb\u00e5t f\u00f6r att b\u00e4ttre kunna t\u00e4cka kusten v\u00e4ster om f\u00f6reningens omr\u00e5de. I samband med detta grundades Porkala Sj\u00f6r\u00e4ddningsf\u00f6rening \/ Ing\u00e5 spaningsflottilj i sammarbete med Ing\u00e5 B\u00e5tklubb och NPV-4 r\u00e4ddningsb\u00e5ten fick sin hemmahamn i Ing\u00e5 och namnet PV Fager\u00f6. Den 14.8.1990 [&hellip;]","og_url":"https:\/\/meripelastus.fi\/inkoo\/inga-sjoraddare\/om-oss\/","og_site_name":"Ing\u00e5 Sj\u00f6r\u00e4ddare","article_modified_time":"2023-11-08T14:47:52+00:00","og_image":[{"width":2560,"height":1557,"url":"https:\/\/meripelastus.fi\/inkoo\/wp-content\/uploads\/sites\/29\/2022\/06\/IMG_9982-scaled.jpg","type":"image\/jpeg"}],"twitter_card":"summary_large_image","twitter_misc":{"Ber\u00e4knad l\u00e4stid":"4 minuter"},"schema":{"@context":"https:\/\/schema.org","@graph":[{"@type":"WebPage","@id":"https:\/\/meripelastus.fi\/inkoo\/inga-sjoraddare\/om-oss\/","url":"https:\/\/meripelastus.fi\/inkoo\/inga-sjoraddare\/om-oss\/","name":"Om oss - Ing\u00e5 Sj\u00f6r\u00e4ddare","isPartOf":{"@id":"https:\/\/meripelastus.fi\/inkoo\/#website"},"primaryImageOfPage":{"@id":"https:\/\/meripelastus.fi\/inkoo\/inga-sjoraddare\/om-oss\/#primaryimage"},"image":{"@id":"https:\/\/meripelastus.fi\/inkoo\/inga-sjoraddare\/om-oss\/#primaryimage"},"thumbnailUrl":"https:\/\/meripelastus.fi\/inkoo\/wp-content\/uploads\/sites\/29\/2022\/06\/IMG_9982-scaled.jpg","datePublished":"2020-01-30T08:45:58+00:00","dateModified":"2023-11-08T14:47:52+00:00","breadcrumb":{"@id":"https:\/\/meripelastus.fi\/inkoo\/inga-sjoraddare\/om-oss\/#breadcrumb"},"inLanguage":"sv-SE","potentialAction":[{"@type":"ReadAction","target":["https:\/\/meripelastus.fi\/inkoo\/inga-sjoraddare\/om-oss\/"]}]},{"@type":"ImageObject","inLanguage":"sv-SE","@id":"https:\/\/meripelastus.fi\/inkoo\/inga-sjoraddare\/om-oss\/#primaryimage","url":"https:\/\/meripelastus.fi\/inkoo\/wp-content\/uploads\/sites\/29\/2022\/06\/IMG_9982-scaled.jpg","contentUrl":"https:\/\/meripelastus.fi\/inkoo\/wp-content\/uploads\/sites\/29\/2022\/06\/IMG_9982-scaled.jpg","width":2560,"height":1557},{"@type":"BreadcrumbList","@id":"https:\/\/meripelastus.fi\/inkoo\/inga-sjoraddare\/om-oss\/#breadcrumb","itemListElement":[{"@type":"ListItem","position":1,"name":"Etusivu","item":"https:\/\/meripelastus.fi\/inkoo\/"},{"@type":"ListItem","position":2,"name":"Ing\u00e5 Sj\u00f6r\u00e4ddare","item":"https:\/\/meripelastus.fi\/inkoo\/inga-sjoraddare\/"},{"@type":"ListItem","position":3,"name":"Om oss"}]},{"@type":"WebSite","@id":"https:\/\/meripelastus.fi\/inkoo\/#website","url":"https:\/\/meripelastus.fi\/inkoo\/","name":"Ing\u00e5 Sj\u00f6r\u00e4ddare","description":"Vapaaehtoiset apunasi vesill\u00e4","potentialAction":[{"@type":"SearchAction","target":{"@type":"EntryPoint","urlTemplate":"https:\/\/meripelastus.fi\/inkoo\/?s={search_term_string}"},"query-input":{"@type":"PropertyValueSpecification","valueRequired":true,"valueName":"search_term_string"}}],"inLanguage":"sv-SE"}]}},"_links":{"self":[{"href":"https:\/\/meripelastus.fi\/inkoo\/wp-json\/wp\/v2\/pages\/195","targetHints":{"allow":["GET"]}}],"collection":[{"href":"https:\/\/meripelastus.fi\/inkoo\/wp-json\/wp\/v2\/pages"}],"about":[{"href":"https:\/\/meripelastus.fi\/inkoo\/wp-json\/wp\/v2\/types\/page"}],"author":[{"embeddable":true,"href":"https:\/\/meripelastus.fi\/inkoo\/wp-json\/wp\/v2\/users\/1"}],"replies":[{"embeddable":true,"href":"https:\/\/meripelastus.fi\/inkoo\/wp-json\/wp\/v2\/comments?post=195"}],"version-history":[{"count":24,"href":"https:\/\/meripelastus.fi\/inkoo\/wp-json\/wp\/v2\/pages\/195\/revisions"}],"predecessor-version":[{"id":712,"href":"https:\/\/meripelastus.fi\/inkoo\/wp-json\/wp\/v2\/pages\/195\/revisions\/712"}],"up":[{"embeddable":true,"href":"https:\/\/meripelastus.fi\/inkoo\/wp-json\/wp\/v2\/pages\/182"}],"wp:featuredmedia":[{"embeddable":true,"href":"https:\/\/meripelastus.fi\/inkoo\/wp-json\/wp\/v2\/media\/398"}],"wp:attachment":[{"href":"https:\/\/meripelastus.fi\/inkoo\/wp-json\/wp\/v2\/media?parent=195"}],"curies":[{"name":"wp","href":"https:\/\/api.w.org\/{rel}","templated":true}]}}