{"id":51,"date":"2018-03-19T09:24:37","date_gmt":"2018-03-19T07:24:37","guid":{"rendered":"http:\/\/basetemplate.smpsyhdistykset.16.testivedos.com\/?page_id=51"},"modified":"2024-05-03T18:01:36","modified_gmt":"2024-05-03T15:01:36","slug":"yhteystiedot","status":"publish","type":"page","link":"https:\/\/meripelastus.fi\/ii\/yhteystiedot\/","title":{"rendered":"Yhteystiedot"},"content":{"rendered":"\n<h2 class=\"wp-block-heading\">H\u00e4lytysohje:<\/h2>\n\n\n\n<p>Kiireett\u00f6m\u00e4t tapaukset: 040 842 2547 (p\u00e4ivyst\u00e4v\u00e4 p\u00e4\u00e4llikk\u00f6)<br><br>Merell\u00e4 meripelastuksen h\u00e4lytysnumero 0294 1000, tai VHF-kanava 16 \/ VHF-DSC 70. Sis\u00e4vesill\u00e4 yleinen h\u00e4t\u00e4numero 112<\/p>\n\n\n\n<p><strong>Puheenjohtaja:<\/strong><br>Heikki Sassi-P\u00e4kkil\u00e4<br>+358414724489<br>heikkisassi.hs@gmail.com<\/p>\n\n\n\n<p><strong>Yhdistyksen sihteeri:<\/strong><br>Anne Matikainen<br>+358400586003<br>sihteeri.ii@messi.meripelastus.fi<\/p>\n\n\n\n<p><strong>Alusten toiminnasta vastaava p\u00e4\u00e4llikk\u00f6:<\/strong><br>Antti Wiik<br>+358451895520<br>antti.wiik@gmail.com<\/p>\n\n\n\n<p><strong>Koulutusvastaava:<\/strong><br>Reijo Paakkari<br>+358400854947<br>reijo.paakkari@gmail.com<\/p>\n\n\n\n<p><\/p>\n\n\n\n<p><strong>Yhdistyksen postiosoite:<\/strong><br>SMPS Iin Meripelastajat ry<br>c\/o Anne Matikainen<br>Maalismaantie 667<br>91210 Jakkukyl\u00e4<\/p>\n","protected":false},"excerpt":{"rendered":"<p>H\u00e4lytysohje: Kiireett\u00f6m\u00e4t tapaukset: 040 842 2547 (p\u00e4ivyst\u00e4v\u00e4 p\u00e4\u00e4llikk\u00f6) Merell\u00e4 meripelastuksen h\u00e4lytysnumero 0294 1000, tai VHF-kanava 16 \/ VHF-DSC 70. Sis\u00e4vesill\u00e4 yleinen h\u00e4t\u00e4numero 112 Puheenjohtaja:Heikki Sassi-P\u00e4kkil\u00e4+358414724489heikkisassi.hs@gmail.com Yhdistyksen sihteeri:Anne Matikainen+358400586003sihteeri.ii@messi.meripelastus.fi Alusten toiminnasta vastaava p\u00e4\u00e4llikk\u00f6:Antti Wiik+358451895520antti.wiik@gmail.com Koulutusvastaava:Reijo Paakkari+358400854947reijo.paakkari@gmail.com Yhdistyksen postiosoite:SMPS Iin Meripelastajat ryc\/o Anne MatikainenMaalismaantie 66791210 Jakkukyl\u00e4<\/p>\n","protected":false},"author":1,"featured_media":197,"parent":0,"menu_order":4,"comment_status":"closed","ping_status":"closed","template":"","meta":{"_acf_changed":false,"inline_featured_image":false,"footnotes":""},"class_list":["post-51","page","type-page","status-publish","has-post-thumbnail","hentry"],"acf":[],"yoast_head":"<!-- This site is optimized with the Yoast SEO Premium plugin v27.2 (Yoast SEO v27.2) - https:\/\/yoast.com\/product\/yoast-seo-premium-wordpress\/ -->\n<title>Yhteystiedot - Iin Meripelastajat<\/title>\n<meta name=\"robots\" content=\"index, follow, max-snippet:-1, max-image-preview:large, max-video-preview:-1\" \/>\n<link rel=\"canonical\" href=\"https:\/\/meripelastus.fi\/ii\/yhteystiedot\/\" \/>\n<meta property=\"og:locale\" content=\"fi_FI\" \/>\n<meta property=\"og:type\" content=\"article\" \/>\n<meta property=\"og:title\" content=\"Yhteystiedot\" \/>\n<meta property=\"og:description\" content=\"H\u00e4lytysohje: Kiireett\u00f6m\u00e4t tapaukset: 040 842 2547 (p\u00e4ivyst\u00e4v\u00e4 p\u00e4\u00e4llikk\u00f6) Merell\u00e4 meripelastuksen h\u00e4lytysnumero 0294 1000, tai VHF-kanava 16 \/ VHF-DSC 70. Sis\u00e4vesill\u00e4 yleinen h\u00e4t\u00e4numero 112 Puheenjohtaja:Heikki Sassi-P\u00e4kkil\u00e4+358414724489heikkisassi.hs@gmail.com Yhdistyksen sihteeri:Anne Matikainen+358400586003sihteeri.ii@messi.meripelastus.fi Alusten toiminnasta vastaava p\u00e4\u00e4llikk\u00f6:Antti Wiik+358451895520antti.wiik@gmail.com Koulutusvastaava:Reijo Paakkari+358400854947reijo.paakkari@gmail.com Yhdistyksen postiosoite:SMPS Iin Meripelastajat ryc\/o Anne MatikainenMaalismaantie 66791210 Jakkukyl\u00e4\" \/>\n<meta property=\"og:url\" content=\"https:\/\/meripelastus.fi\/ii\/yhteystiedot\/\" \/>\n<meta property=\"og:site_name\" content=\"Iin Meripelastajat\" \/>\n<meta property=\"article:modified_time\" content=\"2024-05-03T15:01:36+00:00\" \/>\n<meta property=\"og:image\" content=\"https:\/\/meripelastus.fi\/ii\/wp-content\/uploads\/sites\/37\/2022\/04\/rajattu-karsy-scaled.jpg\" \/>\n\t<meta property=\"og:image:width\" content=\"2304\" \/>\n\t<meta property=\"og:image:height\" content=\"2560\" \/>\n\t<meta property=\"og:image:type\" content=\"image\/jpeg\" \/>\n<meta name=\"twitter:card\" content=\"summary_large_image\" \/>\n<meta name=\"twitter:label1\" content=\"Arvioitu lukuaika\" \/>\n\t<meta name=\"twitter:data1\" content=\"1 minuutti\" \/>\n<script type=\"application\/ld+json\" class=\"yoast-schema-graph\">{\"@context\":\"https:\/\/schema.org\",\"@graph\":[{\"@type\":\"WebPage\",\"@id\":\"https:\/\/meripelastus.fi\/ii\/yhteystiedot\/\",\"url\":\"https:\/\/meripelastus.fi\/ii\/yhteystiedot\/\",\"name\":\"Yhteystiedot - Iin Meripelastajat\",\"isPartOf\":{\"@id\":\"https:\/\/meripelastus.fi\/ii\/#website\"},\"primaryImageOfPage\":{\"@id\":\"https:\/\/meripelastus.fi\/ii\/yhteystiedot\/#primaryimage\"},\"image\":{\"@id\":\"https:\/\/meripelastus.fi\/ii\/yhteystiedot\/#primaryimage\"},\"thumbnailUrl\":\"https:\/\/meripelastus.fi\/ii\/wp-content\/uploads\/sites\/37\/2022\/04\/rajattu-karsy-scaled.jpg\",\"datePublished\":\"2018-03-19T07:24:37+00:00\",\"dateModified\":\"2024-05-03T15:01:36+00:00\",\"breadcrumb\":{\"@id\":\"https:\/\/meripelastus.fi\/ii\/yhteystiedot\/#breadcrumb\"},\"inLanguage\":\"fi\",\"potentialAction\":[{\"@type\":\"ReadAction\",\"target\":[\"https:\/\/meripelastus.fi\/ii\/yhteystiedot\/\"]}]},{\"@type\":\"ImageObject\",\"inLanguage\":\"fi\",\"@id\":\"https:\/\/meripelastus.fi\/ii\/yhteystiedot\/#primaryimage\",\"url\":\"https:\/\/meripelastus.fi\/ii\/wp-content\/uploads\/sites\/37\/2022\/04\/rajattu-karsy-scaled.jpg\",\"contentUrl\":\"https:\/\/meripelastus.fi\/ii\/wp-content\/uploads\/sites\/37\/2022\/04\/rajattu-karsy-scaled.jpg\",\"width\":2304,\"height\":2560},{\"@type\":\"BreadcrumbList\",\"@id\":\"https:\/\/meripelastus.fi\/ii\/yhteystiedot\/#breadcrumb\",\"itemListElement\":[{\"@type\":\"ListItem\",\"position\":1,\"name\":\"Etusivu\",\"item\":\"https:\/\/meripelastus.fi\/ii\/\"},{\"@type\":\"ListItem\",\"position\":2,\"name\":\"Yhteystiedot\"}]},{\"@type\":\"WebSite\",\"@id\":\"https:\/\/meripelastus.fi\/ii\/#website\",\"url\":\"https:\/\/meripelastus.fi\/ii\/\",\"name\":\"Iin Meripelastajat\",\"description\":\"Vapaaehtoiset apunasi vesill\u00e4\",\"potentialAction\":[{\"@type\":\"SearchAction\",\"target\":{\"@type\":\"EntryPoint\",\"urlTemplate\":\"https:\/\/meripelastus.fi\/ii\/?s={search_term_string}\"},\"query-input\":{\"@type\":\"PropertyValueSpecification\",\"valueRequired\":true,\"valueName\":\"search_term_string\"}}],\"inLanguage\":\"fi\"}]}<\/script>\n<!-- \/ Yoast SEO Premium plugin. -->","yoast_head_json":{"title":"Yhteystiedot - Iin Meripelastajat","robots":{"index":"index","follow":"follow","max-snippet":"max-snippet:-1","max-image-preview":"max-image-preview:large","max-video-preview":"max-video-preview:-1"},"canonical":"https:\/\/meripelastus.fi\/ii\/yhteystiedot\/","og_locale":"fi_FI","og_type":"article","og_title":"Yhteystiedot","og_description":"H\u00e4lytysohje: Kiireett\u00f6m\u00e4t tapaukset: 040 842 2547 (p\u00e4ivyst\u00e4v\u00e4 p\u00e4\u00e4llikk\u00f6) Merell\u00e4 meripelastuksen h\u00e4lytysnumero 0294 1000, tai VHF-kanava 16 \/ VHF-DSC 70. Sis\u00e4vesill\u00e4 yleinen h\u00e4t\u00e4numero 112 Puheenjohtaja:Heikki Sassi-P\u00e4kkil\u00e4+358414724489heikkisassi.hs@gmail.com Yhdistyksen sihteeri:Anne Matikainen+358400586003sihteeri.ii@messi.meripelastus.fi Alusten toiminnasta vastaava p\u00e4\u00e4llikk\u00f6:Antti Wiik+358451895520antti.wiik@gmail.com Koulutusvastaava:Reijo Paakkari+358400854947reijo.paakkari@gmail.com Yhdistyksen postiosoite:SMPS Iin Meripelastajat ryc\/o Anne MatikainenMaalismaantie 66791210 Jakkukyl\u00e4","og_url":"https:\/\/meripelastus.fi\/ii\/yhteystiedot\/","og_site_name":"Iin Meripelastajat","article_modified_time":"2024-05-03T15:01:36+00:00","og_image":[{"width":2304,"height":2560,"url":"https:\/\/meripelastus.fi\/ii\/wp-content\/uploads\/sites\/37\/2022\/04\/rajattu-karsy-scaled.jpg","type":"image\/jpeg"}],"twitter_card":"summary_large_image","twitter_misc":{"Arvioitu lukuaika":"1 minuutti"},"schema":{"@context":"https:\/\/schema.org","@graph":[{"@type":"WebPage","@id":"https:\/\/meripelastus.fi\/ii\/yhteystiedot\/","url":"https:\/\/meripelastus.fi\/ii\/yhteystiedot\/","name":"Yhteystiedot - Iin Meripelastajat","isPartOf":{"@id":"https:\/\/meripelastus.fi\/ii\/#website"},"primaryImageOfPage":{"@id":"https:\/\/meripelastus.fi\/ii\/yhteystiedot\/#primaryimage"},"image":{"@id":"https:\/\/meripelastus.fi\/ii\/yhteystiedot\/#primaryimage"},"thumbnailUrl":"https:\/\/meripelastus.fi\/ii\/wp-content\/uploads\/sites\/37\/2022\/04\/rajattu-karsy-scaled.jpg","datePublished":"2018-03-19T07:24:37+00:00","dateModified":"2024-05-03T15:01:36+00:00","breadcrumb":{"@id":"https:\/\/meripelastus.fi\/ii\/yhteystiedot\/#breadcrumb"},"inLanguage":"fi","potentialAction":[{"@type":"ReadAction","target":["https:\/\/meripelastus.fi\/ii\/yhteystiedot\/"]}]},{"@type":"ImageObject","inLanguage":"fi","@id":"https:\/\/meripelastus.fi\/ii\/yhteystiedot\/#primaryimage","url":"https:\/\/meripelastus.fi\/ii\/wp-content\/uploads\/sites\/37\/2022\/04\/rajattu-karsy-scaled.jpg","contentUrl":"https:\/\/meripelastus.fi\/ii\/wp-content\/uploads\/sites\/37\/2022\/04\/rajattu-karsy-scaled.jpg","width":2304,"height":2560},{"@type":"BreadcrumbList","@id":"https:\/\/meripelastus.fi\/ii\/yhteystiedot\/#breadcrumb","itemListElement":[{"@type":"ListItem","position":1,"name":"Etusivu","item":"https:\/\/meripelastus.fi\/ii\/"},{"@type":"ListItem","position":2,"name":"Yhteystiedot"}]},{"@type":"WebSite","@id":"https:\/\/meripelastus.fi\/ii\/#website","url":"https:\/\/meripelastus.fi\/ii\/","name":"Iin Meripelastajat","description":"Vapaaehtoiset apunasi vesill\u00e4","potentialAction":[{"@type":"SearchAction","target":{"@type":"EntryPoint","urlTemplate":"https:\/\/meripelastus.fi\/ii\/?s={search_term_string}"},"query-input":{"@type":"PropertyValueSpecification","valueRequired":true,"valueName":"search_term_string"}}],"inLanguage":"fi"}]}},"_links":{"self":[{"href":"https:\/\/meripelastus.fi\/ii\/wp-json\/wp\/v2\/pages\/51","targetHints":{"allow":["GET"]}}],"collection":[{"href":"https:\/\/meripelastus.fi\/ii\/wp-json\/wp\/v2\/pages"}],"about":[{"href":"https:\/\/meripelastus.fi\/ii\/wp-json\/wp\/v2\/types\/page"}],"author":[{"embeddable":true,"href":"https:\/\/meripelastus.fi\/ii\/wp-json\/wp\/v2\/users\/1"}],"replies":[{"embeddable":true,"href":"https:\/\/meripelastus.fi\/ii\/wp-json\/wp\/v2\/comments?post=51"}],"version-history":[{"count":14,"href":"https:\/\/meripelastus.fi\/ii\/wp-json\/wp\/v2\/pages\/51\/revisions"}],"predecessor-version":[{"id":491,"href":"https:\/\/meripelastus.fi\/ii\/wp-json\/wp\/v2\/pages\/51\/revisions\/491"}],"wp:featuredmedia":[{"embeddable":true,"href":"https:\/\/meripelastus.fi\/ii\/wp-json\/wp\/v2\/media\/197"}],"wp:attachment":[{"href":"https:\/\/meripelastus.fi\/ii\/wp-json\/wp\/v2\/media?parent=51"}],"curies":[{"name":"wp","href":"https:\/\/api.w.org\/{rel}","templated":true}]}}