{"id":28,"date":"2018-03-19T09:19:27","date_gmt":"2018-03-19T07:19:27","guid":{"rendered":"http:\/\/basetemplate.smpsyhdistykset.16.testivedos.com\/?page_id=28"},"modified":"2023-11-07T16:32:36","modified_gmt":"2023-11-07T14:32:36","slug":"miehisto","status":"publish","type":"page","link":"https:\/\/meripelastus.fi\/ii\/toiminta\/miehisto\/","title":{"rendered":"Miehist\u00f6"},"content":{"rendered":"\n<p>Meripelastusyhdistykset ottavat mielell\u00e4\u00e4n pelastusalustensa miehist\u00f6ihin uusia, innokkaita ihmisi\u00e4. My\u00f6s Iin Meripelastajat ry, joka on tehnyt jo pitk\u00e4\u00e4n vapaaehtoisty\u00f6t\u00e4 vesill\u00e4mme, kouluttaa mielell\u00e4\u00e4n lis\u00e4\u00e4 v\u00e4ke\u00e4 miehist\u00f6\u00f6n.<\/p>\n\n\n\n<p>Harrastuksen aloittaminen ei edellyt\u00e4 veneilykokemusta tai muuta erityisosaamista. Halu auttaa, into oppia uutta ja mahdollisuus sitoutua harrastukseen riitt\u00e4v\u00e4t. Mukana on sek\u00e4 miehi\u00e4 ett\u00e4 naisia, el\u00e4kel\u00e4isi\u00e4 ja ty\u00f6ik\u00e4isi\u00e4. My\u00f6s veneiden yll\u00e4pito- ja huoltoteht\u00e4viss\u00e4 ja muissa tukitoiminnoissa l\u00f6ytyy mukavaa vapaa-ajan puuhaa yhteisest\u00e4 tekemisest\u00e4 kiinnostuneille.<\/p>\n\n\n\n<p>Iin Meripelastajissa p\u00e4\u00e4set vesille ja oppimaan veneilytaitoja kokeneilta konkareilta. Aloita siis el\u00e4m\u00e4si paras harrastus meripelastajana, etk\u00e4 p\u00e4\u00e4se pitk\u00e4stym\u00e4\u00e4n!<\/p>\n\n\n\n<p>Liittym\u00e4ll\u00e4 j\u00e4seneksi autat meit\u00e4 pit\u00e4m\u00e4\u00e4n pelastusalukset merell\u00e4 ja p\u00e4\u00e4set mukaan hyv\u00e4\u00e4n porukkaan ja mielenkiintoiseen toimintaan. J\u00e4seneksi voit liitty\u00e4 ottamalla yhteytt\u00e4 yhdistyksen sihteeriin&nbsp;tai k\u00e4ytt\u00e4m\u00e4ll\u00e4 Suomen Meripelastusseuran<span>&nbsp;<\/span><a href=\"https:\/\/meripelastus.fi\/jasenyys\/liittymislomakkeet\/\">liittymislomakkeita<\/a>.<\/p>\n\n\n\n<p>Tervetuloa mukaan toimintaan!<\/p>\n","protected":false},"excerpt":{"rendered":"<p>Meripelastusyhdistykset ottavat mielell\u00e4\u00e4n pelastusalustensa miehist\u00f6ihin uusia, innokkaita ihmisi\u00e4. My\u00f6s Iin Meripelastajat ry, joka on tehnyt jo pitk\u00e4\u00e4n vapaaehtoisty\u00f6t\u00e4 vesill\u00e4mme, kouluttaa mielell\u00e4\u00e4n lis\u00e4\u00e4 v\u00e4ke\u00e4 miehist\u00f6\u00f6n. Harrastuksen aloittaminen ei edellyt\u00e4 veneilykokemusta tai muuta erityisosaamista. Halu auttaa, into oppia uutta ja mahdollisuus sitoutua harrastukseen riitt\u00e4v\u00e4t. Mukana on sek\u00e4 miehi\u00e4 ett\u00e4 naisia, el\u00e4kel\u00e4isi\u00e4 ja ty\u00f6ik\u00e4isi\u00e4. My\u00f6s veneiden yll\u00e4pito- ja [&hellip;]<\/p>\n","protected":false},"author":1,"featured_media":200,"parent":20,"menu_order":0,"comment_status":"closed","ping_status":"closed","template":"","meta":{"_acf_changed":false,"inline_featured_image":false,"footnotes":""},"class_list":["post-28","page","type-page","status-publish","has-post-thumbnail","hentry"],"acf":[],"yoast_head":"<!-- This site is optimized with the Yoast SEO Premium plugin v27.2 (Yoast SEO v27.2) - https:\/\/yoast.com\/product\/yoast-seo-premium-wordpress\/ -->\n<title>Miehist\u00f6 - Iin Meripelastajat<\/title>\n<meta name=\"robots\" content=\"index, follow, max-snippet:-1, max-image-preview:large, max-video-preview:-1\" \/>\n<link rel=\"canonical\" href=\"https:\/\/meripelastus.fi\/ii\/toiminta\/miehisto\/\" \/>\n<meta property=\"og:locale\" content=\"fi_FI\" \/>\n<meta property=\"og:type\" content=\"article\" \/>\n<meta property=\"og:title\" content=\"Miehist\u00f6\" \/>\n<meta property=\"og:description\" content=\"Meripelastusyhdistykset ottavat mielell\u00e4\u00e4n pelastusalustensa miehist\u00f6ihin uusia, innokkaita ihmisi\u00e4. My\u00f6s Iin Meripelastajat ry, joka on tehnyt jo pitk\u00e4\u00e4n vapaaehtoisty\u00f6t\u00e4 vesill\u00e4mme, kouluttaa mielell\u00e4\u00e4n lis\u00e4\u00e4 v\u00e4ke\u00e4 miehist\u00f6\u00f6n. Harrastuksen aloittaminen ei edellyt\u00e4 veneilykokemusta tai muuta erityisosaamista. Halu auttaa, into oppia uutta ja mahdollisuus sitoutua harrastukseen riitt\u00e4v\u00e4t. Mukana on sek\u00e4 miehi\u00e4 ett\u00e4 naisia, el\u00e4kel\u00e4isi\u00e4 ja ty\u00f6ik\u00e4isi\u00e4. My\u00f6s veneiden yll\u00e4pito- ja [&hellip;]\" \/>\n<meta property=\"og:url\" content=\"https:\/\/meripelastus.fi\/ii\/toiminta\/miehisto\/\" \/>\n<meta property=\"og:site_name\" content=\"Iin Meripelastajat\" \/>\n<meta property=\"article:modified_time\" content=\"2023-11-07T14:32:36+00:00\" \/>\n<meta property=\"og:image\" content=\"https:\/\/meripelastus.fi\/ii\/wp-content\/uploads\/sites\/37\/2022\/04\/karsy-harkoissa-e1650445295430.jpg\" \/>\n\t<meta property=\"og:image:width\" content=\"1800\" \/>\n\t<meta property=\"og:image:height\" content=\"1342\" \/>\n\t<meta property=\"og:image:type\" content=\"image\/jpeg\" \/>\n<meta name=\"twitter:card\" content=\"summary_large_image\" \/>\n<meta name=\"twitter:label1\" content=\"Arvioitu lukuaika\" \/>\n\t<meta name=\"twitter:data1\" content=\"1 minuutti\" \/>\n<script type=\"application\/ld+json\" class=\"yoast-schema-graph\">{\"@context\":\"https:\/\/schema.org\",\"@graph\":[{\"@type\":\"WebPage\",\"@id\":\"https:\/\/meripelastus.fi\/ii\/toiminta\/miehisto\/\",\"url\":\"https:\/\/meripelastus.fi\/ii\/toiminta\/miehisto\/\",\"name\":\"Miehist\u00f6 - Iin Meripelastajat\",\"isPartOf\":{\"@id\":\"https:\/\/meripelastus.fi\/ii\/#website\"},\"primaryImageOfPage\":{\"@id\":\"https:\/\/meripelastus.fi\/ii\/toiminta\/miehisto\/#primaryimage\"},\"image\":{\"@id\":\"https:\/\/meripelastus.fi\/ii\/toiminta\/miehisto\/#primaryimage\"},\"thumbnailUrl\":\"https:\/\/meripelastus.fi\/ii\/wp-content\/uploads\/sites\/37\/2022\/04\/karsy-harkoissa-e1650445295430.jpg\",\"datePublished\":\"2018-03-19T07:19:27+00:00\",\"dateModified\":\"2023-11-07T14:32:36+00:00\",\"breadcrumb\":{\"@id\":\"https:\/\/meripelastus.fi\/ii\/toiminta\/miehisto\/#breadcrumb\"},\"inLanguage\":\"fi\",\"potentialAction\":[{\"@type\":\"ReadAction\",\"target\":[\"https:\/\/meripelastus.fi\/ii\/toiminta\/miehisto\/\"]}]},{\"@type\":\"ImageObject\",\"inLanguage\":\"fi\",\"@id\":\"https:\/\/meripelastus.fi\/ii\/toiminta\/miehisto\/#primaryimage\",\"url\":\"https:\/\/meripelastus.fi\/ii\/wp-content\/uploads\/sites\/37\/2022\/04\/karsy-harkoissa-e1650445295430.jpg\",\"contentUrl\":\"https:\/\/meripelastus.fi\/ii\/wp-content\/uploads\/sites\/37\/2022\/04\/karsy-harkoissa-e1650445295430.jpg\",\"width\":1800,\"height\":1342},{\"@type\":\"BreadcrumbList\",\"@id\":\"https:\/\/meripelastus.fi\/ii\/toiminta\/miehisto\/#breadcrumb\",\"itemListElement\":[{\"@type\":\"ListItem\",\"position\":1,\"name\":\"Etusivu\",\"item\":\"https:\/\/meripelastus.fi\/ii\/\"},{\"@type\":\"ListItem\",\"position\":2,\"name\":\"Toiminta\",\"item\":\"https:\/\/meripelastus.fi\/ii\/toiminta\/\"},{\"@type\":\"ListItem\",\"position\":3,\"name\":\"Miehist\u00f6\"}]},{\"@type\":\"WebSite\",\"@id\":\"https:\/\/meripelastus.fi\/ii\/#website\",\"url\":\"https:\/\/meripelastus.fi\/ii\/\",\"name\":\"Iin Meripelastajat\",\"description\":\"Vapaaehtoiset apunasi vesill\u00e4\",\"potentialAction\":[{\"@type\":\"SearchAction\",\"target\":{\"@type\":\"EntryPoint\",\"urlTemplate\":\"https:\/\/meripelastus.fi\/ii\/?s={search_term_string}\"},\"query-input\":{\"@type\":\"PropertyValueSpecification\",\"valueRequired\":true,\"valueName\":\"search_term_string\"}}],\"inLanguage\":\"fi\"}]}<\/script>\n<!-- \/ Yoast SEO Premium plugin. -->","yoast_head_json":{"title":"Miehist\u00f6 - Iin Meripelastajat","robots":{"index":"index","follow":"follow","max-snippet":"max-snippet:-1","max-image-preview":"max-image-preview:large","max-video-preview":"max-video-preview:-1"},"canonical":"https:\/\/meripelastus.fi\/ii\/toiminta\/miehisto\/","og_locale":"fi_FI","og_type":"article","og_title":"Miehist\u00f6","og_description":"Meripelastusyhdistykset ottavat mielell\u00e4\u00e4n pelastusalustensa miehist\u00f6ihin uusia, innokkaita ihmisi\u00e4. My\u00f6s Iin Meripelastajat ry, joka on tehnyt jo pitk\u00e4\u00e4n vapaaehtoisty\u00f6t\u00e4 vesill\u00e4mme, kouluttaa mielell\u00e4\u00e4n lis\u00e4\u00e4 v\u00e4ke\u00e4 miehist\u00f6\u00f6n. Harrastuksen aloittaminen ei edellyt\u00e4 veneilykokemusta tai muuta erityisosaamista. Halu auttaa, into oppia uutta ja mahdollisuus sitoutua harrastukseen riitt\u00e4v\u00e4t. Mukana on sek\u00e4 miehi\u00e4 ett\u00e4 naisia, el\u00e4kel\u00e4isi\u00e4 ja ty\u00f6ik\u00e4isi\u00e4. My\u00f6s veneiden yll\u00e4pito- ja [&hellip;]","og_url":"https:\/\/meripelastus.fi\/ii\/toiminta\/miehisto\/","og_site_name":"Iin Meripelastajat","article_modified_time":"2023-11-07T14:32:36+00:00","og_image":[{"width":1800,"height":1342,"url":"https:\/\/meripelastus.fi\/ii\/wp-content\/uploads\/sites\/37\/2022\/04\/karsy-harkoissa-e1650445295430.jpg","type":"image\/jpeg"}],"twitter_card":"summary_large_image","twitter_misc":{"Arvioitu lukuaika":"1 minuutti"},"schema":{"@context":"https:\/\/schema.org","@graph":[{"@type":"WebPage","@id":"https:\/\/meripelastus.fi\/ii\/toiminta\/miehisto\/","url":"https:\/\/meripelastus.fi\/ii\/toiminta\/miehisto\/","name":"Miehist\u00f6 - Iin Meripelastajat","isPartOf":{"@id":"https:\/\/meripelastus.fi\/ii\/#website"},"primaryImageOfPage":{"@id":"https:\/\/meripelastus.fi\/ii\/toiminta\/miehisto\/#primaryimage"},"image":{"@id":"https:\/\/meripelastus.fi\/ii\/toiminta\/miehisto\/#primaryimage"},"thumbnailUrl":"https:\/\/meripelastus.fi\/ii\/wp-content\/uploads\/sites\/37\/2022\/04\/karsy-harkoissa-e1650445295430.jpg","datePublished":"2018-03-19T07:19:27+00:00","dateModified":"2023-11-07T14:32:36+00:00","breadcrumb":{"@id":"https:\/\/meripelastus.fi\/ii\/toiminta\/miehisto\/#breadcrumb"},"inLanguage":"fi","potentialAction":[{"@type":"ReadAction","target":["https:\/\/meripelastus.fi\/ii\/toiminta\/miehisto\/"]}]},{"@type":"ImageObject","inLanguage":"fi","@id":"https:\/\/meripelastus.fi\/ii\/toiminta\/miehisto\/#primaryimage","url":"https:\/\/meripelastus.fi\/ii\/wp-content\/uploads\/sites\/37\/2022\/04\/karsy-harkoissa-e1650445295430.jpg","contentUrl":"https:\/\/meripelastus.fi\/ii\/wp-content\/uploads\/sites\/37\/2022\/04\/karsy-harkoissa-e1650445295430.jpg","width":1800,"height":1342},{"@type":"BreadcrumbList","@id":"https:\/\/meripelastus.fi\/ii\/toiminta\/miehisto\/#breadcrumb","itemListElement":[{"@type":"ListItem","position":1,"name":"Etusivu","item":"https:\/\/meripelastus.fi\/ii\/"},{"@type":"ListItem","position":2,"name":"Toiminta","item":"https:\/\/meripelastus.fi\/ii\/toiminta\/"},{"@type":"ListItem","position":3,"name":"Miehist\u00f6"}]},{"@type":"WebSite","@id":"https:\/\/meripelastus.fi\/ii\/#website","url":"https:\/\/meripelastus.fi\/ii\/","name":"Iin Meripelastajat","description":"Vapaaehtoiset apunasi vesill\u00e4","potentialAction":[{"@type":"SearchAction","target":{"@type":"EntryPoint","urlTemplate":"https:\/\/meripelastus.fi\/ii\/?s={search_term_string}"},"query-input":{"@type":"PropertyValueSpecification","valueRequired":true,"valueName":"search_term_string"}}],"inLanguage":"fi"}]}},"_links":{"self":[{"href":"https:\/\/meripelastus.fi\/ii\/wp-json\/wp\/v2\/pages\/28","targetHints":{"allow":["GET"]}}],"collection":[{"href":"https:\/\/meripelastus.fi\/ii\/wp-json\/wp\/v2\/pages"}],"about":[{"href":"https:\/\/meripelastus.fi\/ii\/wp-json\/wp\/v2\/types\/page"}],"author":[{"embeddable":true,"href":"https:\/\/meripelastus.fi\/ii\/wp-json\/wp\/v2\/users\/1"}],"replies":[{"embeddable":true,"href":"https:\/\/meripelastus.fi\/ii\/wp-json\/wp\/v2\/comments?post=28"}],"version-history":[{"count":6,"href":"https:\/\/meripelastus.fi\/ii\/wp-json\/wp\/v2\/pages\/28\/revisions"}],"predecessor-version":[{"id":393,"href":"https:\/\/meripelastus.fi\/ii\/wp-json\/wp\/v2\/pages\/28\/revisions\/393"}],"up":[{"embeddable":true,"href":"https:\/\/meripelastus.fi\/ii\/wp-json\/wp\/v2\/pages\/20"}],"wp:featuredmedia":[{"embeddable":true,"href":"https:\/\/meripelastus.fi\/ii\/wp-json\/wp\/v2\/media\/200"}],"wp:attachment":[{"href":"https:\/\/meripelastus.fi\/ii\/wp-json\/wp\/v2\/media?parent=28"}],"curies":[{"name":"wp","href":"https:\/\/api.w.org\/{rel}","templated":true}]}}