{"id":279,"date":"2022-05-19T17:58:35","date_gmt":"2022-05-19T14:58:35","guid":{"rendered":"https:\/\/meripelastus.fi\/ii-vedos\/?page_id=279"},"modified":"2025-06-28T12:05:46","modified_gmt":"2025-06-28T09:05:46","slug":"tukijamme","status":"publish","type":"page","link":"https:\/\/meripelastus.fi\/ii\/tukijamme\/","title":{"rendered":"Tukijamme"},"content":{"rendered":"\n<p>Yksityisten ihmisten ja yhteis\u00f6jen tuki on meripelastustoiminnan jatkumisen edellytys. Vaikka vapaaehtoiset tekev\u00e4t ty\u00f6t\u00e4\u00e4n&nbsp;korvauksetta, tarvitaan pelastusalusten ja -varusteiden hankintaan ja yll\u00e4pitoon sek\u00e4 miehist\u00f6jen koulutukseen jatkuvaa&nbsp;rahoitusta. Sin\u00e4kin voit auttaa pit\u00e4m\u00e4\u00e4n meripelastajat vesill\u00e4!&nbsp;<\/p>\n\n\n\n<p>Veneilij\u00e4n kannattaa tukea meripelastustoimintaa jo sen vuoksi, ett\u00e4 haverin sattuessa veneen siirrosta voi joutua maksamaan&nbsp;kulukorvauksen. (Ihmiset pelastetaan aina korvauksetta!) Hankkimalla Trossi-j\u00e4senpalvelun varmistat veneellesi avun j\u00e4senetuna.&nbsp;<a href=\"https:\/\/meripelastus.fi\/trossi\/\">https:\/\/meripelastus.fi\/trossi\/<\/a><\/p>\n\n\n\n<hr class=\"wp-block-separator has-alpha-channel-opacity\" \/>\n\n\n\n<p>Haluaisitko tehd\u00e4 lahjoituksen sek\u00e4 yhteisty\u00f6t\u00e4 Iin Meripelastusyhdistyksen kanssa? Ole yhteydess\u00e4 yhdistyksemme puheenjohtajaan.<\/p>\n\n\n\n<p>Heikki Sassi-P\u00e4kkil\u00e4 <\/p>\n\n\n\n<p>+358414724489<br><a href=\"mailto:pj.ii@messi.meripelastus.fi\" target=\"_blank\" rel=\"noopener\">pj.ii@messi.meripelastus.fi<\/a><\/p>\n\n\n\n<figure class=\"wp-block-image size-full is-resized\"><img loading=\"lazy\" decoding=\"async\" width=\"466\" height=\"124\" src=\"https:\/\/meripelastus.fi\/ii\/wp-content\/uploads\/sites\/37\/2024\/04\/karkkainen-logo-1.png\" alt=\"\" class=\"wp-image-476\" style=\"width:496px;height:auto\" srcset=\"https:\/\/meripelastus.fi\/ii\/wp-content\/uploads\/sites\/37\/2024\/04\/karkkainen-logo-1.png 466w, https:\/\/meripelastus.fi\/ii\/wp-content\/uploads\/sites\/37\/2024\/04\/karkkainen-logo-1-300x80.png 300w\" sizes=\"auto, (max-width: 466px) 100vw, 466px\" \/><\/figure>\n\n\n\n<figure class=\"wp-block-image size-full is-resized\"><img loading=\"lazy\" decoding=\"async\" width=\"600\" height=\"138\" src=\"https:\/\/meripelastus.fi\/ii\/wp-content\/uploads\/sites\/37\/2025\/06\/logo-600px-1.png\" alt=\"\" class=\"wp-image-522\" style=\"width:683px;height:auto\" srcset=\"https:\/\/meripelastus.fi\/ii\/wp-content\/uploads\/sites\/37\/2025\/06\/logo-600px-1.png 600w, https:\/\/meripelastus.fi\/ii\/wp-content\/uploads\/sites\/37\/2025\/06\/logo-600px-1-300x69.png 300w\" sizes=\"auto, (max-width: 600px) 100vw, 600px\" \/><\/figure>\n\n\n\n<figure class=\"wp-block-image size-large is-resized\"><img loading=\"lazy\" decoding=\"async\" width=\"1024\" height=\"200\" src=\"https:\/\/meripelastus.fi\/ii\/wp-content\/uploads\/sites\/37\/2025\/02\/sponsori--1024x200.jpg\" alt=\"\" class=\"wp-image-507\" style=\"width:725px;height:auto\" srcset=\"https:\/\/meripelastus.fi\/ii\/wp-content\/uploads\/sites\/37\/2025\/02\/sponsori--1024x200.jpg 1024w, https:\/\/meripelastus.fi\/ii\/wp-content\/uploads\/sites\/37\/2025\/02\/sponsori--300x59.jpg 300w, https:\/\/meripelastus.fi\/ii\/wp-content\/uploads\/sites\/37\/2025\/02\/sponsori--768x150.jpg 768w, https:\/\/meripelastus.fi\/ii\/wp-content\/uploads\/sites\/37\/2025\/02\/sponsori--1170x230.jpg 1170w, https:\/\/meripelastus.fi\/ii\/wp-content\/uploads\/sites\/37\/2025\/02\/sponsori-.jpg 1179w\" sizes=\"auto, (max-width: 1024px) 100vw, 1024px\" \/><\/figure>\n\n\n\n<figure class=\"wp-block-image size-full is-resized\"><img loading=\"lazy\" decoding=\"async\" width=\"1024\" height=\"729\" src=\"https:\/\/meripelastus.fi\/ii\/wp-content\/uploads\/sites\/37\/2024\/04\/tahtihuolto-png-1024x729-1-3.png\" alt=\"\" class=\"wp-image-477\" style=\"width:279px;height:auto\" srcset=\"https:\/\/meripelastus.fi\/ii\/wp-content\/uploads\/sites\/37\/2024\/04\/tahtihuolto-png-1024x729-1-3.png 1024w, https:\/\/meripelastus.fi\/ii\/wp-content\/uploads\/sites\/37\/2024\/04\/tahtihuolto-png-1024x729-1-3-300x214.png 300w, https:\/\/meripelastus.fi\/ii\/wp-content\/uploads\/sites\/37\/2024\/04\/tahtihuolto-png-1024x729-1-3-768x547.png 768w\" sizes=\"auto, (max-width: 1024px) 100vw, 1024px\" \/><\/figure>\n\n\n\n<figure class=\"wp-block-image size-full is-resized\"><img loading=\"lazy\" decoding=\"async\" width=\"241\" height=\"75\" src=\"https:\/\/meripelastus.fi\/ii\/wp-content\/uploads\/sites\/37\/2024\/04\/mannrakennus-j-pakkilalogo.png\" alt=\"\" class=\"wp-image-475\" style=\"width:488px;height:auto\" \/><\/figure>\n\n\n\n<figure class=\"wp-block-image size-full is-resized\"><img loading=\"lazy\" decoding=\"async\" width=\"996\" height=\"207\" src=\"https:\/\/meripelastus.fi\/ii\/wp-content\/uploads\/sites\/37\/2025\/06\/Putaan_Pulla_logo-1.jpg\" alt=\"\" class=\"wp-image-523\" style=\"width:693px;height:auto\" srcset=\"https:\/\/meripelastus.fi\/ii\/wp-content\/uploads\/sites\/37\/2025\/06\/Putaan_Pulla_logo-1.jpg 996w, https:\/\/meripelastus.fi\/ii\/wp-content\/uploads\/sites\/37\/2025\/06\/Putaan_Pulla_logo-1-300x62.jpg 300w, https:\/\/meripelastus.fi\/ii\/wp-content\/uploads\/sites\/37\/2025\/06\/Putaan_Pulla_logo-1-768x160.jpg 768w\" sizes=\"auto, (max-width: 996px) 100vw, 996px\" \/><\/figure>\n","protected":false},"excerpt":{"rendered":"<p>Yksityisten ihmisten ja yhteis\u00f6jen tuki on meripelastustoiminnan jatkumisen edellytys. Vaikka vapaaehtoiset tekev\u00e4t ty\u00f6t\u00e4\u00e4n&nbsp;korvauksetta, tarvitaan pelastusalusten ja -varusteiden hankintaan ja yll\u00e4pitoon sek\u00e4 miehist\u00f6jen koulutukseen jatkuvaa&nbsp;rahoitusta. Sin\u00e4kin voit auttaa pit\u00e4m\u00e4\u00e4n meripelastajat vesill\u00e4!&nbsp; Veneilij\u00e4n kannattaa tukea meripelastustoimintaa jo sen vuoksi, ett\u00e4 haverin sattuessa veneen siirrosta voi joutua maksamaan&nbsp;kulukorvauksen. (Ihmiset pelastetaan aina korvauksetta!) Hankkimalla Trossi-j\u00e4senpalvelun varmistat veneellesi avun j\u00e4senetuna.&nbsp;https:\/\/meripelastus.fi\/trossi\/ [&hellip;]<\/p>\n","protected":false},"author":97,"featured_media":0,"parent":0,"menu_order":0,"comment_status":"closed","ping_status":"closed","template":"","meta":{"_acf_changed":false,"inline_featured_image":false,"footnotes":""},"class_list":["post-279","page","type-page","status-publish","hentry"],"acf":[],"yoast_head":"<!-- This site is optimized with the Yoast SEO Premium plugin v27.2 (Yoast SEO v27.2) - https:\/\/yoast.com\/product\/yoast-seo-premium-wordpress\/ -->\n<title>Tukijamme - Iin Meripelastajat<\/title>\n<meta name=\"robots\" content=\"index, follow, max-snippet:-1, max-image-preview:large, max-video-preview:-1\" \/>\n<link rel=\"canonical\" href=\"https:\/\/meripelastus.fi\/ii\/tukijamme\/\" \/>\n<meta property=\"og:locale\" content=\"fi_FI\" \/>\n<meta property=\"og:type\" content=\"article\" \/>\n<meta property=\"og:title\" content=\"Tukijamme\" \/>\n<meta property=\"og:description\" content=\"Yksityisten ihmisten ja yhteis\u00f6jen tuki on meripelastustoiminnan jatkumisen edellytys. Vaikka vapaaehtoiset tekev\u00e4t ty\u00f6t\u00e4\u00e4n&nbsp;korvauksetta, tarvitaan pelastusalusten ja -varusteiden hankintaan ja yll\u00e4pitoon sek\u00e4 miehist\u00f6jen koulutukseen jatkuvaa&nbsp;rahoitusta. Sin\u00e4kin voit auttaa pit\u00e4m\u00e4\u00e4n meripelastajat vesill\u00e4!&nbsp; Veneilij\u00e4n kannattaa tukea meripelastustoimintaa jo sen vuoksi, ett\u00e4 haverin sattuessa veneen siirrosta voi joutua maksamaan&nbsp;kulukorvauksen. (Ihmiset pelastetaan aina korvauksetta!) Hankkimalla Trossi-j\u00e4senpalvelun varmistat veneellesi avun j\u00e4senetuna.&nbsp;https:\/\/meripelastus.fi\/trossi\/ [&hellip;]\" \/>\n<meta property=\"og:url\" content=\"https:\/\/meripelastus.fi\/ii\/tukijamme\/\" \/>\n<meta property=\"og:site_name\" content=\"Iin Meripelastajat\" \/>\n<meta property=\"article:modified_time\" content=\"2025-06-28T09:05:46+00:00\" \/>\n<meta property=\"og:image\" content=\"https:\/\/meripelastus.fi\/ii\/wp-content\/uploads\/sites\/37\/2024\/04\/karkkainen-logo-1.png\" \/>\n\t<meta property=\"og:image:width\" content=\"466\" \/>\n\t<meta property=\"og:image:height\" content=\"124\" \/>\n\t<meta property=\"og:image:type\" content=\"image\/png\" \/>\n<meta name=\"twitter:card\" content=\"summary_large_image\" \/>\n<meta name=\"twitter:label1\" content=\"Arvioitu lukuaika\" \/>\n\t<meta name=\"twitter:data1\" content=\"2 minuuttia\" \/>\n<script type=\"application\/ld+json\" class=\"yoast-schema-graph\">{\"@context\":\"https:\/\/schema.org\",\"@graph\":[{\"@type\":\"WebPage\",\"@id\":\"https:\/\/meripelastus.fi\/ii\/tukijamme\/\",\"url\":\"https:\/\/meripelastus.fi\/ii\/tukijamme\/\",\"name\":\"Tukijamme - Iin Meripelastajat\",\"isPartOf\":{\"@id\":\"https:\/\/meripelastus.fi\/ii\/#website\"},\"primaryImageOfPage\":{\"@id\":\"https:\/\/meripelastus.fi\/ii\/tukijamme\/#primaryimage\"},\"image\":{\"@id\":\"https:\/\/meripelastus.fi\/ii\/tukijamme\/#primaryimage\"},\"thumbnailUrl\":\"https:\/\/meripelastus.fi\/ii\/wp-content\/uploads\/sites\/37\/2024\/04\/karkkainen-logo-1.png\",\"datePublished\":\"2022-05-19T14:58:35+00:00\",\"dateModified\":\"2025-06-28T09:05:46+00:00\",\"breadcrumb\":{\"@id\":\"https:\/\/meripelastus.fi\/ii\/tukijamme\/#breadcrumb\"},\"inLanguage\":\"fi\",\"potentialAction\":[{\"@type\":\"ReadAction\",\"target\":[\"https:\/\/meripelastus.fi\/ii\/tukijamme\/\"]}]},{\"@type\":\"ImageObject\",\"inLanguage\":\"fi\",\"@id\":\"https:\/\/meripelastus.fi\/ii\/tukijamme\/#primaryimage\",\"url\":\"https:\/\/meripelastus.fi\/ii\/wp-content\/uploads\/sites\/37\/2024\/04\/karkkainen-logo-1.png\",\"contentUrl\":\"https:\/\/meripelastus.fi\/ii\/wp-content\/uploads\/sites\/37\/2024\/04\/karkkainen-logo-1.png\",\"width\":466,\"height\":124},{\"@type\":\"BreadcrumbList\",\"@id\":\"https:\/\/meripelastus.fi\/ii\/tukijamme\/#breadcrumb\",\"itemListElement\":[{\"@type\":\"ListItem\",\"position\":1,\"name\":\"Etusivu\",\"item\":\"https:\/\/meripelastus.fi\/ii\/\"},{\"@type\":\"ListItem\",\"position\":2,\"name\":\"Tukijamme\"}]},{\"@type\":\"WebSite\",\"@id\":\"https:\/\/meripelastus.fi\/ii\/#website\",\"url\":\"https:\/\/meripelastus.fi\/ii\/\",\"name\":\"Iin Meripelastajat\",\"description\":\"Vapaaehtoiset apunasi vesill\u00e4\",\"potentialAction\":[{\"@type\":\"SearchAction\",\"target\":{\"@type\":\"EntryPoint\",\"urlTemplate\":\"https:\/\/meripelastus.fi\/ii\/?s={search_term_string}\"},\"query-input\":{\"@type\":\"PropertyValueSpecification\",\"valueRequired\":true,\"valueName\":\"search_term_string\"}}],\"inLanguage\":\"fi\"}]}<\/script>\n<!-- \/ Yoast SEO Premium plugin. -->","yoast_head_json":{"title":"Tukijamme - Iin Meripelastajat","robots":{"index":"index","follow":"follow","max-snippet":"max-snippet:-1","max-image-preview":"max-image-preview:large","max-video-preview":"max-video-preview:-1"},"canonical":"https:\/\/meripelastus.fi\/ii\/tukijamme\/","og_locale":"fi_FI","og_type":"article","og_title":"Tukijamme","og_description":"Yksityisten ihmisten ja yhteis\u00f6jen tuki on meripelastustoiminnan jatkumisen edellytys. Vaikka vapaaehtoiset tekev\u00e4t ty\u00f6t\u00e4\u00e4n&nbsp;korvauksetta, tarvitaan pelastusalusten ja -varusteiden hankintaan ja yll\u00e4pitoon sek\u00e4 miehist\u00f6jen koulutukseen jatkuvaa&nbsp;rahoitusta. Sin\u00e4kin voit auttaa pit\u00e4m\u00e4\u00e4n meripelastajat vesill\u00e4!&nbsp; Veneilij\u00e4n kannattaa tukea meripelastustoimintaa jo sen vuoksi, ett\u00e4 haverin sattuessa veneen siirrosta voi joutua maksamaan&nbsp;kulukorvauksen. (Ihmiset pelastetaan aina korvauksetta!) Hankkimalla Trossi-j\u00e4senpalvelun varmistat veneellesi avun j\u00e4senetuna.&nbsp;https:\/\/meripelastus.fi\/trossi\/ [&hellip;]","og_url":"https:\/\/meripelastus.fi\/ii\/tukijamme\/","og_site_name":"Iin Meripelastajat","article_modified_time":"2025-06-28T09:05:46+00:00","og_image":[{"width":466,"height":124,"url":"https:\/\/meripelastus.fi\/ii\/wp-content\/uploads\/sites\/37\/2024\/04\/karkkainen-logo-1.png","type":"image\/png"}],"twitter_card":"summary_large_image","twitter_misc":{"Arvioitu lukuaika":"2 minuuttia"},"schema":{"@context":"https:\/\/schema.org","@graph":[{"@type":"WebPage","@id":"https:\/\/meripelastus.fi\/ii\/tukijamme\/","url":"https:\/\/meripelastus.fi\/ii\/tukijamme\/","name":"Tukijamme - Iin Meripelastajat","isPartOf":{"@id":"https:\/\/meripelastus.fi\/ii\/#website"},"primaryImageOfPage":{"@id":"https:\/\/meripelastus.fi\/ii\/tukijamme\/#primaryimage"},"image":{"@id":"https:\/\/meripelastus.fi\/ii\/tukijamme\/#primaryimage"},"thumbnailUrl":"https:\/\/meripelastus.fi\/ii\/wp-content\/uploads\/sites\/37\/2024\/04\/karkkainen-logo-1.png","datePublished":"2022-05-19T14:58:35+00:00","dateModified":"2025-06-28T09:05:46+00:00","breadcrumb":{"@id":"https:\/\/meripelastus.fi\/ii\/tukijamme\/#breadcrumb"},"inLanguage":"fi","potentialAction":[{"@type":"ReadAction","target":["https:\/\/meripelastus.fi\/ii\/tukijamme\/"]}]},{"@type":"ImageObject","inLanguage":"fi","@id":"https:\/\/meripelastus.fi\/ii\/tukijamme\/#primaryimage","url":"https:\/\/meripelastus.fi\/ii\/wp-content\/uploads\/sites\/37\/2024\/04\/karkkainen-logo-1.png","contentUrl":"https:\/\/meripelastus.fi\/ii\/wp-content\/uploads\/sites\/37\/2024\/04\/karkkainen-logo-1.png","width":466,"height":124},{"@type":"BreadcrumbList","@id":"https:\/\/meripelastus.fi\/ii\/tukijamme\/#breadcrumb","itemListElement":[{"@type":"ListItem","position":1,"name":"Etusivu","item":"https:\/\/meripelastus.fi\/ii\/"},{"@type":"ListItem","position":2,"name":"Tukijamme"}]},{"@type":"WebSite","@id":"https:\/\/meripelastus.fi\/ii\/#website","url":"https:\/\/meripelastus.fi\/ii\/","name":"Iin Meripelastajat","description":"Vapaaehtoiset apunasi vesill\u00e4","potentialAction":[{"@type":"SearchAction","target":{"@type":"EntryPoint","urlTemplate":"https:\/\/meripelastus.fi\/ii\/?s={search_term_string}"},"query-input":{"@type":"PropertyValueSpecification","valueRequired":true,"valueName":"search_term_string"}}],"inLanguage":"fi"}]}},"_links":{"self":[{"href":"https:\/\/meripelastus.fi\/ii\/wp-json\/wp\/v2\/pages\/279","targetHints":{"allow":["GET"]}}],"collection":[{"href":"https:\/\/meripelastus.fi\/ii\/wp-json\/wp\/v2\/pages"}],"about":[{"href":"https:\/\/meripelastus.fi\/ii\/wp-json\/wp\/v2\/types\/page"}],"author":[{"embeddable":true,"href":"https:\/\/meripelastus.fi\/ii\/wp-json\/wp\/v2\/users\/97"}],"replies":[{"embeddable":true,"href":"https:\/\/meripelastus.fi\/ii\/wp-json\/wp\/v2\/comments?post=279"}],"version-history":[{"count":23,"href":"https:\/\/meripelastus.fi\/ii\/wp-json\/wp\/v2\/pages\/279\/revisions"}],"predecessor-version":[{"id":525,"href":"https:\/\/meripelastus.fi\/ii\/wp-json\/wp\/v2\/pages\/279\/revisions\/525"}],"wp:attachment":[{"href":"https:\/\/meripelastus.fi\/ii\/wp-json\/wp\/v2\/media?parent=279"}],"curies":[{"name":"wp","href":"https:\/\/api.w.org\/{rel}","templated":true}]}}