{"id":26,"date":"2018-03-19T09:19:10","date_gmt":"2018-03-19T07:19:10","guid":{"rendered":"http:\/\/basetemplate.smpsyhdistykset.16.testivedos.com\/?page_id=26"},"modified":"2025-02-20T21:32:57","modified_gmt":"2025-02-20T19:32:57","slug":"alukset","status":"publish","type":"page","link":"https:\/\/meripelastus.fi\/ii\/toiminta\/alukset\/","title":{"rendered":"Alukset"},"content":{"rendered":"\n<h2 class=\"wp-block-heading\" id=\"h-pv-karkkainen-rek-nro-a-24702\"><b>PV K\u00e4rkk\u00e4inen , rek.nro A-24702<\/b><\/h2>\n\n\n\n<figure class=\"wp-block-image size-large\"><img loading=\"lazy\" decoding=\"async\" width=\"768\" height=\"1024\" src=\"https:\/\/meripelastus.fi\/ii\/wp-content\/uploads\/sites\/37\/2025\/02\/PV-Karkkainen-2-768x1024.jpg\" alt=\"\" class=\"wp-image-504\" srcset=\"https:\/\/meripelastus.fi\/ii\/wp-content\/uploads\/sites\/37\/2025\/02\/PV-Karkkainen-2-768x1024.jpg 768w, https:\/\/meripelastus.fi\/ii\/wp-content\/uploads\/sites\/37\/2025\/02\/PV-Karkkainen-2-225x300.jpg 225w, https:\/\/meripelastus.fi\/ii\/wp-content\/uploads\/sites\/37\/2025\/02\/PV-Karkkainen-2-1152x1536.jpg 1152w, https:\/\/meripelastus.fi\/ii\/wp-content\/uploads\/sites\/37\/2025\/02\/PV-Karkkainen-2-1536x2048.jpg 1536w, https:\/\/meripelastus.fi\/ii\/wp-content\/uploads\/sites\/37\/2025\/02\/PV-Karkkainen-2-scaled.jpg 1920w\" sizes=\"auto, (max-width: 768px) 100vw, 768px\" \/><\/figure>\n\n\n\n<h2 class=\"wp-block-heading\" id=\"h-pv-karkkainen-v-l-s-748\">PV K\u00c4RKK\u00c4INEN ( V L S 748 )<\/h2>\n\n\n\n<p>-rakennettu ja k\u00e4ytt\u00f6\u00f6n otettu 1988<\/p>\n\n\n\n<ul class=\"wp-block-list\">\n<li>pituus 10,1 m<\/li>\n\n\n\n<li>leveys 3,2 m<\/li>\n\n\n\n<li>syv\u00e4ys 0,8 m<\/li>\n\n\n\n<li>koneen teho 110 kw<\/li>\n\n\n\n<li>matkanopeus 12 solmua ja huippunopeus 15 solmua<\/li>\n\n\n\n<li>toiminta-aika 12 h<\/li>\n\n\n\n<li>kotisatama&nbsp; Iin Rantakestil\u00e4<\/li>\n\n\n\n<li> VHF-tunnus OF-5570<\/li>\n\n\n\n<li>MMSI 230986580<\/li>\n\n\n\n<li>GSM 040.8422547<\/li>\n\n\n\n<li>tutka 1 kpl<\/li>\n\n\n\n<li>karttaplotteri ja erillinen GPS<\/li>\n\n\n\n<li>s\u00e4hk\u00f6kompassi<\/li>\n\n\n\n<li>magneettikompassi<\/li>\n\n\n\n<li>ilmapuntari ja l\u00e4mp\u00f6mittari<\/li>\n\n\n\n<li>kiinte\u00e4 VHF-DSC<\/li>\n\n\n\n<li>kaksi kannettavaa VHF-puhelinta<\/li>\n\n\n\n<li>kiinte\u00e4 Virve-radio<\/li>\n\n\n\n<li>palopummppu 5 baaria ja 500&nbsp; l\/min, letkua 50 metri\u00e4<\/li>\n\n\n\n<li>virranm\u00e4\u00e4rityspoiju ja raivauskalusto<\/li>\n\n\n\n<li>etsint\u00e4valot kolme kpl, 12 volttia<\/li>\n\n\n\n<li>potilaankuljetustila, tyhji\u00f6lastat, EA-laukku ja defibrillaatori sek\u00e4 paarit<\/li>\n\n\n\n<li>hinausk\u00f6ysi 100 metri\u00e4<\/li>\n\n\n\n<li>apuvene -, viisi metri\u00e4, per\u00e4moottori 30 hv<\/li>\n<\/ul>\n\n\n\n<h2 class=\"wp-block-heading\" id=\"h-pv-puusta\">pv puusta<\/h2>\n\n\n\n<h2 class=\"wp-block-heading\" id=\"h-\"><\/h2>\n\n\n\n<figure class=\"wp-block-image size-large\"><img loading=\"lazy\" decoding=\"async\" width=\"768\" height=\"1024\" src=\"https:\/\/meripelastus.fi\/ii\/wp-content\/uploads\/sites\/37\/2025\/02\/PV-Puusta-2-768x1024.jpg\" alt=\"\" class=\"wp-image-505\" srcset=\"https:\/\/meripelastus.fi\/ii\/wp-content\/uploads\/sites\/37\/2025\/02\/PV-Puusta-2-768x1024.jpg 768w, https:\/\/meripelastus.fi\/ii\/wp-content\/uploads\/sites\/37\/2025\/02\/PV-Puusta-2-225x300.jpg 225w, https:\/\/meripelastus.fi\/ii\/wp-content\/uploads\/sites\/37\/2025\/02\/PV-Puusta-2-1152x1536.jpg 1152w, https:\/\/meripelastus.fi\/ii\/wp-content\/uploads\/sites\/37\/2025\/02\/PV-Puusta-2-1536x2048.jpg 1536w, https:\/\/meripelastus.fi\/ii\/wp-content\/uploads\/sites\/37\/2025\/02\/PV-Puusta-2-scaled.jpg 1920w\" sizes=\"auto, (max-width: 768px) 100vw, 768px\" \/><\/figure>\n","protected":false},"excerpt":{"rendered":"<p>PV K\u00e4rkk\u00e4inen , rek.nro A-24702 PV K\u00c4RKK\u00c4INEN ( V L S 748 ) -rakennettu ja k\u00e4ytt\u00f6\u00f6n otettu 1988 pv puusta<\/p>\n","protected":false},"author":1,"featured_media":0,"parent":20,"menu_order":0,"comment_status":"closed","ping_status":"closed","template":"","meta":{"_acf_changed":false,"inline_featured_image":false,"footnotes":""},"class_list":["post-26","page","type-page","status-publish","hentry"],"acf":[],"yoast_head":"<!-- This site is optimized with the Yoast SEO Premium plugin v27.2 (Yoast SEO v27.2) - https:\/\/yoast.com\/product\/yoast-seo-premium-wordpress\/ -->\n<title>Alukset - Iin Meripelastajat<\/title>\n<meta name=\"robots\" content=\"index, follow, max-snippet:-1, max-image-preview:large, max-video-preview:-1\" \/>\n<link rel=\"canonical\" href=\"https:\/\/meripelastus.fi\/ii\/toiminta\/alukset\/\" \/>\n<meta property=\"og:locale\" content=\"fi_FI\" \/>\n<meta property=\"og:type\" content=\"article\" \/>\n<meta property=\"og:title\" content=\"Alukset\" \/>\n<meta property=\"og:description\" content=\"PV K\u00e4rkk\u00e4inen , rek.nro A-24702 PV K\u00c4RKK\u00c4INEN ( V L S 748 ) -rakennettu ja k\u00e4ytt\u00f6\u00f6n otettu 1988 pv puusta\" \/>\n<meta property=\"og:url\" content=\"https:\/\/meripelastus.fi\/ii\/toiminta\/alukset\/\" \/>\n<meta property=\"og:site_name\" content=\"Iin Meripelastajat\" \/>\n<meta property=\"article:modified_time\" content=\"2025-02-20T19:32:57+00:00\" \/>\n<meta property=\"og:image\" content=\"https:\/\/meripelastus.fi\/ii\/wp-content\/uploads\/sites\/37\/2025\/02\/PV-Karkkainen-2-scaled.jpg\" \/>\n\t<meta property=\"og:image:width\" content=\"1920\" \/>\n\t<meta property=\"og:image:height\" content=\"2560\" \/>\n\t<meta property=\"og:image:type\" content=\"image\/jpeg\" \/>\n<meta name=\"twitter:card\" content=\"summary_large_image\" \/>\n<meta name=\"twitter:label1\" content=\"Arvioitu lukuaika\" \/>\n\t<meta name=\"twitter:data1\" content=\"2 minuuttia\" \/>\n<script type=\"application\/ld+json\" class=\"yoast-schema-graph\">{\"@context\":\"https:\/\/schema.org\",\"@graph\":[{\"@type\":\"WebPage\",\"@id\":\"https:\/\/meripelastus.fi\/ii\/toiminta\/alukset\/\",\"url\":\"https:\/\/meripelastus.fi\/ii\/toiminta\/alukset\/\",\"name\":\"Alukset - Iin Meripelastajat\",\"isPartOf\":{\"@id\":\"https:\/\/meripelastus.fi\/ii\/#website\"},\"primaryImageOfPage\":{\"@id\":\"https:\/\/meripelastus.fi\/ii\/toiminta\/alukset\/#primaryimage\"},\"image\":{\"@id\":\"https:\/\/meripelastus.fi\/ii\/toiminta\/alukset\/#primaryimage\"},\"thumbnailUrl\":\"https:\/\/meripelastus.fi\/ii\/wp-content\/uploads\/sites\/37\/2025\/02\/PV-Karkkainen-2-768x1024.jpg\",\"datePublished\":\"2018-03-19T07:19:10+00:00\",\"dateModified\":\"2025-02-20T19:32:57+00:00\",\"breadcrumb\":{\"@id\":\"https:\/\/meripelastus.fi\/ii\/toiminta\/alukset\/#breadcrumb\"},\"inLanguage\":\"fi\",\"potentialAction\":[{\"@type\":\"ReadAction\",\"target\":[\"https:\/\/meripelastus.fi\/ii\/toiminta\/alukset\/\"]}]},{\"@type\":\"ImageObject\",\"inLanguage\":\"fi\",\"@id\":\"https:\/\/meripelastus.fi\/ii\/toiminta\/alukset\/#primaryimage\",\"url\":\"https:\/\/meripelastus.fi\/ii\/wp-content\/uploads\/sites\/37\/2025\/02\/PV-Karkkainen-2-scaled.jpg\",\"contentUrl\":\"https:\/\/meripelastus.fi\/ii\/wp-content\/uploads\/sites\/37\/2025\/02\/PV-Karkkainen-2-scaled.jpg\",\"width\":1920,\"height\":2560},{\"@type\":\"BreadcrumbList\",\"@id\":\"https:\/\/meripelastus.fi\/ii\/toiminta\/alukset\/#breadcrumb\",\"itemListElement\":[{\"@type\":\"ListItem\",\"position\":1,\"name\":\"Etusivu\",\"item\":\"https:\/\/meripelastus.fi\/ii\/\"},{\"@type\":\"ListItem\",\"position\":2,\"name\":\"Toiminta\",\"item\":\"https:\/\/meripelastus.fi\/ii\/toiminta\/\"},{\"@type\":\"ListItem\",\"position\":3,\"name\":\"Alukset\"}]},{\"@type\":\"WebSite\",\"@id\":\"https:\/\/meripelastus.fi\/ii\/#website\",\"url\":\"https:\/\/meripelastus.fi\/ii\/\",\"name\":\"Iin Meripelastajat\",\"description\":\"Vapaaehtoiset apunasi vesill\u00e4\",\"potentialAction\":[{\"@type\":\"SearchAction\",\"target\":{\"@type\":\"EntryPoint\",\"urlTemplate\":\"https:\/\/meripelastus.fi\/ii\/?s={search_term_string}\"},\"query-input\":{\"@type\":\"PropertyValueSpecification\",\"valueRequired\":true,\"valueName\":\"search_term_string\"}}],\"inLanguage\":\"fi\"}]}<\/script>\n<!-- \/ Yoast SEO Premium plugin. -->","yoast_head_json":{"title":"Alukset - Iin Meripelastajat","robots":{"index":"index","follow":"follow","max-snippet":"max-snippet:-1","max-image-preview":"max-image-preview:large","max-video-preview":"max-video-preview:-1"},"canonical":"https:\/\/meripelastus.fi\/ii\/toiminta\/alukset\/","og_locale":"fi_FI","og_type":"article","og_title":"Alukset","og_description":"PV K\u00e4rkk\u00e4inen , rek.nro A-24702 PV K\u00c4RKK\u00c4INEN ( V L S 748 ) -rakennettu ja k\u00e4ytt\u00f6\u00f6n otettu 1988 pv puusta","og_url":"https:\/\/meripelastus.fi\/ii\/toiminta\/alukset\/","og_site_name":"Iin Meripelastajat","article_modified_time":"2025-02-20T19:32:57+00:00","og_image":[{"width":1920,"height":2560,"url":"https:\/\/meripelastus.fi\/ii\/wp-content\/uploads\/sites\/37\/2025\/02\/PV-Karkkainen-2-scaled.jpg","type":"image\/jpeg"}],"twitter_card":"summary_large_image","twitter_misc":{"Arvioitu lukuaika":"2 minuuttia"},"schema":{"@context":"https:\/\/schema.org","@graph":[{"@type":"WebPage","@id":"https:\/\/meripelastus.fi\/ii\/toiminta\/alukset\/","url":"https:\/\/meripelastus.fi\/ii\/toiminta\/alukset\/","name":"Alukset - Iin Meripelastajat","isPartOf":{"@id":"https:\/\/meripelastus.fi\/ii\/#website"},"primaryImageOfPage":{"@id":"https:\/\/meripelastus.fi\/ii\/toiminta\/alukset\/#primaryimage"},"image":{"@id":"https:\/\/meripelastus.fi\/ii\/toiminta\/alukset\/#primaryimage"},"thumbnailUrl":"https:\/\/meripelastus.fi\/ii\/wp-content\/uploads\/sites\/37\/2025\/02\/PV-Karkkainen-2-768x1024.jpg","datePublished":"2018-03-19T07:19:10+00:00","dateModified":"2025-02-20T19:32:57+00:00","breadcrumb":{"@id":"https:\/\/meripelastus.fi\/ii\/toiminta\/alukset\/#breadcrumb"},"inLanguage":"fi","potentialAction":[{"@type":"ReadAction","target":["https:\/\/meripelastus.fi\/ii\/toiminta\/alukset\/"]}]},{"@type":"ImageObject","inLanguage":"fi","@id":"https:\/\/meripelastus.fi\/ii\/toiminta\/alukset\/#primaryimage","url":"https:\/\/meripelastus.fi\/ii\/wp-content\/uploads\/sites\/37\/2025\/02\/PV-Karkkainen-2-scaled.jpg","contentUrl":"https:\/\/meripelastus.fi\/ii\/wp-content\/uploads\/sites\/37\/2025\/02\/PV-Karkkainen-2-scaled.jpg","width":1920,"height":2560},{"@type":"BreadcrumbList","@id":"https:\/\/meripelastus.fi\/ii\/toiminta\/alukset\/#breadcrumb","itemListElement":[{"@type":"ListItem","position":1,"name":"Etusivu","item":"https:\/\/meripelastus.fi\/ii\/"},{"@type":"ListItem","position":2,"name":"Toiminta","item":"https:\/\/meripelastus.fi\/ii\/toiminta\/"},{"@type":"ListItem","position":3,"name":"Alukset"}]},{"@type":"WebSite","@id":"https:\/\/meripelastus.fi\/ii\/#website","url":"https:\/\/meripelastus.fi\/ii\/","name":"Iin Meripelastajat","description":"Vapaaehtoiset apunasi vesill\u00e4","potentialAction":[{"@type":"SearchAction","target":{"@type":"EntryPoint","urlTemplate":"https:\/\/meripelastus.fi\/ii\/?s={search_term_string}"},"query-input":{"@type":"PropertyValueSpecification","valueRequired":true,"valueName":"search_term_string"}}],"inLanguage":"fi"}]}},"_links":{"self":[{"href":"https:\/\/meripelastus.fi\/ii\/wp-json\/wp\/v2\/pages\/26","targetHints":{"allow":["GET"]}}],"collection":[{"href":"https:\/\/meripelastus.fi\/ii\/wp-json\/wp\/v2\/pages"}],"about":[{"href":"https:\/\/meripelastus.fi\/ii\/wp-json\/wp\/v2\/types\/page"}],"author":[{"embeddable":true,"href":"https:\/\/meripelastus.fi\/ii\/wp-json\/wp\/v2\/users\/1"}],"replies":[{"embeddable":true,"href":"https:\/\/meripelastus.fi\/ii\/wp-json\/wp\/v2\/comments?post=26"}],"version-history":[{"count":15,"href":"https:\/\/meripelastus.fi\/ii\/wp-json\/wp\/v2\/pages\/26\/revisions"}],"predecessor-version":[{"id":506,"href":"https:\/\/meripelastus.fi\/ii\/wp-json\/wp\/v2\/pages\/26\/revisions\/506"}],"up":[{"embeddable":true,"href":"https:\/\/meripelastus.fi\/ii\/wp-json\/wp\/v2\/pages\/20"}],"wp:attachment":[{"href":"https:\/\/meripelastus.fi\/ii\/wp-json\/wp\/v2\/media?parent=26"}],"curies":[{"name":"wp","href":"https:\/\/api.w.org\/{rel}","templated":true}]}}