{"id":252,"date":"2022-05-18T22:00:27","date_gmt":"2022-05-18T19:00:27","guid":{"rendered":"https:\/\/meripelastus.fi\/ii-vedos\/?page_id=252"},"modified":"2024-04-23T15:56:30","modified_gmt":"2024-04-23T12:56:30","slug":"tukikohtamme","status":"publish","type":"page","link":"https:\/\/meripelastus.fi\/ii\/iin-meripelastajat\/tukikohtamme\/","title":{"rendered":"Tukikohtamme"},"content":{"rendered":"\n<h2 class=\"wp-block-heading\">Rantakestil\u00e4<\/h2>\n\n\n\n<p><span>Tapaamme viikottain&nbsp; j\u00e4seniltojen merkeiss\u00e4 Rantakestil\u00e4ntiell\u00e4 sijaitsevalla majallamme, jonka olemme saaneet k\u00e4ytt\u00f6\u00f6n Iin kunnalta. My\u00f6s kaluston s\u00e4ilytys ja kunnossapito tapahtuu Rantakestil\u00e4n tukikohdassa.<\/span><\/p>\n\n\n\n<p>PV K\u00e4rkk\u00e4isen ja PV Puustan laituripaikat ovat Rantakestil\u00e4n viranomaislaiturissa.<\/p>\n\n\n\n<figure class=\"wp-block-gallery has-nested-images columns-default is-cropped wp-block-gallery-1 is-layout-flex wp-block-gallery-is-layout-flex\">\n<figure class=\"wp-block-image size-large\"><img loading=\"lazy\" decoding=\"async\" width=\"1024\" height=\"768\" data-id=\"466\" src=\"https:\/\/meripelastus.fi\/ii\/wp-content\/uploads\/sites\/37\/2024\/04\/PHOTO-2024-04-22-18-37-38-1024x768.jpg\" alt=\"\" class=\"wp-image-466\" srcset=\"https:\/\/meripelastus.fi\/ii\/wp-content\/uploads\/sites\/37\/2024\/04\/PHOTO-2024-04-22-18-37-38-1024x768.jpg 1024w, https:\/\/meripelastus.fi\/ii\/wp-content\/uploads\/sites\/37\/2024\/04\/PHOTO-2024-04-22-18-37-38-300x225.jpg 300w, https:\/\/meripelastus.fi\/ii\/wp-content\/uploads\/sites\/37\/2024\/04\/PHOTO-2024-04-22-18-37-38-768x576.jpg 768w, https:\/\/meripelastus.fi\/ii\/wp-content\/uploads\/sites\/37\/2024\/04\/PHOTO-2024-04-22-18-37-38-1536x1152.jpg 1536w, https:\/\/meripelastus.fi\/ii\/wp-content\/uploads\/sites\/37\/2024\/04\/PHOTO-2024-04-22-18-37-38.jpg 2000w\" sizes=\"auto, (max-width: 1024px) 100vw, 1024px\" \/><\/figure>\n<\/figure>\n\n\n","protected":false},"excerpt":{"rendered":"<p>Rantakestil\u00e4 Tapaamme viikottain&nbsp; j\u00e4seniltojen merkeiss\u00e4 Rantakestil\u00e4ntiell\u00e4 sijaitsevalla majallamme, jonka olemme saaneet k\u00e4ytt\u00f6\u00f6n Iin kunnalta. My\u00f6s kaluston s\u00e4ilytys ja kunnossapito tapahtuu Rantakestil\u00e4n tukikohdassa. PV K\u00e4rkk\u00e4isen ja PV Puustan laituripaikat ovat Rantakestil\u00e4n viranomaislaiturissa.<\/p>\n","protected":false},"author":97,"featured_media":258,"parent":6,"menu_order":2,"comment_status":"closed","ping_status":"closed","template":"","meta":{"_acf_changed":false,"inline_featured_image":false,"footnotes":""},"class_list":["post-252","page","type-page","status-publish","has-post-thumbnail","hentry"],"acf":[],"yoast_head":"<!-- This site is optimized with the Yoast SEO Premium plugin v27.2 (Yoast SEO v27.2) - https:\/\/yoast.com\/product\/yoast-seo-premium-wordpress\/ -->\n<title>Tukikohtamme - Iin Meripelastajat<\/title>\n<meta name=\"robots\" content=\"index, follow, max-snippet:-1, max-image-preview:large, max-video-preview:-1\" \/>\n<link rel=\"canonical\" href=\"https:\/\/meripelastus.fi\/ii\/iin-meripelastajat\/tukikohtamme\/\" \/>\n<meta property=\"og:locale\" content=\"fi_FI\" \/>\n<meta property=\"og:type\" content=\"article\" \/>\n<meta property=\"og:title\" content=\"Tukikohtamme\" \/>\n<meta property=\"og:description\" content=\"Rantakestil\u00e4 Tapaamme viikottain&nbsp; j\u00e4seniltojen merkeiss\u00e4 Rantakestil\u00e4ntiell\u00e4 sijaitsevalla majallamme, jonka olemme saaneet k\u00e4ytt\u00f6\u00f6n Iin kunnalta. My\u00f6s kaluston s\u00e4ilytys ja kunnossapito tapahtuu Rantakestil\u00e4n tukikohdassa. PV K\u00e4rkk\u00e4isen ja PV Puustan laituripaikat ovat Rantakestil\u00e4n viranomaislaiturissa.\" \/>\n<meta property=\"og:url\" content=\"https:\/\/meripelastus.fi\/ii\/iin-meripelastajat\/tukikohtamme\/\" \/>\n<meta property=\"og:site_name\" content=\"Iin Meripelastajat\" \/>\n<meta property=\"article:modified_time\" content=\"2024-04-23T12:56:30+00:00\" \/>\n<meta property=\"og:image\" content=\"https:\/\/meripelastus.fi\/ii\/wp-content\/uploads\/sites\/37\/2022\/05\/rk-maja.jpg\" \/>\n\t<meta property=\"og:image:width\" content=\"1411\" \/>\n\t<meta property=\"og:image:height\" content=\"917\" \/>\n\t<meta property=\"og:image:type\" content=\"image\/jpeg\" \/>\n<meta name=\"twitter:card\" content=\"summary_large_image\" \/>\n<meta name=\"twitter:label1\" content=\"Arvioitu lukuaika\" \/>\n\t<meta name=\"twitter:data1\" content=\"1 minuutti\" \/>\n<script type=\"application\/ld+json\" class=\"yoast-schema-graph\">{\"@context\":\"https:\/\/schema.org\",\"@graph\":[{\"@type\":\"WebPage\",\"@id\":\"https:\/\/meripelastus.fi\/ii\/iin-meripelastajat\/tukikohtamme\/\",\"url\":\"https:\/\/meripelastus.fi\/ii\/iin-meripelastajat\/tukikohtamme\/\",\"name\":\"Tukikohtamme - Iin Meripelastajat\",\"isPartOf\":{\"@id\":\"https:\/\/meripelastus.fi\/ii\/#website\"},\"primaryImageOfPage\":{\"@id\":\"https:\/\/meripelastus.fi\/ii\/iin-meripelastajat\/tukikohtamme\/#primaryimage\"},\"image\":{\"@id\":\"https:\/\/meripelastus.fi\/ii\/iin-meripelastajat\/tukikohtamme\/#primaryimage\"},\"thumbnailUrl\":\"https:\/\/meripelastus.fi\/ii\/wp-content\/uploads\/sites\/37\/2022\/05\/rk-maja.jpg\",\"datePublished\":\"2022-05-18T19:00:27+00:00\",\"dateModified\":\"2024-04-23T12:56:30+00:00\",\"breadcrumb\":{\"@id\":\"https:\/\/meripelastus.fi\/ii\/iin-meripelastajat\/tukikohtamme\/#breadcrumb\"},\"inLanguage\":\"fi\",\"potentialAction\":[{\"@type\":\"ReadAction\",\"target\":[\"https:\/\/meripelastus.fi\/ii\/iin-meripelastajat\/tukikohtamme\/\"]}]},{\"@type\":\"ImageObject\",\"inLanguage\":\"fi\",\"@id\":\"https:\/\/meripelastus.fi\/ii\/iin-meripelastajat\/tukikohtamme\/#primaryimage\",\"url\":\"https:\/\/meripelastus.fi\/ii\/wp-content\/uploads\/sites\/37\/2022\/05\/rk-maja.jpg\",\"contentUrl\":\"https:\/\/meripelastus.fi\/ii\/wp-content\/uploads\/sites\/37\/2022\/05\/rk-maja.jpg\",\"width\":1411,\"height\":917},{\"@type\":\"BreadcrumbList\",\"@id\":\"https:\/\/meripelastus.fi\/ii\/iin-meripelastajat\/tukikohtamme\/#breadcrumb\",\"itemListElement\":[{\"@type\":\"ListItem\",\"position\":1,\"name\":\"Etusivu\",\"item\":\"https:\/\/meripelastus.fi\/ii\/\"},{\"@type\":\"ListItem\",\"position\":2,\"name\":\"Iin Meripelastajat\",\"item\":\"https:\/\/meripelastus.fi\/ii\/iin-meripelastajat\/\"},{\"@type\":\"ListItem\",\"position\":3,\"name\":\"Tukikohtamme\"}]},{\"@type\":\"WebSite\",\"@id\":\"https:\/\/meripelastus.fi\/ii\/#website\",\"url\":\"https:\/\/meripelastus.fi\/ii\/\",\"name\":\"Iin Meripelastajat\",\"description\":\"Vapaaehtoiset apunasi vesill\u00e4\",\"potentialAction\":[{\"@type\":\"SearchAction\",\"target\":{\"@type\":\"EntryPoint\",\"urlTemplate\":\"https:\/\/meripelastus.fi\/ii\/?s={search_term_string}\"},\"query-input\":{\"@type\":\"PropertyValueSpecification\",\"valueRequired\":true,\"valueName\":\"search_term_string\"}}],\"inLanguage\":\"fi\"}]}<\/script>\n<!-- \/ Yoast SEO Premium plugin. -->","yoast_head_json":{"title":"Tukikohtamme - Iin Meripelastajat","robots":{"index":"index","follow":"follow","max-snippet":"max-snippet:-1","max-image-preview":"max-image-preview:large","max-video-preview":"max-video-preview:-1"},"canonical":"https:\/\/meripelastus.fi\/ii\/iin-meripelastajat\/tukikohtamme\/","og_locale":"fi_FI","og_type":"article","og_title":"Tukikohtamme","og_description":"Rantakestil\u00e4 Tapaamme viikottain&nbsp; j\u00e4seniltojen merkeiss\u00e4 Rantakestil\u00e4ntiell\u00e4 sijaitsevalla majallamme, jonka olemme saaneet k\u00e4ytt\u00f6\u00f6n Iin kunnalta. My\u00f6s kaluston s\u00e4ilytys ja kunnossapito tapahtuu Rantakestil\u00e4n tukikohdassa. PV K\u00e4rkk\u00e4isen ja PV Puustan laituripaikat ovat Rantakestil\u00e4n viranomaislaiturissa.","og_url":"https:\/\/meripelastus.fi\/ii\/iin-meripelastajat\/tukikohtamme\/","og_site_name":"Iin Meripelastajat","article_modified_time":"2024-04-23T12:56:30+00:00","og_image":[{"width":1411,"height":917,"url":"https:\/\/meripelastus.fi\/ii\/wp-content\/uploads\/sites\/37\/2022\/05\/rk-maja.jpg","type":"image\/jpeg"}],"twitter_card":"summary_large_image","twitter_misc":{"Arvioitu lukuaika":"1 minuutti"},"schema":{"@context":"https:\/\/schema.org","@graph":[{"@type":"WebPage","@id":"https:\/\/meripelastus.fi\/ii\/iin-meripelastajat\/tukikohtamme\/","url":"https:\/\/meripelastus.fi\/ii\/iin-meripelastajat\/tukikohtamme\/","name":"Tukikohtamme - Iin Meripelastajat","isPartOf":{"@id":"https:\/\/meripelastus.fi\/ii\/#website"},"primaryImageOfPage":{"@id":"https:\/\/meripelastus.fi\/ii\/iin-meripelastajat\/tukikohtamme\/#primaryimage"},"image":{"@id":"https:\/\/meripelastus.fi\/ii\/iin-meripelastajat\/tukikohtamme\/#primaryimage"},"thumbnailUrl":"https:\/\/meripelastus.fi\/ii\/wp-content\/uploads\/sites\/37\/2022\/05\/rk-maja.jpg","datePublished":"2022-05-18T19:00:27+00:00","dateModified":"2024-04-23T12:56:30+00:00","breadcrumb":{"@id":"https:\/\/meripelastus.fi\/ii\/iin-meripelastajat\/tukikohtamme\/#breadcrumb"},"inLanguage":"fi","potentialAction":[{"@type":"ReadAction","target":["https:\/\/meripelastus.fi\/ii\/iin-meripelastajat\/tukikohtamme\/"]}]},{"@type":"ImageObject","inLanguage":"fi","@id":"https:\/\/meripelastus.fi\/ii\/iin-meripelastajat\/tukikohtamme\/#primaryimage","url":"https:\/\/meripelastus.fi\/ii\/wp-content\/uploads\/sites\/37\/2022\/05\/rk-maja.jpg","contentUrl":"https:\/\/meripelastus.fi\/ii\/wp-content\/uploads\/sites\/37\/2022\/05\/rk-maja.jpg","width":1411,"height":917},{"@type":"BreadcrumbList","@id":"https:\/\/meripelastus.fi\/ii\/iin-meripelastajat\/tukikohtamme\/#breadcrumb","itemListElement":[{"@type":"ListItem","position":1,"name":"Etusivu","item":"https:\/\/meripelastus.fi\/ii\/"},{"@type":"ListItem","position":2,"name":"Iin Meripelastajat","item":"https:\/\/meripelastus.fi\/ii\/iin-meripelastajat\/"},{"@type":"ListItem","position":3,"name":"Tukikohtamme"}]},{"@type":"WebSite","@id":"https:\/\/meripelastus.fi\/ii\/#website","url":"https:\/\/meripelastus.fi\/ii\/","name":"Iin Meripelastajat","description":"Vapaaehtoiset apunasi vesill\u00e4","potentialAction":[{"@type":"SearchAction","target":{"@type":"EntryPoint","urlTemplate":"https:\/\/meripelastus.fi\/ii\/?s={search_term_string}"},"query-input":{"@type":"PropertyValueSpecification","valueRequired":true,"valueName":"search_term_string"}}],"inLanguage":"fi"}]}},"_links":{"self":[{"href":"https:\/\/meripelastus.fi\/ii\/wp-json\/wp\/v2\/pages\/252","targetHints":{"allow":["GET"]}}],"collection":[{"href":"https:\/\/meripelastus.fi\/ii\/wp-json\/wp\/v2\/pages"}],"about":[{"href":"https:\/\/meripelastus.fi\/ii\/wp-json\/wp\/v2\/types\/page"}],"author":[{"embeddable":true,"href":"https:\/\/meripelastus.fi\/ii\/wp-json\/wp\/v2\/users\/97"}],"replies":[{"embeddable":true,"href":"https:\/\/meripelastus.fi\/ii\/wp-json\/wp\/v2\/comments?post=252"}],"version-history":[{"count":16,"href":"https:\/\/meripelastus.fi\/ii\/wp-json\/wp\/v2\/pages\/252\/revisions"}],"predecessor-version":[{"id":486,"href":"https:\/\/meripelastus.fi\/ii\/wp-json\/wp\/v2\/pages\/252\/revisions\/486"}],"up":[{"embeddable":true,"href":"https:\/\/meripelastus.fi\/ii\/wp-json\/wp\/v2\/pages\/6"}],"wp:featuredmedia":[{"embeddable":true,"href":"https:\/\/meripelastus.fi\/ii\/wp-json\/wp\/v2\/media\/258"}],"wp:attachment":[{"href":"https:\/\/meripelastus.fi\/ii\/wp-json\/wp\/v2\/media?parent=252"}],"curies":[{"name":"wp","href":"https:\/\/api.w.org\/{rel}","templated":true}]}}