{"id":22,"date":"2018-03-19T09:18:43","date_gmt":"2018-03-19T07:18:43","guid":{"rendered":"http:\/\/basetemplate.smpsyhdistykset.16.testivedos.com\/?page_id=22"},"modified":"2023-11-07T16:34:53","modified_gmt":"2023-11-07T14:34:53","slug":"halytysohje","status":"publish","type":"page","link":"https:\/\/meripelastus.fi\/ii\/toiminta\/halytysohje\/","title":{"rendered":"H\u00e4lytysohje"},"content":{"rendered":"\n<h2 class=\"wp-block-heading\">Merell\u00e4 meripelastuksen h\u00e4lytysnumero<span>&nbsp;<\/span><span><strong>0294 1000<\/strong><\/span><\/h2>\n\n\n\n<p>Tai <strong><span>VHF-kanava 16 \/ VHF-DSC 70<\/span><\/strong><\/p>\n\n\n\n<p>Sis\u00e4vesill\u00e4 yleinen h\u00e4t\u00e4numero<span>&nbsp;<\/span><span><strong>112<\/strong><\/span><\/p>\n\n\n\n<p><strong>H\u00e4t\u00e4- tai vaaratilanteessa ilmoita:<\/strong><\/p>\n\n\n\n<ul class=\"wp-block-list\">\n<li>nimesi (aluksesi nimi) ja yhteysmahdollisuudet<\/li>\n\n\n\n<li>tapahtumapaikka mahdollisimman tarkasti<\/li>\n\n\n\n<li>mit\u00e4 on tapahtunut<\/li>\n\n\n\n<li>onko loukkaantuneita tai ihmishenki\u00e4 vaarassa<\/li>\n\n\n\n<li>mit\u00e4 apua tarvitaan<\/li>\n\n\n\n<li>\u00c4L\u00c4 KATKAISE YHTEYTT\u00c4 ennen kuin saat luvan.<\/li>\n\n\n\n<li>&nbsp;<\/li>\n<\/ul>\n\n\n\n<p>Apuun tulee l\u00e4hin ja tarkoituksenmukaisin pelastusyksikk\u00f6. Meripelastusseuralla on 60 pelastusasemaa rannikolla ja suurimmilla j\u00e4rvialueilla. Kiireett\u00f6m\u00e4t Trossi-avustusteht\u00e4v\u00e4t hoidamme mahdollisimman ripe\u00e4sti vapaaehtoisty\u00f6n\u00e4.<\/p>\n\n\n\n<p>Trossi-palvelunumero<span>&nbsp;<\/span><strong>0800 30 22 30<\/strong><br>p\u00e4ivyst\u00e4\u00e4 24\/7 1.5.-31.10.<\/p>\n\n\n\n<p>H\u00e4lytt\u00e4m\u00e4ll\u00e4 avun Trossi-apilla siirr\u00e4t k\u00e4tev\u00e4sti my\u00f6s koordinaattisi meripelastajille. Tutustu ja lataa k\u00e4ytt\u00f6\u00f6si maksuton<span>&nbsp;<\/span><a href=\"https:\/\/meripelastus.fi\/trossi\/trossi-appi\/\">Trossi-appi<\/a>.<\/p>\n\n\n\n<h2 class=\"wp-block-heading\">Kiireett\u00f6m\u00e4t tapaukset: Iin Meripelastajat, p\u00e4ivyst\u00e4v\u00e4 p\u00e4\u00e4llikk\u00f6 040 842 2547<\/h2>\n","protected":false},"excerpt":{"rendered":"<p>Merell\u00e4 meripelastuksen h\u00e4lytysnumero&nbsp;0294 1000 Tai VHF-kanava 16 \/ VHF-DSC 70 Sis\u00e4vesill\u00e4 yleinen h\u00e4t\u00e4numero&nbsp;112 H\u00e4t\u00e4- tai vaaratilanteessa ilmoita: Apuun tulee l\u00e4hin ja tarkoituksenmukaisin pelastusyksikk\u00f6. Meripelastusseuralla on 60 pelastusasemaa rannikolla ja suurimmilla j\u00e4rvialueilla. Kiireett\u00f6m\u00e4t Trossi-avustusteht\u00e4v\u00e4t hoidamme mahdollisimman ripe\u00e4sti vapaaehtoisty\u00f6n\u00e4. Trossi-palvelunumero&nbsp;0800 30 22 30p\u00e4ivyst\u00e4\u00e4 24\/7 1.5.-31.10. H\u00e4lytt\u00e4m\u00e4ll\u00e4 avun Trossi-apilla siirr\u00e4t k\u00e4tev\u00e4sti my\u00f6s koordinaattisi meripelastajille. Tutustu ja lataa k\u00e4ytt\u00f6\u00f6si [&hellip;]<\/p>\n","protected":false},"author":1,"featured_media":197,"parent":20,"menu_order":0,"comment_status":"closed","ping_status":"closed","template":"","meta":{"_acf_changed":false,"inline_featured_image":false,"footnotes":""},"class_list":["post-22","page","type-page","status-publish","has-post-thumbnail","hentry"],"acf":[],"yoast_head":"<!-- This site is optimized with the Yoast SEO Premium plugin v27.2 (Yoast SEO v27.2) - https:\/\/yoast.com\/product\/yoast-seo-premium-wordpress\/ -->\n<title>H\u00e4lytysohje - Iin Meripelastajat<\/title>\n<meta name=\"robots\" content=\"index, follow, max-snippet:-1, max-image-preview:large, max-video-preview:-1\" \/>\n<link rel=\"canonical\" href=\"https:\/\/meripelastus.fi\/ii\/toiminta\/halytysohje\/\" \/>\n<meta property=\"og:locale\" content=\"fi_FI\" \/>\n<meta property=\"og:type\" content=\"article\" \/>\n<meta property=\"og:title\" content=\"H\u00e4lytysohje\" \/>\n<meta property=\"og:description\" content=\"Merell\u00e4 meripelastuksen h\u00e4lytysnumero&nbsp;0294 1000 Tai VHF-kanava 16 \/ VHF-DSC 70 Sis\u00e4vesill\u00e4 yleinen h\u00e4t\u00e4numero&nbsp;112 H\u00e4t\u00e4- tai vaaratilanteessa ilmoita: Apuun tulee l\u00e4hin ja tarkoituksenmukaisin pelastusyksikk\u00f6. Meripelastusseuralla on 60 pelastusasemaa rannikolla ja suurimmilla j\u00e4rvialueilla. Kiireett\u00f6m\u00e4t Trossi-avustusteht\u00e4v\u00e4t hoidamme mahdollisimman ripe\u00e4sti vapaaehtoisty\u00f6n\u00e4. Trossi-palvelunumero&nbsp;0800 30 22 30p\u00e4ivyst\u00e4\u00e4 24\/7 1.5.-31.10. H\u00e4lytt\u00e4m\u00e4ll\u00e4 avun Trossi-apilla siirr\u00e4t k\u00e4tev\u00e4sti my\u00f6s koordinaattisi meripelastajille. Tutustu ja lataa k\u00e4ytt\u00f6\u00f6si [&hellip;]\" \/>\n<meta property=\"og:url\" content=\"https:\/\/meripelastus.fi\/ii\/toiminta\/halytysohje\/\" \/>\n<meta property=\"og:site_name\" content=\"Iin Meripelastajat\" \/>\n<meta property=\"article:modified_time\" content=\"2023-11-07T14:34:53+00:00\" \/>\n<meta property=\"og:image\" content=\"https:\/\/meripelastus.fi\/ii\/wp-content\/uploads\/sites\/37\/2022\/04\/rajattu-karsy-scaled.jpg\" \/>\n\t<meta property=\"og:image:width\" content=\"2304\" \/>\n\t<meta property=\"og:image:height\" content=\"2560\" \/>\n\t<meta property=\"og:image:type\" content=\"image\/jpeg\" \/>\n<meta name=\"twitter:card\" content=\"summary_large_image\" \/>\n<meta name=\"twitter:label1\" content=\"Arvioitu lukuaika\" \/>\n\t<meta name=\"twitter:data1\" content=\"1 minuutti\" \/>\n<script type=\"application\/ld+json\" class=\"yoast-schema-graph\">{\"@context\":\"https:\/\/schema.org\",\"@graph\":[{\"@type\":\"WebPage\",\"@id\":\"https:\/\/meripelastus.fi\/ii\/toiminta\/halytysohje\/\",\"url\":\"https:\/\/meripelastus.fi\/ii\/toiminta\/halytysohje\/\",\"name\":\"H\u00e4lytysohje - Iin Meripelastajat\",\"isPartOf\":{\"@id\":\"https:\/\/meripelastus.fi\/ii\/#website\"},\"primaryImageOfPage\":{\"@id\":\"https:\/\/meripelastus.fi\/ii\/toiminta\/halytysohje\/#primaryimage\"},\"image\":{\"@id\":\"https:\/\/meripelastus.fi\/ii\/toiminta\/halytysohje\/#primaryimage\"},\"thumbnailUrl\":\"https:\/\/meripelastus.fi\/ii\/wp-content\/uploads\/sites\/37\/2022\/04\/rajattu-karsy-scaled.jpg\",\"datePublished\":\"2018-03-19T07:18:43+00:00\",\"dateModified\":\"2023-11-07T14:34:53+00:00\",\"breadcrumb\":{\"@id\":\"https:\/\/meripelastus.fi\/ii\/toiminta\/halytysohje\/#breadcrumb\"},\"inLanguage\":\"fi\",\"potentialAction\":[{\"@type\":\"ReadAction\",\"target\":[\"https:\/\/meripelastus.fi\/ii\/toiminta\/halytysohje\/\"]}]},{\"@type\":\"ImageObject\",\"inLanguage\":\"fi\",\"@id\":\"https:\/\/meripelastus.fi\/ii\/toiminta\/halytysohje\/#primaryimage\",\"url\":\"https:\/\/meripelastus.fi\/ii\/wp-content\/uploads\/sites\/37\/2022\/04\/rajattu-karsy-scaled.jpg\",\"contentUrl\":\"https:\/\/meripelastus.fi\/ii\/wp-content\/uploads\/sites\/37\/2022\/04\/rajattu-karsy-scaled.jpg\",\"width\":2304,\"height\":2560},{\"@type\":\"BreadcrumbList\",\"@id\":\"https:\/\/meripelastus.fi\/ii\/toiminta\/halytysohje\/#breadcrumb\",\"itemListElement\":[{\"@type\":\"ListItem\",\"position\":1,\"name\":\"Etusivu\",\"item\":\"https:\/\/meripelastus.fi\/ii\/\"},{\"@type\":\"ListItem\",\"position\":2,\"name\":\"Toiminta\",\"item\":\"https:\/\/meripelastus.fi\/ii\/toiminta\/\"},{\"@type\":\"ListItem\",\"position\":3,\"name\":\"H\u00e4lytysohje\"}]},{\"@type\":\"WebSite\",\"@id\":\"https:\/\/meripelastus.fi\/ii\/#website\",\"url\":\"https:\/\/meripelastus.fi\/ii\/\",\"name\":\"Iin Meripelastajat\",\"description\":\"Vapaaehtoiset apunasi vesill\u00e4\",\"potentialAction\":[{\"@type\":\"SearchAction\",\"target\":{\"@type\":\"EntryPoint\",\"urlTemplate\":\"https:\/\/meripelastus.fi\/ii\/?s={search_term_string}\"},\"query-input\":{\"@type\":\"PropertyValueSpecification\",\"valueRequired\":true,\"valueName\":\"search_term_string\"}}],\"inLanguage\":\"fi\"}]}<\/script>\n<!-- \/ Yoast SEO Premium plugin. -->","yoast_head_json":{"title":"H\u00e4lytysohje - Iin Meripelastajat","robots":{"index":"index","follow":"follow","max-snippet":"max-snippet:-1","max-image-preview":"max-image-preview:large","max-video-preview":"max-video-preview:-1"},"canonical":"https:\/\/meripelastus.fi\/ii\/toiminta\/halytysohje\/","og_locale":"fi_FI","og_type":"article","og_title":"H\u00e4lytysohje","og_description":"Merell\u00e4 meripelastuksen h\u00e4lytysnumero&nbsp;0294 1000 Tai VHF-kanava 16 \/ VHF-DSC 70 Sis\u00e4vesill\u00e4 yleinen h\u00e4t\u00e4numero&nbsp;112 H\u00e4t\u00e4- tai vaaratilanteessa ilmoita: Apuun tulee l\u00e4hin ja tarkoituksenmukaisin pelastusyksikk\u00f6. Meripelastusseuralla on 60 pelastusasemaa rannikolla ja suurimmilla j\u00e4rvialueilla. Kiireett\u00f6m\u00e4t Trossi-avustusteht\u00e4v\u00e4t hoidamme mahdollisimman ripe\u00e4sti vapaaehtoisty\u00f6n\u00e4. Trossi-palvelunumero&nbsp;0800 30 22 30p\u00e4ivyst\u00e4\u00e4 24\/7 1.5.-31.10. H\u00e4lytt\u00e4m\u00e4ll\u00e4 avun Trossi-apilla siirr\u00e4t k\u00e4tev\u00e4sti my\u00f6s koordinaattisi meripelastajille. Tutustu ja lataa k\u00e4ytt\u00f6\u00f6si [&hellip;]","og_url":"https:\/\/meripelastus.fi\/ii\/toiminta\/halytysohje\/","og_site_name":"Iin Meripelastajat","article_modified_time":"2023-11-07T14:34:53+00:00","og_image":[{"width":2304,"height":2560,"url":"https:\/\/meripelastus.fi\/ii\/wp-content\/uploads\/sites\/37\/2022\/04\/rajattu-karsy-scaled.jpg","type":"image\/jpeg"}],"twitter_card":"summary_large_image","twitter_misc":{"Arvioitu lukuaika":"1 minuutti"},"schema":{"@context":"https:\/\/schema.org","@graph":[{"@type":"WebPage","@id":"https:\/\/meripelastus.fi\/ii\/toiminta\/halytysohje\/","url":"https:\/\/meripelastus.fi\/ii\/toiminta\/halytysohje\/","name":"H\u00e4lytysohje - Iin Meripelastajat","isPartOf":{"@id":"https:\/\/meripelastus.fi\/ii\/#website"},"primaryImageOfPage":{"@id":"https:\/\/meripelastus.fi\/ii\/toiminta\/halytysohje\/#primaryimage"},"image":{"@id":"https:\/\/meripelastus.fi\/ii\/toiminta\/halytysohje\/#primaryimage"},"thumbnailUrl":"https:\/\/meripelastus.fi\/ii\/wp-content\/uploads\/sites\/37\/2022\/04\/rajattu-karsy-scaled.jpg","datePublished":"2018-03-19T07:18:43+00:00","dateModified":"2023-11-07T14:34:53+00:00","breadcrumb":{"@id":"https:\/\/meripelastus.fi\/ii\/toiminta\/halytysohje\/#breadcrumb"},"inLanguage":"fi","potentialAction":[{"@type":"ReadAction","target":["https:\/\/meripelastus.fi\/ii\/toiminta\/halytysohje\/"]}]},{"@type":"ImageObject","inLanguage":"fi","@id":"https:\/\/meripelastus.fi\/ii\/toiminta\/halytysohje\/#primaryimage","url":"https:\/\/meripelastus.fi\/ii\/wp-content\/uploads\/sites\/37\/2022\/04\/rajattu-karsy-scaled.jpg","contentUrl":"https:\/\/meripelastus.fi\/ii\/wp-content\/uploads\/sites\/37\/2022\/04\/rajattu-karsy-scaled.jpg","width":2304,"height":2560},{"@type":"BreadcrumbList","@id":"https:\/\/meripelastus.fi\/ii\/toiminta\/halytysohje\/#breadcrumb","itemListElement":[{"@type":"ListItem","position":1,"name":"Etusivu","item":"https:\/\/meripelastus.fi\/ii\/"},{"@type":"ListItem","position":2,"name":"Toiminta","item":"https:\/\/meripelastus.fi\/ii\/toiminta\/"},{"@type":"ListItem","position":3,"name":"H\u00e4lytysohje"}]},{"@type":"WebSite","@id":"https:\/\/meripelastus.fi\/ii\/#website","url":"https:\/\/meripelastus.fi\/ii\/","name":"Iin Meripelastajat","description":"Vapaaehtoiset apunasi vesill\u00e4","potentialAction":[{"@type":"SearchAction","target":{"@type":"EntryPoint","urlTemplate":"https:\/\/meripelastus.fi\/ii\/?s={search_term_string}"},"query-input":{"@type":"PropertyValueSpecification","valueRequired":true,"valueName":"search_term_string"}}],"inLanguage":"fi"}]}},"_links":{"self":[{"href":"https:\/\/meripelastus.fi\/ii\/wp-json\/wp\/v2\/pages\/22","targetHints":{"allow":["GET"]}}],"collection":[{"href":"https:\/\/meripelastus.fi\/ii\/wp-json\/wp\/v2\/pages"}],"about":[{"href":"https:\/\/meripelastus.fi\/ii\/wp-json\/wp\/v2\/types\/page"}],"author":[{"embeddable":true,"href":"https:\/\/meripelastus.fi\/ii\/wp-json\/wp\/v2\/users\/1"}],"replies":[{"embeddable":true,"href":"https:\/\/meripelastus.fi\/ii\/wp-json\/wp\/v2\/comments?post=22"}],"version-history":[{"count":10,"href":"https:\/\/meripelastus.fi\/ii\/wp-json\/wp\/v2\/pages\/22\/revisions"}],"predecessor-version":[{"id":396,"href":"https:\/\/meripelastus.fi\/ii\/wp-json\/wp\/v2\/pages\/22\/revisions\/396"}],"up":[{"embeddable":true,"href":"https:\/\/meripelastus.fi\/ii\/wp-json\/wp\/v2\/pages\/20"}],"wp:featuredmedia":[{"embeddable":true,"href":"https:\/\/meripelastus.fi\/ii\/wp-json\/wp\/v2\/media\/197"}],"wp:attachment":[{"href":"https:\/\/meripelastus.fi\/ii\/wp-json\/wp\/v2\/media?parent=22"}],"curies":[{"name":"wp","href":"https:\/\/api.w.org\/{rel}","templated":true}]}}