{"id":8,"date":"2018-03-19T09:16:29","date_gmt":"2018-03-19T07:16:29","guid":{"rendered":"http:\/\/basetemplate.smpsyhdistykset.16.testivedos.com\/?page_id=8"},"modified":"2020-09-14T10:56:00","modified_gmt":"2020-09-14T07:56:00","slug":"tietoa-meista","status":"publish","type":"page","link":"https:\/\/meripelastus.fi\/helsinki\/helsingin-meripelastusyhdistys\/tietoa-meista\/","title":{"rendered":"Tietoa meist\u00e4"},"content":{"rendered":"<p><span>Helsingin Meripelastusyhdistys toimii yli 100-vuotiaan\u00a0<\/span><a href=\"http:\/\/www.meripelastus.fi\/\" target=\"_blank\" rel=\"noopener noreferrer\">Suomen Meripelastusseuran<\/a><span> paikallisyhdistyksen\u00e4. Vapaaehtoisvoimin toimivien meripelastusyhdistysten verkko on koko maan laajuinen.<\/span><\/p>\n<h2><span>Pelastusaluksemme aina valmiina l\u00e4ht\u00f6\u00f6n<\/span><\/h2>\n<p>Meripelastuksen t\u00e4rkein teht\u00e4v\u00e4 on ihmishenkien pelastaminen.\u00a0<a href=\"https:\/\/meripelastus.fi\/helsinki\/toiminta\/alukset\/\">Pelastusaluksemme<\/a> toimivat yhteisty\u00f6ss\u00e4 <a href=\"http:\/\/www.raja.fi\/\" target=\"_blank\" rel=\"noopener noreferrer\">Rajavartiolaitoksen<\/a>\u00a0<a href=\"https:\/\/www.raja.fi\/meripelastus\" target=\"_blank\" rel=\"noopener noreferrer\">meripelastuslohkokeskuksen<\/a>\u00a0kanssa. Vakavia merih\u00e4t\u00e4tilanteita sattuu alueellamme onneksi harvoin, mutta kiireett\u00f6m\u00e4mpi\u00e4 tapahtumia sen sijaan useasti.<\/p>\n","protected":false},"excerpt":{"rendered":"<p>Helsingin Meripelastusyhdistys toimii yli 100-vuotiaan\u00a0Suomen Meripelastusseuran paikallisyhdistyksen\u00e4. Vapaaehtoisvoimin toimivien meripelastusyhdistysten verkko on koko maan laajuinen. Pelastusaluksemme aina valmiina l\u00e4ht\u00f6\u00f6n Meripelastuksen t\u00e4rkein teht\u00e4v\u00e4 on ihmishenkien pelastaminen.\u00a0Pelastusaluksemme toimivat yhteisty\u00f6ss\u00e4 Rajavartiolaitoksen\u00a0meripelastuslohkokeskuksen\u00a0kanssa. Vakavia merih\u00e4t\u00e4tilanteita sattuu alueellamme onneksi harvoin, mutta kiireett\u00f6m\u00e4mpi\u00e4 tapahtumia sen sijaan useasti.<\/p>\n","protected":false},"author":1,"featured_media":514,"parent":6,"menu_order":0,"comment_status":"closed","ping_status":"closed","template":"","meta":{"_acf_changed":false,"inline_featured_image":false,"footnotes":""},"class_list":["post-8","page","type-page","status-publish","has-post-thumbnail","hentry"],"acf":[],"yoast_head":"<!-- This site is optimized with the Yoast SEO Premium plugin v27.2 (Yoast SEO v27.2) - https:\/\/yoast.com\/product\/yoast-seo-premium-wordpress\/ -->\n<title>Tietoa meist\u00e4 - Helsingin Meripelastusyhdistys<\/title>\n<meta name=\"description\" content=\"Tietoa Helsingin Meripelastusyhdistyksest\u00e4\" \/>\n<meta name=\"robots\" content=\"index, follow, max-snippet:-1, max-image-preview:large, max-video-preview:-1\" \/>\n<link rel=\"canonical\" href=\"https:\/\/meripelastus.fi\/helsinki\/helsingin-meripelastusyhdistys\/tietoa-meista\/\" \/>\n<meta property=\"og:locale\" content=\"fi_FI\" \/>\n<meta property=\"og:type\" content=\"article\" \/>\n<meta property=\"og:title\" content=\"Tietoa meist\u00e4\" \/>\n<meta property=\"og:description\" content=\"Tietoa Helsingin Meripelastusyhdistyksest\u00e4\" \/>\n<meta property=\"og:url\" content=\"https:\/\/meripelastus.fi\/helsinki\/helsingin-meripelastusyhdistys\/tietoa-meista\/\" \/>\n<meta property=\"og:site_name\" content=\"Helsingin Meripelastusyhdistys\" \/>\n<meta property=\"article:modified_time\" content=\"2020-09-14T07:56:00+00:00\" \/>\n<meta property=\"og:image\" content=\"https:\/\/meripelastus.fi\/helsinki\/wp-content\/uploads\/sites\/21\/2019\/07\/EP-X-5249-1.jpg\" \/>\n\t<meta property=\"og:image:width\" content=\"2048\" \/>\n\t<meta property=\"og:image:height\" content=\"807\" \/>\n\t<meta property=\"og:image:type\" content=\"image\/jpeg\" \/>\n<meta name=\"twitter:card\" content=\"summary_large_image\" \/>\n<script type=\"application\/ld+json\" class=\"yoast-schema-graph\">{\"@context\":\"https:\/\/schema.org\",\"@graph\":[{\"@type\":\"WebPage\",\"@id\":\"https:\/\/meripelastus.fi\/helsinki\/helsingin-meripelastusyhdistys\/tietoa-meista\/\",\"url\":\"https:\/\/meripelastus.fi\/helsinki\/helsingin-meripelastusyhdistys\/tietoa-meista\/\",\"name\":\"Tietoa meist\u00e4 - Helsingin Meripelastusyhdistys\",\"isPartOf\":{\"@id\":\"https:\/\/meripelastus.fi\/helsinki\/#website\"},\"primaryImageOfPage\":{\"@id\":\"https:\/\/meripelastus.fi\/helsinki\/helsingin-meripelastusyhdistys\/tietoa-meista\/#primaryimage\"},\"image\":{\"@id\":\"https:\/\/meripelastus.fi\/helsinki\/helsingin-meripelastusyhdistys\/tietoa-meista\/#primaryimage\"},\"thumbnailUrl\":\"https:\/\/meripelastus.fi\/helsinki\/wp-content\/uploads\/sites\/21\/2019\/07\/EP-X-5249-1.jpg\",\"datePublished\":\"2018-03-19T07:16:29+00:00\",\"dateModified\":\"2020-09-14T07:56:00+00:00\",\"description\":\"Tietoa Helsingin Meripelastusyhdistyksest\u00e4\",\"breadcrumb\":{\"@id\":\"https:\/\/meripelastus.fi\/helsinki\/helsingin-meripelastusyhdistys\/tietoa-meista\/#breadcrumb\"},\"inLanguage\":\"fi\",\"potentialAction\":[{\"@type\":\"ReadAction\",\"target\":[\"https:\/\/meripelastus.fi\/helsinki\/helsingin-meripelastusyhdistys\/tietoa-meista\/\"]}]},{\"@type\":\"ImageObject\",\"inLanguage\":\"fi\",\"@id\":\"https:\/\/meripelastus.fi\/helsinki\/helsingin-meripelastusyhdistys\/tietoa-meista\/#primaryimage\",\"url\":\"https:\/\/meripelastus.fi\/helsinki\/wp-content\/uploads\/sites\/21\/2019\/07\/EP-X-5249-1.jpg\",\"contentUrl\":\"https:\/\/meripelastus.fi\/helsinki\/wp-content\/uploads\/sites\/21\/2019\/07\/EP-X-5249-1.jpg\",\"width\":2048,\"height\":807},{\"@type\":\"BreadcrumbList\",\"@id\":\"https:\/\/meripelastus.fi\/helsinki\/helsingin-meripelastusyhdistys\/tietoa-meista\/#breadcrumb\",\"itemListElement\":[{\"@type\":\"ListItem\",\"position\":1,\"name\":\"Etusivu\",\"item\":\"https:\/\/meripelastus.fi\/helsinki\/\"},{\"@type\":\"ListItem\",\"position\":2,\"name\":\"Helsingin Meripelastusyhdistys\",\"item\":\"https:\/\/meripelastus.fi\/helsinki\/helsingin-meripelastusyhdistys\/\"},{\"@type\":\"ListItem\",\"position\":3,\"name\":\"Tietoa meist\u00e4\"}]},{\"@type\":\"WebSite\",\"@id\":\"https:\/\/meripelastus.fi\/helsinki\/#website\",\"url\":\"https:\/\/meripelastus.fi\/helsinki\/\",\"name\":\"Helsingin Meripelastusyhdistys\",\"description\":\"Vapaaehtoiset apunasi vesill\u00e4\",\"potentialAction\":[{\"@type\":\"SearchAction\",\"target\":{\"@type\":\"EntryPoint\",\"urlTemplate\":\"https:\/\/meripelastus.fi\/helsinki\/?s={search_term_string}\"},\"query-input\":{\"@type\":\"PropertyValueSpecification\",\"valueRequired\":true,\"valueName\":\"search_term_string\"}}],\"inLanguage\":\"fi\"}]}<\/script>\n<!-- \/ Yoast SEO Premium plugin. -->","yoast_head_json":{"title":"Tietoa meist\u00e4 - Helsingin Meripelastusyhdistys","description":"Tietoa Helsingin Meripelastusyhdistyksest\u00e4","robots":{"index":"index","follow":"follow","max-snippet":"max-snippet:-1","max-image-preview":"max-image-preview:large","max-video-preview":"max-video-preview:-1"},"canonical":"https:\/\/meripelastus.fi\/helsinki\/helsingin-meripelastusyhdistys\/tietoa-meista\/","og_locale":"fi_FI","og_type":"article","og_title":"Tietoa meist\u00e4","og_description":"Tietoa Helsingin Meripelastusyhdistyksest\u00e4","og_url":"https:\/\/meripelastus.fi\/helsinki\/helsingin-meripelastusyhdistys\/tietoa-meista\/","og_site_name":"Helsingin Meripelastusyhdistys","article_modified_time":"2020-09-14T07:56:00+00:00","og_image":[{"width":2048,"height":807,"url":"https:\/\/meripelastus.fi\/helsinki\/wp-content\/uploads\/sites\/21\/2019\/07\/EP-X-5249-1.jpg","type":"image\/jpeg"}],"twitter_card":"summary_large_image","schema":{"@context":"https:\/\/schema.org","@graph":[{"@type":"WebPage","@id":"https:\/\/meripelastus.fi\/helsinki\/helsingin-meripelastusyhdistys\/tietoa-meista\/","url":"https:\/\/meripelastus.fi\/helsinki\/helsingin-meripelastusyhdistys\/tietoa-meista\/","name":"Tietoa meist\u00e4 - Helsingin Meripelastusyhdistys","isPartOf":{"@id":"https:\/\/meripelastus.fi\/helsinki\/#website"},"primaryImageOfPage":{"@id":"https:\/\/meripelastus.fi\/helsinki\/helsingin-meripelastusyhdistys\/tietoa-meista\/#primaryimage"},"image":{"@id":"https:\/\/meripelastus.fi\/helsinki\/helsingin-meripelastusyhdistys\/tietoa-meista\/#primaryimage"},"thumbnailUrl":"https:\/\/meripelastus.fi\/helsinki\/wp-content\/uploads\/sites\/21\/2019\/07\/EP-X-5249-1.jpg","datePublished":"2018-03-19T07:16:29+00:00","dateModified":"2020-09-14T07:56:00+00:00","description":"Tietoa Helsingin Meripelastusyhdistyksest\u00e4","breadcrumb":{"@id":"https:\/\/meripelastus.fi\/helsinki\/helsingin-meripelastusyhdistys\/tietoa-meista\/#breadcrumb"},"inLanguage":"fi","potentialAction":[{"@type":"ReadAction","target":["https:\/\/meripelastus.fi\/helsinki\/helsingin-meripelastusyhdistys\/tietoa-meista\/"]}]},{"@type":"ImageObject","inLanguage":"fi","@id":"https:\/\/meripelastus.fi\/helsinki\/helsingin-meripelastusyhdistys\/tietoa-meista\/#primaryimage","url":"https:\/\/meripelastus.fi\/helsinki\/wp-content\/uploads\/sites\/21\/2019\/07\/EP-X-5249-1.jpg","contentUrl":"https:\/\/meripelastus.fi\/helsinki\/wp-content\/uploads\/sites\/21\/2019\/07\/EP-X-5249-1.jpg","width":2048,"height":807},{"@type":"BreadcrumbList","@id":"https:\/\/meripelastus.fi\/helsinki\/helsingin-meripelastusyhdistys\/tietoa-meista\/#breadcrumb","itemListElement":[{"@type":"ListItem","position":1,"name":"Etusivu","item":"https:\/\/meripelastus.fi\/helsinki\/"},{"@type":"ListItem","position":2,"name":"Helsingin Meripelastusyhdistys","item":"https:\/\/meripelastus.fi\/helsinki\/helsingin-meripelastusyhdistys\/"},{"@type":"ListItem","position":3,"name":"Tietoa meist\u00e4"}]},{"@type":"WebSite","@id":"https:\/\/meripelastus.fi\/helsinki\/#website","url":"https:\/\/meripelastus.fi\/helsinki\/","name":"Helsingin Meripelastusyhdistys","description":"Vapaaehtoiset apunasi vesill\u00e4","potentialAction":[{"@type":"SearchAction","target":{"@type":"EntryPoint","urlTemplate":"https:\/\/meripelastus.fi\/helsinki\/?s={search_term_string}"},"query-input":{"@type":"PropertyValueSpecification","valueRequired":true,"valueName":"search_term_string"}}],"inLanguage":"fi"}]}},"_links":{"self":[{"href":"https:\/\/meripelastus.fi\/helsinki\/wp-json\/wp\/v2\/pages\/8","targetHints":{"allow":["GET"]}}],"collection":[{"href":"https:\/\/meripelastus.fi\/helsinki\/wp-json\/wp\/v2\/pages"}],"about":[{"href":"https:\/\/meripelastus.fi\/helsinki\/wp-json\/wp\/v2\/types\/page"}],"author":[{"embeddable":true,"href":"https:\/\/meripelastus.fi\/helsinki\/wp-json\/wp\/v2\/users\/1"}],"replies":[{"embeddable":true,"href":"https:\/\/meripelastus.fi\/helsinki\/wp-json\/wp\/v2\/comments?post=8"}],"version-history":[{"count":13,"href":"https:\/\/meripelastus.fi\/helsinki\/wp-json\/wp\/v2\/pages\/8\/revisions"}],"predecessor-version":[{"id":1556,"href":"https:\/\/meripelastus.fi\/helsinki\/wp-json\/wp\/v2\/pages\/8\/revisions\/1556"}],"up":[{"embeddable":true,"href":"https:\/\/meripelastus.fi\/helsinki\/wp-json\/wp\/v2\/pages\/6"}],"wp:featuredmedia":[{"embeddable":true,"href":"https:\/\/meripelastus.fi\/helsinki\/wp-json\/wp\/v2\/media\/514"}],"wp:attachment":[{"href":"https:\/\/meripelastus.fi\/helsinki\/wp-json\/wp\/v2\/media?parent=8"}],"curies":[{"name":"wp","href":"https:\/\/api.w.org\/{rel}","templated":true}]}}