{"id":639,"date":"2019-07-14T11:37:36","date_gmt":"2019-07-14T08:37:36","guid":{"rendered":"https:\/\/meripelastus.fi\/helsinki-vedos\/?page_id=639"},"modified":"2025-10-19T22:32:33","modified_gmt":"2025-10-19T19:32:33","slug":"hyodyllisia-linkkeja","status":"publish","type":"page","link":"https:\/\/meripelastus.fi\/helsinki\/helsingin-meripelastusyhdistys\/uutisartikkelit\/hyodyllisia-linkkeja\/","title":{"rendered":"Hy\u00f6dyllisi\u00e4 linkkej\u00e4"},"content":{"rendered":"<p>&nbsp;<\/p>\n<p><a href=\"https:\/\/meripelastus.fi\/\">Suomen Meripelastusseura (SMPS)<\/a><br \/>\n<a href=\"https:\/\/www.raja.fi\/\">Merivartiosto<\/a><br \/>\n<a href=\"https:\/\/www.raja.fi\/meripelastus\">Meripelastuskeskus<\/a><br \/>\n<a href=\"https:\/\/www.hel.fi\/pela\/fi\">Helsingin Pelastuslaitos<\/a><br \/>\n<a href=\"https:\/\/www.portofhelsinki.fi\/\">Helsingin Satama<\/a><br \/>\n<a href=\"https:\/\/finnhems.fi\/\" target=\"_blank\" rel=\"noopener noreferrer\">FinnHEMS<\/a><\/p>\n<p><a href=\"https:\/\/vayla.fi\/\">V\u00e4yl\u00e4virasto<\/a><br \/>\n<a href=\"https:\/\/hns.fi\/\">Helsingin navigaatioseura<\/a><\/p>\n<p><strong>S\u00e4\u00e4 ja varoitukset<\/strong><br \/>\n<a href=\"https:\/\/ilmatieteenlaitos.fi\/saatiedotus-merenkulkijoille\">S\u00e4\u00e4tiedotus merenkulkijoille<\/a><br \/>\n<a href=\"http:\/\/www.itameriportaali.fi\/\">It\u00e4meriportaali<\/a><br \/>\n<a href=\"https:\/\/vayla.fi\/ammattimerenkulku\/meriliikenteen-ohjaus\/turvallisuusradio\/varoituksia-merenkulkijoille#.XSocnugzZ3g\">Varoitukset merenkulkijoille<\/a><br \/>\n<a href=\"https:\/\/puolustusvoimat.fi\/ajankohtaista\/ampuma-ja-melutiedotteet\">Puolustusvoimien varoilmoitukset<\/a><br \/>\n<strong><br \/>\nMeripelastus ulkomailla<\/strong><br \/>\n<a href=\"https:\/\/www.sjoraddning.se\/\">SSRS<\/a><br \/>\n<a href=\"http:\/\/www.redningsselskapet.no\/\">NSSR<\/a><br \/>\n<a href=\"https:\/\/rnli.org\/\">RNLI<\/a><\/p>\n","protected":false},"excerpt":{"rendered":"<p>&nbsp; Suomen Meripelastusseura (SMPS) Merivartiosto Meripelastuskeskus Helsingin Pelastuslaitos Helsingin Satama FinnHEMS V\u00e4yl\u00e4virasto Helsingin navigaatioseura S\u00e4\u00e4 ja varoitukset S\u00e4\u00e4tiedotus merenkulkijoille It\u00e4meriportaali Varoitukset merenkulkijoille Puolustusvoimien varoilmoitukset Meripelastus ulkomailla SSRS NSSR RNLI<\/p>\n","protected":false},"author":51,"featured_media":2232,"parent":10,"menu_order":0,"comment_status":"closed","ping_status":"closed","template":"","meta":{"_acf_changed":false,"inline_featured_image":false,"footnotes":""},"class_list":["post-639","page","type-page","status-publish","has-post-thumbnail","hentry"],"acf":[],"yoast_head":"<!-- This site is optimized with the Yoast SEO Premium plugin v27.2 (Yoast SEO v27.2) - https:\/\/yoast.com\/product\/yoast-seo-premium-wordpress\/ -->\n<title>Hy\u00f6dyllisi\u00e4 linkkej\u00e4 - Helsingin Meripelastusyhdistys<\/title>\n<meta name=\"description\" content=\"Hy\u00f6dyllisi\u00e4 linkkej\u00e4 Helsingin Meripelastusyhdistys\" \/>\n<meta name=\"robots\" content=\"index, follow, max-snippet:-1, max-image-preview:large, max-video-preview:-1\" \/>\n<link rel=\"canonical\" href=\"https:\/\/meripelastus.fi\/helsinki\/helsingin-meripelastusyhdistys\/uutisartikkelit\/hyodyllisia-linkkeja\/\" \/>\n<meta property=\"og:locale\" content=\"fi_FI\" \/>\n<meta property=\"og:type\" content=\"article\" \/>\n<meta property=\"og:title\" content=\"Hy\u00f6dyllisi\u00e4 linkkej\u00e4\" \/>\n<meta property=\"og:description\" content=\"Hy\u00f6dyllisi\u00e4 linkkej\u00e4 Helsingin Meripelastusyhdistys\" \/>\n<meta property=\"og:url\" content=\"https:\/\/meripelastus.fi\/helsinki\/helsingin-meripelastusyhdistys\/uutisartikkelit\/hyodyllisia-linkkeja\/\" \/>\n<meta property=\"og:site_name\" content=\"Helsingin Meripelastusyhdistys\" \/>\n<meta property=\"article:modified_time\" content=\"2025-10-19T19:32:33+00:00\" \/>\n<meta property=\"og:image\" content=\"https:\/\/meripelastus.fi\/helsinki\/wp-content\/uploads\/sites\/21\/2025\/10\/SAR2021_web_HenriJuvonen_0775-1-scaled.jpg\" \/>\n\t<meta property=\"og:image:width\" content=\"2560\" \/>\n\t<meta property=\"og:image:height\" content=\"1706\" \/>\n\t<meta property=\"og:image:type\" content=\"image\/jpeg\" \/>\n<meta name=\"twitter:card\" content=\"summary_large_image\" \/>\n<meta name=\"twitter:label1\" content=\"Arvioitu lukuaika\" \/>\n\t<meta name=\"twitter:data1\" content=\"1 minuutti\" \/>\n<script type=\"application\/ld+json\" class=\"yoast-schema-graph\">{\"@context\":\"https:\/\/schema.org\",\"@graph\":[{\"@type\":\"WebPage\",\"@id\":\"https:\/\/meripelastus.fi\/helsinki\/helsingin-meripelastusyhdistys\/uutisartikkelit\/hyodyllisia-linkkeja\/\",\"url\":\"https:\/\/meripelastus.fi\/helsinki\/helsingin-meripelastusyhdistys\/uutisartikkelit\/hyodyllisia-linkkeja\/\",\"name\":\"Hy\u00f6dyllisi\u00e4 linkkej\u00e4 - Helsingin Meripelastusyhdistys\",\"isPartOf\":{\"@id\":\"https:\/\/meripelastus.fi\/helsinki\/#website\"},\"primaryImageOfPage\":{\"@id\":\"https:\/\/meripelastus.fi\/helsinki\/helsingin-meripelastusyhdistys\/uutisartikkelit\/hyodyllisia-linkkeja\/#primaryimage\"},\"image\":{\"@id\":\"https:\/\/meripelastus.fi\/helsinki\/helsingin-meripelastusyhdistys\/uutisartikkelit\/hyodyllisia-linkkeja\/#primaryimage\"},\"thumbnailUrl\":\"https:\/\/meripelastus.fi\/helsinki\/wp-content\/uploads\/sites\/21\/2025\/10\/SAR2021_web_HenriJuvonen_0775-1-scaled.jpg\",\"datePublished\":\"2019-07-14T08:37:36+00:00\",\"dateModified\":\"2025-10-19T19:32:33+00:00\",\"description\":\"Hy\u00f6dyllisi\u00e4 linkkej\u00e4 Helsingin Meripelastusyhdistys\",\"breadcrumb\":{\"@id\":\"https:\/\/meripelastus.fi\/helsinki\/helsingin-meripelastusyhdistys\/uutisartikkelit\/hyodyllisia-linkkeja\/#breadcrumb\"},\"inLanguage\":\"fi\",\"potentialAction\":[{\"@type\":\"ReadAction\",\"target\":[\"https:\/\/meripelastus.fi\/helsinki\/helsingin-meripelastusyhdistys\/uutisartikkelit\/hyodyllisia-linkkeja\/\"]}]},{\"@type\":\"ImageObject\",\"inLanguage\":\"fi\",\"@id\":\"https:\/\/meripelastus.fi\/helsinki\/helsingin-meripelastusyhdistys\/uutisartikkelit\/hyodyllisia-linkkeja\/#primaryimage\",\"url\":\"https:\/\/meripelastus.fi\/helsinki\/wp-content\/uploads\/sites\/21\/2025\/10\/SAR2021_web_HenriJuvonen_0775-1-scaled.jpg\",\"contentUrl\":\"https:\/\/meripelastus.fi\/helsinki\/wp-content\/uploads\/sites\/21\/2025\/10\/SAR2021_web_HenriJuvonen_0775-1-scaled.jpg\",\"width\":2560,\"height\":1706},{\"@type\":\"BreadcrumbList\",\"@id\":\"https:\/\/meripelastus.fi\/helsinki\/helsingin-meripelastusyhdistys\/uutisartikkelit\/hyodyllisia-linkkeja\/#breadcrumb\",\"itemListElement\":[{\"@type\":\"ListItem\",\"position\":1,\"name\":\"Etusivu\",\"item\":\"https:\/\/meripelastus.fi\/helsinki\/\"},{\"@type\":\"ListItem\",\"position\":2,\"name\":\"Helsingin Meripelastusyhdistys\",\"item\":\"https:\/\/meripelastus.fi\/helsinki\/helsingin-meripelastusyhdistys\/\"},{\"@type\":\"ListItem\",\"position\":3,\"name\":\"Uutiset\",\"item\":\"https:\/\/meripelastus.fi\/helsinki\/helsingin-meripelastusyhdistys\/uutisartikkelit\/\"},{\"@type\":\"ListItem\",\"position\":4,\"name\":\"Hy\u00f6dyllisi\u00e4 linkkej\u00e4\"}]},{\"@type\":\"WebSite\",\"@id\":\"https:\/\/meripelastus.fi\/helsinki\/#website\",\"url\":\"https:\/\/meripelastus.fi\/helsinki\/\",\"name\":\"Helsingin Meripelastusyhdistys\",\"description\":\"Vapaaehtoiset apunasi vesill\u00e4\",\"potentialAction\":[{\"@type\":\"SearchAction\",\"target\":{\"@type\":\"EntryPoint\",\"urlTemplate\":\"https:\/\/meripelastus.fi\/helsinki\/?s={search_term_string}\"},\"query-input\":{\"@type\":\"PropertyValueSpecification\",\"valueRequired\":true,\"valueName\":\"search_term_string\"}}],\"inLanguage\":\"fi\"}]}<\/script>\n<!-- \/ Yoast SEO Premium plugin. -->","yoast_head_json":{"title":"Hy\u00f6dyllisi\u00e4 linkkej\u00e4 - Helsingin Meripelastusyhdistys","description":"Hy\u00f6dyllisi\u00e4 linkkej\u00e4 Helsingin Meripelastusyhdistys","robots":{"index":"index","follow":"follow","max-snippet":"max-snippet:-1","max-image-preview":"max-image-preview:large","max-video-preview":"max-video-preview:-1"},"canonical":"https:\/\/meripelastus.fi\/helsinki\/helsingin-meripelastusyhdistys\/uutisartikkelit\/hyodyllisia-linkkeja\/","og_locale":"fi_FI","og_type":"article","og_title":"Hy\u00f6dyllisi\u00e4 linkkej\u00e4","og_description":"Hy\u00f6dyllisi\u00e4 linkkej\u00e4 Helsingin Meripelastusyhdistys","og_url":"https:\/\/meripelastus.fi\/helsinki\/helsingin-meripelastusyhdistys\/uutisartikkelit\/hyodyllisia-linkkeja\/","og_site_name":"Helsingin Meripelastusyhdistys","article_modified_time":"2025-10-19T19:32:33+00:00","og_image":[{"width":2560,"height":1706,"url":"https:\/\/meripelastus.fi\/helsinki\/wp-content\/uploads\/sites\/21\/2025\/10\/SAR2021_web_HenriJuvonen_0775-1-scaled.jpg","type":"image\/jpeg"}],"twitter_card":"summary_large_image","twitter_misc":{"Arvioitu lukuaika":"1 minuutti"},"schema":{"@context":"https:\/\/schema.org","@graph":[{"@type":"WebPage","@id":"https:\/\/meripelastus.fi\/helsinki\/helsingin-meripelastusyhdistys\/uutisartikkelit\/hyodyllisia-linkkeja\/","url":"https:\/\/meripelastus.fi\/helsinki\/helsingin-meripelastusyhdistys\/uutisartikkelit\/hyodyllisia-linkkeja\/","name":"Hy\u00f6dyllisi\u00e4 linkkej\u00e4 - Helsingin Meripelastusyhdistys","isPartOf":{"@id":"https:\/\/meripelastus.fi\/helsinki\/#website"},"primaryImageOfPage":{"@id":"https:\/\/meripelastus.fi\/helsinki\/helsingin-meripelastusyhdistys\/uutisartikkelit\/hyodyllisia-linkkeja\/#primaryimage"},"image":{"@id":"https:\/\/meripelastus.fi\/helsinki\/helsingin-meripelastusyhdistys\/uutisartikkelit\/hyodyllisia-linkkeja\/#primaryimage"},"thumbnailUrl":"https:\/\/meripelastus.fi\/helsinki\/wp-content\/uploads\/sites\/21\/2025\/10\/SAR2021_web_HenriJuvonen_0775-1-scaled.jpg","datePublished":"2019-07-14T08:37:36+00:00","dateModified":"2025-10-19T19:32:33+00:00","description":"Hy\u00f6dyllisi\u00e4 linkkej\u00e4 Helsingin Meripelastusyhdistys","breadcrumb":{"@id":"https:\/\/meripelastus.fi\/helsinki\/helsingin-meripelastusyhdistys\/uutisartikkelit\/hyodyllisia-linkkeja\/#breadcrumb"},"inLanguage":"fi","potentialAction":[{"@type":"ReadAction","target":["https:\/\/meripelastus.fi\/helsinki\/helsingin-meripelastusyhdistys\/uutisartikkelit\/hyodyllisia-linkkeja\/"]}]},{"@type":"ImageObject","inLanguage":"fi","@id":"https:\/\/meripelastus.fi\/helsinki\/helsingin-meripelastusyhdistys\/uutisartikkelit\/hyodyllisia-linkkeja\/#primaryimage","url":"https:\/\/meripelastus.fi\/helsinki\/wp-content\/uploads\/sites\/21\/2025\/10\/SAR2021_web_HenriJuvonen_0775-1-scaled.jpg","contentUrl":"https:\/\/meripelastus.fi\/helsinki\/wp-content\/uploads\/sites\/21\/2025\/10\/SAR2021_web_HenriJuvonen_0775-1-scaled.jpg","width":2560,"height":1706},{"@type":"BreadcrumbList","@id":"https:\/\/meripelastus.fi\/helsinki\/helsingin-meripelastusyhdistys\/uutisartikkelit\/hyodyllisia-linkkeja\/#breadcrumb","itemListElement":[{"@type":"ListItem","position":1,"name":"Etusivu","item":"https:\/\/meripelastus.fi\/helsinki\/"},{"@type":"ListItem","position":2,"name":"Helsingin Meripelastusyhdistys","item":"https:\/\/meripelastus.fi\/helsinki\/helsingin-meripelastusyhdistys\/"},{"@type":"ListItem","position":3,"name":"Uutiset","item":"https:\/\/meripelastus.fi\/helsinki\/helsingin-meripelastusyhdistys\/uutisartikkelit\/"},{"@type":"ListItem","position":4,"name":"Hy\u00f6dyllisi\u00e4 linkkej\u00e4"}]},{"@type":"WebSite","@id":"https:\/\/meripelastus.fi\/helsinki\/#website","url":"https:\/\/meripelastus.fi\/helsinki\/","name":"Helsingin Meripelastusyhdistys","description":"Vapaaehtoiset apunasi vesill\u00e4","potentialAction":[{"@type":"SearchAction","target":{"@type":"EntryPoint","urlTemplate":"https:\/\/meripelastus.fi\/helsinki\/?s={search_term_string}"},"query-input":{"@type":"PropertyValueSpecification","valueRequired":true,"valueName":"search_term_string"}}],"inLanguage":"fi"}]}},"_links":{"self":[{"href":"https:\/\/meripelastus.fi\/helsinki\/wp-json\/wp\/v2\/pages\/639","targetHints":{"allow":["GET"]}}],"collection":[{"href":"https:\/\/meripelastus.fi\/helsinki\/wp-json\/wp\/v2\/pages"}],"about":[{"href":"https:\/\/meripelastus.fi\/helsinki\/wp-json\/wp\/v2\/types\/page"}],"author":[{"embeddable":true,"href":"https:\/\/meripelastus.fi\/helsinki\/wp-json\/wp\/v2\/users\/51"}],"replies":[{"embeddable":true,"href":"https:\/\/meripelastus.fi\/helsinki\/wp-json\/wp\/v2\/comments?post=639"}],"version-history":[{"count":4,"href":"https:\/\/meripelastus.fi\/helsinki\/wp-json\/wp\/v2\/pages\/639\/revisions"}],"predecessor-version":[{"id":1557,"href":"https:\/\/meripelastus.fi\/helsinki\/wp-json\/wp\/v2\/pages\/639\/revisions\/1557"}],"up":[{"embeddable":true,"href":"https:\/\/meripelastus.fi\/helsinki\/wp-json\/wp\/v2\/pages\/10"}],"wp:featuredmedia":[{"embeddable":true,"href":"https:\/\/meripelastus.fi\/helsinki\/wp-json\/wp\/v2\/media\/2232"}],"wp:attachment":[{"href":"https:\/\/meripelastus.fi\/helsinki\/wp-json\/wp\/v2\/media?parent=639"}],"curies":[{"name":"wp","href":"https:\/\/api.w.org\/{rel}","templated":true}]}}