{"id":502,"date":"2019-07-13T22:47:34","date_gmt":"2019-07-13T19:47:34","guid":{"rendered":"https:\/\/meripelastus.fi\/helsinki-vedos\/?page_id=502"},"modified":"2026-01-03T17:20:55","modified_gmt":"2026-01-03T15:20:55","slug":"organisaatio","status":"publish","type":"page","link":"https:\/\/meripelastus.fi\/helsinki\/organisaatio\/","title":{"rendered":"Yhteyshenkil\u00f6t"},"content":{"rendered":"\n<h2 class=\"wp-block-heading\" id=\"h-yhdistyksen-hallitus\">Yhdistyksen hallitus<\/h2>\n\n\n\n<div class=\"wp-block-columns is-layout-flex wp-container-core-columns-is-layout-9d6595d7 wp-block-columns-is-layout-flex\">\n<div class=\"wp-block-column is-layout-flow wp-block-column-is-layout-flow\" style=\"flex-basis:33.33%\">\n<p><strong>Puheenjohtaja<\/strong><\/p>\n<\/div>\n\n\n\n<div class=\"wp-block-column is-layout-flow wp-block-column-is-layout-flow\" style=\"flex-basis:66.66%\">\n<p>Kuisma Pulkkinen<br><strong>050 571 3940<\/strong><br><a href=\"pj.helsinki@messi.meripelastus.fi\">pj.helsinki@messi.meripelastus.fi<\/a><\/p>\n<\/div>\n<\/div>\n\n\n\n<div class=\"wp-block-columns is-layout-flex wp-container-core-columns-is-layout-9d6595d7 wp-block-columns-is-layout-flex\">\n<div class=\"wp-block-column is-layout-flow wp-block-column-is-layout-flow\" style=\"flex-basis:33.33%\">\n<p><strong>Varapuheenjohtaja<\/strong><\/p>\n<\/div>\n\n\n\n<div class=\"wp-block-column is-layout-flow wp-block-column-is-layout-flow\" style=\"flex-basis:66.66%\">\n<p>Marleena J\u00e4rvinen<\/p>\n<\/div>\n<\/div>\n\n\n\n<div class=\"wp-block-columns is-layout-flex wp-container-core-columns-is-layout-9d6595d7 wp-block-columns-is-layout-flex\">\n<div class=\"wp-block-column is-layout-flow wp-block-column-is-layout-flow\" style=\"flex-basis:33.33%\">\n<p><strong>J\u00e4senet<\/strong><\/p>\n<\/div>\n\n\n\n<div class=\"wp-block-column is-layout-flow wp-block-column-is-layout-flow\" style=\"flex-basis:66.66%\">\n<p>Aaro Vasama<br>Antti Salmenlinna<br>Eero S\u00f6derholm<br>Juuso Katila<br>Markku Vuorisalo<br>Teppo Oksanen<\/p>\n<\/div>\n<\/div>\n\n\n\t\n   <div class=\"compass-wrapper\"><img loading=\"lazy\" decoding=\"async\" src=\"https:\/\/meripelastus.fi\/helsinki\/wp-content\/themes\/jarjestot\/img\/smps-kompassi-sininen.png\" width=\"1083\" height=\"110\" class=\"kompassi-block\" aria-hidden=\"true\"\/><\/div>\n\n\n<h2 class=\"wp-block-heading\" id=\"h-yhteyshenkilot\">Yhteyshenkil\u00f6t<\/h2>\n\n\n\n<div class=\"wp-block-columns is-layout-flex wp-container-core-columns-is-layout-9d6595d7 wp-block-columns-is-layout-flex\">\n<div class=\"wp-block-column is-layout-flow wp-block-column-is-layout-flow\" style=\"flex-basis:33.33%\">\n<p><strong>Operatiivinen toiminta<\/strong><br>Pelastustoiminta, valmius, koulutus<\/p>\n<\/div>\n\n\n\n<div class=\"wp-block-column is-layout-flow wp-block-column-is-layout-flow\" style=\"flex-basis:33.33%\">\n<p>Sebastian Nilsson-Ollandt<br><a href=\"valmius.helsinki@messi.meripelastus.fi\">valmius.helsinki(at)messi.meripelastus.fi<\/a><\/p>\n<\/div>\n<\/div>\n\n\n\n<div class=\"wp-block-columns is-layout-flex wp-container-core-columns-is-layout-9d6595d7 wp-block-columns-is-layout-flex\">\n<div class=\"wp-block-column is-layout-flow wp-block-column-is-layout-flow\" style=\"flex-basis:33.33%\">\n<p><strong>Huolto<\/strong><br>Pelastusveneiden huolto ja kunnossapito<\/p>\n<\/div>\n\n\n\n<div class=\"wp-block-column is-layout-flow wp-block-column-is-layout-flow\" style=\"flex-basis:33.33%\">\n<p>Velipekka Hiltunen<br><a href=\"alus.helsinki@messi.meripelastus.fi\">alus.helsinki(at)messi.meripelastus.fi<\/a><\/p>\n<\/div>\n<\/div>\n\n\n\n<div class=\"wp-block-columns is-layout-flex wp-container-core-columns-is-layout-9d6595d7 wp-block-columns-is-layout-flex\">\n<div class=\"wp-block-column is-layout-flow wp-block-column-is-layout-flow\" style=\"flex-basis:33.33%\">\n<p><strong>Matosaaren meripelastusasema<\/strong><br>Aseman huolto ja kunnossapito<\/p>\n<\/div>\n\n\n\n<div class=\"wp-block-column is-layout-flow wp-block-column-is-layout-flow\" style=\"flex-basis:33.33%\">\n<p>Mikael Anders\u00e9n<br><a href=\"asema.helsinki@messi.meripelastus.fi\">asema.helsinki(at)messi.meripelastus.fi<\/a><\/p>\n<\/div>\n<\/div>\n\n\n\n<div class=\"wp-block-columns is-layout-flex wp-container-core-columns-is-layout-9d6595d7 wp-block-columns-is-layout-flex\">\n<div class=\"wp-block-column is-layout-flow wp-block-column-is-layout-flow\" style=\"flex-basis:33.33%\">\n<p><strong>P\u00e4\u00e4toimittaja<\/strong><br>Stadin Trossi-lehti, toimitus ja mainosmyynti<\/p>\n<\/div>\n\n\n\n<div class=\"wp-block-column is-layout-flow wp-block-column-is-layout-flow\" style=\"flex-basis:33.33%\">\n<p>Katja Rajala<br><a href=\"tiedotus.helsinki@messi.meripelastus.fi\">tiedotus.helsinki(at)messi.meripelastus.fi<\/a><\/p>\n<\/div>\n<\/div>\n\n\n\n<div class=\"wp-block-columns is-layout-flex wp-container-core-columns-is-layout-9d6595d7 wp-block-columns-is-layout-flex\">\n<div class=\"wp-block-column is-layout-flow wp-block-column-is-layout-flow\" style=\"flex-basis:33.33%\">\n<p><strong>J\u00e4sensihteeri<\/strong><br>J\u00e4senrekisteri, osoitteenmuutokset, j\u00e4senmaksut<\/p>\n<\/div>\n\n\n\n<div class=\"wp-block-column is-layout-flow wp-block-column-is-layout-flow\" style=\"flex-basis:33.33%\">\n<p>Julia Vuorela<br><a href=\"julia.vuorela@meripelastus.fi\">julia.vuorela(at)meripelastus.fi<\/a><\/p>\n<\/div>\n<\/div>\n\n\n\n<div class=\"wp-block-columns is-layout-flex wp-container-core-columns-is-layout-9d6595d7 wp-block-columns-is-layout-flex\">\n<div class=\"wp-block-column is-layout-flow wp-block-column-is-layout-flow\" style=\"flex-basis:33.33%\">\n<p><strong>Miehist\u00f6<\/strong><br>Uusien miehist\u00f6n j\u00e4senten rekrytointi ja koulutus<\/p>\n<\/div>\n\n\n\n<div class=\"wp-block-column is-layout-flow wp-block-column-is-layout-flow\" style=\"flex-basis:33.33%\">\n<p>Tulokasvastaava<br><a href=\"tulokas@meripelastushelsinki.fi\">tulokas(at)meripelastushelsinki.fi<\/a><\/p>\n<\/div>\n<\/div>\n\n\n\n<div class=\"wp-block-columns is-layout-flex wp-container-core-columns-is-layout-9d6595d7 wp-block-columns-is-layout-flex\">\n<div class=\"wp-block-column is-layout-flow wp-block-column-is-layout-flow\" style=\"flex-basis:33.33%\">\n<p><strong>Nuorisotoiminta<\/strong><br><\/p>\n<\/div>\n\n\n\n<div class=\"wp-block-column is-layout-flow wp-block-column-is-layout-flow\" style=\"flex-basis:33.33%\">\n<p>Niklas Rahola<br><a href=\"nuoriso.helsinki@messi.meripelastus.fi\">nuoriso.helsinki(at)messi.meripelastus.fi<\/a><\/p>\n<\/div>\n<\/div>\n\n\n\n<div class=\"wp-block-columns is-layout-flex wp-container-core-columns-is-layout-9d6595d7 wp-block-columns-is-layout-flex\">\n<div class=\"wp-block-column is-layout-flow wp-block-column-is-layout-flow\" style=\"flex-basis:33.33%\">\n<p><strong>Varainhankinta<\/strong><br><\/p>\n<\/div>\n\n\n\n<div class=\"wp-block-column is-layout-flow wp-block-column-is-layout-flow\" style=\"flex-basis:33.33%\">\n<p>Varainhankinta<br><a href=\"varainhankinta@messi.meripelastus.fi\">varainhankinta(at)messi.meripelastus.fi<\/a><\/p>\n<\/div>\n<\/div>\n\n\n\n<div class=\"wp-block-columns is-layout-flex wp-container-core-columns-is-layout-9d6595d7 wp-block-columns-is-layout-flex\">\n<div class=\"wp-block-column is-layout-flow wp-block-column-is-layout-flow\" style=\"flex-basis:33.33%\">\n<p><strong>Webmaster<\/strong><br>www-sivujen suunnittelu ja yll\u00e4pito<\/p>\n<\/div>\n\n\n\n<div class=\"wp-block-column is-layout-flow wp-block-column-is-layout-flow\" style=\"flex-basis:33.33%\">\n<p>Marleena J\u00e4rvinen<br><a href=\"webmaster.helsinki@messi.meripelastus.fi\">webmaster.helsinki(at)messi.meripelastus.fi<\/a><\/p>\n<\/div>\n<\/div>\n\n\n\n<div class=\"wp-block-columns is-layout-flex wp-container-core-columns-is-layout-9d6595d7 wp-block-columns-is-layout-flex\">\n<div class=\"wp-block-column is-layout-flow wp-block-column-is-layout-flow\" style=\"flex-basis:33.33%\">\n<p><strong>Tapahtumavastaava<\/strong><br>Tapahtuma tiedustelut <\/p>\n<\/div>\n\n\n\n<div class=\"wp-block-column is-layout-flow wp-block-column-is-layout-flow\" style=\"flex-basis:33.33%\">\n<p>Mikko Visa<br><a href=\"mikko.visa@meripelastushelsinki.fi\">mikko.visa(at)meripelastushelsinki.fi<\/a><\/p>\n<\/div>\n<\/div>\n\n\n\n<p>S\u00e4hk\u00f6postiosoitteiden (at) korvataan @-merkill\u00e4<\/p>\n\n\n\n<p><\/p>\n","protected":false},"excerpt":{"rendered":"<p>Yhdistyksen hallitus Puheenjohtaja Kuisma Pulkkinen050 571 3940pj.helsinki@messi.meripelastus.fi Varapuheenjohtaja Marleena J\u00e4rvinen J\u00e4senet Aaro VasamaAntti SalmenlinnaEero S\u00f6derholmJuuso KatilaMarkku VuorisaloTeppo Oksanen Yhteyshenkil\u00f6t Operatiivinen toimintaPelastustoiminta, valmius, koulutus Sebastian Nilsson-Ollandtvalmius.helsinki(at)messi.meripelastus.fi HuoltoPelastusveneiden huolto ja kunnossapito Velipekka Hiltunenalus.helsinki(at)messi.meripelastus.fi Matosaaren meripelastusasemaAseman huolto ja kunnossapito Mikael Anders\u00e9nasema.helsinki(at)messi.meripelastus.fi P\u00e4\u00e4toimittajaStadin Trossi-lehti, toimitus ja mainosmyynti Katja Rajalatiedotus.helsinki(at)messi.meripelastus.fi J\u00e4sensihteeriJ\u00e4senrekisteri, osoitteenmuutokset, j\u00e4senmaksut Julia Vuorelajulia.vuorela(at)meripelastus.fi Miehist\u00f6Uusien miehist\u00f6n j\u00e4senten rekrytointi ja [&hellip;]<\/p>\n","protected":false},"author":51,"featured_media":0,"parent":0,"menu_order":0,"comment_status":"closed","ping_status":"closed","template":"","meta":{"_acf_changed":false,"inline_featured_image":false,"footnotes":""},"class_list":["post-502","page","type-page","status-publish","hentry"],"acf":[],"yoast_head":"<!-- This site is optimized with the Yoast SEO Premium plugin v27.2 (Yoast SEO v27.2) - https:\/\/yoast.com\/product\/yoast-seo-premium-wordpress\/ -->\n<title>Yhteyshenkil\u00f6t - Helsingin Meripelastusyhdistys<\/title>\n<meta name=\"description\" content=\"Helsingin Meripelastusyhdistys organisaatio ja yhteystiedot. Helsingin Meripelastusyhdistys puheenjohtaja ja hallitus yhteystiedot sek\u00e4 osoite.\" \/>\n<meta name=\"robots\" content=\"index, follow, max-snippet:-1, max-image-preview:large, max-video-preview:-1\" \/>\n<link rel=\"canonical\" href=\"https:\/\/meripelastus.fi\/helsinki\/organisaatio\/\" \/>\n<meta property=\"og:locale\" content=\"fi_FI\" \/>\n<meta property=\"og:type\" content=\"article\" \/>\n<meta property=\"og:title\" content=\"Yhteyshenkil\u00f6t\" \/>\n<meta property=\"og:description\" content=\"Helsingin Meripelastusyhdistys organisaatio ja yhteystiedot. Helsingin Meripelastusyhdistys puheenjohtaja ja hallitus yhteystiedot sek\u00e4 osoite.\" \/>\n<meta property=\"og:url\" content=\"https:\/\/meripelastus.fi\/helsinki\/organisaatio\/\" \/>\n<meta property=\"og:site_name\" content=\"Helsingin Meripelastusyhdistys\" \/>\n<meta property=\"article:modified_time\" content=\"2026-01-03T15:20:55+00:00\" \/>\n<meta name=\"twitter:card\" content=\"summary_large_image\" \/>\n<meta name=\"twitter:label1\" content=\"Arvioitu lukuaika\" \/>\n\t<meta name=\"twitter:data1\" content=\"1 minuutti\" \/>\n<script type=\"application\/ld+json\" class=\"yoast-schema-graph\">{\"@context\":\"https:\/\/schema.org\",\"@graph\":[{\"@type\":\"WebPage\",\"@id\":\"https:\/\/meripelastus.fi\/helsinki\/organisaatio\/\",\"url\":\"https:\/\/meripelastus.fi\/helsinki\/organisaatio\/\",\"name\":\"Yhteyshenkil\u00f6t - Helsingin Meripelastusyhdistys\",\"isPartOf\":{\"@id\":\"https:\/\/meripelastus.fi\/helsinki\/#website\"},\"datePublished\":\"2019-07-13T19:47:34+00:00\",\"dateModified\":\"2026-01-03T15:20:55+00:00\",\"description\":\"Helsingin Meripelastusyhdistys organisaatio ja yhteystiedot. Helsingin Meripelastusyhdistys puheenjohtaja ja hallitus yhteystiedot sek\u00e4 osoite.\",\"breadcrumb\":{\"@id\":\"https:\/\/meripelastus.fi\/helsinki\/organisaatio\/#breadcrumb\"},\"inLanguage\":\"fi\",\"potentialAction\":[{\"@type\":\"ReadAction\",\"target\":[\"https:\/\/meripelastus.fi\/helsinki\/organisaatio\/\"]}]},{\"@type\":\"BreadcrumbList\",\"@id\":\"https:\/\/meripelastus.fi\/helsinki\/organisaatio\/#breadcrumb\",\"itemListElement\":[{\"@type\":\"ListItem\",\"position\":1,\"name\":\"Etusivu\",\"item\":\"https:\/\/meripelastus.fi\/helsinki\/\"},{\"@type\":\"ListItem\",\"position\":2,\"name\":\"Yhteyshenkil\u00f6t\"}]},{\"@type\":\"WebSite\",\"@id\":\"https:\/\/meripelastus.fi\/helsinki\/#website\",\"url\":\"https:\/\/meripelastus.fi\/helsinki\/\",\"name\":\"Helsingin Meripelastusyhdistys\",\"description\":\"Vapaaehtoiset apunasi vesill\u00e4\",\"potentialAction\":[{\"@type\":\"SearchAction\",\"target\":{\"@type\":\"EntryPoint\",\"urlTemplate\":\"https:\/\/meripelastus.fi\/helsinki\/?s={search_term_string}\"},\"query-input\":{\"@type\":\"PropertyValueSpecification\",\"valueRequired\":true,\"valueName\":\"search_term_string\"}}],\"inLanguage\":\"fi\"}]}<\/script>\n<!-- \/ Yoast SEO Premium plugin. -->","yoast_head_json":{"title":"Yhteyshenkil\u00f6t - Helsingin Meripelastusyhdistys","description":"Helsingin Meripelastusyhdistys organisaatio ja yhteystiedot. Helsingin Meripelastusyhdistys puheenjohtaja ja hallitus yhteystiedot sek\u00e4 osoite.","robots":{"index":"index","follow":"follow","max-snippet":"max-snippet:-1","max-image-preview":"max-image-preview:large","max-video-preview":"max-video-preview:-1"},"canonical":"https:\/\/meripelastus.fi\/helsinki\/organisaatio\/","og_locale":"fi_FI","og_type":"article","og_title":"Yhteyshenkil\u00f6t","og_description":"Helsingin Meripelastusyhdistys organisaatio ja yhteystiedot. Helsingin Meripelastusyhdistys puheenjohtaja ja hallitus yhteystiedot sek\u00e4 osoite.","og_url":"https:\/\/meripelastus.fi\/helsinki\/organisaatio\/","og_site_name":"Helsingin Meripelastusyhdistys","article_modified_time":"2026-01-03T15:20:55+00:00","twitter_card":"summary_large_image","twitter_misc":{"Arvioitu lukuaika":"1 minuutti"},"schema":{"@context":"https:\/\/schema.org","@graph":[{"@type":"WebPage","@id":"https:\/\/meripelastus.fi\/helsinki\/organisaatio\/","url":"https:\/\/meripelastus.fi\/helsinki\/organisaatio\/","name":"Yhteyshenkil\u00f6t - Helsingin Meripelastusyhdistys","isPartOf":{"@id":"https:\/\/meripelastus.fi\/helsinki\/#website"},"datePublished":"2019-07-13T19:47:34+00:00","dateModified":"2026-01-03T15:20:55+00:00","description":"Helsingin Meripelastusyhdistys organisaatio ja yhteystiedot. Helsingin Meripelastusyhdistys puheenjohtaja ja hallitus yhteystiedot sek\u00e4 osoite.","breadcrumb":{"@id":"https:\/\/meripelastus.fi\/helsinki\/organisaatio\/#breadcrumb"},"inLanguage":"fi","potentialAction":[{"@type":"ReadAction","target":["https:\/\/meripelastus.fi\/helsinki\/organisaatio\/"]}]},{"@type":"BreadcrumbList","@id":"https:\/\/meripelastus.fi\/helsinki\/organisaatio\/#breadcrumb","itemListElement":[{"@type":"ListItem","position":1,"name":"Etusivu","item":"https:\/\/meripelastus.fi\/helsinki\/"},{"@type":"ListItem","position":2,"name":"Yhteyshenkil\u00f6t"}]},{"@type":"WebSite","@id":"https:\/\/meripelastus.fi\/helsinki\/#website","url":"https:\/\/meripelastus.fi\/helsinki\/","name":"Helsingin Meripelastusyhdistys","description":"Vapaaehtoiset apunasi vesill\u00e4","potentialAction":[{"@type":"SearchAction","target":{"@type":"EntryPoint","urlTemplate":"https:\/\/meripelastus.fi\/helsinki\/?s={search_term_string}"},"query-input":{"@type":"PropertyValueSpecification","valueRequired":true,"valueName":"search_term_string"}}],"inLanguage":"fi"}]}},"_links":{"self":[{"href":"https:\/\/meripelastus.fi\/helsinki\/wp-json\/wp\/v2\/pages\/502","targetHints":{"allow":["GET"]}}],"collection":[{"href":"https:\/\/meripelastus.fi\/helsinki\/wp-json\/wp\/v2\/pages"}],"about":[{"href":"https:\/\/meripelastus.fi\/helsinki\/wp-json\/wp\/v2\/types\/page"}],"author":[{"embeddable":true,"href":"https:\/\/meripelastus.fi\/helsinki\/wp-json\/wp\/v2\/users\/51"}],"replies":[{"embeddable":true,"href":"https:\/\/meripelastus.fi\/helsinki\/wp-json\/wp\/v2\/comments?post=502"}],"version-history":[{"count":57,"href":"https:\/\/meripelastus.fi\/helsinki\/wp-json\/wp\/v2\/pages\/502\/revisions"}],"predecessor-version":[{"id":2292,"href":"https:\/\/meripelastus.fi\/helsinki\/wp-json\/wp\/v2\/pages\/502\/revisions\/2292"}],"wp:attachment":[{"href":"https:\/\/meripelastus.fi\/helsinki\/wp-json\/wp\/v2\/media?parent=502"}],"curies":[{"name":"wp","href":"https:\/\/api.w.org\/{rel}","templated":true}]}}