{"id":491,"date":"2019-07-13T21:54:29","date_gmt":"2019-07-13T18:54:29","guid":{"rendered":"https:\/\/meripelastus.fi\/helsinki-vedos\/?page_id=491"},"modified":"2020-09-14T11:55:08","modified_gmt":"2020-09-14T08:55:08","slug":"meripelastusasema","status":"publish","type":"page","link":"https:\/\/meripelastus.fi\/helsinki\/toiminta\/meripelastusasema\/","title":{"rendered":"Meripelastusasema"},"content":{"rendered":"<p>Helsingin Meripelastusyhdistyksen pelastusveneet Rautauoma ja Aisko tukeutuvat Jollakseen Matosaaren meripelastusasemaan, joka sijaitsee Suomenlahden veneilyrunkov\u00e4yl\u00e4n varrella Santahaminan it\u00e4puolella. Meripelastusasema sijaitsee keskell\u00e4 yhdistyksemme toiminta-aluetta, joka ulottuu l\u00e4nsi-Helsingin Lauttasaaresta Porvoon Onaksen saaristoon saakka.<\/p>\n<p>Meripelastusaseman laitureita saa aina tarvittaessa k\u00e4ytt\u00e4\u00e4 turvasatamapaikkana, esimerkiksi jos s\u00e4\u00e4tila t\u00e4m\u00e4n vaatii. Niemen kaakkoispuolella on ns. pikkulaituri, jossa on muutama poijupaikka ja l\u00e4nsipuolella p\u00e4\u00e4laituri, jonka ulkopuolelle voi kiinnitt\u00e4\u00e4. P\u00e4\u00e4laiturin sis\u00e4puoli on varattu pelastusveneille. Jos haluat tutustua asemaan, siit\u00e4 on hyv\u00e4 sopia ennakkoon.<\/p>\n<p>Meripelastusaluksemme p\u00e4ivyst\u00e4v\u00e4t avovesikauden aikana 24 h \/vrk. Asema ei kuitenkaan ole miehitettyn\u00e4 jatkuvasti, p\u00e4ivystys suoritetaan matkapuhelimilla. Asemalla on kuitenkin kapasiteetti majoittaa koko h\u00e4lytysmiehist\u00f6 tarvittaessa, jolloin pelastusveneemme pystyv\u00e4t l\u00e4htem\u00e4\u00e4n h\u00e4lytyksiin v\u00e4litt\u00f6m\u00e4sti. Miehist\u00f6n huoltoa varten meill\u00e4 on luonnollisesti sauna. Alushuoltoa varten l\u00f6ytyy omat tekniset tilat pienten korjausten tekemist\u00e4 varten.<\/p>\n<p>Asemaa k\u00e4ytet\u00e4\u00e4n hyvin paljon h\u00e4lytysmiehist\u00f6n kouluttamiseen. P\u00e4\u00e4rakennuksessa on koulutustila noin 15 hengelle.<\/p>\n<p>Helsingin Meripelastusyhdistys omistaa Matosaaren rakennukset. Meripelastusasemana Matosaari on toiminut vuodesta 1986.<\/p>\n<p>K\u00e4yntiosoite<br \/>\nMatosaarentie 22<br \/>\n<a href=\"https:\/\/www.google.com\/maps\/d\/u\/0\/viewer?ie=UTF8&amp;hl=fi&amp;msa=0&amp;ll=60.17242800000003%2C25.084190000000035&amp;spn=0.099215%2C0.240669&amp;t=h&amp;z=12&amp;om=1&amp;mid=1EU-goXZRlNZD4peNm1oT1vUSyI8\">Googlen karttapalvelussa<\/a><\/p>\n<p>Koordinaatit:<br \/>\nN 60\u00b009,3&#8242;<br \/>\nE 025\u00b005,1&#8242;<\/p>\n","protected":false},"excerpt":{"rendered":"<p>Helsingin Meripelastusyhdistyksen pelastusveneet Rautauoma ja Aisko tukeutuvat Jollakseen Matosaaren meripelastusasemaan, joka sijaitsee Suomenlahden veneilyrunkov\u00e4yl\u00e4n varrella Santahaminan it\u00e4puolella. Meripelastusasema sijaitsee keskell\u00e4 yhdistyksemme toiminta-aluetta, joka ulottuu l\u00e4nsi-Helsingin Lauttasaaresta Porvoon Onaksen saaristoon saakka. Meripelastusaseman laitureita saa aina tarvittaessa k\u00e4ytt\u00e4\u00e4 turvasatamapaikkana, esimerkiksi jos s\u00e4\u00e4tila t\u00e4m\u00e4n vaatii. Niemen kaakkoispuolella on ns. pikkulaituri, jossa on muutama poijupaikka ja l\u00e4nsipuolella p\u00e4\u00e4laituri, jonka [&hellip;]<\/p>\n","protected":false},"author":51,"featured_media":493,"parent":20,"menu_order":0,"comment_status":"closed","ping_status":"closed","template":"","meta":{"_acf_changed":false,"inline_featured_image":false,"footnotes":""},"class_list":["post-491","page","type-page","status-publish","has-post-thumbnail","hentry"],"acf":[],"yoast_head":"<!-- This site is optimized with the Yoast SEO Premium plugin v27.2 (Yoast SEO v27.2) - https:\/\/yoast.com\/product\/yoast-seo-premium-wordpress\/ -->\n<title>Meripelastusasema - Helsingin Meripelastusyhdistys<\/title>\n<meta name=\"description\" content=\"Helsingin Meripelastusyhdistys meripelastusasema matosaari\" \/>\n<meta name=\"robots\" content=\"index, follow, max-snippet:-1, max-image-preview:large, max-video-preview:-1\" \/>\n<link rel=\"canonical\" href=\"https:\/\/meripelastus.fi\/helsinki\/toiminta\/meripelastusasema\/\" \/>\n<meta property=\"og:locale\" content=\"fi_FI\" \/>\n<meta property=\"og:type\" content=\"article\" \/>\n<meta property=\"og:title\" content=\"Meripelastusasema\" \/>\n<meta property=\"og:description\" content=\"Helsingin Meripelastusyhdistys meripelastusasema matosaari\" \/>\n<meta property=\"og:url\" content=\"https:\/\/meripelastus.fi\/helsinki\/toiminta\/meripelastusasema\/\" \/>\n<meta property=\"og:site_name\" content=\"Helsingin Meripelastusyhdistys\" \/>\n<meta property=\"article:modified_time\" content=\"2020-09-14T08:55:08+00:00\" \/>\n<meta property=\"og:image\" content=\"https:\/\/meripelastus.fi\/helsinki\/wp-content\/uploads\/sites\/21\/2019\/07\/MS-8868.jpg\" \/>\n\t<meta property=\"og:image:width\" content=\"2048\" \/>\n\t<meta property=\"og:image:height\" content=\"295\" \/>\n\t<meta property=\"og:image:type\" content=\"image\/jpeg\" \/>\n<meta name=\"twitter:card\" content=\"summary_large_image\" \/>\n<meta name=\"twitter:label1\" content=\"Arvioitu lukuaika\" \/>\n\t<meta name=\"twitter:data1\" content=\"1 minuutti\" \/>\n<script type=\"application\/ld+json\" class=\"yoast-schema-graph\">{\"@context\":\"https:\/\/schema.org\",\"@graph\":[{\"@type\":\"WebPage\",\"@id\":\"https:\/\/meripelastus.fi\/helsinki\/toiminta\/meripelastusasema\/\",\"url\":\"https:\/\/meripelastus.fi\/helsinki\/toiminta\/meripelastusasema\/\",\"name\":\"Meripelastusasema - Helsingin Meripelastusyhdistys\",\"isPartOf\":{\"@id\":\"https:\/\/meripelastus.fi\/helsinki\/#website\"},\"primaryImageOfPage\":{\"@id\":\"https:\/\/meripelastus.fi\/helsinki\/toiminta\/meripelastusasema\/#primaryimage\"},\"image\":{\"@id\":\"https:\/\/meripelastus.fi\/helsinki\/toiminta\/meripelastusasema\/#primaryimage\"},\"thumbnailUrl\":\"https:\/\/meripelastus.fi\/helsinki\/wp-content\/uploads\/sites\/21\/2019\/07\/MS-8868.jpg\",\"datePublished\":\"2019-07-13T18:54:29+00:00\",\"dateModified\":\"2020-09-14T08:55:08+00:00\",\"description\":\"Helsingin Meripelastusyhdistys meripelastusasema matosaari\",\"breadcrumb\":{\"@id\":\"https:\/\/meripelastus.fi\/helsinki\/toiminta\/meripelastusasema\/#breadcrumb\"},\"inLanguage\":\"fi\",\"potentialAction\":[{\"@type\":\"ReadAction\",\"target\":[\"https:\/\/meripelastus.fi\/helsinki\/toiminta\/meripelastusasema\/\"]}]},{\"@type\":\"ImageObject\",\"inLanguage\":\"fi\",\"@id\":\"https:\/\/meripelastus.fi\/helsinki\/toiminta\/meripelastusasema\/#primaryimage\",\"url\":\"https:\/\/meripelastus.fi\/helsinki\/wp-content\/uploads\/sites\/21\/2019\/07\/MS-8868.jpg\",\"contentUrl\":\"https:\/\/meripelastus.fi\/helsinki\/wp-content\/uploads\/sites\/21\/2019\/07\/MS-8868.jpg\",\"width\":2048,\"height\":295},{\"@type\":\"BreadcrumbList\",\"@id\":\"https:\/\/meripelastus.fi\/helsinki\/toiminta\/meripelastusasema\/#breadcrumb\",\"itemListElement\":[{\"@type\":\"ListItem\",\"position\":1,\"name\":\"Etusivu\",\"item\":\"https:\/\/meripelastus.fi\/helsinki\/\"},{\"@type\":\"ListItem\",\"position\":2,\"name\":\"Toiminta\",\"item\":\"https:\/\/meripelastus.fi\/helsinki\/toiminta\/\"},{\"@type\":\"ListItem\",\"position\":3,\"name\":\"Meripelastusasema\"}]},{\"@type\":\"WebSite\",\"@id\":\"https:\/\/meripelastus.fi\/helsinki\/#website\",\"url\":\"https:\/\/meripelastus.fi\/helsinki\/\",\"name\":\"Helsingin Meripelastusyhdistys\",\"description\":\"Vapaaehtoiset apunasi vesill\u00e4\",\"potentialAction\":[{\"@type\":\"SearchAction\",\"target\":{\"@type\":\"EntryPoint\",\"urlTemplate\":\"https:\/\/meripelastus.fi\/helsinki\/?s={search_term_string}\"},\"query-input\":{\"@type\":\"PropertyValueSpecification\",\"valueRequired\":true,\"valueName\":\"search_term_string\"}}],\"inLanguage\":\"fi\"}]}<\/script>\n<!-- \/ Yoast SEO Premium plugin. -->","yoast_head_json":{"title":"Meripelastusasema - Helsingin Meripelastusyhdistys","description":"Helsingin Meripelastusyhdistys meripelastusasema matosaari","robots":{"index":"index","follow":"follow","max-snippet":"max-snippet:-1","max-image-preview":"max-image-preview:large","max-video-preview":"max-video-preview:-1"},"canonical":"https:\/\/meripelastus.fi\/helsinki\/toiminta\/meripelastusasema\/","og_locale":"fi_FI","og_type":"article","og_title":"Meripelastusasema","og_description":"Helsingin Meripelastusyhdistys meripelastusasema matosaari","og_url":"https:\/\/meripelastus.fi\/helsinki\/toiminta\/meripelastusasema\/","og_site_name":"Helsingin Meripelastusyhdistys","article_modified_time":"2020-09-14T08:55:08+00:00","og_image":[{"width":2048,"height":295,"url":"https:\/\/meripelastus.fi\/helsinki\/wp-content\/uploads\/sites\/21\/2019\/07\/MS-8868.jpg","type":"image\/jpeg"}],"twitter_card":"summary_large_image","twitter_misc":{"Arvioitu lukuaika":"1 minuutti"},"schema":{"@context":"https:\/\/schema.org","@graph":[{"@type":"WebPage","@id":"https:\/\/meripelastus.fi\/helsinki\/toiminta\/meripelastusasema\/","url":"https:\/\/meripelastus.fi\/helsinki\/toiminta\/meripelastusasema\/","name":"Meripelastusasema - Helsingin Meripelastusyhdistys","isPartOf":{"@id":"https:\/\/meripelastus.fi\/helsinki\/#website"},"primaryImageOfPage":{"@id":"https:\/\/meripelastus.fi\/helsinki\/toiminta\/meripelastusasema\/#primaryimage"},"image":{"@id":"https:\/\/meripelastus.fi\/helsinki\/toiminta\/meripelastusasema\/#primaryimage"},"thumbnailUrl":"https:\/\/meripelastus.fi\/helsinki\/wp-content\/uploads\/sites\/21\/2019\/07\/MS-8868.jpg","datePublished":"2019-07-13T18:54:29+00:00","dateModified":"2020-09-14T08:55:08+00:00","description":"Helsingin Meripelastusyhdistys meripelastusasema matosaari","breadcrumb":{"@id":"https:\/\/meripelastus.fi\/helsinki\/toiminta\/meripelastusasema\/#breadcrumb"},"inLanguage":"fi","potentialAction":[{"@type":"ReadAction","target":["https:\/\/meripelastus.fi\/helsinki\/toiminta\/meripelastusasema\/"]}]},{"@type":"ImageObject","inLanguage":"fi","@id":"https:\/\/meripelastus.fi\/helsinki\/toiminta\/meripelastusasema\/#primaryimage","url":"https:\/\/meripelastus.fi\/helsinki\/wp-content\/uploads\/sites\/21\/2019\/07\/MS-8868.jpg","contentUrl":"https:\/\/meripelastus.fi\/helsinki\/wp-content\/uploads\/sites\/21\/2019\/07\/MS-8868.jpg","width":2048,"height":295},{"@type":"BreadcrumbList","@id":"https:\/\/meripelastus.fi\/helsinki\/toiminta\/meripelastusasema\/#breadcrumb","itemListElement":[{"@type":"ListItem","position":1,"name":"Etusivu","item":"https:\/\/meripelastus.fi\/helsinki\/"},{"@type":"ListItem","position":2,"name":"Toiminta","item":"https:\/\/meripelastus.fi\/helsinki\/toiminta\/"},{"@type":"ListItem","position":3,"name":"Meripelastusasema"}]},{"@type":"WebSite","@id":"https:\/\/meripelastus.fi\/helsinki\/#website","url":"https:\/\/meripelastus.fi\/helsinki\/","name":"Helsingin Meripelastusyhdistys","description":"Vapaaehtoiset apunasi vesill\u00e4","potentialAction":[{"@type":"SearchAction","target":{"@type":"EntryPoint","urlTemplate":"https:\/\/meripelastus.fi\/helsinki\/?s={search_term_string}"},"query-input":{"@type":"PropertyValueSpecification","valueRequired":true,"valueName":"search_term_string"}}],"inLanguage":"fi"}]}},"_links":{"self":[{"href":"https:\/\/meripelastus.fi\/helsinki\/wp-json\/wp\/v2\/pages\/491","targetHints":{"allow":["GET"]}}],"collection":[{"href":"https:\/\/meripelastus.fi\/helsinki\/wp-json\/wp\/v2\/pages"}],"about":[{"href":"https:\/\/meripelastus.fi\/helsinki\/wp-json\/wp\/v2\/types\/page"}],"author":[{"embeddable":true,"href":"https:\/\/meripelastus.fi\/helsinki\/wp-json\/wp\/v2\/users\/51"}],"replies":[{"embeddable":true,"href":"https:\/\/meripelastus.fi\/helsinki\/wp-json\/wp\/v2\/comments?post=491"}],"version-history":[{"count":11,"href":"https:\/\/meripelastus.fi\/helsinki\/wp-json\/wp\/v2\/pages\/491\/revisions"}],"predecessor-version":[{"id":2091,"href":"https:\/\/meripelastus.fi\/helsinki\/wp-json\/wp\/v2\/pages\/491\/revisions\/2091"}],"up":[{"embeddable":true,"href":"https:\/\/meripelastus.fi\/helsinki\/wp-json\/wp\/v2\/pages\/20"}],"wp:featuredmedia":[{"embeddable":true,"href":"https:\/\/meripelastus.fi\/helsinki\/wp-json\/wp\/v2\/media\/493"}],"wp:attachment":[{"href":"https:\/\/meripelastus.fi\/helsinki\/wp-json\/wp\/v2\/media?parent=491"}],"curies":[{"name":"wp","href":"https:\/\/api.w.org\/{rel}","templated":true}]}}