{"id":459,"date":"2019-07-13T20:10:47","date_gmt":"2019-07-13T17:10:47","guid":{"rendered":"https:\/\/meripelastus.fi\/helsinki-vedos\/?page_id=459"},"modified":"2023-07-31T21:12:24","modified_gmt":"2023-07-31T18:12:24","slug":"henkilojasenyys","status":"publish","type":"page","link":"https:\/\/meripelastus.fi\/helsinki\/toiminta\/ole-mukana\/liity-jaseneksi\/henkilojasenyys\/","title":{"rendered":"Henkil\u00f6j\u00e4senyys"},"content":{"rendered":"<p>Helsingin Meripelastusyhdistyksen henkil\u00f6j\u00e4senen\u00e4 sinulla on mahdollisuus tukea pelastusveneidemme valmiutta ja miehist\u00f6n p\u00e4tevyytt\u00e4. Veneilij\u00e4lle suositellaan Trossij\u00e4senyytt\u00e4.<\/p>\n<p>J\u00e4senen\u00e4 saat my\u00f6s ajankohtaista meriturvallisuustietoa yhdistyksen j\u00e4senlehden Stadin Trossin sek\u00e4 Suomen Meripelastusseuran Meripelastaja -lehden kautta<\/p>\n<p>N\u00e4in liityt j\u00e4seneksi:<\/p>\n<p>1. T\u00e4yt\u00e4 alla oleva lomake<br \/>\n2. Postin mukana saat tietopaketin kotiisi<br \/>\n3. Maksa j\u00e4senmaksu tietopaketin tilisiirtolomakkeella<br \/>\n4. Kirjaamme sinut j\u00e4senrekisteriimme saatuamme maksusi<\/p>\n<p>&nbsp;<\/p>\n<div class=\"title\">\n<h2>Liity henkil\u00f6j\u00e4seneksi<\/h2>\n<p><span>T\u00e4yt\u00e4 v\u00e4hint\u00e4\u00e4n t\u00e4hdell\u00e4 merkityt kohdat<\/span><\/p>\n\n<div class=\"wpcf7 no-js\" id=\"wpcf7-f1203-o1\" lang=\"fi\" dir=\"ltr\" data-wpcf7-id=\"1203\">\n<div class=\"screen-reader-response\"><p role=\"status\" aria-live=\"polite\" aria-atomic=\"true\"><\/p> <ul><\/ul><\/div>\n<form action=\"\/helsinki\/wp-json\/wp\/v2\/pages\/459#wpcf7-f1203-o1\" method=\"post\" class=\"wpcf7-form init\" aria-label=\"Yhteydenottolomake\" novalidate=\"novalidate\" data-status=\"init\">\n<fieldset class=\"hidden-fields-container\"><input type=\"hidden\" name=\"_wpcf7\" value=\"1203\" \/><input type=\"hidden\" name=\"_wpcf7_version\" value=\"6.1.5\" \/><input type=\"hidden\" name=\"_wpcf7_locale\" value=\"fi\" \/><input type=\"hidden\" name=\"_wpcf7_unit_tag\" value=\"wpcf7-f1203-o1\" \/><input type=\"hidden\" name=\"_wpcf7_container_post\" value=\"0\" \/><input type=\"hidden\" name=\"_wpcf7_posted_data_hash\" value=\"\" \/><input type=\"hidden\" name=\"_wpcf7_recaptcha_response\" value=\"\" \/>\n<\/fieldset>\n<div class=\"form-group\">\n\t<p><label for=\"your-name\" class=\"control-label\">Etunimi <span class=\"text-danger\">*<\/span><\/label><br \/>\n<span class=\"wpcf7-form-control-wrap\" data-name=\"your-name\"><input size=\"40\" maxlength=\"400\" class=\"wpcf7-form-control wpcf7-text wpcf7-validates-as-required form-control\" aria-required=\"true\" aria-invalid=\"false\" value=\"\" type=\"text\" name=\"your-name\" \/><\/span>\n\t<\/p>\n<\/div>\n<div class=\"form-group\">\n\t<p><label for=\"other-names\" class=\"control-label\">Muut nimet<\/label><br \/>\n<span class=\"wpcf7-form-control-wrap\" data-name=\"other-names\"><input size=\"40\" maxlength=\"400\" class=\"wpcf7-form-control wpcf7-text form-control\" aria-invalid=\"false\" value=\"\" type=\"text\" name=\"other-names\" \/><\/span>\n\t<\/p>\n<\/div>\n<div class=\"form-group\">\n\t<p><label for=\"last-name\" class=\"control-label\">Sukunimi <span class=\"text-danger\">*<\/span><\/label><br \/>\n<span class=\"wpcf7-form-control-wrap\" data-name=\"last-name\"><input size=\"40\" maxlength=\"400\" class=\"wpcf7-form-control wpcf7-text wpcf7-validates-as-required form-control\" aria-required=\"true\" aria-invalid=\"false\" value=\"\" type=\"text\" name=\"last-name\" \/><\/span>\n\t<\/p>\n<\/div>\n<div class=\"form-group\">\n\t<p><label for=\"streetaddress\" class=\"control-label\">Osoite <span class=\"text-danger\">*<\/span><\/label><br \/>\n<span class=\"wpcf7-form-control-wrap\" data-name=\"streetaddress\"><input size=\"40\" maxlength=\"400\" class=\"wpcf7-form-control wpcf7-text wpcf7-validates-as-required form-control\" aria-required=\"true\" aria-invalid=\"false\" value=\"\" type=\"text\" name=\"streetaddress\" \/><\/span>\n\t<\/p>\n<\/div>\n<div class=\"form-group\">\n\t<p><label for=\"streetaddress-number\" class=\"control-label\">Postinumero <span class=\"text-danger\">*<\/span><\/label><br \/>\n<span class=\"wpcf7-form-control-wrap\" data-name=\"streetaddress-number\"><input size=\"40\" maxlength=\"400\" class=\"wpcf7-form-control wpcf7-text wpcf7-validates-as-required form-control\" aria-required=\"true\" aria-invalid=\"false\" value=\"\" type=\"text\" name=\"streetaddress-number\" \/><\/span>\n\t<\/p>\n<\/div>\n<div class=\"form-group\">\n\t<p><label for=\"streetaddress-city\" class=\"control-label\">Postitoimipaikka<span class=\"text-danger\">*<\/span><\/label><br \/>\n<span class=\"wpcf7-form-control-wrap\" data-name=\"streetaddress-city\"><input size=\"40\" maxlength=\"400\" class=\"wpcf7-form-control wpcf7-text wpcf7-validates-as-required form-control\" aria-required=\"true\" aria-invalid=\"false\" value=\"\" type=\"text\" name=\"streetaddress-city\" \/><\/span>\n\t<\/p>\n<\/div>\n<div class=\"form-group\">\n\t<p><label for=\"ammatti\" class=\"control-label\">Ammatti<\/label><br \/>\n<span class=\"wpcf7-form-control-wrap\" data-name=\"ammatti\"><input size=\"40\" maxlength=\"400\" class=\"wpcf7-form-control wpcf7-text form-control\" aria-invalid=\"false\" value=\"\" type=\"text\" name=\"ammatti\" \/><\/span>\n\t<\/p>\n<\/div>\n<div class=\"form-group\">\n\t<p><label for=\"bdate\" class=\"control-label\">Syntym\u00e4p\u00e4iv\u00e4<span class=\"text-danger\">*<\/span><\/label><br \/>\n<span class=\"wpcf7-form-control-wrap\" data-name=\"bdate\"><input size=\"40\" maxlength=\"400\" class=\"wpcf7-form-control wpcf7-text wpcf7-validates-as-required form-control\" aria-required=\"true\" aria-invalid=\"false\" placeholder=\"VVVV-KK-PV\" value=\"\" type=\"text\" name=\"bdate\" \/><\/span>\n\t<\/p>\n<\/div>\n<div class=\"form-group\">\n\t<p><label for=\"puh\" class=\"control-label\">Puhelinnumero<\/label><br \/>\n<span class=\"wpcf7-form-control-wrap\" data-name=\"puh\"><input size=\"40\" maxlength=\"400\" class=\"wpcf7-form-control wpcf7-tel wpcf7-text wpcf7-validates-as-tel form-control\" aria-invalid=\"false\" value=\"\" type=\"tel\" name=\"puh\" \/><\/span>\n\t<\/p>\n<\/div>\n<div class=\"form-group\">\n\t<p><label for=\"mobilephone\" class=\"control-label\">Matkapuhelinnumero<\/label><br \/>\n<span class=\"wpcf7-form-control-wrap\" data-name=\"mobilephone\"><input size=\"40\" maxlength=\"400\" class=\"wpcf7-form-control wpcf7-tel wpcf7-text wpcf7-validates-as-tel form-control\" aria-invalid=\"false\" value=\"\" type=\"tel\" name=\"mobilephone\" \/><\/span>\n\t<\/p>\n<\/div>\n<div class=\"form-group\">\n\t<p><label for=\"your-email\" class=\"control-label\">S\u00e4hk\u00f6postiosoite<span class=\"text-danger\">*<\/span><\/label><br \/>\n<span class=\"wpcf7-form-control-wrap\" data-name=\"your-email\"><input size=\"40\" maxlength=\"400\" class=\"wpcf7-form-control wpcf7-email wpcf7-validates-as-required wpcf7-text wpcf7-validates-as-email form-control\" aria-required=\"true\" aria-invalid=\"false\" value=\"\" type=\"email\" name=\"your-email\" \/><\/span>\n\t<\/p>\n<\/div>\n<div class=\"form-group\">\n\t<p><label for=\"kieli\" class=\"control-label\">Kieli<\/label><br \/>\n<span class=\"wpcf7-form-control-wrap\" data-name=\"kieli\"><span class=\"wpcf7-form-control wpcf7-radio\"><span class=\"wpcf7-list-item first\"><input type=\"radio\" name=\"kieli\" value=\"Suomi\" checked=\"checked\" \/><span class=\"wpcf7-list-item-label\">Suomi<\/span><\/span><span class=\"wpcf7-list-item last\"><input type=\"radio\" name=\"kieli\" value=\"Ruotsi\" \/><span class=\"wpcf7-list-item-label\">Ruotsi<\/span><\/span><\/span><\/span>\n\t<\/p>\n<\/div>\n<div class=\"form-group\">\n\t<p><label for=\"kansalaisuus\" class=\"control-label\">Kansalaisuus<\/label><br \/>\n<span class=\"wpcf7-form-control-wrap\" data-name=\"kansalaisuus\"><input size=\"40\" maxlength=\"400\" class=\"wpcf7-form-control wpcf7-text form-control\" aria-invalid=\"false\" value=\"\" type=\"text\" name=\"kansalaisuus\" \/><\/span>\n\t<\/p>\n<\/div>\n<div class=\"form-group\">\n\t<p><label for=\"textarea-interest\" class=\"control-label\">Viesti<\/label>\n\t<\/p>\n\t<div class=\"row\">\n\t\t<div class=\"col-sm-12\">\n\t\t\t<p><span class=\"wpcf7-form-control-wrap\" data-name=\"textarea-interest\"><textarea cols=\"40\" rows=\"10\" maxlength=\"2000\" class=\"wpcf7-form-control wpcf7-textarea form-control\" aria-invalid=\"false\" name=\"textarea-interest\"><\/textarea><\/span>\n\t\t\t<\/p>\n\t\t<\/div>\n\t<\/div>\n<\/div>\n<p><input class=\"wpcf7-form-control wpcf7-submit has-spinner btn-block btn btn-primary btn-lg\" type=\"submit\" value=\"L\u00e4het\u00e4\" \/>\n<\/p><div class=\"wpcf7-response-output\" aria-hidden=\"true\"><\/div>\n<\/form>\n<\/div>\n\n<\/div>\n","protected":false},"excerpt":{"rendered":"<p>Helsingin Meripelastusyhdistyksen henkil\u00f6j\u00e4senen\u00e4 sinulla on mahdollisuus tukea pelastusveneidemme valmiutta ja miehist\u00f6n p\u00e4tevyytt\u00e4. Veneilij\u00e4lle suositellaan Trossij\u00e4senyytt\u00e4. J\u00e4senen\u00e4 saat my\u00f6s ajankohtaista meriturvallisuustietoa yhdistyksen j\u00e4senlehden Stadin Trossin sek\u00e4 Suomen Meripelastusseuran Meripelastaja -lehden kautta N\u00e4in liityt j\u00e4seneksi: 1. T\u00e4yt\u00e4 alla oleva lomake 2. Postin mukana saat tietopaketin kotiisi 3. Maksa j\u00e4senmaksu tietopaketin tilisiirtolomakkeella 4. Kirjaamme sinut j\u00e4senrekisteriimme saatuamme maksusi [&hellip;]<\/p>\n","protected":false},"author":51,"featured_media":0,"parent":456,"menu_order":0,"comment_status":"closed","ping_status":"closed","template":"","meta":{"_acf_changed":false,"inline_featured_image":false,"footnotes":""},"class_list":["post-459","page","type-page","status-publish","hentry"],"acf":[],"yoast_head":"<!-- This site is optimized with the Yoast SEO Premium plugin v27.2 (Yoast SEO v27.2) - https:\/\/yoast.com\/product\/yoast-seo-premium-wordpress\/ -->\n<title>Henkil\u00f6j\u00e4senyys - Helsingin Meripelastusyhdistys<\/title>\n<meta name=\"robots\" content=\"index, follow, max-snippet:-1, max-image-preview:large, max-video-preview:-1\" \/>\n<link rel=\"canonical\" href=\"https:\/\/meripelastus.fi\/helsinki\/toiminta\/ole-mukana\/liity-jaseneksi\/henkilojasenyys\/\" \/>\n<meta property=\"og:locale\" content=\"fi_FI\" \/>\n<meta property=\"og:type\" content=\"article\" \/>\n<meta property=\"og:title\" content=\"Henkil\u00f6j\u00e4senyys\" \/>\n<meta property=\"og:description\" content=\"Helsingin Meripelastusyhdistyksen henkil\u00f6j\u00e4senen\u00e4 sinulla on mahdollisuus tukea pelastusveneidemme valmiutta ja miehist\u00f6n p\u00e4tevyytt\u00e4. Veneilij\u00e4lle suositellaan Trossij\u00e4senyytt\u00e4. J\u00e4senen\u00e4 saat my\u00f6s ajankohtaista meriturvallisuustietoa yhdistyksen j\u00e4senlehden Stadin Trossin sek\u00e4 Suomen Meripelastusseuran Meripelastaja -lehden kautta N\u00e4in liityt j\u00e4seneksi: 1. T\u00e4yt\u00e4 alla oleva lomake 2. Postin mukana saat tietopaketin kotiisi 3. Maksa j\u00e4senmaksu tietopaketin tilisiirtolomakkeella 4. Kirjaamme sinut j\u00e4senrekisteriimme saatuamme maksusi [&hellip;]\" \/>\n<meta property=\"og:url\" content=\"https:\/\/meripelastus.fi\/helsinki\/toiminta\/ole-mukana\/liity-jaseneksi\/henkilojasenyys\/\" \/>\n<meta property=\"og:site_name\" content=\"Helsingin Meripelastusyhdistys\" \/>\n<meta property=\"article:modified_time\" content=\"2023-07-31T18:12:24+00:00\" \/>\n<meta name=\"twitter:card\" content=\"summary_large_image\" \/>\n<meta name=\"twitter:label1\" content=\"Arvioitu lukuaika\" \/>\n\t<meta name=\"twitter:data1\" content=\"1 minuutti\" \/>\n<script type=\"application\/ld+json\" class=\"yoast-schema-graph\">{\"@context\":\"https:\/\/schema.org\",\"@graph\":[{\"@type\":\"WebPage\",\"@id\":\"https:\/\/meripelastus.fi\/helsinki\/toiminta\/ole-mukana\/liity-jaseneksi\/henkilojasenyys\/\",\"url\":\"https:\/\/meripelastus.fi\/helsinki\/toiminta\/ole-mukana\/liity-jaseneksi\/henkilojasenyys\/\",\"name\":\"Henkil\u00f6j\u00e4senyys - Helsingin Meripelastusyhdistys\",\"isPartOf\":{\"@id\":\"https:\/\/meripelastus.fi\/helsinki\/#website\"},\"datePublished\":\"2019-07-13T17:10:47+00:00\",\"dateModified\":\"2023-07-31T18:12:24+00:00\",\"breadcrumb\":{\"@id\":\"https:\/\/meripelastus.fi\/helsinki\/toiminta\/ole-mukana\/liity-jaseneksi\/henkilojasenyys\/#breadcrumb\"},\"inLanguage\":\"fi\",\"potentialAction\":[{\"@type\":\"ReadAction\",\"target\":[\"https:\/\/meripelastus.fi\/helsinki\/toiminta\/ole-mukana\/liity-jaseneksi\/henkilojasenyys\/\"]}]},{\"@type\":\"BreadcrumbList\",\"@id\":\"https:\/\/meripelastus.fi\/helsinki\/toiminta\/ole-mukana\/liity-jaseneksi\/henkilojasenyys\/#breadcrumb\",\"itemListElement\":[{\"@type\":\"ListItem\",\"position\":1,\"name\":\"Etusivu\",\"item\":\"https:\/\/meripelastus.fi\/helsinki\/\"},{\"@type\":\"ListItem\",\"position\":2,\"name\":\"Toiminta\",\"item\":\"https:\/\/meripelastus.fi\/helsinki\/toiminta\/\"},{\"@type\":\"ListItem\",\"position\":3,\"name\":\"Ole mukana\",\"item\":\"https:\/\/meripelastus.fi\/helsinki\/toiminta\/ole-mukana\/\"},{\"@type\":\"ListItem\",\"position\":4,\"name\":\"Liity j\u00e4seneksi\",\"item\":\"https:\/\/meripelastus.fi\/helsinki\/toiminta\/ole-mukana\/liity-jaseneksi\/\"},{\"@type\":\"ListItem\",\"position\":5,\"name\":\"Henkil\u00f6j\u00e4senyys\"}]},{\"@type\":\"WebSite\",\"@id\":\"https:\/\/meripelastus.fi\/helsinki\/#website\",\"url\":\"https:\/\/meripelastus.fi\/helsinki\/\",\"name\":\"Helsingin Meripelastusyhdistys\",\"description\":\"Vapaaehtoiset apunasi vesill\u00e4\",\"potentialAction\":[{\"@type\":\"SearchAction\",\"target\":{\"@type\":\"EntryPoint\",\"urlTemplate\":\"https:\/\/meripelastus.fi\/helsinki\/?s={search_term_string}\"},\"query-input\":{\"@type\":\"PropertyValueSpecification\",\"valueRequired\":true,\"valueName\":\"search_term_string\"}}],\"inLanguage\":\"fi\"}]}<\/script>\n<!-- \/ Yoast SEO Premium plugin. -->","yoast_head_json":{"title":"Henkil\u00f6j\u00e4senyys - Helsingin Meripelastusyhdistys","robots":{"index":"index","follow":"follow","max-snippet":"max-snippet:-1","max-image-preview":"max-image-preview:large","max-video-preview":"max-video-preview:-1"},"canonical":"https:\/\/meripelastus.fi\/helsinki\/toiminta\/ole-mukana\/liity-jaseneksi\/henkilojasenyys\/","og_locale":"fi_FI","og_type":"article","og_title":"Henkil\u00f6j\u00e4senyys","og_description":"Helsingin Meripelastusyhdistyksen henkil\u00f6j\u00e4senen\u00e4 sinulla on mahdollisuus tukea pelastusveneidemme valmiutta ja miehist\u00f6n p\u00e4tevyytt\u00e4. Veneilij\u00e4lle suositellaan Trossij\u00e4senyytt\u00e4. J\u00e4senen\u00e4 saat my\u00f6s ajankohtaista meriturvallisuustietoa yhdistyksen j\u00e4senlehden Stadin Trossin sek\u00e4 Suomen Meripelastusseuran Meripelastaja -lehden kautta N\u00e4in liityt j\u00e4seneksi: 1. T\u00e4yt\u00e4 alla oleva lomake 2. Postin mukana saat tietopaketin kotiisi 3. Maksa j\u00e4senmaksu tietopaketin tilisiirtolomakkeella 4. Kirjaamme sinut j\u00e4senrekisteriimme saatuamme maksusi [&hellip;]","og_url":"https:\/\/meripelastus.fi\/helsinki\/toiminta\/ole-mukana\/liity-jaseneksi\/henkilojasenyys\/","og_site_name":"Helsingin Meripelastusyhdistys","article_modified_time":"2023-07-31T18:12:24+00:00","twitter_card":"summary_large_image","twitter_misc":{"Arvioitu lukuaika":"1 minuutti"},"schema":{"@context":"https:\/\/schema.org","@graph":[{"@type":"WebPage","@id":"https:\/\/meripelastus.fi\/helsinki\/toiminta\/ole-mukana\/liity-jaseneksi\/henkilojasenyys\/","url":"https:\/\/meripelastus.fi\/helsinki\/toiminta\/ole-mukana\/liity-jaseneksi\/henkilojasenyys\/","name":"Henkil\u00f6j\u00e4senyys - Helsingin Meripelastusyhdistys","isPartOf":{"@id":"https:\/\/meripelastus.fi\/helsinki\/#website"},"datePublished":"2019-07-13T17:10:47+00:00","dateModified":"2023-07-31T18:12:24+00:00","breadcrumb":{"@id":"https:\/\/meripelastus.fi\/helsinki\/toiminta\/ole-mukana\/liity-jaseneksi\/henkilojasenyys\/#breadcrumb"},"inLanguage":"fi","potentialAction":[{"@type":"ReadAction","target":["https:\/\/meripelastus.fi\/helsinki\/toiminta\/ole-mukana\/liity-jaseneksi\/henkilojasenyys\/"]}]},{"@type":"BreadcrumbList","@id":"https:\/\/meripelastus.fi\/helsinki\/toiminta\/ole-mukana\/liity-jaseneksi\/henkilojasenyys\/#breadcrumb","itemListElement":[{"@type":"ListItem","position":1,"name":"Etusivu","item":"https:\/\/meripelastus.fi\/helsinki\/"},{"@type":"ListItem","position":2,"name":"Toiminta","item":"https:\/\/meripelastus.fi\/helsinki\/toiminta\/"},{"@type":"ListItem","position":3,"name":"Ole mukana","item":"https:\/\/meripelastus.fi\/helsinki\/toiminta\/ole-mukana\/"},{"@type":"ListItem","position":4,"name":"Liity j\u00e4seneksi","item":"https:\/\/meripelastus.fi\/helsinki\/toiminta\/ole-mukana\/liity-jaseneksi\/"},{"@type":"ListItem","position":5,"name":"Henkil\u00f6j\u00e4senyys"}]},{"@type":"WebSite","@id":"https:\/\/meripelastus.fi\/helsinki\/#website","url":"https:\/\/meripelastus.fi\/helsinki\/","name":"Helsingin Meripelastusyhdistys","description":"Vapaaehtoiset apunasi vesill\u00e4","potentialAction":[{"@type":"SearchAction","target":{"@type":"EntryPoint","urlTemplate":"https:\/\/meripelastus.fi\/helsinki\/?s={search_term_string}"},"query-input":{"@type":"PropertyValueSpecification","valueRequired":true,"valueName":"search_term_string"}}],"inLanguage":"fi"}]}},"_links":{"self":[{"href":"https:\/\/meripelastus.fi\/helsinki\/wp-json\/wp\/v2\/pages\/459","targetHints":{"allow":["GET"]}}],"collection":[{"href":"https:\/\/meripelastus.fi\/helsinki\/wp-json\/wp\/v2\/pages"}],"about":[{"href":"https:\/\/meripelastus.fi\/helsinki\/wp-json\/wp\/v2\/types\/page"}],"author":[{"embeddable":true,"href":"https:\/\/meripelastus.fi\/helsinki\/wp-json\/wp\/v2\/users\/51"}],"replies":[{"embeddable":true,"href":"https:\/\/meripelastus.fi\/helsinki\/wp-json\/wp\/v2\/comments?post=459"}],"version-history":[{"count":3,"href":"https:\/\/meripelastus.fi\/helsinki\/wp-json\/wp\/v2\/pages\/459\/revisions"}],"predecessor-version":[{"id":1857,"href":"https:\/\/meripelastus.fi\/helsinki\/wp-json\/wp\/v2\/pages\/459\/revisions\/1857"}],"up":[{"embeddable":true,"href":"https:\/\/meripelastus.fi\/helsinki\/wp-json\/wp\/v2\/pages\/456"}],"wp:attachment":[{"href":"https:\/\/meripelastus.fi\/helsinki\/wp-json\/wp\/v2\/media?parent=459"}],"curies":[{"name":"wp","href":"https:\/\/api.w.org\/{rel}","templated":true}]}}