{"id":456,"date":"2019-07-13T17:13:11","date_gmt":"2019-07-13T14:13:11","guid":{"rendered":"https:\/\/meripelastus.fi\/helsinki-vedos\/?page_id=456"},"modified":"2026-03-11T16:05:23","modified_gmt":"2026-03-11T14:05:23","slug":"liity-jaseneksi","status":"publish","type":"page","link":"https:\/\/meripelastus.fi\/helsinki\/toiminta\/ole-mukana\/liity-jaseneksi\/","title":{"rendered":"Liity j\u00e4seneksi"},"content":{"rendered":"\n<p>Pelastusveneemme p\u00e4ivyst\u00e4v\u00e4t 24 tuntia vuorokaudessa avovesikautena, valmiina l\u00e4htem\u00e4\u00e4n merelle onnettomuuden sattuessa.<br>Pelastusveneidemme miehist\u00f6 on vapaaehtoinen, eik\u00e4 saa palkkaa ty\u00f6st\u00e4\u00e4n. Pelastustoiminnan kustannukset ovat kuitenkin kymmeni\u00e4tuhansia euroja vuodessa. J\u00e4senmaksut ja lahjoitukset ovat suurin yksitt\u00e4inen tulonl\u00e4hteemme.<br><br>Pid\u00e4 pelastusveneet valmiudessa &#8211; Liity j\u00e4seneksi!<\/p>\n\n\n\n<div style=\"height:24px\" aria-hidden=\"true\" class=\"wp-block-spacer\"><\/div>\n\n\n\n<div class=\"wp-block-columns has-peige-background-color has-background is-layout-flex wp-container-core-columns-is-layout-9d6595d7 wp-block-columns-is-layout-flex\">\n<div class=\"wp-block-column is-layout-flow wp-block-column-is-layout-flow\">\n<p><strong>Henkil\u00f6j\u00e4senyys<\/strong> 42 \u20ac vuodessa<br>Sinulle, joka haluat pit\u00e4\u00e4 pelastusveneet liikkeell\u00e4 vuotuisella maksulla<\/p>\n<\/div>\n\n\n\n<div class=\"wp-block-column is-layout-flow wp-block-column-is-layout-flow\">\n<p><strong>Meripelastus Plus -j\u00e4senyys<\/strong> 98 \u20ac on k\u00e4yt\u00f6ss\u00e4 yhdelle j\u00e4senen omistamalle veneelle tai<\/p>\n\n\n\n<p><strong>Meripelastus Premium -j\u00e4senyys<\/strong> 148 \u20ac vuodessa kattaa kaikki j\u00e4senen omistamat veneet ja on voimassa my\u00f6s perheenj\u00e4senen tai samaan venekuntaan (ns. kimppaveneet) kuuluvan liikkuessa veneell\u00e4, vaikka j\u00e4sen ei itse ole mukana.<\/p>\n<\/div>\n\n\n\n<div class=\"wp-block-column is-layout-flow wp-block-column-is-layout-flow\">\n<p><strong>Yhteis\u00f6j\u00e4senyys<\/strong> 200 \u20ac vuodessa<br>Esimerkiksi yrityksille, venekerhoille ja veneily-yhdistyksille, jotka haluavat olla mukana mahdollistamassa vapaaehtoista meripelastusta Helsingiss\u00e4. <br><br>Lis\u00e4tietoja yhteis\u00f6j\u00e4senyydest\u00e4 antaa hallitus.<\/p>\n<\/div>\n<\/div>\n\n\n\t\n\t<!--------TROSSI-FORM--------->\n\t<section id=\"liity\" class=\"section-trossi-form has-white-background-color pt-5\">\n\t\t<div class=\"container\">\t\t\n\t\t\t<div class=\"row\">\n\t\t\t\t<div class=\"col-10 offset-1 offset-md-0 col-md-12\">\n\t\t\t\t\t\t\t\t\t\t\t\t\t\t\t\t\t\t\n\t\t\t\t\t\t\t<iframe style=\"width:100%;border-width:0; height:auto;\" src=\"https:\/\/messi.meripelastus.fi\/forms\/fi\/join\/9\" class=\"resizejs\" title=\"Liittymislomake\" name=\"liittymislomake\" seamless=\"\">\n\t\t\t\t\t\t\t<a href=\"https:\/\/messi.meripelastus.fi\/forms\/fi\/join\/9\">Liity t\u00e4st\u00e4<\/a><\/iframe>\n\t\t\t\t\t\t\t\t\t\t\t\t\t\t\t<\/div>\n\t\t\t<\/div>\n\t\t<\/div>\n\t<\/section>\n\n\n<p><\/p>\n","protected":false},"excerpt":{"rendered":"<p>Pelastusveneemme p\u00e4ivyst\u00e4v\u00e4t 24 tuntia vuorokaudessa avovesikautena, valmiina l\u00e4htem\u00e4\u00e4n merelle onnettomuuden sattuessa.Pelastusveneidemme miehist\u00f6 on vapaaehtoinen, eik\u00e4 saa palkkaa ty\u00f6st\u00e4\u00e4n. Pelastustoiminnan kustannukset ovat kuitenkin kymmeni\u00e4tuhansia euroja vuodessa. J\u00e4senmaksut ja lahjoitukset ovat suurin yksitt\u00e4inen tulonl\u00e4hteemme. Pid\u00e4 pelastusveneet valmiudessa &#8211; Liity j\u00e4seneksi! Henkil\u00f6j\u00e4senyys 42 \u20ac vuodessaSinulle, joka haluat pit\u00e4\u00e4 pelastusveneet liikkeell\u00e4 vuotuisella maksulla Meripelastus Plus -j\u00e4senyys 98 \u20ac on [&hellip;]<\/p>\n","protected":false},"author":51,"featured_media":0,"parent":195,"menu_order":0,"comment_status":"closed","ping_status":"closed","template":"","meta":{"_acf_changed":false,"inline_featured_image":false,"footnotes":""},"class_list":["post-456","page","type-page","status-publish","hentry"],"acf":[],"yoast_head":"<!-- This site is optimized with the Yoast SEO Premium plugin v27.2 (Yoast SEO v27.2) - https:\/\/yoast.com\/product\/yoast-seo-premium-wordpress\/ -->\n<title>Liity j\u00e4seneksi - Helsingin Meripelastusyhdistys<\/title>\n<meta name=\"description\" content=\"Helsingin Meripelastusyhdistys liity j\u00e4seneksi\" \/>\n<meta name=\"robots\" content=\"index, follow, max-snippet:-1, max-image-preview:large, max-video-preview:-1\" \/>\n<link rel=\"canonical\" href=\"https:\/\/meripelastus.fi\/helsinki\/toiminta\/ole-mukana\/liity-jaseneksi\/\" \/>\n<meta property=\"og:locale\" content=\"fi_FI\" \/>\n<meta property=\"og:type\" content=\"article\" \/>\n<meta property=\"og:title\" content=\"Liity j\u00e4seneksi\" \/>\n<meta property=\"og:description\" content=\"Helsingin Meripelastusyhdistys liity j\u00e4seneksi\" \/>\n<meta property=\"og:url\" content=\"https:\/\/meripelastus.fi\/helsinki\/toiminta\/ole-mukana\/liity-jaseneksi\/\" \/>\n<meta property=\"og:site_name\" content=\"Helsingin Meripelastusyhdistys\" \/>\n<meta property=\"article:modified_time\" content=\"2026-03-11T14:05:23+00:00\" \/>\n<meta name=\"twitter:card\" content=\"summary_large_image\" \/>\n<meta name=\"twitter:label1\" content=\"Arvioitu lukuaika\" \/>\n\t<meta name=\"twitter:data1\" content=\"1 minuutti\" \/>\n<script type=\"application\/ld+json\" class=\"yoast-schema-graph\">{\"@context\":\"https:\/\/schema.org\",\"@graph\":[{\"@type\":\"WebPage\",\"@id\":\"https:\/\/meripelastus.fi\/helsinki\/toiminta\/ole-mukana\/liity-jaseneksi\/\",\"url\":\"https:\/\/meripelastus.fi\/helsinki\/toiminta\/ole-mukana\/liity-jaseneksi\/\",\"name\":\"Liity j\u00e4seneksi - Helsingin Meripelastusyhdistys\",\"isPartOf\":{\"@id\":\"https:\/\/meripelastus.fi\/helsinki\/#website\"},\"datePublished\":\"2019-07-13T14:13:11+00:00\",\"dateModified\":\"2026-03-11T14:05:23+00:00\",\"description\":\"Helsingin Meripelastusyhdistys liity j\u00e4seneksi\",\"breadcrumb\":{\"@id\":\"https:\/\/meripelastus.fi\/helsinki\/toiminta\/ole-mukana\/liity-jaseneksi\/#breadcrumb\"},\"inLanguage\":\"fi\",\"potentialAction\":[{\"@type\":\"ReadAction\",\"target\":[\"https:\/\/meripelastus.fi\/helsinki\/toiminta\/ole-mukana\/liity-jaseneksi\/\"]}]},{\"@type\":\"BreadcrumbList\",\"@id\":\"https:\/\/meripelastus.fi\/helsinki\/toiminta\/ole-mukana\/liity-jaseneksi\/#breadcrumb\",\"itemListElement\":[{\"@type\":\"ListItem\",\"position\":1,\"name\":\"Etusivu\",\"item\":\"https:\/\/meripelastus.fi\/helsinki\/\"},{\"@type\":\"ListItem\",\"position\":2,\"name\":\"Toiminta\",\"item\":\"https:\/\/meripelastus.fi\/helsinki\/toiminta\/\"},{\"@type\":\"ListItem\",\"position\":3,\"name\":\"Ole mukana\",\"item\":\"https:\/\/meripelastus.fi\/helsinki\/toiminta\/ole-mukana\/\"},{\"@type\":\"ListItem\",\"position\":4,\"name\":\"Liity j\u00e4seneksi\"}]},{\"@type\":\"WebSite\",\"@id\":\"https:\/\/meripelastus.fi\/helsinki\/#website\",\"url\":\"https:\/\/meripelastus.fi\/helsinki\/\",\"name\":\"Helsingin Meripelastusyhdistys\",\"description\":\"Vapaaehtoiset apunasi vesill\u00e4\",\"potentialAction\":[{\"@type\":\"SearchAction\",\"target\":{\"@type\":\"EntryPoint\",\"urlTemplate\":\"https:\/\/meripelastus.fi\/helsinki\/?s={search_term_string}\"},\"query-input\":{\"@type\":\"PropertyValueSpecification\",\"valueRequired\":true,\"valueName\":\"search_term_string\"}}],\"inLanguage\":\"fi\"}]}<\/script>\n<!-- \/ Yoast SEO Premium plugin. -->","yoast_head_json":{"title":"Liity j\u00e4seneksi - Helsingin Meripelastusyhdistys","description":"Helsingin Meripelastusyhdistys liity j\u00e4seneksi","robots":{"index":"index","follow":"follow","max-snippet":"max-snippet:-1","max-image-preview":"max-image-preview:large","max-video-preview":"max-video-preview:-1"},"canonical":"https:\/\/meripelastus.fi\/helsinki\/toiminta\/ole-mukana\/liity-jaseneksi\/","og_locale":"fi_FI","og_type":"article","og_title":"Liity j\u00e4seneksi","og_description":"Helsingin Meripelastusyhdistys liity j\u00e4seneksi","og_url":"https:\/\/meripelastus.fi\/helsinki\/toiminta\/ole-mukana\/liity-jaseneksi\/","og_site_name":"Helsingin Meripelastusyhdistys","article_modified_time":"2026-03-11T14:05:23+00:00","twitter_card":"summary_large_image","twitter_misc":{"Arvioitu lukuaika":"1 minuutti"},"schema":{"@context":"https:\/\/schema.org","@graph":[{"@type":"WebPage","@id":"https:\/\/meripelastus.fi\/helsinki\/toiminta\/ole-mukana\/liity-jaseneksi\/","url":"https:\/\/meripelastus.fi\/helsinki\/toiminta\/ole-mukana\/liity-jaseneksi\/","name":"Liity j\u00e4seneksi - Helsingin Meripelastusyhdistys","isPartOf":{"@id":"https:\/\/meripelastus.fi\/helsinki\/#website"},"datePublished":"2019-07-13T14:13:11+00:00","dateModified":"2026-03-11T14:05:23+00:00","description":"Helsingin Meripelastusyhdistys liity j\u00e4seneksi","breadcrumb":{"@id":"https:\/\/meripelastus.fi\/helsinki\/toiminta\/ole-mukana\/liity-jaseneksi\/#breadcrumb"},"inLanguage":"fi","potentialAction":[{"@type":"ReadAction","target":["https:\/\/meripelastus.fi\/helsinki\/toiminta\/ole-mukana\/liity-jaseneksi\/"]}]},{"@type":"BreadcrumbList","@id":"https:\/\/meripelastus.fi\/helsinki\/toiminta\/ole-mukana\/liity-jaseneksi\/#breadcrumb","itemListElement":[{"@type":"ListItem","position":1,"name":"Etusivu","item":"https:\/\/meripelastus.fi\/helsinki\/"},{"@type":"ListItem","position":2,"name":"Toiminta","item":"https:\/\/meripelastus.fi\/helsinki\/toiminta\/"},{"@type":"ListItem","position":3,"name":"Ole mukana","item":"https:\/\/meripelastus.fi\/helsinki\/toiminta\/ole-mukana\/"},{"@type":"ListItem","position":4,"name":"Liity j\u00e4seneksi"}]},{"@type":"WebSite","@id":"https:\/\/meripelastus.fi\/helsinki\/#website","url":"https:\/\/meripelastus.fi\/helsinki\/","name":"Helsingin Meripelastusyhdistys","description":"Vapaaehtoiset apunasi vesill\u00e4","potentialAction":[{"@type":"SearchAction","target":{"@type":"EntryPoint","urlTemplate":"https:\/\/meripelastus.fi\/helsinki\/?s={search_term_string}"},"query-input":{"@type":"PropertyValueSpecification","valueRequired":true,"valueName":"search_term_string"}}],"inLanguage":"fi"}]}},"_links":{"self":[{"href":"https:\/\/meripelastus.fi\/helsinki\/wp-json\/wp\/v2\/pages\/456","targetHints":{"allow":["GET"]}}],"collection":[{"href":"https:\/\/meripelastus.fi\/helsinki\/wp-json\/wp\/v2\/pages"}],"about":[{"href":"https:\/\/meripelastus.fi\/helsinki\/wp-json\/wp\/v2\/types\/page"}],"author":[{"embeddable":true,"href":"https:\/\/meripelastus.fi\/helsinki\/wp-json\/wp\/v2\/users\/51"}],"replies":[{"embeddable":true,"href":"https:\/\/meripelastus.fi\/helsinki\/wp-json\/wp\/v2\/comments?post=456"}],"version-history":[{"count":28,"href":"https:\/\/meripelastus.fi\/helsinki\/wp-json\/wp\/v2\/pages\/456\/revisions"}],"predecessor-version":[{"id":2298,"href":"https:\/\/meripelastus.fi\/helsinki\/wp-json\/wp\/v2\/pages\/456\/revisions\/2298"}],"up":[{"embeddable":true,"href":"https:\/\/meripelastus.fi\/helsinki\/wp-json\/wp\/v2\/pages\/195"}],"wp:attachment":[{"href":"https:\/\/meripelastus.fi\/helsinki\/wp-json\/wp\/v2\/media?parent=456"}],"curies":[{"name":"wp","href":"https:\/\/api.w.org\/{rel}","templated":true}]}}