{"id":275,"date":"2019-07-09T23:21:11","date_gmt":"2019-07-09T20:21:11","guid":{"rendered":"https:\/\/meripelastus.fi\/helsinki-vedos\/?page_id=275"},"modified":"2025-10-19T19:28:09","modified_gmt":"2025-10-19T16:28:09","slug":"auta-meita-auttamaan","status":"publish","type":"page","link":"https:\/\/meripelastus.fi\/helsinki\/toiminta\/auta-meita-auttamaan\/","title":{"rendered":"Tue toimintaa"},"content":{"rendered":"\n<p>Helsingin Meripelastusyhdistyksen toiminta on vapaaehtoista, mutta toiminnastamme aiheutuu kuluja. Valtaosan n\u00e4ist\u00e4 kuluista katamme j\u00e4senmaksuilla ja lahjoituksilla.<\/p>\n\n\n\n<p>Yksitt\u00e4iset ihmiset voivat liitty\u00e4 henkil\u00f6j\u00e4seniksimme tai trossij\u00e4seniksimme. Yhteis\u00f6t voivat liitty\u00e4 yhteis\u00f6j\u00e4seniksimme.<\/p>\n\n\n\n<p>Yritykset voivat liitty\u00e4 j\u00e4seniksimme tai ostaa mainoksen lehteemme. J\u00e4senlehden avulla tavoittaa runsaat 3000 aktiivista veneilyn harrastajaa p\u00e4\u00e4kaupunkiseudulla. Muita yrityksien auttamistapoja ovat esimerkiksi joulukortteihin tai -lahjoihin varattujen rahojen lahjoittaminen. On hyv\u00e4 muistaa, ett\u00e4 yritysten yleishy\u00f6dylliseen tarkoitukseen lahjoittama raham\u00e4\u00e4r\u00e4 on tietyin edellytyksin v\u00e4hennyskelpoinen verotuksessa.<\/p>\n\n\n\n<p><\/p>\n","protected":false},"excerpt":{"rendered":"<p>Helsingin Meripelastusyhdistyksen toiminta on vapaaehtoista, mutta toiminnastamme aiheutuu kuluja. Valtaosan n\u00e4ist\u00e4 kuluista katamme j\u00e4senmaksuilla ja lahjoituksilla. Yksitt\u00e4iset ihmiset voivat liitty\u00e4 henkil\u00f6j\u00e4seniksimme tai trossij\u00e4seniksimme. Yhteis\u00f6t voivat liitty\u00e4 yhteis\u00f6j\u00e4seniksimme. Yritykset voivat liitty\u00e4 j\u00e4seniksimme tai ostaa mainoksen lehteemme. J\u00e4senlehden avulla tavoittaa runsaat 3000 aktiivista veneilyn harrastajaa p\u00e4\u00e4kaupunkiseudulla. Muita yrityksien auttamistapoja ovat esimerkiksi joulukortteihin tai -lahjoihin varattujen rahojen lahjoittaminen. [&hellip;]<\/p>\n","protected":false},"author":51,"featured_media":277,"parent":20,"menu_order":5,"comment_status":"closed","ping_status":"closed","template":"","meta":{"_acf_changed":false,"inline_featured_image":false,"footnotes":""},"class_list":["post-275","page","type-page","status-publish","has-post-thumbnail","hentry"],"acf":[],"yoast_head":"<!-- This site is optimized with the Yoast SEO Premium plugin v27.2 (Yoast SEO v27.2) - https:\/\/yoast.com\/product\/yoast-seo-premium-wordpress\/ -->\n<title>Tue toimintaa - Helsingin Meripelastusyhdistys<\/title>\n<meta name=\"robots\" content=\"index, follow, max-snippet:-1, max-image-preview:large, max-video-preview:-1\" \/>\n<link rel=\"canonical\" href=\"https:\/\/meripelastus.fi\/helsinki\/toiminta\/auta-meita-auttamaan\/\" \/>\n<meta property=\"og:locale\" content=\"fi_FI\" \/>\n<meta property=\"og:type\" content=\"article\" \/>\n<meta property=\"og:title\" content=\"Tue toimintaa\" \/>\n<meta property=\"og:description\" content=\"Helsingin Meripelastusyhdistyksen toiminta on vapaaehtoista, mutta toiminnastamme aiheutuu kuluja. Valtaosan n\u00e4ist\u00e4 kuluista katamme j\u00e4senmaksuilla ja lahjoituksilla. Yksitt\u00e4iset ihmiset voivat liitty\u00e4 henkil\u00f6j\u00e4seniksimme tai trossij\u00e4seniksimme. Yhteis\u00f6t voivat liitty\u00e4 yhteis\u00f6j\u00e4seniksimme. Yritykset voivat liitty\u00e4 j\u00e4seniksimme tai ostaa mainoksen lehteemme. J\u00e4senlehden avulla tavoittaa runsaat 3000 aktiivista veneilyn harrastajaa p\u00e4\u00e4kaupunkiseudulla. Muita yrityksien auttamistapoja ovat esimerkiksi joulukortteihin tai -lahjoihin varattujen rahojen lahjoittaminen. [&hellip;]\" \/>\n<meta property=\"og:url\" content=\"https:\/\/meripelastus.fi\/helsinki\/toiminta\/auta-meita-auttamaan\/\" \/>\n<meta property=\"og:site_name\" content=\"Helsingin Meripelastusyhdistys\" \/>\n<meta property=\"article:modified_time\" content=\"2025-10-19T16:28:09+00:00\" \/>\n<meta property=\"og:image\" content=\"https:\/\/meripelastus.fi\/helsinki\/wp-content\/uploads\/sites\/21\/2019\/07\/MT-NI-4271-1.jpg\" \/>\n\t<meta property=\"og:image:width\" content=\"2048\" \/>\n\t<meta property=\"og:image:height\" content=\"1365\" \/>\n\t<meta property=\"og:image:type\" content=\"image\/jpeg\" \/>\n<meta name=\"twitter:card\" content=\"summary_large_image\" \/>\n<meta name=\"twitter:label1\" content=\"Arvioitu lukuaika\" \/>\n\t<meta name=\"twitter:data1\" content=\"1 minuutti\" \/>\n<script type=\"application\/ld+json\" class=\"yoast-schema-graph\">{\"@context\":\"https:\/\/schema.org\",\"@graph\":[{\"@type\":\"WebPage\",\"@id\":\"https:\/\/meripelastus.fi\/helsinki\/toiminta\/auta-meita-auttamaan\/\",\"url\":\"https:\/\/meripelastus.fi\/helsinki\/toiminta\/auta-meita-auttamaan\/\",\"name\":\"Tue toimintaa - Helsingin Meripelastusyhdistys\",\"isPartOf\":{\"@id\":\"https:\/\/meripelastus.fi\/helsinki\/#website\"},\"primaryImageOfPage\":{\"@id\":\"https:\/\/meripelastus.fi\/helsinki\/toiminta\/auta-meita-auttamaan\/#primaryimage\"},\"image\":{\"@id\":\"https:\/\/meripelastus.fi\/helsinki\/toiminta\/auta-meita-auttamaan\/#primaryimage\"},\"thumbnailUrl\":\"https:\/\/meripelastus.fi\/helsinki\/wp-content\/uploads\/sites\/21\/2019\/07\/MT-NI-4271-1.jpg\",\"datePublished\":\"2019-07-09T20:21:11+00:00\",\"dateModified\":\"2025-10-19T16:28:09+00:00\",\"breadcrumb\":{\"@id\":\"https:\/\/meripelastus.fi\/helsinki\/toiminta\/auta-meita-auttamaan\/#breadcrumb\"},\"inLanguage\":\"fi\",\"potentialAction\":[{\"@type\":\"ReadAction\",\"target\":[\"https:\/\/meripelastus.fi\/helsinki\/toiminta\/auta-meita-auttamaan\/\"]}]},{\"@type\":\"ImageObject\",\"inLanguage\":\"fi\",\"@id\":\"https:\/\/meripelastus.fi\/helsinki\/toiminta\/auta-meita-auttamaan\/#primaryimage\",\"url\":\"https:\/\/meripelastus.fi\/helsinki\/wp-content\/uploads\/sites\/21\/2019\/07\/MT-NI-4271-1.jpg\",\"contentUrl\":\"https:\/\/meripelastus.fi\/helsinki\/wp-content\/uploads\/sites\/21\/2019\/07\/MT-NI-4271-1.jpg\",\"width\":2048,\"height\":1365},{\"@type\":\"BreadcrumbList\",\"@id\":\"https:\/\/meripelastus.fi\/helsinki\/toiminta\/auta-meita-auttamaan\/#breadcrumb\",\"itemListElement\":[{\"@type\":\"ListItem\",\"position\":1,\"name\":\"Etusivu\",\"item\":\"https:\/\/meripelastus.fi\/helsinki\/\"},{\"@type\":\"ListItem\",\"position\":2,\"name\":\"Toiminta\",\"item\":\"https:\/\/meripelastus.fi\/helsinki\/toiminta\/\"},{\"@type\":\"ListItem\",\"position\":3,\"name\":\"Tue toimintaa\"}]},{\"@type\":\"WebSite\",\"@id\":\"https:\/\/meripelastus.fi\/helsinki\/#website\",\"url\":\"https:\/\/meripelastus.fi\/helsinki\/\",\"name\":\"Helsingin Meripelastusyhdistys\",\"description\":\"Vapaaehtoiset apunasi vesill\u00e4\",\"potentialAction\":[{\"@type\":\"SearchAction\",\"target\":{\"@type\":\"EntryPoint\",\"urlTemplate\":\"https:\/\/meripelastus.fi\/helsinki\/?s={search_term_string}\"},\"query-input\":{\"@type\":\"PropertyValueSpecification\",\"valueRequired\":true,\"valueName\":\"search_term_string\"}}],\"inLanguage\":\"fi\"}]}<\/script>\n<!-- \/ Yoast SEO Premium plugin. -->","yoast_head_json":{"title":"Tue toimintaa - Helsingin Meripelastusyhdistys","robots":{"index":"index","follow":"follow","max-snippet":"max-snippet:-1","max-image-preview":"max-image-preview:large","max-video-preview":"max-video-preview:-1"},"canonical":"https:\/\/meripelastus.fi\/helsinki\/toiminta\/auta-meita-auttamaan\/","og_locale":"fi_FI","og_type":"article","og_title":"Tue toimintaa","og_description":"Helsingin Meripelastusyhdistyksen toiminta on vapaaehtoista, mutta toiminnastamme aiheutuu kuluja. Valtaosan n\u00e4ist\u00e4 kuluista katamme j\u00e4senmaksuilla ja lahjoituksilla. Yksitt\u00e4iset ihmiset voivat liitty\u00e4 henkil\u00f6j\u00e4seniksimme tai trossij\u00e4seniksimme. Yhteis\u00f6t voivat liitty\u00e4 yhteis\u00f6j\u00e4seniksimme. Yritykset voivat liitty\u00e4 j\u00e4seniksimme tai ostaa mainoksen lehteemme. J\u00e4senlehden avulla tavoittaa runsaat 3000 aktiivista veneilyn harrastajaa p\u00e4\u00e4kaupunkiseudulla. Muita yrityksien auttamistapoja ovat esimerkiksi joulukortteihin tai -lahjoihin varattujen rahojen lahjoittaminen. [&hellip;]","og_url":"https:\/\/meripelastus.fi\/helsinki\/toiminta\/auta-meita-auttamaan\/","og_site_name":"Helsingin Meripelastusyhdistys","article_modified_time":"2025-10-19T16:28:09+00:00","og_image":[{"width":2048,"height":1365,"url":"https:\/\/meripelastus.fi\/helsinki\/wp-content\/uploads\/sites\/21\/2019\/07\/MT-NI-4271-1.jpg","type":"image\/jpeg"}],"twitter_card":"summary_large_image","twitter_misc":{"Arvioitu lukuaika":"1 minuutti"},"schema":{"@context":"https:\/\/schema.org","@graph":[{"@type":"WebPage","@id":"https:\/\/meripelastus.fi\/helsinki\/toiminta\/auta-meita-auttamaan\/","url":"https:\/\/meripelastus.fi\/helsinki\/toiminta\/auta-meita-auttamaan\/","name":"Tue toimintaa - Helsingin Meripelastusyhdistys","isPartOf":{"@id":"https:\/\/meripelastus.fi\/helsinki\/#website"},"primaryImageOfPage":{"@id":"https:\/\/meripelastus.fi\/helsinki\/toiminta\/auta-meita-auttamaan\/#primaryimage"},"image":{"@id":"https:\/\/meripelastus.fi\/helsinki\/toiminta\/auta-meita-auttamaan\/#primaryimage"},"thumbnailUrl":"https:\/\/meripelastus.fi\/helsinki\/wp-content\/uploads\/sites\/21\/2019\/07\/MT-NI-4271-1.jpg","datePublished":"2019-07-09T20:21:11+00:00","dateModified":"2025-10-19T16:28:09+00:00","breadcrumb":{"@id":"https:\/\/meripelastus.fi\/helsinki\/toiminta\/auta-meita-auttamaan\/#breadcrumb"},"inLanguage":"fi","potentialAction":[{"@type":"ReadAction","target":["https:\/\/meripelastus.fi\/helsinki\/toiminta\/auta-meita-auttamaan\/"]}]},{"@type":"ImageObject","inLanguage":"fi","@id":"https:\/\/meripelastus.fi\/helsinki\/toiminta\/auta-meita-auttamaan\/#primaryimage","url":"https:\/\/meripelastus.fi\/helsinki\/wp-content\/uploads\/sites\/21\/2019\/07\/MT-NI-4271-1.jpg","contentUrl":"https:\/\/meripelastus.fi\/helsinki\/wp-content\/uploads\/sites\/21\/2019\/07\/MT-NI-4271-1.jpg","width":2048,"height":1365},{"@type":"BreadcrumbList","@id":"https:\/\/meripelastus.fi\/helsinki\/toiminta\/auta-meita-auttamaan\/#breadcrumb","itemListElement":[{"@type":"ListItem","position":1,"name":"Etusivu","item":"https:\/\/meripelastus.fi\/helsinki\/"},{"@type":"ListItem","position":2,"name":"Toiminta","item":"https:\/\/meripelastus.fi\/helsinki\/toiminta\/"},{"@type":"ListItem","position":3,"name":"Tue toimintaa"}]},{"@type":"WebSite","@id":"https:\/\/meripelastus.fi\/helsinki\/#website","url":"https:\/\/meripelastus.fi\/helsinki\/","name":"Helsingin Meripelastusyhdistys","description":"Vapaaehtoiset apunasi vesill\u00e4","potentialAction":[{"@type":"SearchAction","target":{"@type":"EntryPoint","urlTemplate":"https:\/\/meripelastus.fi\/helsinki\/?s={search_term_string}"},"query-input":{"@type":"PropertyValueSpecification","valueRequired":true,"valueName":"search_term_string"}}],"inLanguage":"fi"}]}},"_links":{"self":[{"href":"https:\/\/meripelastus.fi\/helsinki\/wp-json\/wp\/v2\/pages\/275","targetHints":{"allow":["GET"]}}],"collection":[{"href":"https:\/\/meripelastus.fi\/helsinki\/wp-json\/wp\/v2\/pages"}],"about":[{"href":"https:\/\/meripelastus.fi\/helsinki\/wp-json\/wp\/v2\/types\/page"}],"author":[{"embeddable":true,"href":"https:\/\/meripelastus.fi\/helsinki\/wp-json\/wp\/v2\/users\/51"}],"replies":[{"embeddable":true,"href":"https:\/\/meripelastus.fi\/helsinki\/wp-json\/wp\/v2\/comments?post=275"}],"version-history":[{"count":10,"href":"https:\/\/meripelastus.fi\/helsinki\/wp-json\/wp\/v2\/pages\/275\/revisions"}],"predecessor-version":[{"id":2236,"href":"https:\/\/meripelastus.fi\/helsinki\/wp-json\/wp\/v2\/pages\/275\/revisions\/2236"}],"up":[{"embeddable":true,"href":"https:\/\/meripelastus.fi\/helsinki\/wp-json\/wp\/v2\/pages\/20"}],"wp:featuredmedia":[{"embeddable":true,"href":"https:\/\/meripelastus.fi\/helsinki\/wp-json\/wp\/v2\/media\/277"}],"wp:attachment":[{"href":"https:\/\/meripelastus.fi\/helsinki\/wp-json\/wp\/v2\/media?parent=275"}],"curies":[{"name":"wp","href":"https:\/\/api.w.org\/{rel}","templated":true}]}}