{"id":265,"date":"2019-07-09T16:30:35","date_gmt":"2019-07-09T13:30:35","guid":{"rendered":"https:\/\/meripelastus.fi\/helsinki-vedos\/?page_id=265"},"modified":"2020-01-31T13:22:55","modified_gmt":"2020-01-31T11:22:55","slug":"laajasalon-vpk","status":"publish","type":"page","link":"https:\/\/meripelastus.fi\/helsinki\/toiminta\/laajasalon-vpk\/","title":{"rendered":"Laajasalon VPK"},"content":{"rendered":"<p>Helsingin Meripelastusyhdistys tekee yhteisty\u00f6t\u00e4 Laajasalon VPK:n kanssa. Yhteistoiminnalla on pitk\u00e4t perinteet 1990-luvun alkupuolelta saakka, jolloin ajatus hy\u00f6dynt\u00e4\u00e4 yhdistysten erityisosaamista syntyi. Matosaaren meripelastusaseman sijainti on eritt\u00e4in hyv\u00e4 etenkin It\u00e4-Helsingin saariston isoja saaria, kuten Villinki\u00e4 ajatallen. Saaripalotilanteissa vapaaehtoisten meripelastajien avuksi tulevat VPK:n sammutusmiehet Matosaaren meripelastusasemaa l\u00e4hell\u00e4 olevalta Laajasalon VPK:n asemalta.<\/p>\n<p>&nbsp;<\/p>\n","protected":false},"excerpt":{"rendered":"<p>Helsingin Meripelastusyhdistys tekee yhteisty\u00f6t\u00e4 Laajasalon VPK:n kanssa. Yhteistoiminnalla on pitk\u00e4t perinteet 1990-luvun alkupuolelta saakka, jolloin ajatus hy\u00f6dynt\u00e4\u00e4 yhdistysten erityisosaamista syntyi. Matosaaren meripelastusaseman sijainti on eritt\u00e4in hyv\u00e4 etenkin It\u00e4-Helsingin saariston isoja saaria, kuten Villinki\u00e4 ajatallen. Saaripalotilanteissa vapaaehtoisten meripelastajien avuksi tulevat VPK:n sammutusmiehet Matosaaren meripelastusasemaa l\u00e4hell\u00e4 olevalta Laajasalon VPK:n asemalta. &nbsp;<\/p>\n","protected":false},"author":51,"featured_media":268,"parent":20,"menu_order":0,"comment_status":"closed","ping_status":"closed","template":"","meta":{"_acf_changed":false,"inline_featured_image":false,"footnotes":""},"class_list":["post-265","page","type-page","status-publish","has-post-thumbnail","hentry"],"acf":[],"yoast_head":"<!-- This site is optimized with the Yoast SEO Premium plugin v27.2 (Yoast SEO v27.2) - https:\/\/yoast.com\/product\/yoast-seo-premium-wordpress\/ -->\n<title>Laajasalon VPK - Helsingin Meripelastusyhdistys<\/title>\n<meta name=\"description\" content=\"Helsingin Meripelastusyhdistys Laajasalon VPK\" \/>\n<meta name=\"robots\" content=\"index, follow, max-snippet:-1, max-image-preview:large, max-video-preview:-1\" \/>\n<link rel=\"canonical\" href=\"https:\/\/meripelastus.fi\/helsinki\/toiminta\/laajasalon-vpk\/\" \/>\n<meta property=\"og:locale\" content=\"fi_FI\" \/>\n<meta property=\"og:type\" content=\"article\" \/>\n<meta property=\"og:title\" content=\"Laajasalon VPK\" \/>\n<meta property=\"og:description\" content=\"Helsingin Meripelastusyhdistys Laajasalon VPK\" \/>\n<meta property=\"og:url\" content=\"https:\/\/meripelastus.fi\/helsinki\/toiminta\/laajasalon-vpk\/\" \/>\n<meta property=\"og:site_name\" content=\"Helsingin Meripelastusyhdistys\" \/>\n<meta property=\"article:modified_time\" content=\"2020-01-31T11:22:55+00:00\" \/>\n<meta property=\"og:image\" content=\"https:\/\/meripelastus.fi\/helsinki\/wp-content\/uploads\/sites\/21\/2019\/07\/MT-0097.jpg\" \/>\n\t<meta property=\"og:image:width\" content=\"2048\" \/>\n\t<meta property=\"og:image:height\" content=\"1365\" \/>\n\t<meta property=\"og:image:type\" content=\"image\/jpeg\" \/>\n<meta name=\"twitter:card\" content=\"summary_large_image\" \/>\n<script type=\"application\/ld+json\" class=\"yoast-schema-graph\">{\"@context\":\"https:\/\/schema.org\",\"@graph\":[{\"@type\":\"WebPage\",\"@id\":\"https:\/\/meripelastus.fi\/helsinki\/toiminta\/laajasalon-vpk\/\",\"url\":\"https:\/\/meripelastus.fi\/helsinki\/toiminta\/laajasalon-vpk\/\",\"name\":\"Laajasalon VPK - Helsingin Meripelastusyhdistys\",\"isPartOf\":{\"@id\":\"https:\/\/meripelastus.fi\/helsinki\/#website\"},\"primaryImageOfPage\":{\"@id\":\"https:\/\/meripelastus.fi\/helsinki\/toiminta\/laajasalon-vpk\/#primaryimage\"},\"image\":{\"@id\":\"https:\/\/meripelastus.fi\/helsinki\/toiminta\/laajasalon-vpk\/#primaryimage\"},\"thumbnailUrl\":\"https:\/\/meripelastus.fi\/helsinki\/wp-content\/uploads\/sites\/21\/2019\/07\/MT-0097.jpg\",\"datePublished\":\"2019-07-09T13:30:35+00:00\",\"dateModified\":\"2020-01-31T11:22:55+00:00\",\"description\":\"Helsingin Meripelastusyhdistys Laajasalon VPK\",\"breadcrumb\":{\"@id\":\"https:\/\/meripelastus.fi\/helsinki\/toiminta\/laajasalon-vpk\/#breadcrumb\"},\"inLanguage\":\"fi\",\"potentialAction\":[{\"@type\":\"ReadAction\",\"target\":[\"https:\/\/meripelastus.fi\/helsinki\/toiminta\/laajasalon-vpk\/\"]}]},{\"@type\":\"ImageObject\",\"inLanguage\":\"fi\",\"@id\":\"https:\/\/meripelastus.fi\/helsinki\/toiminta\/laajasalon-vpk\/#primaryimage\",\"url\":\"https:\/\/meripelastus.fi\/helsinki\/wp-content\/uploads\/sites\/21\/2019\/07\/MT-0097.jpg\",\"contentUrl\":\"https:\/\/meripelastus.fi\/helsinki\/wp-content\/uploads\/sites\/21\/2019\/07\/MT-0097.jpg\",\"width\":2048,\"height\":1365},{\"@type\":\"BreadcrumbList\",\"@id\":\"https:\/\/meripelastus.fi\/helsinki\/toiminta\/laajasalon-vpk\/#breadcrumb\",\"itemListElement\":[{\"@type\":\"ListItem\",\"position\":1,\"name\":\"Etusivu\",\"item\":\"https:\/\/meripelastus.fi\/helsinki\/\"},{\"@type\":\"ListItem\",\"position\":2,\"name\":\"Toiminta\",\"item\":\"https:\/\/meripelastus.fi\/helsinki\/toiminta\/\"},{\"@type\":\"ListItem\",\"position\":3,\"name\":\"Laajasalon VPK\"}]},{\"@type\":\"WebSite\",\"@id\":\"https:\/\/meripelastus.fi\/helsinki\/#website\",\"url\":\"https:\/\/meripelastus.fi\/helsinki\/\",\"name\":\"Helsingin Meripelastusyhdistys\",\"description\":\"Vapaaehtoiset apunasi vesill\u00e4\",\"potentialAction\":[{\"@type\":\"SearchAction\",\"target\":{\"@type\":\"EntryPoint\",\"urlTemplate\":\"https:\/\/meripelastus.fi\/helsinki\/?s={search_term_string}\"},\"query-input\":{\"@type\":\"PropertyValueSpecification\",\"valueRequired\":true,\"valueName\":\"search_term_string\"}}],\"inLanguage\":\"fi\"}]}<\/script>\n<!-- \/ Yoast SEO Premium plugin. -->","yoast_head_json":{"title":"Laajasalon VPK - Helsingin Meripelastusyhdistys","description":"Helsingin Meripelastusyhdistys Laajasalon VPK","robots":{"index":"index","follow":"follow","max-snippet":"max-snippet:-1","max-image-preview":"max-image-preview:large","max-video-preview":"max-video-preview:-1"},"canonical":"https:\/\/meripelastus.fi\/helsinki\/toiminta\/laajasalon-vpk\/","og_locale":"fi_FI","og_type":"article","og_title":"Laajasalon VPK","og_description":"Helsingin Meripelastusyhdistys Laajasalon VPK","og_url":"https:\/\/meripelastus.fi\/helsinki\/toiminta\/laajasalon-vpk\/","og_site_name":"Helsingin Meripelastusyhdistys","article_modified_time":"2020-01-31T11:22:55+00:00","og_image":[{"width":2048,"height":1365,"url":"https:\/\/meripelastus.fi\/helsinki\/wp-content\/uploads\/sites\/21\/2019\/07\/MT-0097.jpg","type":"image\/jpeg"}],"twitter_card":"summary_large_image","schema":{"@context":"https:\/\/schema.org","@graph":[{"@type":"WebPage","@id":"https:\/\/meripelastus.fi\/helsinki\/toiminta\/laajasalon-vpk\/","url":"https:\/\/meripelastus.fi\/helsinki\/toiminta\/laajasalon-vpk\/","name":"Laajasalon VPK - Helsingin Meripelastusyhdistys","isPartOf":{"@id":"https:\/\/meripelastus.fi\/helsinki\/#website"},"primaryImageOfPage":{"@id":"https:\/\/meripelastus.fi\/helsinki\/toiminta\/laajasalon-vpk\/#primaryimage"},"image":{"@id":"https:\/\/meripelastus.fi\/helsinki\/toiminta\/laajasalon-vpk\/#primaryimage"},"thumbnailUrl":"https:\/\/meripelastus.fi\/helsinki\/wp-content\/uploads\/sites\/21\/2019\/07\/MT-0097.jpg","datePublished":"2019-07-09T13:30:35+00:00","dateModified":"2020-01-31T11:22:55+00:00","description":"Helsingin Meripelastusyhdistys Laajasalon VPK","breadcrumb":{"@id":"https:\/\/meripelastus.fi\/helsinki\/toiminta\/laajasalon-vpk\/#breadcrumb"},"inLanguage":"fi","potentialAction":[{"@type":"ReadAction","target":["https:\/\/meripelastus.fi\/helsinki\/toiminta\/laajasalon-vpk\/"]}]},{"@type":"ImageObject","inLanguage":"fi","@id":"https:\/\/meripelastus.fi\/helsinki\/toiminta\/laajasalon-vpk\/#primaryimage","url":"https:\/\/meripelastus.fi\/helsinki\/wp-content\/uploads\/sites\/21\/2019\/07\/MT-0097.jpg","contentUrl":"https:\/\/meripelastus.fi\/helsinki\/wp-content\/uploads\/sites\/21\/2019\/07\/MT-0097.jpg","width":2048,"height":1365},{"@type":"BreadcrumbList","@id":"https:\/\/meripelastus.fi\/helsinki\/toiminta\/laajasalon-vpk\/#breadcrumb","itemListElement":[{"@type":"ListItem","position":1,"name":"Etusivu","item":"https:\/\/meripelastus.fi\/helsinki\/"},{"@type":"ListItem","position":2,"name":"Toiminta","item":"https:\/\/meripelastus.fi\/helsinki\/toiminta\/"},{"@type":"ListItem","position":3,"name":"Laajasalon VPK"}]},{"@type":"WebSite","@id":"https:\/\/meripelastus.fi\/helsinki\/#website","url":"https:\/\/meripelastus.fi\/helsinki\/","name":"Helsingin Meripelastusyhdistys","description":"Vapaaehtoiset apunasi vesill\u00e4","potentialAction":[{"@type":"SearchAction","target":{"@type":"EntryPoint","urlTemplate":"https:\/\/meripelastus.fi\/helsinki\/?s={search_term_string}"},"query-input":{"@type":"PropertyValueSpecification","valueRequired":true,"valueName":"search_term_string"}}],"inLanguage":"fi"}]}},"_links":{"self":[{"href":"https:\/\/meripelastus.fi\/helsinki\/wp-json\/wp\/v2\/pages\/265","targetHints":{"allow":["GET"]}}],"collection":[{"href":"https:\/\/meripelastus.fi\/helsinki\/wp-json\/wp\/v2\/pages"}],"about":[{"href":"https:\/\/meripelastus.fi\/helsinki\/wp-json\/wp\/v2\/types\/page"}],"author":[{"embeddable":true,"href":"https:\/\/meripelastus.fi\/helsinki\/wp-json\/wp\/v2\/users\/51"}],"replies":[{"embeddable":true,"href":"https:\/\/meripelastus.fi\/helsinki\/wp-json\/wp\/v2\/comments?post=265"}],"version-history":[{"count":3,"href":"https:\/\/meripelastus.fi\/helsinki\/wp-json\/wp\/v2\/pages\/265\/revisions"}],"predecessor-version":[{"id":1383,"href":"https:\/\/meripelastus.fi\/helsinki\/wp-json\/wp\/v2\/pages\/265\/revisions\/1383"}],"up":[{"embeddable":true,"href":"https:\/\/meripelastus.fi\/helsinki\/wp-json\/wp\/v2\/pages\/20"}],"wp:featuredmedia":[{"embeddable":true,"href":"https:\/\/meripelastus.fi\/helsinki\/wp-json\/wp\/v2\/media\/268"}],"wp:attachment":[{"href":"https:\/\/meripelastus.fi\/helsinki\/wp-json\/wp\/v2\/media?parent=265"}],"curies":[{"name":"wp","href":"https:\/\/api.w.org\/{rel}","templated":true}]}}