{"id":22,"date":"2018-03-19T09:18:43","date_gmt":"2018-03-19T07:18:43","guid":{"rendered":"http:\/\/basetemplate.smpsyhdistykset.16.testivedos.com\/?page_id=22"},"modified":"2025-10-19T22:35:13","modified_gmt":"2025-10-19T19:35:13","slug":"halytysohje","status":"publish","type":"page","link":"https:\/\/meripelastus.fi\/helsinki\/toiminta\/halytysohje\/","title":{"rendered":"H\u00e4lytysohje"},"content":{"rendered":"<p><span>Meripelastuksen h\u00e4lytysnumero <strong><span>0294 1000<\/span><\/strong><\/span><\/p>\n<p><span>VHF-kanava <strong><span>16<\/span> <\/strong>\/ VHF-DSC <strong><span>70<\/span><\/strong><\/span><\/p>\n<p><span>Yleinen h\u00e4t\u00e4numero <strong><span>112<\/span><\/strong><\/span><\/p>\n<p><span>Kerro (aluksesi) nimi ja yhteystiedot<\/span><br \/>\n<span>Kerro tarkka tapahtumapaikka<\/span><br \/>\n<span>Kerro mit\u00e4 on tapahtunut<\/span><br \/>\n<span>Montako ihmist\u00e4 on vaarassa, onko loukkaantuneita?<\/span><br \/>\n<span>Kerro mit\u00e4 apua tarvitaan<\/span><br \/>\n<span><span><strong>\u00c4l\u00e4 katkaise yhteytt\u00e4<\/strong><\/span> ennen kuin saat luvan<\/span><\/p>\n<hr \/>\n<p><span>Alarmanvisning<\/span><\/p>\n<p><span>Sj\u00f6r\u00e4ddningens alarmnummer <strong><span>0294 1000<\/span><\/strong><\/span><br \/>\n<span>VHF-kanal <strong><span>16<\/span><\/strong> \/ VHF-DSC <strong><span>70<\/span><\/strong><\/span><\/p>\n<p><span>Allm\u00e4nt n\u00f6dnummer <strong><span>112<\/span><\/strong><\/span><\/p>\n<p><span>Ber\u00e4tta (fartygets) namn och kontaktuppgifter<\/span><br \/>\n<span>Ber\u00e4tta exakt var olyckan skett<\/span><br \/>\n<span>Ber\u00e4tta vad som har h\u00e4nt<\/span><br \/>\n<span>Hur m\u00e5nga m\u00e4nniskor \u00e4r i fara, finns det skadade?<\/span><br \/>\n<span>Ber\u00e4tta hurudan hj\u00e4lp det beh\u00f6vs<\/span><br \/>\n<span><span><strong>Avbryt inte kontakten<\/strong><\/span> f\u00f6rr\u00e4n du f\u00e5tt lov<\/span><\/p>\n<hr \/>\n<p><span>Emergency instructions<\/span><\/p>\n<p><span>Distress calls to the Maritime Rescue Centre<\/span><br \/>\n<span>via VHF ch <span><strong>16<\/strong><\/span> \/ VHF-DSC <span><strong>70<\/strong><\/span><\/span><br \/>\n<span>by telephone <span><strong>+358 294 1000<\/strong><\/span> (international) or <span><strong>0294 1000<\/strong><\/span> (national)<\/span><\/p>\n<p><span>Tell your (ship&#8217;s) name and contact information<\/span><br \/>\n<span>Tell your position<\/span><br \/>\n<span>Tell what has happened<\/span><br \/>\n<span>How many people are in danger, how many are injured?<\/span><br \/>\n<span>Tell what kind of help is needed<\/span><br \/>\n<span><span><strong>Do not hang up<\/strong><\/span> before you get premission to do so<\/span><\/p>\n<p>&nbsp;<\/p>\n","protected":false},"excerpt":{"rendered":"<p>Meripelastuksen h\u00e4lytysnumero 0294 1000 VHF-kanava 16 \/ VHF-DSC 70 Yleinen h\u00e4t\u00e4numero 112 Kerro (aluksesi) nimi ja yhteystiedot Kerro tarkka tapahtumapaikka Kerro mit\u00e4 on tapahtunut Montako ihmist\u00e4 on vaarassa, onko loukkaantuneita? Kerro mit\u00e4 apua tarvitaan \u00c4l\u00e4 katkaise yhteytt\u00e4 ennen kuin saat luvan Alarmanvisning Sj\u00f6r\u00e4ddningens alarmnummer 0294 1000 VHF-kanal 16 \/ VHF-DSC 70 Allm\u00e4nt n\u00f6dnummer 112 Ber\u00e4tta [&hellip;]<\/p>\n","protected":false},"author":1,"featured_media":2247,"parent":20,"menu_order":0,"comment_status":"closed","ping_status":"closed","template":"","meta":{"_acf_changed":false,"inline_featured_image":false,"footnotes":""},"class_list":["post-22","page","type-page","status-publish","has-post-thumbnail","hentry"],"acf":[],"yoast_head":"<!-- This site is optimized with the Yoast SEO Premium plugin v27.2 (Yoast SEO v27.2) - https:\/\/yoast.com\/product\/yoast-seo-premium-wordpress\/ -->\n<title>H\u00e4lytysohje - Helsingin Meripelastusyhdistys<\/title>\n<meta name=\"robots\" content=\"index, follow, max-snippet:-1, max-image-preview:large, max-video-preview:-1\" \/>\n<link rel=\"canonical\" href=\"https:\/\/meripelastus.fi\/helsinki\/toiminta\/halytysohje\/\" \/>\n<meta property=\"og:locale\" content=\"fi_FI\" \/>\n<meta property=\"og:type\" content=\"article\" \/>\n<meta property=\"og:title\" content=\"H\u00e4lytysohje\" \/>\n<meta property=\"og:description\" content=\"Meripelastuksen h\u00e4lytysnumero 0294 1000 VHF-kanava 16 \/ VHF-DSC 70 Yleinen h\u00e4t\u00e4numero 112 Kerro (aluksesi) nimi ja yhteystiedot Kerro tarkka tapahtumapaikka Kerro mit\u00e4 on tapahtunut Montako ihmist\u00e4 on vaarassa, onko loukkaantuneita? Kerro mit\u00e4 apua tarvitaan \u00c4l\u00e4 katkaise yhteytt\u00e4 ennen kuin saat luvan Alarmanvisning Sj\u00f6r\u00e4ddningens alarmnummer 0294 1000 VHF-kanal 16 \/ VHF-DSC 70 Allm\u00e4nt n\u00f6dnummer 112 Ber\u00e4tta [&hellip;]\" \/>\n<meta property=\"og:url\" content=\"https:\/\/meripelastus.fi\/helsinki\/toiminta\/halytysohje\/\" \/>\n<meta property=\"og:site_name\" content=\"Helsingin Meripelastusyhdistys\" \/>\n<meta property=\"article:modified_time\" content=\"2025-10-19T19:35:13+00:00\" \/>\n<meta property=\"og:image\" content=\"https:\/\/meripelastus.fi\/helsinki\/wp-content\/uploads\/sites\/21\/2025\/10\/SAR2021_web_HenriJuvonen_9750-1-scaled.jpg\" \/>\n\t<meta property=\"og:image:width\" content=\"2560\" \/>\n\t<meta property=\"og:image:height\" content=\"1707\" \/>\n\t<meta property=\"og:image:type\" content=\"image\/jpeg\" \/>\n<meta name=\"twitter:card\" content=\"summary_large_image\" \/>\n<meta name=\"twitter:label1\" content=\"Arvioitu lukuaika\" \/>\n\t<meta name=\"twitter:data1\" content=\"2 minuuttia\" \/>\n<script type=\"application\/ld+json\" class=\"yoast-schema-graph\">{\"@context\":\"https:\/\/schema.org\",\"@graph\":[{\"@type\":\"WebPage\",\"@id\":\"https:\/\/meripelastus.fi\/helsinki\/toiminta\/halytysohje\/\",\"url\":\"https:\/\/meripelastus.fi\/helsinki\/toiminta\/halytysohje\/\",\"name\":\"H\u00e4lytysohje - Helsingin Meripelastusyhdistys\",\"isPartOf\":{\"@id\":\"https:\/\/meripelastus.fi\/helsinki\/#website\"},\"primaryImageOfPage\":{\"@id\":\"https:\/\/meripelastus.fi\/helsinki\/toiminta\/halytysohje\/#primaryimage\"},\"image\":{\"@id\":\"https:\/\/meripelastus.fi\/helsinki\/toiminta\/halytysohje\/#primaryimage\"},\"thumbnailUrl\":\"https:\/\/meripelastus.fi\/helsinki\/wp-content\/uploads\/sites\/21\/2025\/10\/SAR2021_web_HenriJuvonen_9750-1-scaled.jpg\",\"datePublished\":\"2018-03-19T07:18:43+00:00\",\"dateModified\":\"2025-10-19T19:35:13+00:00\",\"breadcrumb\":{\"@id\":\"https:\/\/meripelastus.fi\/helsinki\/toiminta\/halytysohje\/#breadcrumb\"},\"inLanguage\":\"fi\",\"potentialAction\":[{\"@type\":\"ReadAction\",\"target\":[\"https:\/\/meripelastus.fi\/helsinki\/toiminta\/halytysohje\/\"]}]},{\"@type\":\"ImageObject\",\"inLanguage\":\"fi\",\"@id\":\"https:\/\/meripelastus.fi\/helsinki\/toiminta\/halytysohje\/#primaryimage\",\"url\":\"https:\/\/meripelastus.fi\/helsinki\/wp-content\/uploads\/sites\/21\/2025\/10\/SAR2021_web_HenriJuvonen_9750-1-scaled.jpg\",\"contentUrl\":\"https:\/\/meripelastus.fi\/helsinki\/wp-content\/uploads\/sites\/21\/2025\/10\/SAR2021_web_HenriJuvonen_9750-1-scaled.jpg\",\"width\":2560,\"height\":1707},{\"@type\":\"BreadcrumbList\",\"@id\":\"https:\/\/meripelastus.fi\/helsinki\/toiminta\/halytysohje\/#breadcrumb\",\"itemListElement\":[{\"@type\":\"ListItem\",\"position\":1,\"name\":\"Etusivu\",\"item\":\"https:\/\/meripelastus.fi\/helsinki\/\"},{\"@type\":\"ListItem\",\"position\":2,\"name\":\"Toiminta\",\"item\":\"https:\/\/meripelastus.fi\/helsinki\/toiminta\/\"},{\"@type\":\"ListItem\",\"position\":3,\"name\":\"H\u00e4lytysohje\"}]},{\"@type\":\"WebSite\",\"@id\":\"https:\/\/meripelastus.fi\/helsinki\/#website\",\"url\":\"https:\/\/meripelastus.fi\/helsinki\/\",\"name\":\"Helsingin Meripelastusyhdistys\",\"description\":\"Vapaaehtoiset apunasi vesill\u00e4\",\"potentialAction\":[{\"@type\":\"SearchAction\",\"target\":{\"@type\":\"EntryPoint\",\"urlTemplate\":\"https:\/\/meripelastus.fi\/helsinki\/?s={search_term_string}\"},\"query-input\":{\"@type\":\"PropertyValueSpecification\",\"valueRequired\":true,\"valueName\":\"search_term_string\"}}],\"inLanguage\":\"fi\"}]}<\/script>\n<!-- \/ Yoast SEO Premium plugin. -->","yoast_head_json":{"title":"H\u00e4lytysohje - Helsingin Meripelastusyhdistys","robots":{"index":"index","follow":"follow","max-snippet":"max-snippet:-1","max-image-preview":"max-image-preview:large","max-video-preview":"max-video-preview:-1"},"canonical":"https:\/\/meripelastus.fi\/helsinki\/toiminta\/halytysohje\/","og_locale":"fi_FI","og_type":"article","og_title":"H\u00e4lytysohje","og_description":"Meripelastuksen h\u00e4lytysnumero 0294 1000 VHF-kanava 16 \/ VHF-DSC 70 Yleinen h\u00e4t\u00e4numero 112 Kerro (aluksesi) nimi ja yhteystiedot Kerro tarkka tapahtumapaikka Kerro mit\u00e4 on tapahtunut Montako ihmist\u00e4 on vaarassa, onko loukkaantuneita? Kerro mit\u00e4 apua tarvitaan \u00c4l\u00e4 katkaise yhteytt\u00e4 ennen kuin saat luvan Alarmanvisning Sj\u00f6r\u00e4ddningens alarmnummer 0294 1000 VHF-kanal 16 \/ VHF-DSC 70 Allm\u00e4nt n\u00f6dnummer 112 Ber\u00e4tta [&hellip;]","og_url":"https:\/\/meripelastus.fi\/helsinki\/toiminta\/halytysohje\/","og_site_name":"Helsingin Meripelastusyhdistys","article_modified_time":"2025-10-19T19:35:13+00:00","og_image":[{"width":2560,"height":1707,"url":"https:\/\/meripelastus.fi\/helsinki\/wp-content\/uploads\/sites\/21\/2025\/10\/SAR2021_web_HenriJuvonen_9750-1-scaled.jpg","type":"image\/jpeg"}],"twitter_card":"summary_large_image","twitter_misc":{"Arvioitu lukuaika":"2 minuuttia"},"schema":{"@context":"https:\/\/schema.org","@graph":[{"@type":"WebPage","@id":"https:\/\/meripelastus.fi\/helsinki\/toiminta\/halytysohje\/","url":"https:\/\/meripelastus.fi\/helsinki\/toiminta\/halytysohje\/","name":"H\u00e4lytysohje - Helsingin Meripelastusyhdistys","isPartOf":{"@id":"https:\/\/meripelastus.fi\/helsinki\/#website"},"primaryImageOfPage":{"@id":"https:\/\/meripelastus.fi\/helsinki\/toiminta\/halytysohje\/#primaryimage"},"image":{"@id":"https:\/\/meripelastus.fi\/helsinki\/toiminta\/halytysohje\/#primaryimage"},"thumbnailUrl":"https:\/\/meripelastus.fi\/helsinki\/wp-content\/uploads\/sites\/21\/2025\/10\/SAR2021_web_HenriJuvonen_9750-1-scaled.jpg","datePublished":"2018-03-19T07:18:43+00:00","dateModified":"2025-10-19T19:35:13+00:00","breadcrumb":{"@id":"https:\/\/meripelastus.fi\/helsinki\/toiminta\/halytysohje\/#breadcrumb"},"inLanguage":"fi","potentialAction":[{"@type":"ReadAction","target":["https:\/\/meripelastus.fi\/helsinki\/toiminta\/halytysohje\/"]}]},{"@type":"ImageObject","inLanguage":"fi","@id":"https:\/\/meripelastus.fi\/helsinki\/toiminta\/halytysohje\/#primaryimage","url":"https:\/\/meripelastus.fi\/helsinki\/wp-content\/uploads\/sites\/21\/2025\/10\/SAR2021_web_HenriJuvonen_9750-1-scaled.jpg","contentUrl":"https:\/\/meripelastus.fi\/helsinki\/wp-content\/uploads\/sites\/21\/2025\/10\/SAR2021_web_HenriJuvonen_9750-1-scaled.jpg","width":2560,"height":1707},{"@type":"BreadcrumbList","@id":"https:\/\/meripelastus.fi\/helsinki\/toiminta\/halytysohje\/#breadcrumb","itemListElement":[{"@type":"ListItem","position":1,"name":"Etusivu","item":"https:\/\/meripelastus.fi\/helsinki\/"},{"@type":"ListItem","position":2,"name":"Toiminta","item":"https:\/\/meripelastus.fi\/helsinki\/toiminta\/"},{"@type":"ListItem","position":3,"name":"H\u00e4lytysohje"}]},{"@type":"WebSite","@id":"https:\/\/meripelastus.fi\/helsinki\/#website","url":"https:\/\/meripelastus.fi\/helsinki\/","name":"Helsingin Meripelastusyhdistys","description":"Vapaaehtoiset apunasi vesill\u00e4","potentialAction":[{"@type":"SearchAction","target":{"@type":"EntryPoint","urlTemplate":"https:\/\/meripelastus.fi\/helsinki\/?s={search_term_string}"},"query-input":{"@type":"PropertyValueSpecification","valueRequired":true,"valueName":"search_term_string"}}],"inLanguage":"fi"}]}},"_links":{"self":[{"href":"https:\/\/meripelastus.fi\/helsinki\/wp-json\/wp\/v2\/pages\/22","targetHints":{"allow":["GET"]}}],"collection":[{"href":"https:\/\/meripelastus.fi\/helsinki\/wp-json\/wp\/v2\/pages"}],"about":[{"href":"https:\/\/meripelastus.fi\/helsinki\/wp-json\/wp\/v2\/types\/page"}],"author":[{"embeddable":true,"href":"https:\/\/meripelastus.fi\/helsinki\/wp-json\/wp\/v2\/users\/1"}],"replies":[{"embeddable":true,"href":"https:\/\/meripelastus.fi\/helsinki\/wp-json\/wp\/v2\/comments?post=22"}],"version-history":[{"count":5,"href":"https:\/\/meripelastus.fi\/helsinki\/wp-json\/wp\/v2\/pages\/22\/revisions"}],"predecessor-version":[{"id":1350,"href":"https:\/\/meripelastus.fi\/helsinki\/wp-json\/wp\/v2\/pages\/22\/revisions\/1350"}],"up":[{"embeddable":true,"href":"https:\/\/meripelastus.fi\/helsinki\/wp-json\/wp\/v2\/pages\/20"}],"wp:featuredmedia":[{"embeddable":true,"href":"https:\/\/meripelastus.fi\/helsinki\/wp-json\/wp\/v2\/media\/2247"}],"wp:attachment":[{"href":"https:\/\/meripelastus.fi\/helsinki\/wp-json\/wp\/v2\/media?parent=22"}],"curies":[{"name":"wp","href":"https:\/\/api.w.org\/{rel}","templated":true}]}}