{"id":2199,"date":"2025-10-19T19:17:22","date_gmt":"2025-10-19T16:17:22","guid":{"rendered":"https:\/\/meripelastus.fi\/helsinki\/?page_id=2199"},"modified":"2025-10-19T19:17:22","modified_gmt":"2025-10-19T16:17:22","slug":"tukijamme","status":"publish","type":"page","link":"https:\/\/meripelastus.fi\/helsinki\/tukijamme\/","title":{"rendered":"Tukijamme"},"content":{"rendered":"\n<p>Toimintaamme tukevat useat erilaiset yritykset \/ yhteis\u00f6t ja heid\u00e4n tuella pid\u00e4mme niin vapaaehtoiset kuin kaluston h\u00e4lytysvalmiudessa.<br><br>Mik\u00e4li olette kiinnostuneita tukemaan toimintaa, tarjoamaan etuja tai olemaan mukana toiminnassa olettehan yhteydess\u00e4 <a href=\"https:\/\/meripelastus.fi\/helsinki\/organisaatio\/\">hallitukseemme<\/a>.<\/p>\n\n\n\n<div class=\"wp-block-group has-peige-background-color has-background is-layout-grid wp-container-core-group-is-layout-8bef542a wp-block-group-is-layout-grid\">\n<figure class=\"wp-block-image size-full wp-duotone-unset-1\"><img loading=\"lazy\" decoding=\"async\" width=\"213\" height=\"74\" src=\"https:\/\/meripelastus.fi\/helsinki\/wp-content\/uploads\/sites\/21\/2019\/07\/reijorautauomansaatio-logo.png\" alt=\"\" class=\"wp-image-433\"\/><\/figure>\n\n\n\n<figure class=\"wp-block-image size-full\"><img loading=\"lazy\" decoding=\"async\" width=\"486\" height=\"162\" src=\"https:\/\/meripelastus.fi\/helsinki\/wp-content\/uploads\/sites\/21\/2025\/10\/logo.png\" alt=\"\" class=\"wp-image-2207\" srcset=\"https:\/\/meripelastus.fi\/helsinki\/wp-content\/uploads\/sites\/21\/2025\/10\/logo.png 486w, https:\/\/meripelastus.fi\/helsinki\/wp-content\/uploads\/sites\/21\/2025\/10\/logo-300x100.png 300w\" sizes=\"auto, (max-width: 486px) 100vw, 486px\" \/><\/figure>\n<\/div>\n\n\n\n<h2 class=\"wp-block-heading\" id=\"h-muonitusta-tukemassa\">Muonitusta tukemassa<\/h2>\n\n\n\n<div class=\"wp-block-group has-peige-background-color has-background is-layout-grid wp-container-core-group-is-layout-a2d42deb wp-block-group-is-layout-grid\">\n<figure class=\"wp-block-image size-full wp-container-content-7039d532 wp-duotone-grayscale\"><img loading=\"lazy\" decoding=\"async\" width=\"1935\" height=\"2019\" src=\"https:\/\/meripelastus.fi\/helsinki\/wp-content\/uploads\/sites\/21\/2025\/10\/TBB_Logo_avatar.svg\" alt=\"\" class=\"wp-image-2203\"\/><\/figure>\n\n\n\n<figure class=\"wp-block-image size-full wp-duotone-grayscale\"><img loading=\"lazy\" decoding=\"async\" width=\"898\" height=\"682\" src=\"https:\/\/meripelastus.fi\/helsinki\/wp-content\/uploads\/sites\/21\/2025\/10\/etusivu_01.gif\" alt=\"\" class=\"wp-image-2204\"\/><\/figure>\n\n\n\n<figure class=\"wp-block-image size-full wp-duotone-grayscale\"><img loading=\"lazy\" decoding=\"async\" width=\"563\" height=\"563\" src=\"https:\/\/meripelastus.fi\/helsinki\/wp-content\/uploads\/sites\/21\/2025\/10\/LogoMFprofileWhite.png\" alt=\"\" class=\"wp-image-2205\" srcset=\"https:\/\/meripelastus.fi\/helsinki\/wp-content\/uploads\/sites\/21\/2025\/10\/LogoMFprofileWhite.png 563w, https:\/\/meripelastus.fi\/helsinki\/wp-content\/uploads\/sites\/21\/2025\/10\/LogoMFprofileWhite-300x300.png 300w, https:\/\/meripelastus.fi\/helsinki\/wp-content\/uploads\/sites\/21\/2025\/10\/LogoMFprofileWhite-150x150.png 150w, https:\/\/meripelastus.fi\/helsinki\/wp-content\/uploads\/sites\/21\/2025\/10\/LogoMFprofileWhite-160x160.png 160w\" sizes=\"auto, (max-width: 563px) 100vw, 563px\" \/><\/figure>\n\n\n\n<figure class=\"wp-block-image size-full wp-duotone-grayscale\"><img loading=\"lazy\" decoding=\"async\" width=\"200\" height=\"200\" src=\"https:\/\/meripelastus.fi\/helsinki\/wp-content\/uploads\/sites\/21\/2025\/10\/iisi_vallisaari_logo.jpeg\" alt=\"\" class=\"wp-image-2208\" srcset=\"https:\/\/meripelastus.fi\/helsinki\/wp-content\/uploads\/sites\/21\/2025\/10\/iisi_vallisaari_logo.jpeg 200w, https:\/\/meripelastus.fi\/helsinki\/wp-content\/uploads\/sites\/21\/2025\/10\/iisi_vallisaari_logo-150x150.jpeg 150w, https:\/\/meripelastus.fi\/helsinki\/wp-content\/uploads\/sites\/21\/2025\/10\/iisi_vallisaari_logo-160x160.jpeg 160w\" sizes=\"auto, (max-width: 200px) 100vw, 200px\" \/><\/figure>\n\n\n\n<figure class=\"wp-block-image size-full wp-duotone-grayscale\"><img loading=\"lazy\" decoding=\"async\" width=\"774\" height=\"362\" src=\"https:\/\/meripelastus.fi\/helsinki\/wp-content\/uploads\/sites\/21\/2025\/10\/Nayttokuva-2025-10-19-kello-18.53.27.png\" alt=\"\" class=\"wp-image-2209\" srcset=\"https:\/\/meripelastus.fi\/helsinki\/wp-content\/uploads\/sites\/21\/2025\/10\/Nayttokuva-2025-10-19-kello-18.53.27.png 774w, https:\/\/meripelastus.fi\/helsinki\/wp-content\/uploads\/sites\/21\/2025\/10\/Nayttokuva-2025-10-19-kello-18.53.27-300x140.png 300w, https:\/\/meripelastus.fi\/helsinki\/wp-content\/uploads\/sites\/21\/2025\/10\/Nayttokuva-2025-10-19-kello-18.53.27-768x359.png 768w\" sizes=\"auto, (max-width: 774px) 100vw, 774px\" \/><\/figure>\n\n\n\n<figure class=\"wp-block-image size-full wp-duotone-grayscale\"><img loading=\"lazy\" decoding=\"async\" width=\"945\" height=\"799\" src=\"https:\/\/meripelastus.fi\/helsinki\/wp-content\/uploads\/sites\/21\/2025\/10\/Niska_logo_bara-text-01.png\" alt=\"\" class=\"wp-image-2213\" srcset=\"https:\/\/meripelastus.fi\/helsinki\/wp-content\/uploads\/sites\/21\/2025\/10\/Niska_logo_bara-text-01.png 945w, https:\/\/meripelastus.fi\/helsinki\/wp-content\/uploads\/sites\/21\/2025\/10\/Niska_logo_bara-text-01-300x254.png 300w, https:\/\/meripelastus.fi\/helsinki\/wp-content\/uploads\/sites\/21\/2025\/10\/Niska_logo_bara-text-01-768x649.png 768w\" sizes=\"auto, (max-width: 945px) 100vw, 945px\" \/><\/figure>\n\n\n\n<figure class=\"wp-block-image size-full wp-duotone-grayscale\"><img loading=\"lazy\" decoding=\"async\" width=\"225\" height=\"225\" src=\"https:\/\/meripelastus.fi\/helsinki\/wp-content\/uploads\/sites\/21\/2025\/10\/images-2.jpeg\" alt=\"\" class=\"wp-image-2216\" srcset=\"https:\/\/meripelastus.fi\/helsinki\/wp-content\/uploads\/sites\/21\/2025\/10\/images-2.jpeg 225w, https:\/\/meripelastus.fi\/helsinki\/wp-content\/uploads\/sites\/21\/2025\/10\/images-2-150x150.jpeg 150w, https:\/\/meripelastus.fi\/helsinki\/wp-content\/uploads\/sites\/21\/2025\/10\/images-2-160x160.jpeg 160w\" sizes=\"auto, (max-width: 225px) 100vw, 225px\" \/><\/figure>\n\n\n\n<figure class=\"wp-block-image size-full wp-duotone-dark-grayscale\"><img loading=\"lazy\" decoding=\"async\" width=\"175\" height=\"68\" src=\"https:\/\/meripelastus.fi\/helsinki\/wp-content\/uploads\/sites\/21\/2025\/10\/Valimo-print-logo-basic.avif\" alt=\"\" class=\"wp-image-2218\"\/><\/figure>\n\n\n\n<figure class=\"wp-block-image size-large wp-duotone-grayscale\"><img loading=\"lazy\" decoding=\"async\" width=\"1024\" height=\"1024\" src=\"https:\/\/meripelastus.fi\/helsinki\/wp-content\/uploads\/sites\/21\/2025\/10\/67332f87f45db57ef600be7b-1024x1024.jpg\" alt=\"\" class=\"wp-image-2210\" srcset=\"https:\/\/meripelastus.fi\/helsinki\/wp-content\/uploads\/sites\/21\/2025\/10\/67332f87f45db57ef600be7b-1024x1024.jpg 1024w, https:\/\/meripelastus.fi\/helsinki\/wp-content\/uploads\/sites\/21\/2025\/10\/67332f87f45db57ef600be7b-300x300.jpg 300w, https:\/\/meripelastus.fi\/helsinki\/wp-content\/uploads\/sites\/21\/2025\/10\/67332f87f45db57ef600be7b-150x150.jpg 150w, https:\/\/meripelastus.fi\/helsinki\/wp-content\/uploads\/sites\/21\/2025\/10\/67332f87f45db57ef600be7b-768x768.jpg 768w, https:\/\/meripelastus.fi\/helsinki\/wp-content\/uploads\/sites\/21\/2025\/10\/67332f87f45db57ef600be7b-160x160.jpg 160w, https:\/\/meripelastus.fi\/helsinki\/wp-content\/uploads\/sites\/21\/2025\/10\/67332f87f45db57ef600be7b.avif 1200w\" sizes=\"auto, (max-width: 1024px) 100vw, 1024px\" \/><\/figure>\n\n\n\n<figure class=\"wp-block-image size-full wp-duotone-grayscale\"><img loading=\"lazy\" decoding=\"async\" width=\"354\" height=\"376\" src=\"https:\/\/meripelastus.fi\/helsinki\/wp-content\/uploads\/sites\/21\/2025\/10\/Blue_Peter-logo.png\" alt=\"\" class=\"wp-image-2215\" srcset=\"https:\/\/meripelastus.fi\/helsinki\/wp-content\/uploads\/sites\/21\/2025\/10\/Blue_Peter-logo.png 354w, https:\/\/meripelastus.fi\/helsinki\/wp-content\/uploads\/sites\/21\/2025\/10\/Blue_Peter-logo-282x300.png 282w\" sizes=\"auto, (max-width: 354px) 100vw, 354px\" \/><\/figure>\n\n\n\n<figure class=\"wp-block-image size-large wp-duotone-dark-grayscale\"><img loading=\"lazy\" decoding=\"async\" width=\"1024\" height=\"632\" src=\"https:\/\/meripelastus.fi\/helsinki\/wp-content\/uploads\/sites\/21\/2025\/10\/Kobben_desktop-1024x632.png\" alt=\"\" class=\"wp-image-2219\" srcset=\"https:\/\/meripelastus.fi\/helsinki\/wp-content\/uploads\/sites\/21\/2025\/10\/Kobben_desktop-1024x632.png 1024w, https:\/\/meripelastus.fi\/helsinki\/wp-content\/uploads\/sites\/21\/2025\/10\/Kobben_desktop-300x185.png 300w, https:\/\/meripelastus.fi\/helsinki\/wp-content\/uploads\/sites\/21\/2025\/10\/Kobben_desktop-768x474.png 768w, https:\/\/meripelastus.fi\/helsinki\/wp-content\/uploads\/sites\/21\/2025\/10\/Kobben_desktop.png 1385w\" sizes=\"auto, (max-width: 1024px) 100vw, 1024px\" \/><\/figure>\n\n\n\n<figure class=\"wp-block-image size-full wp-duotone-grayscale\"><img loading=\"lazy\" decoding=\"async\" width=\"256\" height=\"256\" src=\"https:\/\/meripelastus.fi\/helsinki\/wp-content\/uploads\/sites\/21\/2025\/10\/gk-Ymd-1.png\" alt=\"\" class=\"wp-image-2223\" srcset=\"https:\/\/meripelastus.fi\/helsinki\/wp-content\/uploads\/sites\/21\/2025\/10\/gk-Ymd-1.png 256w, https:\/\/meripelastus.fi\/helsinki\/wp-content\/uploads\/sites\/21\/2025\/10\/gk-Ymd-1-150x150.png 150w, https:\/\/meripelastus.fi\/helsinki\/wp-content\/uploads\/sites\/21\/2025\/10\/gk-Ymd-1-160x160.png 160w\" sizes=\"auto, (max-width: 256px) 100vw, 256px\" \/><\/figure>\n\n\n\n<figure class=\"wp-block-image size-full wp-duotone-grayscale\"><img loading=\"lazy\" decoding=\"async\" width=\"754\" height=\"754\" src=\"https:\/\/meripelastus.fi\/helsinki\/wp-content\/uploads\/sites\/21\/2025\/10\/305284444_562408342399467_8638485901132489664_n.jpg\" alt=\"\" class=\"wp-image-2224\" srcset=\"https:\/\/meripelastus.fi\/helsinki\/wp-content\/uploads\/sites\/21\/2025\/10\/305284444_562408342399467_8638485901132489664_n.jpg 754w, https:\/\/meripelastus.fi\/helsinki\/wp-content\/uploads\/sites\/21\/2025\/10\/305284444_562408342399467_8638485901132489664_n-300x300.jpg 300w, https:\/\/meripelastus.fi\/helsinki\/wp-content\/uploads\/sites\/21\/2025\/10\/305284444_562408342399467_8638485901132489664_n-150x150.jpg 150w, https:\/\/meripelastus.fi\/helsinki\/wp-content\/uploads\/sites\/21\/2025\/10\/305284444_562408342399467_8638485901132489664_n-160x160.jpg 160w\" sizes=\"auto, (max-width: 754px) 100vw, 754px\" \/><\/figure>\n\n\n\n<figure class=\"wp-block-image size-full wp-container-content-7039d532 wp-duotone-grayscale\"><img loading=\"lazy\" decoding=\"async\" width=\"340\" height=\"156\" src=\"https:\/\/meripelastus.fi\/helsinki\/wp-content\/uploads\/sites\/21\/2025\/10\/logo_kampela2.png\" alt=\"\" class=\"wp-image-2226\" style=\"object-fit:cover\" srcset=\"https:\/\/meripelastus.fi\/helsinki\/wp-content\/uploads\/sites\/21\/2025\/10\/logo_kampela2.png 340w, https:\/\/meripelastus.fi\/helsinki\/wp-content\/uploads\/sites\/21\/2025\/10\/logo_kampela2-300x138.png 300w\" sizes=\"auto, (max-width: 340px) 100vw, 340px\" \/><\/figure>\n<\/div>\n\n\n\n<p><\/p>\n","protected":false},"excerpt":{"rendered":"<p>Toimintaamme tukevat useat erilaiset yritykset \/ yhteis\u00f6t ja heid\u00e4n tuella pid\u00e4mme niin vapaaehtoiset kuin kaluston h\u00e4lytysvalmiudessa. Mik\u00e4li olette kiinnostuneita tukemaan toimintaa, tarjoamaan etuja tai olemaan mukana toiminnassa olettehan yhteydess\u00e4 hallitukseemme. Muonitusta tukemassa<\/p>\n","protected":false},"author":108,"featured_media":0,"parent":0,"menu_order":0,"comment_status":"closed","ping_status":"closed","template":"","meta":{"_acf_changed":false,"inline_featured_image":false,"footnotes":""},"class_list":["post-2199","page","type-page","status-publish","hentry"],"acf":[],"yoast_head":"<!-- This site is optimized with the Yoast SEO Premium plugin v27.2 (Yoast SEO v27.2) - https:\/\/yoast.com\/product\/yoast-seo-premium-wordpress\/ -->\n<title>Tukijamme - Helsingin Meripelastusyhdistys<\/title>\n<meta name=\"robots\" content=\"index, follow, max-snippet:-1, max-image-preview:large, max-video-preview:-1\" \/>\n<link rel=\"canonical\" href=\"https:\/\/meripelastus.fi\/helsinki\/tukijamme\/\" \/>\n<meta property=\"og:locale\" content=\"fi_FI\" \/>\n<meta property=\"og:type\" content=\"article\" \/>\n<meta property=\"og:title\" content=\"Tukijamme\" \/>\n<meta property=\"og:description\" content=\"Toimintaamme tukevat useat erilaiset yritykset \/ yhteis\u00f6t ja heid\u00e4n tuella pid\u00e4mme niin vapaaehtoiset kuin kaluston h\u00e4lytysvalmiudessa. Mik\u00e4li olette kiinnostuneita tukemaan toimintaa, tarjoamaan etuja tai olemaan mukana toiminnassa olettehan yhteydess\u00e4 hallitukseemme. Muonitusta tukemassa\" \/>\n<meta property=\"og:url\" content=\"https:\/\/meripelastus.fi\/helsinki\/tukijamme\/\" \/>\n<meta property=\"og:site_name\" content=\"Helsingin Meripelastusyhdistys\" \/>\n<meta property=\"og:image\" content=\"https:\/\/meripelastus.fi\/helsinki\/wp-content\/uploads\/sites\/21\/2019\/07\/reijorautauomansaatio-logo.png\" \/>\n\t<meta property=\"og:image:width\" content=\"213\" \/>\n\t<meta property=\"og:image:height\" content=\"74\" \/>\n\t<meta property=\"og:image:type\" content=\"image\/png\" \/>\n<meta name=\"twitter:card\" content=\"summary_large_image\" \/>\n<meta name=\"twitter:label1\" content=\"Arvioitu lukuaika\" \/>\n\t<meta name=\"twitter:data1\" content=\"4 minuuttia\" \/>\n<script type=\"application\/ld+json\" class=\"yoast-schema-graph\">{\"@context\":\"https:\/\/schema.org\",\"@graph\":[{\"@type\":\"WebPage\",\"@id\":\"https:\/\/meripelastus.fi\/helsinki\/tukijamme\/\",\"url\":\"https:\/\/meripelastus.fi\/helsinki\/tukijamme\/\",\"name\":\"Tukijamme - Helsingin Meripelastusyhdistys\",\"isPartOf\":{\"@id\":\"https:\/\/meripelastus.fi\/helsinki\/#website\"},\"primaryImageOfPage\":{\"@id\":\"https:\/\/meripelastus.fi\/helsinki\/tukijamme\/#primaryimage\"},\"image\":{\"@id\":\"https:\/\/meripelastus.fi\/helsinki\/tukijamme\/#primaryimage\"},\"thumbnailUrl\":\"https:\/\/meripelastus.fi\/helsinki\/wp-content\/uploads\/sites\/21\/2019\/07\/reijorautauomansaatio-logo.png\",\"datePublished\":\"2025-10-19T16:17:22+00:00\",\"breadcrumb\":{\"@id\":\"https:\/\/meripelastus.fi\/helsinki\/tukijamme\/#breadcrumb\"},\"inLanguage\":\"fi\",\"potentialAction\":[{\"@type\":\"ReadAction\",\"target\":[\"https:\/\/meripelastus.fi\/helsinki\/tukijamme\/\"]}]},{\"@type\":\"ImageObject\",\"inLanguage\":\"fi\",\"@id\":\"https:\/\/meripelastus.fi\/helsinki\/tukijamme\/#primaryimage\",\"url\":\"https:\/\/meripelastus.fi\/helsinki\/wp-content\/uploads\/sites\/21\/2019\/07\/reijorautauomansaatio-logo.png\",\"contentUrl\":\"https:\/\/meripelastus.fi\/helsinki\/wp-content\/uploads\/sites\/21\/2019\/07\/reijorautauomansaatio-logo.png\",\"width\":213,\"height\":74},{\"@type\":\"BreadcrumbList\",\"@id\":\"https:\/\/meripelastus.fi\/helsinki\/tukijamme\/#breadcrumb\",\"itemListElement\":[{\"@type\":\"ListItem\",\"position\":1,\"name\":\"Etusivu\",\"item\":\"https:\/\/meripelastus.fi\/helsinki\/\"},{\"@type\":\"ListItem\",\"position\":2,\"name\":\"Tukijamme\"}]},{\"@type\":\"WebSite\",\"@id\":\"https:\/\/meripelastus.fi\/helsinki\/#website\",\"url\":\"https:\/\/meripelastus.fi\/helsinki\/\",\"name\":\"Helsingin Meripelastusyhdistys\",\"description\":\"Vapaaehtoiset apunasi vesill\u00e4\",\"potentialAction\":[{\"@type\":\"SearchAction\",\"target\":{\"@type\":\"EntryPoint\",\"urlTemplate\":\"https:\/\/meripelastus.fi\/helsinki\/?s={search_term_string}\"},\"query-input\":{\"@type\":\"PropertyValueSpecification\",\"valueRequired\":true,\"valueName\":\"search_term_string\"}}],\"inLanguage\":\"fi\"}]}<\/script>\n<!-- \/ Yoast SEO Premium plugin. -->","yoast_head_json":{"title":"Tukijamme - Helsingin Meripelastusyhdistys","robots":{"index":"index","follow":"follow","max-snippet":"max-snippet:-1","max-image-preview":"max-image-preview:large","max-video-preview":"max-video-preview:-1"},"canonical":"https:\/\/meripelastus.fi\/helsinki\/tukijamme\/","og_locale":"fi_FI","og_type":"article","og_title":"Tukijamme","og_description":"Toimintaamme tukevat useat erilaiset yritykset \/ yhteis\u00f6t ja heid\u00e4n tuella pid\u00e4mme niin vapaaehtoiset kuin kaluston h\u00e4lytysvalmiudessa. Mik\u00e4li olette kiinnostuneita tukemaan toimintaa, tarjoamaan etuja tai olemaan mukana toiminnassa olettehan yhteydess\u00e4 hallitukseemme. Muonitusta tukemassa","og_url":"https:\/\/meripelastus.fi\/helsinki\/tukijamme\/","og_site_name":"Helsingin Meripelastusyhdistys","og_image":[{"width":213,"height":74,"url":"https:\/\/meripelastus.fi\/helsinki\/wp-content\/uploads\/sites\/21\/2019\/07\/reijorautauomansaatio-logo.png","type":"image\/png"}],"twitter_card":"summary_large_image","twitter_misc":{"Arvioitu lukuaika":"4 minuuttia"},"schema":{"@context":"https:\/\/schema.org","@graph":[{"@type":"WebPage","@id":"https:\/\/meripelastus.fi\/helsinki\/tukijamme\/","url":"https:\/\/meripelastus.fi\/helsinki\/tukijamme\/","name":"Tukijamme - Helsingin Meripelastusyhdistys","isPartOf":{"@id":"https:\/\/meripelastus.fi\/helsinki\/#website"},"primaryImageOfPage":{"@id":"https:\/\/meripelastus.fi\/helsinki\/tukijamme\/#primaryimage"},"image":{"@id":"https:\/\/meripelastus.fi\/helsinki\/tukijamme\/#primaryimage"},"thumbnailUrl":"https:\/\/meripelastus.fi\/helsinki\/wp-content\/uploads\/sites\/21\/2019\/07\/reijorautauomansaatio-logo.png","datePublished":"2025-10-19T16:17:22+00:00","breadcrumb":{"@id":"https:\/\/meripelastus.fi\/helsinki\/tukijamme\/#breadcrumb"},"inLanguage":"fi","potentialAction":[{"@type":"ReadAction","target":["https:\/\/meripelastus.fi\/helsinki\/tukijamme\/"]}]},{"@type":"ImageObject","inLanguage":"fi","@id":"https:\/\/meripelastus.fi\/helsinki\/tukijamme\/#primaryimage","url":"https:\/\/meripelastus.fi\/helsinki\/wp-content\/uploads\/sites\/21\/2019\/07\/reijorautauomansaatio-logo.png","contentUrl":"https:\/\/meripelastus.fi\/helsinki\/wp-content\/uploads\/sites\/21\/2019\/07\/reijorautauomansaatio-logo.png","width":213,"height":74},{"@type":"BreadcrumbList","@id":"https:\/\/meripelastus.fi\/helsinki\/tukijamme\/#breadcrumb","itemListElement":[{"@type":"ListItem","position":1,"name":"Etusivu","item":"https:\/\/meripelastus.fi\/helsinki\/"},{"@type":"ListItem","position":2,"name":"Tukijamme"}]},{"@type":"WebSite","@id":"https:\/\/meripelastus.fi\/helsinki\/#website","url":"https:\/\/meripelastus.fi\/helsinki\/","name":"Helsingin Meripelastusyhdistys","description":"Vapaaehtoiset apunasi vesill\u00e4","potentialAction":[{"@type":"SearchAction","target":{"@type":"EntryPoint","urlTemplate":"https:\/\/meripelastus.fi\/helsinki\/?s={search_term_string}"},"query-input":{"@type":"PropertyValueSpecification","valueRequired":true,"valueName":"search_term_string"}}],"inLanguage":"fi"}]}},"_links":{"self":[{"href":"https:\/\/meripelastus.fi\/helsinki\/wp-json\/wp\/v2\/pages\/2199","targetHints":{"allow":["GET"]}}],"collection":[{"href":"https:\/\/meripelastus.fi\/helsinki\/wp-json\/wp\/v2\/pages"}],"about":[{"href":"https:\/\/meripelastus.fi\/helsinki\/wp-json\/wp\/v2\/types\/page"}],"author":[{"embeddable":true,"href":"https:\/\/meripelastus.fi\/helsinki\/wp-json\/wp\/v2\/users\/108"}],"replies":[{"embeddable":true,"href":"https:\/\/meripelastus.fi\/helsinki\/wp-json\/wp\/v2\/comments?post=2199"}],"version-history":[{"count":12,"href":"https:\/\/meripelastus.fi\/helsinki\/wp-json\/wp\/v2\/pages\/2199\/revisions"}],"predecessor-version":[{"id":2228,"href":"https:\/\/meripelastus.fi\/helsinki\/wp-json\/wp\/v2\/pages\/2199\/revisions\/2228"}],"wp:attachment":[{"href":"https:\/\/meripelastus.fi\/helsinki\/wp-json\/wp\/v2\/media?parent=2199"}],"curies":[{"name":"wp","href":"https:\/\/api.w.org\/{rel}","templated":true}]}}