{"id":201,"date":"2019-07-06T22:03:42","date_gmt":"2019-07-06T19:03:42","guid":{"rendered":"https:\/\/meripelastus.fi\/helsinki-vedos\/?page_id=201"},"modified":"2019-07-14T12:56:39","modified_gmt":"2019-07-14T09:56:39","slug":"meripelastusseura","status":"publish","type":"page","link":"https:\/\/meripelastus.fi\/helsinki\/meripelastusseura\/","title":{"rendered":"Meripelastusseura"},"content":{"rendered":"<p>Meripelastusseuran sivulle p\u00e4\u00e4set oheisesta linkist\u00e4.<\/p>\n","protected":false},"excerpt":{"rendered":"<p>Meripelastusseuran sivulle p\u00e4\u00e4set oheisesta linkist\u00e4.<\/p>\n","protected":false},"author":51,"featured_media":0,"parent":0,"menu_order":0,"comment_status":"closed","ping_status":"closed","template":"","meta":{"_acf_changed":false,"inline_featured_image":false,"footnotes":""},"class_list":["post-201","page","type-page","status-publish","hentry"],"acf":[],"yoast_head":"<!-- This site is optimized with the Yoast SEO Premium plugin v27.4 (Yoast SEO v27.4) - https:\/\/yoast.com\/product\/yoast-seo-premium-wordpress\/ -->\n<title>Meripelastusseura - Helsingin Meripelastusyhdistys<\/title>\n<meta name=\"description\" content=\"P\u00e4\u00e4set Meripelastusseuran sivulle oheisesta linkist\u00e4\" \/>\n<meta name=\"robots\" content=\"index, follow, max-snippet:-1, max-image-preview:large, max-video-preview:-1\" \/>\n<link rel=\"canonical\" href=\"https:\/\/meripelastus.fi\/helsinki\/meripelastusseura\/\" \/>\n<meta property=\"og:locale\" content=\"fi_FI\" \/>\n<meta property=\"og:type\" content=\"article\" \/>\n<meta property=\"og:title\" content=\"Meripelastusseura\" \/>\n<meta property=\"og:description\" content=\"P\u00e4\u00e4set Meripelastusseuran sivulle oheisesta linkist\u00e4\" \/>\n<meta property=\"og:url\" content=\"https:\/\/meripelastus.fi\/helsinki\/meripelastusseura\/\" \/>\n<meta property=\"og:site_name\" content=\"Helsingin Meripelastusyhdistys\" \/>\n<meta property=\"article:modified_time\" content=\"2019-07-14T09:56:39+00:00\" \/>\n<meta name=\"twitter:card\" content=\"summary_large_image\" \/>\n<script type=\"application\/ld+json\" class=\"yoast-schema-graph\">{\"@context\":\"https:\\\/\\\/schema.org\",\"@graph\":[{\"@type\":\"WebPage\",\"@id\":\"https:\\\/\\\/meripelastus.fi\\\/helsinki\\\/meripelastusseura\\\/\",\"url\":\"https:\\\/\\\/meripelastus.fi\\\/helsinki\\\/meripelastusseura\\\/\",\"name\":\"Meripelastusseura - Helsingin Meripelastusyhdistys\",\"isPartOf\":{\"@id\":\"https:\\\/\\\/meripelastus.fi\\\/helsinki\\\/#website\"},\"datePublished\":\"2019-07-06T19:03:42+00:00\",\"dateModified\":\"2019-07-14T09:56:39+00:00\",\"description\":\"P\u00e4\u00e4set Meripelastusseuran sivulle oheisesta linkist\u00e4\",\"breadcrumb\":{\"@id\":\"https:\\\/\\\/meripelastus.fi\\\/helsinki\\\/meripelastusseura\\\/#breadcrumb\"},\"inLanguage\":\"fi\",\"potentialAction\":[{\"@type\":\"ReadAction\",\"target\":[\"https:\\\/\\\/meripelastus.fi\\\/helsinki\\\/meripelastusseura\\\/\"]}]},{\"@type\":\"BreadcrumbList\",\"@id\":\"https:\\\/\\\/meripelastus.fi\\\/helsinki\\\/meripelastusseura\\\/#breadcrumb\",\"itemListElement\":[{\"@type\":\"ListItem\",\"position\":1,\"name\":\"Etusivu\",\"item\":\"https:\\\/\\\/meripelastus.fi\\\/helsinki\\\/\"},{\"@type\":\"ListItem\",\"position\":2,\"name\":\"Meripelastusseura\"}]},{\"@type\":\"WebSite\",\"@id\":\"https:\\\/\\\/meripelastus.fi\\\/helsinki\\\/#website\",\"url\":\"https:\\\/\\\/meripelastus.fi\\\/helsinki\\\/\",\"name\":\"Helsingin Meripelastusyhdistys\",\"description\":\"Vapaaehtoiset apunasi vesill\u00e4\",\"potentialAction\":[{\"@type\":\"SearchAction\",\"target\":{\"@type\":\"EntryPoint\",\"urlTemplate\":\"https:\\\/\\\/meripelastus.fi\\\/helsinki\\\/?s={search_term_string}\"},\"query-input\":{\"@type\":\"PropertyValueSpecification\",\"valueRequired\":true,\"valueName\":\"search_term_string\"}}],\"inLanguage\":\"fi\"}]}<\/script>\n<!-- \/ Yoast SEO Premium plugin. -->","yoast_head_json":{"title":"Meripelastusseura - Helsingin Meripelastusyhdistys","description":"P\u00e4\u00e4set Meripelastusseuran sivulle oheisesta linkist\u00e4","robots":{"index":"index","follow":"follow","max-snippet":"max-snippet:-1","max-image-preview":"max-image-preview:large","max-video-preview":"max-video-preview:-1"},"canonical":"https:\/\/meripelastus.fi\/helsinki\/meripelastusseura\/","og_locale":"fi_FI","og_type":"article","og_title":"Meripelastusseura","og_description":"P\u00e4\u00e4set Meripelastusseuran sivulle oheisesta linkist\u00e4","og_url":"https:\/\/meripelastus.fi\/helsinki\/meripelastusseura\/","og_site_name":"Helsingin Meripelastusyhdistys","article_modified_time":"2019-07-14T09:56:39+00:00","twitter_card":"summary_large_image","schema":{"@context":"https:\/\/schema.org","@graph":[{"@type":"WebPage","@id":"https:\/\/meripelastus.fi\/helsinki\/meripelastusseura\/","url":"https:\/\/meripelastus.fi\/helsinki\/meripelastusseura\/","name":"Meripelastusseura - Helsingin Meripelastusyhdistys","isPartOf":{"@id":"https:\/\/meripelastus.fi\/helsinki\/#website"},"datePublished":"2019-07-06T19:03:42+00:00","dateModified":"2019-07-14T09:56:39+00:00","description":"P\u00e4\u00e4set Meripelastusseuran sivulle oheisesta linkist\u00e4","breadcrumb":{"@id":"https:\/\/meripelastus.fi\/helsinki\/meripelastusseura\/#breadcrumb"},"inLanguage":"fi","potentialAction":[{"@type":"ReadAction","target":["https:\/\/meripelastus.fi\/helsinki\/meripelastusseura\/"]}]},{"@type":"BreadcrumbList","@id":"https:\/\/meripelastus.fi\/helsinki\/meripelastusseura\/#breadcrumb","itemListElement":[{"@type":"ListItem","position":1,"name":"Etusivu","item":"https:\/\/meripelastus.fi\/helsinki\/"},{"@type":"ListItem","position":2,"name":"Meripelastusseura"}]},{"@type":"WebSite","@id":"https:\/\/meripelastus.fi\/helsinki\/#website","url":"https:\/\/meripelastus.fi\/helsinki\/","name":"Helsingin Meripelastusyhdistys","description":"Vapaaehtoiset apunasi vesill\u00e4","potentialAction":[{"@type":"SearchAction","target":{"@type":"EntryPoint","urlTemplate":"https:\/\/meripelastus.fi\/helsinki\/?s={search_term_string}"},"query-input":{"@type":"PropertyValueSpecification","valueRequired":true,"valueName":"search_term_string"}}],"inLanguage":"fi"}]}},"_links":{"self":[{"href":"https:\/\/meripelastus.fi\/helsinki\/wp-json\/wp\/v2\/pages\/201","targetHints":{"allow":["GET"]}}],"collection":[{"href":"https:\/\/meripelastus.fi\/helsinki\/wp-json\/wp\/v2\/pages"}],"about":[{"href":"https:\/\/meripelastus.fi\/helsinki\/wp-json\/wp\/v2\/types\/page"}],"author":[{"embeddable":true,"href":"https:\/\/meripelastus.fi\/helsinki\/wp-json\/wp\/v2\/users\/51"}],"replies":[{"embeddable":true,"href":"https:\/\/meripelastus.fi\/helsinki\/wp-json\/wp\/v2\/comments?post=201"}],"version-history":[{"count":2,"href":"https:\/\/meripelastus.fi\/helsinki\/wp-json\/wp\/v2\/pages\/201\/revisions"}],"predecessor-version":[{"id":527,"href":"https:\/\/meripelastus.fi\/helsinki\/wp-json\/wp\/v2\/pages\/201\/revisions\/527"}],"wp:attachment":[{"href":"https:\/\/meripelastus.fi\/helsinki\/wp-json\/wp\/v2\/media?parent=201"}],"curies":[{"name":"wp","href":"https:\/\/api.w.org\/{rel}","templated":true}]}}